{"id":9801,"date":"2019-09-25T13:24:38","date_gmt":"2019-09-25T11:24:38","guid":{"rendered":"https:\/\/brookskiado.hu\/?post_type=product&#038;p=9801"},"modified":"2026-02-15T12:44:54","modified_gmt":"2026-02-15T11:44:54","slug":"duncan-shelley-a-bosszu-mestere","status":"publish","type":"product","link":"https:\/\/duncanshelley.com\/en\/product\/duncan-shelley-a-bosszu-mestere\/","title":{"rendered":"Duncan Shelley: A bossz\u00fa mestere (\u00faj kiad\u00e1s)"},"content":{"rendered":"<p>A bossz\u00fa mestere alaposan meg\u00fajult (k\u00edv\u00fclr\u0151l \u00e9s bel\u00fclr\u0151l egyar\u00e1nt). Hogy pontosan miben \u00e9s mi\u00e9rt, arr\u00f3l \u00edr maga a szerz\u0151, Duncan Shelley:<\/p>\n<p>3. jelent\u0151sen m\u00f3dos\u00edtott kiad\u00e1s.<\/p>\n<p>A Leszboszi C\u00e1pa el\u0151sz\u00f6r 2001-ben jelent meg, a Media Nox kiad\u00f3 gondoz\u00e1s\u00e1ban.<\/p>\n<p><img loading=\"lazy\" decoding=\"async\" class=\"CToWUd a6T aligncenter\" tabindex=\"0\" src=\"https:\/\/ci3.googleusercontent.com\/proxy\/XZHgV1bo95K6VUs8gTn4ferYepti4mG2T4Gt3m-Kl_l6IHcTQ9vIDSTVLogKxdK6Ld3CIDfm1PN9EFgOC6sWZ1W7zXlSktgDv7-N5nW9YnCBVAFLEnf7XDXu3G4c_K5lKca4d21F7RMjjl4EuvDlzoiCDBIY7A=s0-d-e1-ft#https:\/\/mcusercontent.com\/6f294632a643491016c79f877\/images\/cc60a4bc-cc59-667a-2bf5-9daec3979716.jpg\" width=\"400\" height=\"308\" \/><\/p>\n<p>2012-ben kiadta a Brooks Kiad\u00f3, a Bossz\u00fa mestere c\u00edmmel. A c\u00edmv\u00e1ltoztat\u00e1st az indokolta, hogy a Leszboszi C\u00e1pa nem utalt a m\u0171fajra.<\/p>\n<p>Most \u00fajra megjelenik, ez\u00fattal jelent\u0151sen m\u00f3dos\u00edtott tartalommal.<\/p>\n<h2><strong>Mi v\u00e1ltozott a Bossz\u00fa mestere \u00faj kiad\u00e1s\u00e1ban?<\/strong><\/h2>\n<p>A r\u00f6vid v\u00e1lasz az, hogy az els\u0151 verzi\u00f3t grafom\u00e1nk\u00e9nt \u00edrtam, ezt a mostanit gy\u00f3gyult emberk\u00e9nt jav\u00edtottam, illetve \u00edrtam \u00e1t.<\/p>\n<p>Amikor febru\u00e1rban el\u0151vettem a r\u00e9gi Bossz\u00fa mestere k\u00e9ziratot, az a sz\u00e1m\u00edt\u00f3g\u00e9pemen 443 oldalt tett ki. Egy hete, amikor befejeztem az \u00e1t\u00edr\u00e1st, az oldalsz\u00e1m 279-re cs\u00f6kkent. Ez m\u00ednusz 164 oldal.<\/p>\n<p>N\u00e9zz\u00fck a hosszabb v\u00e1laszt arra a k\u00e9rd\u00e9sre, hogy mi v\u00e1ltozott:<\/p>\n<p>Mivel az els\u0151 verzi\u00f3t 1999-ben \u00edrtam, 1999-ben j\u00e1tsz\u00f3dott, az akkori technikai lehet\u0151s\u00e9geket szem el\u0151tt tartva. Mindaz, ami <strong>akkoriban cs\u00facstechnol\u00f3gia volt, m\u00e1ra gyakorlatilag elt\u0171nt<\/strong>, olyan m\u00e9rt\u00e9kben v\u00e1lt elavultt\u00e1. F\u00e9l terrab\u00e1jtos szalagos h\u00e1tt\u00e9rt\u00e1r&#8230; A g\u00e9pemben enn\u00e9l nyolcszor nagyobb van, huszadakkora m\u00e9retben.<\/p>\n<div dir=\"ltr\">\n<div>\n<p>A cselekm\u00e9ny sokkal feszesebb lett, <strong>semmi nem viszi el a f\u00f3kuszt, nincsenek felesleges k\u00f6r\u00f6k<\/strong> az esem\u00e9nyekben \u00e9s p\u00e1rbesz\u00e9dekben, re\u00e1lisabbak az akci\u00f3k \u00e9s a szerepl\u0151k. <strong>A sokkal fejlettebb technol\u00f3gia<\/strong> megjelen\u00e9se \u00f6nmag\u00e1ban sz\u00fcks\u00e9gess\u00e9 tett bizonyos v\u00e1ltoz\u00e1sokat a cselekm\u00e9nyben.<\/p>\n<p>Az \u00e1t\u00edr\u00e1s folyam\u00e1n figyelembe lettek v\u00e9ve a kor\u00e1bbi visszajelz\u00e9sek \u00e9s kritik\u00e1k.<\/p>\n<h3>Mi \u00e9rtelme van \u00e1t\u00edrni egy k\u00f6nyvet?<\/h3>\n<p>Semmi. <strong>Hacsak maga az \u00edr\u00f3 nem esett \u00e1t akkora v\u00e1ltoz\u00e1son szakmailag<\/strong>, ami ezt indokoltt\u00e1 teszi. Ez\u00fattal ez t\u00f6rt\u00e9nt, ez az indok.<\/p>\n<p>Val\u00f3j\u00e1ban sokkal k\u00f6nnyebb valamit a null\u00e1r\u00f3l fel\u00e9p\u00edteni \u00e9s meg\u00edrni, mint egy megl\u00e9v\u0151 anyagot kijav\u00edtani. A kor\u00e1bbi m\u0171 identit\u00e1s\u00e1nak megtart\u00e1sa rengeteg korl\u00e1tot jelent, melyek az \u00faj sztorin\u00e1l fel sem mer\u00fclnek.<\/p>\n<\/div>\n<\/div>\n<div dir=\"ltr\">\n<div>\n<p style=\"text-align: right;\">(Duncan)<\/p>\n<\/div>\n<\/div>","protected":false},"excerpt":{"rendered":"<p style=\"text-align: left;\"><em>A reg\u00e9ny a kor\u00e1bbi Leszboszi C\u00e1pa \u00e9s a k\u00e9s\u0151bbi A Bossz\u00fa Mestere c\u00edm\u0171 k\u00f6nyv \u00faj kiad\u00e1sa. A k\u00f6tet alaposan meg\u00fajult (k\u00edv\u00fclr\u0151l \u00e9s bel\u00fclr\u0151l egyar\u00e1nt). Hogy pontosan miben \u00e9s mi\u00e9rt, arr\u00f3l lentebb olvashat a szerz\u0151 toll\u00e1b\u00f3l.<\/em><\/p>\n<p>Annyi igazs\u00e1gtalans\u00e1ggal szembes\u00fcl\u00fcnk \u00e9let\u00fcnk sor\u00e1n, annyiszor tapasztaljuk, hogy a rossz gy\u0151z, a vad, az er\u0151szakos, a g\u00e1tl\u00e1stalan, az \u0151r\u00fclt, ami eltapossa a kedvest, a sz\u00e9pet, a j\u00f3t, a szel\u00eddet. \u00c9s mennyire felemel\u0151, amikor nem \u00edgy van!<\/p>\n<p>Christine gy\u00f6ny\u00f6r\u0171, kedves fiatal l\u00e1ny, aki \u00e1lmai nyom\u00e1n j\u00e1rva megkezdi tanulm\u00e1nyait a h\u00edres Watson Egyetemen. A helyi nagymen\u0151k \u00e1ldozatot l\u00e1tnak benne, r\u00e1sz\u00e1llnak, t\u00f6nkreteszik, megal\u00e1zz\u00e1k, \u00f6sszet\u00f6rik. Christine tehetetlen, a rend\u0151rs\u00e9g nem seg\u00edt, az egyetem igazgat\u00f3ja nem seg\u00edt, a bar\u00e1tai el\u00e1rulj\u00e1k.<\/p>\n<p>A Health Alteration Committee (HAC) a CIA mer\u00e9nyletekkel foglalkoz\u00f3 r\u00e9szlege volt a szervezet sz\u00fclet\u00e9s\u00e9t\u0151l kezdve. A 70-es \u00e9vek botr\u00e1nyainak hat\u00e1s\u00e1ra az \u00fcgyoszt\u00e1lyt feloszlatt\u00e1k, ami titkosszolg\u00e1lati szok\u00e1s szerint annyit jelent, hogy \u00e1tnevezt\u00e9k, minden m\u00e1s maradt a r\u00e9giben.<\/p>\n<p>Vajon mi t\u00f6rt\u00e9nik akkor, ha a helyi nagymen\u0151k, akik sim\u00e1n elint\u00e9znek egy l\u00e1nyt, az HAC c\u00e9lpontj\u00e1v\u00e1 v\u00e1lnak? Vajon a r\u00e9szleget is sim\u00e1n elint\u00e9zik? Vagy ijedt\u00fckben h\u00faszan sz\u00e1z fel\u00e9 szaladnak?<\/p>\n<p>Ha k\u00edv\u00e1ncsi a v\u00e1laszra, k\u00e9rj\u00fck, tartson vel\u00fcnk ebben a felemel\u0151 bossz\u00fat\u00f6rt\u00e9netben!<\/p>","protected":false},"featured_media":9802,"comment_status":"closed","ping_status":"closed","template":"","meta":{"_acf_changed":false,"_genesis_hide_title":false,"_genesis_hide_breadcrumbs":false,"_genesis_hide_singular_image":false,"_genesis_hide_footer_widgets":false,"_genesis_custom_body_class":"","_genesis_custom_post_class":"","_genesis_layout":""},"product_brand":[],"product_cat":[48,16],"product_tag":[],"class_list":{"0":"post-9801","1":"product","2":"type-product","3":"status-publish","4":"has-post-thumbnail","6":"product_cat-akcio-konyvek","7":"product_cat-thriller-konyvek","8":"entry","10":"first","11":"instock","12":"taxable","13":"shipping-taxable","14":"purchasable","15":"product-type-simple"},"acf":[],"yoast_head":"<!-- This site is optimized with the Yoast SEO Premium plugin v27.5 (Yoast SEO v27.5) - https:\/\/yoast.com\/product\/yoast-seo-premium-wordpress\/ -->\n<title>Duncan Shelley: A bossz\u00fa mestere (\u00faj kiad\u00e1s) - Duncan Shelley K\u00f6nyvesbolt<\/title>\n<meta name=\"description\" content=\"Annyi igazs\u00e1gtalans\u00e1ggal szembes\u00fcl\u00fcnk \u00e9let\u00fcnk sor\u00e1n. Most tartson vel\u00fcnk ebben a felemel\u0151 bossz\u00fat\u00f6rt\u00e9netben, a Bossz\u00fa mestere k\u00f6tetben!\" \/>\n<meta name=\"robots\" content=\"index, follow, max-snippet:-1, max-image-preview:large, max-video-preview:-1\" \/>\n<link rel=\"canonical\" href=\"https:\/\/duncanshelley.com\/en\/product\/duncan-shelley-a-bosszu-mestere\/\" \/>\n<meta property=\"og:locale\" content=\"en_US\" \/>\n<meta property=\"og:type\" content=\"article\" \/>\n<meta property=\"og:title\" content=\"Duncan Shelley: A bossz\u00fa mestere (\u00faj kiad\u00e1s)\" \/>\n<meta property=\"og:description\" content=\"Annyi igazs\u00e1gtalans\u00e1ggal szembes\u00fcl\u00fcnk \u00e9let\u00fcnk sor\u00e1n. Most tartson vel\u00fcnk ebben a felemel\u0151 bossz\u00fat\u00f6rt\u00e9netben, a Bossz\u00fa mestere k\u00f6tetben!\" \/>\n<meta property=\"og:url\" content=\"https:\/\/duncanshelley.com\/en\/product\/duncan-shelley-a-bosszu-mestere\/\" \/>\n<meta property=\"og:site_name\" content=\"Duncan Shelley K\u00f6nyvesbolt\" \/>\n<meta property=\"article:modified_time\" content=\"2026-02-15T11:44:54+00:00\" \/>\n<meta property=\"og:image\" content=\"https:\/\/duncanshelley.com\/wp-content\/uploads\/bosszu-mestere-duncanshelley.jpg\" \/>\n\t<meta property=\"og:image:width\" content=\"300\" \/>\n\t<meta property=\"og:image:height\" content=\"475\" \/>\n\t<meta property=\"og:image:type\" content=\"image\/jpeg\" \/>\n<meta name=\"twitter:label1\" content=\"Est. reading time\" \/>\n\t<meta name=\"twitter:data1\" content=\"2 minutes\" \/>\n<script type=\"application\/ld+json\" class=\"yoast-schema-graph\">{\"@context\":\"https:\\\/\\\/schema.org\",\"@graph\":[{\"@type\":\"WebPage\",\"@id\":\"https:\\\/\\\/duncanshelley.com\\\/termek\\\/duncan-shelley-a-bosszu-mestere\\\/\",\"url\":\"https:\\\/\\\/duncanshelley.com\\\/termek\\\/duncan-shelley-a-bosszu-mestere\\\/\",\"name\":\"Duncan Shelley: A bossz\u00fa mestere (\u00faj kiad\u00e1s) - Duncan Shelley K\u00f6nyvesbolt\",\"isPartOf\":{\"@id\":\"https:\\\/\\\/duncanshelley.com\\\/#website\"},\"primaryImageOfPage\":{\"@id\":\"https:\\\/\\\/duncanshelley.com\\\/termek\\\/duncan-shelley-a-bosszu-mestere\\\/#primaryimage\"},\"image\":{\"@id\":\"https:\\\/\\\/duncanshelley.com\\\/termek\\\/duncan-shelley-a-bosszu-mestere\\\/#primaryimage\"},\"thumbnailUrl\":\"https:\\\/\\\/duncanshelley.com\\\/wp-content\\\/uploads\\\/bosszu-mestere-duncanshelley.jpg\",\"datePublished\":\"2019-09-25T11:24:38+00:00\",\"dateModified\":\"2026-02-15T11:44:54+00:00\",\"description\":\"Annyi igazs\u00e1gtalans\u00e1ggal szembes\u00fcl\u00fcnk \u00e9let\u00fcnk sor\u00e1n. Most tartson vel\u00fcnk ebben a felemel\u0151 bossz\u00fat\u00f6rt\u00e9netben, a Bossz\u00fa mestere k\u00f6tetben!\",\"breadcrumb\":{\"@id\":\"https:\\\/\\\/duncanshelley.com\\\/termek\\\/duncan-shelley-a-bosszu-mestere\\\/#breadcrumb\"},\"inLanguage\":\"en-US\",\"potentialAction\":[{\"@type\":\"ReadAction\",\"target\":[\"https:\\\/\\\/duncanshelley.com\\\/termek\\\/duncan-shelley-a-bosszu-mestere\\\/\"]}]},{\"@type\":\"ImageObject\",\"inLanguage\":\"en-US\",\"@id\":\"https:\\\/\\\/duncanshelley.com\\\/termek\\\/duncan-shelley-a-bosszu-mestere\\\/#primaryimage\",\"url\":\"https:\\\/\\\/duncanshelley.com\\\/wp-content\\\/uploads\\\/bosszu-mestere-duncanshelley.jpg\",\"contentUrl\":\"https:\\\/\\\/duncanshelley.com\\\/wp-content\\\/uploads\\\/bosszu-mestere-duncanshelley.jpg\",\"width\":300,\"height\":475,\"caption\":\"A bossz\u00fa mestere - Duncan Shelley\"},{\"@type\":\"BreadcrumbList\",\"@id\":\"https:\\\/\\\/duncanshelley.com\\\/termek\\\/duncan-shelley-a-bosszu-mestere\\\/#breadcrumb\",\"itemListElement\":[{\"@type\":\"ListItem\",\"position\":1,\"name\":\"Kezd\u0151lap\",\"item\":\"https:\\\/\\\/duncanshelley.com\\\/\"},{\"@type\":\"ListItem\",\"position\":2,\"name\":\"Webshop\",\"item\":\"https:\\\/\\\/duncanshelley.com\\\/webshop\\\/\"},{\"@type\":\"ListItem\",\"position\":3,\"name\":\"Duncan Shelley: A bossz\u00fa mestere (\u00faj kiad\u00e1s)\"}]},{\"@type\":\"WebSite\",\"@id\":\"https:\\\/\\\/duncanshelley.com\\\/#website\",\"url\":\"https:\\\/\\\/duncanshelley.com\\\/\",\"name\":\"Duncan Shelley K\u00f6nyvesbolt\",\"description\":\"\",\"potentialAction\":[{\"@type\":\"SearchAction\",\"target\":{\"@type\":\"EntryPoint\",\"urlTemplate\":\"https:\\\/\\\/duncanshelley.com\\\/?s={search_term_string}\"},\"query-input\":{\"@type\":\"PropertyValueSpecification\",\"valueRequired\":true,\"valueName\":\"search_term_string\"}}],\"inLanguage\":\"en-US\"}]}<\/script>\n<!-- \/ Yoast SEO Premium plugin. -->","yoast_head_json":{"title":"Duncan Shelley: A bossz\u00fa mestere (\u00faj kiad\u00e1s) - Duncan Shelley K\u00f6nyvesbolt","description":"Annyi igazs\u00e1gtalans\u00e1ggal szembes\u00fcl\u00fcnk \u00e9let\u00fcnk sor\u00e1n. Most tartson vel\u00fcnk ebben a felemel\u0151 bossz\u00fat\u00f6rt\u00e9netben, a Bossz\u00fa mestere k\u00f6tetben!","robots":{"index":"index","follow":"follow","max-snippet":"max-snippet:-1","max-image-preview":"max-image-preview:large","max-video-preview":"max-video-preview:-1"},"canonical":"https:\/\/duncanshelley.com\/en\/product\/duncan-shelley-a-bosszu-mestere\/","og_locale":"en_US","og_type":"article","og_title":"Duncan Shelley: A bossz\u00fa mestere (\u00faj kiad\u00e1s)","og_description":"Annyi igazs\u00e1gtalans\u00e1ggal szembes\u00fcl\u00fcnk \u00e9let\u00fcnk sor\u00e1n. Most tartson vel\u00fcnk ebben a felemel\u0151 bossz\u00fat\u00f6rt\u00e9netben, a Bossz\u00fa mestere k\u00f6tetben!","og_url":"https:\/\/duncanshelley.com\/en\/product\/duncan-shelley-a-bosszu-mestere\/","og_site_name":"Duncan Shelley K\u00f6nyvesbolt","article_modified_time":"2026-02-15T11:44:54+00:00","og_image":[{"width":300,"height":475,"url":"https:\/\/duncanshelley.com\/wp-content\/uploads\/bosszu-mestere-duncanshelley.jpg","type":"image\/jpeg"}],"twitter_misc":{"Est. reading time":"2 minutes"},"schema":{"@context":"https:\/\/schema.org","@graph":[{"@type":"WebPage","@id":"https:\/\/duncanshelley.com\/termek\/duncan-shelley-a-bosszu-mestere\/","url":"https:\/\/duncanshelley.com\/termek\/duncan-shelley-a-bosszu-mestere\/","name":"Duncan Shelley: A bossz\u00fa mestere (\u00faj kiad\u00e1s) - Duncan Shelley K\u00f6nyvesbolt","isPartOf":{"@id":"https:\/\/duncanshelley.com\/#website"},"primaryImageOfPage":{"@id":"https:\/\/duncanshelley.com\/termek\/duncan-shelley-a-bosszu-mestere\/#primaryimage"},"image":{"@id":"https:\/\/duncanshelley.com\/termek\/duncan-shelley-a-bosszu-mestere\/#primaryimage"},"thumbnailUrl":"https:\/\/duncanshelley.com\/wp-content\/uploads\/bosszu-mestere-duncanshelley.jpg","datePublished":"2019-09-25T11:24:38+00:00","dateModified":"2026-02-15T11:44:54+00:00","description":"Annyi igazs\u00e1gtalans\u00e1ggal szembes\u00fcl\u00fcnk \u00e9let\u00fcnk sor\u00e1n. Most tartson vel\u00fcnk ebben a felemel\u0151 bossz\u00fat\u00f6rt\u00e9netben, a Bossz\u00fa mestere k\u00f6tetben!","breadcrumb":{"@id":"https:\/\/duncanshelley.com\/termek\/duncan-shelley-a-bosszu-mestere\/#breadcrumb"},"inLanguage":"en-US","potentialAction":[{"@type":"ReadAction","target":["https:\/\/duncanshelley.com\/termek\/duncan-shelley-a-bosszu-mestere\/"]}]},{"@type":"ImageObject","inLanguage":"en-US","@id":"https:\/\/duncanshelley.com\/termek\/duncan-shelley-a-bosszu-mestere\/#primaryimage","url":"https:\/\/duncanshelley.com\/wp-content\/uploads\/bosszu-mestere-duncanshelley.jpg","contentUrl":"https:\/\/duncanshelley.com\/wp-content\/uploads\/bosszu-mestere-duncanshelley.jpg","width":300,"height":475,"caption":"A bossz\u00fa mestere - Duncan Shelley"},{"@type":"BreadcrumbList","@id":"https:\/\/duncanshelley.com\/termek\/duncan-shelley-a-bosszu-mestere\/#breadcrumb","itemListElement":[{"@type":"ListItem","position":1,"name":"Kezd\u0151lap","item":"https:\/\/duncanshelley.com\/"},{"@type":"ListItem","position":2,"name":"Webshop","item":"https:\/\/duncanshelley.com\/webshop\/"},{"@type":"ListItem","position":3,"name":"Duncan Shelley: A bossz\u00fa mestere (\u00faj kiad\u00e1s)"}]},{"@type":"WebSite","@id":"https:\/\/duncanshelley.com\/#website","url":"https:\/\/duncanshelley.com\/","name":"Duncan Shelley K\u00f6nyvesbolt","description":"","potentialAction":[{"@type":"SearchAction","target":{"@type":"EntryPoint","urlTemplate":"https:\/\/duncanshelley.com\/?s={search_term_string}"},"query-input":{"@type":"PropertyValueSpecification","valueRequired":true,"valueName":"search_term_string"}}],"inLanguage":"en-US"}]}},"_links":{"self":[{"href":"https:\/\/duncanshelley.com\/en\/wp-json\/wp\/v2\/product\/9801","targetHints":{"allow":["GET"]}}],"collection":[{"href":"https:\/\/duncanshelley.com\/en\/wp-json\/wp\/v2\/product"}],"about":[{"href":"https:\/\/duncanshelley.com\/en\/wp-json\/wp\/v2\/types\/product"}],"replies":[{"embeddable":true,"href":"https:\/\/duncanshelley.com\/en\/wp-json\/wp\/v2\/comments?post=9801"}],"wp:featuredmedia":[{"embeddable":true,"href":"https:\/\/duncanshelley.com\/en\/wp-json\/wp\/v2\/media\/9802"}],"wp:attachment":[{"href":"https:\/\/duncanshelley.com\/en\/wp-json\/wp\/v2\/media?parent=9801"}],"wp:term":[{"taxonomy":"product_brand","embeddable":true,"href":"https:\/\/duncanshelley.com\/en\/wp-json\/wp\/v2\/product_brand?post=9801"},{"taxonomy":"product_cat","embeddable":true,"href":"https:\/\/duncanshelley.com\/en\/wp-json\/wp\/v2\/product_cat?post=9801"},{"taxonomy":"product_tag","embeddable":true,"href":"https:\/\/duncanshelley.com\/en\/wp-json\/wp\/v2\/product_tag?post=9801"}],"curies":[{"name":"wp","href":"https:\/\/api.w.org\/{rel}","templated":true}]}}