{"id":92,"date":"2019-09-16T13:34:22","date_gmt":"2019-09-16T11:34:22","guid":{"rendered":"https:\/\/brookskiado.hu\/?post_type=product&#038;p=92"},"modified":"2026-02-01T17:13:53","modified_gmt":"2026-02-01T16:13:53","slug":"duncan-shelley-amer-hite","status":"publish","type":"product","link":"https:\/\/duncanshelley.com\/en\/product\/duncan-shelley-amer-hite\/","title":{"rendered":"Duncan Shelley: Amer hite"},"content":{"rendered":"<p>Az Amer hite kisreg\u00e9nyben az emberis\u00e9g technikai csod\u00e1ja fontos c\u00e9llal has\u00edtja az \u0171r v\u00e9gtelenj\u00e9t. A t\u00f6rt\u00e9nelem ism\u00e9tli \u00f6nmag\u00e1t, vall\u00e1sh\u00e1bor\u00fa t\u00f6r ki a fed\u00e9lzeten, mely pusztul\u00e1ssal fenyeget. Csup\u00e1n egyvalaki seg\u00edthet: Amer, aki ez\u00fattal diplomatak\u00e9nt l\u00e9p sz\u00ednre ebben a fesz\u00fclts\u00e9ggel teli t\u00f6rt\u00e9netben.<\/p>","protected":false},"excerpt":{"rendered":"<p>Amer hite<strong><br \/>\nM\u0171faj<\/strong>: sci-fi, fantasy<br \/>\n<strong>Oldalsz\u00e1m<\/strong>: 72<br \/>\n<strong>Kiad\u00e1s<\/strong> <strong>\u00e9ve<\/strong>: 2010.<\/p>\n<p>A t\u00f6rt\u00e9net a k\u00f6zeli j\u00f6v\u0151ben j\u00e1tsz\u00f3dik. Idegen civiliz\u00e1ci\u00f3 k\u00fcld\u00f6tts\u00e9ge \u00e9rkezik a F\u00f6ldre. Sz\u00e1nd\u00e9kaik b\u00e9k\u00e9sek. Megh\u00edvj\u00e1k az emberis\u00e9get a galaktikus kereskedelmi k\u00f6zpontba. R\u00f6videsen \u00fatnak indul egy hatalmas \u0171rhaj\u00f3, \u00f6tvenezer f\u0151s leg\u00e9nys\u00e9ggel, a fed\u00e9lzeten orsz\u00e1gok, n\u00e9pek, vall\u00e1sok \u00e9s nagyv\u00e1llalatok k\u00e9pvisel\u0151ivel.<\/p>\n<p>A hossz\u00fa \u00fat sor\u00e1n par\u00e1zs vita alakul ki azzal kapcsolatban, hogy az idegeneket melyik vall\u00e1s t\u00e9r\u00edtse meg \u00e9s mely egyh\u00e1z vegye fel tagjai k\u00f6z\u00e9. Az \u0171rhaj\u00f3n kit\u00f6r a vall\u00e1sh\u00e1bor\u00fa, amely a k\u00fcld\u00f6tts\u00e9g megsemmis\u00fcl\u00e9s\u00e9vel fenyeget. A megold\u00e1s ism\u00e9t Amer kez\u00e9ben van.<\/p>","protected":false},"featured_media":8747,"comment_status":"closed","ping_status":"closed","template":"","meta":{"_acf_changed":false,"_genesis_hide_title":false,"_genesis_hide_breadcrumbs":false,"_genesis_hide_singular_image":false,"_genesis_hide_footer_widgets":false,"_genesis_custom_body_class":"","_genesis_custom_post_class":"","_genesis_layout":""},"product_brand":[],"product_cat":[167,17,45],"product_tag":[],"class_list":{"0":"post-92","1":"product","2":"type-product","3":"status-publish","4":"has-post-thumbnail","6":"product_cat-amer-konyvek","7":"product_cat-fantasy-konyvek","8":"product_cat-spiritualis-konyvek","9":"entry","11":"first","12":"instock","13":"taxable","14":"shipping-taxable","15":"purchasable","16":"product-type-simple"},"acf":[],"yoast_head":"<!-- This site is optimized with the Yoast SEO Premium plugin v27.5 (Yoast SEO v27.5) - https:\/\/yoast.com\/product\/yoast-seo-premium-wordpress\/ -->\n<title>Duncan Shelley: Amer hite - Duncan Shelley K\u00f6nyvesbolt<\/title>\n<meta name=\"description\" content=\"Az Amer hite kisreg\u00e9ny a j\u00f6v\u0151ben j\u00e1tsz\u00f3dik. A F\u00f6ld legk\u00fcl\u00f6nf\u00e9l\u00e9bb n\u00e9pei elindulnak egy hatalmas \u0171rhaj\u00f3n, ahol kit\u00f6r a vall\u00e1sh\u00e1bor\u00fa.\" \/>\n<meta name=\"robots\" content=\"index, follow, max-snippet:-1, max-image-preview:large, max-video-preview:-1\" \/>\n<link rel=\"canonical\" href=\"https:\/\/duncanshelley.com\/en\/product\/duncan-shelley-amer-hite\/\" \/>\n<meta property=\"og:locale\" content=\"en_US\" \/>\n<meta property=\"og:type\" content=\"article\" \/>\n<meta property=\"og:title\" content=\"Duncan Shelley: Amer hite\" \/>\n<meta property=\"og:description\" content=\"Az Amer hite kisreg\u00e9ny a j\u00f6v\u0151ben j\u00e1tsz\u00f3dik. A F\u00f6ld legk\u00fcl\u00f6nf\u00e9l\u00e9bb n\u00e9pei elindulnak egy hatalmas \u0171rhaj\u00f3n, ahol kit\u00f6r a vall\u00e1sh\u00e1bor\u00fa.\" \/>\n<meta property=\"og:url\" content=\"https:\/\/duncanshelley.com\/en\/product\/duncan-shelley-amer-hite\/\" \/>\n<meta property=\"og:site_name\" content=\"Duncan Shelley K\u00f6nyvesbolt\" \/>\n<meta property=\"article:modified_time\" content=\"2026-02-01T16:13:53+00:00\" \/>\n<meta property=\"og:image\" content=\"https:\/\/duncanshelley.com\/wp-content\/uploads\/duncan-shelley-amer-hite-1.jpg\" \/>\n\t<meta property=\"og:image:width\" content=\"324\" \/>\n\t<meta property=\"og:image:height\" content=\"486\" \/>\n\t<meta property=\"og:image:type\" content=\"image\/jpeg\" \/>\n<meta name=\"twitter:label1\" content=\"Est. reading time\" \/>\n\t<meta name=\"twitter:data1\" content=\"1 minute\" \/>\n<script type=\"application\/ld+json\" class=\"yoast-schema-graph\">{\"@context\":\"https:\\\/\\\/schema.org\",\"@graph\":[{\"@type\":\"WebPage\",\"@id\":\"https:\\\/\\\/duncanshelley.com\\\/termek\\\/duncan-shelley-amer-hite\\\/\",\"url\":\"https:\\\/\\\/duncanshelley.com\\\/termek\\\/duncan-shelley-amer-hite\\\/\",\"name\":\"Duncan Shelley: Amer hite - Duncan Shelley K\u00f6nyvesbolt\",\"isPartOf\":{\"@id\":\"https:\\\/\\\/duncanshelley.com\\\/#website\"},\"primaryImageOfPage\":{\"@id\":\"https:\\\/\\\/duncanshelley.com\\\/termek\\\/duncan-shelley-amer-hite\\\/#primaryimage\"},\"image\":{\"@id\":\"https:\\\/\\\/duncanshelley.com\\\/termek\\\/duncan-shelley-amer-hite\\\/#primaryimage\"},\"thumbnailUrl\":\"https:\\\/\\\/duncanshelley.com\\\/wp-content\\\/uploads\\\/duncan-shelley-amer-hite-1.jpg\",\"datePublished\":\"2019-09-16T11:34:22+00:00\",\"dateModified\":\"2026-02-01T16:13:53+00:00\",\"description\":\"Az Amer hite kisreg\u00e9ny a j\u00f6v\u0151ben j\u00e1tsz\u00f3dik. A F\u00f6ld legk\u00fcl\u00f6nf\u00e9l\u00e9bb n\u00e9pei elindulnak egy hatalmas \u0171rhaj\u00f3n, ahol kit\u00f6r a vall\u00e1sh\u00e1bor\u00fa.\",\"breadcrumb\":{\"@id\":\"https:\\\/\\\/duncanshelley.com\\\/termek\\\/duncan-shelley-amer-hite\\\/#breadcrumb\"},\"inLanguage\":\"en-US\",\"potentialAction\":[{\"@type\":\"ReadAction\",\"target\":[\"https:\\\/\\\/duncanshelley.com\\\/termek\\\/duncan-shelley-amer-hite\\\/\"]}]},{\"@type\":\"ImageObject\",\"inLanguage\":\"en-US\",\"@id\":\"https:\\\/\\\/duncanshelley.com\\\/termek\\\/duncan-shelley-amer-hite\\\/#primaryimage\",\"url\":\"https:\\\/\\\/duncanshelley.com\\\/wp-content\\\/uploads\\\/duncan-shelley-amer-hite-1.jpg\",\"contentUrl\":\"https:\\\/\\\/duncanshelley.com\\\/wp-content\\\/uploads\\\/duncan-shelley-amer-hite-1.jpg\",\"width\":324,\"height\":486,\"caption\":\"duncan-shelley-amer-hite\"},{\"@type\":\"BreadcrumbList\",\"@id\":\"https:\\\/\\\/duncanshelley.com\\\/termek\\\/duncan-shelley-amer-hite\\\/#breadcrumb\",\"itemListElement\":[{\"@type\":\"ListItem\",\"position\":1,\"name\":\"Kezd\u0151lap\",\"item\":\"https:\\\/\\\/duncanshelley.com\\\/\"},{\"@type\":\"ListItem\",\"position\":2,\"name\":\"Webshop\",\"item\":\"https:\\\/\\\/duncanshelley.com\\\/webshop\\\/\"},{\"@type\":\"ListItem\",\"position\":3,\"name\":\"Duncan Shelley: Amer hite\"}]},{\"@type\":\"WebSite\",\"@id\":\"https:\\\/\\\/duncanshelley.com\\\/#website\",\"url\":\"https:\\\/\\\/duncanshelley.com\\\/\",\"name\":\"Duncan Shelley K\u00f6nyvesbolt\",\"description\":\"\",\"potentialAction\":[{\"@type\":\"SearchAction\",\"target\":{\"@type\":\"EntryPoint\",\"urlTemplate\":\"https:\\\/\\\/duncanshelley.com\\\/?s={search_term_string}\"},\"query-input\":{\"@type\":\"PropertyValueSpecification\",\"valueRequired\":true,\"valueName\":\"search_term_string\"}}],\"inLanguage\":\"en-US\"}]}<\/script>\n<!-- \/ Yoast SEO Premium plugin. -->","yoast_head_json":{"title":"Duncan Shelley: Amer hite - Duncan Shelley K\u00f6nyvesbolt","description":"Az Amer hite kisreg\u00e9ny a j\u00f6v\u0151ben j\u00e1tsz\u00f3dik. A F\u00f6ld legk\u00fcl\u00f6nf\u00e9l\u00e9bb n\u00e9pei elindulnak egy hatalmas \u0171rhaj\u00f3n, ahol kit\u00f6r a vall\u00e1sh\u00e1bor\u00fa.","robots":{"index":"index","follow":"follow","max-snippet":"max-snippet:-1","max-image-preview":"max-image-preview:large","max-video-preview":"max-video-preview:-1"},"canonical":"https:\/\/duncanshelley.com\/en\/product\/duncan-shelley-amer-hite\/","og_locale":"en_US","og_type":"article","og_title":"Duncan Shelley: Amer hite","og_description":"Az Amer hite kisreg\u00e9ny a j\u00f6v\u0151ben j\u00e1tsz\u00f3dik. A F\u00f6ld legk\u00fcl\u00f6nf\u00e9l\u00e9bb n\u00e9pei elindulnak egy hatalmas \u0171rhaj\u00f3n, ahol kit\u00f6r a vall\u00e1sh\u00e1bor\u00fa.","og_url":"https:\/\/duncanshelley.com\/en\/product\/duncan-shelley-amer-hite\/","og_site_name":"Duncan Shelley K\u00f6nyvesbolt","article_modified_time":"2026-02-01T16:13:53+00:00","og_image":[{"width":324,"height":486,"url":"https:\/\/duncanshelley.com\/wp-content\/uploads\/duncan-shelley-amer-hite-1.jpg","type":"image\/jpeg"}],"twitter_misc":{"Est. reading time":"1 minute"},"schema":{"@context":"https:\/\/schema.org","@graph":[{"@type":"WebPage","@id":"https:\/\/duncanshelley.com\/termek\/duncan-shelley-amer-hite\/","url":"https:\/\/duncanshelley.com\/termek\/duncan-shelley-amer-hite\/","name":"Duncan Shelley: Amer hite - Duncan Shelley K\u00f6nyvesbolt","isPartOf":{"@id":"https:\/\/duncanshelley.com\/#website"},"primaryImageOfPage":{"@id":"https:\/\/duncanshelley.com\/termek\/duncan-shelley-amer-hite\/#primaryimage"},"image":{"@id":"https:\/\/duncanshelley.com\/termek\/duncan-shelley-amer-hite\/#primaryimage"},"thumbnailUrl":"https:\/\/duncanshelley.com\/wp-content\/uploads\/duncan-shelley-amer-hite-1.jpg","datePublished":"2019-09-16T11:34:22+00:00","dateModified":"2026-02-01T16:13:53+00:00","description":"Az Amer hite kisreg\u00e9ny a j\u00f6v\u0151ben j\u00e1tsz\u00f3dik. A F\u00f6ld legk\u00fcl\u00f6nf\u00e9l\u00e9bb n\u00e9pei elindulnak egy hatalmas \u0171rhaj\u00f3n, ahol kit\u00f6r a vall\u00e1sh\u00e1bor\u00fa.","breadcrumb":{"@id":"https:\/\/duncanshelley.com\/termek\/duncan-shelley-amer-hite\/#breadcrumb"},"inLanguage":"en-US","potentialAction":[{"@type":"ReadAction","target":["https:\/\/duncanshelley.com\/termek\/duncan-shelley-amer-hite\/"]}]},{"@type":"ImageObject","inLanguage":"en-US","@id":"https:\/\/duncanshelley.com\/termek\/duncan-shelley-amer-hite\/#primaryimage","url":"https:\/\/duncanshelley.com\/wp-content\/uploads\/duncan-shelley-amer-hite-1.jpg","contentUrl":"https:\/\/duncanshelley.com\/wp-content\/uploads\/duncan-shelley-amer-hite-1.jpg","width":324,"height":486,"caption":"duncan-shelley-amer-hite"},{"@type":"BreadcrumbList","@id":"https:\/\/duncanshelley.com\/termek\/duncan-shelley-amer-hite\/#breadcrumb","itemListElement":[{"@type":"ListItem","position":1,"name":"Kezd\u0151lap","item":"https:\/\/duncanshelley.com\/"},{"@type":"ListItem","position":2,"name":"Webshop","item":"https:\/\/duncanshelley.com\/webshop\/"},{"@type":"ListItem","position":3,"name":"Duncan Shelley: Amer hite"}]},{"@type":"WebSite","@id":"https:\/\/duncanshelley.com\/#website","url":"https:\/\/duncanshelley.com\/","name":"Duncan Shelley K\u00f6nyvesbolt","description":"","potentialAction":[{"@type":"SearchAction","target":{"@type":"EntryPoint","urlTemplate":"https:\/\/duncanshelley.com\/?s={search_term_string}"},"query-input":{"@type":"PropertyValueSpecification","valueRequired":true,"valueName":"search_term_string"}}],"inLanguage":"en-US"}]}},"_links":{"self":[{"href":"https:\/\/duncanshelley.com\/en\/wp-json\/wp\/v2\/product\/92","targetHints":{"allow":["GET"]}}],"collection":[{"href":"https:\/\/duncanshelley.com\/en\/wp-json\/wp\/v2\/product"}],"about":[{"href":"https:\/\/duncanshelley.com\/en\/wp-json\/wp\/v2\/types\/product"}],"replies":[{"embeddable":true,"href":"https:\/\/duncanshelley.com\/en\/wp-json\/wp\/v2\/comments?post=92"}],"wp:featuredmedia":[{"embeddable":true,"href":"https:\/\/duncanshelley.com\/en\/wp-json\/wp\/v2\/media\/8747"}],"wp:attachment":[{"href":"https:\/\/duncanshelley.com\/en\/wp-json\/wp\/v2\/media?parent=92"}],"wp:term":[{"taxonomy":"product_brand","embeddable":true,"href":"https:\/\/duncanshelley.com\/en\/wp-json\/wp\/v2\/product_brand?post=92"},{"taxonomy":"product_cat","embeddable":true,"href":"https:\/\/duncanshelley.com\/en\/wp-json\/wp\/v2\/product_cat?post=92"},{"taxonomy":"product_tag","embeddable":true,"href":"https:\/\/duncanshelley.com\/en\/wp-json\/wp\/v2\/product_tag?post=92"}],"curies":[{"name":"wp","href":"https:\/\/api.w.org\/{rel}","templated":true}]}}