{"id":90,"date":"2019-09-18T13:33:36","date_gmt":"2019-09-18T11:33:36","guid":{"rendered":"https:\/\/brookskiado.hu\/?post_type=product&#038;p=90"},"modified":"2026-02-01T17:10:14","modified_gmt":"2026-02-01T16:10:14","slug":"duncan-shelley-amer-tanca","status":"publish","type":"product","link":"https:\/\/duncanshelley.com\/en\/product\/duncan-shelley-amer-tanca\/","title":{"rendered":"Duncan Shelley: Amer t\u00e1nca"},"content":{"rendered":"","protected":false},"excerpt":{"rendered":"<p><strong>M\u0171faj<\/strong>: fantasy<br \/>\n<strong>Oldalsz\u00e1m<\/strong>: 72<br \/>\n<strong>Kiad\u00e1s<\/strong> <strong>\u00e9ve<\/strong>: 2007. 2019.<\/p>\n<p>Az Amer t\u00e1nca t\u00f6rt\u00e9nete a jelenben j\u00e1tsz\u00f3dik. A Lady Marilyn a ny\u00edlt \u00f3ce\u00e1non szeli a hull\u00e1mokat, fed\u00e9lzet\u00e9n t\u00f6bb sz\u00e1z utassal. A haj\u00f3n mindenki saj\u00e1t pokl\u00e1nak foglya. Van, aki \u00f6ngyilkoss\u00e1gra k\u00e9sz\u00fcl, van, aki m\u00e1sok \u00e9let\u00e9t akarja kioltani, van, aki r\u00f6geszm\u00e9i csapd\u00e1j\u00e1ban verg\u0151dik, van, akit vakk\u00e1 tesz az \u00f6ngy\u0171l\u00f6let.<\/p>\n<p>A fest\u0151m\u0171v\u00e9sz, Norman Trickey k\u00fcl\u00f6n\u00f6s sztorikat mes\u00e9l az utasoknak egy Amer nev\u0171 var\u00e1zsl\u00f3r\u00f3l. T\u00f6rt\u00e9neteinek tanuls\u00e1ga lelkeket szabad\u00edt ki saj\u00e1t pokluk fogs\u00e1g\u00e1b\u00f3l.<\/p>\n<p>Norman Trickey, az ezer\u00e9ves var\u00e1zsl\u00f3, Amer 21. sz\u00e1zadi szem\u00e9lyazonoss\u00e1ga.<\/p>\n<p>Valaki egyszer pontosan ezer darabot v\u00e1s\u00e1rolt a k\u00f6tetb\u0151l, hogy aj\u00e1nd\u00e9kba adhassa csal\u00e1dtagjainak, bar\u00e1tjainak, ismer\u0151seinek, munkat\u00e1rsainak, \u00fcgyfeleinek, ennyire fontosnak tal\u00e1lta a benne l\u00e9v\u0151 tan\u00edt\u00e1sokat.<\/p>\n<blockquote><p><em>N\u00e9zz meg egy embert \u2013 ott t\u00e9rdel a k\u00f6r\u00fclm\u00e9nyek el\u0151tt.<\/em><\/p>\n<p><em>N\u00e9zz meg egy var\u00e1zsl\u00f3t \u2013 ott t\u00e9rdelnek el\u0151tte a k\u00f6r\u00fclm\u00e9nyek.<\/em><\/p><\/blockquote>","protected":false},"featured_media":10322,"comment_status":"closed","ping_status":"closed","template":"","meta":{"_acf_changed":false,"_genesis_hide_title":false,"_genesis_hide_breadcrumbs":false,"_genesis_hide_singular_image":false,"_genesis_hide_footer_widgets":false,"_genesis_custom_body_class":"","_genesis_custom_post_class":"","_genesis_layout":""},"product_brand":[],"product_cat":[167,17,45],"product_tag":[],"class_list":{"0":"post-90","1":"product","2":"type-product","3":"status-publish","4":"has-post-thumbnail","6":"product_cat-amer-konyvek","7":"product_cat-fantasy-konyvek","8":"product_cat-spiritualis-konyvek","9":"entry","11":"first","12":"instock","13":"taxable","14":"shipping-taxable","15":"purchasable","16":"product-type-simple"},"acf":[],"yoast_head":"<!-- This site is optimized with the Yoast SEO Premium plugin v27.5 (Yoast SEO v27.5) - https:\/\/yoast.com\/product\/yoast-seo-premium-wordpress\/ -->\n<title>Duncan Shelley: Amer t\u00e1nca - Duncan Shelley K\u00f6nyvesbolt<\/title>\n<meta name=\"description\" content=\"Az Amer t\u00e1nca c\u00edm\u0171 kisreg\u00e9nyben Norman Trickey k\u00fcl\u00f6n\u00f6s \u00e9s tanuls\u00e1gos sztorikat mes\u00e9l az utasoknak egy Amer nev\u0171 var\u00e1zsl\u00f3r\u00f3l.\" \/>\n<meta name=\"robots\" content=\"index, follow, max-snippet:-1, max-image-preview:large, max-video-preview:-1\" \/>\n<link rel=\"canonical\" href=\"https:\/\/duncanshelley.com\/en\/product\/duncan-shelley-amer-tanca\/\" \/>\n<meta property=\"og:locale\" content=\"en_US\" \/>\n<meta property=\"og:type\" content=\"article\" \/>\n<meta property=\"og:title\" content=\"Duncan Shelley: Amer t\u00e1nca\" \/>\n<meta property=\"og:description\" content=\"Az Amer t\u00e1nca c\u00edm\u0171 kisreg\u00e9nyben Norman Trickey k\u00fcl\u00f6n\u00f6s \u00e9s tanuls\u00e1gos sztorikat mes\u00e9l az utasoknak egy Amer nev\u0171 var\u00e1zsl\u00f3r\u00f3l.\" \/>\n<meta property=\"og:url\" content=\"https:\/\/duncanshelley.com\/en\/product\/duncan-shelley-amer-tanca\/\" \/>\n<meta property=\"og:site_name\" content=\"Duncan Shelley K\u00f6nyvesbolt\" \/>\n<meta property=\"article:modified_time\" content=\"2026-02-01T16:10:14+00:00\" \/>\n<meta property=\"og:image\" content=\"https:\/\/duncanshelley.com\/wp-content\/uploads\/amer-tanca-480x480-1.jpg\" \/>\n\t<meta property=\"og:image:width\" content=\"300\" \/>\n\t<meta property=\"og:image:height\" content=\"450\" \/>\n\t<meta property=\"og:image:type\" content=\"image\/jpeg\" \/>\n<meta name=\"twitter:label1\" content=\"Est. reading time\" \/>\n\t<meta name=\"twitter:data1\" content=\"1 minute\" \/>\n<script type=\"application\/ld+json\" class=\"yoast-schema-graph\">{\"@context\":\"https:\\\/\\\/schema.org\",\"@graph\":[{\"@type\":\"WebPage\",\"@id\":\"https:\\\/\\\/duncanshelley.com\\\/termek\\\/duncan-shelley-amer-tanca\\\/\",\"url\":\"https:\\\/\\\/duncanshelley.com\\\/termek\\\/duncan-shelley-amer-tanca\\\/\",\"name\":\"Duncan Shelley: Amer t\u00e1nca - Duncan Shelley K\u00f6nyvesbolt\",\"isPartOf\":{\"@id\":\"https:\\\/\\\/duncanshelley.com\\\/#website\"},\"primaryImageOfPage\":{\"@id\":\"https:\\\/\\\/duncanshelley.com\\\/termek\\\/duncan-shelley-amer-tanca\\\/#primaryimage\"},\"image\":{\"@id\":\"https:\\\/\\\/duncanshelley.com\\\/termek\\\/duncan-shelley-amer-tanca\\\/#primaryimage\"},\"thumbnailUrl\":\"https:\\\/\\\/duncanshelley.com\\\/wp-content\\\/uploads\\\/amer-tanca-480x480-1.jpg\",\"datePublished\":\"2019-09-18T11:33:36+00:00\",\"dateModified\":\"2026-02-01T16:10:14+00:00\",\"description\":\"Az Amer t\u00e1nca c\u00edm\u0171 kisreg\u00e9nyben Norman Trickey k\u00fcl\u00f6n\u00f6s \u00e9s tanuls\u00e1gos sztorikat mes\u00e9l az utasoknak egy Amer nev\u0171 var\u00e1zsl\u00f3r\u00f3l.\",\"breadcrumb\":{\"@id\":\"https:\\\/\\\/duncanshelley.com\\\/termek\\\/duncan-shelley-amer-tanca\\\/#breadcrumb\"},\"inLanguage\":\"en-US\",\"potentialAction\":[{\"@type\":\"ReadAction\",\"target\":[\"https:\\\/\\\/duncanshelley.com\\\/termek\\\/duncan-shelley-amer-tanca\\\/\"]}]},{\"@type\":\"ImageObject\",\"inLanguage\":\"en-US\",\"@id\":\"https:\\\/\\\/duncanshelley.com\\\/termek\\\/duncan-shelley-amer-tanca\\\/#primaryimage\",\"url\":\"https:\\\/\\\/duncanshelley.com\\\/wp-content\\\/uploads\\\/amer-tanca-480x480-1.jpg\",\"contentUrl\":\"https:\\\/\\\/duncanshelley.com\\\/wp-content\\\/uploads\\\/amer-tanca-480x480-1.jpg\",\"width\":300,\"height\":450,\"caption\":\"Amer t\u00e1nca\"},{\"@type\":\"BreadcrumbList\",\"@id\":\"https:\\\/\\\/duncanshelley.com\\\/termek\\\/duncan-shelley-amer-tanca\\\/#breadcrumb\",\"itemListElement\":[{\"@type\":\"ListItem\",\"position\":1,\"name\":\"Kezd\u0151lap\",\"item\":\"https:\\\/\\\/duncanshelley.com\\\/\"},{\"@type\":\"ListItem\",\"position\":2,\"name\":\"Webshop\",\"item\":\"https:\\\/\\\/duncanshelley.com\\\/webshop\\\/\"},{\"@type\":\"ListItem\",\"position\":3,\"name\":\"Duncan Shelley: Amer t\u00e1nca\"}]},{\"@type\":\"WebSite\",\"@id\":\"https:\\\/\\\/duncanshelley.com\\\/#website\",\"url\":\"https:\\\/\\\/duncanshelley.com\\\/\",\"name\":\"Duncan Shelley K\u00f6nyvesbolt\",\"description\":\"\",\"potentialAction\":[{\"@type\":\"SearchAction\",\"target\":{\"@type\":\"EntryPoint\",\"urlTemplate\":\"https:\\\/\\\/duncanshelley.com\\\/?s={search_term_string}\"},\"query-input\":{\"@type\":\"PropertyValueSpecification\",\"valueRequired\":true,\"valueName\":\"search_term_string\"}}],\"inLanguage\":\"en-US\"}]}<\/script>\n<!-- \/ Yoast SEO Premium plugin. -->","yoast_head_json":{"title":"Duncan Shelley: Amer t\u00e1nca - Duncan Shelley K\u00f6nyvesbolt","description":"Az Amer t\u00e1nca c\u00edm\u0171 kisreg\u00e9nyben Norman Trickey k\u00fcl\u00f6n\u00f6s \u00e9s tanuls\u00e1gos sztorikat mes\u00e9l az utasoknak egy Amer nev\u0171 var\u00e1zsl\u00f3r\u00f3l.","robots":{"index":"index","follow":"follow","max-snippet":"max-snippet:-1","max-image-preview":"max-image-preview:large","max-video-preview":"max-video-preview:-1"},"canonical":"https:\/\/duncanshelley.com\/en\/product\/duncan-shelley-amer-tanca\/","og_locale":"en_US","og_type":"article","og_title":"Duncan Shelley: Amer t\u00e1nca","og_description":"Az Amer t\u00e1nca c\u00edm\u0171 kisreg\u00e9nyben Norman Trickey k\u00fcl\u00f6n\u00f6s \u00e9s tanuls\u00e1gos sztorikat mes\u00e9l az utasoknak egy Amer nev\u0171 var\u00e1zsl\u00f3r\u00f3l.","og_url":"https:\/\/duncanshelley.com\/en\/product\/duncan-shelley-amer-tanca\/","og_site_name":"Duncan Shelley K\u00f6nyvesbolt","article_modified_time":"2026-02-01T16:10:14+00:00","og_image":[{"width":300,"height":450,"url":"https:\/\/duncanshelley.com\/wp-content\/uploads\/amer-tanca-480x480-1.jpg","type":"image\/jpeg"}],"twitter_misc":{"Est. reading time":"1 minute"},"schema":{"@context":"https:\/\/schema.org","@graph":[{"@type":"WebPage","@id":"https:\/\/duncanshelley.com\/termek\/duncan-shelley-amer-tanca\/","url":"https:\/\/duncanshelley.com\/termek\/duncan-shelley-amer-tanca\/","name":"Duncan Shelley: Amer t\u00e1nca - Duncan Shelley K\u00f6nyvesbolt","isPartOf":{"@id":"https:\/\/duncanshelley.com\/#website"},"primaryImageOfPage":{"@id":"https:\/\/duncanshelley.com\/termek\/duncan-shelley-amer-tanca\/#primaryimage"},"image":{"@id":"https:\/\/duncanshelley.com\/termek\/duncan-shelley-amer-tanca\/#primaryimage"},"thumbnailUrl":"https:\/\/duncanshelley.com\/wp-content\/uploads\/amer-tanca-480x480-1.jpg","datePublished":"2019-09-18T11:33:36+00:00","dateModified":"2026-02-01T16:10:14+00:00","description":"Az Amer t\u00e1nca c\u00edm\u0171 kisreg\u00e9nyben Norman Trickey k\u00fcl\u00f6n\u00f6s \u00e9s tanuls\u00e1gos sztorikat mes\u00e9l az utasoknak egy Amer nev\u0171 var\u00e1zsl\u00f3r\u00f3l.","breadcrumb":{"@id":"https:\/\/duncanshelley.com\/termek\/duncan-shelley-amer-tanca\/#breadcrumb"},"inLanguage":"en-US","potentialAction":[{"@type":"ReadAction","target":["https:\/\/duncanshelley.com\/termek\/duncan-shelley-amer-tanca\/"]}]},{"@type":"ImageObject","inLanguage":"en-US","@id":"https:\/\/duncanshelley.com\/termek\/duncan-shelley-amer-tanca\/#primaryimage","url":"https:\/\/duncanshelley.com\/wp-content\/uploads\/amer-tanca-480x480-1.jpg","contentUrl":"https:\/\/duncanshelley.com\/wp-content\/uploads\/amer-tanca-480x480-1.jpg","width":300,"height":450,"caption":"Amer t\u00e1nca"},{"@type":"BreadcrumbList","@id":"https:\/\/duncanshelley.com\/termek\/duncan-shelley-amer-tanca\/#breadcrumb","itemListElement":[{"@type":"ListItem","position":1,"name":"Kezd\u0151lap","item":"https:\/\/duncanshelley.com\/"},{"@type":"ListItem","position":2,"name":"Webshop","item":"https:\/\/duncanshelley.com\/webshop\/"},{"@type":"ListItem","position":3,"name":"Duncan Shelley: Amer t\u00e1nca"}]},{"@type":"WebSite","@id":"https:\/\/duncanshelley.com\/#website","url":"https:\/\/duncanshelley.com\/","name":"Duncan Shelley K\u00f6nyvesbolt","description":"","potentialAction":[{"@type":"SearchAction","target":{"@type":"EntryPoint","urlTemplate":"https:\/\/duncanshelley.com\/?s={search_term_string}"},"query-input":{"@type":"PropertyValueSpecification","valueRequired":true,"valueName":"search_term_string"}}],"inLanguage":"en-US"}]}},"_links":{"self":[{"href":"https:\/\/duncanshelley.com\/en\/wp-json\/wp\/v2\/product\/90","targetHints":{"allow":["GET"]}}],"collection":[{"href":"https:\/\/duncanshelley.com\/en\/wp-json\/wp\/v2\/product"}],"about":[{"href":"https:\/\/duncanshelley.com\/en\/wp-json\/wp\/v2\/types\/product"}],"replies":[{"embeddable":true,"href":"https:\/\/duncanshelley.com\/en\/wp-json\/wp\/v2\/comments?post=90"}],"wp:featuredmedia":[{"embeddable":true,"href":"https:\/\/duncanshelley.com\/en\/wp-json\/wp\/v2\/media\/10322"}],"wp:attachment":[{"href":"https:\/\/duncanshelley.com\/en\/wp-json\/wp\/v2\/media?parent=90"}],"wp:term":[{"taxonomy":"product_brand","embeddable":true,"href":"https:\/\/duncanshelley.com\/en\/wp-json\/wp\/v2\/product_brand?post=90"},{"taxonomy":"product_cat","embeddable":true,"href":"https:\/\/duncanshelley.com\/en\/wp-json\/wp\/v2\/product_cat?post=90"},{"taxonomy":"product_tag","embeddable":true,"href":"https:\/\/duncanshelley.com\/en\/wp-json\/wp\/v2\/product_tag?post=90"}],"curies":[{"name":"wp","href":"https:\/\/api.w.org\/{rel}","templated":true}]}}