{"id":8623,"date":"2021-03-19T14:04:29","date_gmt":"2021-03-19T13:04:29","guid":{"rendered":"https:\/\/brookskiado.hu\/?post_type=product&#038;p=8623"},"modified":"2025-05-14T21:40:29","modified_gmt":"2025-05-14T19:40:29","slug":"julius-andan-a-vilag-a-szinfalak-mogott-ebook","status":"publish","type":"product","link":"https:\/\/duncanshelley.com\/en\/product\/julius-andan-a-vilag-a-szinfalak-mogott-ebook\/","title":{"rendered":"Julius Andan: A vil\u00e1g a sz\u00ednfalak m\u00f6g\u00f6tt \u2013 (eBook)"},"content":{"rendered":"<p align=\"JUSTIFY\"><strong>Julius Andan el\u0151szava a k\u00f6nyvben:<\/strong><\/p>\n<p>Andan els\u0151 k\u00f6nyve, amely 2008-ban jelent meg el\u0151sz\u00f6r, \u00e9s amely sz\u00e1mtalan ter\u00fcleten v\u00e1lt refereci\u00e1v\u00e1.<\/p>\n<p>Mostanra sokadik kiad\u00e1st, hangosk\u00f6nyvet, \u00e9s angol v\u00e1ltozatait \u00e9lte meg. A magyar nyelv\u0171 hangosk\u00f6nyvet t\u00f6bb, mint f\u00e9lmilli\u00f3an hallgatt\u00e1k meg.<\/p>\n<p>A szerz\u0151 betekint\u00e9st ny\u00fajt egy manipul\u00e1ci\u00f3s rendszerbe, amely egyedi m\u00f3don l\u00e1ttatja a vil\u00e1got. Nem vesz \u00e1t, nem k\u00f6vet, nem fogad el \u00f6sszeesk\u0171v\u00e9selm\u00e9leteket vagy t\u00f6rt\u00e9nelmi magyar\u00e1zatokat. Ez egy teljesen egyedi olvasata a vil\u00e1gnak.<\/p>\n<p>A deep state a lobbi\u00e9rdekelts\u00e9gek l\u00e1thatatlan befoly\u00e1sa. De vajon van-e valami a deep state m\u00f6g\u00f6tt? Milyen m\u00e9ly a ny\u00fal \u00fcrege? Mi mozgatja a civiliz\u00e1ci\u00f3t, olyan m\u00e9lyen, ahov\u00e1 sosem \u00e9r el a f\u00e9ny?<\/p>\n<p>Mi van akkor, ha a civiliz\u00e1ci\u00f3t tudatosan hozt\u00e1k l\u00e9tre, \u00e9s eleve \u00fagy tal\u00e1lt\u00e1k ki, hogy ne lehessen soha megv\u00e1ltoztatni?<\/p>\n<p>Mi van akkor, ha a politika, a gazdas\u00e1gi tr\u00fckk\u00f6k, az er\u0151szak, a v\u00e9gtelen sorban egym\u00e1st k\u00f6vet\u0151 v\u00e1ls\u00e1gok, a hazugs\u00e1gok \u00f3ce\u00e1nja, a t\u00f6rt\u00e9nelem hajnal\u00e1t\u00f3l j\u00e1tszott oszd meg \u00e9s uralkodj \u2013 mind csup\u00e1n figyelemelterel\u00e9s?<\/p>\n<p>Mi lehet az igazs\u00e1g, ha minden csak l\u00e1tszat?<\/p>\n<p align=\"JUSTIFY\">Julius Andan<br \/>\n2008. okt\u00f3ber 1.<\/p>\n<\/blockquote>\n<h3>Hallgasson bele a k\u00f6nyvb\u0151l k\u00e9sz\u00fclt hangosk\u00f6nyvbe:<\/h3>\n<p><iframe loading=\"lazy\" title=\"Julius Andan: A vil\u00e1g a sz\u00ednfalak m\u00f6g\u00f6tt - Eredeti\" width=\"500\" height=\"281\" src=\"https:\/\/www.youtube.com\/embed\/k7Lbp_QACq4?feature=oembed&#038;enablejsapi=1&#038;origin=https:\/\/duncanshelley.com\" frameborder=\"0\" allow=\"accelerometer; autoplay; clipboard-write; encrypted-media; gyroscope; picture-in-picture; web-share\" referrerpolicy=\"strict-origin-when-cross-origin\" allowfullscreen><\/iframe><\/p>","protected":false},"excerpt":{"rendered":"<p align=\"JUSTIFY\"><strong>Julius Andan: A vil\u00e1g a sz\u00ednfalak m\u00f6g\u00f6tt eBook (pdf)<\/strong><\/p>\n<p align=\"JUSTIFY\">Az emberi elme a legf\u0151bb, mi t\u00f6bb, az egyed\u00fcli h\u00e1bor\u00fas hadsz\u00ednt\u00e9r. Minden h\u00e1bor\u00fa els\u0151dlegesen szellemi s\u00edkon zajlik, \u00e9s a fizikai er\u0151szaknak csak l\u00e1tsz\u00f3lag a test a c\u00e9lpontja.<\/p>\n<p align=\"JUSTIFY\">Az \u00f6n j\u00f3zan esze, az intelligenci\u00e1ja, a tehets\u00e9ge \u00e9s a j\u00f6v\u0151je ellen folyik a harc.<\/p>\n<p align=\"JUSTIFY\">Ebben a h\u00e1bor\u00faban a puskagoly\u00f3 a hazugs\u00e1g, a p\u00e1nc\u00e9l a titok, \u00e9s az orgyilkos a szaktekint\u00e9ly, aki a \u201emindent jobban tud, mint \u00f6n\u201d.<\/p>\n<p align=\"JUSTIFY\">Az elnyom\u00e1s forr\u00e1sa egy titkos t\u00e1rsas\u00e1g, amelyr\u0151l a szakirodalom sehol sem tesz eml\u00edt\u00e9st. Julius Andan 25 \u00e9ven \u00e1t h\u0171en szolg\u00e1lta ezt a t\u00e1rsas\u00e1got, majd a fenn\u00e1ll\u00f3 rendszer els\u0151 \u00e1rul\u00f3ja lett.<\/p>\n<p align=\"JUSTIFY\">Vallom\u00e1sa, <em>A vil\u00e1g a sz\u00ednfalak m\u00f6g\u00f6tt<\/em>, eszk\u00f6z\u00f6ket ad \u00f6nnek, amikkel v\u00e9dekezni \u00e9s gy\u0151zni tud ebben a h\u00e1bor\u00faban, amelyt\u0151l a F\u00f6ld minden lak\u00f3ja szenved.<\/p>\n<p align=\"JUSTIFY\">Milyen t\u00e9m\u00e1kat vet fel Julius Andan?<\/p>\n<ul>\n<li>a civiliz\u00e1ci\u00f3 sz\u00fclet\u00e9se<\/li>\n<li>hatalom<\/li>\n<li>vall\u00e1s<\/li>\n<li>tudom\u00e1ny<\/li>\n<li>oktat\u00e1s<\/li>\n<li>gazdas\u00e1g<\/li>\n<li>orvostudom\u00e1ny<\/li>\n<\/ul>\n<p align=\"JUSTIFY\">Nos, tegy\u00fck fel magunknak a k\u00e9rd\u00e9st:<br \/>\nEzek mennyiben \u00e9rintenek engem?<\/p>\n<p>Ne felejts el feliratkozni a <a href=\"https:\/\/duncanshelley.com\/en\/titkos-tarsasag-regisztracio\/\" target=\"_blank\" rel=\"noopener\"><strong>Titkos T\u00e1rsas\u00e1gba<\/strong><\/a>, ahol heti egyszer tov\u00e1bbi hasznos inform\u00e1ci\u00f3kat, n\u00e9z\u0151pontokat \u00e9s aktualit\u00e1sokat olvashatsz.<\/p>\n<p>Fent vagy a Facebookon? V\u00e1runk tov\u00e1bbi \u00e9rt\u00e9kes tartalmak\u00e9rt <strong><a href=\"https:\/\/www.facebook.com\/realandan\/\" target=\"_blank\" rel=\"noopener\">Julius Andan oldal\u00e1n<\/a><\/strong>.<\/p>","protected":false},"featured_media":20625,"comment_status":"closed","ping_status":"closed","template":"","meta":{"_acf_changed":false,"_genesis_hide_title":false,"_genesis_hide_breadcrumbs":false,"_genesis_hide_singular_image":false,"_genesis_hide_footer_widgets":false,"_genesis_custom_body_class":"","_genesis_custom_post_class":"","_genesis_layout":""},"product_brand":[],"product_cat":[168,171,27],"product_tag":[],"class_list":{"0":"post-8623","1":"product","2":"type-product","3":"status-publish","4":"has-post-thumbnail","6":"product_cat-andan-konyvek","7":"product_cat-ebook-magyar","8":"product_cat-konteo-konyvek","9":"entry","11":"first","12":"instock","13":"downloadable","14":"virtual","15":"taxable","16":"purchasable","17":"product-type-simple"},"acf":[],"yoast_head":"<!-- This site is optimized with the Yoast SEO Premium plugin v27.4 (Yoast SEO v27.4) - https:\/\/yoast.com\/product\/yoast-seo-premium-wordpress\/ -->\n<title>Julius Andan: A vil\u00e1g a sz\u00ednfalak m\u00f6g\u00f6tt \u2013 (eBook) - Duncan Shelley K\u00f6nyvesbolt<\/title>\n<meta name=\"description\" content=\"Julius Andan A vil\u00e1g a sz\u00ednfalak m\u00f6g\u00f6tt c\u00edm\u0171 ebook (pdf) leleplezi a manipul\u00e1ci\u00f3t, amiben \u00e9l\u00fcnk. Itt megtudja az igazs\u00e1got.\" \/>\n<meta name=\"robots\" content=\"index, follow, max-snippet:-1, max-image-preview:large, max-video-preview:-1\" \/>\n<link rel=\"canonical\" href=\"https:\/\/duncanshelley.com\/en\/product\/julius-andan-a-vilag-a-szinfalak-mogott-ebook\/\" \/>\n<meta property=\"og:locale\" content=\"en_US\" \/>\n<meta property=\"og:type\" content=\"article\" \/>\n<meta property=\"og:title\" content=\"Julius Andan: A vil\u00e1g a sz\u00ednfalak m\u00f6g\u00f6tt \u2013 (eBook)\" \/>\n<meta property=\"og:description\" content=\"Julius Andan A vil\u00e1g a sz\u00ednfalak m\u00f6g\u00f6tt c\u00edm\u0171 ebook (pdf) leleplezi a manipul\u00e1ci\u00f3t, amiben \u00e9l\u00fcnk. Itt megtudja az igazs\u00e1got.\" \/>\n<meta property=\"og:url\" content=\"https:\/\/duncanshelley.com\/en\/product\/julius-andan-a-vilag-a-szinfalak-mogott-ebook\/\" \/>\n<meta property=\"og:site_name\" content=\"Duncan Shelley K\u00f6nyvesbolt\" \/>\n<meta property=\"article:modified_time\" content=\"2025-05-14T19:40:29+00:00\" \/>\n<meta property=\"og:image\" content=\"https:\/\/duncanshelley.com\/wp-content\/uploads\/Julius-Andan-A-vilag-a-szinfalak-mogott-2.jpg\" \/>\n\t<meta property=\"og:image:width\" content=\"600\" \/>\n\t<meta property=\"og:image:height\" content=\"950\" \/>\n\t<meta property=\"og:image:type\" content=\"image\/jpeg\" \/>\n<meta name=\"twitter:label1\" content=\"Est. reading time\" \/>\n\t<meta name=\"twitter:data1\" content=\"1 minute\" \/>\n<script type=\"application\/ld+json\" class=\"yoast-schema-graph\">{\"@context\":\"https:\\\/\\\/schema.org\",\"@graph\":[{\"@type\":\"WebPage\",\"@id\":\"https:\\\/\\\/duncanshelley.com\\\/termek\\\/julius-andan-a-vilag-a-szinfalak-mogott-ebook\\\/\",\"url\":\"https:\\\/\\\/duncanshelley.com\\\/termek\\\/julius-andan-a-vilag-a-szinfalak-mogott-ebook\\\/\",\"name\":\"Julius Andan: A vil\u00e1g a sz\u00ednfalak m\u00f6g\u00f6tt \u2013 (eBook) - Duncan Shelley K\u00f6nyvesbolt\",\"isPartOf\":{\"@id\":\"https:\\\/\\\/duncanshelley.com\\\/#website\"},\"primaryImageOfPage\":{\"@id\":\"https:\\\/\\\/duncanshelley.com\\\/termek\\\/julius-andan-a-vilag-a-szinfalak-mogott-ebook\\\/#primaryimage\"},\"image\":{\"@id\":\"https:\\\/\\\/duncanshelley.com\\\/termek\\\/julius-andan-a-vilag-a-szinfalak-mogott-ebook\\\/#primaryimage\"},\"thumbnailUrl\":\"https:\\\/\\\/duncanshelley.com\\\/wp-content\\\/uploads\\\/Julius-Andan-A-vilag-a-szinfalak-mogott-2.jpg\",\"datePublished\":\"2021-03-19T13:04:29+00:00\",\"dateModified\":\"2025-05-14T19:40:29+00:00\",\"description\":\"Julius Andan A vil\u00e1g a sz\u00ednfalak m\u00f6g\u00f6tt c\u00edm\u0171 ebook (pdf) leleplezi a manipul\u00e1ci\u00f3t, amiben \u00e9l\u00fcnk. Itt megtudja az igazs\u00e1got.\",\"breadcrumb\":{\"@id\":\"https:\\\/\\\/duncanshelley.com\\\/termek\\\/julius-andan-a-vilag-a-szinfalak-mogott-ebook\\\/#breadcrumb\"},\"inLanguage\":\"en-US\",\"potentialAction\":[{\"@type\":\"ReadAction\",\"target\":[\"https:\\\/\\\/duncanshelley.com\\\/termek\\\/julius-andan-a-vilag-a-szinfalak-mogott-ebook\\\/\"]}]},{\"@type\":\"ImageObject\",\"inLanguage\":\"en-US\",\"@id\":\"https:\\\/\\\/duncanshelley.com\\\/termek\\\/julius-andan-a-vilag-a-szinfalak-mogott-ebook\\\/#primaryimage\",\"url\":\"https:\\\/\\\/duncanshelley.com\\\/wp-content\\\/uploads\\\/Julius-Andan-A-vilag-a-szinfalak-mogott-2.jpg\",\"contentUrl\":\"https:\\\/\\\/duncanshelley.com\\\/wp-content\\\/uploads\\\/Julius-Andan-A-vilag-a-szinfalak-mogott-2.jpg\",\"width\":600,\"height\":950,\"caption\":\"Julius Andan A Vila\u0301g A Szi\u0301nfalak Mo\u0308go\u0308tt\"},{\"@type\":\"BreadcrumbList\",\"@id\":\"https:\\\/\\\/duncanshelley.com\\\/termek\\\/julius-andan-a-vilag-a-szinfalak-mogott-ebook\\\/#breadcrumb\",\"itemListElement\":[{\"@type\":\"ListItem\",\"position\":1,\"name\":\"Kezd\u0151lap\",\"item\":\"https:\\\/\\\/duncanshelley.com\\\/\"},{\"@type\":\"ListItem\",\"position\":2,\"name\":\"Webshop\",\"item\":\"https:\\\/\\\/duncanshelley.com\\\/webshop\\\/\"},{\"@type\":\"ListItem\",\"position\":3,\"name\":\"Julius Andan: A vil\u00e1g a sz\u00ednfalak m\u00f6g\u00f6tt \u2013 (eBook)\"}]},{\"@type\":\"WebSite\",\"@id\":\"https:\\\/\\\/duncanshelley.com\\\/#website\",\"url\":\"https:\\\/\\\/duncanshelley.com\\\/\",\"name\":\"Duncan Shelley K\u00f6nyvesbolt\",\"description\":\"\",\"potentialAction\":[{\"@type\":\"SearchAction\",\"target\":{\"@type\":\"EntryPoint\",\"urlTemplate\":\"https:\\\/\\\/duncanshelley.com\\\/?s={search_term_string}\"},\"query-input\":{\"@type\":\"PropertyValueSpecification\",\"valueRequired\":true,\"valueName\":\"search_term_string\"}}],\"inLanguage\":\"en-US\"}]}<\/script>\n<!-- \/ Yoast SEO Premium plugin. -->","yoast_head_json":{"title":"Julius Andan: A vil\u00e1g a sz\u00ednfalak m\u00f6g\u00f6tt \u2013 (eBook) - Duncan Shelley K\u00f6nyvesbolt","description":"Julius Andan A vil\u00e1g a sz\u00ednfalak m\u00f6g\u00f6tt c\u00edm\u0171 ebook (pdf) leleplezi a manipul\u00e1ci\u00f3t, amiben \u00e9l\u00fcnk. Itt megtudja az igazs\u00e1got.","robots":{"index":"index","follow":"follow","max-snippet":"max-snippet:-1","max-image-preview":"max-image-preview:large","max-video-preview":"max-video-preview:-1"},"canonical":"https:\/\/duncanshelley.com\/en\/product\/julius-andan-a-vilag-a-szinfalak-mogott-ebook\/","og_locale":"en_US","og_type":"article","og_title":"Julius Andan: A vil\u00e1g a sz\u00ednfalak m\u00f6g\u00f6tt \u2013 (eBook)","og_description":"Julius Andan A vil\u00e1g a sz\u00ednfalak m\u00f6g\u00f6tt c\u00edm\u0171 ebook (pdf) leleplezi a manipul\u00e1ci\u00f3t, amiben \u00e9l\u00fcnk. Itt megtudja az igazs\u00e1got.","og_url":"https:\/\/duncanshelley.com\/en\/product\/julius-andan-a-vilag-a-szinfalak-mogott-ebook\/","og_site_name":"Duncan Shelley K\u00f6nyvesbolt","article_modified_time":"2025-05-14T19:40:29+00:00","og_image":[{"width":600,"height":950,"url":"https:\/\/duncanshelley.com\/wp-content\/uploads\/Julius-Andan-A-vilag-a-szinfalak-mogott-2.jpg","type":"image\/jpeg"}],"twitter_misc":{"Est. reading time":"1 minute"},"schema":{"@context":"https:\/\/schema.org","@graph":[{"@type":"WebPage","@id":"https:\/\/duncanshelley.com\/termek\/julius-andan-a-vilag-a-szinfalak-mogott-ebook\/","url":"https:\/\/duncanshelley.com\/termek\/julius-andan-a-vilag-a-szinfalak-mogott-ebook\/","name":"Julius Andan: A vil\u00e1g a sz\u00ednfalak m\u00f6g\u00f6tt \u2013 (eBook) - Duncan Shelley K\u00f6nyvesbolt","isPartOf":{"@id":"https:\/\/duncanshelley.com\/#website"},"primaryImageOfPage":{"@id":"https:\/\/duncanshelley.com\/termek\/julius-andan-a-vilag-a-szinfalak-mogott-ebook\/#primaryimage"},"image":{"@id":"https:\/\/duncanshelley.com\/termek\/julius-andan-a-vilag-a-szinfalak-mogott-ebook\/#primaryimage"},"thumbnailUrl":"https:\/\/duncanshelley.com\/wp-content\/uploads\/Julius-Andan-A-vilag-a-szinfalak-mogott-2.jpg","datePublished":"2021-03-19T13:04:29+00:00","dateModified":"2025-05-14T19:40:29+00:00","description":"Julius Andan A vil\u00e1g a sz\u00ednfalak m\u00f6g\u00f6tt c\u00edm\u0171 ebook (pdf) leleplezi a manipul\u00e1ci\u00f3t, amiben \u00e9l\u00fcnk. Itt megtudja az igazs\u00e1got.","breadcrumb":{"@id":"https:\/\/duncanshelley.com\/termek\/julius-andan-a-vilag-a-szinfalak-mogott-ebook\/#breadcrumb"},"inLanguage":"en-US","potentialAction":[{"@type":"ReadAction","target":["https:\/\/duncanshelley.com\/termek\/julius-andan-a-vilag-a-szinfalak-mogott-ebook\/"]}]},{"@type":"ImageObject","inLanguage":"en-US","@id":"https:\/\/duncanshelley.com\/termek\/julius-andan-a-vilag-a-szinfalak-mogott-ebook\/#primaryimage","url":"https:\/\/duncanshelley.com\/wp-content\/uploads\/Julius-Andan-A-vilag-a-szinfalak-mogott-2.jpg","contentUrl":"https:\/\/duncanshelley.com\/wp-content\/uploads\/Julius-Andan-A-vilag-a-szinfalak-mogott-2.jpg","width":600,"height":950,"caption":"Julius Andan A Vila\u0301g A Szi\u0301nfalak Mo\u0308go\u0308tt"},{"@type":"BreadcrumbList","@id":"https:\/\/duncanshelley.com\/termek\/julius-andan-a-vilag-a-szinfalak-mogott-ebook\/#breadcrumb","itemListElement":[{"@type":"ListItem","position":1,"name":"Kezd\u0151lap","item":"https:\/\/duncanshelley.com\/"},{"@type":"ListItem","position":2,"name":"Webshop","item":"https:\/\/duncanshelley.com\/webshop\/"},{"@type":"ListItem","position":3,"name":"Julius Andan: A vil\u00e1g a sz\u00ednfalak m\u00f6g\u00f6tt \u2013 (eBook)"}]},{"@type":"WebSite","@id":"https:\/\/duncanshelley.com\/#website","url":"https:\/\/duncanshelley.com\/","name":"Duncan Shelley K\u00f6nyvesbolt","description":"","potentialAction":[{"@type":"SearchAction","target":{"@type":"EntryPoint","urlTemplate":"https:\/\/duncanshelley.com\/?s={search_term_string}"},"query-input":{"@type":"PropertyValueSpecification","valueRequired":true,"valueName":"search_term_string"}}],"inLanguage":"en-US"}]}},"_links":{"self":[{"href":"https:\/\/duncanshelley.com\/en\/wp-json\/wp\/v2\/product\/8623","targetHints":{"allow":["GET"]}}],"collection":[{"href":"https:\/\/duncanshelley.com\/en\/wp-json\/wp\/v2\/product"}],"about":[{"href":"https:\/\/duncanshelley.com\/en\/wp-json\/wp\/v2\/types\/product"}],"replies":[{"embeddable":true,"href":"https:\/\/duncanshelley.com\/en\/wp-json\/wp\/v2\/comments?post=8623"}],"wp:featuredmedia":[{"embeddable":true,"href":"https:\/\/duncanshelley.com\/en\/wp-json\/wp\/v2\/media\/20625"}],"wp:attachment":[{"href":"https:\/\/duncanshelley.com\/en\/wp-json\/wp\/v2\/media?parent=8623"}],"wp:term":[{"taxonomy":"product_brand","embeddable":true,"href":"https:\/\/duncanshelley.com\/en\/wp-json\/wp\/v2\/product_brand?post=8623"},{"taxonomy":"product_cat","embeddable":true,"href":"https:\/\/duncanshelley.com\/en\/wp-json\/wp\/v2\/product_cat?post=8623"},{"taxonomy":"product_tag","embeddable":true,"href":"https:\/\/duncanshelley.com\/en\/wp-json\/wp\/v2\/product_tag?post=8623"}],"curies":[{"name":"wp","href":"https:\/\/api.w.org\/{rel}","templated":true}]}}