{"id":86,"date":"2022-02-27T06:02:53","date_gmt":"2022-02-27T05:02:53","guid":{"rendered":"https:\/\/brookskiado.hu\/?post_type=product&#038;p=86"},"modified":"2026-04-02T18:51:35","modified_gmt":"2026-04-02T16:51:35","slug":"elme-gyilkosai-trilogia-csomag","status":"publish","type":"product","link":"https:\/\/duncanshelley.com\/en\/product\/elme-gyilkosai-trilogia-csomag\/","title":{"rendered":"Duncan Shelley: Az Elme gyilkosai tril\u00f3gia csomag"},"content":{"rendered":"<h3 data-section-id=\"od8m20\" data-start=\"429\" data-end=\"445\">\ud83e\udde0 A T\u00d6RT\u00c9NET<\/h3>\n<p data-start=\"447\" data-end=\"482\">Dr. Julius Andan nem \u00e1tlagos ember. Az Amerikai Pszichi\u00e1triai T\u00e1rsas\u00e1g eln\u00f6ke.<br data-start=\"526\" data-end=\"529\" \/>Egy f\u00e9rfi, aki <strong data-start=\"544\" data-end=\"590\">negyed \u00e9vsz\u00e1zadon \u00e1t a rendszer r\u00e9sze volt<\/strong>. Majd egy nap elt\u0171nik.<\/p>\n<p data-start=\"628\" data-end=\"653\">Nem menek\u00fcl.<br data-start=\"640\" data-end=\"643\" \/>\ud83d\udc49 k\u00e9sz\u00fcl.<\/p>\n<ul>\n<li data-start=\"660\" data-end=\"746\">Egy k\u00f6nyvre.<\/li>\n<li data-start=\"660\" data-end=\"746\">Egy leleplez\u00e9sre.<\/li>\n<li data-start=\"660\" data-end=\"746\">Egy igazs\u00e1gra, amit nem lett volna szabad meg\u00edrnia.<\/li>\n<\/ul>\n<h4 data-section-id=\"4fhjns\" data-start=\"753\" data-end=\"778\">AMI EZUT\u00c1N T\u00d6RT\u00c9NIK<\/h4>\n<p data-start=\"780\" data-end=\"812\">\ud83d\udc49 az eg\u00e9sz vil\u00e1g ellene fordul:<\/p>\n<ul data-start=\"814\" data-end=\"869\">\n<li data-section-id=\"171h3fp\" data-start=\"814\" data-end=\"821\">FBI<\/li>\n<li data-section-id=\"16wgzur\" data-start=\"822\" data-end=\"829\">CIA<\/li>\n<li data-section-id=\"18t9iig\" data-start=\"830\" data-end=\"848\">politikai elit<\/li>\n<li data-section-id=\"r5dtfk\" data-start=\"849\" data-end=\"858\">m\u00e9dia<\/li>\n<li data-section-id=\"1j0r9rg\" data-start=\"859\" data-end=\"869\">maffia<\/li>\n<\/ul>\n<p data-start=\"876\" data-end=\"936\">\u27a1\ufe0f mindenki \u0151t keresi<br data-start=\"897\" data-end=\"900\" \/>\u27a1\ufe0f mindenki el akarja hallgattatni<\/p>\n<p data-start=\"943\" data-end=\"960\">Mert amit tud\u2026<\/p>\n<p data-start=\"962\" data-end=\"1006\">\u27a1\ufe0f <strong data-start=\"965\" data-end=\"1006\">az k\u00e9pes lenne mindent megv\u00e1ltoztatni<\/strong><\/p>\n<h4 data-section-id=\"g7rc8h\" data-start=\"1013\" data-end=\"1034\">\ud83e\udde0 A VAL\u00d3DI K\u00c9RD\u00c9S<\/h4>\n<p data-start=\"1036\" data-end=\"1082\">Hogyan uralhatja a vil\u00e1got egy maroknyi ember?<\/p>\n<p data-start=\"1089\" data-end=\"1145\"><strong data-start=\"1089\" data-end=\"1145\">Nem kell mindent ir\u00e1ny\u00edtani.<br data-start=\"1119\" data-end=\"1122\" \/>El\u00e9g a kulcspontokat.<\/strong><\/p>\n<h4 data-section-id=\"q9ihfs\" data-start=\"1152\" data-end=\"1184\">MI\u00c9RT KELL EGYBEN OLVASNOD<\/h4>\n<p data-start=\"1186\" data-end=\"1211\">Ez nem h\u00e1rom k\u00fcl\u00f6n k\u00f6nyv.<\/p>\n<p data-start=\"1213\" data-end=\"1238\">\ud83d\udc49 hanem <strong data-start=\"1222\" data-end=\"1238\">egy t\u00f6rt\u00e9net<\/strong><\/p>\n<p data-start=\"1245\" data-end=\"1333\">\u27a1\ufe0f ami egyre m\u00e9lyebbre h\u00faz<br data-start=\"1271\" data-end=\"1274\" \/>\u27a1\ufe0f egyre s\u00f6t\u00e9tebb lesz<br data-start=\"1296\" data-end=\"1299\" \/>\u27a1\ufe0f \u00e9s a v\u00e9g\u00e9n mindent \u00e1t\u00e9rtelmez<\/p>\n<p data-start=\"1340\" data-end=\"1358\">\ud83d\udc49 ha f\u00e9lbehagyod:<\/p>\n<p data-start=\"1360\" data-end=\"1386\">\u27a1\ufe0f <strong data-start=\"1363\" data-end=\"1386\">nem \u00e1ll \u00f6ssze a k\u00e9p.<\/strong><\/p>\n<h4 data-section-id=\"epks5d\" data-start=\"1393\" data-end=\"1408\">\ud83d\udcda MIT KAPSZ<\/h4>\n<p data-start=\"1410\" data-end=\"1492\">\u2714 Az \u00e1rul\u00f3 (1. r\u00e9sz)<br data-start=\"1430\" data-end=\"1433\" \/>\u2714 A t\u00e9boly katon\u00e1i (2. r\u00e9sz)<br data-start=\"1461\" data-end=\"1464\" \/>\u2714 A v\u00e9gs\u0151 h\u00e1bor\u00fa (3. r\u00e9sz)<\/p>\n<p data-start=\"1499\" data-end=\"1532\"><strong>A teljes t\u00f6rt\u00e9netet egyben<\/strong><\/p>\n<h4 data-section-id=\"t1tktb\" data-start=\"1539\" data-end=\"1562\">\ud83e\udde0 MI\u00c9RT BESZIPPANT\u00d3<\/h4>\n<p data-start=\"1564\" data-end=\"1593\">Az <em data-start=\"1567\" data-end=\"1592\">Elme Gyilkosai tril\u00f3gia<\/em>:<\/p>\n<p data-start=\"1595\" data-end=\"1700\">\u2714 \u00f6sszemossa a val\u00f3s\u00e1got \u00e9s a fikci\u00f3t<br data-start=\"1632\" data-end=\"1635\" \/>\u2714 folyamatos fesz\u00fclts\u00e9gben tart<br data-start=\"1666\" data-end=\"1669\" \/>\u2714 egyre t\u00f6bb k\u00e9rd\u00e9st nyit meg<\/p>\n<p data-start=\"1707\" data-end=\"1724\">&#8230;\u00e9s egy ponton, m\u00e1r nem tudod, mi igaz.<\/p>\n<h4 data-section-id=\"h9vlil\" data-start=\"1758\" data-end=\"1779\">\u2b50 OLVAS\u00d3I V\u00c9LEM\u00c9NY<\/h4>\n<p data-start=\"1781\" data-end=\"1889\">\u201eMeggy\u0151z\u0151d\u00e9sem volt, hogy valami \u00e1ln\u00e9ven \u00edr\u00f3 CIA \u00fcgyn\u00f6k \u00edrta\u2026<br data-start=\"1842\" data-end=\"1845\" \/>olyan dolgokat mond ki, amiket m\u00e1s nem mer.\u201d<\/p>\n<p data-start=\"1891\" data-end=\"1937\">\u00a0\u201eAz \u00e9n \u00e9letemre meghat\u00e1roz\u00f3 hat\u00e1ssal volt.\u201d<\/p>\n<p data-start=\"1939\" data-end=\"1951\">\u2014 Csoma Imre<\/p>\n<h4 data-section-id=\"d1bifp\" data-start=\"1958\" data-end=\"1971\">AJ\u00c1NLAT<\/h4>\n<p data-start=\"1973\" data-end=\"2015\">\ud83d\udc49 <strong data-start=\"1976\" data-end=\"2013\">Tril\u00f3gia csomag (kedvezm\u00e9nyes \u00e1r)<\/strong><\/p>\n<p data-start=\"2017\" data-end=\"2073\">\u27a1\ufe0f t\u00f6bb t\u00f6rt\u00e9net<br data-start=\"2033\" data-end=\"2036\" \/>\u27a1\ufe0f teljes \u00e9lm\u00e9ny<br data-start=\"2052\" data-end=\"2055\" \/>\u27a1\ufe0f nagyobb \u00e9rt\u00e9k<\/p>\n<h4 data-section-id=\"1y7l091\" data-start=\"2080\" data-end=\"2092\">FONTOS<\/h4>\n<p data-start=\"2094\" data-end=\"2132\">\ud83d\udc49 ezt nem \u00e9rdemes k\u00fcl\u00f6n-k\u00fcl\u00f6n olvasni, <strong data-start=\"2137\" data-end=\"2171\">csak egy\u00fctt adja ki az eg\u00e9szet<\/strong><\/p>\n<p data-start=\"2189\" data-end=\"2257\">\ud83d\udc49 <strong data-start=\"2192\" data-end=\"2257\">Tedd kos\u00e1rba most \u2014 \u00e9s der\u00edtsd ki, mi zajlik a felsz\u00edn alatt.<\/strong><\/p>","protected":false},"excerpt":{"rendered":"<p><strong>Az \u00c1rul\u00f3 + A t\u00e9boly katon\u00e1i + A v\u00e9gs\u0151 h\u00e1bor\u00fa<\/strong><br \/>\nA tril\u00f3gia h\u00e1rom k\u00f6tete<br \/>\nM\u0171faj: politikai thriller<br \/>\n<strong>Oldalsz\u00e1m<\/strong>: 379 + 360 + 442<br \/>\n<strong>Kiad\u00e1s<\/strong> <strong>\u00e9ve<\/strong>: 2000, 2007, 2012, 2014, 2020, 2022, 2023, 2024, 2025, 2026<\/p>\n<p data-start=\"244\" data-end=\"288\"><strong data-start=\"244\" data-end=\"288\">Mi van, ha a vil\u00e1g nem az, aminek l\u00e1tod?<\/strong><\/p>\n<p data-start=\"290\" data-end=\"346\">Mi van, ha a gondolataid&#8230;, nem teljesen a saj\u00e1tjaid?<\/p>\n<p data-start=\"353\" data-end=\"422\">\u00c9s mi van, ha valaki m\u00e1r 25 \u00e9ve tudja ezt \u2014<br data-start=\"396\" data-end=\"399\" \/>\u00e9s most v\u00e9gre elmondja?<\/p>\n<p>&nbsp;<\/p>","protected":false},"featured_media":8616,"comment_status":"closed","ping_status":"closed","template":"","meta":{"_acf_changed":false,"_genesis_hide_title":false,"_genesis_hide_breadcrumbs":false,"_genesis_hide_singular_image":false,"_genesis_hide_footer_widgets":false,"_genesis_custom_body_class":"","_genesis_custom_post_class":"","_genesis_layout":""},"product_brand":[],"product_cat":[168,43,27],"product_tag":[],"class_list":{"0":"post-86","1":"product","2":"type-product","3":"status-publish","4":"has-post-thumbnail","6":"product_cat-andan-konyvek","7":"product_cat-elme-gyilkosai","8":"product_cat-konteo-konyvek","9":"entry","11":"first","12":"instock","13":"taxable","14":"shipping-taxable","15":"purchasable","16":"product-type-simple"},"acf":[],"yoast_head":"<!-- This site is optimized with the Yoast SEO Premium plugin v27.6 (Yoast SEO v27.6) - https:\/\/yoast.com\/product\/yoast-seo-premium-wordpress\/ -->\n<title>Duncan Shelley: Az Elme gyilkosai tril\u00f3gia csomag - Duncan Shelley K\u00f6nyvesbolt<\/title>\n<meta name=\"description\" content=\"\u00dagy t\u0171nik, reg\u00e9nyt olvasunk, k\u00f6zben folyton \u00e9l benn\u00fcnk a nyugtalan\u00edt\u00f3 \u00e9rz\u00e9s, hogy mindez val\u00f3s\u00e1g, kegyetlen realit\u00e1s. (Nemere Istv\u00e1n)\" \/>\n<meta name=\"robots\" content=\"index, follow, max-snippet:-1, max-image-preview:large, max-video-preview:-1\" \/>\n<link rel=\"canonical\" href=\"https:\/\/duncanshelley.com\/en\/product\/elme-gyilkosai-trilogia-csomag\/\" \/>\n<meta property=\"og:locale\" content=\"en_US\" \/>\n<meta property=\"og:type\" content=\"article\" \/>\n<meta property=\"og:title\" content=\"Duncan Shelley: Az Elme gyilkosai tril\u00f3gia csomag\" \/>\n<meta property=\"og:description\" content=\"\u00dagy t\u0171nik, reg\u00e9nyt olvasunk, k\u00f6zben folyton \u00e9l benn\u00fcnk a nyugtalan\u00edt\u00f3 \u00e9rz\u00e9s, hogy mindez val\u00f3s\u00e1g, kegyetlen realit\u00e1s. (Nemere Istv\u00e1n)\" \/>\n<meta property=\"og:url\" content=\"https:\/\/duncanshelley.com\/en\/product\/elme-gyilkosai-trilogia-csomag\/\" \/>\n<meta property=\"og:site_name\" content=\"Duncan Shelley K\u00f6nyvesbolt\" \/>\n<meta property=\"article:modified_time\" content=\"2026-04-02T16:51:35+00:00\" \/>\n<meta property=\"og:image\" content=\"https:\/\/duncanshelley.com\/wp-content\/uploads\/elme-gyilkosai-trilogy.jpg\" \/>\n\t<meta property=\"og:image:width\" content=\"300\" \/>\n\t<meta property=\"og:image:height\" content=\"475\" \/>\n\t<meta property=\"og:image:type\" content=\"image\/jpeg\" \/>\n<meta name=\"twitter:label1\" content=\"Est. reading time\" \/>\n\t<meta name=\"twitter:data1\" content=\"2 minutes\" \/>\n<script type=\"application\/ld+json\" class=\"yoast-schema-graph\">{\"@context\":\"https:\\\/\\\/schema.org\",\"@graph\":[{\"@type\":\"WebPage\",\"@id\":\"https:\\\/\\\/duncanshelley.com\\\/termek\\\/elme-gyilkosai-trilogia-csomag\\\/\",\"url\":\"https:\\\/\\\/duncanshelley.com\\\/termek\\\/elme-gyilkosai-trilogia-csomag\\\/\",\"name\":\"Duncan Shelley: Az Elme gyilkosai tril\u00f3gia csomag - Duncan Shelley K\u00f6nyvesbolt\",\"isPartOf\":{\"@id\":\"https:\\\/\\\/duncanshelley.com\\\/#website\"},\"primaryImageOfPage\":{\"@id\":\"https:\\\/\\\/duncanshelley.com\\\/termek\\\/elme-gyilkosai-trilogia-csomag\\\/#primaryimage\"},\"image\":{\"@id\":\"https:\\\/\\\/duncanshelley.com\\\/termek\\\/elme-gyilkosai-trilogia-csomag\\\/#primaryimage\"},\"thumbnailUrl\":\"https:\\\/\\\/duncanshelley.com\\\/wp-content\\\/uploads\\\/elme-gyilkosai-trilogy.jpg\",\"datePublished\":\"2022-02-27T05:02:53+00:00\",\"dateModified\":\"2026-04-02T16:51:35+00:00\",\"description\":\"\u00dagy t\u0171nik, reg\u00e9nyt olvasunk, k\u00f6zben folyton \u00e9l benn\u00fcnk a nyugtalan\u00edt\u00f3 \u00e9rz\u00e9s, hogy mindez val\u00f3s\u00e1g, kegyetlen realit\u00e1s. (Nemere Istv\u00e1n)\",\"breadcrumb\":{\"@id\":\"https:\\\/\\\/duncanshelley.com\\\/termek\\\/elme-gyilkosai-trilogia-csomag\\\/#breadcrumb\"},\"inLanguage\":\"en-US\",\"potentialAction\":[{\"@type\":\"ReadAction\",\"target\":[\"https:\\\/\\\/duncanshelley.com\\\/termek\\\/elme-gyilkosai-trilogia-csomag\\\/\"]}]},{\"@type\":\"ImageObject\",\"inLanguage\":\"en-US\",\"@id\":\"https:\\\/\\\/duncanshelley.com\\\/termek\\\/elme-gyilkosai-trilogia-csomag\\\/#primaryimage\",\"url\":\"https:\\\/\\\/duncanshelley.com\\\/wp-content\\\/uploads\\\/elme-gyilkosai-trilogy.jpg\",\"contentUrl\":\"https:\\\/\\\/duncanshelley.com\\\/wp-content\\\/uploads\\\/elme-gyilkosai-trilogy.jpg\",\"width\":300,\"height\":475,\"caption\":\"elme-gyilkosai-trilogy\"},{\"@type\":\"BreadcrumbList\",\"@id\":\"https:\\\/\\\/duncanshelley.com\\\/termek\\\/elme-gyilkosai-trilogia-csomag\\\/#breadcrumb\",\"itemListElement\":[{\"@type\":\"ListItem\",\"position\":1,\"name\":\"Kezd\u0151lap\",\"item\":\"https:\\\/\\\/duncanshelley.com\\\/\"},{\"@type\":\"ListItem\",\"position\":2,\"name\":\"Webshop\",\"item\":\"https:\\\/\\\/duncanshelley.com\\\/webshop\\\/\"},{\"@type\":\"ListItem\",\"position\":3,\"name\":\"Duncan Shelley: Az Elme gyilkosai tril\u00f3gia csomag\"}]},{\"@type\":\"WebSite\",\"@id\":\"https:\\\/\\\/duncanshelley.com\\\/#website\",\"url\":\"https:\\\/\\\/duncanshelley.com\\\/\",\"name\":\"Duncan Shelley K\u00f6nyvesbolt\",\"description\":\"\",\"potentialAction\":[{\"@type\":\"SearchAction\",\"target\":{\"@type\":\"EntryPoint\",\"urlTemplate\":\"https:\\\/\\\/duncanshelley.com\\\/?s={search_term_string}\"},\"query-input\":{\"@type\":\"PropertyValueSpecification\",\"valueRequired\":true,\"valueName\":\"search_term_string\"}}],\"inLanguage\":\"en-US\"}]}<\/script>\n<!-- \/ Yoast SEO Premium plugin. -->","yoast_head_json":{"title":"Duncan Shelley: Az Elme gyilkosai tril\u00f3gia csomag - Duncan Shelley K\u00f6nyvesbolt","description":"\u00dagy t\u0171nik, reg\u00e9nyt olvasunk, k\u00f6zben folyton \u00e9l benn\u00fcnk a nyugtalan\u00edt\u00f3 \u00e9rz\u00e9s, hogy mindez val\u00f3s\u00e1g, kegyetlen realit\u00e1s. (Nemere Istv\u00e1n)","robots":{"index":"index","follow":"follow","max-snippet":"max-snippet:-1","max-image-preview":"max-image-preview:large","max-video-preview":"max-video-preview:-1"},"canonical":"https:\/\/duncanshelley.com\/en\/product\/elme-gyilkosai-trilogia-csomag\/","og_locale":"en_US","og_type":"article","og_title":"Duncan Shelley: Az Elme gyilkosai tril\u00f3gia csomag","og_description":"\u00dagy t\u0171nik, reg\u00e9nyt olvasunk, k\u00f6zben folyton \u00e9l benn\u00fcnk a nyugtalan\u00edt\u00f3 \u00e9rz\u00e9s, hogy mindez val\u00f3s\u00e1g, kegyetlen realit\u00e1s. (Nemere Istv\u00e1n)","og_url":"https:\/\/duncanshelley.com\/en\/product\/elme-gyilkosai-trilogia-csomag\/","og_site_name":"Duncan Shelley K\u00f6nyvesbolt","article_modified_time":"2026-04-02T16:51:35+00:00","og_image":[{"width":300,"height":475,"url":"https:\/\/duncanshelley.com\/wp-content\/uploads\/elme-gyilkosai-trilogy.jpg","type":"image\/jpeg"}],"twitter_misc":{"Est. reading time":"2 minutes"},"schema":{"@context":"https:\/\/schema.org","@graph":[{"@type":"WebPage","@id":"https:\/\/duncanshelley.com\/termek\/elme-gyilkosai-trilogia-csomag\/","url":"https:\/\/duncanshelley.com\/termek\/elme-gyilkosai-trilogia-csomag\/","name":"Duncan Shelley: Az Elme gyilkosai tril\u00f3gia csomag - Duncan Shelley K\u00f6nyvesbolt","isPartOf":{"@id":"https:\/\/duncanshelley.com\/#website"},"primaryImageOfPage":{"@id":"https:\/\/duncanshelley.com\/termek\/elme-gyilkosai-trilogia-csomag\/#primaryimage"},"image":{"@id":"https:\/\/duncanshelley.com\/termek\/elme-gyilkosai-trilogia-csomag\/#primaryimage"},"thumbnailUrl":"https:\/\/duncanshelley.com\/wp-content\/uploads\/elme-gyilkosai-trilogy.jpg","datePublished":"2022-02-27T05:02:53+00:00","dateModified":"2026-04-02T16:51:35+00:00","description":"\u00dagy t\u0171nik, reg\u00e9nyt olvasunk, k\u00f6zben folyton \u00e9l benn\u00fcnk a nyugtalan\u00edt\u00f3 \u00e9rz\u00e9s, hogy mindez val\u00f3s\u00e1g, kegyetlen realit\u00e1s. (Nemere Istv\u00e1n)","breadcrumb":{"@id":"https:\/\/duncanshelley.com\/termek\/elme-gyilkosai-trilogia-csomag\/#breadcrumb"},"inLanguage":"en-US","potentialAction":[{"@type":"ReadAction","target":["https:\/\/duncanshelley.com\/termek\/elme-gyilkosai-trilogia-csomag\/"]}]},{"@type":"ImageObject","inLanguage":"en-US","@id":"https:\/\/duncanshelley.com\/termek\/elme-gyilkosai-trilogia-csomag\/#primaryimage","url":"https:\/\/duncanshelley.com\/wp-content\/uploads\/elme-gyilkosai-trilogy.jpg","contentUrl":"https:\/\/duncanshelley.com\/wp-content\/uploads\/elme-gyilkosai-trilogy.jpg","width":300,"height":475,"caption":"elme-gyilkosai-trilogy"},{"@type":"BreadcrumbList","@id":"https:\/\/duncanshelley.com\/termek\/elme-gyilkosai-trilogia-csomag\/#breadcrumb","itemListElement":[{"@type":"ListItem","position":1,"name":"Kezd\u0151lap","item":"https:\/\/duncanshelley.com\/"},{"@type":"ListItem","position":2,"name":"Webshop","item":"https:\/\/duncanshelley.com\/webshop\/"},{"@type":"ListItem","position":3,"name":"Duncan Shelley: Az Elme gyilkosai tril\u00f3gia csomag"}]},{"@type":"WebSite","@id":"https:\/\/duncanshelley.com\/#website","url":"https:\/\/duncanshelley.com\/","name":"Duncan Shelley K\u00f6nyvesbolt","description":"","potentialAction":[{"@type":"SearchAction","target":{"@type":"EntryPoint","urlTemplate":"https:\/\/duncanshelley.com\/?s={search_term_string}"},"query-input":{"@type":"PropertyValueSpecification","valueRequired":true,"valueName":"search_term_string"}}],"inLanguage":"en-US"}]}},"_links":{"self":[{"href":"https:\/\/duncanshelley.com\/en\/wp-json\/wp\/v2\/product\/86","targetHints":{"allow":["GET"]}}],"collection":[{"href":"https:\/\/duncanshelley.com\/en\/wp-json\/wp\/v2\/product"}],"about":[{"href":"https:\/\/duncanshelley.com\/en\/wp-json\/wp\/v2\/types\/product"}],"replies":[{"embeddable":true,"href":"https:\/\/duncanshelley.com\/en\/wp-json\/wp\/v2\/comments?post=86"}],"wp:featuredmedia":[{"embeddable":true,"href":"https:\/\/duncanshelley.com\/en\/wp-json\/wp\/v2\/media\/8616"}],"wp:attachment":[{"href":"https:\/\/duncanshelley.com\/en\/wp-json\/wp\/v2\/media?parent=86"}],"wp:term":[{"taxonomy":"product_brand","embeddable":true,"href":"https:\/\/duncanshelley.com\/en\/wp-json\/wp\/v2\/product_brand?post=86"},{"taxonomy":"product_cat","embeddable":true,"href":"https:\/\/duncanshelley.com\/en\/wp-json\/wp\/v2\/product_cat?post=86"},{"taxonomy":"product_tag","embeddable":true,"href":"https:\/\/duncanshelley.com\/en\/wp-json\/wp\/v2\/product_tag?post=86"}],"curies":[{"name":"wp","href":"https:\/\/api.w.org\/{rel}","templated":true}]}}