{"id":8169,"date":"2020-12-11T21:28:46","date_gmt":"2020-12-11T20:28:46","guid":{"rendered":"https:\/\/brookskiado.hu\/?post_type=product&#038;p=8169"},"modified":"2025-09-10T21:49:29","modified_gmt":"2025-09-10T19:49:29","slug":"dominium-csomag","status":"publish","type":"product","link":"https:\/\/duncanshelley.com\/en\/product\/dominium-csomag\/","title":{"rendered":"Duncan Shelley: Dom\u00ednium csomag"},"content":{"rendered":"<p><strong>A Dom\u00ednium sorozat tartalma:<\/strong><\/p>\n<p>&#8211;<a href=\"https:\/\/duncanshelley.com\/en\/product\/duncan-shelley-arnyekszingularitas\/\" target=\"_blank\" rel=\"noopener\"> \u00c1rny\u00e9kszingularit\u00e1s<\/a><br \/>\n&#8211; <a href=\"https:\/\/duncanshelley.com\/en\/product\/duncan-shelley-a-kereskedo\/\" target=\"_blank\" rel=\"noopener\">A keresked\u0151<\/a><br \/>\n&#8211; <a href=\"https:\/\/duncanshelley.com\/en\/product\/duncan-shelley-kiserletsziget\/\">K\u00eds\u00e9rletsziget<\/a><\/p>","protected":false},"excerpt":{"rendered":"<p><strong>\u00c1rny\u00e9kszingularit\u00e1s<br \/>\n<\/strong>Dom\u00ednium sorozat 1.<br \/>\n<strong>Oldalsz\u00e1m<\/strong>: 412<br \/>\n<strong>M\u0171faj<\/strong>: sci-fi \/ cyberpunk<\/p>\n<p>Az \u00c1rny\u00e9kszingularit\u00e1s a <strong>Dom\u00ednium<\/strong> <strong>Univerzum<\/strong> <strong>nyit\u00f3<\/strong> <strong>reg\u00e9nye<\/strong>, melyet tov\u00e1bbi t\u00f6rt\u00e9netek k\u00f6vetnek majd.<\/p>\n<p>Az id\u0151pont 2050, a helysz\u00edn Magyarorsz\u00e1g. A politika a sz\u00f3rakoztat\u00f3ipar r\u00e9sze, a huszon\u00f6tmilli\u00f3s orsz\u00e1g gyarmatt\u00e1 v\u00e1lt, a val\u00f3di hatalom nem l\u00e1that\u00f3. A b\u0151rsz\u00edn, a sz\u00e1rmaz\u00e1s \u00e9s a nemi identit\u00e1s m\u00e1r nem sz\u00e1m\u00edt, a lakoss\u00e1g\u00a0<em>kiterjesztettek<\/em>re \u00e9s\u00a0<em>elmaradottak<\/em>ra hasadt. A felsz\u00ednen minden megv\u00e1ltozott. A m\u00e9lyben semmi.<\/p>\n<p>Az orsz\u00e1gok csup\u00e1n nevek a t\u00e9rk\u00e9pen. A korm\u00e1nyokban sz\u00edn\u00e9szek \u00fclnek, akik szerepeket j\u00e1tszanak a szappanoper\u00e1ban. A F\u00f6ldet 23 dom\u00ednium uralja, a neves\u00edtett 201 \u00e1llam mindegyike valamelyik birodalom fennhat\u00f3s\u00e1ga al\u00e1 tartozik.<\/p>\n<p>Magyarorsz\u00e1g, Ausztria, Szlov\u00e1kia eg\u00e9sze, Csehorsz\u00e1g, Rom\u00e1nia, Szerbia, Horv\u00e1torsz\u00e1g \u00e9s Ukrajna egy r\u00e9sze a NanoDog Dom\u00edniumban tal\u00e1lhat\u00f3.<\/p>\n<div class=\"woocommerce-product-details__short-description\">\n<p><strong>A keresked\u0151<br \/>\n<\/strong>Dom\u00ednium sorozat 0.<strong><br \/>\nM\u0171faj<\/strong>: sci-fi<br \/>\n<strong>Oldalsz\u00e1m<\/strong>: 367<br \/>\n<strong>Kiad\u00e1s<\/strong> <strong>\u00e9ve<\/strong>: 2020<\/p>\n<p>Az Egyes\u00fclt \u00c1llamok Haditenger\u00e9szet\u00e9nek haj\u00f3flott\u00e1ja a Csendes-\u00f3ce\u00e1n \u00e9szaki ter\u00fclet\u00e9n j\u00e1r\u0151r\u00f6zik. Egy matr\u00f3z jelz\u0151rak\u00e9ta f\u00e9ny\u00e9re lesz figyelmes a v\u00e9gtelen s\u00f6t\u00e9ts\u00e9gben. A ment\u00e9s azonnal megkezd\u0151dik. Apr\u00f3cska gyereket hal\u00e1sznak ki az \u00f3ce\u00e1nb\u00f3l. Hogyan siker\u00fclt egyed\u00fcl t\u00fal\u00e9lnie? Hogyan ker\u00fclt oda? A part ezer kilom\u00e9terre. Mi t\u00f6rt\u00e9nt vele? Hol vannak a t\u00e1rsai? Mi\u00e9rt nincs n\u00e1la \u00e9tel? Gyerek egy\u00e1ltal\u00e1n?<\/p>\n<p><strong>A keresked\u0151<\/strong>\u00a0Duncan Shelley leg\u00fajabb sci-fi reg\u00e9nye, a Dom\u00ednium univerzum: <strong><a href=\"https:\/\/duncanshelley.com\/en\/product\/duncan-shelley-arnyekszingularitas\/\" target=\"_blank\" rel=\"noopener\">\u00c1rny\u00e9kszingularit\u00e1s<\/a><\/strong> c\u00edm\u0171 k\u00f6nyv\u00a0<strong>el\u0151zm\u00e9nyk\u00f6tete<\/strong>, de a k\u00f6tetek <strong>\u00f6n\u00e1ll\u00f3an<\/strong> is \u00e9rthet\u0151ek.<\/p>\n<p>Fent vagy a Facebookon? Szeretettel l\u00e1tunk a <a href=\"https:\/\/www.facebook.com\/dominiumuniverzum\" target=\"_blank\" rel=\"noopener\"><strong>Dom\u00ednium univerzum<\/strong><\/a> k\u00f6nyvek Facebook oldal\u00e1n.<\/p>\n<\/div>","protected":false},"featured_media":26023,"comment_status":"closed","ping_status":"closed","template":"","meta":{"_acf_changed":false,"_genesis_hide_title":false,"_genesis_hide_breadcrumbs":false,"_genesis_hide_singular_image":false,"_genesis_hide_footer_widgets":false,"_genesis_custom_body_class":"","_genesis_custom_post_class":"","_genesis_layout":""},"product_brand":[],"product_cat":[18],"product_tag":[],"class_list":{"0":"post-8169","1":"product","2":"type-product","3":"status-publish","4":"has-post-thumbnail","6":"product_cat-sci-fi-konyvek","7":"entry","9":"first","10":"instock","11":"taxable","12":"shipping-taxable","13":"purchasable","14":"product-type-simple"},"acf":[],"yoast_head":"<!-- This site is optimized with the Yoast SEO Premium plugin v27.6 (Yoast SEO v27.6) - https:\/\/yoast.com\/product\/yoast-seo-premium-wordpress\/ -->\n<title>Duncan Shelley: Dom\u00ednium csomag - Duncan Shelley K\u00f6nyvesbolt<\/title>\n<meta name=\"description\" content=\"A Dom\u00ednium sorozat a nem t\u00fal t\u00e1voli j\u00f6v\u0151ben j\u00e1tsz\u00f3dik Magyarorsz\u00e1gon. A j\u00f6v\u0151 nem \u00e9ppen f\u00e9nyes, a technikai fejletts\u00e9g a tet\u0151fok\u00e1hoz k\u00f6zeleg.\" \/>\n<meta name=\"robots\" content=\"index, follow, max-snippet:-1, max-image-preview:large, max-video-preview:-1\" \/>\n<link rel=\"canonical\" href=\"https:\/\/duncanshelley.com\/en\/product\/dominium-csomag\/\" \/>\n<meta property=\"og:locale\" content=\"en_US\" \/>\n<meta property=\"og:type\" content=\"article\" \/>\n<meta property=\"og:title\" content=\"Duncan Shelley: Dom\u00ednium csomag\" \/>\n<meta property=\"og:description\" content=\"A Dom\u00ednium sorozat a nem t\u00fal t\u00e1voli j\u00f6v\u0151ben j\u00e1tsz\u00f3dik Magyarorsz\u00e1gon. A j\u00f6v\u0151 nem \u00e9ppen f\u00e9nyes, a technikai fejletts\u00e9g a tet\u0151fok\u00e1hoz k\u00f6zeleg.\" \/>\n<meta property=\"og:url\" content=\"https:\/\/duncanshelley.com\/en\/product\/dominium-csomag\/\" \/>\n<meta property=\"og:site_name\" content=\"Duncan Shelley K\u00f6nyvesbolt\" \/>\n<meta property=\"article:modified_time\" content=\"2025-09-10T19:49:29+00:00\" \/>\n<meta property=\"og:image\" content=\"https:\/\/duncanshelley.com\/wp-content\/uploads\/dominium-csomag-1.jpg\" \/>\n\t<meta property=\"og:image:width\" content=\"600\" \/>\n\t<meta property=\"og:image:height\" content=\"950\" \/>\n\t<meta property=\"og:image:type\" content=\"image\/jpeg\" \/>\n<meta name=\"twitter:label1\" content=\"Est. reading time\" \/>\n\t<meta name=\"twitter:data1\" content=\"1 minute\" \/>\n<script type=\"application\/ld+json\" class=\"yoast-schema-graph\">{\"@context\":\"https:\\\/\\\/schema.org\",\"@graph\":[{\"@type\":\"WebPage\",\"@id\":\"https:\\\/\\\/duncanshelley.com\\\/termek\\\/dominium-csomag\\\/\",\"url\":\"https:\\\/\\\/duncanshelley.com\\\/termek\\\/dominium-csomag\\\/\",\"name\":\"Duncan Shelley: Dom\u00ednium csomag - Duncan Shelley K\u00f6nyvesbolt\",\"isPartOf\":{\"@id\":\"https:\\\/\\\/duncanshelley.com\\\/#website\"},\"primaryImageOfPage\":{\"@id\":\"https:\\\/\\\/duncanshelley.com\\\/termek\\\/dominium-csomag\\\/#primaryimage\"},\"image\":{\"@id\":\"https:\\\/\\\/duncanshelley.com\\\/termek\\\/dominium-csomag\\\/#primaryimage\"},\"thumbnailUrl\":\"https:\\\/\\\/duncanshelley.com\\\/wp-content\\\/uploads\\\/dominium-csomag-1.jpg\",\"datePublished\":\"2020-12-11T20:28:46+00:00\",\"dateModified\":\"2025-09-10T19:49:29+00:00\",\"description\":\"A Dom\u00ednium sorozat a nem t\u00fal t\u00e1voli j\u00f6v\u0151ben j\u00e1tsz\u00f3dik Magyarorsz\u00e1gon. A j\u00f6v\u0151 nem \u00e9ppen f\u00e9nyes, a technikai fejletts\u00e9g a tet\u0151fok\u00e1hoz k\u00f6zeleg.\",\"breadcrumb\":{\"@id\":\"https:\\\/\\\/duncanshelley.com\\\/termek\\\/dominium-csomag\\\/#breadcrumb\"},\"inLanguage\":\"en-US\",\"potentialAction\":[{\"@type\":\"ReadAction\",\"target\":[\"https:\\\/\\\/duncanshelley.com\\\/termek\\\/dominium-csomag\\\/\"]}]},{\"@type\":\"ImageObject\",\"inLanguage\":\"en-US\",\"@id\":\"https:\\\/\\\/duncanshelley.com\\\/termek\\\/dominium-csomag\\\/#primaryimage\",\"url\":\"https:\\\/\\\/duncanshelley.com\\\/wp-content\\\/uploads\\\/dominium-csomag-1.jpg\",\"contentUrl\":\"https:\\\/\\\/duncanshelley.com\\\/wp-content\\\/uploads\\\/dominium-csomag-1.jpg\",\"width\":600,\"height\":950,\"caption\":\"Dominium Csomag\"},{\"@type\":\"BreadcrumbList\",\"@id\":\"https:\\\/\\\/duncanshelley.com\\\/termek\\\/dominium-csomag\\\/#breadcrumb\",\"itemListElement\":[{\"@type\":\"ListItem\",\"position\":1,\"name\":\"Kezd\u0151lap\",\"item\":\"https:\\\/\\\/duncanshelley.com\\\/\"},{\"@type\":\"ListItem\",\"position\":2,\"name\":\"Webshop\",\"item\":\"https:\\\/\\\/duncanshelley.com\\\/webshop\\\/\"},{\"@type\":\"ListItem\",\"position\":3,\"name\":\"Duncan Shelley: Dom\u00ednium csomag\"}]},{\"@type\":\"WebSite\",\"@id\":\"https:\\\/\\\/duncanshelley.com\\\/#website\",\"url\":\"https:\\\/\\\/duncanshelley.com\\\/\",\"name\":\"Duncan Shelley K\u00f6nyvesbolt\",\"description\":\"\",\"potentialAction\":[{\"@type\":\"SearchAction\",\"target\":{\"@type\":\"EntryPoint\",\"urlTemplate\":\"https:\\\/\\\/duncanshelley.com\\\/?s={search_term_string}\"},\"query-input\":{\"@type\":\"PropertyValueSpecification\",\"valueRequired\":true,\"valueName\":\"search_term_string\"}}],\"inLanguage\":\"en-US\"}]}<\/script>\n<!-- \/ Yoast SEO Premium plugin. -->","yoast_head_json":{"title":"Duncan Shelley: Dom\u00ednium csomag - Duncan Shelley K\u00f6nyvesbolt","description":"A Dom\u00ednium sorozat a nem t\u00fal t\u00e1voli j\u00f6v\u0151ben j\u00e1tsz\u00f3dik Magyarorsz\u00e1gon. A j\u00f6v\u0151 nem \u00e9ppen f\u00e9nyes, a technikai fejletts\u00e9g a tet\u0151fok\u00e1hoz k\u00f6zeleg.","robots":{"index":"index","follow":"follow","max-snippet":"max-snippet:-1","max-image-preview":"max-image-preview:large","max-video-preview":"max-video-preview:-1"},"canonical":"https:\/\/duncanshelley.com\/en\/product\/dominium-csomag\/","og_locale":"en_US","og_type":"article","og_title":"Duncan Shelley: Dom\u00ednium csomag","og_description":"A Dom\u00ednium sorozat a nem t\u00fal t\u00e1voli j\u00f6v\u0151ben j\u00e1tsz\u00f3dik Magyarorsz\u00e1gon. A j\u00f6v\u0151 nem \u00e9ppen f\u00e9nyes, a technikai fejletts\u00e9g a tet\u0151fok\u00e1hoz k\u00f6zeleg.","og_url":"https:\/\/duncanshelley.com\/en\/product\/dominium-csomag\/","og_site_name":"Duncan Shelley K\u00f6nyvesbolt","article_modified_time":"2025-09-10T19:49:29+00:00","og_image":[{"width":600,"height":950,"url":"https:\/\/duncanshelley.com\/wp-content\/uploads\/dominium-csomag-1.jpg","type":"image\/jpeg"}],"twitter_misc":{"Est. reading time":"1 minute"},"schema":{"@context":"https:\/\/schema.org","@graph":[{"@type":"WebPage","@id":"https:\/\/duncanshelley.com\/termek\/dominium-csomag\/","url":"https:\/\/duncanshelley.com\/termek\/dominium-csomag\/","name":"Duncan Shelley: Dom\u00ednium csomag - Duncan Shelley K\u00f6nyvesbolt","isPartOf":{"@id":"https:\/\/duncanshelley.com\/#website"},"primaryImageOfPage":{"@id":"https:\/\/duncanshelley.com\/termek\/dominium-csomag\/#primaryimage"},"image":{"@id":"https:\/\/duncanshelley.com\/termek\/dominium-csomag\/#primaryimage"},"thumbnailUrl":"https:\/\/duncanshelley.com\/wp-content\/uploads\/dominium-csomag-1.jpg","datePublished":"2020-12-11T20:28:46+00:00","dateModified":"2025-09-10T19:49:29+00:00","description":"A Dom\u00ednium sorozat a nem t\u00fal t\u00e1voli j\u00f6v\u0151ben j\u00e1tsz\u00f3dik Magyarorsz\u00e1gon. A j\u00f6v\u0151 nem \u00e9ppen f\u00e9nyes, a technikai fejletts\u00e9g a tet\u0151fok\u00e1hoz k\u00f6zeleg.","breadcrumb":{"@id":"https:\/\/duncanshelley.com\/termek\/dominium-csomag\/#breadcrumb"},"inLanguage":"en-US","potentialAction":[{"@type":"ReadAction","target":["https:\/\/duncanshelley.com\/termek\/dominium-csomag\/"]}]},{"@type":"ImageObject","inLanguage":"en-US","@id":"https:\/\/duncanshelley.com\/termek\/dominium-csomag\/#primaryimage","url":"https:\/\/duncanshelley.com\/wp-content\/uploads\/dominium-csomag-1.jpg","contentUrl":"https:\/\/duncanshelley.com\/wp-content\/uploads\/dominium-csomag-1.jpg","width":600,"height":950,"caption":"Dominium Csomag"},{"@type":"BreadcrumbList","@id":"https:\/\/duncanshelley.com\/termek\/dominium-csomag\/#breadcrumb","itemListElement":[{"@type":"ListItem","position":1,"name":"Kezd\u0151lap","item":"https:\/\/duncanshelley.com\/"},{"@type":"ListItem","position":2,"name":"Webshop","item":"https:\/\/duncanshelley.com\/webshop\/"},{"@type":"ListItem","position":3,"name":"Duncan Shelley: Dom\u00ednium csomag"}]},{"@type":"WebSite","@id":"https:\/\/duncanshelley.com\/#website","url":"https:\/\/duncanshelley.com\/","name":"Duncan Shelley K\u00f6nyvesbolt","description":"","potentialAction":[{"@type":"SearchAction","target":{"@type":"EntryPoint","urlTemplate":"https:\/\/duncanshelley.com\/?s={search_term_string}"},"query-input":{"@type":"PropertyValueSpecification","valueRequired":true,"valueName":"search_term_string"}}],"inLanguage":"en-US"}]}},"_links":{"self":[{"href":"https:\/\/duncanshelley.com\/en\/wp-json\/wp\/v2\/product\/8169","targetHints":{"allow":["GET"]}}],"collection":[{"href":"https:\/\/duncanshelley.com\/en\/wp-json\/wp\/v2\/product"}],"about":[{"href":"https:\/\/duncanshelley.com\/en\/wp-json\/wp\/v2\/types\/product"}],"replies":[{"embeddable":true,"href":"https:\/\/duncanshelley.com\/en\/wp-json\/wp\/v2\/comments?post=8169"}],"wp:featuredmedia":[{"embeddable":true,"href":"https:\/\/duncanshelley.com\/en\/wp-json\/wp\/v2\/media\/26023"}],"wp:attachment":[{"href":"https:\/\/duncanshelley.com\/en\/wp-json\/wp\/v2\/media?parent=8169"}],"wp:term":[{"taxonomy":"product_brand","embeddable":true,"href":"https:\/\/duncanshelley.com\/en\/wp-json\/wp\/v2\/product_brand?post=8169"},{"taxonomy":"product_cat","embeddable":true,"href":"https:\/\/duncanshelley.com\/en\/wp-json\/wp\/v2\/product_cat?post=8169"},{"taxonomy":"product_tag","embeddable":true,"href":"https:\/\/duncanshelley.com\/en\/wp-json\/wp\/v2\/product_tag?post=8169"}],"curies":[{"name":"wp","href":"https:\/\/api.w.org\/{rel}","templated":true}]}}