{"id":8069,"date":"2020-12-12T23:04:17","date_gmt":"2020-12-12T22:04:17","guid":{"rendered":"https:\/\/brookskiado.hu\/?post_type=product&#038;p=8069"},"modified":"2026-01-02T10:06:03","modified_gmt":"2026-01-02T09:06:03","slug":"duncan-shelley-a-kereskedo","status":"publish","type":"product","link":"https:\/\/duncanshelley.com\/en\/product\/duncan-shelley-a-kereskedo\/","title":{"rendered":"Duncan Shelley: A keresked\u0151 (Dom\u00ednium 0.)"},"content":{"rendered":"","protected":false},"excerpt":{"rendered":"<p><strong>M\u0171faj<\/strong>: sci-fi<br \/>\n<strong>Oldalsz\u00e1m<\/strong>: 367<br \/>\n<strong>Kiad\u00e1s<\/strong> <strong>\u00e9ve<\/strong>: 2020<\/p>\n<p>Az Egyes\u00fclt \u00c1llamok Haditenger\u00e9szet\u00e9nek haj\u00f3flott\u00e1ja a Csendes-\u00f3ce\u00e1n \u00e9szaki ter\u00fclet\u00e9n j\u00e1r\u0151r\u00f6zik. Egy matr\u00f3z jelz\u0151rak\u00e9ta f\u00e9ny\u00e9re lesz figyelmes a v\u00e9gtelen s\u00f6t\u00e9ts\u00e9gben. A ment\u00e9s azonnal megkezd\u0151dik. Apr\u00f3cska gyereket hal\u00e1sznak ki az \u00f3ce\u00e1nb\u00f3l. Hogyan siker\u00fclt egyed\u00fcl t\u00fal\u00e9lnie? Hogyan ker\u00fclt oda? A part ezer kilom\u00e9terre. Mi t\u00f6rt\u00e9nt vele? Hol vannak a t\u00e1rsai? Mi\u00e9rt nincs n\u00e1la \u00e9tel? Gyerek egy\u00e1ltal\u00e1n?<\/p>\n<p><strong>A keresked\u0151<\/strong>\u00a0Duncan Shelley leg\u00fajabb sci-fi reg\u00e9nye, a Dom\u00ednium univerzum: <strong><a href=\"https:\/\/duncanshelley.com\/en\/product\/duncan-shelley-arnyekszingularitas\/\" target=\"_blank\" rel=\"noopener\">\u00c1rny\u00e9kszingularit\u00e1s<\/a><\/strong> c\u00edm\u0171 k\u00f6nyv\u00a0<strong>el\u0151zm\u00e9nyk\u00f6tete<\/strong>, de a k\u00f6tetek <strong>\u00f6n\u00e1ll\u00f3an<\/strong> is \u00e9rthet\u0151ek.<\/p>","protected":false},"featured_media":8599,"comment_status":"closed","ping_status":"closed","template":"","meta":{"_acf_changed":false,"_genesis_hide_title":false,"_genesis_hide_breadcrumbs":false,"_genesis_hide_singular_image":false,"_genesis_hide_footer_widgets":false,"_genesis_custom_body_class":"","_genesis_custom_post_class":"","_genesis_layout":""},"product_brand":[],"product_cat":[48,18,16],"product_tag":[],"class_list":{"0":"post-8069","1":"product","2":"type-product","3":"status-publish","4":"has-post-thumbnail","6":"product_cat-akcio-konyvek","7":"product_cat-sci-fi-konyvek","8":"product_cat-thriller-konyvek","9":"entry","11":"first","12":"instock","13":"taxable","14":"shipping-taxable","15":"purchasable","16":"product-type-simple"},"acf":[],"yoast_head":"<!-- This site is optimized with the Yoast SEO Premium plugin v27.4 (Yoast SEO v27.4) - https:\/\/yoast.com\/product\/yoast-seo-premium-wordpress\/ -->\n<title>Duncan Shelley: A keresked\u0151 (Dom\u00ednium 0.) (Dom\u00ednium sorozat) - Duncan Shelley K\u00f6nyvesbolt<\/title>\n<meta name=\"description\" content=\"A keresked\u0151\u00a0Duncan Shelley leg\u00fajabb sci-fi reg\u00e9nye, a Dom\u00ednium univerzum: \u00c1rny\u00e9kszingularit\u00e1s c\u00edm\u0171 k\u00f6nyv\u00a0nulladik, el\u0151zm\u00e9nyk\u00f6tete.\" \/>\n<meta name=\"robots\" content=\"index, follow, max-snippet:-1, max-image-preview:large, max-video-preview:-1\" \/>\n<link rel=\"canonical\" href=\"https:\/\/duncanshelley.com\/en\/product\/duncan-shelley-a-kereskedo\/\" \/>\n<meta property=\"og:locale\" content=\"en_US\" \/>\n<meta property=\"og:type\" content=\"article\" \/>\n<meta property=\"og:title\" content=\"Duncan Shelley: A keresked\u0151 (Dom\u00ednium 0.)\" \/>\n<meta property=\"og:description\" content=\"A keresked\u0151\u00a0Duncan Shelley leg\u00fajabb sci-fi reg\u00e9nye, a Dom\u00ednium univerzum: \u00c1rny\u00e9kszingularit\u00e1s c\u00edm\u0171 k\u00f6nyv\u00a0nulladik, el\u0151zm\u00e9nyk\u00f6tete.\" \/>\n<meta property=\"og:url\" content=\"https:\/\/duncanshelley.com\/en\/product\/duncan-shelley-a-kereskedo\/\" \/>\n<meta property=\"og:site_name\" content=\"Duncan Shelley K\u00f6nyvesbolt\" \/>\n<meta property=\"article:modified_time\" content=\"2026-01-02T09:06:03+00:00\" \/>\n<meta property=\"og:image\" content=\"https:\/\/duncanshelley.com\/wp-content\/uploads\/kereskedo.jpg\" \/>\n\t<meta property=\"og:image:width\" content=\"600\" \/>\n\t<meta property=\"og:image:height\" content=\"950\" \/>\n\t<meta property=\"og:image:type\" content=\"image\/jpeg\" \/>\n<meta name=\"twitter:label1\" content=\"Est. reading time\" \/>\n\t<meta name=\"twitter:data1\" content=\"1 minute\" \/>\n<script type=\"application\/ld+json\" class=\"yoast-schema-graph\">{\"@context\":\"https:\\\/\\\/schema.org\",\"@graph\":[{\"@type\":\"WebPage\",\"@id\":\"https:\\\/\\\/duncanshelley.com\\\/termek\\\/duncan-shelley-a-kereskedo\\\/\",\"url\":\"https:\\\/\\\/duncanshelley.com\\\/termek\\\/duncan-shelley-a-kereskedo\\\/\",\"name\":\"Duncan Shelley: A keresked\u0151 (Dom\u00ednium 0.) (Dom\u00ednium sorozat) - Duncan Shelley K\u00f6nyvesbolt\",\"isPartOf\":{\"@id\":\"https:\\\/\\\/duncanshelley.com\\\/#website\"},\"primaryImageOfPage\":{\"@id\":\"https:\\\/\\\/duncanshelley.com\\\/termek\\\/duncan-shelley-a-kereskedo\\\/#primaryimage\"},\"image\":{\"@id\":\"https:\\\/\\\/duncanshelley.com\\\/termek\\\/duncan-shelley-a-kereskedo\\\/#primaryimage\"},\"thumbnailUrl\":\"https:\\\/\\\/duncanshelley.com\\\/wp-content\\\/uploads\\\/kereskedo.jpg\",\"datePublished\":\"2020-12-12T22:04:17+00:00\",\"dateModified\":\"2026-01-02T09:06:03+00:00\",\"description\":\"A keresked\u0151\u00a0Duncan Shelley leg\u00fajabb sci-fi reg\u00e9nye, a Dom\u00ednium univerzum: \u00c1rny\u00e9kszingularit\u00e1s c\u00edm\u0171 k\u00f6nyv\u00a0nulladik, el\u0151zm\u00e9nyk\u00f6tete.\",\"breadcrumb\":{\"@id\":\"https:\\\/\\\/duncanshelley.com\\\/termek\\\/duncan-shelley-a-kereskedo\\\/#breadcrumb\"},\"inLanguage\":\"en-US\",\"potentialAction\":[{\"@type\":\"ReadAction\",\"target\":[\"https:\\\/\\\/duncanshelley.com\\\/termek\\\/duncan-shelley-a-kereskedo\\\/\"]}]},{\"@type\":\"ImageObject\",\"inLanguage\":\"en-US\",\"@id\":\"https:\\\/\\\/duncanshelley.com\\\/termek\\\/duncan-shelley-a-kereskedo\\\/#primaryimage\",\"url\":\"https:\\\/\\\/duncanshelley.com\\\/wp-content\\\/uploads\\\/kereskedo.jpg\",\"contentUrl\":\"https:\\\/\\\/duncanshelley.com\\\/wp-content\\\/uploads\\\/kereskedo.jpg\",\"width\":600,\"height\":950,\"caption\":\"Duncan Shelley A keresked\u0151\"},{\"@type\":\"BreadcrumbList\",\"@id\":\"https:\\\/\\\/duncanshelley.com\\\/termek\\\/duncan-shelley-a-kereskedo\\\/#breadcrumb\",\"itemListElement\":[{\"@type\":\"ListItem\",\"position\":1,\"name\":\"Kezd\u0151lap\",\"item\":\"https:\\\/\\\/duncanshelley.com\\\/\"},{\"@type\":\"ListItem\",\"position\":2,\"name\":\"Webshop\",\"item\":\"https:\\\/\\\/duncanshelley.com\\\/webshop\\\/\"},{\"@type\":\"ListItem\",\"position\":3,\"name\":\"Duncan Shelley: A keresked\u0151 (Dom\u00ednium 0.)\"}]},{\"@type\":\"WebSite\",\"@id\":\"https:\\\/\\\/duncanshelley.com\\\/#website\",\"url\":\"https:\\\/\\\/duncanshelley.com\\\/\",\"name\":\"Duncan Shelley K\u00f6nyvesbolt\",\"description\":\"\",\"potentialAction\":[{\"@type\":\"SearchAction\",\"target\":{\"@type\":\"EntryPoint\",\"urlTemplate\":\"https:\\\/\\\/duncanshelley.com\\\/?s={search_term_string}\"},\"query-input\":{\"@type\":\"PropertyValueSpecification\",\"valueRequired\":true,\"valueName\":\"search_term_string\"}}],\"inLanguage\":\"en-US\"}]}<\/script>\n<!-- \/ Yoast SEO Premium plugin. -->","yoast_head_json":{"title":"Duncan Shelley: A keresked\u0151 (Dom\u00ednium 0.) (Dom\u00ednium sorozat) - Duncan Shelley K\u00f6nyvesbolt","description":"A keresked\u0151\u00a0Duncan Shelley leg\u00fajabb sci-fi reg\u00e9nye, a Dom\u00ednium univerzum: \u00c1rny\u00e9kszingularit\u00e1s c\u00edm\u0171 k\u00f6nyv\u00a0nulladik, el\u0151zm\u00e9nyk\u00f6tete.","robots":{"index":"index","follow":"follow","max-snippet":"max-snippet:-1","max-image-preview":"max-image-preview:large","max-video-preview":"max-video-preview:-1"},"canonical":"https:\/\/duncanshelley.com\/en\/product\/duncan-shelley-a-kereskedo\/","og_locale":"en_US","og_type":"article","og_title":"Duncan Shelley: A keresked\u0151 (Dom\u00ednium 0.)","og_description":"A keresked\u0151\u00a0Duncan Shelley leg\u00fajabb sci-fi reg\u00e9nye, a Dom\u00ednium univerzum: \u00c1rny\u00e9kszingularit\u00e1s c\u00edm\u0171 k\u00f6nyv\u00a0nulladik, el\u0151zm\u00e9nyk\u00f6tete.","og_url":"https:\/\/duncanshelley.com\/en\/product\/duncan-shelley-a-kereskedo\/","og_site_name":"Duncan Shelley K\u00f6nyvesbolt","article_modified_time":"2026-01-02T09:06:03+00:00","og_image":[{"width":600,"height":950,"url":"https:\/\/duncanshelley.com\/wp-content\/uploads\/kereskedo.jpg","type":"image\/jpeg"}],"twitter_misc":{"Est. reading time":"1 minute"},"schema":{"@context":"https:\/\/schema.org","@graph":[{"@type":"WebPage","@id":"https:\/\/duncanshelley.com\/termek\/duncan-shelley-a-kereskedo\/","url":"https:\/\/duncanshelley.com\/termek\/duncan-shelley-a-kereskedo\/","name":"Duncan Shelley: A keresked\u0151 (Dom\u00ednium 0.) (Dom\u00ednium sorozat) - Duncan Shelley K\u00f6nyvesbolt","isPartOf":{"@id":"https:\/\/duncanshelley.com\/#website"},"primaryImageOfPage":{"@id":"https:\/\/duncanshelley.com\/termek\/duncan-shelley-a-kereskedo\/#primaryimage"},"image":{"@id":"https:\/\/duncanshelley.com\/termek\/duncan-shelley-a-kereskedo\/#primaryimage"},"thumbnailUrl":"https:\/\/duncanshelley.com\/wp-content\/uploads\/kereskedo.jpg","datePublished":"2020-12-12T22:04:17+00:00","dateModified":"2026-01-02T09:06:03+00:00","description":"A keresked\u0151\u00a0Duncan Shelley leg\u00fajabb sci-fi reg\u00e9nye, a Dom\u00ednium univerzum: \u00c1rny\u00e9kszingularit\u00e1s c\u00edm\u0171 k\u00f6nyv\u00a0nulladik, el\u0151zm\u00e9nyk\u00f6tete.","breadcrumb":{"@id":"https:\/\/duncanshelley.com\/termek\/duncan-shelley-a-kereskedo\/#breadcrumb"},"inLanguage":"en-US","potentialAction":[{"@type":"ReadAction","target":["https:\/\/duncanshelley.com\/termek\/duncan-shelley-a-kereskedo\/"]}]},{"@type":"ImageObject","inLanguage":"en-US","@id":"https:\/\/duncanshelley.com\/termek\/duncan-shelley-a-kereskedo\/#primaryimage","url":"https:\/\/duncanshelley.com\/wp-content\/uploads\/kereskedo.jpg","contentUrl":"https:\/\/duncanshelley.com\/wp-content\/uploads\/kereskedo.jpg","width":600,"height":950,"caption":"Duncan Shelley A keresked\u0151"},{"@type":"BreadcrumbList","@id":"https:\/\/duncanshelley.com\/termek\/duncan-shelley-a-kereskedo\/#breadcrumb","itemListElement":[{"@type":"ListItem","position":1,"name":"Kezd\u0151lap","item":"https:\/\/duncanshelley.com\/"},{"@type":"ListItem","position":2,"name":"Webshop","item":"https:\/\/duncanshelley.com\/webshop\/"},{"@type":"ListItem","position":3,"name":"Duncan Shelley: A keresked\u0151 (Dom\u00ednium 0.)"}]},{"@type":"WebSite","@id":"https:\/\/duncanshelley.com\/#website","url":"https:\/\/duncanshelley.com\/","name":"Duncan Shelley K\u00f6nyvesbolt","description":"","potentialAction":[{"@type":"SearchAction","target":{"@type":"EntryPoint","urlTemplate":"https:\/\/duncanshelley.com\/?s={search_term_string}"},"query-input":{"@type":"PropertyValueSpecification","valueRequired":true,"valueName":"search_term_string"}}],"inLanguage":"en-US"}]}},"_links":{"self":[{"href":"https:\/\/duncanshelley.com\/en\/wp-json\/wp\/v2\/product\/8069","targetHints":{"allow":["GET"]}}],"collection":[{"href":"https:\/\/duncanshelley.com\/en\/wp-json\/wp\/v2\/product"}],"about":[{"href":"https:\/\/duncanshelley.com\/en\/wp-json\/wp\/v2\/types\/product"}],"replies":[{"embeddable":true,"href":"https:\/\/duncanshelley.com\/en\/wp-json\/wp\/v2\/comments?post=8069"}],"wp:featuredmedia":[{"embeddable":true,"href":"https:\/\/duncanshelley.com\/en\/wp-json\/wp\/v2\/media\/8599"}],"wp:attachment":[{"href":"https:\/\/duncanshelley.com\/en\/wp-json\/wp\/v2\/media?parent=8069"}],"wp:term":[{"taxonomy":"product_brand","embeddable":true,"href":"https:\/\/duncanshelley.com\/en\/wp-json\/wp\/v2\/product_brand?post=8069"},{"taxonomy":"product_cat","embeddable":true,"href":"https:\/\/duncanshelley.com\/en\/wp-json\/wp\/v2\/product_cat?post=8069"},{"taxonomy":"product_tag","embeddable":true,"href":"https:\/\/duncanshelley.com\/en\/wp-json\/wp\/v2\/product_tag?post=8069"}],"curies":[{"name":"wp","href":"https:\/\/api.w.org\/{rel}","templated":true}]}}