{"id":7514,"date":"2019-09-08T20:40:02","date_gmt":"2019-09-08T18:40:02","guid":{"rendered":"https:\/\/brookskiado.hu\/?post_type=product&#038;p=7514"},"modified":"2026-02-01T17:45:05","modified_gmt":"2026-02-01T16:45:05","slug":"duncan-shelley-kate-brooks-amer-a-tanito","status":"publish","type":"product","link":"https:\/\/duncanshelley.com\/en\/product\/duncan-shelley-kate-brooks-amer-a-tanito\/","title":{"rendered":"Kate Brooks &#038; Duncan Shelley: Amer a tan\u00edt\u00f3"},"content":{"rendered":"<p>Amer a tan\u00edt\u00f3 (id\u00e9zet):<\/p>\n<blockquote><p>Amit nem \u00e9rtesz,<br \/>\naz sz\u00e1modra<br \/>\nfenyeget\u0151,<br \/>\nkisz\u00e1m\u00edthatatlan<br \/>\n\u00e9s vesz\u00e9lyes.<\/p>\n<p>Amit \u00e9rtesz,<br \/>\naz sz\u00e1modra<br \/>\nbar\u00e1ts\u00e1gos,<br \/>\n\u00e1tl\u00e1that\u00f3<br \/>\n\u00e9s haszn\u00e1lhat\u00f3.<\/p><\/blockquote>","protected":false},"excerpt":{"rendered":"<p><strong>M\u0171faj<\/strong>: fantasy, sci-fi<br \/>\n<strong>Oldalsz\u00e1m<\/strong>: 72<br \/>\n<strong>Kiad\u00e1s<\/strong> <strong>\u00e9ve<\/strong>: 2020.<\/p>\n<p>A t\u00f6rt\u00e9net a k\u00f6zelj\u00f6v\u0151ben j\u00e1tsz\u00f3dik. A technol\u00f3giai fejl\u0151d\u00e9s b\u0151s\u00e9get hozott, ami pedig c\u00e9ltalan, motiv\u00e1latlan emberek t\u00f6megeit. Amer mag\u00e1ntan\u00e1rk\u00e9nt gyerekeket tan\u00edt, akiket semmi nem \u00e9rdekel, csak a sz\u00f3rakoz\u00e1s. Csupa elveszett l\u00e9lek, akik abban hisznek, hogy az \u00e9let \u00e9rtelme a pillanat k\u00e9nyelmes \u00e9lm\u00e9nye.<\/p>\n<p>Amer a j\u00f3 hangulat\u00fa \u00f3r\u00e1kon felt\u00f6ri a gyerekek elm\u00e9j\u00e9ben azokat a r\u00f6geszm\u00e9ket, amelyek hi\u00e1baval\u00f3s\u00e1gnak mutatj\u00e1k a tanul\u00e1st, a munk\u00e1t, a nagy c\u00e9lokat. Ez olyan j\u00f3l siker\u00fcl neki, hogy a tan\u00edtv\u00e1nyai feln\u0151ve megv\u00e1ltoztatj\u00e1k a vil\u00e1got.<\/p>","protected":false},"featured_media":8758,"comment_status":"closed","ping_status":"closed","template":"","meta":{"_acf_changed":false,"_genesis_hide_title":false,"_genesis_hide_breadcrumbs":false,"_genesis_hide_singular_image":false,"_genesis_hide_footer_widgets":false,"_genesis_custom_body_class":"","_genesis_custom_post_class":"","_genesis_layout":""},"product_brand":[],"product_cat":[167,17,45],"product_tag":[],"class_list":{"0":"post-7514","1":"product","2":"type-product","3":"status-publish","4":"has-post-thumbnail","6":"product_cat-amer-konyvek","7":"product_cat-fantasy-konyvek","8":"product_cat-spiritualis-konyvek","9":"entry","11":"first","12":"instock","13":"taxable","14":"shipping-taxable","15":"purchasable","16":"product-type-simple"},"acf":[],"yoast_head":"<!-- This site is optimized with the Yoast SEO Premium plugin v27.5 (Yoast SEO v27.5) - https:\/\/yoast.com\/product\/yoast-seo-premium-wordpress\/ -->\n<title>Kate Brooks &amp; Duncan Shelley: Amer a tan\u00edt\u00f3 - Duncan Shelley K\u00f6nyvesbolt<\/title>\n<meta name=\"description\" content=\"Az Amer a tan\u00edt\u00f3 kisreg\u00e9nyben Amer mag\u00e1ntan\u00e1rk\u00e9nt gyerekeket tan\u00edt, akiket semmi nem \u00e9rdekel, csak a sz\u00f3rakoz\u00e1s. Csupa elveszett l\u00e9lek.\" \/>\n<meta name=\"robots\" content=\"index, follow, max-snippet:-1, max-image-preview:large, max-video-preview:-1\" \/>\n<link rel=\"canonical\" href=\"https:\/\/duncanshelley.com\/en\/product\/duncan-shelley-kate-brooks-amer-a-tanito\/\" \/>\n<meta property=\"og:locale\" content=\"en_US\" \/>\n<meta property=\"og:type\" content=\"article\" \/>\n<meta property=\"og:title\" content=\"Kate Brooks &amp; Duncan Shelley: Amer a tan\u00edt\u00f3\" \/>\n<meta property=\"og:description\" content=\"Az Amer a tan\u00edt\u00f3 kisreg\u00e9nyben Amer mag\u00e1ntan\u00e1rk\u00e9nt gyerekeket tan\u00edt, akiket semmi nem \u00e9rdekel, csak a sz\u00f3rakoz\u00e1s. Csupa elveszett l\u00e9lek.\" \/>\n<meta property=\"og:url\" content=\"https:\/\/duncanshelley.com\/en\/product\/duncan-shelley-kate-brooks-amer-a-tanito\/\" \/>\n<meta property=\"og:site_name\" content=\"Duncan Shelley K\u00f6nyvesbolt\" \/>\n<meta property=\"article:modified_time\" content=\"2026-02-01T16:45:05+00:00\" \/>\n<meta property=\"og:image\" content=\"https:\/\/duncanshelley.com\/wp-content\/uploads\/duncan-shelley-kate-brooks-amer-a-tanito-1.png\" \/>\n\t<meta property=\"og:image:width\" content=\"324\" \/>\n\t<meta property=\"og:image:height\" content=\"486\" \/>\n\t<meta property=\"og:image:type\" content=\"image\/png\" \/>\n<meta name=\"twitter:label1\" content=\"Est. reading time\" \/>\n\t<meta name=\"twitter:data1\" content=\"1 minute\" \/>\n<script type=\"application\/ld+json\" class=\"yoast-schema-graph\">{\"@context\":\"https:\\\/\\\/schema.org\",\"@graph\":[{\"@type\":\"WebPage\",\"@id\":\"https:\\\/\\\/duncanshelley.com\\\/termek\\\/duncan-shelley-kate-brooks-amer-a-tanito\\\/\",\"url\":\"https:\\\/\\\/duncanshelley.com\\\/termek\\\/duncan-shelley-kate-brooks-amer-a-tanito\\\/\",\"name\":\"Kate Brooks & Duncan Shelley: Amer a tan\u00edt\u00f3 - Duncan Shelley K\u00f6nyvesbolt\",\"isPartOf\":{\"@id\":\"https:\\\/\\\/duncanshelley.com\\\/#website\"},\"primaryImageOfPage\":{\"@id\":\"https:\\\/\\\/duncanshelley.com\\\/termek\\\/duncan-shelley-kate-brooks-amer-a-tanito\\\/#primaryimage\"},\"image\":{\"@id\":\"https:\\\/\\\/duncanshelley.com\\\/termek\\\/duncan-shelley-kate-brooks-amer-a-tanito\\\/#primaryimage\"},\"thumbnailUrl\":\"https:\\\/\\\/duncanshelley.com\\\/wp-content\\\/uploads\\\/duncan-shelley-kate-brooks-amer-a-tanito-1.png\",\"datePublished\":\"2019-09-08T18:40:02+00:00\",\"dateModified\":\"2026-02-01T16:45:05+00:00\",\"description\":\"Az Amer a tan\u00edt\u00f3 kisreg\u00e9nyben Amer mag\u00e1ntan\u00e1rk\u00e9nt gyerekeket tan\u00edt, akiket semmi nem \u00e9rdekel, csak a sz\u00f3rakoz\u00e1s. Csupa elveszett l\u00e9lek.\",\"breadcrumb\":{\"@id\":\"https:\\\/\\\/duncanshelley.com\\\/termek\\\/duncan-shelley-kate-brooks-amer-a-tanito\\\/#breadcrumb\"},\"inLanguage\":\"en-US\",\"potentialAction\":[{\"@type\":\"ReadAction\",\"target\":[\"https:\\\/\\\/duncanshelley.com\\\/termek\\\/duncan-shelley-kate-brooks-amer-a-tanito\\\/\"]}]},{\"@type\":\"ImageObject\",\"inLanguage\":\"en-US\",\"@id\":\"https:\\\/\\\/duncanshelley.com\\\/termek\\\/duncan-shelley-kate-brooks-amer-a-tanito\\\/#primaryimage\",\"url\":\"https:\\\/\\\/duncanshelley.com\\\/wp-content\\\/uploads\\\/duncan-shelley-kate-brooks-amer-a-tanito-1.png\",\"contentUrl\":\"https:\\\/\\\/duncanshelley.com\\\/wp-content\\\/uploads\\\/duncan-shelley-kate-brooks-amer-a-tanito-1.png\",\"width\":324,\"height\":486,\"caption\":\"duncan-shelley-kate-brooks-amer-a-tanito\"},{\"@type\":\"BreadcrumbList\",\"@id\":\"https:\\\/\\\/duncanshelley.com\\\/termek\\\/duncan-shelley-kate-brooks-amer-a-tanito\\\/#breadcrumb\",\"itemListElement\":[{\"@type\":\"ListItem\",\"position\":1,\"name\":\"Kezd\u0151lap\",\"item\":\"https:\\\/\\\/duncanshelley.com\\\/\"},{\"@type\":\"ListItem\",\"position\":2,\"name\":\"Webshop\",\"item\":\"https:\\\/\\\/duncanshelley.com\\\/webshop\\\/\"},{\"@type\":\"ListItem\",\"position\":3,\"name\":\"Kate Brooks &#038; Duncan Shelley: Amer a tan\u00edt\u00f3\"}]},{\"@type\":\"WebSite\",\"@id\":\"https:\\\/\\\/duncanshelley.com\\\/#website\",\"url\":\"https:\\\/\\\/duncanshelley.com\\\/\",\"name\":\"Duncan Shelley K\u00f6nyvesbolt\",\"description\":\"\",\"potentialAction\":[{\"@type\":\"SearchAction\",\"target\":{\"@type\":\"EntryPoint\",\"urlTemplate\":\"https:\\\/\\\/duncanshelley.com\\\/?s={search_term_string}\"},\"query-input\":{\"@type\":\"PropertyValueSpecification\",\"valueRequired\":true,\"valueName\":\"search_term_string\"}}],\"inLanguage\":\"en-US\"}]}<\/script>\n<!-- \/ Yoast SEO Premium plugin. -->","yoast_head_json":{"title":"Kate Brooks & Duncan Shelley: Amer a tan\u00edt\u00f3 - Duncan Shelley K\u00f6nyvesbolt","description":"Az Amer a tan\u00edt\u00f3 kisreg\u00e9nyben Amer mag\u00e1ntan\u00e1rk\u00e9nt gyerekeket tan\u00edt, akiket semmi nem \u00e9rdekel, csak a sz\u00f3rakoz\u00e1s. Csupa elveszett l\u00e9lek.","robots":{"index":"index","follow":"follow","max-snippet":"max-snippet:-1","max-image-preview":"max-image-preview:large","max-video-preview":"max-video-preview:-1"},"canonical":"https:\/\/duncanshelley.com\/en\/product\/duncan-shelley-kate-brooks-amer-a-tanito\/","og_locale":"en_US","og_type":"article","og_title":"Kate Brooks & Duncan Shelley: Amer a tan\u00edt\u00f3","og_description":"Az Amer a tan\u00edt\u00f3 kisreg\u00e9nyben Amer mag\u00e1ntan\u00e1rk\u00e9nt gyerekeket tan\u00edt, akiket semmi nem \u00e9rdekel, csak a sz\u00f3rakoz\u00e1s. Csupa elveszett l\u00e9lek.","og_url":"https:\/\/duncanshelley.com\/en\/product\/duncan-shelley-kate-brooks-amer-a-tanito\/","og_site_name":"Duncan Shelley K\u00f6nyvesbolt","article_modified_time":"2026-02-01T16:45:05+00:00","og_image":[{"width":324,"height":486,"url":"https:\/\/duncanshelley.com\/wp-content\/uploads\/duncan-shelley-kate-brooks-amer-a-tanito-1.png","type":"image\/png"}],"twitter_misc":{"Est. reading time":"1 minute"},"schema":{"@context":"https:\/\/schema.org","@graph":[{"@type":"WebPage","@id":"https:\/\/duncanshelley.com\/termek\/duncan-shelley-kate-brooks-amer-a-tanito\/","url":"https:\/\/duncanshelley.com\/termek\/duncan-shelley-kate-brooks-amer-a-tanito\/","name":"Kate Brooks & Duncan Shelley: Amer a tan\u00edt\u00f3 - Duncan Shelley K\u00f6nyvesbolt","isPartOf":{"@id":"https:\/\/duncanshelley.com\/#website"},"primaryImageOfPage":{"@id":"https:\/\/duncanshelley.com\/termek\/duncan-shelley-kate-brooks-amer-a-tanito\/#primaryimage"},"image":{"@id":"https:\/\/duncanshelley.com\/termek\/duncan-shelley-kate-brooks-amer-a-tanito\/#primaryimage"},"thumbnailUrl":"https:\/\/duncanshelley.com\/wp-content\/uploads\/duncan-shelley-kate-brooks-amer-a-tanito-1.png","datePublished":"2019-09-08T18:40:02+00:00","dateModified":"2026-02-01T16:45:05+00:00","description":"Az Amer a tan\u00edt\u00f3 kisreg\u00e9nyben Amer mag\u00e1ntan\u00e1rk\u00e9nt gyerekeket tan\u00edt, akiket semmi nem \u00e9rdekel, csak a sz\u00f3rakoz\u00e1s. Csupa elveszett l\u00e9lek.","breadcrumb":{"@id":"https:\/\/duncanshelley.com\/termek\/duncan-shelley-kate-brooks-amer-a-tanito\/#breadcrumb"},"inLanguage":"en-US","potentialAction":[{"@type":"ReadAction","target":["https:\/\/duncanshelley.com\/termek\/duncan-shelley-kate-brooks-amer-a-tanito\/"]}]},{"@type":"ImageObject","inLanguage":"en-US","@id":"https:\/\/duncanshelley.com\/termek\/duncan-shelley-kate-brooks-amer-a-tanito\/#primaryimage","url":"https:\/\/duncanshelley.com\/wp-content\/uploads\/duncan-shelley-kate-brooks-amer-a-tanito-1.png","contentUrl":"https:\/\/duncanshelley.com\/wp-content\/uploads\/duncan-shelley-kate-brooks-amer-a-tanito-1.png","width":324,"height":486,"caption":"duncan-shelley-kate-brooks-amer-a-tanito"},{"@type":"BreadcrumbList","@id":"https:\/\/duncanshelley.com\/termek\/duncan-shelley-kate-brooks-amer-a-tanito\/#breadcrumb","itemListElement":[{"@type":"ListItem","position":1,"name":"Kezd\u0151lap","item":"https:\/\/duncanshelley.com\/"},{"@type":"ListItem","position":2,"name":"Webshop","item":"https:\/\/duncanshelley.com\/webshop\/"},{"@type":"ListItem","position":3,"name":"Kate Brooks &#038; Duncan Shelley: Amer a tan\u00edt\u00f3"}]},{"@type":"WebSite","@id":"https:\/\/duncanshelley.com\/#website","url":"https:\/\/duncanshelley.com\/","name":"Duncan Shelley K\u00f6nyvesbolt","description":"","potentialAction":[{"@type":"SearchAction","target":{"@type":"EntryPoint","urlTemplate":"https:\/\/duncanshelley.com\/?s={search_term_string}"},"query-input":{"@type":"PropertyValueSpecification","valueRequired":true,"valueName":"search_term_string"}}],"inLanguage":"en-US"}]}},"_links":{"self":[{"href":"https:\/\/duncanshelley.com\/en\/wp-json\/wp\/v2\/product\/7514","targetHints":{"allow":["GET"]}}],"collection":[{"href":"https:\/\/duncanshelley.com\/en\/wp-json\/wp\/v2\/product"}],"about":[{"href":"https:\/\/duncanshelley.com\/en\/wp-json\/wp\/v2\/types\/product"}],"replies":[{"embeddable":true,"href":"https:\/\/duncanshelley.com\/en\/wp-json\/wp\/v2\/comments?post=7514"}],"wp:featuredmedia":[{"embeddable":true,"href":"https:\/\/duncanshelley.com\/en\/wp-json\/wp\/v2\/media\/8758"}],"wp:attachment":[{"href":"https:\/\/duncanshelley.com\/en\/wp-json\/wp\/v2\/media?parent=7514"}],"wp:term":[{"taxonomy":"product_brand","embeddable":true,"href":"https:\/\/duncanshelley.com\/en\/wp-json\/wp\/v2\/product_brand?post=7514"},{"taxonomy":"product_cat","embeddable":true,"href":"https:\/\/duncanshelley.com\/en\/wp-json\/wp\/v2\/product_cat?post=7514"},{"taxonomy":"product_tag","embeddable":true,"href":"https:\/\/duncanshelley.com\/en\/wp-json\/wp\/v2\/product_tag?post=7514"}],"curies":[{"name":"wp","href":"https:\/\/api.w.org\/{rel}","templated":true}]}}