{"id":74,"date":"2022-02-27T07:03:16","date_gmt":"2022-02-27T06:03:16","guid":{"rendered":"https:\/\/brookskiado.hu\/?post_type=product&#038;p=74"},"modified":"2026-04-02T18:38:22","modified_gmt":"2026-04-02T16:38:22","slug":"duncan-shelley-az-elme-gyilkosai-iii-a-vegso-haboru","status":"publish","type":"product","link":"https:\/\/duncanshelley.com\/en\/product\/duncan-shelley-az-elme-gyilkosai-iii-a-vegso-haboru\/","title":{"rendered":"Duncan Shelley: Az elme gyilkosai III. A v\u00e9gs\u0151 h\u00e1bor\u00fa"},"content":{"rendered":"<h3 data-section-id=\"od8m20\" data-start=\"488\" data-end=\"504\">\ud83e\udde0 A T\u00d6RT\u00c9NET<\/h3>\n<p data-start=\"506\" data-end=\"548\">A Legfels\u0151bb Kaszt eddig l\u00e1thatatlan volt.<\/p>\n<ul>\n<li data-start=\"550\" data-end=\"620\">\u00a0ir\u00e1ny\u00edtott<\/li>\n<li data-start=\"550\" data-end=\"620\">manipul\u00e1lt<\/li>\n<li data-start=\"550\" data-end=\"620\">kontroll alatt tartotta a vil\u00e1got<\/li>\n<\/ul>\n<p data-start=\"627\" data-end=\"635\">De most:<\/p>\n<p data-start=\"637\" data-end=\"670\">\u27a1\ufe0f az emberek kezdenek fel\u00e9bredni. \u00c9s ez az, amit nem engedhetnek meg.<\/p>\n<h4 data-section-id=\"1r3i82w\" data-start=\"719\" data-end=\"738\">A V\u00c9GS\u0150 L\u00c9P\u00c9S<\/h4>\n<p data-start=\"740\" data-end=\"765\">Andan befejezi a k\u00f6nyv\u00e9t.<\/p>\n<p data-start=\"767\" data-end=\"813\">\ud83d\udc49 <em data-start=\"770\" data-end=\"800\">A rendszer hiteles kr\u00f3nik\u00e1ja<\/em> megsz\u00fcletik.<\/p>\n<ul>\n<li data-start=\"820\" data-end=\"843\">az igazs\u00e1g kiker\u00fcl<\/li>\n<li data-start=\"845\" data-end=\"864\">a vil\u00e1g reag\u00e1l<\/li>\n<li data-start=\"845\" data-end=\"864\">a k\u00e1osz elindul<\/li>\n<\/ul>\n<h4 data-section-id=\"yjbqj0\" data-start=\"893\" data-end=\"913\">\u00a0AMI EZUT\u00c1N J\u00d6N<\/h4>\n<p data-start=\"915\" data-end=\"945\">A Legfels\u0151bb Kaszt nem h\u00e1tr\u00e1l.<\/p>\n<ul>\n<li data-start=\"952\" data-end=\"983\">bevetik az utols\u00f3 fegyvert<\/li>\n<li data-start=\"952\" data-end=\"983\">a leger\u0151sebbet<\/li>\n<li data-start=\"952\" data-end=\"983\">azt, ami ellen szinte lehetetlen v\u00e9dekezni<\/li>\n<\/ul>\n<h4 data-start=\"1060\" data-end=\"1103\">\ud83e\udde0 AZ IGAZI H\u00c1BOR\u00da<\/h4>\n<p data-start=\"1133\" data-end=\"1159\">Ez nem az, aminek l\u00e1tszik.<\/p>\n<ul>\n<li data-start=\"1166\" data-end=\"1232\">\u00a0nem a vil\u00e1gh\u00e1bor\u00fak<\/li>\n<li data-start=\"1166\" data-end=\"1232\">nem a fegyverek<\/li>\n<li data-start=\"1166\" data-end=\"1232\">\u00a0nem a hadseregek<\/li>\n<\/ul>\n<p data-start=\"1239\" data-end=\"1269\">hanem valami sokkal m\u00e9lyebb.<\/p>\n<p data-start=\"1276\" data-end=\"1309\"><strong data-start=\"1276\" data-end=\"1309\">A val\u00f3di fegyver: a hazugs\u00e1g.<\/strong><\/p>\n<p data-start=\"1316\" data-end=\"1334\">Egy er\u0151, amely:<\/p>\n<ul data-start=\"1336\" data-end=\"1408\">\n<li data-section-id=\"1czanri\" data-start=\"1336\" data-end=\"1359\">gener\u00e1ci\u00f3kat form\u00e1l<\/li>\n<li data-section-id=\"2ur7n2\" data-start=\"1360\" data-end=\"1382\">val\u00f3s\u00e1gokat torz\u00edt<\/li>\n<li data-section-id=\"1hddyuv\" data-start=\"1383\" data-end=\"1408\">\u00e9szrev\u00e9tlen\u00fcl ir\u00e1ny\u00edt<\/li>\n<\/ul>\n<p data-start=\"1415\" data-end=\"1455\">\u00a0\u00e9s amely ellen a legnehezebb harcolni.<\/p>\n<h4 data-start=\"1415\" data-end=\"1455\">\u00a0A T\u00c9T<\/h4>\n<p data-start=\"1475\" data-end=\"1507\">Ez m\u00e1r nem csak Andan t\u00f6rt\u00e9nete,\u00a0hanem:<\/p>\n<p data-start=\"1374\" data-end=\"1401\">\u27a1\ufe0f <strong data-start=\"1377\" data-end=\"1401\">a civiliz\u00e1ci\u00f3 j\u00f6v\u0151je<\/strong><\/p>\n<p data-start=\"1408\" data-end=\"1416\">Ki nyer?<\/p>\n<p data-start=\"1408\" data-end=\"1416\">Az, aki felfedi az igazs\u00e1got?<br data-start=\"1447\" data-end=\"1450\" \/>Vagy az, aki mindent k\u00e9zben tart a h\u00e1tt\u00e9rb\u0151l?<\/p>\n<p data-start=\"1502\" data-end=\"1540\">\ud83d\udc49 a v\u00e9gs\u0151 \u00f6sszecsap\u00e1s elker\u00fclhetetlen<\/p>\n<h4 data-section-id=\"t1tktb\" data-start=\"1547\" data-end=\"1570\">\ud83e\udde0 MI\u00c9RT BESZIPPANT\u00d3<\/h4>\n<p data-start=\"1572\" data-end=\"1612\">Az <em data-start=\"1575\" data-end=\"1600\">Elme Gyilkosai tril\u00f3gia<\/em> z\u00e1r\u00f3 r\u00e9sze:<\/p>\n<p data-start=\"1614\" data-end=\"1718\">\u2714 lez\u00e1rja a t\u00f6rt\u00e9netet<br data-start=\"1636\" data-end=\"1639\" \/>\u2714 v\u00e1laszt ad a legfontosabb k\u00e9rd\u00e9sekre<br data-start=\"1677\" data-end=\"1680\" \/>\u2714 \u00e9s m\u00e9g t\u00f6bb k\u00e9rd\u00e9st hagy maga ut\u00e1n<\/p>\n<h4 data-start=\"1725\" data-end=\"1758\">\ud83d\udcda A TRIL\u00d3GIA<\/h4>\n<ul data-start=\"1783\" data-end=\"1865\">\n<li data-section-id=\"1927o6e\" data-start=\"1783\" data-end=\"1805\">Az \u00e1rul\u00f3 (1. r\u00e9sz)<\/li>\n<li data-section-id=\"1b8vu44\" data-start=\"1806\" data-end=\"1836\">A t\u00e9boly katon\u00e1i (2. r\u00e9sz)<\/li>\n<li data-section-id=\"1ti9235\" data-start=\"1837\" data-end=\"1865\">A v\u00e9gs\u0151 h\u00e1bor\u00fa (3. r\u00e9sz)<\/li>\n<\/ul>\n<h4 data-section-id=\"d1bifp\" data-start=\"1904\" data-end=\"1917\">AJ\u00c1NLAT<\/h4>\n<p data-start=\"1919\" data-end=\"1934\">\ud83d\udc49 <strong data-start=\"1922\" data-end=\"1934\">6.800 Ft<\/strong><\/p>\n<p data-start=\"1936\" data-end=\"1974\">\u27a1\ufe0f a befejez\u00e9s, ami mindent \u00e1t\u00e9rtelmez<\/p>\n<p data-start=\"1992\" data-end=\"2053\">\ud83d\udc49 <strong data-start=\"1995\" data-end=\"2053\">Tedd kos\u00e1rba most \u2014 \u00e9s tudd meg, ki ir\u00e1ny\u00edt val\u00f3j\u00e1ban.<\/strong><\/p>","protected":false},"excerpt":{"rendered":"<p>A tril\u00f3gia harnadik k\u00f6tete<br \/>\n<strong>M\u0171faj<\/strong>: politikai thriller<br \/>\n<strong>Oldalsz\u00e1m<\/strong>: 442<br \/>\n<strong>Kiad\u00e1s<\/strong> <strong>\u00e9ve<\/strong>: 2000, 2007, 2012, 2014, 2018, 2020, 2021, 2022, 2023, 2024, 2025, 2026.<\/p>\n<p><strong>A v\u00e9gs\u0151 h\u00e1bor\u00fa<\/strong><\/p>\n<p data-start=\"316\" data-end=\"395\"><strong data-start=\"316\" data-end=\"395\">Mi t\u00f6rt\u00e9nik, amikor az igazs\u00e1g napvil\u00e1gra ker\u00fcl\u2026<br data-start=\"366\" data-end=\"369\" \/>\u00e9s a rendszer visszav\u00e1g?<\/strong><\/p>\n<p data-start=\"397\" data-end=\"443\">\ud83d\udc49 Andan megtette, amit nem lett volna szabad.<\/p>\n<p data-start=\"445\" data-end=\"481\">\u00c9s ezzel\u2026<br data-start=\"454\" data-end=\"457\" \/>\u27a1\ufe0f mindent kock\u00e1ra tett.<\/p>","protected":false},"featured_media":8598,"comment_status":"closed","ping_status":"closed","template":"","meta":{"_acf_changed":false,"_genesis_hide_title":false,"_genesis_hide_breadcrumbs":false,"_genesis_hide_singular_image":false,"_genesis_hide_footer_widgets":false,"_genesis_custom_body_class":"","_genesis_custom_post_class":"","_genesis_layout":""},"product_brand":[],"product_cat":[48,168,43,27],"product_tag":[],"class_list":{"0":"post-74","1":"product","2":"type-product","3":"status-publish","4":"has-post-thumbnail","6":"product_cat-akcio-konyvek","7":"product_cat-andan-konyvek","8":"product_cat-elme-gyilkosai","9":"product_cat-konteo-konyvek","10":"entry","12":"first","13":"instock","14":"taxable","15":"shipping-taxable","16":"purchasable","17":"product-type-simple"},"acf":[],"yoast_head":"<!-- This site is optimized with the Yoast SEO Premium plugin v27.5 (Yoast SEO v27.5) - https:\/\/yoast.com\/product\/yoast-seo-premium-wordpress\/ -->\n<title>Duncan Shelley: Az elme gyilkosai III. A v\u00e9gs\u0151 h\u00e1bor\u00fa - Duncan Shelley K\u00f6nyvesbolt<\/title>\n<meta name=\"description\" content=\"A v\u00e9gs\u0151 h\u00e1bor\u00fa Duncan Shelley Elme gyilkosai tril\u00f3gi\u00e1j\u00e1nak harmadik, vagyis befejez\u0151 r\u00e9sze. Lez\u00e1rul Julius Andan \u00fcld\u00f6ztet\u00e9se.\" \/>\n<meta name=\"robots\" content=\"index, follow, max-snippet:-1, max-image-preview:large, max-video-preview:-1\" \/>\n<link rel=\"canonical\" href=\"https:\/\/duncanshelley.com\/en\/product\/duncan-shelley-az-elme-gyilkosai-iii-a-vegso-haboru\/\" \/>\n<meta property=\"og:locale\" content=\"en_US\" \/>\n<meta property=\"og:type\" content=\"article\" \/>\n<meta property=\"og:title\" content=\"Duncan Shelley: Az elme gyilkosai III. A v\u00e9gs\u0151 h\u00e1bor\u00fa\" \/>\n<meta property=\"og:description\" content=\"A v\u00e9gs\u0151 h\u00e1bor\u00fa Duncan Shelley Elme gyilkosai tril\u00f3gi\u00e1j\u00e1nak harmadik, vagyis befejez\u0151 r\u00e9sze. Lez\u00e1rul Julius Andan \u00fcld\u00f6ztet\u00e9se.\" \/>\n<meta property=\"og:url\" content=\"https:\/\/duncanshelley.com\/en\/product\/duncan-shelley-az-elme-gyilkosai-iii-a-vegso-haboru\/\" \/>\n<meta property=\"og:site_name\" content=\"Duncan Shelley K\u00f6nyvesbolt\" \/>\n<meta property=\"article:modified_time\" content=\"2026-04-02T16:38:22+00:00\" \/>\n<meta property=\"og:image\" content=\"https:\/\/duncanshelley.com\/wp-content\/uploads\/elme-gyilkosai-3.jpg\" \/>\n\t<meta property=\"og:image:width\" content=\"300\" \/>\n\t<meta property=\"og:image:height\" content=\"475\" \/>\n\t<meta property=\"og:image:type\" content=\"image\/jpeg\" \/>\n<meta name=\"twitter:label1\" content=\"Est. reading time\" \/>\n\t<meta name=\"twitter:data1\" content=\"2 minutes\" \/>\n<script type=\"application\/ld+json\" class=\"yoast-schema-graph\">{\"@context\":\"https:\\\/\\\/schema.org\",\"@graph\":[{\"@type\":\"WebPage\",\"@id\":\"https:\\\/\\\/duncanshelley.com\\\/termek\\\/duncan-shelley-az-elme-gyilkosai-iii-a-vegso-haboru\\\/\",\"url\":\"https:\\\/\\\/duncanshelley.com\\\/termek\\\/duncan-shelley-az-elme-gyilkosai-iii-a-vegso-haboru\\\/\",\"name\":\"Duncan Shelley: Az elme gyilkosai III. A v\u00e9gs\u0151 h\u00e1bor\u00fa - Duncan Shelley K\u00f6nyvesbolt\",\"isPartOf\":{\"@id\":\"https:\\\/\\\/duncanshelley.com\\\/#website\"},\"primaryImageOfPage\":{\"@id\":\"https:\\\/\\\/duncanshelley.com\\\/termek\\\/duncan-shelley-az-elme-gyilkosai-iii-a-vegso-haboru\\\/#primaryimage\"},\"image\":{\"@id\":\"https:\\\/\\\/duncanshelley.com\\\/termek\\\/duncan-shelley-az-elme-gyilkosai-iii-a-vegso-haboru\\\/#primaryimage\"},\"thumbnailUrl\":\"https:\\\/\\\/duncanshelley.com\\\/wp-content\\\/uploads\\\/elme-gyilkosai-3.jpg\",\"datePublished\":\"2022-02-27T06:03:16+00:00\",\"dateModified\":\"2026-04-02T16:38:22+00:00\",\"description\":\"A v\u00e9gs\u0151 h\u00e1bor\u00fa Duncan Shelley Elme gyilkosai tril\u00f3gi\u00e1j\u00e1nak harmadik, vagyis befejez\u0151 r\u00e9sze. Lez\u00e1rul Julius Andan \u00fcld\u00f6ztet\u00e9se.\",\"breadcrumb\":{\"@id\":\"https:\\\/\\\/duncanshelley.com\\\/termek\\\/duncan-shelley-az-elme-gyilkosai-iii-a-vegso-haboru\\\/#breadcrumb\"},\"inLanguage\":\"en-US\",\"potentialAction\":[{\"@type\":\"ReadAction\",\"target\":[\"https:\\\/\\\/duncanshelley.com\\\/termek\\\/duncan-shelley-az-elme-gyilkosai-iii-a-vegso-haboru\\\/\"]}]},{\"@type\":\"ImageObject\",\"inLanguage\":\"en-US\",\"@id\":\"https:\\\/\\\/duncanshelley.com\\\/termek\\\/duncan-shelley-az-elme-gyilkosai-iii-a-vegso-haboru\\\/#primaryimage\",\"url\":\"https:\\\/\\\/duncanshelley.com\\\/wp-content\\\/uploads\\\/elme-gyilkosai-3.jpg\",\"contentUrl\":\"https:\\\/\\\/duncanshelley.com\\\/wp-content\\\/uploads\\\/elme-gyilkosai-3.jpg\",\"width\":300,\"height\":475,\"caption\":\"v\u00e9gs\u0151 h\u00e1bor\u00fa\"},{\"@type\":\"BreadcrumbList\",\"@id\":\"https:\\\/\\\/duncanshelley.com\\\/termek\\\/duncan-shelley-az-elme-gyilkosai-iii-a-vegso-haboru\\\/#breadcrumb\",\"itemListElement\":[{\"@type\":\"ListItem\",\"position\":1,\"name\":\"Kezd\u0151lap\",\"item\":\"https:\\\/\\\/duncanshelley.com\\\/\"},{\"@type\":\"ListItem\",\"position\":2,\"name\":\"Webshop\",\"item\":\"https:\\\/\\\/duncanshelley.com\\\/webshop\\\/\"},{\"@type\":\"ListItem\",\"position\":3,\"name\":\"Duncan Shelley: Az elme gyilkosai III. A v\u00e9gs\u0151 h\u00e1bor\u00fa\"}]},{\"@type\":\"WebSite\",\"@id\":\"https:\\\/\\\/duncanshelley.com\\\/#website\",\"url\":\"https:\\\/\\\/duncanshelley.com\\\/\",\"name\":\"Duncan Shelley K\u00f6nyvesbolt\",\"description\":\"\",\"potentialAction\":[{\"@type\":\"SearchAction\",\"target\":{\"@type\":\"EntryPoint\",\"urlTemplate\":\"https:\\\/\\\/duncanshelley.com\\\/?s={search_term_string}\"},\"query-input\":{\"@type\":\"PropertyValueSpecification\",\"valueRequired\":true,\"valueName\":\"search_term_string\"}}],\"inLanguage\":\"en-US\"}]}<\/script>\n<!-- \/ Yoast SEO Premium plugin. -->","yoast_head_json":{"title":"Duncan Shelley: Az elme gyilkosai III. A v\u00e9gs\u0151 h\u00e1bor\u00fa - Duncan Shelley K\u00f6nyvesbolt","description":"A v\u00e9gs\u0151 h\u00e1bor\u00fa Duncan Shelley Elme gyilkosai tril\u00f3gi\u00e1j\u00e1nak harmadik, vagyis befejez\u0151 r\u00e9sze. Lez\u00e1rul Julius Andan \u00fcld\u00f6ztet\u00e9se.","robots":{"index":"index","follow":"follow","max-snippet":"max-snippet:-1","max-image-preview":"max-image-preview:large","max-video-preview":"max-video-preview:-1"},"canonical":"https:\/\/duncanshelley.com\/en\/product\/duncan-shelley-az-elme-gyilkosai-iii-a-vegso-haboru\/","og_locale":"en_US","og_type":"article","og_title":"Duncan Shelley: Az elme gyilkosai III. A v\u00e9gs\u0151 h\u00e1bor\u00fa","og_description":"A v\u00e9gs\u0151 h\u00e1bor\u00fa Duncan Shelley Elme gyilkosai tril\u00f3gi\u00e1j\u00e1nak harmadik, vagyis befejez\u0151 r\u00e9sze. Lez\u00e1rul Julius Andan \u00fcld\u00f6ztet\u00e9se.","og_url":"https:\/\/duncanshelley.com\/en\/product\/duncan-shelley-az-elme-gyilkosai-iii-a-vegso-haboru\/","og_site_name":"Duncan Shelley K\u00f6nyvesbolt","article_modified_time":"2026-04-02T16:38:22+00:00","og_image":[{"width":300,"height":475,"url":"https:\/\/duncanshelley.com\/wp-content\/uploads\/elme-gyilkosai-3.jpg","type":"image\/jpeg"}],"twitter_misc":{"Est. reading time":"2 minutes"},"schema":{"@context":"https:\/\/schema.org","@graph":[{"@type":"WebPage","@id":"https:\/\/duncanshelley.com\/termek\/duncan-shelley-az-elme-gyilkosai-iii-a-vegso-haboru\/","url":"https:\/\/duncanshelley.com\/termek\/duncan-shelley-az-elme-gyilkosai-iii-a-vegso-haboru\/","name":"Duncan Shelley: Az elme gyilkosai III. A v\u00e9gs\u0151 h\u00e1bor\u00fa - Duncan Shelley K\u00f6nyvesbolt","isPartOf":{"@id":"https:\/\/duncanshelley.com\/#website"},"primaryImageOfPage":{"@id":"https:\/\/duncanshelley.com\/termek\/duncan-shelley-az-elme-gyilkosai-iii-a-vegso-haboru\/#primaryimage"},"image":{"@id":"https:\/\/duncanshelley.com\/termek\/duncan-shelley-az-elme-gyilkosai-iii-a-vegso-haboru\/#primaryimage"},"thumbnailUrl":"https:\/\/duncanshelley.com\/wp-content\/uploads\/elme-gyilkosai-3.jpg","datePublished":"2022-02-27T06:03:16+00:00","dateModified":"2026-04-02T16:38:22+00:00","description":"A v\u00e9gs\u0151 h\u00e1bor\u00fa Duncan Shelley Elme gyilkosai tril\u00f3gi\u00e1j\u00e1nak harmadik, vagyis befejez\u0151 r\u00e9sze. Lez\u00e1rul Julius Andan \u00fcld\u00f6ztet\u00e9se.","breadcrumb":{"@id":"https:\/\/duncanshelley.com\/termek\/duncan-shelley-az-elme-gyilkosai-iii-a-vegso-haboru\/#breadcrumb"},"inLanguage":"en-US","potentialAction":[{"@type":"ReadAction","target":["https:\/\/duncanshelley.com\/termek\/duncan-shelley-az-elme-gyilkosai-iii-a-vegso-haboru\/"]}]},{"@type":"ImageObject","inLanguage":"en-US","@id":"https:\/\/duncanshelley.com\/termek\/duncan-shelley-az-elme-gyilkosai-iii-a-vegso-haboru\/#primaryimage","url":"https:\/\/duncanshelley.com\/wp-content\/uploads\/elme-gyilkosai-3.jpg","contentUrl":"https:\/\/duncanshelley.com\/wp-content\/uploads\/elme-gyilkosai-3.jpg","width":300,"height":475,"caption":"v\u00e9gs\u0151 h\u00e1bor\u00fa"},{"@type":"BreadcrumbList","@id":"https:\/\/duncanshelley.com\/termek\/duncan-shelley-az-elme-gyilkosai-iii-a-vegso-haboru\/#breadcrumb","itemListElement":[{"@type":"ListItem","position":1,"name":"Kezd\u0151lap","item":"https:\/\/duncanshelley.com\/"},{"@type":"ListItem","position":2,"name":"Webshop","item":"https:\/\/duncanshelley.com\/webshop\/"},{"@type":"ListItem","position":3,"name":"Duncan Shelley: Az elme gyilkosai III. A v\u00e9gs\u0151 h\u00e1bor\u00fa"}]},{"@type":"WebSite","@id":"https:\/\/duncanshelley.com\/#website","url":"https:\/\/duncanshelley.com\/","name":"Duncan Shelley K\u00f6nyvesbolt","description":"","potentialAction":[{"@type":"SearchAction","target":{"@type":"EntryPoint","urlTemplate":"https:\/\/duncanshelley.com\/?s={search_term_string}"},"query-input":{"@type":"PropertyValueSpecification","valueRequired":true,"valueName":"search_term_string"}}],"inLanguage":"en-US"}]}},"_links":{"self":[{"href":"https:\/\/duncanshelley.com\/en\/wp-json\/wp\/v2\/product\/74","targetHints":{"allow":["GET"]}}],"collection":[{"href":"https:\/\/duncanshelley.com\/en\/wp-json\/wp\/v2\/product"}],"about":[{"href":"https:\/\/duncanshelley.com\/en\/wp-json\/wp\/v2\/types\/product"}],"replies":[{"embeddable":true,"href":"https:\/\/duncanshelley.com\/en\/wp-json\/wp\/v2\/comments?post=74"}],"wp:featuredmedia":[{"embeddable":true,"href":"https:\/\/duncanshelley.com\/en\/wp-json\/wp\/v2\/media\/8598"}],"wp:attachment":[{"href":"https:\/\/duncanshelley.com\/en\/wp-json\/wp\/v2\/media?parent=74"}],"wp:term":[{"taxonomy":"product_brand","embeddable":true,"href":"https:\/\/duncanshelley.com\/en\/wp-json\/wp\/v2\/product_brand?post=74"},{"taxonomy":"product_cat","embeddable":true,"href":"https:\/\/duncanshelley.com\/en\/wp-json\/wp\/v2\/product_cat?post=74"},{"taxonomy":"product_tag","embeddable":true,"href":"https:\/\/duncanshelley.com\/en\/wp-json\/wp\/v2\/product_tag?post=74"}],"curies":[{"name":"wp","href":"https:\/\/api.w.org\/{rel}","templated":true}]}}