{"id":72,"date":"2022-02-27T08:04:46","date_gmt":"2022-02-27T07:04:46","guid":{"rendered":"https:\/\/brookskiado.hu\/?post_type=product&#038;p=72"},"modified":"2026-04-02T18:09:15","modified_gmt":"2026-04-02T16:09:15","slug":"duncan-shelley-az-elme-gyilkosai-ii-a-teboly-katonai","status":"publish","type":"product","link":"https:\/\/duncanshelley.com\/en\/product\/duncan-shelley-az-elme-gyilkosai-ii-a-teboly-katonai\/","title":{"rendered":"Duncan Shelley: Az elme gyilkosai II.  A t\u00e9boly katon\u00e1i"},"content":{"rendered":"<h3 data-section-id=\"od8m20\" data-start=\"426\" data-end=\"442\">\ud83e\udde0 A T\u00d6RT\u00c9NET<\/h3>\n<p data-start=\"444\" data-end=\"486\">Dr. Julius Andan m\u00e1r nem a rendszer r\u00e9sze, hanem az ellens\u00e9ge. Otthagyta a Legfels\u0151bb Kasztot, a\u00a0vil\u00e1g legrejtettebb \u00e9s legnagyobb hatalm\u00fa szervezet\u00e9t.<\/p>\n<p data-start=\"614\" data-end=\"625\">\ud83d\udc49 \u00e9s most:<\/p>\n<p data-start=\"627\" data-end=\"648\">\u27a1\ufe0f le akarja leplezni<\/p>\n<p data-start=\"655\" data-end=\"734\">Egy k\u00f6nyvben. Egy vallom\u00e1sban. Egy igazs\u00e1gban, amit nem szabadna kimondani.<\/p>\n<h4 data-section-id=\"8omzaz\" data-start=\"741\" data-end=\"761\">AMI EZUT\u00c1N J\u00d6N<\/h4>\n<p data-start=\"763\" data-end=\"796\">\ud83d\udc49 az \u00fcld\u00f6z\u00e9s brut\u00e1lisabb\u00e1 v\u00e1lik:<\/p>\n<ul data-start=\"798\" data-end=\"861\">\n<li data-section-id=\"x6cqyv\" data-start=\"798\" data-end=\"819\">titkosszolg\u00e1latok<\/li>\n<li data-section-id=\"15ufhle\" data-start=\"820\" data-end=\"836\">katonai er\u0151k<\/li>\n<li data-section-id=\"160vkr1\" data-start=\"837\" data-end=\"861\">l\u00e1thatatlan hatalmak<\/li>\n<\/ul>\n<p data-start=\"868\" data-end=\"891\">\u00a0Mindenki \u0151t keresi, mindenki meg akarja \u00e1ll\u00edtani,\u00a0mert amit tud\u2026<\/p>\n<p data-start=\"952\" data-end=\"989\">&#8230;az k\u00e9pes lenne mindent felbor\u00edtani.<\/p>\n<h4 data-section-id=\"1b0wp6m\" data-start=\"996\" data-end=\"1027\">\ud83c\udf0d A VIL\u00c1G, AMI KIRAJZOL\u00d3DIK<\/h4>\n<p data-start=\"1029\" data-end=\"1074\">Ez a t\u00f6rt\u00e9net m\u00e1r nem csak egy emberr\u0151l sz\u00f3l, \u00a0hanem:<\/p>\n<p data-start=\"1092\" data-end=\"1131\">\u27a1\ufe0f egy rendszerr\u0151l, ami mindent \u00e1tsz\u0151.<\/p>\n<p data-start=\"1138\" data-end=\"1190\">Amazonas.<br data-start=\"1147\" data-end=\"1150\" \/>Irak.<br data-start=\"1155\" data-end=\"1158\" \/>Tibet.<br data-start=\"1164\" data-end=\"1167\" \/>Moszkva.<br data-start=\"1175\" data-end=\"1178\" \/>CIA k\u00f6zpont.<\/p>\n<p data-start=\"1197\" data-end=\"1226\">L\u00e1tsz\u00f3lag nincs kapcsolat\u2026, m\u00e9gis minden \u00f6sszef\u00fcgg<\/p>\n<h4 data-section-id=\"ye28i6\" data-start=\"1260\" data-end=\"1282\">\ud83e\udde0 AZ IGAZI HATALOM<\/h4>\n<p data-start=\"1284\" data-end=\"1308\">Egy r\u00e9gi mond\u00e1s szerint: az igazi hatalom nem a tr\u00f3non \u00fcl, hanem m\u00f6g\u00f6tte \u00e1ll.<\/p>\n<p data-start=\"1374\" data-end=\"1414\"><strong data-start=\"1374\" data-end=\"1414\">Arctalan. N\u00e9vtelen. L\u00e1thatatlan.<\/strong><\/p>\n<p data-start=\"1421\" data-end=\"1462\">\u00c9s pont ez\u00e9rt, szinte megfoghatatlan.<\/p>\n<h4 data-start=\"1421\" data-end=\"1462\">\u00a0AMI IGAZ\u00c1N F\u00c9LELMETES<\/h4>\n<p data-start=\"1498\" data-end=\"1531\">H\u00e1bor\u00fak. V\u00e1ls\u00e1gok. M\u00e9dia zaj.<\/p>\n<p data-start=\"1538\" data-end=\"1558\">Mind csak felsz\u00edn<\/p>\n<p data-start=\"1565\" data-end=\"1603\">\u27a1\ufe0f a val\u00f3di j\u00e1tszma a h\u00e1tt\u00e9rben zajlik<\/p>\n<p data-start=\"1610\" data-end=\"1657\"><strong data-start=\"1610\" data-end=\"1657\">A figyelem elterel\u00e9se a legnagyobb fegyver.<\/strong><\/p>\n<h4 data-section-id=\"t1tktb\" data-start=\"1664\" data-end=\"1687\">\ud83e\udde0 MI\u00c9RT BESZIPPANT\u00d3<\/h4>\n<p data-start=\"1689\" data-end=\"1718\">Az <em data-start=\"1692\" data-end=\"1717\">Elme Gyilkosai tril\u00f3gia<\/em>:<\/p>\n<p data-start=\"1720\" data-end=\"1821\">\u2714 egyre m\u00e9lyebbre h\u00faz<br data-start=\"1741\" data-end=\"1744\" \/>\u2714 egyre t\u00f6bb k\u00e9rd\u00e9st nyit meg<br data-start=\"1773\" data-end=\"1776\" \/>\u2714 \u00e9s egy ponton m\u00e1r nem tudod, mi a val\u00f3s\u00e1g<\/p>\n<h4 data-section-id=\"1ib9z7g\" data-start=\"1871\" data-end=\"1887\">\ud83d\udcda A TRIL\u00d3GIA<\/h4>\n<ul data-start=\"1889\" data-end=\"1971\">\n<li data-section-id=\"1927o6e\" data-start=\"1889\" data-end=\"1911\">Az \u00e1rul\u00f3 (1. r\u00e9sz)<\/li>\n<li data-section-id=\"1b8vu44\" data-start=\"1912\" data-end=\"1942\">A t\u00e9boly katon\u00e1i (2. r\u00e9sz)<\/li>\n<li data-section-id=\"1ti9235\" data-start=\"1943\" data-end=\"1971\">A v\u00e9gs\u0151 h\u00e1bor\u00fa <a href=\"https:\/\/duncanshelley.com\/en\/product\/duncan-shelley-az-elme-gyilkosai-iii-a-vegso-haboru\/\">(<\/a>3. r\u00e9sz)<\/li>\n<\/ul>\n<h4 data-start=\"1978\" data-end=\"2021\">AJ\u00c1NLAT<\/h4>\n<p data-start=\"2043\" data-end=\"2058\">\ud83d\udc49 <strong data-start=\"2046\" data-end=\"2058\">6.800 Ft<\/strong><\/p>\n<p data-start=\"2060\" data-end=\"2098\">\u27a1\ufe0f a folytat\u00e1s, ami m\u00e9g m\u00e9lyebbre visz<\/p>\n<p data-start=\"2116\" data-end=\"2166\">\ud83d\udc49 <strong data-start=\"2119\" data-end=\"2166\">Tedd kos\u00e1rba most \u2014 \u00e9s n\u00e9zz a felsz\u00edn m\u00f6g\u00e9.<\/strong><\/p>","protected":false},"excerpt":{"rendered":"<p>A tril\u00f3gia m\u00e1sodik k\u00f6tete<br \/>\n<strong>M\u0171faj<\/strong>: politikai thriller<br \/>\n<strong>Oldalsz\u00e1m<\/strong>: 360<br \/>\n<strong>Kiad\u00e1s<\/strong> <strong>\u00e9ve<\/strong>: 2000, 2007, 2012, 2014, 2020, 2022, 2023, 2024, 2025, 2026.<\/p>\n<p><strong>A t\u00e9boly katon\u00e1i<\/strong><\/p>\n<p data-start=\"275\" data-end=\"353\"><strong data-start=\"275\" data-end=\"353\">Mi t\u00f6rt\u00e9nik, ha az igazs\u00e1g ut\u00e1n hajszolnak\u2026<br data-start=\"320\" data-end=\"323\" \/>\u00e9s m\u00e1r nincs hova menek\u00fclni?<\/strong><\/p>\n<p data-start=\"355\" data-end=\"375\">\ud83d\udc49 Andan megsz\u00f3lalt.<\/p>\n<p data-start=\"377\" data-end=\"419\">\u00c9s ezzel m\u00e9g nagyobb c\u00e9lpontt\u00e1 v\u00e1lt.<\/p>\n<p>Duncan Shelley <a href=\"https:\/\/duncanshelley.com\/en\/product\/elme-gyilkosai-trilogia-csomag\/\" target=\"_blank\" rel=\"noopener\"><span style=\"text-decoration: underline;\">Az Elme gyilkosai<\/span><\/a> tril\u00f3gi\u00e1j\u00e1nak m\u00e1sodik k\u00f6tete, Az \u00e1rul\u00f3 folytat\u00e1sa.<\/p>","protected":false},"featured_media":8597,"comment_status":"closed","ping_status":"closed","template":"","meta":{"_acf_changed":false,"_genesis_hide_title":false,"_genesis_hide_breadcrumbs":false,"_genesis_hide_singular_image":false,"_genesis_hide_footer_widgets":false,"_genesis_custom_body_class":"","_genesis_custom_post_class":"","_genesis_layout":"full-width-content"},"product_brand":[],"product_cat":[48,168,43,27],"product_tag":[],"class_list":{"0":"post-72","1":"product","2":"type-product","3":"status-publish","4":"has-post-thumbnail","6":"product_cat-akcio-konyvek","7":"product_cat-andan-konyvek","8":"product_cat-elme-gyilkosai","9":"product_cat-konteo-konyvek","10":"entry","12":"first","13":"instock","14":"taxable","15":"shipping-taxable","16":"purchasable","17":"product-type-simple"},"acf":[],"yoast_head":"<!-- This site is optimized with the Yoast SEO Premium plugin v27.6 (Yoast SEO v27.6) - https:\/\/yoast.com\/product\/yoast-seo-premium-wordpress\/ -->\n<title>Duncan Shelley: Az elme gyilkosai II. A t\u00e9boly katon\u00e1i - Duncan Shelley K\u00f6nyvesbolt<\/title>\n<meta name=\"description\" content=\"A T\u00e9boly katon\u00e1i, a tril\u00f3gia m\u00e1sodik k\u00f6tete. Tov\u00e1bb folytat\u00f3dik a Legfels\u0151bb Kaszt \u00e1rul\u00f3v\u00e1 v\u00e1lt k\u00f6vet\u00e9nek, Julius Andannak az \u00fcld\u00f6z\u00e9se.\" \/>\n<meta name=\"robots\" content=\"index, follow, max-snippet:-1, max-image-preview:large, max-video-preview:-1\" \/>\n<link rel=\"canonical\" href=\"https:\/\/duncanshelley.com\/en\/product\/duncan-shelley-az-elme-gyilkosai-ii-a-teboly-katonai\/\" \/>\n<meta property=\"og:locale\" content=\"en_US\" \/>\n<meta property=\"og:type\" content=\"article\" \/>\n<meta property=\"og:title\" content=\"Duncan Shelley: Az elme gyilkosai II. A t\u00e9boly katon\u00e1i\" \/>\n<meta property=\"og:description\" content=\"A T\u00e9boly katon\u00e1i, a tril\u00f3gia m\u00e1sodik k\u00f6tete. Tov\u00e1bb folytat\u00f3dik a Legfels\u0151bb Kaszt \u00e1rul\u00f3v\u00e1 v\u00e1lt k\u00f6vet\u00e9nek, Julius Andannak az \u00fcld\u00f6z\u00e9se.\" \/>\n<meta property=\"og:url\" content=\"https:\/\/duncanshelley.com\/en\/product\/duncan-shelley-az-elme-gyilkosai-ii-a-teboly-katonai\/\" \/>\n<meta property=\"og:site_name\" content=\"Duncan Shelley K\u00f6nyvesbolt\" \/>\n<meta property=\"article:modified_time\" content=\"2026-04-02T16:09:15+00:00\" \/>\n<meta property=\"og:image\" content=\"https:\/\/duncanshelley.com\/wp-content\/uploads\/elme-gyilkosai-2.jpg\" \/>\n\t<meta property=\"og:image:width\" content=\"300\" \/>\n\t<meta property=\"og:image:height\" content=\"475\" \/>\n\t<meta property=\"og:image:type\" content=\"image\/jpeg\" \/>\n<meta name=\"twitter:label1\" content=\"Est. reading time\" \/>\n\t<meta name=\"twitter:data1\" content=\"2 minutes\" \/>\n<script type=\"application\/ld+json\" class=\"yoast-schema-graph\">{\"@context\":\"https:\\\/\\\/schema.org\",\"@graph\":[{\"@type\":\"WebPage\",\"@id\":\"https:\\\/\\\/duncanshelley.com\\\/termek\\\/duncan-shelley-az-elme-gyilkosai-ii-a-teboly-katonai\\\/\",\"url\":\"https:\\\/\\\/duncanshelley.com\\\/termek\\\/duncan-shelley-az-elme-gyilkosai-ii-a-teboly-katonai\\\/\",\"name\":\"Duncan Shelley: Az elme gyilkosai II. A t\u00e9boly katon\u00e1i - Duncan Shelley K\u00f6nyvesbolt\",\"isPartOf\":{\"@id\":\"https:\\\/\\\/duncanshelley.com\\\/#website\"},\"primaryImageOfPage\":{\"@id\":\"https:\\\/\\\/duncanshelley.com\\\/termek\\\/duncan-shelley-az-elme-gyilkosai-ii-a-teboly-katonai\\\/#primaryimage\"},\"image\":{\"@id\":\"https:\\\/\\\/duncanshelley.com\\\/termek\\\/duncan-shelley-az-elme-gyilkosai-ii-a-teboly-katonai\\\/#primaryimage\"},\"thumbnailUrl\":\"https:\\\/\\\/duncanshelley.com\\\/wp-content\\\/uploads\\\/elme-gyilkosai-2.jpg\",\"datePublished\":\"2022-02-27T07:04:46+00:00\",\"dateModified\":\"2026-04-02T16:09:15+00:00\",\"description\":\"A T\u00e9boly katon\u00e1i, a tril\u00f3gia m\u00e1sodik k\u00f6tete. Tov\u00e1bb folytat\u00f3dik a Legfels\u0151bb Kaszt \u00e1rul\u00f3v\u00e1 v\u00e1lt k\u00f6vet\u00e9nek, Julius Andannak az \u00fcld\u00f6z\u00e9se.\",\"breadcrumb\":{\"@id\":\"https:\\\/\\\/duncanshelley.com\\\/termek\\\/duncan-shelley-az-elme-gyilkosai-ii-a-teboly-katonai\\\/#breadcrumb\"},\"inLanguage\":\"en-US\",\"potentialAction\":[{\"@type\":\"ReadAction\",\"target\":[\"https:\\\/\\\/duncanshelley.com\\\/termek\\\/duncan-shelley-az-elme-gyilkosai-ii-a-teboly-katonai\\\/\"]}]},{\"@type\":\"ImageObject\",\"inLanguage\":\"en-US\",\"@id\":\"https:\\\/\\\/duncanshelley.com\\\/termek\\\/duncan-shelley-az-elme-gyilkosai-ii-a-teboly-katonai\\\/#primaryimage\",\"url\":\"https:\\\/\\\/duncanshelley.com\\\/wp-content\\\/uploads\\\/elme-gyilkosai-2.jpg\",\"contentUrl\":\"https:\\\/\\\/duncanshelley.com\\\/wp-content\\\/uploads\\\/elme-gyilkosai-2.jpg\",\"width\":300,\"height\":475,\"caption\":\"t\u00e9boly katon\u00e1i\"},{\"@type\":\"BreadcrumbList\",\"@id\":\"https:\\\/\\\/duncanshelley.com\\\/termek\\\/duncan-shelley-az-elme-gyilkosai-ii-a-teboly-katonai\\\/#breadcrumb\",\"itemListElement\":[{\"@type\":\"ListItem\",\"position\":1,\"name\":\"Kezd\u0151lap\",\"item\":\"https:\\\/\\\/duncanshelley.com\\\/\"},{\"@type\":\"ListItem\",\"position\":2,\"name\":\"Webshop\",\"item\":\"https:\\\/\\\/duncanshelley.com\\\/webshop\\\/\"},{\"@type\":\"ListItem\",\"position\":3,\"name\":\"Duncan Shelley: Az elme gyilkosai II. A t\u00e9boly katon\u00e1i\"}]},{\"@type\":\"WebSite\",\"@id\":\"https:\\\/\\\/duncanshelley.com\\\/#website\",\"url\":\"https:\\\/\\\/duncanshelley.com\\\/\",\"name\":\"Duncan Shelley K\u00f6nyvesbolt\",\"description\":\"\",\"potentialAction\":[{\"@type\":\"SearchAction\",\"target\":{\"@type\":\"EntryPoint\",\"urlTemplate\":\"https:\\\/\\\/duncanshelley.com\\\/?s={search_term_string}\"},\"query-input\":{\"@type\":\"PropertyValueSpecification\",\"valueRequired\":true,\"valueName\":\"search_term_string\"}}],\"inLanguage\":\"en-US\"}]}<\/script>\n<!-- \/ Yoast SEO Premium plugin. -->","yoast_head_json":{"title":"Duncan Shelley: Az elme gyilkosai II. A t\u00e9boly katon\u00e1i - Duncan Shelley K\u00f6nyvesbolt","description":"A T\u00e9boly katon\u00e1i, a tril\u00f3gia m\u00e1sodik k\u00f6tete. Tov\u00e1bb folytat\u00f3dik a Legfels\u0151bb Kaszt \u00e1rul\u00f3v\u00e1 v\u00e1lt k\u00f6vet\u00e9nek, Julius Andannak az \u00fcld\u00f6z\u00e9se.","robots":{"index":"index","follow":"follow","max-snippet":"max-snippet:-1","max-image-preview":"max-image-preview:large","max-video-preview":"max-video-preview:-1"},"canonical":"https:\/\/duncanshelley.com\/en\/product\/duncan-shelley-az-elme-gyilkosai-ii-a-teboly-katonai\/","og_locale":"en_US","og_type":"article","og_title":"Duncan Shelley: Az elme gyilkosai II. A t\u00e9boly katon\u00e1i","og_description":"A T\u00e9boly katon\u00e1i, a tril\u00f3gia m\u00e1sodik k\u00f6tete. Tov\u00e1bb folytat\u00f3dik a Legfels\u0151bb Kaszt \u00e1rul\u00f3v\u00e1 v\u00e1lt k\u00f6vet\u00e9nek, Julius Andannak az \u00fcld\u00f6z\u00e9se.","og_url":"https:\/\/duncanshelley.com\/en\/product\/duncan-shelley-az-elme-gyilkosai-ii-a-teboly-katonai\/","og_site_name":"Duncan Shelley K\u00f6nyvesbolt","article_modified_time":"2026-04-02T16:09:15+00:00","og_image":[{"width":300,"height":475,"url":"https:\/\/duncanshelley.com\/wp-content\/uploads\/elme-gyilkosai-2.jpg","type":"image\/jpeg"}],"twitter_misc":{"Est. reading time":"2 minutes"},"schema":{"@context":"https:\/\/schema.org","@graph":[{"@type":"WebPage","@id":"https:\/\/duncanshelley.com\/termek\/duncan-shelley-az-elme-gyilkosai-ii-a-teboly-katonai\/","url":"https:\/\/duncanshelley.com\/termek\/duncan-shelley-az-elme-gyilkosai-ii-a-teboly-katonai\/","name":"Duncan Shelley: Az elme gyilkosai II. A t\u00e9boly katon\u00e1i - Duncan Shelley K\u00f6nyvesbolt","isPartOf":{"@id":"https:\/\/duncanshelley.com\/#website"},"primaryImageOfPage":{"@id":"https:\/\/duncanshelley.com\/termek\/duncan-shelley-az-elme-gyilkosai-ii-a-teboly-katonai\/#primaryimage"},"image":{"@id":"https:\/\/duncanshelley.com\/termek\/duncan-shelley-az-elme-gyilkosai-ii-a-teboly-katonai\/#primaryimage"},"thumbnailUrl":"https:\/\/duncanshelley.com\/wp-content\/uploads\/elme-gyilkosai-2.jpg","datePublished":"2022-02-27T07:04:46+00:00","dateModified":"2026-04-02T16:09:15+00:00","description":"A T\u00e9boly katon\u00e1i, a tril\u00f3gia m\u00e1sodik k\u00f6tete. Tov\u00e1bb folytat\u00f3dik a Legfels\u0151bb Kaszt \u00e1rul\u00f3v\u00e1 v\u00e1lt k\u00f6vet\u00e9nek, Julius Andannak az \u00fcld\u00f6z\u00e9se.","breadcrumb":{"@id":"https:\/\/duncanshelley.com\/termek\/duncan-shelley-az-elme-gyilkosai-ii-a-teboly-katonai\/#breadcrumb"},"inLanguage":"en-US","potentialAction":[{"@type":"ReadAction","target":["https:\/\/duncanshelley.com\/termek\/duncan-shelley-az-elme-gyilkosai-ii-a-teboly-katonai\/"]}]},{"@type":"ImageObject","inLanguage":"en-US","@id":"https:\/\/duncanshelley.com\/termek\/duncan-shelley-az-elme-gyilkosai-ii-a-teboly-katonai\/#primaryimage","url":"https:\/\/duncanshelley.com\/wp-content\/uploads\/elme-gyilkosai-2.jpg","contentUrl":"https:\/\/duncanshelley.com\/wp-content\/uploads\/elme-gyilkosai-2.jpg","width":300,"height":475,"caption":"t\u00e9boly katon\u00e1i"},{"@type":"BreadcrumbList","@id":"https:\/\/duncanshelley.com\/termek\/duncan-shelley-az-elme-gyilkosai-ii-a-teboly-katonai\/#breadcrumb","itemListElement":[{"@type":"ListItem","position":1,"name":"Kezd\u0151lap","item":"https:\/\/duncanshelley.com\/"},{"@type":"ListItem","position":2,"name":"Webshop","item":"https:\/\/duncanshelley.com\/webshop\/"},{"@type":"ListItem","position":3,"name":"Duncan Shelley: Az elme gyilkosai II. A t\u00e9boly katon\u00e1i"}]},{"@type":"WebSite","@id":"https:\/\/duncanshelley.com\/#website","url":"https:\/\/duncanshelley.com\/","name":"Duncan Shelley K\u00f6nyvesbolt","description":"","potentialAction":[{"@type":"SearchAction","target":{"@type":"EntryPoint","urlTemplate":"https:\/\/duncanshelley.com\/?s={search_term_string}"},"query-input":{"@type":"PropertyValueSpecification","valueRequired":true,"valueName":"search_term_string"}}],"inLanguage":"en-US"}]}},"_links":{"self":[{"href":"https:\/\/duncanshelley.com\/en\/wp-json\/wp\/v2\/product\/72","targetHints":{"allow":["GET"]}}],"collection":[{"href":"https:\/\/duncanshelley.com\/en\/wp-json\/wp\/v2\/product"}],"about":[{"href":"https:\/\/duncanshelley.com\/en\/wp-json\/wp\/v2\/types\/product"}],"replies":[{"embeddable":true,"href":"https:\/\/duncanshelley.com\/en\/wp-json\/wp\/v2\/comments?post=72"}],"wp:featuredmedia":[{"embeddable":true,"href":"https:\/\/duncanshelley.com\/en\/wp-json\/wp\/v2\/media\/8597"}],"wp:attachment":[{"href":"https:\/\/duncanshelley.com\/en\/wp-json\/wp\/v2\/media?parent=72"}],"wp:term":[{"taxonomy":"product_brand","embeddable":true,"href":"https:\/\/duncanshelley.com\/en\/wp-json\/wp\/v2\/product_brand?post=72"},{"taxonomy":"product_cat","embeddable":true,"href":"https:\/\/duncanshelley.com\/en\/wp-json\/wp\/v2\/product_cat?post=72"},{"taxonomy":"product_tag","embeddable":true,"href":"https:\/\/duncanshelley.com\/en\/wp-json\/wp\/v2\/product_tag?post=72"}],"curies":[{"name":"wp","href":"https:\/\/api.w.org\/{rel}","templated":true}]}}