{"id":70,"date":"2022-02-27T09:05:59","date_gmt":"2022-02-27T08:05:59","guid":{"rendered":"https:\/\/brookskiado.hu\/?post_type=product&#038;p=70"},"modified":"2026-04-02T17:43:31","modified_gmt":"2026-04-02T15:43:31","slug":"duncan-shelley-az-elme-gyilkosai","status":"publish","type":"product","link":"https:\/\/duncanshelley.com\/en\/product\/duncan-shelley-az-elme-gyilkosai\/","title":{"rendered":"Duncan Shelley: Az Elme gyilkosai I. Az \u00e1rul\u00f3"},"content":{"rendered":"<p><strong>AZ \u00c1RUL\u00d3<\/strong><\/p>\n<p data-start=\"295\" data-end=\"369\"><strong data-start=\"295\" data-end=\"369\">Mi t\u00f6rt\u00e9nik, ha egy ember \u00fagy d\u00f6nt, felfedi a vil\u00e1g legnagyobb titk\u00e1t?<\/strong><\/p>\n<p data-start=\"371\" data-end=\"419\">\u00c9s ezzel\u2026<br data-start=\"380\" data-end=\"383\" \/>\ud83d\udc49 minden hatalom ellens\u00e9g\u00e9v\u00e9 v\u00e1lik.<\/p>\n<h4 data-section-id=\"od8m20\" data-start=\"426\" data-end=\"442\">A T\u00d6RT\u00c9NET<\/h4>\n<p data-start=\"444\" data-end=\"479\">Dr. Julius Andan nem \u00e1tlagos ember.<\/p>\n<p data-start=\"481\" data-end=\"578\">Az Amerikai Pszichi\u00e1triai T\u00e1rsas\u00e1g eln\u00f6ke.<br data-start=\"523\" data-end=\"526\" \/>Egy f\u00e9rfi, aki <strong data-start=\"541\" data-end=\"577\">25 \u00e9ven \u00e1t a rendszer r\u00e9sze volt<\/strong>.<\/p>\n<p data-start=\"585\" data-end=\"601\">Majd egy nap:<\/p>\n<p data-start=\"603\" data-end=\"617\">\u27a1\ufe0f <strong data-start=\"606\" data-end=\"617\">elt\u0171nik<\/strong><\/p>\n<p data-start=\"624\" data-end=\"650\">Nem menek\u00fcl. Nem bujk\u00e1l.<\/p>\n<p data-start=\"652\" data-end=\"665\">\ud83d\udc49 <strong data-start=\"655\" data-end=\"665\">k\u00e9sz\u00fcl<\/strong><\/p>\n<p data-start=\"672\" data-end=\"758\">Egy k\u00f6nyvre. Egy leleplez\u00e9sre. Egy igazs\u00e1gra, amit nem lett volna szabad meg\u00edrnia.<\/p>\n<h4 data-section-id=\"4fhjns\" data-start=\"765\" data-end=\"790\">AMI EZUT\u00c1N T\u00d6RT\u00c9NIK<\/h4>\n<p data-start=\"792\" data-end=\"824\">\ud83d\udc49 az eg\u00e9sz vil\u00e1g ellene fordul:<\/p>\n<ul data-start=\"826\" data-end=\"881\">\n<li data-section-id=\"171h3fp\" data-start=\"826\" data-end=\"833\">FBI<\/li>\n<li data-section-id=\"16wgzur\" data-start=\"834\" data-end=\"841\">CIA<\/li>\n<li data-section-id=\"18t9iig\" data-start=\"842\" data-end=\"860\">politikai elit<\/li>\n<li data-section-id=\"r5dtfk\" data-start=\"861\" data-end=\"870\">m\u00e9dia<\/li>\n<li data-section-id=\"1j0r9rg\" data-start=\"871\" data-end=\"881\">maffia<\/li>\n<\/ul>\n<p data-start=\"888\" data-end=\"911\">Mindenki \u0151t keresi. Mindenki el akarja hallgattatni, mert amit tud, az vesz\u00e9lyesebb, mint b\u00e1rmi m\u00e1s.<\/p>\n<p data-start=\"1032\" data-end=\"1081\">Hogyan uralhatja a vil\u00e1got egy maroknyi ember? \u00dagy, hogy\u00a0nem kell mindent ir\u00e1ny\u00edtani, csak a kulcspontokat.<\/p>\n<h4 data-section-id=\"t1tktb\" data-start=\"1189\" data-end=\"1212\">\ud83e\udde0 MI\u00c9RT BESZIPPANT\u00d3<\/h4>\n<p data-start=\"1214\" data-end=\"1243\">Az <em data-start=\"1217\" data-end=\"1242\">Elme Gyilkosai tril\u00f3gia<\/em>:<\/p>\n<p data-start=\"1245\" data-end=\"1376\">\u2714 \u00f6sszemossa a val\u00f3s\u00e1got \u00e9s a fikci\u00f3t<br data-start=\"1282\" data-end=\"1285\" \/>\u2714 folyamatos fesz\u00fclts\u00e9gben tart<br data-start=\"1316\" data-end=\"1319\" \/>\u2714 egyre m\u00e9lyebbre visz a h\u00e1tt\u00e9rben m\u0171k\u00f6d\u0151 er\u0151k vil\u00e1g\u00e1ba,<\/p>\n<p data-start=\"1383\" data-end=\"1400\">\u00e9s egy ponton, m\u00e1r nem tudod, mi igaz.<\/p>\n<h4 data-section-id=\"1ib9z7g\" data-start=\"1434\" data-end=\"1450\">\ud83d\udcda A TRIL\u00d3GIA<\/h4>\n<ul data-start=\"1452\" data-end=\"1534\">\n<li data-section-id=\"1927o6e\" data-start=\"1452\" data-end=\"1474\">Az \u00e1rul\u00f3 (1. r\u00e9sz)<\/li>\n<li><span style=\"text-decoration: underline;\"><a href=\"https:\/\/duncanshelley.com\/en\/product\/duncan-shelley-az-elme-gyilkosai-ii-a-teboly-katonai\/\" target=\"_blank\" rel=\"noopener\">A t\u00e9boly katon\u00e1i<\/a><\/span>\u00a0(2. r\u00e9sz)<\/li>\n<li data-section-id=\"1ti9235\" data-start=\"1506\" data-end=\"1534\"><a href=\"https:\/\/duncanshelley.com\/en\/product\/duncan-shelley-az-elme-gyilkosai-iii-a-vegso-haboru\/\" target=\"_blank\" rel=\"noopener\">A v\u00e9gs\u0151 h\u00e1bor\u00fa<\/a>\u00a0(3. r\u00e9sz)<\/li>\n<\/ul>\n<h4 data-section-id=\"d1bifp\" data-start=\"1579\" data-end=\"1592\">\u00a0AJ\u00c1NLAT<\/h4>\n<p data-start=\"1594\" data-end=\"1609\">\u00a0<strong data-start=\"1597\" data-end=\"1609\">6.800 Ft<\/strong><\/p>\n<p data-start=\"1611\" data-end=\"1666\">Az els\u0151 l\u00e9p\u00e9s egy olyan t\u00f6rt\u00e9netbe, ami azut\u00e1n nem enged el.<\/p>\n<p data-start=\"1684\" data-end=\"1756\">\ud83d\udc49 <strong data-start=\"1687\" data-end=\"1756\">Tedd kos\u00e1rba most \u2014 \u00e9s der\u00edtsd ki, mi az igazs\u00e1g a felsz\u00edn alatt.<\/strong><\/p>","protected":false},"excerpt":{"rendered":"<p>A tril\u00f3gia els\u0151 k\u00f6tete<br \/>\n<strong>M\u0171faj<\/strong>: politikai thriller<br \/>\n<strong>Oldalsz\u00e1m<\/strong>: 379<br \/>\n<strong>Kiad\u00e1s<\/strong> <strong>\u00e9ve<\/strong>: 2000, 2007, 2012, 2014, 2020, 2022, 2023, 2024, 2025, 2026<\/p>","protected":false},"featured_media":8596,"comment_status":"closed","ping_status":"closed","template":"","meta":{"_acf_changed":false,"_genesis_hide_title":false,"_genesis_hide_breadcrumbs":false,"_genesis_hide_singular_image":false,"_genesis_hide_footer_widgets":false,"_genesis_custom_body_class":"","_genesis_custom_post_class":"","_genesis_layout":""},"product_brand":[],"product_cat":[48,168,43,27],"product_tag":[],"class_list":{"0":"post-70","1":"product","2":"type-product","3":"status-publish","4":"has-post-thumbnail","6":"product_cat-akcio-konyvek","7":"product_cat-andan-konyvek","8":"product_cat-elme-gyilkosai","9":"product_cat-konteo-konyvek","10":"entry","12":"first","13":"instock","14":"taxable","15":"shipping-taxable","16":"purchasable","17":"product-type-simple"},"acf":[],"yoast_head":"<!-- This site is optimized with the Yoast SEO Premium plugin v27.5 (Yoast SEO v27.5) - https:\/\/yoast.com\/product\/yoast-seo-premium-wordpress\/ -->\n<title>Duncan Shelley: Az Elme gyilkosai I. Az \u00e1rul\u00f3 - Duncan Shelley K\u00f6nyvesbolt<\/title>\n<meta name=\"description\" content=\"Az Elme gyilkosai reg\u00e9nytril\u00f3gi\u00e1ban \u00f6sszemos\u00f3dik a val\u00f3s\u00e1g \u00e9s a fant\u00e1zia. A k\u00f6nyv v\u00e9g\u00e9re garant\u00e1ltan m\u00e1shogy l\u00e1tod majd a vil\u00e1got.\" \/>\n<meta name=\"robots\" content=\"index, follow, max-snippet:-1, max-image-preview:large, max-video-preview:-1\" \/>\n<link rel=\"canonical\" href=\"https:\/\/duncanshelley.com\/en\/product\/duncan-shelley-az-elme-gyilkosai\/\" \/>\n<meta property=\"og:locale\" content=\"en_US\" \/>\n<meta property=\"og:type\" content=\"article\" \/>\n<meta property=\"og:title\" content=\"Duncan Shelley: Az Elme gyilkosai I. Az \u00e1rul\u00f3\" \/>\n<meta property=\"og:description\" content=\"Az Elme gyilkosai reg\u00e9nytril\u00f3gi\u00e1ban \u00f6sszemos\u00f3dik a val\u00f3s\u00e1g \u00e9s a fant\u00e1zia. A k\u00f6nyv v\u00e9g\u00e9re garant\u00e1ltan m\u00e1shogy l\u00e1tod majd a vil\u00e1got.\" \/>\n<meta property=\"og:url\" content=\"https:\/\/duncanshelley.com\/en\/product\/duncan-shelley-az-elme-gyilkosai\/\" \/>\n<meta property=\"og:site_name\" content=\"Duncan Shelley K\u00f6nyvesbolt\" \/>\n<meta property=\"article:modified_time\" content=\"2026-04-02T15:43:31+00:00\" \/>\n<meta property=\"og:image\" content=\"https:\/\/duncanshelley.com\/wp-content\/uploads\/elme-gyilkosai-1.jpg\" \/>\n\t<meta property=\"og:image:width\" content=\"300\" \/>\n\t<meta property=\"og:image:height\" content=\"475\" \/>\n\t<meta property=\"og:image:type\" content=\"image\/jpeg\" \/>\n<meta name=\"twitter:label1\" content=\"Est. reading time\" \/>\n\t<meta name=\"twitter:data1\" content=\"2 minutes\" \/>\n<script type=\"application\/ld+json\" class=\"yoast-schema-graph\">{\"@context\":\"https:\\\/\\\/schema.org\",\"@graph\":[{\"@type\":\"WebPage\",\"@id\":\"https:\\\/\\\/duncanshelley.com\\\/termek\\\/duncan-shelley-az-elme-gyilkosai\\\/\",\"url\":\"https:\\\/\\\/duncanshelley.com\\\/termek\\\/duncan-shelley-az-elme-gyilkosai\\\/\",\"name\":\"Duncan Shelley: Az Elme gyilkosai I. Az \u00e1rul\u00f3 - Duncan Shelley K\u00f6nyvesbolt\",\"isPartOf\":{\"@id\":\"https:\\\/\\\/duncanshelley.com\\\/#website\"},\"primaryImageOfPage\":{\"@id\":\"https:\\\/\\\/duncanshelley.com\\\/termek\\\/duncan-shelley-az-elme-gyilkosai\\\/#primaryimage\"},\"image\":{\"@id\":\"https:\\\/\\\/duncanshelley.com\\\/termek\\\/duncan-shelley-az-elme-gyilkosai\\\/#primaryimage\"},\"thumbnailUrl\":\"https:\\\/\\\/duncanshelley.com\\\/wp-content\\\/uploads\\\/elme-gyilkosai-1.jpg\",\"datePublished\":\"2022-02-27T08:05:59+00:00\",\"dateModified\":\"2026-04-02T15:43:31+00:00\",\"description\":\"Az Elme gyilkosai reg\u00e9nytril\u00f3gi\u00e1ban \u00f6sszemos\u00f3dik a val\u00f3s\u00e1g \u00e9s a fant\u00e1zia. A k\u00f6nyv v\u00e9g\u00e9re garant\u00e1ltan m\u00e1shogy l\u00e1tod majd a vil\u00e1got.\",\"breadcrumb\":{\"@id\":\"https:\\\/\\\/duncanshelley.com\\\/termek\\\/duncan-shelley-az-elme-gyilkosai\\\/#breadcrumb\"},\"inLanguage\":\"en-US\",\"potentialAction\":[{\"@type\":\"ReadAction\",\"target\":[\"https:\\\/\\\/duncanshelley.com\\\/termek\\\/duncan-shelley-az-elme-gyilkosai\\\/\"]}]},{\"@type\":\"ImageObject\",\"inLanguage\":\"en-US\",\"@id\":\"https:\\\/\\\/duncanshelley.com\\\/termek\\\/duncan-shelley-az-elme-gyilkosai\\\/#primaryimage\",\"url\":\"https:\\\/\\\/duncanshelley.com\\\/wp-content\\\/uploads\\\/elme-gyilkosai-1.jpg\",\"contentUrl\":\"https:\\\/\\\/duncanshelley.com\\\/wp-content\\\/uploads\\\/elme-gyilkosai-1.jpg\",\"width\":300,\"height\":475,\"caption\":\"elme-gyilkosai-1\"},{\"@type\":\"BreadcrumbList\",\"@id\":\"https:\\\/\\\/duncanshelley.com\\\/termek\\\/duncan-shelley-az-elme-gyilkosai\\\/#breadcrumb\",\"itemListElement\":[{\"@type\":\"ListItem\",\"position\":1,\"name\":\"Kezd\u0151lap\",\"item\":\"https:\\\/\\\/duncanshelley.com\\\/\"},{\"@type\":\"ListItem\",\"position\":2,\"name\":\"Webshop\",\"item\":\"https:\\\/\\\/duncanshelley.com\\\/webshop\\\/\"},{\"@type\":\"ListItem\",\"position\":3,\"name\":\"Duncan Shelley: Az Elme gyilkosai I. Az \u00e1rul\u00f3\"}]},{\"@type\":\"WebSite\",\"@id\":\"https:\\\/\\\/duncanshelley.com\\\/#website\",\"url\":\"https:\\\/\\\/duncanshelley.com\\\/\",\"name\":\"Duncan Shelley K\u00f6nyvesbolt\",\"description\":\"\",\"potentialAction\":[{\"@type\":\"SearchAction\",\"target\":{\"@type\":\"EntryPoint\",\"urlTemplate\":\"https:\\\/\\\/duncanshelley.com\\\/?s={search_term_string}\"},\"query-input\":{\"@type\":\"PropertyValueSpecification\",\"valueRequired\":true,\"valueName\":\"search_term_string\"}}],\"inLanguage\":\"en-US\"}]}<\/script>\n<!-- \/ Yoast SEO Premium plugin. -->","yoast_head_json":{"title":"Duncan Shelley: Az Elme gyilkosai I. Az \u00e1rul\u00f3 - Duncan Shelley K\u00f6nyvesbolt","description":"Az Elme gyilkosai reg\u00e9nytril\u00f3gi\u00e1ban \u00f6sszemos\u00f3dik a val\u00f3s\u00e1g \u00e9s a fant\u00e1zia. A k\u00f6nyv v\u00e9g\u00e9re garant\u00e1ltan m\u00e1shogy l\u00e1tod majd a vil\u00e1got.","robots":{"index":"index","follow":"follow","max-snippet":"max-snippet:-1","max-image-preview":"max-image-preview:large","max-video-preview":"max-video-preview:-1"},"canonical":"https:\/\/duncanshelley.com\/en\/product\/duncan-shelley-az-elme-gyilkosai\/","og_locale":"en_US","og_type":"article","og_title":"Duncan Shelley: Az Elme gyilkosai I. Az \u00e1rul\u00f3","og_description":"Az Elme gyilkosai reg\u00e9nytril\u00f3gi\u00e1ban \u00f6sszemos\u00f3dik a val\u00f3s\u00e1g \u00e9s a fant\u00e1zia. A k\u00f6nyv v\u00e9g\u00e9re garant\u00e1ltan m\u00e1shogy l\u00e1tod majd a vil\u00e1got.","og_url":"https:\/\/duncanshelley.com\/en\/product\/duncan-shelley-az-elme-gyilkosai\/","og_site_name":"Duncan Shelley K\u00f6nyvesbolt","article_modified_time":"2026-04-02T15:43:31+00:00","og_image":[{"width":300,"height":475,"url":"https:\/\/duncanshelley.com\/wp-content\/uploads\/elme-gyilkosai-1.jpg","type":"image\/jpeg"}],"twitter_misc":{"Est. reading time":"2 minutes"},"schema":{"@context":"https:\/\/schema.org","@graph":[{"@type":"WebPage","@id":"https:\/\/duncanshelley.com\/termek\/duncan-shelley-az-elme-gyilkosai\/","url":"https:\/\/duncanshelley.com\/termek\/duncan-shelley-az-elme-gyilkosai\/","name":"Duncan Shelley: Az Elme gyilkosai I. Az \u00e1rul\u00f3 - Duncan Shelley K\u00f6nyvesbolt","isPartOf":{"@id":"https:\/\/duncanshelley.com\/#website"},"primaryImageOfPage":{"@id":"https:\/\/duncanshelley.com\/termek\/duncan-shelley-az-elme-gyilkosai\/#primaryimage"},"image":{"@id":"https:\/\/duncanshelley.com\/termek\/duncan-shelley-az-elme-gyilkosai\/#primaryimage"},"thumbnailUrl":"https:\/\/duncanshelley.com\/wp-content\/uploads\/elme-gyilkosai-1.jpg","datePublished":"2022-02-27T08:05:59+00:00","dateModified":"2026-04-02T15:43:31+00:00","description":"Az Elme gyilkosai reg\u00e9nytril\u00f3gi\u00e1ban \u00f6sszemos\u00f3dik a val\u00f3s\u00e1g \u00e9s a fant\u00e1zia. A k\u00f6nyv v\u00e9g\u00e9re garant\u00e1ltan m\u00e1shogy l\u00e1tod majd a vil\u00e1got.","breadcrumb":{"@id":"https:\/\/duncanshelley.com\/termek\/duncan-shelley-az-elme-gyilkosai\/#breadcrumb"},"inLanguage":"en-US","potentialAction":[{"@type":"ReadAction","target":["https:\/\/duncanshelley.com\/termek\/duncan-shelley-az-elme-gyilkosai\/"]}]},{"@type":"ImageObject","inLanguage":"en-US","@id":"https:\/\/duncanshelley.com\/termek\/duncan-shelley-az-elme-gyilkosai\/#primaryimage","url":"https:\/\/duncanshelley.com\/wp-content\/uploads\/elme-gyilkosai-1.jpg","contentUrl":"https:\/\/duncanshelley.com\/wp-content\/uploads\/elme-gyilkosai-1.jpg","width":300,"height":475,"caption":"elme-gyilkosai-1"},{"@type":"BreadcrumbList","@id":"https:\/\/duncanshelley.com\/termek\/duncan-shelley-az-elme-gyilkosai\/#breadcrumb","itemListElement":[{"@type":"ListItem","position":1,"name":"Kezd\u0151lap","item":"https:\/\/duncanshelley.com\/"},{"@type":"ListItem","position":2,"name":"Webshop","item":"https:\/\/duncanshelley.com\/webshop\/"},{"@type":"ListItem","position":3,"name":"Duncan Shelley: Az Elme gyilkosai I. Az \u00e1rul\u00f3"}]},{"@type":"WebSite","@id":"https:\/\/duncanshelley.com\/#website","url":"https:\/\/duncanshelley.com\/","name":"Duncan Shelley K\u00f6nyvesbolt","description":"","potentialAction":[{"@type":"SearchAction","target":{"@type":"EntryPoint","urlTemplate":"https:\/\/duncanshelley.com\/?s={search_term_string}"},"query-input":{"@type":"PropertyValueSpecification","valueRequired":true,"valueName":"search_term_string"}}],"inLanguage":"en-US"}]}},"_links":{"self":[{"href":"https:\/\/duncanshelley.com\/en\/wp-json\/wp\/v2\/product\/70","targetHints":{"allow":["GET"]}}],"collection":[{"href":"https:\/\/duncanshelley.com\/en\/wp-json\/wp\/v2\/product"}],"about":[{"href":"https:\/\/duncanshelley.com\/en\/wp-json\/wp\/v2\/types\/product"}],"replies":[{"embeddable":true,"href":"https:\/\/duncanshelley.com\/en\/wp-json\/wp\/v2\/comments?post=70"}],"wp:featuredmedia":[{"embeddable":true,"href":"https:\/\/duncanshelley.com\/en\/wp-json\/wp\/v2\/media\/8596"}],"wp:attachment":[{"href":"https:\/\/duncanshelley.com\/en\/wp-json\/wp\/v2\/media?parent=70"}],"wp:term":[{"taxonomy":"product_brand","embeddable":true,"href":"https:\/\/duncanshelley.com\/en\/wp-json\/wp\/v2\/product_brand?post=70"},{"taxonomy":"product_cat","embeddable":true,"href":"https:\/\/duncanshelley.com\/en\/wp-json\/wp\/v2\/product_cat?post=70"},{"taxonomy":"product_tag","embeddable":true,"href":"https:\/\/duncanshelley.com\/en\/wp-json\/wp\/v2\/product_tag?post=70"}],"curies":[{"name":"wp","href":"https:\/\/api.w.org\/{rel}","templated":true}]}}