{"id":57,"date":"2019-10-03T02:02:21","date_gmt":"2019-10-03T00:02:21","guid":{"rendered":"https:\/\/brookskiado.hu\/?post_type=product&#038;p=57"},"modified":"2026-04-04T18:09:17","modified_gmt":"2026-04-04T16:09:17","slug":"duncan-shelley-az-ellenallas","status":"publish","type":"product","link":"https:\/\/duncanshelley.com\/en\/product\/duncan-shelley-az-ellenallas\/","title":{"rendered":"Duncan Shelley: Az ellen\u00e1ll\u00e1s (Paktum III.)"},"content":{"rendered":"<h3 data-section-id=\"9kjw2b\" data-start=\"532\" data-end=\"550\">\u00a0AMI KIALAKUL<\/h3>\n<p data-start=\"552\" data-end=\"583\">Nina.<br data-start=\"557\" data-end=\"560\" \/>Dave.<br data-start=\"565\" data-end=\"568\" \/>Harkov.<br data-start=\"575\" data-end=\"578\" \/>Jazz.<\/p>\n<p data-start=\"552\" data-end=\"583\">\u00e9s azok, akik t\u00fal\u00e9lt\u00e9k, nem menek\u00fclnek tov\u00e1bb.<\/p>\n<ul>\n<li data-start=\"653\" data-end=\"710\">tanulnak<\/li>\n<li data-start=\"653\" data-end=\"710\">alkalmazkodnak<\/li>\n<li data-start=\"653\" data-end=\"710\">\u00a0rendszert \u00e9p\u00edtenek<\/li>\n<\/ul>\n<h4 data-section-id=\"1nrobkc\" data-start=\"717\" data-end=\"738\">AZ \u00daJ SZAB\u00c1LYOK<\/h4>\n<p data-start=\"740\" data-end=\"764\">Az ellen\u00e1ll\u00e1s nem k\u00e1osz, hanem strat\u00e9gia.<\/p>\n<ul>\n<li>rejt\u0151zk\u00f6d\u00e9s<\/li>\n<li data-section-id=\"vx0c2d\" data-start=\"812\" data-end=\"823\">t\u00fal\u00e9l\u00e9s<\/li>\n<li data-section-id=\"1bw6in5\" data-start=\"824\" data-end=\"851\">konfront\u00e1ci\u00f3 elker\u00fcl\u00e9se<\/li>\n<li data-section-id=\"16cebld\" data-start=\"852\" data-end=\"876\">\u00e9s amikor kell\u2026 harc<\/li>\n<\/ul>\n<p data-start=\"883\" data-end=\"919\">\u27a1\ufe0f az emberis\u00e9g elkezd alkalmazkodni<\/p>\n<h4 data-section-id=\"1uoikg2\" data-start=\"926\" data-end=\"943\">AMI ELINDUL<\/h4>\n<p data-start=\"945\" data-end=\"957\">Vil\u00e1gszerte:<\/p>\n<p data-start=\"959\" data-end=\"1033\">\ud83d\udc49 rejt\u0151zk\u00f6d\u0151 k\u00f6z\u00f6ss\u00e9gek<br data-start=\"983\" data-end=\"986\" \/>\ud83d\udc49 ellen\u00e1ll\u00e1si g\u00f3cok<br data-start=\"1006\" data-end=\"1009\" \/>\ud83d\udc49 titkos fejleszt\u00e9sek<\/p>\n<p data-start=\"1040\" data-end=\"1064\">\u27a1\ufe0f \u00e9s valami megv\u00e1ltozik<\/p>\n<h4 data-section-id=\"15rbtgj\" data-start=\"1071\" data-end=\"1099\">\ud83e\udde0 AZ EGYENS\u00daLY MEGBILLEN<\/h4>\n<p data-start=\"1101\" data-end=\"1139\">Az idegenek t\u00f6bb\u00e9 nem sebezhetetlenek.<\/p>\n<ul>\n<li data-start=\"1146\" data-end=\"1213\">\u00a0\u00faj technol\u00f3gi\u00e1k jelennek meg<\/li>\n<li data-start=\"1146\" data-end=\"1213\">\u00a0m\u0171k\u00f6d\u0151 v\u00e9dekez\u00e9sek sz\u00fcletnek<\/li>\n<\/ul>\n<h4 data-section-id=\"1u0jg5l\" data-start=\"1254\" data-end=\"1277\">AZ IGAZI FORDULAT<\/h4>\n<p data-start=\"1279\" data-end=\"1315\">Az emberis\u00e9g nem csak harcolni kezd.<\/p>\n<p data-start=\"1322\" data-end=\"1339\">\ud83d\udc49 gondolkodni is<\/p>\n<p data-start=\"1346\" data-end=\"1379\">\u27a1\ufe0f egy \u00faj filoz\u00f3fia jelenik meg<\/p>\n<p data-start=\"1386\" data-end=\"1390\">ami:<\/p>\n<ul>\n<li data-start=\"1392\" data-end=\"1462\">megk\u00e9rd\u0151jelezi a rendszert<\/li>\n<li data-start=\"1392\" data-end=\"1462\">lassan ellehetetlen\u00edti a \u201ev\u00e1g\u00e1st\u201d<\/li>\n<\/ul>\n<h4 data-section-id=\"xjeiko\" data-start=\"1469\" data-end=\"1489\">\u2696\ufe0f A V\u00c9GS\u0150 K\u00c9RD\u00c9S<\/h4>\n<p data-start=\"1491\" data-end=\"1548\">Mi t\u00f6rt\u00e9nik, amikor az \u00e1ldozat nem akar t\u00f6bb\u00e9 az lenni?<\/p>\n<ul>\n<li data-start=\"1491\" data-end=\"1548\">amikor visszan\u00e9z<\/li>\n<li data-start=\"1491\" data-end=\"1548\">amikor d\u00f6nt<\/li>\n<\/ul>\n<p data-start=\"1600\" data-end=\"1618\">\u27a1\ufe0f amikor ellen\u00e1ll<\/p>\n<h4 data-section-id=\"t1tktb\" data-start=\"1625\" data-end=\"1648\">\ud83e\udde0 MI\u00c9RT BESZIPPANT\u00d3<\/h4>\n<p data-start=\"1650\" data-end=\"1681\">A <em data-start=\"1652\" data-end=\"1660\">Paktum<\/em> tril\u00f3gia z\u00e1r\u00f3 r\u00e9sze:<\/p>\n<p data-start=\"1683\" data-end=\"1767\">\u2714 lez\u00e1rja a t\u00f6rt\u00e9netet<br data-start=\"1705\" data-end=\"1708\" \/>\u2714 \u00faj szintre emeli a t\u00e9tet<br data-start=\"1734\" data-end=\"1737\" \/>\u2714 \u00e9s teljesen \u00e1t\u00edrja a k\u00e9pet<\/p>\n<h4 data-section-id=\"1ib9z7g\" data-start=\"1806\" data-end=\"1822\">\ud83d\udcda A TRIL\u00d3GIA<\/h4>\n<ul data-start=\"1824\" data-end=\"1905\">\n<li data-section-id=\"4w95ed\" data-start=\"1824\" data-end=\"1851\">A f\u00e9lelem \u00edze (1. r\u00e9sz)<\/li>\n<li data-section-id=\"wd3djj\" data-start=\"1852\" data-end=\"1877\">Vad\u00e1szid\u00e9ny (2. r\u00e9sz)<\/li>\n<li data-section-id=\"jnccrk\" data-start=\"1878\" data-end=\"1905\">Az ellen\u00e1ll\u00e1s (3. r\u00e9sz)<\/li>\n<\/ul>\n<p data-start=\"1912\" data-end=\"1937\">\ud83d\udc49 <strong data-start=\"1915\" data-end=\"1937\">Itt d\u0151l el minden.<\/strong><\/p>\n<h4 data-section-id=\"d1bifp\" data-start=\"1944\" data-end=\"1957\">\u00a0AJ\u00c1NLAT<\/h4>\n<p data-start=\"1959\" data-end=\"1974\">\ud83d\udc49 <strong data-start=\"1962\" data-end=\"1974\">5.800 Ft<\/strong><\/p>\n<p data-start=\"1976\" data-end=\"2014\">\u27a1\ufe0f a befejez\u00e9s, ami mindent \u00e1t\u00e9rtelmez<\/p>\n<p data-start=\"2032\" data-end=\"2117\">\ud83d\udc49 <strong data-start=\"2035\" data-end=\"2117\">Tedd kos\u00e1rba most \u2014 \u00e9s n\u00e9zd meg, mire k\u00e9pes az ember, ha nincs m\u00e1s v\u00e1laszt\u00e1sa.<\/strong><\/p>\n<p>&nbsp;<\/p>\n<p>Az Ellen\u00e1ll\u00e1s a <a href=\"https:\/\/duncanshelley.com\/en\/product\/paktum-csomag\/\" target=\"_blank\" rel=\"noopener\"><strong>Paktum tril\u00f3gia<\/strong><\/a> harmadik k\u00f6tete.<\/p>\n<h2>Kisfilm:<\/h2>\n<p><iframe loading=\"lazy\" title=\"DUNCAN SHELLEY: THE PACT TRILOGY - trailer\" width=\"500\" height=\"281\" src=\"https:\/\/www.youtube.com\/embed\/I8tncekOIRc?feature=oembed&#038;enablejsapi=1&#038;origin=https:\/\/duncanshelley.com\" frameborder=\"0\" allow=\"accelerometer; autoplay; clipboard-write; encrypted-media; gyroscope; picture-in-picture; web-share\" referrerpolicy=\"strict-origin-when-cross-origin\" allowfullscreen><\/iframe><\/p>","protected":false},"excerpt":{"rendered":"<p><strong>Az ellen\u00e1ll\u00e1s<br \/>\n<\/strong>A tril\u00f3gia harmadik k\u00f6tete<br \/>\n<strong>M\u0171faj<\/strong>: sci-fi<br \/>\n<strong>Oldalsz\u00e1m<\/strong>: 402<br \/>\n<strong>Kiad\u00e1s<\/strong> <strong>\u00e9ve<\/strong>: 201<\/p>\n<p data-start=\"255\" data-end=\"317\"><strong data-start=\"255\" data-end=\"317\">Mi t\u00f6rt\u00e9nik, amikor az emberis\u00e9g r\u00e1j\u00f6n\u2026 hogy vad\u00e1sznak r\u00e1?<\/strong><\/p>\n<p data-start=\"319\" data-end=\"338\">\u00c9s v\u00e9gre visszav\u00e1g?<\/p>\n<h4 data-section-id=\"od8m20\" data-start=\"345\" data-end=\"361\">\ud83e\udde0 A T\u00d6RT\u00c9NET<\/h4>\n<p data-start=\"363\" data-end=\"387\">A vil\u00e1g m\u00e1r nem ugyanaz.<\/p>\n<ul>\n<li data-start=\"394\" data-end=\"477\">az igazs\u00e1g kisziv\u00e1rgott<\/li>\n<li data-start=\"394\" data-end=\"477\">az emberek elt\u0171ntek<\/li>\n<li data-start=\"394\" data-end=\"477\">a f\u00e9lelem val\u00f3s\u00e1gg\u00e1 v\u00e1lt<\/li>\n<\/ul>\n<p data-start=\"484\" data-end=\"495\">\u27a1\ufe0f \u00e9s most:<\/p>\n<p data-start=\"497\" data-end=\"525\"><strong data-start=\"497\" data-end=\"525\">elkezd\u0151dik az ellen\u00e1ll\u00e1s.<\/strong><\/p>","protected":false},"featured_media":8824,"comment_status":"closed","ping_status":"closed","template":"","meta":{"_acf_changed":false,"_genesis_hide_title":false,"_genesis_hide_breadcrumbs":false,"_genesis_hide_singular_image":false,"_genesis_hide_footer_widgets":false,"_genesis_custom_body_class":"","_genesis_custom_post_class":"","_genesis_layout":""},"product_brand":[],"product_cat":[18],"product_tag":[],"class_list":{"0":"post-57","1":"product","2":"type-product","3":"status-publish","4":"has-post-thumbnail","6":"product_cat-sci-fi-konyvek","7":"entry","9":"first","10":"instock","11":"taxable","12":"shipping-taxable","13":"purchasable","14":"product-type-simple"},"acf":[],"yoast_head":"<!-- This site is optimized with the Yoast SEO Premium plugin v27.4 (Yoast SEO v27.4) - https:\/\/yoast.com\/product\/yoast-seo-premium-wordpress\/ -->\n<title>Duncan Shelley: Az ellen\u00e1ll\u00e1s (Paktum III.) - Duncan Shelley K\u00f6nyvesbolt<\/title>\n<meta name=\"description\" content=\"A Paktum tril\u00f3gia 3. k\u00f6tete. L\u00e9trehoztuk az ellen\u00e1ll\u00e1st. Ez az ellen\u00e1ll\u00e1s nem harc, hanem egy \u00faj \u00e9letforma. Egy m\u00e1sfajta t\u00e1rsadalmi modell.\" \/>\n<meta name=\"robots\" content=\"index, follow, max-snippet:-1, max-image-preview:large, max-video-preview:-1\" \/>\n<link rel=\"canonical\" href=\"https:\/\/duncanshelley.com\/en\/product\/duncan-shelley-az-ellenallas\/\" \/>\n<meta property=\"og:locale\" content=\"en_US\" \/>\n<meta property=\"og:type\" content=\"article\" \/>\n<meta property=\"og:title\" content=\"Duncan Shelley: Az ellen\u00e1ll\u00e1s (Paktum III.)\" \/>\n<meta property=\"og:description\" content=\"A Paktum tril\u00f3gia 3. k\u00f6tete. L\u00e9trehoztuk az ellen\u00e1ll\u00e1st. Ez az ellen\u00e1ll\u00e1s nem harc, hanem egy \u00faj \u00e9letforma. Egy m\u00e1sfajta t\u00e1rsadalmi modell.\" \/>\n<meta property=\"og:url\" content=\"https:\/\/duncanshelley.com\/en\/product\/duncan-shelley-az-ellenallas\/\" \/>\n<meta property=\"og:site_name\" content=\"Duncan Shelley K\u00f6nyvesbolt\" \/>\n<meta property=\"article:modified_time\" content=\"2026-04-04T16:09:17+00:00\" \/>\n<meta property=\"og:image\" content=\"https:\/\/duncanshelley.com\/wp-content\/uploads\/paktum-3-ellenallas.jpg\" \/>\n\t<meta property=\"og:image:width\" content=\"300\" \/>\n\t<meta property=\"og:image:height\" content=\"475\" \/>\n\t<meta property=\"og:image:type\" content=\"image\/jpeg\" \/>\n<meta name=\"twitter:label1\" content=\"Est. reading time\" \/>\n\t<meta name=\"twitter:data1\" content=\"2 minutes\" \/>\n<script type=\"application\/ld+json\" class=\"yoast-schema-graph\">{\"@context\":\"https:\\\/\\\/schema.org\",\"@graph\":[{\"@type\":\"WebPage\",\"@id\":\"https:\\\/\\\/duncanshelley.com\\\/termek\\\/duncan-shelley-az-ellenallas\\\/\",\"url\":\"https:\\\/\\\/duncanshelley.com\\\/termek\\\/duncan-shelley-az-ellenallas\\\/\",\"name\":\"Duncan Shelley: Az ellen\u00e1ll\u00e1s (Paktum III.) - Duncan Shelley K\u00f6nyvesbolt\",\"isPartOf\":{\"@id\":\"https:\\\/\\\/duncanshelley.com\\\/#website\"},\"primaryImageOfPage\":{\"@id\":\"https:\\\/\\\/duncanshelley.com\\\/termek\\\/duncan-shelley-az-ellenallas\\\/#primaryimage\"},\"image\":{\"@id\":\"https:\\\/\\\/duncanshelley.com\\\/termek\\\/duncan-shelley-az-ellenallas\\\/#primaryimage\"},\"thumbnailUrl\":\"https:\\\/\\\/duncanshelley.com\\\/wp-content\\\/uploads\\\/paktum-3-ellenallas.jpg\",\"datePublished\":\"2019-10-03T00:02:21+00:00\",\"dateModified\":\"2026-04-04T16:09:17+00:00\",\"description\":\"A Paktum tril\u00f3gia 3. k\u00f6tete. L\u00e9trehoztuk az ellen\u00e1ll\u00e1st. Ez az ellen\u00e1ll\u00e1s nem harc, hanem egy \u00faj \u00e9letforma. Egy m\u00e1sfajta t\u00e1rsadalmi modell.\",\"breadcrumb\":{\"@id\":\"https:\\\/\\\/duncanshelley.com\\\/termek\\\/duncan-shelley-az-ellenallas\\\/#breadcrumb\"},\"inLanguage\":\"en-US\",\"potentialAction\":[{\"@type\":\"ReadAction\",\"target\":[\"https:\\\/\\\/duncanshelley.com\\\/termek\\\/duncan-shelley-az-ellenallas\\\/\"]}]},{\"@type\":\"ImageObject\",\"inLanguage\":\"en-US\",\"@id\":\"https:\\\/\\\/duncanshelley.com\\\/termek\\\/duncan-shelley-az-ellenallas\\\/#primaryimage\",\"url\":\"https:\\\/\\\/duncanshelley.com\\\/wp-content\\\/uploads\\\/paktum-3-ellenallas.jpg\",\"contentUrl\":\"https:\\\/\\\/duncanshelley.com\\\/wp-content\\\/uploads\\\/paktum-3-ellenallas.jpg\",\"width\":300,\"height\":475,\"caption\":\"Duncan Shelley Az ellen\u00e1ll\u00e1s\"},{\"@type\":\"BreadcrumbList\",\"@id\":\"https:\\\/\\\/duncanshelley.com\\\/termek\\\/duncan-shelley-az-ellenallas\\\/#breadcrumb\",\"itemListElement\":[{\"@type\":\"ListItem\",\"position\":1,\"name\":\"Kezd\u0151lap\",\"item\":\"https:\\\/\\\/duncanshelley.com\\\/\"},{\"@type\":\"ListItem\",\"position\":2,\"name\":\"Webshop\",\"item\":\"https:\\\/\\\/duncanshelley.com\\\/webshop\\\/\"},{\"@type\":\"ListItem\",\"position\":3,\"name\":\"Duncan Shelley: Az ellen\u00e1ll\u00e1s (Paktum III.)\"}]},{\"@type\":\"WebSite\",\"@id\":\"https:\\\/\\\/duncanshelley.com\\\/#website\",\"url\":\"https:\\\/\\\/duncanshelley.com\\\/\",\"name\":\"Duncan Shelley K\u00f6nyvesbolt\",\"description\":\"\",\"potentialAction\":[{\"@type\":\"SearchAction\",\"target\":{\"@type\":\"EntryPoint\",\"urlTemplate\":\"https:\\\/\\\/duncanshelley.com\\\/?s={search_term_string}\"},\"query-input\":{\"@type\":\"PropertyValueSpecification\",\"valueRequired\":true,\"valueName\":\"search_term_string\"}}],\"inLanguage\":\"en-US\"}]}<\/script>\n<!-- \/ Yoast SEO Premium plugin. -->","yoast_head_json":{"title":"Duncan Shelley: Az ellen\u00e1ll\u00e1s (Paktum III.) - Duncan Shelley K\u00f6nyvesbolt","description":"A Paktum tril\u00f3gia 3. k\u00f6tete. L\u00e9trehoztuk az ellen\u00e1ll\u00e1st. Ez az ellen\u00e1ll\u00e1s nem harc, hanem egy \u00faj \u00e9letforma. Egy m\u00e1sfajta t\u00e1rsadalmi modell.","robots":{"index":"index","follow":"follow","max-snippet":"max-snippet:-1","max-image-preview":"max-image-preview:large","max-video-preview":"max-video-preview:-1"},"canonical":"https:\/\/duncanshelley.com\/en\/product\/duncan-shelley-az-ellenallas\/","og_locale":"en_US","og_type":"article","og_title":"Duncan Shelley: Az ellen\u00e1ll\u00e1s (Paktum III.)","og_description":"A Paktum tril\u00f3gia 3. k\u00f6tete. L\u00e9trehoztuk az ellen\u00e1ll\u00e1st. Ez az ellen\u00e1ll\u00e1s nem harc, hanem egy \u00faj \u00e9letforma. Egy m\u00e1sfajta t\u00e1rsadalmi modell.","og_url":"https:\/\/duncanshelley.com\/en\/product\/duncan-shelley-az-ellenallas\/","og_site_name":"Duncan Shelley K\u00f6nyvesbolt","article_modified_time":"2026-04-04T16:09:17+00:00","og_image":[{"width":300,"height":475,"url":"https:\/\/duncanshelley.com\/wp-content\/uploads\/paktum-3-ellenallas.jpg","type":"image\/jpeg"}],"twitter_misc":{"Est. reading time":"2 minutes"},"schema":{"@context":"https:\/\/schema.org","@graph":[{"@type":"WebPage","@id":"https:\/\/duncanshelley.com\/termek\/duncan-shelley-az-ellenallas\/","url":"https:\/\/duncanshelley.com\/termek\/duncan-shelley-az-ellenallas\/","name":"Duncan Shelley: Az ellen\u00e1ll\u00e1s (Paktum III.) - Duncan Shelley K\u00f6nyvesbolt","isPartOf":{"@id":"https:\/\/duncanshelley.com\/#website"},"primaryImageOfPage":{"@id":"https:\/\/duncanshelley.com\/termek\/duncan-shelley-az-ellenallas\/#primaryimage"},"image":{"@id":"https:\/\/duncanshelley.com\/termek\/duncan-shelley-az-ellenallas\/#primaryimage"},"thumbnailUrl":"https:\/\/duncanshelley.com\/wp-content\/uploads\/paktum-3-ellenallas.jpg","datePublished":"2019-10-03T00:02:21+00:00","dateModified":"2026-04-04T16:09:17+00:00","description":"A Paktum tril\u00f3gia 3. k\u00f6tete. L\u00e9trehoztuk az ellen\u00e1ll\u00e1st. Ez az ellen\u00e1ll\u00e1s nem harc, hanem egy \u00faj \u00e9letforma. Egy m\u00e1sfajta t\u00e1rsadalmi modell.","breadcrumb":{"@id":"https:\/\/duncanshelley.com\/termek\/duncan-shelley-az-ellenallas\/#breadcrumb"},"inLanguage":"en-US","potentialAction":[{"@type":"ReadAction","target":["https:\/\/duncanshelley.com\/termek\/duncan-shelley-az-ellenallas\/"]}]},{"@type":"ImageObject","inLanguage":"en-US","@id":"https:\/\/duncanshelley.com\/termek\/duncan-shelley-az-ellenallas\/#primaryimage","url":"https:\/\/duncanshelley.com\/wp-content\/uploads\/paktum-3-ellenallas.jpg","contentUrl":"https:\/\/duncanshelley.com\/wp-content\/uploads\/paktum-3-ellenallas.jpg","width":300,"height":475,"caption":"Duncan Shelley Az ellen\u00e1ll\u00e1s"},{"@type":"BreadcrumbList","@id":"https:\/\/duncanshelley.com\/termek\/duncan-shelley-az-ellenallas\/#breadcrumb","itemListElement":[{"@type":"ListItem","position":1,"name":"Kezd\u0151lap","item":"https:\/\/duncanshelley.com\/"},{"@type":"ListItem","position":2,"name":"Webshop","item":"https:\/\/duncanshelley.com\/webshop\/"},{"@type":"ListItem","position":3,"name":"Duncan Shelley: Az ellen\u00e1ll\u00e1s (Paktum III.)"}]},{"@type":"WebSite","@id":"https:\/\/duncanshelley.com\/#website","url":"https:\/\/duncanshelley.com\/","name":"Duncan Shelley K\u00f6nyvesbolt","description":"","potentialAction":[{"@type":"SearchAction","target":{"@type":"EntryPoint","urlTemplate":"https:\/\/duncanshelley.com\/?s={search_term_string}"},"query-input":{"@type":"PropertyValueSpecification","valueRequired":true,"valueName":"search_term_string"}}],"inLanguage":"en-US"}]}},"_links":{"self":[{"href":"https:\/\/duncanshelley.com\/en\/wp-json\/wp\/v2\/product\/57","targetHints":{"allow":["GET"]}}],"collection":[{"href":"https:\/\/duncanshelley.com\/en\/wp-json\/wp\/v2\/product"}],"about":[{"href":"https:\/\/duncanshelley.com\/en\/wp-json\/wp\/v2\/types\/product"}],"replies":[{"embeddable":true,"href":"https:\/\/duncanshelley.com\/en\/wp-json\/wp\/v2\/comments?post=57"}],"wp:featuredmedia":[{"embeddable":true,"href":"https:\/\/duncanshelley.com\/en\/wp-json\/wp\/v2\/media\/8824"}],"wp:attachment":[{"href":"https:\/\/duncanshelley.com\/en\/wp-json\/wp\/v2\/media?parent=57"}],"wp:term":[{"taxonomy":"product_brand","embeddable":true,"href":"https:\/\/duncanshelley.com\/en\/wp-json\/wp\/v2\/product_brand?post=57"},{"taxonomy":"product_cat","embeddable":true,"href":"https:\/\/duncanshelley.com\/en\/wp-json\/wp\/v2\/product_cat?post=57"},{"taxonomy":"product_tag","embeddable":true,"href":"https:\/\/duncanshelley.com\/en\/wp-json\/wp\/v2\/product_tag?post=57"}],"curies":[{"name":"wp","href":"https:\/\/api.w.org\/{rel}","templated":true}]}}