{"id":54,"date":"2019-10-04T01:59:38","date_gmt":"2019-10-03T23:59:38","guid":{"rendered":"https:\/\/brookskiado.hu\/?post_type=product&#038;p=54"},"modified":"2026-04-04T18:25:37","modified_gmt":"2026-04-04T16:25:37","slug":"duncan-shelley-vadaszideny","status":"publish","type":"product","link":"https:\/\/duncanshelley.com\/en\/product\/duncan-shelley-vadaszideny\/","title":{"rendered":"Duncan Shelley: Vad\u00e1szid\u00e9ny (Paktum II.)"},"content":{"rendered":"<h3 data-section-id=\"1ooyqw0\" data-start=\"491\" data-end=\"511\">AMI KISZIV\u00c1ROG<\/h3>\n<p data-start=\"513\" data-end=\"542\">Egy mesterdetekt\u00edv megsz\u00f3lal.<\/p>\n<p data-start=\"544\" data-end=\"561\">\ud83d\udc49 Miss Nina Kay.<\/p>\n<p data-start=\"568\" data-end=\"581\">\u00c9s amit mond\u2026<\/p>\n<p data-start=\"583\" data-end=\"624\">\u27a1\ufe0f t\u00fal vesz\u00e9lyes ahhoz, hogy meger\u0151s\u00edts\u00e9k,\u00a0de t\u00fal pontos ahhoz, hogy figyelmen k\u00edv\u00fcl hagyj\u00e1k<\/p>\n<h4 data-section-id=\"waek2r\" data-start=\"690\" data-end=\"720\">AMI T\u00d6RT\u00c9NIK A H\u00c1TT\u00c9RBEN<\/h4>\n<ul data-start=\"722\" data-end=\"792\">\n<li data-section-id=\"b8d5pb\" data-start=\"722\" data-end=\"743\">a korm\u00e1ny hallgat<\/li>\n<li data-section-id=\"anntt0\" data-start=\"744\" data-end=\"765\">az FBI nem reag\u00e1l<\/li>\n<li data-section-id=\"1uzp27w\" data-start=\"766\" data-end=\"792\">bizony\u00edt\u00e9kok t\u0171nnek el<\/li>\n<\/ul>\n<p data-start=\"799\" data-end=\"812\">\ud83d\udc49 \u00e9s k\u00f6zben:<\/p>\n<p data-start=\"814\" data-end=\"844\">\u27a1\ufe0f valami nagyon nincs rendben<\/p>\n<h4 data-section-id=\"3zrppi\" data-start=\"851\" data-end=\"885\">AMIT NEM AKARNAK, HOGY TUDJ<\/h4>\n<p data-start=\"887\" data-end=\"923\">Dallasban idegen l\u00e9nyeket \u00f6lnek meg.<\/p>\n<p data-start=\"930\" data-end=\"984\">\ud83d\udc49 a testeket elt\u00fcntetik<br data-start=\"954\" data-end=\"957\" \/>\ud83d\udc49 a h\u00edreket elhallgatj\u00e1k<\/p>\n<p data-start=\"991\" data-end=\"1016\">\u00e9s a k\u00e9rd\u00e9s ott marad: <strong>Mi t\u00f6rt\u00e9nik val\u00f3j\u00e1ban?<\/strong><\/p>\n<h4 data-section-id=\"19g6vvo\" data-start=\"1051\" data-end=\"1086\">\ud83e\udde0 A LEGF\u00c9LELMETESEBB FELISMER\u00c9S<\/h4>\n<p data-start=\"1088\" data-end=\"1114\">Mi van, ha ez nem inv\u00e1zi\u00f3\u2026<\/p>\n<p data-start=\"1121\" data-end=\"1139\">\u27a1\ufe0f hanem vad\u00e1szat? &#8230;\u00a0\u00e9s mi vagyunk a zs\u00e1km\u00e1ny<\/p>\n<h4 data-section-id=\"rqaelx\" data-start=\"1180\" data-end=\"1191\">A T\u00c9T<\/h4>\n<p data-start=\"1193\" data-end=\"1224\">Ha Miss Nina Kay-nek igaza van\u2026 az emberis\u00e9g t\u00f6bb\u00e9 nem a t\u00e1pl\u00e1l\u00e9kl\u00e1nc cs\u00facs\u00e1n \u00e1ll,\u00a0hanem r\u00e9sze lett<\/p>\n<h4 data-section-id=\"t1tktb\" data-start=\"1316\" data-end=\"1339\">\u00a0MI\u00c9RT BESZIPPANT\u00d3<\/h4>\n<p data-start=\"1341\" data-end=\"1375\">A <em data-start=\"1343\" data-end=\"1351\">Paktum<\/em> tril\u00f3gia m\u00e1sodik r\u00e9sze:<\/p>\n<p data-start=\"1377\" data-end=\"1472\">\u2714 tov\u00e1bb emeli a t\u00e9tet<br data-start=\"1399\" data-end=\"1402\" \/>\u2714 egyre s\u00f6t\u00e9tebb k\u00e9pet fest<br data-start=\"1429\" data-end=\"1432\" \/>\u2714 \u00e9s egyre k\u00f6zelebb visz az igazs\u00e1ghoz<\/p>\n<p data-start=\"1479\" data-end=\"1504\">\ud83d\udc49 itt m\u00e1r nincs vissza\u00fat<\/p>\n<h2 data-section-id=\"1ib9z7g\" data-start=\"1511\" data-end=\"1527\">\ud83d\udcda A TRIL\u00d3GIA<\/h2>\n<ul data-start=\"1529\" data-end=\"1596\">\n<li data-section-id=\"4w95ed\" data-start=\"1529\" data-end=\"1556\">A f\u00e9lelem \u00edze (1. r\u00e9sz)<\/li>\n<li data-section-id=\"wd3djj\" data-start=\"1557\" data-end=\"1582\">Vad\u00e1szid\u00e9ny (2. r\u00e9sz)<\/li>\n<li data-section-id=\"icweiu\" data-start=\"1583\" data-end=\"1596\">Az ellen\u00e1ll\u00e1s (3. r\u00e9sz)<\/li>\n<\/ul>\n<p data-start=\"1603\" data-end=\"1649\">\ud83d\udc49 <strong data-start=\"1606\" data-end=\"1649\">A t\u00f6rt\u00e9net itt v\u00e1lik igaz\u00e1n brut\u00e1liss\u00e1.<\/strong><\/p>\n<h4 data-section-id=\"d1bifp\" data-start=\"1656\" data-end=\"1669\">\u00a0AJ\u00c1NLAT<\/h4>\n<p data-start=\"1671\" data-end=\"1686\">\ud83d\udc49 <strong data-start=\"1674\" data-end=\"1686\">5.800 Ft<\/strong><\/p>\n<p data-start=\"1688\" data-end=\"1726\">\u27a1\ufe0f a folytat\u00e1s, ami m\u00e9g m\u00e9lyebbre visz<\/p>\n<p data-start=\"1744\" data-end=\"1810\">\ud83d\udc49 <strong data-start=\"1747\" data-end=\"1810\">Tedd kos\u00e1rba most \u2014 \u00e9s tudd meg, mi zajlik a felsz\u00edn alatt.<\/strong><\/p>\n<p>&nbsp;<\/p>\n<p>A Vad\u00e1szid\u00e9ny a <a href=\"https:\/\/duncanshelley.com\/en\/product\/paktum-csomag\/\" target=\"_blank\" rel=\"noopener\"><span style=\"text-decoration: underline;\"><strong>Paktum tril\u00f3gia<\/strong><\/span><\/a> m\u00e1sodik k\u00f6tete.<\/p>\n<h2>Kisfilm:<\/h2>\n<p><iframe loading=\"lazy\" title=\"DUNCAN SHELLEY: THE PACT TRILOGY - trailer\" width=\"500\" height=\"281\" src=\"https:\/\/www.youtube.com\/embed\/I8tncekOIRc?feature=oembed&#038;enablejsapi=1&#038;origin=https:\/\/duncanshelley.com\" frameborder=\"0\" allow=\"accelerometer; autoplay; clipboard-write; encrypted-media; gyroscope; picture-in-picture; web-share\" referrerpolicy=\"strict-origin-when-cross-origin\" allowfullscreen><\/iframe><\/p>","protected":false},"excerpt":{"rendered":"<p data-start=\"255\" data-end=\"300\"><strong data-start=\"255\" data-end=\"300\">Mi t\u00f6rt\u00e9nik, amikor az emberek\u2026 elt\u0171nnek?<\/strong><\/p>\n<p data-start=\"302\" data-end=\"326\">\u00c9s senki nem ad v\u00e1laszt?<\/p>\n<h4 data-section-id=\"od8m20\" data-start=\"333\" data-end=\"349\">\ud83e\udde0 A T\u00d6RT\u00c9NET<\/h4>\n<p data-start=\"351\" data-end=\"374\">Texas.<br data-start=\"357\" data-end=\"360\" \/>Massachusetts.<\/p>\n<p data-start=\"381\" data-end=\"410\">\ud83d\udc49 t\u00f6bb t\u00edzezer ember elt\u0171nik. Nincsenek nyomok.<br data-start=\"434\" data-end=\"437\" \/>Nincs hivatalos magyar\u00e1zat.<\/p>\n<p data-start=\"471\" data-end=\"484\">\u27a1\ufe0f csak csend<\/p>","protected":false},"featured_media":8823,"comment_status":"closed","ping_status":"closed","template":"","meta":{"_acf_changed":false,"_genesis_hide_title":false,"_genesis_hide_breadcrumbs":false,"_genesis_hide_singular_image":false,"_genesis_hide_footer_widgets":false,"_genesis_custom_body_class":"","_genesis_custom_post_class":"","_genesis_layout":""},"product_brand":[],"product_cat":[18],"product_tag":[],"class_list":{"0":"post-54","1":"product","2":"type-product","3":"status-publish","4":"has-post-thumbnail","6":"product_cat-sci-fi-konyvek","7":"entry","9":"first","10":"instock","11":"taxable","12":"shipping-taxable","13":"purchasable","14":"product-type-simple"},"acf":[],"yoast_head":"<!-- This site is optimized with the Yoast SEO Premium plugin v27.5 (Yoast SEO v27.5) - https:\/\/yoast.com\/product\/yoast-seo-premium-wordpress\/ -->\n<title>Duncan Shelley: Vad\u00e1szid\u00e9ny (Paktum II.) (Paktum tril\u00f3gia) - Duncan Shelley K\u00f6nyvesbolt<\/title>\n<meta name=\"description\" content=\"A Vad\u00e1szid\u00e9ny a Paktum tril\u00f3gia m\u00e1sodik k\u00f6tete. Elt\u0171nik k\u00e9t \u00e1ruh\u00e1znyi ember. Az FBI tehetetlen, a korm\u00e1ny nem komment\u00e1lja a t\u00f6rt\u00e9nteket.\" \/>\n<meta name=\"robots\" content=\"index, follow, max-snippet:-1, max-image-preview:large, max-video-preview:-1\" \/>\n<link rel=\"canonical\" href=\"https:\/\/duncanshelley.com\/en\/product\/duncan-shelley-vadaszideny\/\" \/>\n<meta property=\"og:locale\" content=\"en_US\" \/>\n<meta property=\"og:type\" content=\"article\" \/>\n<meta property=\"og:title\" content=\"Duncan Shelley: Vad\u00e1szid\u00e9ny (Paktum II.)\" \/>\n<meta property=\"og:description\" content=\"A Vad\u00e1szid\u00e9ny a Paktum tril\u00f3gia m\u00e1sodik k\u00f6tete. Elt\u0171nik k\u00e9t \u00e1ruh\u00e1znyi ember. Az FBI tehetetlen, a korm\u00e1ny nem komment\u00e1lja a t\u00f6rt\u00e9nteket.\" \/>\n<meta property=\"og:url\" content=\"https:\/\/duncanshelley.com\/en\/product\/duncan-shelley-vadaszideny\/\" \/>\n<meta property=\"og:site_name\" content=\"Duncan Shelley K\u00f6nyvesbolt\" \/>\n<meta property=\"article:modified_time\" content=\"2026-04-04T16:25:37+00:00\" \/>\n<meta property=\"og:image\" content=\"https:\/\/duncanshelley.com\/wp-content\/uploads\/paktum-2-vadaszideny-1.jpg\" \/>\n\t<meta property=\"og:image:width\" content=\"300\" \/>\n\t<meta property=\"og:image:height\" content=\"475\" \/>\n\t<meta property=\"og:image:type\" content=\"image\/jpeg\" \/>\n<meta name=\"twitter:label1\" content=\"Est. reading time\" \/>\n\t<meta name=\"twitter:data1\" content=\"2 minutes\" \/>\n<script type=\"application\/ld+json\" class=\"yoast-schema-graph\">{\"@context\":\"https:\\\/\\\/schema.org\",\"@graph\":[{\"@type\":\"WebPage\",\"@id\":\"https:\\\/\\\/duncanshelley.com\\\/termek\\\/duncan-shelley-vadaszideny\\\/\",\"url\":\"https:\\\/\\\/duncanshelley.com\\\/termek\\\/duncan-shelley-vadaszideny\\\/\",\"name\":\"Duncan Shelley: Vad\u00e1szid\u00e9ny (Paktum II.) (Paktum tril\u00f3gia) - Duncan Shelley K\u00f6nyvesbolt\",\"isPartOf\":{\"@id\":\"https:\\\/\\\/duncanshelley.com\\\/#website\"},\"primaryImageOfPage\":{\"@id\":\"https:\\\/\\\/duncanshelley.com\\\/termek\\\/duncan-shelley-vadaszideny\\\/#primaryimage\"},\"image\":{\"@id\":\"https:\\\/\\\/duncanshelley.com\\\/termek\\\/duncan-shelley-vadaszideny\\\/#primaryimage\"},\"thumbnailUrl\":\"https:\\\/\\\/duncanshelley.com\\\/wp-content\\\/uploads\\\/paktum-2-vadaszideny-1.jpg\",\"datePublished\":\"2019-10-03T23:59:38+00:00\",\"dateModified\":\"2026-04-04T16:25:37+00:00\",\"description\":\"A Vad\u00e1szid\u00e9ny a Paktum tril\u00f3gia m\u00e1sodik k\u00f6tete. Elt\u0171nik k\u00e9t \u00e1ruh\u00e1znyi ember. Az FBI tehetetlen, a korm\u00e1ny nem komment\u00e1lja a t\u00f6rt\u00e9nteket.\",\"breadcrumb\":{\"@id\":\"https:\\\/\\\/duncanshelley.com\\\/termek\\\/duncan-shelley-vadaszideny\\\/#breadcrumb\"},\"inLanguage\":\"en-US\",\"potentialAction\":[{\"@type\":\"ReadAction\",\"target\":[\"https:\\\/\\\/duncanshelley.com\\\/termek\\\/duncan-shelley-vadaszideny\\\/\"]}]},{\"@type\":\"ImageObject\",\"inLanguage\":\"en-US\",\"@id\":\"https:\\\/\\\/duncanshelley.com\\\/termek\\\/duncan-shelley-vadaszideny\\\/#primaryimage\",\"url\":\"https:\\\/\\\/duncanshelley.com\\\/wp-content\\\/uploads\\\/paktum-2-vadaszideny-1.jpg\",\"contentUrl\":\"https:\\\/\\\/duncanshelley.com\\\/wp-content\\\/uploads\\\/paktum-2-vadaszideny-1.jpg\",\"width\":300,\"height\":475,\"caption\":\"paktum-2-vadaszideny\"},{\"@type\":\"BreadcrumbList\",\"@id\":\"https:\\\/\\\/duncanshelley.com\\\/termek\\\/duncan-shelley-vadaszideny\\\/#breadcrumb\",\"itemListElement\":[{\"@type\":\"ListItem\",\"position\":1,\"name\":\"Kezd\u0151lap\",\"item\":\"https:\\\/\\\/duncanshelley.com\\\/\"},{\"@type\":\"ListItem\",\"position\":2,\"name\":\"Webshop\",\"item\":\"https:\\\/\\\/duncanshelley.com\\\/webshop\\\/\"},{\"@type\":\"ListItem\",\"position\":3,\"name\":\"Duncan Shelley: Vad\u00e1szid\u00e9ny (Paktum II.)\"}]},{\"@type\":\"WebSite\",\"@id\":\"https:\\\/\\\/duncanshelley.com\\\/#website\",\"url\":\"https:\\\/\\\/duncanshelley.com\\\/\",\"name\":\"Duncan Shelley K\u00f6nyvesbolt\",\"description\":\"\",\"potentialAction\":[{\"@type\":\"SearchAction\",\"target\":{\"@type\":\"EntryPoint\",\"urlTemplate\":\"https:\\\/\\\/duncanshelley.com\\\/?s={search_term_string}\"},\"query-input\":{\"@type\":\"PropertyValueSpecification\",\"valueRequired\":true,\"valueName\":\"search_term_string\"}}],\"inLanguage\":\"en-US\"}]}<\/script>\n<!-- \/ Yoast SEO Premium plugin. -->","yoast_head_json":{"title":"Duncan Shelley: Vad\u00e1szid\u00e9ny (Paktum II.) (Paktum tril\u00f3gia) - Duncan Shelley K\u00f6nyvesbolt","description":"A Vad\u00e1szid\u00e9ny a Paktum tril\u00f3gia m\u00e1sodik k\u00f6tete. Elt\u0171nik k\u00e9t \u00e1ruh\u00e1znyi ember. Az FBI tehetetlen, a korm\u00e1ny nem komment\u00e1lja a t\u00f6rt\u00e9nteket.","robots":{"index":"index","follow":"follow","max-snippet":"max-snippet:-1","max-image-preview":"max-image-preview:large","max-video-preview":"max-video-preview:-1"},"canonical":"https:\/\/duncanshelley.com\/en\/product\/duncan-shelley-vadaszideny\/","og_locale":"en_US","og_type":"article","og_title":"Duncan Shelley: Vad\u00e1szid\u00e9ny (Paktum II.)","og_description":"A Vad\u00e1szid\u00e9ny a Paktum tril\u00f3gia m\u00e1sodik k\u00f6tete. Elt\u0171nik k\u00e9t \u00e1ruh\u00e1znyi ember. Az FBI tehetetlen, a korm\u00e1ny nem komment\u00e1lja a t\u00f6rt\u00e9nteket.","og_url":"https:\/\/duncanshelley.com\/en\/product\/duncan-shelley-vadaszideny\/","og_site_name":"Duncan Shelley K\u00f6nyvesbolt","article_modified_time":"2026-04-04T16:25:37+00:00","og_image":[{"width":300,"height":475,"url":"https:\/\/duncanshelley.com\/wp-content\/uploads\/paktum-2-vadaszideny-1.jpg","type":"image\/jpeg"}],"twitter_misc":{"Est. reading time":"2 minutes"},"schema":{"@context":"https:\/\/schema.org","@graph":[{"@type":"WebPage","@id":"https:\/\/duncanshelley.com\/termek\/duncan-shelley-vadaszideny\/","url":"https:\/\/duncanshelley.com\/termek\/duncan-shelley-vadaszideny\/","name":"Duncan Shelley: Vad\u00e1szid\u00e9ny (Paktum II.) (Paktum tril\u00f3gia) - Duncan Shelley K\u00f6nyvesbolt","isPartOf":{"@id":"https:\/\/duncanshelley.com\/#website"},"primaryImageOfPage":{"@id":"https:\/\/duncanshelley.com\/termek\/duncan-shelley-vadaszideny\/#primaryimage"},"image":{"@id":"https:\/\/duncanshelley.com\/termek\/duncan-shelley-vadaszideny\/#primaryimage"},"thumbnailUrl":"https:\/\/duncanshelley.com\/wp-content\/uploads\/paktum-2-vadaszideny-1.jpg","datePublished":"2019-10-03T23:59:38+00:00","dateModified":"2026-04-04T16:25:37+00:00","description":"A Vad\u00e1szid\u00e9ny a Paktum tril\u00f3gia m\u00e1sodik k\u00f6tete. Elt\u0171nik k\u00e9t \u00e1ruh\u00e1znyi ember. Az FBI tehetetlen, a korm\u00e1ny nem komment\u00e1lja a t\u00f6rt\u00e9nteket.","breadcrumb":{"@id":"https:\/\/duncanshelley.com\/termek\/duncan-shelley-vadaszideny\/#breadcrumb"},"inLanguage":"en-US","potentialAction":[{"@type":"ReadAction","target":["https:\/\/duncanshelley.com\/termek\/duncan-shelley-vadaszideny\/"]}]},{"@type":"ImageObject","inLanguage":"en-US","@id":"https:\/\/duncanshelley.com\/termek\/duncan-shelley-vadaszideny\/#primaryimage","url":"https:\/\/duncanshelley.com\/wp-content\/uploads\/paktum-2-vadaszideny-1.jpg","contentUrl":"https:\/\/duncanshelley.com\/wp-content\/uploads\/paktum-2-vadaszideny-1.jpg","width":300,"height":475,"caption":"paktum-2-vadaszideny"},{"@type":"BreadcrumbList","@id":"https:\/\/duncanshelley.com\/termek\/duncan-shelley-vadaszideny\/#breadcrumb","itemListElement":[{"@type":"ListItem","position":1,"name":"Kezd\u0151lap","item":"https:\/\/duncanshelley.com\/"},{"@type":"ListItem","position":2,"name":"Webshop","item":"https:\/\/duncanshelley.com\/webshop\/"},{"@type":"ListItem","position":3,"name":"Duncan Shelley: Vad\u00e1szid\u00e9ny (Paktum II.)"}]},{"@type":"WebSite","@id":"https:\/\/duncanshelley.com\/#website","url":"https:\/\/duncanshelley.com\/","name":"Duncan Shelley K\u00f6nyvesbolt","description":"","potentialAction":[{"@type":"SearchAction","target":{"@type":"EntryPoint","urlTemplate":"https:\/\/duncanshelley.com\/?s={search_term_string}"},"query-input":{"@type":"PropertyValueSpecification","valueRequired":true,"valueName":"search_term_string"}}],"inLanguage":"en-US"}]}},"_links":{"self":[{"href":"https:\/\/duncanshelley.com\/en\/wp-json\/wp\/v2\/product\/54","targetHints":{"allow":["GET"]}}],"collection":[{"href":"https:\/\/duncanshelley.com\/en\/wp-json\/wp\/v2\/product"}],"about":[{"href":"https:\/\/duncanshelley.com\/en\/wp-json\/wp\/v2\/types\/product"}],"replies":[{"embeddable":true,"href":"https:\/\/duncanshelley.com\/en\/wp-json\/wp\/v2\/comments?post=54"}],"wp:featuredmedia":[{"embeddable":true,"href":"https:\/\/duncanshelley.com\/en\/wp-json\/wp\/v2\/media\/8823"}],"wp:attachment":[{"href":"https:\/\/duncanshelley.com\/en\/wp-json\/wp\/v2\/media?parent=54"}],"wp:term":[{"taxonomy":"product_brand","embeddable":true,"href":"https:\/\/duncanshelley.com\/en\/wp-json\/wp\/v2\/product_brand?post=54"},{"taxonomy":"product_cat","embeddable":true,"href":"https:\/\/duncanshelley.com\/en\/wp-json\/wp\/v2\/product_cat?post=54"},{"taxonomy":"product_tag","embeddable":true,"href":"https:\/\/duncanshelley.com\/en\/wp-json\/wp\/v2\/product_tag?post=54"}],"curies":[{"name":"wp","href":"https:\/\/api.w.org\/{rel}","templated":true}]}}