{"id":50,"date":"2019-10-05T01:57:22","date_gmt":"2019-10-04T23:57:22","guid":{"rendered":"https:\/\/brookskiado.hu\/?post_type=product&#038;p=50"},"modified":"2026-04-04T18:24:24","modified_gmt":"2026-04-04T16:24:24","slug":"duncan-shelley-a-felelem-ize","status":"publish","type":"product","link":"https:\/\/duncanshelley.com\/en\/product\/duncan-shelley-a-felelem-ize\/","title":{"rendered":"Duncan Shelley: A f\u00e9lelem \u00edze (Paktum I.)"},"content":{"rendered":"<h3 data-section-id=\"ow97bz\" data-start=\"589\" data-end=\"613\">\u26a0\ufe0f AMI EZUT\u00c1N KIDER\u00dcL<\/h3>\n<p data-start=\"615\" data-end=\"657\">Ez nem diplom\u00e1cia.<br data-start=\"633\" data-end=\"636\" \/>Ez nem egy\u00fcttm\u0171k\u00f6d\u00e9s.<\/p>\n<p data-start=\"664\" data-end=\"686\">\u27a1\ufe0f <strong data-start=\"667\" data-end=\"686\">ez kereskedelem<\/strong><\/p>\n<p data-start=\"693\" data-end=\"703\">\u00c9s mi az \u00e1ru?<\/p>\n<p data-start=\"710\" data-end=\"723\"><strong data-start=\"710\" data-end=\"723\">Az ember.<\/strong><\/p>\n<h4 data-section-id=\"1c3hks4\" data-start=\"730\" data-end=\"771\">AZ A JELENET, AMIT NEM FELEJTESZ EL<\/h4>\n<p data-start=\"773\" data-end=\"843\">\u2013 Milyen h\u00fasra gondol?<br data-start=\"795\" data-end=\"798\" \/>\u2013 Emberh\u00fas. \u00c9vente huszonh\u00e9tmilli\u00f3 kilogramm.<\/p>\n<p data-start=\"850\" data-end=\"878\">\ud83d\udc49 \u00e9s ekkor v\u00e1lik vil\u00e1goss\u00e1: ez nem fikci\u00f3\u2026 hanem lehet\u0151s\u00e9g<\/p>\n<h4 data-section-id=\"g7rc8h\" data-start=\"920\" data-end=\"941\">\ud83e\udde0 A VAL\u00d3DI K\u00c9RD\u00c9S<\/h4>\n<p data-start=\"943\" data-end=\"995\">Mi t\u00f6rt\u00e9nik, ha a hatalom nem v\u00e9d meg\u2026hanem elad?<\/p>\n<p data-start=\"1002\" data-end=\"1046\">\ud83d\udc49 \u00e9s mi t\u00f6rt\u00e9nik, ha mindez m\u00e1r r\u00e9g eld\u0151lt?<\/p>\n<h4 data-section-id=\"75qkem\" data-start=\"1053\" data-end=\"1083\">AMI\u00c9RT NEM TUDOD LETENNI<\/h4>\n<p data-start=\"1085\" data-end=\"1101\"><em data-start=\"1085\" data-end=\"1100\">A f\u00e9lelem \u00edze<\/em>:<\/p>\n<p data-start=\"1103\" data-end=\"1203\">\u2714 brut\u00e1l er\u0151s alapkoncepci\u00f3<br data-start=\"1130\" data-end=\"1133\" \/>\u2714 v\u00e9gig fesz\u00fclts\u00e9gben tart<br data-start=\"1159\" data-end=\"1162\" \/>\u2714 folyamatos mor\u00e1lis dilemm\u00e1k el\u00e9 \u00e1ll\u00edt<\/p>\n<p data-start=\"1210\" data-end=\"1223\">\u00e9s k\u00f6zben: r\u00e1d is hat<\/p>\n<h4 data-section-id=\"1772oyt\" data-start=\"1245\" data-end=\"1268\">\ud83e\udde0 T\u00d6BB, MINT REG\u00c9NY<\/h4>\n<p data-start=\"1270\" data-end=\"1291\">Ez nem csak t\u00f6rt\u00e9net, \u00a0hanem:<\/p>\n<p data-start=\"1309\" data-end=\"1317\">\u27a1\ufe0f t\u00fck\u00f6r<\/p>\n<p data-start=\"1324\" data-end=\"1406\">A f\u00e9lelem m\u0171k\u00f6d\u00e9s\u00e9r\u0151l.<br data-start=\"1346\" data-end=\"1349\" \/>Az emberi term\u00e9szetr\u0151l.<br data-start=\"1372\" data-end=\"1375\" \/>\u00c9s arr\u00f3l, mire k\u00e9pes a hatalom.<\/p>\n<h4 data-section-id=\"l21gjw\" data-start=\"1413\" data-end=\"1423\">\u00a0A T\u00c9T<\/h4>\n<p data-start=\"1425\" data-end=\"1457\">Az emberis\u00e9g v\u00e1lasz\u00fat el\u0151tt \u00e1ll:<\/p>\n<ul>\n<li>alkalmazkodik<\/li>\n<li>vagy elt\u0171nik<\/li>\n<li>fejl\u0151dik<\/li>\n<li>vagy elbukik<\/li>\n<\/ul>\n<h4 data-section-id=\"1qvin08\" data-start=\"1540\" data-end=\"1564\">\ud83d\udcda A TRIL\u00d3GIA KEZDETE<\/h4>\n<ul data-start=\"1566\" data-end=\"1621\">\n<li data-section-id=\"4w95ed\" data-start=\"1566\" data-end=\"1593\">A f\u00e9lelem \u00edze (1. r\u00e9sz)<\/li>\n<li data-section-id=\"1k4wvzb\" data-start=\"1594\" data-end=\"1607\">Vad\u00e1szid\u00e9ny(2. r\u00e9sz)<\/li>\n<li data-section-id=\"icweiu\" data-start=\"1608\" data-end=\"1621\">Az ellen\u00e1ll\u00e1s (3. r\u00e9sz)<\/li>\n<\/ul>\n<p data-start=\"1628\" data-end=\"1659\"><strong data-start=\"1631\" data-end=\"1659\">A t\u00f6rt\u00e9net itt kezd\u0151dik.<\/strong><\/p>\n<h4 data-section-id=\"d1bifp\" data-start=\"1666\" data-end=\"1679\">AJ\u00c1NLAT<\/h4>\n<p data-start=\"1681\" data-end=\"1696\">\u00a0<strong data-start=\"1684\" data-end=\"1696\">5.800 Ft<\/strong><\/p>\n<p data-start=\"1698\" data-end=\"1752\">Az els\u0151 l\u00e9p\u00e9s egy t\u00f6rt\u00e9netbe, ami nem hagy nyugodni<\/p>\n<p data-start=\"1770\" data-end=\"1851\">\ud83d\udc49 <strong data-start=\"1773\" data-end=\"1851\">Tedd kos\u00e1rba most \u2014 \u00e9s n\u00e9zz szembe azzal, amit m\u00e1sok nem mernek kimondani.<\/strong><\/p>\n<h2><strong>A f\u00e9lelem \u00edze kisfilm:<\/strong><\/h2>\n<p style=\"text-align: center;\"><iframe loading=\"lazy\" src=\"https:\/\/www.youtube.com\/embed\/I8tncekOIRc\" width=\"560\" height=\"315\" frameborder=\"0\" allowfullscreen=\"allowfullscreen\"><\/iframe><\/p>\n<h4><\/h4>","protected":false},"excerpt":{"rendered":"<p data-start=\"244\" data-end=\"281\"><strong data-start=\"244\" data-end=\"281\">Mi van, ha az emberis\u00e9g\u2026 \u00e1rucikk?<\/strong><\/p>\n<p data-start=\"283\" data-end=\"322\">\u00c9s mi van, ha m\u00e1r megsz\u00fcletett az alku?<\/p>\n<h3 data-section-id=\"od8m20\" data-start=\"329\" data-end=\"345\">\ud83e\udde0 A T\u00d6RT\u00c9NET<\/h3>\n<p data-start=\"347\" data-end=\"367\">Egy aj\u00e1nlat \u00e9rkezik.<\/p>\n<p data-start=\"369\" data-end=\"400\">Nem politikai.<br data-start=\"383\" data-end=\"386\" \/>Nem katonai.<\/p>\n<p data-start=\"402\" data-end=\"416\">\ud83d\udc49 <strong data-start=\"405\" data-end=\"416\">\u00fczleti.<\/strong><\/p>\n<p data-start=\"423\" data-end=\"499\">Egy f\u00f6ld\u00f6nk\u00edv\u00fcli v\u00e1llalkoz\u00f3 megkeresi a vil\u00e1g legnagyobb hatalm\u00fa embereit.<\/p>\n<p data-start=\"506\" data-end=\"552\">\u00c9s amit aj\u00e1nl\u2026<br data-start=\"520\" data-end=\"523\" \/>arra nem lehet nemet mondani.<\/p>\n<p data-start=\"559\" data-end=\"582\">\u27a1\ufe0f megsz\u00fcletik a Paktum<\/p>","protected":false},"featured_media":8822,"comment_status":"closed","ping_status":"closed","template":"","meta":{"_acf_changed":false,"_genesis_hide_title":false,"_genesis_hide_breadcrumbs":false,"_genesis_hide_singular_image":false,"_genesis_hide_footer_widgets":false,"_genesis_custom_body_class":"","_genesis_custom_post_class":"","_genesis_layout":""},"product_brand":[],"product_cat":[18],"product_tag":[],"class_list":{"0":"post-50","1":"product","2":"type-product","3":"status-publish","4":"has-post-thumbnail","6":"product_cat-sci-fi-konyvek","7":"entry","9":"first","10":"instock","11":"taxable","12":"shipping-taxable","13":"purchasable","14":"product-type-simple"},"acf":[],"yoast_head":"<!-- This site is optimized with the Yoast SEO Premium plugin v27.4 (Yoast SEO v27.4) - https:\/\/yoast.com\/product\/yoast-seo-premium-wordpress\/ -->\n<title>Duncan Shelley: A f\u00e9lelem \u00edze (Paktum I.) (Paktum tril\u00f3gia) - Duncan Shelley K\u00f6nyvesbolt<\/title>\n<meta name=\"description\" content=\"A f\u00e9lelem \u00edze k\u00f6tetben egy g\u00e1tl\u00e1stalan, f\u00f6ld\u00f6nk\u00edv\u00fcli v\u00e1llalkoz\u00f3 k\u00fcl\u00f6n\u00f6s aj\u00e1nlattal keres fel n\u00e9h\u00e1ny nagyhatalm\u00fa embert, amire igent mondanak.\" \/>\n<meta name=\"robots\" content=\"index, follow, max-snippet:-1, max-image-preview:large, max-video-preview:-1\" \/>\n<link rel=\"canonical\" href=\"https:\/\/duncanshelley.com\/en\/product\/duncan-shelley-a-felelem-ize\/\" \/>\n<meta property=\"og:locale\" content=\"en_US\" \/>\n<meta property=\"og:type\" content=\"article\" \/>\n<meta property=\"og:title\" content=\"Duncan Shelley: A f\u00e9lelem \u00edze (Paktum I.)\" \/>\n<meta property=\"og:description\" content=\"A f\u00e9lelem \u00edze k\u00f6tetben egy g\u00e1tl\u00e1stalan, f\u00f6ld\u00f6nk\u00edv\u00fcli v\u00e1llalkoz\u00f3 k\u00fcl\u00f6n\u00f6s aj\u00e1nlattal keres fel n\u00e9h\u00e1ny nagyhatalm\u00fa embert, amire igent mondanak.\" \/>\n<meta property=\"og:url\" content=\"https:\/\/duncanshelley.com\/en\/product\/duncan-shelley-a-felelem-ize\/\" \/>\n<meta property=\"og:site_name\" content=\"Duncan Shelley K\u00f6nyvesbolt\" \/>\n<meta property=\"article:modified_time\" content=\"2026-04-04T16:24:24+00:00\" \/>\n<meta property=\"og:image\" content=\"https:\/\/duncanshelley.com\/wp-content\/uploads\/paktum-1-a-felelem-ize.jpg\" \/>\n\t<meta property=\"og:image:width\" content=\"300\" \/>\n\t<meta property=\"og:image:height\" content=\"475\" \/>\n\t<meta property=\"og:image:type\" content=\"image\/jpeg\" \/>\n<meta name=\"twitter:label1\" content=\"Est. reading time\" \/>\n\t<meta name=\"twitter:data1\" content=\"2 minutes\" \/>\n<script type=\"application\/ld+json\" class=\"yoast-schema-graph\">{\"@context\":\"https:\\\/\\\/schema.org\",\"@graph\":[{\"@type\":\"WebPage\",\"@id\":\"https:\\\/\\\/duncanshelley.com\\\/termek\\\/duncan-shelley-a-felelem-ize\\\/\",\"url\":\"https:\\\/\\\/duncanshelley.com\\\/termek\\\/duncan-shelley-a-felelem-ize\\\/\",\"name\":\"Duncan Shelley: A f\u00e9lelem \u00edze (Paktum I.) (Paktum tril\u00f3gia) - Duncan Shelley K\u00f6nyvesbolt\",\"isPartOf\":{\"@id\":\"https:\\\/\\\/duncanshelley.com\\\/#website\"},\"primaryImageOfPage\":{\"@id\":\"https:\\\/\\\/duncanshelley.com\\\/termek\\\/duncan-shelley-a-felelem-ize\\\/#primaryimage\"},\"image\":{\"@id\":\"https:\\\/\\\/duncanshelley.com\\\/termek\\\/duncan-shelley-a-felelem-ize\\\/#primaryimage\"},\"thumbnailUrl\":\"https:\\\/\\\/duncanshelley.com\\\/wp-content\\\/uploads\\\/paktum-1-a-felelem-ize.jpg\",\"datePublished\":\"2019-10-04T23:57:22+00:00\",\"dateModified\":\"2026-04-04T16:24:24+00:00\",\"description\":\"A f\u00e9lelem \u00edze k\u00f6tetben egy g\u00e1tl\u00e1stalan, f\u00f6ld\u00f6nk\u00edv\u00fcli v\u00e1llalkoz\u00f3 k\u00fcl\u00f6n\u00f6s aj\u00e1nlattal keres fel n\u00e9h\u00e1ny nagyhatalm\u00fa embert, amire igent mondanak.\",\"breadcrumb\":{\"@id\":\"https:\\\/\\\/duncanshelley.com\\\/termek\\\/duncan-shelley-a-felelem-ize\\\/#breadcrumb\"},\"inLanguage\":\"en-US\",\"potentialAction\":[{\"@type\":\"ReadAction\",\"target\":[\"https:\\\/\\\/duncanshelley.com\\\/termek\\\/duncan-shelley-a-felelem-ize\\\/\"]}]},{\"@type\":\"ImageObject\",\"inLanguage\":\"en-US\",\"@id\":\"https:\\\/\\\/duncanshelley.com\\\/termek\\\/duncan-shelley-a-felelem-ize\\\/#primaryimage\",\"url\":\"https:\\\/\\\/duncanshelley.com\\\/wp-content\\\/uploads\\\/paktum-1-a-felelem-ize.jpg\",\"contentUrl\":\"https:\\\/\\\/duncanshelley.com\\\/wp-content\\\/uploads\\\/paktum-1-a-felelem-ize.jpg\",\"width\":300,\"height\":475,\"caption\":\"paktum-1-a-felelem-ize\"},{\"@type\":\"BreadcrumbList\",\"@id\":\"https:\\\/\\\/duncanshelley.com\\\/termek\\\/duncan-shelley-a-felelem-ize\\\/#breadcrumb\",\"itemListElement\":[{\"@type\":\"ListItem\",\"position\":1,\"name\":\"Kezd\u0151lap\",\"item\":\"https:\\\/\\\/duncanshelley.com\\\/\"},{\"@type\":\"ListItem\",\"position\":2,\"name\":\"Webshop\",\"item\":\"https:\\\/\\\/duncanshelley.com\\\/webshop\\\/\"},{\"@type\":\"ListItem\",\"position\":3,\"name\":\"Duncan Shelley: A f\u00e9lelem \u00edze (Paktum I.)\"}]},{\"@type\":\"WebSite\",\"@id\":\"https:\\\/\\\/duncanshelley.com\\\/#website\",\"url\":\"https:\\\/\\\/duncanshelley.com\\\/\",\"name\":\"Duncan Shelley K\u00f6nyvesbolt\",\"description\":\"\",\"potentialAction\":[{\"@type\":\"SearchAction\",\"target\":{\"@type\":\"EntryPoint\",\"urlTemplate\":\"https:\\\/\\\/duncanshelley.com\\\/?s={search_term_string}\"},\"query-input\":{\"@type\":\"PropertyValueSpecification\",\"valueRequired\":true,\"valueName\":\"search_term_string\"}}],\"inLanguage\":\"en-US\"}]}<\/script>\n<!-- \/ Yoast SEO Premium plugin. -->","yoast_head_json":{"title":"Duncan Shelley: A f\u00e9lelem \u00edze (Paktum I.) (Paktum tril\u00f3gia) - Duncan Shelley K\u00f6nyvesbolt","description":"A f\u00e9lelem \u00edze k\u00f6tetben egy g\u00e1tl\u00e1stalan, f\u00f6ld\u00f6nk\u00edv\u00fcli v\u00e1llalkoz\u00f3 k\u00fcl\u00f6n\u00f6s aj\u00e1nlattal keres fel n\u00e9h\u00e1ny nagyhatalm\u00fa embert, amire igent mondanak.","robots":{"index":"index","follow":"follow","max-snippet":"max-snippet:-1","max-image-preview":"max-image-preview:large","max-video-preview":"max-video-preview:-1"},"canonical":"https:\/\/duncanshelley.com\/en\/product\/duncan-shelley-a-felelem-ize\/","og_locale":"en_US","og_type":"article","og_title":"Duncan Shelley: A f\u00e9lelem \u00edze (Paktum I.)","og_description":"A f\u00e9lelem \u00edze k\u00f6tetben egy g\u00e1tl\u00e1stalan, f\u00f6ld\u00f6nk\u00edv\u00fcli v\u00e1llalkoz\u00f3 k\u00fcl\u00f6n\u00f6s aj\u00e1nlattal keres fel n\u00e9h\u00e1ny nagyhatalm\u00fa embert, amire igent mondanak.","og_url":"https:\/\/duncanshelley.com\/en\/product\/duncan-shelley-a-felelem-ize\/","og_site_name":"Duncan Shelley K\u00f6nyvesbolt","article_modified_time":"2026-04-04T16:24:24+00:00","og_image":[{"width":300,"height":475,"url":"https:\/\/duncanshelley.com\/wp-content\/uploads\/paktum-1-a-felelem-ize.jpg","type":"image\/jpeg"}],"twitter_misc":{"Est. reading time":"2 minutes"},"schema":{"@context":"https:\/\/schema.org","@graph":[{"@type":"WebPage","@id":"https:\/\/duncanshelley.com\/termek\/duncan-shelley-a-felelem-ize\/","url":"https:\/\/duncanshelley.com\/termek\/duncan-shelley-a-felelem-ize\/","name":"Duncan Shelley: A f\u00e9lelem \u00edze (Paktum I.) (Paktum tril\u00f3gia) - Duncan Shelley K\u00f6nyvesbolt","isPartOf":{"@id":"https:\/\/duncanshelley.com\/#website"},"primaryImageOfPage":{"@id":"https:\/\/duncanshelley.com\/termek\/duncan-shelley-a-felelem-ize\/#primaryimage"},"image":{"@id":"https:\/\/duncanshelley.com\/termek\/duncan-shelley-a-felelem-ize\/#primaryimage"},"thumbnailUrl":"https:\/\/duncanshelley.com\/wp-content\/uploads\/paktum-1-a-felelem-ize.jpg","datePublished":"2019-10-04T23:57:22+00:00","dateModified":"2026-04-04T16:24:24+00:00","description":"A f\u00e9lelem \u00edze k\u00f6tetben egy g\u00e1tl\u00e1stalan, f\u00f6ld\u00f6nk\u00edv\u00fcli v\u00e1llalkoz\u00f3 k\u00fcl\u00f6n\u00f6s aj\u00e1nlattal keres fel n\u00e9h\u00e1ny nagyhatalm\u00fa embert, amire igent mondanak.","breadcrumb":{"@id":"https:\/\/duncanshelley.com\/termek\/duncan-shelley-a-felelem-ize\/#breadcrumb"},"inLanguage":"en-US","potentialAction":[{"@type":"ReadAction","target":["https:\/\/duncanshelley.com\/termek\/duncan-shelley-a-felelem-ize\/"]}]},{"@type":"ImageObject","inLanguage":"en-US","@id":"https:\/\/duncanshelley.com\/termek\/duncan-shelley-a-felelem-ize\/#primaryimage","url":"https:\/\/duncanshelley.com\/wp-content\/uploads\/paktum-1-a-felelem-ize.jpg","contentUrl":"https:\/\/duncanshelley.com\/wp-content\/uploads\/paktum-1-a-felelem-ize.jpg","width":300,"height":475,"caption":"paktum-1-a-felelem-ize"},{"@type":"BreadcrumbList","@id":"https:\/\/duncanshelley.com\/termek\/duncan-shelley-a-felelem-ize\/#breadcrumb","itemListElement":[{"@type":"ListItem","position":1,"name":"Kezd\u0151lap","item":"https:\/\/duncanshelley.com\/"},{"@type":"ListItem","position":2,"name":"Webshop","item":"https:\/\/duncanshelley.com\/webshop\/"},{"@type":"ListItem","position":3,"name":"Duncan Shelley: A f\u00e9lelem \u00edze (Paktum I.)"}]},{"@type":"WebSite","@id":"https:\/\/duncanshelley.com\/#website","url":"https:\/\/duncanshelley.com\/","name":"Duncan Shelley K\u00f6nyvesbolt","description":"","potentialAction":[{"@type":"SearchAction","target":{"@type":"EntryPoint","urlTemplate":"https:\/\/duncanshelley.com\/?s={search_term_string}"},"query-input":{"@type":"PropertyValueSpecification","valueRequired":true,"valueName":"search_term_string"}}],"inLanguage":"en-US"}]}},"_links":{"self":[{"href":"https:\/\/duncanshelley.com\/en\/wp-json\/wp\/v2\/product\/50","targetHints":{"allow":["GET"]}}],"collection":[{"href":"https:\/\/duncanshelley.com\/en\/wp-json\/wp\/v2\/product"}],"about":[{"href":"https:\/\/duncanshelley.com\/en\/wp-json\/wp\/v2\/types\/product"}],"replies":[{"embeddable":true,"href":"https:\/\/duncanshelley.com\/en\/wp-json\/wp\/v2\/comments?post=50"}],"wp:featuredmedia":[{"embeddable":true,"href":"https:\/\/duncanshelley.com\/en\/wp-json\/wp\/v2\/media\/8822"}],"wp:attachment":[{"href":"https:\/\/duncanshelley.com\/en\/wp-json\/wp\/v2\/media?parent=50"}],"wp:term":[{"taxonomy":"product_brand","embeddable":true,"href":"https:\/\/duncanshelley.com\/en\/wp-json\/wp\/v2\/product_brand?post=50"},{"taxonomy":"product_cat","embeddable":true,"href":"https:\/\/duncanshelley.com\/en\/wp-json\/wp\/v2\/product_cat?post=50"},{"taxonomy":"product_tag","embeddable":true,"href":"https:\/\/duncanshelley.com\/en\/wp-json\/wp\/v2\/product_tag?post=50"}],"curies":[{"name":"wp","href":"https:\/\/api.w.org\/{rel}","templated":true}]}}