{"id":28452,"date":"2026-02-16T12:01:43","date_gmt":"2026-02-16T11:01:43","guid":{"rendered":"https:\/\/duncanshelley.com\/?post_type=product&#038;p=28452"},"modified":"2026-02-16T12:04:50","modified_gmt":"2026-02-16T11:04:50","slug":"duncan-shelley-halandosag-ebook","status":"publish","type":"product","link":"https:\/\/duncanshelley.com\/en\/product\/duncan-shelley-halandosag-ebook\/","title":{"rendered":"Duncan Shelley: Haland\u00f3s\u00e1g (eBook)"},"content":{"rendered":"","protected":false},"excerpt":{"rendered":"<p>Az embernek az\u00f3ta van konfliktusa a hal\u00e1llal, ami\u00f3ta felfogja annak l\u00e9t\u00e9t.<\/p>\n<p>A t\u00f6rt\u00e9nelem els\u0151 vall\u00e1sa egy hal\u00e1lkultusz, amit az elme \u00f6nv\u00e9delmi mechanizmusa hozott l\u00e9tre. Ez a hal\u00e1lkultusz az\u00f3ta is l\u00e9tezik, r\u00e9sze a szem\u00e9lyis\u00e9g\u00fcnknek, \u00e9s \u00e1titatja azt a kult\u00far\u00e1t, melyet az \u00e9vezredek sor\u00e1n fel\u00e9p\u00edtett\u00fcnk.<\/p>\n<p>A hal\u00e1l fenyeget\u00e9se el\u0151l a k\u00e9pzelet\u00fcnkbe menek\u00fcl\u00fcnk. Szeretn\u00e9nk valamiben hinni, de igaz\u00e1b\u00f3l nem tudunk.<\/p>\n<p>A transzhumanizmus abban a pillanatban bukott el, amelyben elkezd\u0151d\u00f6tt. Egyetlen v\u00edvm\u00e1nya egy vall\u00e1s, a technooptimizmus, melynek istene az AI, megv\u00e1lt\u00e1sa a technol\u00f3giai szingularit\u00e1s, mennyorsz\u00e1ga pedig a szingularit\u00e1s ut\u00e1ni j\u00f6v\u0151, melyben az ember halhatatlan \u00e9s megh\u00f3d\u00edtja a csillagokat.<\/p>\n<p>A haland\u00f3s\u00e1g k\u00edm\u00e9letlen szor\u00edt\u00e1sa azt eredm\u00e9nyezi, hogy az ember gyakorlatilag k\u00e9ptelen racion\u00e1lisan gondolkodni a hal\u00e1lr\u00f3l.<\/p>\n<p>A <em>Haland\u00f3s\u00e1g: az \u00e9rtelem els\u0151 nagy kih\u00edv\u00e1sa<\/em> megmutatja, milyennek l\u00e1tni a hal\u00e1lt az elme \u00f6nv\u00e9delmi mechanizmus\u00e1n t\u00falr\u00f3l megfigyelve, \u00e9s milyen \u00faton lehet es\u00e9ly\u00fcnk felt\u00f6rni a haland\u00f3s\u00e1got, \u00e9s kil\u00e9pni az \u00e1rny\u00e9kvil\u00e1gb\u00f3l a f\u00e9nyre.<\/p>","protected":false},"featured_media":28455,"comment_status":"closed","ping_status":"closed","template":"","meta":{"_acf_changed":false,"_genesis_hide_title":false,"_genesis_hide_breadcrumbs":false,"_genesis_hide_singular_image":false,"_genesis_hide_footer_widgets":false,"_genesis_custom_body_class":"","_genesis_custom_post_class":"","_genesis_layout":""},"product_brand":[],"product_cat":[171,27],"product_tag":[],"class_list":{"0":"post-28452","1":"product","2":"type-product","3":"status-publish","4":"has-post-thumbnail","6":"product_cat-ebook-magyar","7":"product_cat-konteo-konyvek","8":"entry","10":"first","11":"instock","12":"downloadable","13":"virtual","14":"taxable","15":"purchasable","16":"product-type-simple"},"acf":[],"yoast_head":"<!-- This site is optimized with the Yoast SEO Premium plugin v27.4 (Yoast SEO v27.4) - https:\/\/yoast.com\/product\/yoast-seo-premium-wordpress\/ -->\n<title>Duncan Shelley: Haland\u00f3s\u00e1g (eBook) - Duncan Shelley K\u00f6nyvesbolt<\/title>\n<meta name=\"robots\" content=\"index, follow, max-snippet:-1, max-image-preview:large, max-video-preview:-1\" \/>\n<link rel=\"canonical\" href=\"https:\/\/duncanshelley.com\/en\/product\/duncan-shelley-halandosag-ebook\/\" \/>\n<meta property=\"og:locale\" content=\"en_US\" \/>\n<meta property=\"og:type\" content=\"article\" \/>\n<meta property=\"og:title\" content=\"Duncan Shelley: Haland\u00f3s\u00e1g (eBook)\" \/>\n<meta property=\"og:description\" content=\"Az embernek az\u00f3ta van konfliktusa a hal\u00e1llal, ami\u00f3ta felfogja annak l\u00e9t\u00e9t.  A t\u00f6rt\u00e9nelem els\u0151 vall\u00e1sa egy hal\u00e1lkultusz, amit az elme \u00f6nv\u00e9delmi mechanizmusa hozott l\u00e9tre. Ez a hal\u00e1lkultusz az\u00f3ta is l\u00e9tezik, r\u00e9sze a szem\u00e9lyis\u00e9g\u00fcnknek, \u00e9s \u00e1titatja azt a kult\u00far\u00e1t, melyet az \u00e9vezredek sor\u00e1n fel\u00e9p\u00edtett\u00fcnk.  A hal\u00e1l fenyeget\u00e9se el\u0151l a k\u00e9pzelet\u00fcnkbe menek\u00fcl\u00fcnk. Szeretn\u00e9nk valamiben hinni, de igaz\u00e1b\u00f3l nem tudunk.  A transzhumanizmus abban a pillanatban bukott el, amelyben elkezd\u0151d\u00f6tt. Egyetlen v\u00edvm\u00e1nya egy vall\u00e1s, a technooptimizmus, melynek istene az AI, megv\u00e1lt\u00e1sa a technol\u00f3giai szingularit\u00e1s, mennyorsz\u00e1ga pedig a szingularit\u00e1s ut\u00e1ni j\u00f6v\u0151, melyben az ember halhatatlan \u00e9s megh\u00f3d\u00edtja a csillagokat.  A haland\u00f3s\u00e1g k\u00edm\u00e9letlen szor\u00edt\u00e1sa azt eredm\u00e9nyezi, hogy az ember gyakorlatilag k\u00e9ptelen racion\u00e1lisan gondolkodni a hal\u00e1lr\u00f3l.  A Haland\u00f3s\u00e1g: az \u00e9rtelem els\u0151 nagy kih\u00edv\u00e1sa megmutatja, milyennek l\u00e1tni a hal\u00e1lt az elme \u00f6nv\u00e9delmi mechanizmus\u00e1n t\u00falr\u00f3l megfigyelve, \u00e9s milyen \u00faton lehet es\u00e9ly\u00fcnk felt\u00f6rni a haland\u00f3s\u00e1got, \u00e9s kil\u00e9pni az \u00e1rny\u00e9kvil\u00e1gb\u00f3l a f\u00e9nyre.\" \/>\n<meta property=\"og:url\" content=\"https:\/\/duncanshelley.com\/en\/product\/duncan-shelley-halandosag-ebook\/\" \/>\n<meta property=\"og:site_name\" content=\"Duncan Shelley K\u00f6nyvesbolt\" \/>\n<meta property=\"article:modified_time\" content=\"2026-02-16T11:04:50+00:00\" \/>\n<meta property=\"og:image\" content=\"https:\/\/duncanshelley.com\/wp-content\/uploads\/duncan-shelley-halandosag-1.jpg\" \/>\n\t<meta property=\"og:image:width\" content=\"600\" \/>\n\t<meta property=\"og:image:height\" content=\"950\" \/>\n\t<meta property=\"og:image:type\" content=\"image\/jpeg\" \/>\n<meta name=\"twitter:label1\" content=\"Est. reading time\" \/>\n\t<meta name=\"twitter:data1\" content=\"1 minute\" \/>\n<script type=\"application\/ld+json\" class=\"yoast-schema-graph\">{\"@context\":\"https:\\\/\\\/schema.org\",\"@graph\":[{\"@type\":\"WebPage\",\"@id\":\"https:\\\/\\\/duncanshelley.com\\\/termek\\\/duncan-shelley-halandosag-ebook\\\/\",\"url\":\"https:\\\/\\\/duncanshelley.com\\\/termek\\\/duncan-shelley-halandosag-ebook\\\/\",\"name\":\"Duncan Shelley: Haland\u00f3s\u00e1g (eBook) - Duncan Shelley K\u00f6nyvesbolt\",\"isPartOf\":{\"@id\":\"https:\\\/\\\/duncanshelley.com\\\/#website\"},\"primaryImageOfPage\":{\"@id\":\"https:\\\/\\\/duncanshelley.com\\\/termek\\\/duncan-shelley-halandosag-ebook\\\/#primaryimage\"},\"image\":{\"@id\":\"https:\\\/\\\/duncanshelley.com\\\/termek\\\/duncan-shelley-halandosag-ebook\\\/#primaryimage\"},\"thumbnailUrl\":\"https:\\\/\\\/duncanshelley.com\\\/wp-content\\\/uploads\\\/duncan-shelley-halandosag-1.jpg\",\"datePublished\":\"2026-02-16T11:01:43+00:00\",\"dateModified\":\"2026-02-16T11:04:50+00:00\",\"breadcrumb\":{\"@id\":\"https:\\\/\\\/duncanshelley.com\\\/termek\\\/duncan-shelley-halandosag-ebook\\\/#breadcrumb\"},\"inLanguage\":\"en-US\",\"potentialAction\":[{\"@type\":\"ReadAction\",\"target\":[\"https:\\\/\\\/duncanshelley.com\\\/termek\\\/duncan-shelley-halandosag-ebook\\\/\"]}]},{\"@type\":\"ImageObject\",\"inLanguage\":\"en-US\",\"@id\":\"https:\\\/\\\/duncanshelley.com\\\/termek\\\/duncan-shelley-halandosag-ebook\\\/#primaryimage\",\"url\":\"https:\\\/\\\/duncanshelley.com\\\/wp-content\\\/uploads\\\/duncan-shelley-halandosag-1.jpg\",\"contentUrl\":\"https:\\\/\\\/duncanshelley.com\\\/wp-content\\\/uploads\\\/duncan-shelley-halandosag-1.jpg\",\"width\":600,\"height\":950,\"caption\":\"Duncan Shelley Halandosag\"},{\"@type\":\"BreadcrumbList\",\"@id\":\"https:\\\/\\\/duncanshelley.com\\\/termek\\\/duncan-shelley-halandosag-ebook\\\/#breadcrumb\",\"itemListElement\":[{\"@type\":\"ListItem\",\"position\":1,\"name\":\"Kezd\u0151lap\",\"item\":\"https:\\\/\\\/duncanshelley.com\\\/\"},{\"@type\":\"ListItem\",\"position\":2,\"name\":\"Webshop\",\"item\":\"https:\\\/\\\/duncanshelley.com\\\/webshop\\\/\"},{\"@type\":\"ListItem\",\"position\":3,\"name\":\"Duncan Shelley: Haland\u00f3s\u00e1g (eBook)\"}]},{\"@type\":\"WebSite\",\"@id\":\"https:\\\/\\\/duncanshelley.com\\\/#website\",\"url\":\"https:\\\/\\\/duncanshelley.com\\\/\",\"name\":\"Duncan Shelley K\u00f6nyvesbolt\",\"description\":\"\",\"potentialAction\":[{\"@type\":\"SearchAction\",\"target\":{\"@type\":\"EntryPoint\",\"urlTemplate\":\"https:\\\/\\\/duncanshelley.com\\\/?s={search_term_string}\"},\"query-input\":{\"@type\":\"PropertyValueSpecification\",\"valueRequired\":true,\"valueName\":\"search_term_string\"}}],\"inLanguage\":\"en-US\"}]}<\/script>\n<!-- \/ Yoast SEO Premium plugin. -->","yoast_head_json":{"title":"Duncan Shelley: Haland\u00f3s\u00e1g (eBook) - Duncan Shelley K\u00f6nyvesbolt","robots":{"index":"index","follow":"follow","max-snippet":"max-snippet:-1","max-image-preview":"max-image-preview:large","max-video-preview":"max-video-preview:-1"},"canonical":"https:\/\/duncanshelley.com\/en\/product\/duncan-shelley-halandosag-ebook\/","og_locale":"en_US","og_type":"article","og_title":"Duncan Shelley: Haland\u00f3s\u00e1g (eBook)","og_description":"Az embernek az\u00f3ta van konfliktusa a hal\u00e1llal, ami\u00f3ta felfogja annak l\u00e9t\u00e9t.  A t\u00f6rt\u00e9nelem els\u0151 vall\u00e1sa egy hal\u00e1lkultusz, amit az elme \u00f6nv\u00e9delmi mechanizmusa hozott l\u00e9tre. Ez a hal\u00e1lkultusz az\u00f3ta is l\u00e9tezik, r\u00e9sze a szem\u00e9lyis\u00e9g\u00fcnknek, \u00e9s \u00e1titatja azt a kult\u00far\u00e1t, melyet az \u00e9vezredek sor\u00e1n fel\u00e9p\u00edtett\u00fcnk.  A hal\u00e1l fenyeget\u00e9se el\u0151l a k\u00e9pzelet\u00fcnkbe menek\u00fcl\u00fcnk. Szeretn\u00e9nk valamiben hinni, de igaz\u00e1b\u00f3l nem tudunk.  A transzhumanizmus abban a pillanatban bukott el, amelyben elkezd\u0151d\u00f6tt. Egyetlen v\u00edvm\u00e1nya egy vall\u00e1s, a technooptimizmus, melynek istene az AI, megv\u00e1lt\u00e1sa a technol\u00f3giai szingularit\u00e1s, mennyorsz\u00e1ga pedig a szingularit\u00e1s ut\u00e1ni j\u00f6v\u0151, melyben az ember halhatatlan \u00e9s megh\u00f3d\u00edtja a csillagokat.  A haland\u00f3s\u00e1g k\u00edm\u00e9letlen szor\u00edt\u00e1sa azt eredm\u00e9nyezi, hogy az ember gyakorlatilag k\u00e9ptelen racion\u00e1lisan gondolkodni a hal\u00e1lr\u00f3l.  A Haland\u00f3s\u00e1g: az \u00e9rtelem els\u0151 nagy kih\u00edv\u00e1sa megmutatja, milyennek l\u00e1tni a hal\u00e1lt az elme \u00f6nv\u00e9delmi mechanizmus\u00e1n t\u00falr\u00f3l megfigyelve, \u00e9s milyen \u00faton lehet es\u00e9ly\u00fcnk felt\u00f6rni a haland\u00f3s\u00e1got, \u00e9s kil\u00e9pni az \u00e1rny\u00e9kvil\u00e1gb\u00f3l a f\u00e9nyre.","og_url":"https:\/\/duncanshelley.com\/en\/product\/duncan-shelley-halandosag-ebook\/","og_site_name":"Duncan Shelley K\u00f6nyvesbolt","article_modified_time":"2026-02-16T11:04:50+00:00","og_image":[{"width":600,"height":950,"url":"https:\/\/duncanshelley.com\/wp-content\/uploads\/duncan-shelley-halandosag-1.jpg","type":"image\/jpeg"}],"twitter_misc":{"Est. reading time":"1 minute"},"schema":{"@context":"https:\/\/schema.org","@graph":[{"@type":"WebPage","@id":"https:\/\/duncanshelley.com\/termek\/duncan-shelley-halandosag-ebook\/","url":"https:\/\/duncanshelley.com\/termek\/duncan-shelley-halandosag-ebook\/","name":"Duncan Shelley: Haland\u00f3s\u00e1g (eBook) - Duncan Shelley K\u00f6nyvesbolt","isPartOf":{"@id":"https:\/\/duncanshelley.com\/#website"},"primaryImageOfPage":{"@id":"https:\/\/duncanshelley.com\/termek\/duncan-shelley-halandosag-ebook\/#primaryimage"},"image":{"@id":"https:\/\/duncanshelley.com\/termek\/duncan-shelley-halandosag-ebook\/#primaryimage"},"thumbnailUrl":"https:\/\/duncanshelley.com\/wp-content\/uploads\/duncan-shelley-halandosag-1.jpg","datePublished":"2026-02-16T11:01:43+00:00","dateModified":"2026-02-16T11:04:50+00:00","breadcrumb":{"@id":"https:\/\/duncanshelley.com\/termek\/duncan-shelley-halandosag-ebook\/#breadcrumb"},"inLanguage":"en-US","potentialAction":[{"@type":"ReadAction","target":["https:\/\/duncanshelley.com\/termek\/duncan-shelley-halandosag-ebook\/"]}]},{"@type":"ImageObject","inLanguage":"en-US","@id":"https:\/\/duncanshelley.com\/termek\/duncan-shelley-halandosag-ebook\/#primaryimage","url":"https:\/\/duncanshelley.com\/wp-content\/uploads\/duncan-shelley-halandosag-1.jpg","contentUrl":"https:\/\/duncanshelley.com\/wp-content\/uploads\/duncan-shelley-halandosag-1.jpg","width":600,"height":950,"caption":"Duncan Shelley Halandosag"},{"@type":"BreadcrumbList","@id":"https:\/\/duncanshelley.com\/termek\/duncan-shelley-halandosag-ebook\/#breadcrumb","itemListElement":[{"@type":"ListItem","position":1,"name":"Kezd\u0151lap","item":"https:\/\/duncanshelley.com\/"},{"@type":"ListItem","position":2,"name":"Webshop","item":"https:\/\/duncanshelley.com\/webshop\/"},{"@type":"ListItem","position":3,"name":"Duncan Shelley: Haland\u00f3s\u00e1g (eBook)"}]},{"@type":"WebSite","@id":"https:\/\/duncanshelley.com\/#website","url":"https:\/\/duncanshelley.com\/","name":"Duncan Shelley K\u00f6nyvesbolt","description":"","potentialAction":[{"@type":"SearchAction","target":{"@type":"EntryPoint","urlTemplate":"https:\/\/duncanshelley.com\/?s={search_term_string}"},"query-input":{"@type":"PropertyValueSpecification","valueRequired":true,"valueName":"search_term_string"}}],"inLanguage":"en-US"}]}},"_links":{"self":[{"href":"https:\/\/duncanshelley.com\/en\/wp-json\/wp\/v2\/product\/28452","targetHints":{"allow":["GET"]}}],"collection":[{"href":"https:\/\/duncanshelley.com\/en\/wp-json\/wp\/v2\/product"}],"about":[{"href":"https:\/\/duncanshelley.com\/en\/wp-json\/wp\/v2\/types\/product"}],"replies":[{"embeddable":true,"href":"https:\/\/duncanshelley.com\/en\/wp-json\/wp\/v2\/comments?post=28452"}],"wp:featuredmedia":[{"embeddable":true,"href":"https:\/\/duncanshelley.com\/en\/wp-json\/wp\/v2\/media\/28455"}],"wp:attachment":[{"href":"https:\/\/duncanshelley.com\/en\/wp-json\/wp\/v2\/media?parent=28452"}],"wp:term":[{"taxonomy":"product_brand","embeddable":true,"href":"https:\/\/duncanshelley.com\/en\/wp-json\/wp\/v2\/product_brand?post=28452"},{"taxonomy":"product_cat","embeddable":true,"href":"https:\/\/duncanshelley.com\/en\/wp-json\/wp\/v2\/product_cat?post=28452"},{"taxonomy":"product_tag","embeddable":true,"href":"https:\/\/duncanshelley.com\/en\/wp-json\/wp\/v2\/product_tag?post=28452"}],"curies":[{"name":"wp","href":"https:\/\/api.w.org\/{rel}","templated":true}]}}