{"id":27989,"date":"2025-12-07T07:53:48","date_gmt":"2025-12-07T06:53:48","guid":{"rendered":"https:\/\/duncanshelley.com\/?post_type=product&#038;p=27989"},"modified":"2025-12-07T07:55:01","modified_gmt":"2025-12-07T06:55:01","slug":"duncan-shelley-a-pokol-kezikonyve-2-ebook","status":"publish","type":"product","link":"https:\/\/duncanshelley.com\/en\/product\/duncan-shelley-a-pokol-kezikonyve-2-ebook\/","title":{"rendered":"Duncan Shelley &#8211; A pokol k\u00e9zik\u00f6nyve II. (eBook)"},"content":{"rendered":"","protected":false},"excerpt":{"rendered":"<div>\n<p>Vajon lesz h\u00e1bor\u00fa Magyarorsz\u00e1gon? Vajon lesz olyan h\u00e1bor\u00fa, ami l\u00e1ngba bor\u00edtja Eur\u00f3p\u00e1t? Mit akar Oroszorsz\u00e1g Ukrajn\u00e1ban val\u00f3j\u00e1ban? Lehets\u00e9ges polg\u00e1rh\u00e1bor\u00fa vagy puccs Magyarorsz\u00e1gon? Lesz kiber-vil\u00e1gh\u00e1bor\u00fa?<\/p>\n<p>Hogyan \u00e9ld t\u00fal a h\u00e1bor\u00fa k\u00f6zvetlen hat\u00e1sait, \u00e9s hogyan \u00e9ld t\u00fal a m\u00e1shol v\u00edvott h\u00e1bor\u00fak Magyarorsz\u00e1gra begy\u0171r\u0171z\u0151 hat\u00e1sait?<\/p>\n<p>A k\u00f6nyv ilyen \u00e9s ehhez hasonl\u00f3 k\u00e9rd\u00e9sekre keresi a v\u00e1laszt, egyedi, ritk\u00e1n haszn\u00e1lt n\u00e9z\u0151pontokb\u00f3l, politikai elk\u00f6telez\u0151d\u00e9sen \u00e9s narrat\u00edv\u00e1kon t\u00falr\u00f3l.<\/p>\n<\/div>","protected":false},"featured_media":27706,"comment_status":"closed","ping_status":"closed","template":"","meta":{"_acf_changed":false,"_genesis_hide_title":false,"_genesis_hide_breadcrumbs":false,"_genesis_hide_singular_image":false,"_genesis_hide_footer_widgets":false,"_genesis_custom_body_class":"","_genesis_custom_post_class":"","_genesis_layout":""},"product_brand":[],"product_cat":[171,27],"product_tag":[],"class_list":{"0":"post-27989","1":"product","2":"type-product","3":"status-publish","4":"has-post-thumbnail","6":"product_cat-ebook-magyar","7":"product_cat-konteo-konyvek","8":"entry","10":"first","11":"instock","12":"downloadable","13":"virtual","14":"taxable","15":"purchasable","16":"product-type-simple"},"acf":[],"yoast_head":"<!-- This site is optimized with the Yoast SEO Premium plugin v27.4 (Yoast SEO v27.4) - https:\/\/yoast.com\/product\/yoast-seo-premium-wordpress\/ -->\n<title>Duncan Shelley - A pokol k\u00e9zik\u00f6nyve II. (eBook) - Duncan Shelley K\u00f6nyvesbolt<\/title>\n<meta name=\"robots\" content=\"index, follow, max-snippet:-1, max-image-preview:large, max-video-preview:-1\" \/>\n<link rel=\"canonical\" href=\"https:\/\/duncanshelley.com\/en\/product\/duncan-shelley-a-pokol-kezikonyve-2-ebook\/\" \/>\n<meta property=\"og:locale\" content=\"en_US\" \/>\n<meta property=\"og:type\" content=\"article\" \/>\n<meta property=\"og:title\" content=\"Duncan Shelley - A pokol k\u00e9zik\u00f6nyve II. (eBook)\" \/>\n<meta property=\"og:description\" content=\"Vajon lesz h\u00e1bor\u00fa Magyarorsz\u00e1gon? Vajon lesz olyan h\u00e1bor\u00fa, ami l\u00e1ngba bor\u00edtja Eur\u00f3p\u00e1t? Mit akar Oroszorsz\u00e1g Ukrajn\u00e1ban val\u00f3j\u00e1ban? Lehets\u00e9ges polg\u00e1rh\u00e1bor\u00fa vagy puccs Magyarorsz\u00e1gon? Lesz kiber-vil\u00e1gh\u00e1bor\u00fa?  Hogyan \u00e9ld t\u00fal a h\u00e1bor\u00fa k\u00f6zvetlen hat\u00e1sait, \u00e9s hogyan \u00e9ld t\u00fal a m\u00e1shol v\u00edvott h\u00e1bor\u00fak Magyarorsz\u00e1gra begy\u0171r\u0171z\u0151 hat\u00e1sait?  A k\u00f6nyv ilyen \u00e9s ehhez hasonl\u00f3 k\u00e9rd\u00e9sekre keresi a v\u00e1laszt, egyedi, ritk\u00e1n haszn\u00e1lt n\u00e9z\u0151pontokb\u00f3l, politikai elk\u00f6telez\u0151d\u00e9sen \u00e9s narrat\u00edv\u00e1kon t\u00falr\u00f3l.\" \/>\n<meta property=\"og:url\" content=\"https:\/\/duncanshelley.com\/en\/product\/duncan-shelley-a-pokol-kezikonyve-2-ebook\/\" \/>\n<meta property=\"og:site_name\" content=\"Duncan Shelley K\u00f6nyvesbolt\" \/>\n<meta property=\"article:modified_time\" content=\"2025-12-07T06:55:01+00:00\" \/>\n<meta property=\"og:image\" content=\"https:\/\/duncanshelley.com\/wp-content\/uploads\/Duncan-Shelley-Pokol-2.jpg\" \/>\n\t<meta property=\"og:image:width\" content=\"600\" \/>\n\t<meta property=\"og:image:height\" content=\"950\" \/>\n\t<meta property=\"og:image:type\" content=\"image\/jpeg\" \/>\n<meta name=\"twitter:label1\" content=\"Est. reading time\" \/>\n\t<meta name=\"twitter:data1\" content=\"1 minute\" \/>\n<script type=\"application\/ld+json\" class=\"yoast-schema-graph\">{\"@context\":\"https:\\\/\\\/schema.org\",\"@graph\":[{\"@type\":\"WebPage\",\"@id\":\"https:\\\/\\\/duncanshelley.com\\\/termek\\\/duncan-shelley-a-pokol-kezikonyve-2-ebook\\\/\",\"url\":\"https:\\\/\\\/duncanshelley.com\\\/termek\\\/duncan-shelley-a-pokol-kezikonyve-2-ebook\\\/\",\"name\":\"Duncan Shelley - A pokol k\u00e9zik\u00f6nyve II. (eBook) - Duncan Shelley K\u00f6nyvesbolt\",\"isPartOf\":{\"@id\":\"https:\\\/\\\/duncanshelley.com\\\/#website\"},\"primaryImageOfPage\":{\"@id\":\"https:\\\/\\\/duncanshelley.com\\\/termek\\\/duncan-shelley-a-pokol-kezikonyve-2-ebook\\\/#primaryimage\"},\"image\":{\"@id\":\"https:\\\/\\\/duncanshelley.com\\\/termek\\\/duncan-shelley-a-pokol-kezikonyve-2-ebook\\\/#primaryimage\"},\"thumbnailUrl\":\"https:\\\/\\\/duncanshelley.com\\\/wp-content\\\/uploads\\\/Duncan-Shelley-Pokol-2.jpg\",\"datePublished\":\"2025-12-07T06:53:48+00:00\",\"dateModified\":\"2025-12-07T06:55:01+00:00\",\"breadcrumb\":{\"@id\":\"https:\\\/\\\/duncanshelley.com\\\/termek\\\/duncan-shelley-a-pokol-kezikonyve-2-ebook\\\/#breadcrumb\"},\"inLanguage\":\"en-US\",\"potentialAction\":[{\"@type\":\"ReadAction\",\"target\":[\"https:\\\/\\\/duncanshelley.com\\\/termek\\\/duncan-shelley-a-pokol-kezikonyve-2-ebook\\\/\"]}]},{\"@type\":\"ImageObject\",\"inLanguage\":\"en-US\",\"@id\":\"https:\\\/\\\/duncanshelley.com\\\/termek\\\/duncan-shelley-a-pokol-kezikonyve-2-ebook\\\/#primaryimage\",\"url\":\"https:\\\/\\\/duncanshelley.com\\\/wp-content\\\/uploads\\\/Duncan-Shelley-Pokol-2.jpg\",\"contentUrl\":\"https:\\\/\\\/duncanshelley.com\\\/wp-content\\\/uploads\\\/Duncan-Shelley-Pokol-2.jpg\",\"width\":600,\"height\":950,\"caption\":\"Duncan Shelley Pokol 2\"},{\"@type\":\"BreadcrumbList\",\"@id\":\"https:\\\/\\\/duncanshelley.com\\\/termek\\\/duncan-shelley-a-pokol-kezikonyve-2-ebook\\\/#breadcrumb\",\"itemListElement\":[{\"@type\":\"ListItem\",\"position\":1,\"name\":\"Kezd\u0151lap\",\"item\":\"https:\\\/\\\/duncanshelley.com\\\/\"},{\"@type\":\"ListItem\",\"position\":2,\"name\":\"Webshop\",\"item\":\"https:\\\/\\\/duncanshelley.com\\\/webshop\\\/\"},{\"@type\":\"ListItem\",\"position\":3,\"name\":\"Duncan Shelley &#8211; A pokol k\u00e9zik\u00f6nyve II. (eBook)\"}]},{\"@type\":\"WebSite\",\"@id\":\"https:\\\/\\\/duncanshelley.com\\\/#website\",\"url\":\"https:\\\/\\\/duncanshelley.com\\\/\",\"name\":\"Duncan Shelley K\u00f6nyvesbolt\",\"description\":\"\",\"potentialAction\":[{\"@type\":\"SearchAction\",\"target\":{\"@type\":\"EntryPoint\",\"urlTemplate\":\"https:\\\/\\\/duncanshelley.com\\\/?s={search_term_string}\"},\"query-input\":{\"@type\":\"PropertyValueSpecification\",\"valueRequired\":true,\"valueName\":\"search_term_string\"}}],\"inLanguage\":\"en-US\"}]}<\/script>\n<!-- \/ Yoast SEO Premium plugin. -->","yoast_head_json":{"title":"Duncan Shelley - A pokol k\u00e9zik\u00f6nyve II. (eBook) - Duncan Shelley K\u00f6nyvesbolt","robots":{"index":"index","follow":"follow","max-snippet":"max-snippet:-1","max-image-preview":"max-image-preview:large","max-video-preview":"max-video-preview:-1"},"canonical":"https:\/\/duncanshelley.com\/en\/product\/duncan-shelley-a-pokol-kezikonyve-2-ebook\/","og_locale":"en_US","og_type":"article","og_title":"Duncan Shelley - A pokol k\u00e9zik\u00f6nyve II. (eBook)","og_description":"Vajon lesz h\u00e1bor\u00fa Magyarorsz\u00e1gon? Vajon lesz olyan h\u00e1bor\u00fa, ami l\u00e1ngba bor\u00edtja Eur\u00f3p\u00e1t? Mit akar Oroszorsz\u00e1g Ukrajn\u00e1ban val\u00f3j\u00e1ban? Lehets\u00e9ges polg\u00e1rh\u00e1bor\u00fa vagy puccs Magyarorsz\u00e1gon? Lesz kiber-vil\u00e1gh\u00e1bor\u00fa?  Hogyan \u00e9ld t\u00fal a h\u00e1bor\u00fa k\u00f6zvetlen hat\u00e1sait, \u00e9s hogyan \u00e9ld t\u00fal a m\u00e1shol v\u00edvott h\u00e1bor\u00fak Magyarorsz\u00e1gra begy\u0171r\u0171z\u0151 hat\u00e1sait?  A k\u00f6nyv ilyen \u00e9s ehhez hasonl\u00f3 k\u00e9rd\u00e9sekre keresi a v\u00e1laszt, egyedi, ritk\u00e1n haszn\u00e1lt n\u00e9z\u0151pontokb\u00f3l, politikai elk\u00f6telez\u0151d\u00e9sen \u00e9s narrat\u00edv\u00e1kon t\u00falr\u00f3l.","og_url":"https:\/\/duncanshelley.com\/en\/product\/duncan-shelley-a-pokol-kezikonyve-2-ebook\/","og_site_name":"Duncan Shelley K\u00f6nyvesbolt","article_modified_time":"2025-12-07T06:55:01+00:00","og_image":[{"width":600,"height":950,"url":"https:\/\/duncanshelley.com\/wp-content\/uploads\/Duncan-Shelley-Pokol-2.jpg","type":"image\/jpeg"}],"twitter_misc":{"Est. reading time":"1 minute"},"schema":{"@context":"https:\/\/schema.org","@graph":[{"@type":"WebPage","@id":"https:\/\/duncanshelley.com\/termek\/duncan-shelley-a-pokol-kezikonyve-2-ebook\/","url":"https:\/\/duncanshelley.com\/termek\/duncan-shelley-a-pokol-kezikonyve-2-ebook\/","name":"Duncan Shelley - A pokol k\u00e9zik\u00f6nyve II. (eBook) - Duncan Shelley K\u00f6nyvesbolt","isPartOf":{"@id":"https:\/\/duncanshelley.com\/#website"},"primaryImageOfPage":{"@id":"https:\/\/duncanshelley.com\/termek\/duncan-shelley-a-pokol-kezikonyve-2-ebook\/#primaryimage"},"image":{"@id":"https:\/\/duncanshelley.com\/termek\/duncan-shelley-a-pokol-kezikonyve-2-ebook\/#primaryimage"},"thumbnailUrl":"https:\/\/duncanshelley.com\/wp-content\/uploads\/Duncan-Shelley-Pokol-2.jpg","datePublished":"2025-12-07T06:53:48+00:00","dateModified":"2025-12-07T06:55:01+00:00","breadcrumb":{"@id":"https:\/\/duncanshelley.com\/termek\/duncan-shelley-a-pokol-kezikonyve-2-ebook\/#breadcrumb"},"inLanguage":"en-US","potentialAction":[{"@type":"ReadAction","target":["https:\/\/duncanshelley.com\/termek\/duncan-shelley-a-pokol-kezikonyve-2-ebook\/"]}]},{"@type":"ImageObject","inLanguage":"en-US","@id":"https:\/\/duncanshelley.com\/termek\/duncan-shelley-a-pokol-kezikonyve-2-ebook\/#primaryimage","url":"https:\/\/duncanshelley.com\/wp-content\/uploads\/Duncan-Shelley-Pokol-2.jpg","contentUrl":"https:\/\/duncanshelley.com\/wp-content\/uploads\/Duncan-Shelley-Pokol-2.jpg","width":600,"height":950,"caption":"Duncan Shelley Pokol 2"},{"@type":"BreadcrumbList","@id":"https:\/\/duncanshelley.com\/termek\/duncan-shelley-a-pokol-kezikonyve-2-ebook\/#breadcrumb","itemListElement":[{"@type":"ListItem","position":1,"name":"Kezd\u0151lap","item":"https:\/\/duncanshelley.com\/"},{"@type":"ListItem","position":2,"name":"Webshop","item":"https:\/\/duncanshelley.com\/webshop\/"},{"@type":"ListItem","position":3,"name":"Duncan Shelley &#8211; A pokol k\u00e9zik\u00f6nyve II. (eBook)"}]},{"@type":"WebSite","@id":"https:\/\/duncanshelley.com\/#website","url":"https:\/\/duncanshelley.com\/","name":"Duncan Shelley K\u00f6nyvesbolt","description":"","potentialAction":[{"@type":"SearchAction","target":{"@type":"EntryPoint","urlTemplate":"https:\/\/duncanshelley.com\/?s={search_term_string}"},"query-input":{"@type":"PropertyValueSpecification","valueRequired":true,"valueName":"search_term_string"}}],"inLanguage":"en-US"}]}},"_links":{"self":[{"href":"https:\/\/duncanshelley.com\/en\/wp-json\/wp\/v2\/product\/27989","targetHints":{"allow":["GET"]}}],"collection":[{"href":"https:\/\/duncanshelley.com\/en\/wp-json\/wp\/v2\/product"}],"about":[{"href":"https:\/\/duncanshelley.com\/en\/wp-json\/wp\/v2\/types\/product"}],"replies":[{"embeddable":true,"href":"https:\/\/duncanshelley.com\/en\/wp-json\/wp\/v2\/comments?post=27989"}],"wp:featuredmedia":[{"embeddable":true,"href":"https:\/\/duncanshelley.com\/en\/wp-json\/wp\/v2\/media\/27706"}],"wp:attachment":[{"href":"https:\/\/duncanshelley.com\/en\/wp-json\/wp\/v2\/media?parent=27989"}],"wp:term":[{"taxonomy":"product_brand","embeddable":true,"href":"https:\/\/duncanshelley.com\/en\/wp-json\/wp\/v2\/product_brand?post=27989"},{"taxonomy":"product_cat","embeddable":true,"href":"https:\/\/duncanshelley.com\/en\/wp-json\/wp\/v2\/product_cat?post=27989"},{"taxonomy":"product_tag","embeddable":true,"href":"https:\/\/duncanshelley.com\/en\/wp-json\/wp\/v2\/product_tag?post=27989"}],"curies":[{"name":"wp","href":"https:\/\/api.w.org\/{rel}","templated":true}]}}