{"id":27707,"date":"2025-11-11T21:53:40","date_gmt":"2025-11-11T20:53:40","guid":{"rendered":"https:\/\/duncanshelley.com\/?post_type=product&#038;p=27707"},"modified":"2026-04-01T20:08:00","modified_gmt":"2026-04-01T18:08:00","slug":"duncan-shelley-a-pokol-kezikonyve-i-ii","status":"publish","type":"product","link":"https:\/\/duncanshelley.com\/en\/product\/duncan-shelley-a-pokol-kezikonyve-i-ii\/","title":{"rendered":"Duncan Shelley &#8211; A pokol k\u00e9zik\u00f6nyve I-II."},"content":{"rendered":"","protected":false},"excerpt":{"rendered":"<p data-start=\"284\" data-end=\"371\"><strong data-start=\"284\" data-end=\"371\">Mi t\u00f6rt\u00e9nik, ha egyszerre omlik \u00f6ssze az a vil\u00e1g, amit eddig biztons\u00e1gosnak hitt\u00e9l?<\/strong><\/p>\n<p data-start=\"373\" data-end=\"406\">Gazdas\u00e1g.<br data-start=\"382\" data-end=\"385\" \/>Ell\u00e1t\u00e1s.<br data-start=\"393\" data-end=\"396\" \/>Biztons\u00e1g.<\/p>\n<p data-start=\"408\" data-end=\"459\">\u00c9s k\u00f6zben egy h\u00e1bor\u00fa hat\u00e1sa begy\u0171r\u0171zik az \u00e9letedbe.<\/p>\n<p data-start=\"461\" data-end=\"489\"><strong data-start=\"464\" data-end=\"489\">Te k\u00e9szen \u00e1llsz erre?<\/strong><\/p>\n<h3 data-section-id=\"1w3yuxt\" data-start=\"496\" data-end=\"529\">\ud83e\udde0 EZ A CSOMAG NEM SZ\u00d3RAKOZTAT<\/h3>\n<p data-start=\"531\" data-end=\"544\">\ud83d\udc49 felk\u00e9sz\u00edt.<\/p>\n<p data-start=\"546\" data-end=\"580\">A <em data-start=\"548\" data-end=\"572\">Pokol K\u00e9zik\u00f6nyve I\u2013II.<\/em> egy\u00fctt:<\/p>\n<p data-start=\"582\" data-end=\"635\"><strong data-start=\"585\" data-end=\"635\">teljes k\u00e9pet ad arr\u00f3l, hogyan \u00e9ld t\u00fal a k\u00e1oszt<\/strong><\/p>\n<h3 data-section-id=\"vgjdie\" data-start=\"642\" data-end=\"669\">MIT KAPSZ A CSOMAGBAN?<\/h3>\n<h3 data-section-id=\"g3bctn\" data-start=\"671\" data-end=\"703\">\ud83d\udcd5 I. r\u00e9sz \u2013 T\u00fal\u00e9l\u00e9s alapjai<\/h3>\n<ul>\n<li data-start=\"705\" data-end=\"777\">konkr\u00e9t felszerel\u00e9s<\/li>\n<li data-start=\"705\" data-end=\"777\">gyakorlati d\u00f6nt\u00e9sek<\/li>\n<li data-start=\"705\" data-end=\"777\">v\u00e9szeseti rendszerek<\/li>\n<\/ul>\n<h3 data-section-id=\"jxhco1\" data-start=\"784\" data-end=\"819\">\ud83d\udcd7 II. r\u00e9sz \u2013 H\u00e1bor\u00fas helyzetek<\/h3>\n<ul>\n<li data-start=\"821\" data-end=\"923\">hogyan hat r\u00e1d egy konfliktus<\/li>\n<li data-start=\"821\" data-end=\"923\">milyen k\u00f6vetkezm\u00e9nyek \u00e9rnek el<\/li>\n<li data-start=\"821\" data-end=\"923\">hogyan k\u00e9sz\u00fclj fel ment\u00e1lisan<\/li>\n<\/ul>\n<h3 data-section-id=\"mh2adt\" data-start=\"930\" data-end=\"956\">MI\u00c9RT ER\u0150S EZ EGY\u00dcTT<\/h3>\n<p data-start=\"958\" data-end=\"973\">\ud83d\udc49 k\u00fcl\u00f6n-k\u00fcl\u00f6n:<\/p>\n<ul data-start=\"975\" data-end=\"1050\">\n<li data-section-id=\"1ltp6zl\" data-start=\"975\" data-end=\"1010\">az egyik megmutatja, MIT tegy\u00e9l<\/li>\n<li data-section-id=\"14jkno2\" data-start=\"1011\" data-end=\"1050\">a m\u00e1sik, hogy MI\u00c9RT \u00e9s MIRE k\u00e9sz\u00fclj<\/li>\n<\/ul>\n<p data-start=\"1057\" data-end=\"1067\">egy\u00fctt:<\/p>\n<p data-start=\"1069\" data-end=\"1100\">\u27a1\ufe0f <strong data-start=\"1072\" data-end=\"1100\">strat\u00e9gia + megval\u00f3s\u00edt\u00e1s<\/strong><\/p>\n<h3 data-section-id=\"1g9j7dd\" data-start=\"1107\" data-end=\"1127\">\ud83e\udde0 A VAL\u00d3DI EL\u0150NY<\/h3>\n<p data-start=\"1129\" data-end=\"1175\">Nem az fog t\u00fal\u00e9lni, akinek t\u00f6bb eszk\u00f6ze van,<\/p>\n<p data-start=\"1177\" data-end=\"1190\">\u27a1\ufe0f hanem aki:<\/p>\n<ul>\n<li data-start=\"1192\" data-end=\"1245\">el\u0151re gondolkodik<\/li>\n<li data-start=\"1192\" data-end=\"1245\">nem p\u00e1nikol<\/li>\n<li data-start=\"1192\" data-end=\"1245\">tud d\u00f6nteni<\/li>\n<\/ul>\n<h3 data-start=\"1252\" data-end=\"1279\">VAL\u00d3S K\u00c9RD\u00c9SEKRE V\u00c1LASZOL<\/h3>\n<ul data-start=\"1319\" data-end=\"1456\">\n<li data-section-id=\"12t09nv\" data-start=\"1319\" data-end=\"1361\">Mi t\u00f6rt\u00e9nik, ha \u00f6sszeomlik az ell\u00e1t\u00e1s?<\/li>\n<li data-section-id=\"1wioanx\" data-start=\"1362\" data-end=\"1406\">Mi t\u00f6rt\u00e9nik, ha a h\u00e1bor\u00fa k\u00f6zelebb ker\u00fcl?<\/li>\n<li data-section-id=\"18c9plt\" data-start=\"1407\" data-end=\"1456\">Hogyan maradsz m\u0171k\u00f6d\u0151k\u00e9pes, amikor m\u00e1sok nem?<\/li>\n<\/ul>\n<h3 data-section-id=\"d1bifp\" data-start=\"1463\" data-end=\"1476\">\u00a0AJ\u00c1NLAT<\/h3>\n<h4 data-start=\"1478\" data-end=\"1536\">\ud83d\udc49 <strong data-start=\"1481\" data-end=\"1508\">Csomag\u00e1r (kedvezm\u00e9nyes)<\/strong><\/h4>\n<h3 data-start=\"1478\" data-end=\"1536\"><strong>10.500,-Ft<\/strong><\/h3>\n<p data-start=\"1543\" data-end=\"1581\">\ud83d\udc49 t\u00f6bb tud\u00e1s<br data-start=\"1556\" data-end=\"1559\" \/>\ud83d\udc49 kevesebb kock\u00e1zat<\/p>\n<h3 data-section-id=\"1y7l091\" data-start=\"1588\" data-end=\"1600\">\u26a0\ufe0f FONTOS<\/h3>\n<p data-start=\"1602\" data-end=\"1653\">\ud83d\udc49 ezt nem akkor kell elkezdeni, amikor m\u00e1r baj van, hanem el\u0151tte.<\/p>\n<p data-start=\"1688\" data-end=\"1771\">\ud83d\udc49 <strong data-start=\"1691\" data-end=\"1771\">Tedd kos\u00e1rba most \u2014 \u00e9s k\u00e9sz\u00fclj fel akkorra, amikor m\u00e1sok m\u00e9g csak reag\u00e1lnak.<\/strong><\/p>","protected":false},"featured_media":27708,"comment_status":"closed","ping_status":"closed","template":"","meta":{"_acf_changed":false,"_genesis_hide_title":false,"_genesis_hide_breadcrumbs":false,"_genesis_hide_singular_image":false,"_genesis_hide_footer_widgets":false,"_genesis_custom_body_class":"","_genesis_custom_post_class":"","_genesis_layout":""},"product_brand":[],"product_cat":[27],"product_tag":[],"class_list":{"0":"post-27707","1":"product","2":"type-product","3":"status-publish","4":"has-post-thumbnail","6":"product_cat-konteo-konyvek","7":"entry","9":"first","10":"instock","11":"taxable","12":"shipping-taxable","13":"purchasable","14":"product-type-simple"},"acf":[],"yoast_head":"<!-- This site is optimized with the Yoast SEO Premium plugin v27.5 (Yoast SEO v27.5) - https:\/\/yoast.com\/product\/yoast-seo-premium-wordpress\/ -->\n<title>Duncan Shelley - A pokol k\u00e9zik\u00f6nyve I-II. - Duncan Shelley K\u00f6nyvesbolt<\/title>\n<meta name=\"robots\" content=\"index, follow, max-snippet:-1, max-image-preview:large, max-video-preview:-1\" \/>\n<link rel=\"canonical\" href=\"https:\/\/duncanshelley.com\/en\/product\/duncan-shelley-a-pokol-kezikonyve-i-ii\/\" \/>\n<meta property=\"og:locale\" content=\"en_US\" \/>\n<meta property=\"og:type\" content=\"article\" \/>\n<meta property=\"og:title\" content=\"Duncan Shelley - A pokol k\u00e9zik\u00f6nyve I-II.\" \/>\n<meta property=\"og:description\" content=\"Mi t\u00f6rt\u00e9nik, ha egyszerre omlik \u00f6ssze az a vil\u00e1g, amit eddig biztons\u00e1gosnak hitt\u00e9l? Gazdas\u00e1g.Ell\u00e1t\u00e1s.Biztons\u00e1g. \u00c9s k\u00f6zben egy h\u00e1bor\u00fa hat\u00e1sa begy\u0171r\u0171zik az \u00e9letedbe. Te k\u00e9szen \u00e1llsz erre?  \ud83e\udde0 EZ A CSOMAG NEM SZ\u00d3RAKOZTAT \ud83d\udc49 felk\u00e9sz\u00edt. A Pokol K\u00e9zik\u00f6nyve I\u2013II. egy\u00fctt: teljes k\u00e9pet ad arr\u00f3l, hogyan \u00e9ld t\u00fal a k\u00e1oszt  MIT KAPSZ A CSOMAGBAN? \ud83d\udcd5 I. r\u00e9sz \u2013 T\u00fal\u00e9l\u00e9s alapjai   konkr\u00e9t felszerel\u00e9s  gyakorlati d\u00f6nt\u00e9sek  v\u00e9szeseti rendszerek  \ud83d\udcd7 II. r\u00e9sz \u2013 H\u00e1bor\u00fas helyzetek   hogyan hat r\u00e1d egy konfliktus  milyen k\u00f6vetkezm\u00e9nyek \u00e9rnek el  hogyan k\u00e9sz\u00fclj fel ment\u00e1lisan  MI\u00c9RT ER\u0150S EZ EGY\u00dcTT \ud83d\udc49 k\u00fcl\u00f6n-k\u00fcl\u00f6n:    az egyik megmutatja, MIT tegy\u00e9l  a m\u00e1sik, hogy MI\u00c9RT \u00e9s MIRE k\u00e9sz\u00fclj  egy\u00fctt: \u27a1\ufe0f strat\u00e9gia + megval\u00f3s\u00edt\u00e1s  \ud83e\udde0 A VAL\u00d3DI EL\u0150NY Nem az fog t\u00fal\u00e9lni, akinek t\u00f6bb eszk\u00f6ze van, \u27a1\ufe0f hanem aki:    el\u0151re gondolkodik  nem p\u00e1nikol  tud d\u00f6nteni  VAL\u00d3S K\u00c9RD\u00c9SEKRE V\u00c1LASZOL   Mi t\u00f6rt\u00e9nik, ha \u00f6sszeomlik az ell\u00e1t\u00e1s?  Mi t\u00f6rt\u00e9nik, ha a h\u00e1bor\u00fa k\u00f6zelebb ker\u00fcl?  Hogyan maradsz m\u0171k\u00f6d\u0151k\u00e9pes, amikor m\u00e1sok nem?  \u00a0AJ\u00c1NLAT \ud83d\udc49 Csomag\u00e1r (kedvezm\u00e9nyes) 10.500,-Ft \ud83d\udc49 t\u00f6bb tud\u00e1s\ud83d\udc49 kevesebb kock\u00e1zat  \u26a0\ufe0f FONTOS \ud83d\udc49 ezt nem akkor kell elkezdeni, amikor m\u00e1r baj van, hanem el\u0151tte. \ud83d\udc49 Tedd kos\u00e1rba most \u2014 \u00e9s k\u00e9sz\u00fclj fel akkorra, amikor m\u00e1sok m\u00e9g csak reag\u00e1lnak.\" \/>\n<meta property=\"og:url\" content=\"https:\/\/duncanshelley.com\/en\/product\/duncan-shelley-a-pokol-kezikonyve-i-ii\/\" \/>\n<meta property=\"og:site_name\" content=\"Duncan Shelley K\u00f6nyvesbolt\" \/>\n<meta property=\"article:modified_time\" content=\"2026-04-01T18:08:00+00:00\" \/>\n<meta property=\"og:image\" content=\"https:\/\/duncanshelley.com\/wp-content\/uploads\/pokolcsomag.jpg\" \/>\n\t<meta property=\"og:image:width\" content=\"600\" \/>\n\t<meta property=\"og:image:height\" content=\"950\" \/>\n\t<meta property=\"og:image:type\" content=\"image\/jpeg\" \/>\n<meta name=\"twitter:label1\" content=\"Est. reading time\" \/>\n\t<meta name=\"twitter:data1\" content=\"1 minute\" \/>\n<script type=\"application\/ld+json\" class=\"yoast-schema-graph\">{\"@context\":\"https:\\\/\\\/schema.org\",\"@graph\":[{\"@type\":\"WebPage\",\"@id\":\"https:\\\/\\\/duncanshelley.com\\\/termek\\\/duncan-shelley-a-pokol-kezikonyve-i-ii\\\/\",\"url\":\"https:\\\/\\\/duncanshelley.com\\\/termek\\\/duncan-shelley-a-pokol-kezikonyve-i-ii\\\/\",\"name\":\"Duncan Shelley - A pokol k\u00e9zik\u00f6nyve I-II. - Duncan Shelley K\u00f6nyvesbolt\",\"isPartOf\":{\"@id\":\"https:\\\/\\\/duncanshelley.com\\\/#website\"},\"primaryImageOfPage\":{\"@id\":\"https:\\\/\\\/duncanshelley.com\\\/termek\\\/duncan-shelley-a-pokol-kezikonyve-i-ii\\\/#primaryimage\"},\"image\":{\"@id\":\"https:\\\/\\\/duncanshelley.com\\\/termek\\\/duncan-shelley-a-pokol-kezikonyve-i-ii\\\/#primaryimage\"},\"thumbnailUrl\":\"https:\\\/\\\/duncanshelley.com\\\/wp-content\\\/uploads\\\/pokolcsomag.jpg\",\"datePublished\":\"2025-11-11T20:53:40+00:00\",\"dateModified\":\"2026-04-01T18:08:00+00:00\",\"breadcrumb\":{\"@id\":\"https:\\\/\\\/duncanshelley.com\\\/termek\\\/duncan-shelley-a-pokol-kezikonyve-i-ii\\\/#breadcrumb\"},\"inLanguage\":\"en-US\",\"potentialAction\":[{\"@type\":\"ReadAction\",\"target\":[\"https:\\\/\\\/duncanshelley.com\\\/termek\\\/duncan-shelley-a-pokol-kezikonyve-i-ii\\\/\"]}]},{\"@type\":\"ImageObject\",\"inLanguage\":\"en-US\",\"@id\":\"https:\\\/\\\/duncanshelley.com\\\/termek\\\/duncan-shelley-a-pokol-kezikonyve-i-ii\\\/#primaryimage\",\"url\":\"https:\\\/\\\/duncanshelley.com\\\/wp-content\\\/uploads\\\/pokolcsomag.jpg\",\"contentUrl\":\"https:\\\/\\\/duncanshelley.com\\\/wp-content\\\/uploads\\\/pokolcsomag.jpg\",\"width\":600,\"height\":950,\"caption\":\"Pokolcsomag\"},{\"@type\":\"BreadcrumbList\",\"@id\":\"https:\\\/\\\/duncanshelley.com\\\/termek\\\/duncan-shelley-a-pokol-kezikonyve-i-ii\\\/#breadcrumb\",\"itemListElement\":[{\"@type\":\"ListItem\",\"position\":1,\"name\":\"Kezd\u0151lap\",\"item\":\"https:\\\/\\\/duncanshelley.com\\\/\"},{\"@type\":\"ListItem\",\"position\":2,\"name\":\"Webshop\",\"item\":\"https:\\\/\\\/duncanshelley.com\\\/webshop\\\/\"},{\"@type\":\"ListItem\",\"position\":3,\"name\":\"Duncan Shelley &#8211; A pokol k\u00e9zik\u00f6nyve I-II.\"}]},{\"@type\":\"WebSite\",\"@id\":\"https:\\\/\\\/duncanshelley.com\\\/#website\",\"url\":\"https:\\\/\\\/duncanshelley.com\\\/\",\"name\":\"Duncan Shelley K\u00f6nyvesbolt\",\"description\":\"\",\"potentialAction\":[{\"@type\":\"SearchAction\",\"target\":{\"@type\":\"EntryPoint\",\"urlTemplate\":\"https:\\\/\\\/duncanshelley.com\\\/?s={search_term_string}\"},\"query-input\":{\"@type\":\"PropertyValueSpecification\",\"valueRequired\":true,\"valueName\":\"search_term_string\"}}],\"inLanguage\":\"en-US\"}]}<\/script>\n<!-- \/ Yoast SEO Premium plugin. -->","yoast_head_json":{"title":"Duncan Shelley - A pokol k\u00e9zik\u00f6nyve I-II. - Duncan Shelley K\u00f6nyvesbolt","robots":{"index":"index","follow":"follow","max-snippet":"max-snippet:-1","max-image-preview":"max-image-preview:large","max-video-preview":"max-video-preview:-1"},"canonical":"https:\/\/duncanshelley.com\/en\/product\/duncan-shelley-a-pokol-kezikonyve-i-ii\/","og_locale":"en_US","og_type":"article","og_title":"Duncan Shelley - A pokol k\u00e9zik\u00f6nyve I-II.","og_description":"Mi t\u00f6rt\u00e9nik, ha egyszerre omlik \u00f6ssze az a vil\u00e1g, amit eddig biztons\u00e1gosnak hitt\u00e9l? Gazdas\u00e1g.Ell\u00e1t\u00e1s.Biztons\u00e1g. \u00c9s k\u00f6zben egy h\u00e1bor\u00fa hat\u00e1sa begy\u0171r\u0171zik az \u00e9letedbe. Te k\u00e9szen \u00e1llsz erre?  \ud83e\udde0 EZ A CSOMAG NEM SZ\u00d3RAKOZTAT \ud83d\udc49 felk\u00e9sz\u00edt. A Pokol K\u00e9zik\u00f6nyve I\u2013II. egy\u00fctt: teljes k\u00e9pet ad arr\u00f3l, hogyan \u00e9ld t\u00fal a k\u00e1oszt  MIT KAPSZ A CSOMAGBAN? \ud83d\udcd5 I. r\u00e9sz \u2013 T\u00fal\u00e9l\u00e9s alapjai   konkr\u00e9t felszerel\u00e9s  gyakorlati d\u00f6nt\u00e9sek  v\u00e9szeseti rendszerek  \ud83d\udcd7 II. r\u00e9sz \u2013 H\u00e1bor\u00fas helyzetek   hogyan hat r\u00e1d egy konfliktus  milyen k\u00f6vetkezm\u00e9nyek \u00e9rnek el  hogyan k\u00e9sz\u00fclj fel ment\u00e1lisan  MI\u00c9RT ER\u0150S EZ EGY\u00dcTT \ud83d\udc49 k\u00fcl\u00f6n-k\u00fcl\u00f6n:    az egyik megmutatja, MIT tegy\u00e9l  a m\u00e1sik, hogy MI\u00c9RT \u00e9s MIRE k\u00e9sz\u00fclj  egy\u00fctt: \u27a1\ufe0f strat\u00e9gia + megval\u00f3s\u00edt\u00e1s  \ud83e\udde0 A VAL\u00d3DI EL\u0150NY Nem az fog t\u00fal\u00e9lni, akinek t\u00f6bb eszk\u00f6ze van, \u27a1\ufe0f hanem aki:    el\u0151re gondolkodik  nem p\u00e1nikol  tud d\u00f6nteni  VAL\u00d3S K\u00c9RD\u00c9SEKRE V\u00c1LASZOL   Mi t\u00f6rt\u00e9nik, ha \u00f6sszeomlik az ell\u00e1t\u00e1s?  Mi t\u00f6rt\u00e9nik, ha a h\u00e1bor\u00fa k\u00f6zelebb ker\u00fcl?  Hogyan maradsz m\u0171k\u00f6d\u0151k\u00e9pes, amikor m\u00e1sok nem?  \u00a0AJ\u00c1NLAT \ud83d\udc49 Csomag\u00e1r (kedvezm\u00e9nyes) 10.500,-Ft \ud83d\udc49 t\u00f6bb tud\u00e1s\ud83d\udc49 kevesebb kock\u00e1zat  \u26a0\ufe0f FONTOS \ud83d\udc49 ezt nem akkor kell elkezdeni, amikor m\u00e1r baj van, hanem el\u0151tte. \ud83d\udc49 Tedd kos\u00e1rba most \u2014 \u00e9s k\u00e9sz\u00fclj fel akkorra, amikor m\u00e1sok m\u00e9g csak reag\u00e1lnak.","og_url":"https:\/\/duncanshelley.com\/en\/product\/duncan-shelley-a-pokol-kezikonyve-i-ii\/","og_site_name":"Duncan Shelley K\u00f6nyvesbolt","article_modified_time":"2026-04-01T18:08:00+00:00","og_image":[{"width":600,"height":950,"url":"https:\/\/duncanshelley.com\/wp-content\/uploads\/pokolcsomag.jpg","type":"image\/jpeg"}],"twitter_misc":{"Est. reading time":"1 minute"},"schema":{"@context":"https:\/\/schema.org","@graph":[{"@type":"WebPage","@id":"https:\/\/duncanshelley.com\/termek\/duncan-shelley-a-pokol-kezikonyve-i-ii\/","url":"https:\/\/duncanshelley.com\/termek\/duncan-shelley-a-pokol-kezikonyve-i-ii\/","name":"Duncan Shelley - A pokol k\u00e9zik\u00f6nyve I-II. - Duncan Shelley K\u00f6nyvesbolt","isPartOf":{"@id":"https:\/\/duncanshelley.com\/#website"},"primaryImageOfPage":{"@id":"https:\/\/duncanshelley.com\/termek\/duncan-shelley-a-pokol-kezikonyve-i-ii\/#primaryimage"},"image":{"@id":"https:\/\/duncanshelley.com\/termek\/duncan-shelley-a-pokol-kezikonyve-i-ii\/#primaryimage"},"thumbnailUrl":"https:\/\/duncanshelley.com\/wp-content\/uploads\/pokolcsomag.jpg","datePublished":"2025-11-11T20:53:40+00:00","dateModified":"2026-04-01T18:08:00+00:00","breadcrumb":{"@id":"https:\/\/duncanshelley.com\/termek\/duncan-shelley-a-pokol-kezikonyve-i-ii\/#breadcrumb"},"inLanguage":"en-US","potentialAction":[{"@type":"ReadAction","target":["https:\/\/duncanshelley.com\/termek\/duncan-shelley-a-pokol-kezikonyve-i-ii\/"]}]},{"@type":"ImageObject","inLanguage":"en-US","@id":"https:\/\/duncanshelley.com\/termek\/duncan-shelley-a-pokol-kezikonyve-i-ii\/#primaryimage","url":"https:\/\/duncanshelley.com\/wp-content\/uploads\/pokolcsomag.jpg","contentUrl":"https:\/\/duncanshelley.com\/wp-content\/uploads\/pokolcsomag.jpg","width":600,"height":950,"caption":"Pokolcsomag"},{"@type":"BreadcrumbList","@id":"https:\/\/duncanshelley.com\/termek\/duncan-shelley-a-pokol-kezikonyve-i-ii\/#breadcrumb","itemListElement":[{"@type":"ListItem","position":1,"name":"Kezd\u0151lap","item":"https:\/\/duncanshelley.com\/"},{"@type":"ListItem","position":2,"name":"Webshop","item":"https:\/\/duncanshelley.com\/webshop\/"},{"@type":"ListItem","position":3,"name":"Duncan Shelley &#8211; A pokol k\u00e9zik\u00f6nyve I-II."}]},{"@type":"WebSite","@id":"https:\/\/duncanshelley.com\/#website","url":"https:\/\/duncanshelley.com\/","name":"Duncan Shelley K\u00f6nyvesbolt","description":"","potentialAction":[{"@type":"SearchAction","target":{"@type":"EntryPoint","urlTemplate":"https:\/\/duncanshelley.com\/?s={search_term_string}"},"query-input":{"@type":"PropertyValueSpecification","valueRequired":true,"valueName":"search_term_string"}}],"inLanguage":"en-US"}]}},"_links":{"self":[{"href":"https:\/\/duncanshelley.com\/en\/wp-json\/wp\/v2\/product\/27707","targetHints":{"allow":["GET"]}}],"collection":[{"href":"https:\/\/duncanshelley.com\/en\/wp-json\/wp\/v2\/product"}],"about":[{"href":"https:\/\/duncanshelley.com\/en\/wp-json\/wp\/v2\/types\/product"}],"replies":[{"embeddable":true,"href":"https:\/\/duncanshelley.com\/en\/wp-json\/wp\/v2\/comments?post=27707"}],"wp:featuredmedia":[{"embeddable":true,"href":"https:\/\/duncanshelley.com\/en\/wp-json\/wp\/v2\/media\/27708"}],"wp:attachment":[{"href":"https:\/\/duncanshelley.com\/en\/wp-json\/wp\/v2\/media?parent=27707"}],"wp:term":[{"taxonomy":"product_brand","embeddable":true,"href":"https:\/\/duncanshelley.com\/en\/wp-json\/wp\/v2\/product_brand?post=27707"},{"taxonomy":"product_cat","embeddable":true,"href":"https:\/\/duncanshelley.com\/en\/wp-json\/wp\/v2\/product_cat?post=27707"},{"taxonomy":"product_tag","embeddable":true,"href":"https:\/\/duncanshelley.com\/en\/wp-json\/wp\/v2\/product_tag?post=27707"}],"curies":[{"name":"wp","href":"https:\/\/api.w.org\/{rel}","templated":true}]}}