{"id":27705,"date":"2025-11-11T21:46:28","date_gmt":"2025-11-11T20:46:28","guid":{"rendered":"https:\/\/duncanshelley.com\/?post_type=product&#038;p=27705"},"modified":"2026-04-01T19:53:06","modified_gmt":"2026-04-01T17:53:06","slug":"a-pokol-kezikonyve-ii","status":"publish","type":"product","link":"https:\/\/duncanshelley.com\/en\/product\/a-pokol-kezikonyve-ii\/","title":{"rendered":"Duncan Shelley &#8211; A pokol k\u00e9zik\u00f6nyve II."},"content":{"rendered":"","protected":false},"excerpt":{"rendered":"<p data-start=\"256\" data-end=\"317\"><strong data-start=\"256\" data-end=\"317\">Mi t\u00f6rt\u00e9nik, ha a h\u00e1bor\u00fa m\u00e1r nem csak a h\u00edrekben l\u00e9tezik?<\/strong><\/p>\n<p data-start=\"319\" data-end=\"418\">Ha k\u00f6zelebb ker\u00fcl, mint gondoln\u00e1d.<br data-start=\"353\" data-end=\"356\" \/>Ha hat\u00e1ssal van az \u00e9letedre \u2014 akkor is, ha nem a fronton vagy.<\/p>\n<p data-start=\"420\" data-end=\"450\"><strong data-start=\"423\" data-end=\"450\">Fel vagy k\u00e9sz\u00fclve erre?<\/strong><\/p>\n<h3 data-section-id=\"vptubv\" data-start=\"457\" data-end=\"488\">\ud83e\udde0 EZ A K\u00d6NYV NEM R\u00c9MISZTGET<\/h3>\n<p data-start=\"490\" data-end=\"506\">Hanem felk\u00e9sz\u00edt.<\/p>\n<p data-start=\"508\" data-end=\"549\">A <em data-start=\"510\" data-end=\"532\">Pokol K\u00e9zik\u00f6nyve II.<\/em> azt mutatja meg:<\/p>\n<ul>\n<li data-start=\"551\" data-end=\"705\">\u00a0hogyan hat egy h\u00e1bor\u00fa a mindennapi \u00e9letre<\/li>\n<li data-start=\"551\" data-end=\"705\">milyen k\u00f6vetkezm\u00e9nyek gy\u0171r\u0171znek be Magyarorsz\u00e1gra<\/li>\n<li data-start=\"551\" data-end=\"705\">\u00a0mire kell felk\u00e9sz\u00fcln\u00f6d akkor is, ha \u201et\u00e1vol\u201d zajlik<\/li>\n<\/ul>\n<h3 data-section-id=\"1gd2w1e\" data-start=\"712\" data-end=\"734\">AMI MIATT FONTOS<\/h3>\n<p data-start=\"736\" data-end=\"762\">\ud83d\udc49 a legt\u00f6bben azt hiszik, hogy \u201eez vel\u00fcnk nem t\u00f6rt\u00e9nhet meg\u201d<\/p>\n<p data-start=\"803\" data-end=\"824\">\u00a0A val\u00f3s\u00e1g viszont az, hogy a hat\u00e1sok m\u00e1r most is jelen vannak.<\/p>\n<h3 data-section-id=\"1itzjm2\" data-start=\"870\" data-end=\"886\">MIR\u0150L SZ\u00d3L?<\/h3>\n<p data-start=\"888\" data-end=\"931\">Ez a k\u00f6nyv nem politika.<br data-start=\"913\" data-end=\"916\" \/>Nem propaganda.<\/p>\n<p data-start=\"933\" data-end=\"942\">Hanem:<\/p>\n<p data-start=\"944\" data-end=\"987\"><strong data-start=\"947\" data-end=\"987\">realista, rendszerszint\u0171 gondolkod\u00e1s.<\/strong><\/p>\n<h3 data-section-id=\"hxvddo\" data-start=\"994\" data-end=\"1030\">K\u00c9RD\u00c9SEK, AMIKRE V\u00c1LASZT KAPSZ<\/h3>\n<ul data-start=\"1032\" data-end=\"1231\">\n<li data-section-id=\"139ijjl\" data-start=\"1032\" data-end=\"1066\">Lehet-e h\u00e1bor\u00fa Magyarorsz\u00e1gon?<\/li>\n<li data-section-id=\"1g408s\" data-start=\"1067\" data-end=\"1111\">Mi t\u00f6rt\u00e9nik, ha Eur\u00f3pa destabiliz\u00e1l\u00f3dik?<\/li>\n<li data-section-id=\"1l27nf2\" data-start=\"1112\" data-end=\"1166\">Hogyan hat r\u00e1d egy m\u00e1s orsz\u00e1gban zajl\u00f3 konfliktus?<\/li>\n<li data-section-id=\"4y59hi\" data-start=\"1167\" data-end=\"1231\">Mi t\u00f6rt\u00e9nik gazdas\u00e1gilag, t\u00e1rsadalmilag, biztons\u00e1gi szinten?<\/li>\n<\/ul>\n<hr data-start=\"1233\" data-end=\"1236\" \/>\n<h3 data-section-id=\"1s7ijmi\" data-start=\"1238\" data-end=\"1258\">\ud83e\udde0 A LEGFONTOSABB<\/h3>\n<p data-start=\"1260\" data-end=\"1292\">Nem az sz\u00e1m\u00edt, hogy \u201emi lesz\u201d, hanem az, hogy:<\/p>\n<p data-start=\"1314\" data-end=\"1342\">\ud83d\udc49 <strong data-start=\"1317\" data-end=\"1342\">te hogyan reag\u00e1lsz r\u00e1.<\/strong><\/p>\n<h3 data-section-id=\"1mt9t6y\" data-start=\"1349\" data-end=\"1372\">MIT AD EZ A K\u00d6NYV?<\/h3>\n<ul>\n<li data-start=\"1374\" data-end=\"1508\">\u00faj n\u00e9z\u0151pontot a vil\u00e1g esem\u00e9nyeire<\/li>\n<li data-start=\"1374\" data-end=\"1508\">felk\u00e9sz\u00fcl\u00e9st bizonytalan helyzetekre<\/li>\n<li data-start=\"1374\" data-end=\"1508\">ment\u00e1lis stabilit\u00e1st akkor, amikor m\u00e1sok p\u00e1nikolnak<\/li>\n<\/ul>\n<h3 data-section-id=\"1mr9k0k\" data-start=\"1515\" data-end=\"1526\">\ud83d\udcd6 EXTRA<\/h3>\n<p data-start=\"1528\" data-end=\"1583\">A k\u00f6nyv konkr\u00e9t forgat\u00f3k\u00f6nyveken kereszt\u00fcl mutatja meg:<\/p>\n<ul>\n<li data-start=\"1585\" data-end=\"1649\">hogyan alakulhat ki egy v\u00e1ls\u00e1g<\/li>\n<li data-start=\"1585\" data-end=\"1649\">\u00e9s mit tehetsz te benne<\/li>\n<\/ul>\n<h3 data-section-id=\"d1bifp\" data-start=\"1656\" data-end=\"1669\">\u00a0AJ\u00c1NLAT<\/h3>\n<p data-start=\"1671\" data-end=\"1686\">\ud83d\udc49 <strong data-start=\"1674\" data-end=\"1686\">5.600 Ft<\/strong><\/p>\n<p data-start=\"1688\" data-end=\"1771\">\u27a1\ufe0f egy olyan tud\u00e1s\u00e9rt, ami seg\u00edt tiszt\u00e1bban l\u00e1tni egy egyre bizonytalanabb vil\u00e1gban<\/p>\n<p data-start=\"1789\" data-end=\"1866\">\ud83d\udc49 <strong data-start=\"1792\" data-end=\"1866\">Tedd kos\u00e1rba most \u2014 \u00e9s ne akkor kezdj el gondolkodni, amikor m\u00e1r k\u00e9s\u0151.<\/strong><\/p>","protected":false},"featured_media":27706,"comment_status":"closed","ping_status":"closed","template":"","meta":{"_acf_changed":false,"_genesis_hide_title":false,"_genesis_hide_breadcrumbs":false,"_genesis_hide_singular_image":false,"_genesis_hide_footer_widgets":false,"_genesis_custom_body_class":"","_genesis_custom_post_class":"","_genesis_layout":""},"product_brand":[],"product_cat":[27],"product_tag":[],"class_list":{"0":"post-27705","1":"product","2":"type-product","3":"status-publish","4":"has-post-thumbnail","6":"product_cat-konteo-konyvek","7":"entry","9":"first","10":"instock","11":"taxable","12":"shipping-taxable","13":"purchasable","14":"product-type-simple"},"acf":[],"yoast_head":"<!-- This site is optimized with the Yoast SEO Premium plugin v27.5 (Yoast SEO v27.5) - https:\/\/yoast.com\/product\/yoast-seo-premium-wordpress\/ -->\n<title>Duncan Shelley - A pokol k\u00e9zik\u00f6nyve II. - Duncan Shelley K\u00f6nyvesbolt<\/title>\n<meta name=\"robots\" content=\"index, follow, max-snippet:-1, max-image-preview:large, max-video-preview:-1\" \/>\n<link rel=\"canonical\" href=\"https:\/\/duncanshelley.com\/en\/product\/a-pokol-kezikonyve-ii\/\" \/>\n<meta property=\"og:locale\" content=\"en_US\" \/>\n<meta property=\"og:type\" content=\"article\" \/>\n<meta property=\"og:title\" content=\"Duncan Shelley - A pokol k\u00e9zik\u00f6nyve II.\" \/>\n<meta property=\"og:description\" content=\"Mi t\u00f6rt\u00e9nik, ha a h\u00e1bor\u00fa m\u00e1r nem csak a h\u00edrekben l\u00e9tezik? Ha k\u00f6zelebb ker\u00fcl, mint gondoln\u00e1d.Ha hat\u00e1ssal van az \u00e9letedre \u2014 akkor is, ha nem a fronton vagy. Fel vagy k\u00e9sz\u00fclve erre?  \ud83e\udde0 EZ A K\u00d6NYV NEM R\u00c9MISZTGET Hanem felk\u00e9sz\u00edt. A Pokol K\u00e9zik\u00f6nyve II. azt mutatja meg:    \u00a0hogyan hat egy h\u00e1bor\u00fa a mindennapi \u00e9letre  milyen k\u00f6vetkezm\u00e9nyek gy\u0171r\u0171znek be Magyarorsz\u00e1gra  \u00a0mire kell felk\u00e9sz\u00fcln\u00f6d akkor is, ha \u201et\u00e1vol\u201d zajlik  AMI MIATT FONTOS \ud83d\udc49 a legt\u00f6bben azt hiszik, hogy \u201eez vel\u00fcnk nem t\u00f6rt\u00e9nhet meg\u201d \u00a0A val\u00f3s\u00e1g viszont az, hogy a hat\u00e1sok m\u00e1r most is jelen vannak.  MIR\u0150L SZ\u00d3L? Ez a k\u00f6nyv nem politika.Nem propaganda. Hanem: realista, rendszerszint\u0171 gondolkod\u00e1s.  K\u00c9RD\u00c9SEK, AMIKRE V\u00c1LASZT KAPSZ   Lehet-e h\u00e1bor\u00fa Magyarorsz\u00e1gon?  Mi t\u00f6rt\u00e9nik, ha Eur\u00f3pa destabiliz\u00e1l\u00f3dik?  Hogyan hat r\u00e1d egy m\u00e1s orsz\u00e1gban zajl\u00f3 konfliktus?  Mi t\u00f6rt\u00e9nik gazdas\u00e1gilag, t\u00e1rsadalmilag, biztons\u00e1gi szinten?     \ud83e\udde0 A LEGFONTOSABB Nem az sz\u00e1m\u00edt, hogy \u201emi lesz\u201d, hanem az, hogy: \ud83d\udc49 te hogyan reag\u00e1lsz r\u00e1.  MIT AD EZ A K\u00d6NYV?   \u00faj n\u00e9z\u0151pontot a vil\u00e1g esem\u00e9nyeire  felk\u00e9sz\u00fcl\u00e9st bizonytalan helyzetekre  ment\u00e1lis stabilit\u00e1st akkor, amikor m\u00e1sok p\u00e1nikolnak  \ud83d\udcd6 EXTRA A k\u00f6nyv konkr\u00e9t forgat\u00f3k\u00f6nyveken kereszt\u00fcl mutatja meg:    hogyan alakulhat ki egy v\u00e1ls\u00e1g  \u00e9s mit tehetsz te benne  \u00a0AJ\u00c1NLAT \ud83d\udc49 5.600 Ft \u27a1\ufe0f egy olyan tud\u00e1s\u00e9rt, ami seg\u00edt tiszt\u00e1bban l\u00e1tni egy egyre bizonytalanabb vil\u00e1gban \ud83d\udc49 Tedd kos\u00e1rba most \u2014 \u00e9s ne akkor kezdj el gondolkodni, amikor m\u00e1r k\u00e9s\u0151.\" \/>\n<meta property=\"og:url\" content=\"https:\/\/duncanshelley.com\/en\/product\/a-pokol-kezikonyve-ii\/\" \/>\n<meta property=\"og:site_name\" content=\"Duncan Shelley K\u00f6nyvesbolt\" \/>\n<meta property=\"article:modified_time\" content=\"2026-04-01T17:53:06+00:00\" \/>\n<meta property=\"og:image\" content=\"https:\/\/duncanshelley.com\/wp-content\/uploads\/Duncan-Shelley-Pokol-2.jpg\" \/>\n\t<meta property=\"og:image:width\" content=\"600\" \/>\n\t<meta property=\"og:image:height\" content=\"950\" \/>\n\t<meta property=\"og:image:type\" content=\"image\/jpeg\" \/>\n<meta name=\"twitter:label1\" content=\"Est. reading time\" \/>\n\t<meta name=\"twitter:data1\" content=\"1 minute\" \/>\n<script type=\"application\/ld+json\" class=\"yoast-schema-graph\">{\"@context\":\"https:\\\/\\\/schema.org\",\"@graph\":[{\"@type\":\"WebPage\",\"@id\":\"https:\\\/\\\/duncanshelley.com\\\/termek\\\/a-pokol-kezikonyve-ii\\\/\",\"url\":\"https:\\\/\\\/duncanshelley.com\\\/termek\\\/a-pokol-kezikonyve-ii\\\/\",\"name\":\"Duncan Shelley - A pokol k\u00e9zik\u00f6nyve II. - Duncan Shelley K\u00f6nyvesbolt\",\"isPartOf\":{\"@id\":\"https:\\\/\\\/duncanshelley.com\\\/#website\"},\"primaryImageOfPage\":{\"@id\":\"https:\\\/\\\/duncanshelley.com\\\/termek\\\/a-pokol-kezikonyve-ii\\\/#primaryimage\"},\"image\":{\"@id\":\"https:\\\/\\\/duncanshelley.com\\\/termek\\\/a-pokol-kezikonyve-ii\\\/#primaryimage\"},\"thumbnailUrl\":\"https:\\\/\\\/duncanshelley.com\\\/wp-content\\\/uploads\\\/Duncan-Shelley-Pokol-2.jpg\",\"datePublished\":\"2025-11-11T20:46:28+00:00\",\"dateModified\":\"2026-04-01T17:53:06+00:00\",\"breadcrumb\":{\"@id\":\"https:\\\/\\\/duncanshelley.com\\\/termek\\\/a-pokol-kezikonyve-ii\\\/#breadcrumb\"},\"inLanguage\":\"en-US\",\"potentialAction\":[{\"@type\":\"ReadAction\",\"target\":[\"https:\\\/\\\/duncanshelley.com\\\/termek\\\/a-pokol-kezikonyve-ii\\\/\"]}]},{\"@type\":\"ImageObject\",\"inLanguage\":\"en-US\",\"@id\":\"https:\\\/\\\/duncanshelley.com\\\/termek\\\/a-pokol-kezikonyve-ii\\\/#primaryimage\",\"url\":\"https:\\\/\\\/duncanshelley.com\\\/wp-content\\\/uploads\\\/Duncan-Shelley-Pokol-2.jpg\",\"contentUrl\":\"https:\\\/\\\/duncanshelley.com\\\/wp-content\\\/uploads\\\/Duncan-Shelley-Pokol-2.jpg\",\"width\":600,\"height\":950,\"caption\":\"Duncan Shelley Pokol 2\"},{\"@type\":\"BreadcrumbList\",\"@id\":\"https:\\\/\\\/duncanshelley.com\\\/termek\\\/a-pokol-kezikonyve-ii\\\/#breadcrumb\",\"itemListElement\":[{\"@type\":\"ListItem\",\"position\":1,\"name\":\"Kezd\u0151lap\",\"item\":\"https:\\\/\\\/duncanshelley.com\\\/\"},{\"@type\":\"ListItem\",\"position\":2,\"name\":\"Webshop\",\"item\":\"https:\\\/\\\/duncanshelley.com\\\/webshop\\\/\"},{\"@type\":\"ListItem\",\"position\":3,\"name\":\"Duncan Shelley &#8211; A pokol k\u00e9zik\u00f6nyve II.\"}]},{\"@type\":\"WebSite\",\"@id\":\"https:\\\/\\\/duncanshelley.com\\\/#website\",\"url\":\"https:\\\/\\\/duncanshelley.com\\\/\",\"name\":\"Duncan Shelley K\u00f6nyvesbolt\",\"description\":\"\",\"potentialAction\":[{\"@type\":\"SearchAction\",\"target\":{\"@type\":\"EntryPoint\",\"urlTemplate\":\"https:\\\/\\\/duncanshelley.com\\\/?s={search_term_string}\"},\"query-input\":{\"@type\":\"PropertyValueSpecification\",\"valueRequired\":true,\"valueName\":\"search_term_string\"}}],\"inLanguage\":\"en-US\"}]}<\/script>\n<!-- \/ Yoast SEO Premium plugin. -->","yoast_head_json":{"title":"Duncan Shelley - A pokol k\u00e9zik\u00f6nyve II. - Duncan Shelley K\u00f6nyvesbolt","robots":{"index":"index","follow":"follow","max-snippet":"max-snippet:-1","max-image-preview":"max-image-preview:large","max-video-preview":"max-video-preview:-1"},"canonical":"https:\/\/duncanshelley.com\/en\/product\/a-pokol-kezikonyve-ii\/","og_locale":"en_US","og_type":"article","og_title":"Duncan Shelley - A pokol k\u00e9zik\u00f6nyve II.","og_description":"Mi t\u00f6rt\u00e9nik, ha a h\u00e1bor\u00fa m\u00e1r nem csak a h\u00edrekben l\u00e9tezik? Ha k\u00f6zelebb ker\u00fcl, mint gondoln\u00e1d.Ha hat\u00e1ssal van az \u00e9letedre \u2014 akkor is, ha nem a fronton vagy. Fel vagy k\u00e9sz\u00fclve erre?  \ud83e\udde0 EZ A K\u00d6NYV NEM R\u00c9MISZTGET Hanem felk\u00e9sz\u00edt. A Pokol K\u00e9zik\u00f6nyve II. azt mutatja meg:    \u00a0hogyan hat egy h\u00e1bor\u00fa a mindennapi \u00e9letre  milyen k\u00f6vetkezm\u00e9nyek gy\u0171r\u0171znek be Magyarorsz\u00e1gra  \u00a0mire kell felk\u00e9sz\u00fcln\u00f6d akkor is, ha \u201et\u00e1vol\u201d zajlik  AMI MIATT FONTOS \ud83d\udc49 a legt\u00f6bben azt hiszik, hogy \u201eez vel\u00fcnk nem t\u00f6rt\u00e9nhet meg\u201d \u00a0A val\u00f3s\u00e1g viszont az, hogy a hat\u00e1sok m\u00e1r most is jelen vannak.  MIR\u0150L SZ\u00d3L? Ez a k\u00f6nyv nem politika.Nem propaganda. Hanem: realista, rendszerszint\u0171 gondolkod\u00e1s.  K\u00c9RD\u00c9SEK, AMIKRE V\u00c1LASZT KAPSZ   Lehet-e h\u00e1bor\u00fa Magyarorsz\u00e1gon?  Mi t\u00f6rt\u00e9nik, ha Eur\u00f3pa destabiliz\u00e1l\u00f3dik?  Hogyan hat r\u00e1d egy m\u00e1s orsz\u00e1gban zajl\u00f3 konfliktus?  Mi t\u00f6rt\u00e9nik gazdas\u00e1gilag, t\u00e1rsadalmilag, biztons\u00e1gi szinten?     \ud83e\udde0 A LEGFONTOSABB Nem az sz\u00e1m\u00edt, hogy \u201emi lesz\u201d, hanem az, hogy: \ud83d\udc49 te hogyan reag\u00e1lsz r\u00e1.  MIT AD EZ A K\u00d6NYV?   \u00faj n\u00e9z\u0151pontot a vil\u00e1g esem\u00e9nyeire  felk\u00e9sz\u00fcl\u00e9st bizonytalan helyzetekre  ment\u00e1lis stabilit\u00e1st akkor, amikor m\u00e1sok p\u00e1nikolnak  \ud83d\udcd6 EXTRA A k\u00f6nyv konkr\u00e9t forgat\u00f3k\u00f6nyveken kereszt\u00fcl mutatja meg:    hogyan alakulhat ki egy v\u00e1ls\u00e1g  \u00e9s mit tehetsz te benne  \u00a0AJ\u00c1NLAT \ud83d\udc49 5.600 Ft \u27a1\ufe0f egy olyan tud\u00e1s\u00e9rt, ami seg\u00edt tiszt\u00e1bban l\u00e1tni egy egyre bizonytalanabb vil\u00e1gban \ud83d\udc49 Tedd kos\u00e1rba most \u2014 \u00e9s ne akkor kezdj el gondolkodni, amikor m\u00e1r k\u00e9s\u0151.","og_url":"https:\/\/duncanshelley.com\/en\/product\/a-pokol-kezikonyve-ii\/","og_site_name":"Duncan Shelley K\u00f6nyvesbolt","article_modified_time":"2026-04-01T17:53:06+00:00","og_image":[{"width":600,"height":950,"url":"https:\/\/duncanshelley.com\/wp-content\/uploads\/Duncan-Shelley-Pokol-2.jpg","type":"image\/jpeg"}],"twitter_misc":{"Est. reading time":"1 minute"},"schema":{"@context":"https:\/\/schema.org","@graph":[{"@type":"WebPage","@id":"https:\/\/duncanshelley.com\/termek\/a-pokol-kezikonyve-ii\/","url":"https:\/\/duncanshelley.com\/termek\/a-pokol-kezikonyve-ii\/","name":"Duncan Shelley - A pokol k\u00e9zik\u00f6nyve II. - Duncan Shelley K\u00f6nyvesbolt","isPartOf":{"@id":"https:\/\/duncanshelley.com\/#website"},"primaryImageOfPage":{"@id":"https:\/\/duncanshelley.com\/termek\/a-pokol-kezikonyve-ii\/#primaryimage"},"image":{"@id":"https:\/\/duncanshelley.com\/termek\/a-pokol-kezikonyve-ii\/#primaryimage"},"thumbnailUrl":"https:\/\/duncanshelley.com\/wp-content\/uploads\/Duncan-Shelley-Pokol-2.jpg","datePublished":"2025-11-11T20:46:28+00:00","dateModified":"2026-04-01T17:53:06+00:00","breadcrumb":{"@id":"https:\/\/duncanshelley.com\/termek\/a-pokol-kezikonyve-ii\/#breadcrumb"},"inLanguage":"en-US","potentialAction":[{"@type":"ReadAction","target":["https:\/\/duncanshelley.com\/termek\/a-pokol-kezikonyve-ii\/"]}]},{"@type":"ImageObject","inLanguage":"en-US","@id":"https:\/\/duncanshelley.com\/termek\/a-pokol-kezikonyve-ii\/#primaryimage","url":"https:\/\/duncanshelley.com\/wp-content\/uploads\/Duncan-Shelley-Pokol-2.jpg","contentUrl":"https:\/\/duncanshelley.com\/wp-content\/uploads\/Duncan-Shelley-Pokol-2.jpg","width":600,"height":950,"caption":"Duncan Shelley Pokol 2"},{"@type":"BreadcrumbList","@id":"https:\/\/duncanshelley.com\/termek\/a-pokol-kezikonyve-ii\/#breadcrumb","itemListElement":[{"@type":"ListItem","position":1,"name":"Kezd\u0151lap","item":"https:\/\/duncanshelley.com\/"},{"@type":"ListItem","position":2,"name":"Webshop","item":"https:\/\/duncanshelley.com\/webshop\/"},{"@type":"ListItem","position":3,"name":"Duncan Shelley &#8211; A pokol k\u00e9zik\u00f6nyve II."}]},{"@type":"WebSite","@id":"https:\/\/duncanshelley.com\/#website","url":"https:\/\/duncanshelley.com\/","name":"Duncan Shelley K\u00f6nyvesbolt","description":"","potentialAction":[{"@type":"SearchAction","target":{"@type":"EntryPoint","urlTemplate":"https:\/\/duncanshelley.com\/?s={search_term_string}"},"query-input":{"@type":"PropertyValueSpecification","valueRequired":true,"valueName":"search_term_string"}}],"inLanguage":"en-US"}]}},"_links":{"self":[{"href":"https:\/\/duncanshelley.com\/en\/wp-json\/wp\/v2\/product\/27705","targetHints":{"allow":["GET"]}}],"collection":[{"href":"https:\/\/duncanshelley.com\/en\/wp-json\/wp\/v2\/product"}],"about":[{"href":"https:\/\/duncanshelley.com\/en\/wp-json\/wp\/v2\/types\/product"}],"replies":[{"embeddable":true,"href":"https:\/\/duncanshelley.com\/en\/wp-json\/wp\/v2\/comments?post=27705"}],"wp:featuredmedia":[{"embeddable":true,"href":"https:\/\/duncanshelley.com\/en\/wp-json\/wp\/v2\/media\/27706"}],"wp:attachment":[{"href":"https:\/\/duncanshelley.com\/en\/wp-json\/wp\/v2\/media?parent=27705"}],"wp:term":[{"taxonomy":"product_brand","embeddable":true,"href":"https:\/\/duncanshelley.com\/en\/wp-json\/wp\/v2\/product_brand?post=27705"},{"taxonomy":"product_cat","embeddable":true,"href":"https:\/\/duncanshelley.com\/en\/wp-json\/wp\/v2\/product_cat?post=27705"},{"taxonomy":"product_tag","embeddable":true,"href":"https:\/\/duncanshelley.com\/en\/wp-json\/wp\/v2\/product_tag?post=27705"}],"curies":[{"name":"wp","href":"https:\/\/api.w.org\/{rel}","templated":true}]}}