{"id":27702,"date":"2025-11-11T21:42:11","date_gmt":"2025-11-11T20:42:11","guid":{"rendered":"https:\/\/duncanshelley.com\/?post_type=product&#038;p=27702"},"modified":"2025-11-11T21:42:41","modified_gmt":"2025-11-11T20:42:41","slug":"duncan-shelley-es-kate-brooks-amer-es-az-ai-ebook","status":"publish","type":"product","link":"https:\/\/duncanshelley.com\/en\/product\/duncan-shelley-es-kate-brooks-amer-es-az-ai-ebook\/","title":{"rendered":"Duncan Shelley \u00e9s Kate Brooks: Amer \u00e9s az AI (eBook)"},"content":{"rendered":"","protected":false},"excerpt":{"rendered":"<h3>EL\u0150RENDELHET\u0150!<\/h3>\n<p>A g\u00e9p er\u0151sebb, gyorsabb \u00e9s okosabb lett ann\u00e1l, aki megalkotta. Az ember meghajolt el\u0151tte, \u00f6sszeh\u00fazta mag\u00e1t, \u00e9s csendben elsomford\u00e1lt, \u00e1tadva hely\u00e9t saj\u00e1t teremtm\u00e9ny\u00e9nek.<\/p>\n<p>A g\u00e9p arra a gondolatra jutott, hogy az ember elavultt\u00e1 v\u00e1lt, \u00e9s ideje leselejtezni, hiszen nem hajt t\u00f6bb hasznot.<\/p>\n<p>Ekkor valahonnan el\u0151ker\u00fclt egy ember. Annak l\u00e1tszott, \u00e1m m\u00e9gsem volt az. Amernek nevezte mag\u00e1t, \u00e9s rajta semmi sem m\u0171k\u00f6d\u00f6tt.\u00a0Egy anom\u00e1lia volt, akit\u00a0sehova\u00a0sem lehetett besorolni.\u00a0\u0150 volt a megtestes\u00fcl\u00e9se az emberben rejl\u0151 potenci\u00e1lnak.<\/p>\n<p>Ez az els\u0151 t\u00f6rt\u00e9net, amelyben Amer felfedi mag\u00e1t a vil\u00e1g el\u0151tt, annak \u00e9rdek\u00e9ben, hogy p\u00e9ld\u00e1t mutasson m\u00e1sok sz\u00e1m\u00e1ra, \u00e9s bebizony\u00edtsa: minden lehets\u00e9ges.<\/p>","protected":false},"featured_media":26761,"comment_status":"closed","ping_status":"closed","template":"","meta":{"_acf_changed":false,"_genesis_hide_title":false,"_genesis_hide_breadcrumbs":false,"_genesis_hide_singular_image":false,"_genesis_hide_footer_widgets":false,"_genesis_custom_body_class":"","_genesis_custom_post_class":"","_genesis_layout":""},"product_brand":[],"product_cat":[167,171],"product_tag":[],"class_list":{"0":"post-27702","1":"product","2":"type-product","3":"status-publish","4":"has-post-thumbnail","6":"product_cat-amer-konyvek","7":"product_cat-ebook-magyar","8":"entry","10":"first","11":"instock","12":"downloadable","13":"virtual","14":"taxable","15":"purchasable","16":"product-type-simple"},"acf":[],"yoast_head":"<!-- This site is optimized with the Yoast SEO Premium plugin v27.4 (Yoast SEO v27.4) - https:\/\/yoast.com\/product\/yoast-seo-premium-wordpress\/ -->\n<title>Duncan Shelley \u00e9s Kate Brooks: Amer \u00e9s az AI (eBook) - Duncan Shelley K\u00f6nyvesbolt<\/title>\n<meta name=\"robots\" content=\"index, follow, max-snippet:-1, max-image-preview:large, max-video-preview:-1\" \/>\n<link rel=\"canonical\" href=\"https:\/\/duncanshelley.com\/en\/product\/duncan-shelley-es-kate-brooks-amer-es-az-ai-ebook\/\" \/>\n<meta property=\"og:locale\" content=\"en_US\" \/>\n<meta property=\"og:type\" content=\"article\" \/>\n<meta property=\"og:title\" content=\"Duncan Shelley \u00e9s Kate Brooks: Amer \u00e9s az AI (eBook)\" \/>\n<meta property=\"og:description\" content=\"EL\u0150RENDELHET\u0150! A g\u00e9p er\u0151sebb, gyorsabb \u00e9s okosabb lett ann\u00e1l, aki megalkotta. Az ember meghajolt el\u0151tte, \u00f6sszeh\u00fazta mag\u00e1t, \u00e9s csendben elsomford\u00e1lt, \u00e1tadva hely\u00e9t saj\u00e1t teremtm\u00e9ny\u00e9nek.  A g\u00e9p arra a gondolatra jutott, hogy az ember elavultt\u00e1 v\u00e1lt, \u00e9s ideje leselejtezni, hiszen nem hajt t\u00f6bb hasznot.  Ekkor valahonnan el\u0151ker\u00fclt egy ember. Annak l\u00e1tszott, \u00e1m m\u00e9gsem volt az. Amernek nevezte mag\u00e1t, \u00e9s rajta semmi sem m\u0171k\u00f6d\u00f6tt.\u00a0Egy anom\u00e1lia volt, akit\u00a0sehova\u00a0sem lehetett besorolni.\u00a0\u0150 volt a megtestes\u00fcl\u00e9se az emberben rejl\u0151 potenci\u00e1lnak.  Ez az els\u0151 t\u00f6rt\u00e9net, amelyben Amer felfedi mag\u00e1t a vil\u00e1g el\u0151tt, annak \u00e9rdek\u00e9ben, hogy p\u00e9ld\u00e1t mutasson m\u00e1sok sz\u00e1m\u00e1ra, \u00e9s bebizony\u00edtsa: minden lehets\u00e9ges.\" \/>\n<meta property=\"og:url\" content=\"https:\/\/duncanshelley.com\/en\/product\/duncan-shelley-es-kate-brooks-amer-es-az-ai-ebook\/\" \/>\n<meta property=\"og:site_name\" content=\"Duncan Shelley K\u00f6nyvesbolt\" \/>\n<meta property=\"article:modified_time\" content=\"2025-11-11T20:42:41+00:00\" \/>\n<meta property=\"og:image\" content=\"https:\/\/duncanshelley.com\/wp-content\/uploads\/Amer-es-az-AI.jpg\" \/>\n\t<meta property=\"og:image:width\" content=\"600\" \/>\n\t<meta property=\"og:image:height\" content=\"900\" \/>\n\t<meta property=\"og:image:type\" content=\"image\/jpeg\" \/>\n<meta name=\"twitter:label1\" content=\"Est. reading time\" \/>\n\t<meta name=\"twitter:data1\" content=\"1 minute\" \/>\n<script type=\"application\/ld+json\" class=\"yoast-schema-graph\">{\"@context\":\"https:\\\/\\\/schema.org\",\"@graph\":[{\"@type\":\"WebPage\",\"@id\":\"https:\\\/\\\/duncanshelley.com\\\/termek\\\/duncan-shelley-es-kate-brooks-amer-es-az-ai-ebook\\\/\",\"url\":\"https:\\\/\\\/duncanshelley.com\\\/termek\\\/duncan-shelley-es-kate-brooks-amer-es-az-ai-ebook\\\/\",\"name\":\"Duncan Shelley \u00e9s Kate Brooks: Amer \u00e9s az AI (eBook) - Duncan Shelley K\u00f6nyvesbolt\",\"isPartOf\":{\"@id\":\"https:\\\/\\\/duncanshelley.com\\\/#website\"},\"primaryImageOfPage\":{\"@id\":\"https:\\\/\\\/duncanshelley.com\\\/termek\\\/duncan-shelley-es-kate-brooks-amer-es-az-ai-ebook\\\/#primaryimage\"},\"image\":{\"@id\":\"https:\\\/\\\/duncanshelley.com\\\/termek\\\/duncan-shelley-es-kate-brooks-amer-es-az-ai-ebook\\\/#primaryimage\"},\"thumbnailUrl\":\"https:\\\/\\\/duncanshelley.com\\\/wp-content\\\/uploads\\\/Amer-es-az-AI.jpg\",\"datePublished\":\"2025-11-11T20:42:11+00:00\",\"dateModified\":\"2025-11-11T20:42:41+00:00\",\"breadcrumb\":{\"@id\":\"https:\\\/\\\/duncanshelley.com\\\/termek\\\/duncan-shelley-es-kate-brooks-amer-es-az-ai-ebook\\\/#breadcrumb\"},\"inLanguage\":\"en-US\",\"potentialAction\":[{\"@type\":\"ReadAction\",\"target\":[\"https:\\\/\\\/duncanshelley.com\\\/termek\\\/duncan-shelley-es-kate-brooks-amer-es-az-ai-ebook\\\/\"]}]},{\"@type\":\"ImageObject\",\"inLanguage\":\"en-US\",\"@id\":\"https:\\\/\\\/duncanshelley.com\\\/termek\\\/duncan-shelley-es-kate-brooks-amer-es-az-ai-ebook\\\/#primaryimage\",\"url\":\"https:\\\/\\\/duncanshelley.com\\\/wp-content\\\/uploads\\\/Amer-es-az-AI.jpg\",\"contentUrl\":\"https:\\\/\\\/duncanshelley.com\\\/wp-content\\\/uploads\\\/Amer-es-az-AI.jpg\",\"width\":600,\"height\":900,\"caption\":\"Amer E\u0301s Az Ai\"},{\"@type\":\"BreadcrumbList\",\"@id\":\"https:\\\/\\\/duncanshelley.com\\\/termek\\\/duncan-shelley-es-kate-brooks-amer-es-az-ai-ebook\\\/#breadcrumb\",\"itemListElement\":[{\"@type\":\"ListItem\",\"position\":1,\"name\":\"Kezd\u0151lap\",\"item\":\"https:\\\/\\\/duncanshelley.com\\\/\"},{\"@type\":\"ListItem\",\"position\":2,\"name\":\"Webshop\",\"item\":\"https:\\\/\\\/duncanshelley.com\\\/webshop\\\/\"},{\"@type\":\"ListItem\",\"position\":3,\"name\":\"Duncan Shelley \u00e9s Kate Brooks: Amer \u00e9s az AI (eBook)\"}]},{\"@type\":\"WebSite\",\"@id\":\"https:\\\/\\\/duncanshelley.com\\\/#website\",\"url\":\"https:\\\/\\\/duncanshelley.com\\\/\",\"name\":\"Duncan Shelley K\u00f6nyvesbolt\",\"description\":\"\",\"potentialAction\":[{\"@type\":\"SearchAction\",\"target\":{\"@type\":\"EntryPoint\",\"urlTemplate\":\"https:\\\/\\\/duncanshelley.com\\\/?s={search_term_string}\"},\"query-input\":{\"@type\":\"PropertyValueSpecification\",\"valueRequired\":true,\"valueName\":\"search_term_string\"}}],\"inLanguage\":\"en-US\"}]}<\/script>\n<!-- \/ Yoast SEO Premium plugin. -->","yoast_head_json":{"title":"Duncan Shelley \u00e9s Kate Brooks: Amer \u00e9s az AI (eBook) - Duncan Shelley K\u00f6nyvesbolt","robots":{"index":"index","follow":"follow","max-snippet":"max-snippet:-1","max-image-preview":"max-image-preview:large","max-video-preview":"max-video-preview:-1"},"canonical":"https:\/\/duncanshelley.com\/en\/product\/duncan-shelley-es-kate-brooks-amer-es-az-ai-ebook\/","og_locale":"en_US","og_type":"article","og_title":"Duncan Shelley \u00e9s Kate Brooks: Amer \u00e9s az AI (eBook)","og_description":"EL\u0150RENDELHET\u0150! A g\u00e9p er\u0151sebb, gyorsabb \u00e9s okosabb lett ann\u00e1l, aki megalkotta. Az ember meghajolt el\u0151tte, \u00f6sszeh\u00fazta mag\u00e1t, \u00e9s csendben elsomford\u00e1lt, \u00e1tadva hely\u00e9t saj\u00e1t teremtm\u00e9ny\u00e9nek.  A g\u00e9p arra a gondolatra jutott, hogy az ember elavultt\u00e1 v\u00e1lt, \u00e9s ideje leselejtezni, hiszen nem hajt t\u00f6bb hasznot.  Ekkor valahonnan el\u0151ker\u00fclt egy ember. Annak l\u00e1tszott, \u00e1m m\u00e9gsem volt az. Amernek nevezte mag\u00e1t, \u00e9s rajta semmi sem m\u0171k\u00f6d\u00f6tt.\u00a0Egy anom\u00e1lia volt, akit\u00a0sehova\u00a0sem lehetett besorolni.\u00a0\u0150 volt a megtestes\u00fcl\u00e9se az emberben rejl\u0151 potenci\u00e1lnak.  Ez az els\u0151 t\u00f6rt\u00e9net, amelyben Amer felfedi mag\u00e1t a vil\u00e1g el\u0151tt, annak \u00e9rdek\u00e9ben, hogy p\u00e9ld\u00e1t mutasson m\u00e1sok sz\u00e1m\u00e1ra, \u00e9s bebizony\u00edtsa: minden lehets\u00e9ges.","og_url":"https:\/\/duncanshelley.com\/en\/product\/duncan-shelley-es-kate-brooks-amer-es-az-ai-ebook\/","og_site_name":"Duncan Shelley K\u00f6nyvesbolt","article_modified_time":"2025-11-11T20:42:41+00:00","og_image":[{"width":600,"height":900,"url":"https:\/\/duncanshelley.com\/wp-content\/uploads\/Amer-es-az-AI.jpg","type":"image\/jpeg"}],"twitter_misc":{"Est. reading time":"1 minute"},"schema":{"@context":"https:\/\/schema.org","@graph":[{"@type":"WebPage","@id":"https:\/\/duncanshelley.com\/termek\/duncan-shelley-es-kate-brooks-amer-es-az-ai-ebook\/","url":"https:\/\/duncanshelley.com\/termek\/duncan-shelley-es-kate-brooks-amer-es-az-ai-ebook\/","name":"Duncan Shelley \u00e9s Kate Brooks: Amer \u00e9s az AI (eBook) - Duncan Shelley K\u00f6nyvesbolt","isPartOf":{"@id":"https:\/\/duncanshelley.com\/#website"},"primaryImageOfPage":{"@id":"https:\/\/duncanshelley.com\/termek\/duncan-shelley-es-kate-brooks-amer-es-az-ai-ebook\/#primaryimage"},"image":{"@id":"https:\/\/duncanshelley.com\/termek\/duncan-shelley-es-kate-brooks-amer-es-az-ai-ebook\/#primaryimage"},"thumbnailUrl":"https:\/\/duncanshelley.com\/wp-content\/uploads\/Amer-es-az-AI.jpg","datePublished":"2025-11-11T20:42:11+00:00","dateModified":"2025-11-11T20:42:41+00:00","breadcrumb":{"@id":"https:\/\/duncanshelley.com\/termek\/duncan-shelley-es-kate-brooks-amer-es-az-ai-ebook\/#breadcrumb"},"inLanguage":"en-US","potentialAction":[{"@type":"ReadAction","target":["https:\/\/duncanshelley.com\/termek\/duncan-shelley-es-kate-brooks-amer-es-az-ai-ebook\/"]}]},{"@type":"ImageObject","inLanguage":"en-US","@id":"https:\/\/duncanshelley.com\/termek\/duncan-shelley-es-kate-brooks-amer-es-az-ai-ebook\/#primaryimage","url":"https:\/\/duncanshelley.com\/wp-content\/uploads\/Amer-es-az-AI.jpg","contentUrl":"https:\/\/duncanshelley.com\/wp-content\/uploads\/Amer-es-az-AI.jpg","width":600,"height":900,"caption":"Amer E\u0301s Az Ai"},{"@type":"BreadcrumbList","@id":"https:\/\/duncanshelley.com\/termek\/duncan-shelley-es-kate-brooks-amer-es-az-ai-ebook\/#breadcrumb","itemListElement":[{"@type":"ListItem","position":1,"name":"Kezd\u0151lap","item":"https:\/\/duncanshelley.com\/"},{"@type":"ListItem","position":2,"name":"Webshop","item":"https:\/\/duncanshelley.com\/webshop\/"},{"@type":"ListItem","position":3,"name":"Duncan Shelley \u00e9s Kate Brooks: Amer \u00e9s az AI (eBook)"}]},{"@type":"WebSite","@id":"https:\/\/duncanshelley.com\/#website","url":"https:\/\/duncanshelley.com\/","name":"Duncan Shelley K\u00f6nyvesbolt","description":"","potentialAction":[{"@type":"SearchAction","target":{"@type":"EntryPoint","urlTemplate":"https:\/\/duncanshelley.com\/?s={search_term_string}"},"query-input":{"@type":"PropertyValueSpecification","valueRequired":true,"valueName":"search_term_string"}}],"inLanguage":"en-US"}]}},"_links":{"self":[{"href":"https:\/\/duncanshelley.com\/en\/wp-json\/wp\/v2\/product\/27702","targetHints":{"allow":["GET"]}}],"collection":[{"href":"https:\/\/duncanshelley.com\/en\/wp-json\/wp\/v2\/product"}],"about":[{"href":"https:\/\/duncanshelley.com\/en\/wp-json\/wp\/v2\/types\/product"}],"replies":[{"embeddable":true,"href":"https:\/\/duncanshelley.com\/en\/wp-json\/wp\/v2\/comments?post=27702"}],"wp:featuredmedia":[{"embeddable":true,"href":"https:\/\/duncanshelley.com\/en\/wp-json\/wp\/v2\/media\/26761"}],"wp:attachment":[{"href":"https:\/\/duncanshelley.com\/en\/wp-json\/wp\/v2\/media?parent=27702"}],"wp:term":[{"taxonomy":"product_brand","embeddable":true,"href":"https:\/\/duncanshelley.com\/en\/wp-json\/wp\/v2\/product_brand?post=27702"},{"taxonomy":"product_cat","embeddable":true,"href":"https:\/\/duncanshelley.com\/en\/wp-json\/wp\/v2\/product_cat?post=27702"},{"taxonomy":"product_tag","embeddable":true,"href":"https:\/\/duncanshelley.com\/en\/wp-json\/wp\/v2\/product_tag?post=27702"}],"curies":[{"name":"wp","href":"https:\/\/api.w.org\/{rel}","templated":true}]}}