{"id":27693,"date":"2025-11-11T21:38:50","date_gmt":"2025-11-11T20:38:50","guid":{"rendered":"https:\/\/duncanshelley.com\/?post_type=product&#038;p=27693"},"modified":"2025-11-11T21:39:13","modified_gmt":"2025-11-11T20:39:13","slug":"kate-brooks-duncan-shelley-amer-es-az-aldozat-ebook","status":"publish","type":"product","link":"https:\/\/duncanshelley.com\/en\/product\/kate-brooks-duncan-shelley-amer-es-az-aldozat-ebook\/","title":{"rendered":"Kate Brooks &#038; Duncan Shelley: Amer \u00e9s az \u00e1ldozat (eBook)"},"content":{"rendered":"","protected":false},"excerpt":{"rendered":"<p><strong>M\u0171faj<\/strong>: fantasy<br \/>\n<strong>Oldalsz\u00e1m<\/strong>: 76<br \/>\n<strong>Kiad\u00e1s<\/strong> <strong>\u00e9ve<\/strong>: 2022<\/p>\n<p>A t\u00f6rt\u00e9net a jelenben j\u00e1tsz\u00f3dik. Sophie Jones \u00e9vekkel ezel\u0151tt \u00fagy gondolta, \u00e9lete nagy szerencs\u00e9je, hogy t\u00e1rsult Ziglerrel, a nagy form\u00e1tum\u00fa \u00fczletemberrel. Azt\u00e1n a helyzet egyik pillanatr\u00f3l a m\u00e1sikra \u0151r\u00fcletbe fordul. A \u201et\u00e1rs\u201d pr\u00f3b\u00e1lja ment\u00e1lisan \u00f6sszez\u00fazni, megbeteg\u00edteni, kisemmizni. Leg\u00fajabb eszel\u0151s t\u00e1mad\u00e1sa ut\u00e1n a n\u0151 az ideg\u00f6sszeroppan\u00e1s sz\u00e9l\u00e9re sodr\u00f3dik.<\/p>\n<p>Amer \u00e9pp a legjobbkor, bel\u00e9p az \u00e9let\u00e9be \u00e9s felk\u00e9sz\u00edti \u0151t a helyzet kezel\u00e9s\u00e9re. A tan\u00edt\u00e1s azzal veszi kezdet\u00e9t, hogy Sophie meg\u00e9rti, elvesz\u00edtette az \u00f6nmaga ir\u00e1nti szeretet\u00e9t; mert akit szeret\u00fcnk, azt megv\u00e9dj\u00fck. Ha kell, minden \u00e1ron.<\/p>\n<blockquote><p>Akit szeret\u00fcnk, azt megv\u00e9dj\u00fck.<\/p>\n<p>Akit gy\u0171l\u00f6l\u00fcnk, azt hajlamosak vagyunk sors\u00e1ra hagyni, vagy b\u00e1ntani.<\/p><\/blockquote>\n<p>Az \u00f6nv\u00e9delemre val\u00f3 k\u00e9ptelens\u00e9g forr\u00e1sa az, hogy nem szeretj\u00fck \u00f6nmagunkat.<br \/>\n\u00c9s valahol a m\u00e9lyben ott egy hatalmas csal\u00f3d\u00e1s, ami teljesen \u00f6sszet\u00f6rt.<\/p>","protected":false},"featured_media":16093,"comment_status":"closed","ping_status":"closed","template":"","meta":{"_acf_changed":false,"_genesis_hide_title":false,"_genesis_hide_breadcrumbs":false,"_genesis_hide_singular_image":false,"_genesis_hide_footer_widgets":false,"_genesis_custom_body_class":"","_genesis_custom_post_class":"","_genesis_layout":""},"product_brand":[],"product_cat":[167,171,17,45],"product_tag":[],"class_list":{"0":"post-27693","1":"product","2":"type-product","3":"status-publish","4":"has-post-thumbnail","6":"product_cat-amer-konyvek","7":"product_cat-ebook-magyar","8":"product_cat-fantasy-konyvek","9":"product_cat-spiritualis-konyvek","10":"entry","12":"first","13":"instock","14":"downloadable","15":"virtual","16":"taxable","17":"purchasable","18":"product-type-simple"},"acf":[],"yoast_head":"<!-- This site is optimized with the Yoast SEO Premium plugin v27.4 (Yoast SEO v27.4) - https:\/\/yoast.com\/product\/yoast-seo-premium-wordpress\/ -->\n<title>Kate Brooks &amp; Duncan Shelley: Amer \u00e9s az \u00e1ldozat (eBook) - Duncan Shelley K\u00f6nyvesbolt<\/title>\n<meta name=\"description\" content=\"Az Amer \u00e9s az \u00e1ldozat t\u00f6rt\u00e9nete a jelenben j\u00e1tsz\u00f3dik. Sophie Jones t\u00e1rsul Ziglerrel, a nagy form\u00e1tum\u00fa \u00fczletemberrel, aki megpr\u00f3b\u00e1lja ment\u00e1lisan \u00f6sszez\u00fazni.\" \/>\n<meta name=\"robots\" content=\"index, follow, max-snippet:-1, max-image-preview:large, max-video-preview:-1\" \/>\n<link rel=\"canonical\" href=\"https:\/\/duncanshelley.com\/en\/product\/kate-brooks-duncan-shelley-amer-es-az-aldozat-ebook\/\" \/>\n<meta property=\"og:locale\" content=\"en_US\" \/>\n<meta property=\"og:type\" content=\"article\" \/>\n<meta property=\"og:title\" content=\"Kate Brooks &amp; Duncan Shelley: Amer \u00e9s az \u00e1ldozat (eBook)\" \/>\n<meta property=\"og:description\" content=\"Az Amer \u00e9s az \u00e1ldozat t\u00f6rt\u00e9nete a jelenben j\u00e1tsz\u00f3dik. Sophie Jones t\u00e1rsul Ziglerrel, a nagy form\u00e1tum\u00fa \u00fczletemberrel, aki megpr\u00f3b\u00e1lja ment\u00e1lisan \u00f6sszez\u00fazni.\" \/>\n<meta property=\"og:url\" content=\"https:\/\/duncanshelley.com\/en\/product\/kate-brooks-duncan-shelley-amer-es-az-aldozat-ebook\/\" \/>\n<meta property=\"og:site_name\" content=\"Duncan Shelley K\u00f6nyvesbolt\" \/>\n<meta property=\"article:modified_time\" content=\"2025-11-11T20:39:13+00:00\" \/>\n<meta property=\"og:image\" content=\"https:\/\/duncanshelley.com\/wp-content\/uploads\/amer-es-az-aldozat.jpg\" \/>\n\t<meta property=\"og:image:width\" content=\"500\" \/>\n\t<meta property=\"og:image:height\" content=\"750\" \/>\n\t<meta property=\"og:image:type\" content=\"image\/jpeg\" \/>\n<meta name=\"twitter:label1\" content=\"Est. reading time\" \/>\n\t<meta name=\"twitter:data1\" content=\"1 minute\" \/>\n<script type=\"application\/ld+json\" class=\"yoast-schema-graph\">{\"@context\":\"https:\\\/\\\/schema.org\",\"@graph\":[{\"@type\":\"WebPage\",\"@id\":\"https:\\\/\\\/duncanshelley.com\\\/termek\\\/kate-brooks-duncan-shelley-amer-es-az-aldozat-ebook\\\/\",\"url\":\"https:\\\/\\\/duncanshelley.com\\\/termek\\\/kate-brooks-duncan-shelley-amer-es-az-aldozat-ebook\\\/\",\"name\":\"Kate Brooks & Duncan Shelley: Amer \u00e9s az \u00e1ldozat (eBook) - Duncan Shelley K\u00f6nyvesbolt\",\"isPartOf\":{\"@id\":\"https:\\\/\\\/duncanshelley.com\\\/#website\"},\"primaryImageOfPage\":{\"@id\":\"https:\\\/\\\/duncanshelley.com\\\/termek\\\/kate-brooks-duncan-shelley-amer-es-az-aldozat-ebook\\\/#primaryimage\"},\"image\":{\"@id\":\"https:\\\/\\\/duncanshelley.com\\\/termek\\\/kate-brooks-duncan-shelley-amer-es-az-aldozat-ebook\\\/#primaryimage\"},\"thumbnailUrl\":\"https:\\\/\\\/duncanshelley.com\\\/wp-content\\\/uploads\\\/amer-es-az-aldozat.jpg\",\"datePublished\":\"2025-11-11T20:38:50+00:00\",\"dateModified\":\"2025-11-11T20:39:13+00:00\",\"description\":\"Az Amer \u00e9s az \u00e1ldozat t\u00f6rt\u00e9nete a jelenben j\u00e1tsz\u00f3dik. Sophie Jones t\u00e1rsul Ziglerrel, a nagy form\u00e1tum\u00fa \u00fczletemberrel, aki megpr\u00f3b\u00e1lja ment\u00e1lisan \u00f6sszez\u00fazni.\",\"breadcrumb\":{\"@id\":\"https:\\\/\\\/duncanshelley.com\\\/termek\\\/kate-brooks-duncan-shelley-amer-es-az-aldozat-ebook\\\/#breadcrumb\"},\"inLanguage\":\"en-US\",\"potentialAction\":[{\"@type\":\"ReadAction\",\"target\":[\"https:\\\/\\\/duncanshelley.com\\\/termek\\\/kate-brooks-duncan-shelley-amer-es-az-aldozat-ebook\\\/\"]}]},{\"@type\":\"ImageObject\",\"inLanguage\":\"en-US\",\"@id\":\"https:\\\/\\\/duncanshelley.com\\\/termek\\\/kate-brooks-duncan-shelley-amer-es-az-aldozat-ebook\\\/#primaryimage\",\"url\":\"https:\\\/\\\/duncanshelley.com\\\/wp-content\\\/uploads\\\/amer-es-az-aldozat.jpg\",\"contentUrl\":\"https:\\\/\\\/duncanshelley.com\\\/wp-content\\\/uploads\\\/amer-es-az-aldozat.jpg\",\"width\":500,\"height\":750,\"caption\":\"amer-es-az-aldozat\"},{\"@type\":\"BreadcrumbList\",\"@id\":\"https:\\\/\\\/duncanshelley.com\\\/termek\\\/kate-brooks-duncan-shelley-amer-es-az-aldozat-ebook\\\/#breadcrumb\",\"itemListElement\":[{\"@type\":\"ListItem\",\"position\":1,\"name\":\"Kezd\u0151lap\",\"item\":\"https:\\\/\\\/duncanshelley.com\\\/\"},{\"@type\":\"ListItem\",\"position\":2,\"name\":\"Webshop\",\"item\":\"https:\\\/\\\/duncanshelley.com\\\/webshop\\\/\"},{\"@type\":\"ListItem\",\"position\":3,\"name\":\"Kate Brooks &#038; Duncan Shelley: Amer \u00e9s az \u00e1ldozat (eBook)\"}]},{\"@type\":\"WebSite\",\"@id\":\"https:\\\/\\\/duncanshelley.com\\\/#website\",\"url\":\"https:\\\/\\\/duncanshelley.com\\\/\",\"name\":\"Duncan Shelley K\u00f6nyvesbolt\",\"description\":\"\",\"potentialAction\":[{\"@type\":\"SearchAction\",\"target\":{\"@type\":\"EntryPoint\",\"urlTemplate\":\"https:\\\/\\\/duncanshelley.com\\\/?s={search_term_string}\"},\"query-input\":{\"@type\":\"PropertyValueSpecification\",\"valueRequired\":true,\"valueName\":\"search_term_string\"}}],\"inLanguage\":\"en-US\"}]}<\/script>\n<!-- \/ Yoast SEO Premium plugin. -->","yoast_head_json":{"title":"Kate Brooks & Duncan Shelley: Amer \u00e9s az \u00e1ldozat (eBook) - Duncan Shelley K\u00f6nyvesbolt","description":"Az Amer \u00e9s az \u00e1ldozat t\u00f6rt\u00e9nete a jelenben j\u00e1tsz\u00f3dik. Sophie Jones t\u00e1rsul Ziglerrel, a nagy form\u00e1tum\u00fa \u00fczletemberrel, aki megpr\u00f3b\u00e1lja ment\u00e1lisan \u00f6sszez\u00fazni.","robots":{"index":"index","follow":"follow","max-snippet":"max-snippet:-1","max-image-preview":"max-image-preview:large","max-video-preview":"max-video-preview:-1"},"canonical":"https:\/\/duncanshelley.com\/en\/product\/kate-brooks-duncan-shelley-amer-es-az-aldozat-ebook\/","og_locale":"en_US","og_type":"article","og_title":"Kate Brooks & Duncan Shelley: Amer \u00e9s az \u00e1ldozat (eBook)","og_description":"Az Amer \u00e9s az \u00e1ldozat t\u00f6rt\u00e9nete a jelenben j\u00e1tsz\u00f3dik. Sophie Jones t\u00e1rsul Ziglerrel, a nagy form\u00e1tum\u00fa \u00fczletemberrel, aki megpr\u00f3b\u00e1lja ment\u00e1lisan \u00f6sszez\u00fazni.","og_url":"https:\/\/duncanshelley.com\/en\/product\/kate-brooks-duncan-shelley-amer-es-az-aldozat-ebook\/","og_site_name":"Duncan Shelley K\u00f6nyvesbolt","article_modified_time":"2025-11-11T20:39:13+00:00","og_image":[{"width":500,"height":750,"url":"https:\/\/duncanshelley.com\/wp-content\/uploads\/amer-es-az-aldozat.jpg","type":"image\/jpeg"}],"twitter_misc":{"Est. reading time":"1 minute"},"schema":{"@context":"https:\/\/schema.org","@graph":[{"@type":"WebPage","@id":"https:\/\/duncanshelley.com\/termek\/kate-brooks-duncan-shelley-amer-es-az-aldozat-ebook\/","url":"https:\/\/duncanshelley.com\/termek\/kate-brooks-duncan-shelley-amer-es-az-aldozat-ebook\/","name":"Kate Brooks & Duncan Shelley: Amer \u00e9s az \u00e1ldozat (eBook) - Duncan Shelley K\u00f6nyvesbolt","isPartOf":{"@id":"https:\/\/duncanshelley.com\/#website"},"primaryImageOfPage":{"@id":"https:\/\/duncanshelley.com\/termek\/kate-brooks-duncan-shelley-amer-es-az-aldozat-ebook\/#primaryimage"},"image":{"@id":"https:\/\/duncanshelley.com\/termek\/kate-brooks-duncan-shelley-amer-es-az-aldozat-ebook\/#primaryimage"},"thumbnailUrl":"https:\/\/duncanshelley.com\/wp-content\/uploads\/amer-es-az-aldozat.jpg","datePublished":"2025-11-11T20:38:50+00:00","dateModified":"2025-11-11T20:39:13+00:00","description":"Az Amer \u00e9s az \u00e1ldozat t\u00f6rt\u00e9nete a jelenben j\u00e1tsz\u00f3dik. Sophie Jones t\u00e1rsul Ziglerrel, a nagy form\u00e1tum\u00fa \u00fczletemberrel, aki megpr\u00f3b\u00e1lja ment\u00e1lisan \u00f6sszez\u00fazni.","breadcrumb":{"@id":"https:\/\/duncanshelley.com\/termek\/kate-brooks-duncan-shelley-amer-es-az-aldozat-ebook\/#breadcrumb"},"inLanguage":"en-US","potentialAction":[{"@type":"ReadAction","target":["https:\/\/duncanshelley.com\/termek\/kate-brooks-duncan-shelley-amer-es-az-aldozat-ebook\/"]}]},{"@type":"ImageObject","inLanguage":"en-US","@id":"https:\/\/duncanshelley.com\/termek\/kate-brooks-duncan-shelley-amer-es-az-aldozat-ebook\/#primaryimage","url":"https:\/\/duncanshelley.com\/wp-content\/uploads\/amer-es-az-aldozat.jpg","contentUrl":"https:\/\/duncanshelley.com\/wp-content\/uploads\/amer-es-az-aldozat.jpg","width":500,"height":750,"caption":"amer-es-az-aldozat"},{"@type":"BreadcrumbList","@id":"https:\/\/duncanshelley.com\/termek\/kate-brooks-duncan-shelley-amer-es-az-aldozat-ebook\/#breadcrumb","itemListElement":[{"@type":"ListItem","position":1,"name":"Kezd\u0151lap","item":"https:\/\/duncanshelley.com\/"},{"@type":"ListItem","position":2,"name":"Webshop","item":"https:\/\/duncanshelley.com\/webshop\/"},{"@type":"ListItem","position":3,"name":"Kate Brooks &#038; Duncan Shelley: Amer \u00e9s az \u00e1ldozat (eBook)"}]},{"@type":"WebSite","@id":"https:\/\/duncanshelley.com\/#website","url":"https:\/\/duncanshelley.com\/","name":"Duncan Shelley K\u00f6nyvesbolt","description":"","potentialAction":[{"@type":"SearchAction","target":{"@type":"EntryPoint","urlTemplate":"https:\/\/duncanshelley.com\/?s={search_term_string}"},"query-input":{"@type":"PropertyValueSpecification","valueRequired":true,"valueName":"search_term_string"}}],"inLanguage":"en-US"}]}},"_links":{"self":[{"href":"https:\/\/duncanshelley.com\/en\/wp-json\/wp\/v2\/product\/27693","targetHints":{"allow":["GET"]}}],"collection":[{"href":"https:\/\/duncanshelley.com\/en\/wp-json\/wp\/v2\/product"}],"about":[{"href":"https:\/\/duncanshelley.com\/en\/wp-json\/wp\/v2\/types\/product"}],"replies":[{"embeddable":true,"href":"https:\/\/duncanshelley.com\/en\/wp-json\/wp\/v2\/comments?post=27693"}],"wp:featuredmedia":[{"embeddable":true,"href":"https:\/\/duncanshelley.com\/en\/wp-json\/wp\/v2\/media\/16093"}],"wp:attachment":[{"href":"https:\/\/duncanshelley.com\/en\/wp-json\/wp\/v2\/media?parent=27693"}],"wp:term":[{"taxonomy":"product_brand","embeddable":true,"href":"https:\/\/duncanshelley.com\/en\/wp-json\/wp\/v2\/product_brand?post=27693"},{"taxonomy":"product_cat","embeddable":true,"href":"https:\/\/duncanshelley.com\/en\/wp-json\/wp\/v2\/product_cat?post=27693"},{"taxonomy":"product_tag","embeddable":true,"href":"https:\/\/duncanshelley.com\/en\/wp-json\/wp\/v2\/product_tag?post=27693"}],"curies":[{"name":"wp","href":"https:\/\/api.w.org\/{rel}","templated":true}]}}