{"id":27686,"date":"2025-11-11T21:36:36","date_gmt":"2025-11-11T20:36:36","guid":{"rendered":"https:\/\/duncanshelley.com\/?post_type=product&#038;p=27686"},"modified":"2025-11-11T21:37:01","modified_gmt":"2025-11-11T20:37:01","slug":"kate-brooks-duncan-shelley-amer-es-a-jatszmak-ebook","status":"publish","type":"product","link":"https:\/\/duncanshelley.com\/en\/product\/kate-brooks-duncan-shelley-amer-es-a-jatszmak-ebook\/","title":{"rendered":"Kate Brooks &#038; Duncan Shelley: Amer \u00e9s a j\u00e1tszm\u00e1k (eBook)"},"content":{"rendered":"<p>Amer \u00e9s a j\u00e1tszm\u00e1k (id\u00e9zet):<\/p>\n<blockquote><p>&#8222;Luke arr\u00f3l k\u00e9rdezte Amert, hogyan lehet a l\u00e9lek gy\u00f3gy\u00edt\u00e1s\u00e1val a testet is gy\u00f3gy\u00edtani. Nem \u00e9rtette, hogyan lenne ez lehets\u00e9ges, ink\u00e1bb \u00faj gerincre lenne sz\u00fcks\u00e9ge.<\/p>\n<p>\u2013 A tested egy g\u00e9p, te vagy a g\u00e9p\u00e9sz \u2013 kezdte a var\u00e1zsl\u00f3. R\u00e1mutatott az \u00e1gy melletti asztalon elhelyezett sz\u00e1m\u00edt\u00f3g\u00e9pre. \u2013 A sz\u00e1m\u00edt\u00f3g\u00e9ped \u00e9s te, ez j\u00f3 p\u00e9lda lesz. Val\u00f3j\u00e1ban a g\u00e9ped nem \u00e1rthat neked, de ha nem tudod megfelel\u0151en kezelni, ha nem \u00e9rted, mi t\u00f6rt\u00e9nik vele, nagyon m\u00e9rges \u00e9s nagyon elkeseredett lehetsz. Olyan d\u00fch\u00f6ss\u00e9 v\u00e1lhatsz, hogy v\u00e9g\u00fcl elpuszt\u00edtod. Akkor pedig igaz\u00e1n boldogtalan leszel.<\/p>\n<p>Luke a fej\u00e9t lassan a monitor fel\u00e9 ford\u00edtotta.<\/p>\n<p>\u2013 Az els\u0151t f\u00f6ldh\u00f6z v\u00e1gtam, \u00e9s t\u00f6nkrement. Akkor nagyon s\u00edrtam \u2013 mondta halkan.<\/p>\n<p>\u2013 Mi\u00e9rt tetted? \u2013 k\u00e9rdezte Amer. Tudta a v\u00e1laszt, de a fi\u00fanak kellett kimondania.<\/p>\n<p>\u2013 Mert nem volt k\u00e9p&#8230; Anyu let\u00f6r\u00f6lgette, mert \u00e9n nem tettem&#8230; meglazult az egyik k\u00e1bel&#8230; Ez\u00e9rt.<\/p>\n<p>\u2013 J\u00f3l mondod, pontosan err\u0151l besz\u00e9lek. Nem \u00e9rtett\u00e9l hozz\u00e1 el\u00e9gg\u00e9, a tan\u00e1cstalans\u00e1g feld\u00fch\u00edtett, elvesztetted a fejed, \u00e9s k\u00e1rt tett\u00e9l valamiben, amiben nem kellett volna \u2013 foglalta \u00f6ssze a var\u00e1zsl\u00f3. Luke r\u00e1n\u00e9zett, most igaz\u00e1n \u00e9rdekelte, amit mond. \u2013 Amit\u0151l persze nem lett jobb, hanem rosszabb lett. Ez mindig \u00edgy t\u00f6rt\u00e9nik, b\u00e1rmir\u0151l legyen is sz\u00f3, mindig ugyanolyan. Nem \u00e9rtesz valamit, mert nincs el\u00e9g tud\u00e1sod, el\u00e9g tapasztalatod r\u00f3la, ez\u00e9rt tan\u00e1cstalann\u00e1 v\u00e1lsz, majd elvesz\u00edted a fejed. Ilyenkor vagy elm\u00e9sz, vagy feld\u00fch\u00f6dsz, \u00e9s megpr\u00f3b\u00e1lsz k\u00e1rt okozni.&#8221;<\/p><\/blockquote>\n<p>&nbsp;<\/p>\n<p>&nbsp;<\/p>","protected":false},"excerpt":{"rendered":"<p><strong>M\u0171faj<\/strong>: fantasy<br \/>\n<strong>Oldalsz\u00e1m<\/strong>: 72<br \/>\n<strong>Kiad\u00e1s<\/strong> <strong>\u00e9ve<\/strong>: 2018.<\/p>\n<p>Az Amer \u00e9s a j\u00e1tszm\u00e1k a jelenben j\u00e1tsz\u00f3dik. Egy nyolc\u00e9ves fi\u00fa balesetet szenved az iskol\u00e1ban, aminek k\u00f6vetkezt\u00e9ben szinte teljesen leb\u00e9nul. Orvosai szerint soha nem fog tudni j\u00e1rni, vagy egyed\u00fcl felkelni. A kisfi\u00fa a fant\u00e1zi\u00e1j\u00e1ba menek\u00fcl, hogy k\u00e9pes legyen elviselni az elviselhetetlent.<\/p>\n<p>\u00daj gy\u00f3gytorn\u00e1sz \u00e9rkezik, Amer szem\u00e9ly\u00e9ben. A var\u00e1zsl\u00f3 \u00f6sszebar\u00e1tkozik a s\u00e9r\u00fclt gyermekkel \u00e9s sz\u00fcleivel, besz\u00e9lget\u00e9seik sor\u00e1n \u00faj n\u00e9z\u0151pontok \u00e9s \u00f3ri\u00e1si felismer\u00e9sek sz\u00fcletnek. A csal\u00e1d t\u00f6k\u00e9letesen meg\u00e9rti, mi t\u00f6rt\u00e9nt, ez\u00e9rt az \u00f6sszet\u00f6rt testnek m\u00e1r nincs mi\u00e9rt tov\u00e1bbra is \u00f6sszet\u00f6rtnek maradni.<\/p>","protected":false},"featured_media":8755,"comment_status":"closed","ping_status":"closed","template":"","meta":{"_acf_changed":false,"_genesis_hide_title":false,"_genesis_hide_breadcrumbs":false,"_genesis_hide_singular_image":false,"_genesis_hide_footer_widgets":false,"_genesis_custom_body_class":"","_genesis_custom_post_class":"","_genesis_layout":""},"product_brand":[],"product_cat":[167,171,17,45],"product_tag":[],"class_list":{"0":"post-27686","1":"product","2":"type-product","3":"status-publish","4":"has-post-thumbnail","6":"product_cat-amer-konyvek","7":"product_cat-ebook-magyar","8":"product_cat-fantasy-konyvek","9":"product_cat-spiritualis-konyvek","10":"entry","12":"first","13":"instock","14":"downloadable","15":"virtual","16":"taxable","17":"purchasable","18":"product-type-simple"},"acf":[],"yoast_head":"<!-- This site is optimized with the Yoast SEO Premium plugin v27.4 (Yoast SEO v27.4) - https:\/\/yoast.com\/product\/yoast-seo-premium-wordpress\/ -->\n<title>Kate Brooks &amp; Duncan Shelley: Amer \u00e9s a j\u00e1tszm\u00e1k (eBook) - Duncan Shelley K\u00f6nyvesbolt<\/title>\n<meta name=\"description\" content=\"Luke arr\u00f3l k\u00e9rdezte Amert, hogyan lehet a l\u00e9lek gy\u00f3gy\u00edt\u00e1s\u00e1val a testet is gy\u00f3gy\u00edtani. Nem \u00e9rtette, hogyan lenne ez lehets\u00e9ges.\" \/>\n<meta name=\"robots\" content=\"index, follow, max-snippet:-1, max-image-preview:large, max-video-preview:-1\" \/>\n<link rel=\"canonical\" href=\"https:\/\/duncanshelley.com\/en\/product\/kate-brooks-duncan-shelley-amer-es-a-jatszmak-ebook\/\" \/>\n<meta property=\"og:locale\" content=\"en_US\" \/>\n<meta property=\"og:type\" content=\"article\" \/>\n<meta property=\"og:title\" content=\"Kate Brooks &amp; Duncan Shelley: Amer \u00e9s a j\u00e1tszm\u00e1k (eBook)\" \/>\n<meta property=\"og:description\" content=\"Luke arr\u00f3l k\u00e9rdezte Amert, hogyan lehet a l\u00e9lek gy\u00f3gy\u00edt\u00e1s\u00e1val a testet is gy\u00f3gy\u00edtani. Nem \u00e9rtette, hogyan lenne ez lehets\u00e9ges.\" \/>\n<meta property=\"og:url\" content=\"https:\/\/duncanshelley.com\/en\/product\/kate-brooks-duncan-shelley-amer-es-a-jatszmak-ebook\/\" \/>\n<meta property=\"og:site_name\" content=\"Duncan Shelley K\u00f6nyvesbolt\" \/>\n<meta property=\"article:modified_time\" content=\"2025-11-11T20:37:01+00:00\" \/>\n<meta property=\"og:image\" content=\"https:\/\/duncanshelley.com\/wp-content\/uploads\/duncan-shelley-amer-es-a-jatszmak-1.jpg\" \/>\n\t<meta property=\"og:image:width\" content=\"324\" \/>\n\t<meta property=\"og:image:height\" content=\"486\" \/>\n\t<meta property=\"og:image:type\" content=\"image\/jpeg\" \/>\n<meta name=\"twitter:label1\" content=\"Est. reading time\" \/>\n\t<meta name=\"twitter:data1\" content=\"1 minute\" \/>\n<script type=\"application\/ld+json\" class=\"yoast-schema-graph\">{\"@context\":\"https:\\\/\\\/schema.org\",\"@graph\":[{\"@type\":\"WebPage\",\"@id\":\"https:\\\/\\\/duncanshelley.com\\\/termek\\\/kate-brooks-duncan-shelley-amer-es-a-jatszmak-ebook\\\/\",\"url\":\"https:\\\/\\\/duncanshelley.com\\\/termek\\\/kate-brooks-duncan-shelley-amer-es-a-jatszmak-ebook\\\/\",\"name\":\"Kate Brooks & Duncan Shelley: Amer \u00e9s a j\u00e1tszm\u00e1k (eBook) - Duncan Shelley K\u00f6nyvesbolt\",\"isPartOf\":{\"@id\":\"https:\\\/\\\/duncanshelley.com\\\/#website\"},\"primaryImageOfPage\":{\"@id\":\"https:\\\/\\\/duncanshelley.com\\\/termek\\\/kate-brooks-duncan-shelley-amer-es-a-jatszmak-ebook\\\/#primaryimage\"},\"image\":{\"@id\":\"https:\\\/\\\/duncanshelley.com\\\/termek\\\/kate-brooks-duncan-shelley-amer-es-a-jatszmak-ebook\\\/#primaryimage\"},\"thumbnailUrl\":\"https:\\\/\\\/duncanshelley.com\\\/wp-content\\\/uploads\\\/duncan-shelley-amer-es-a-jatszmak-1.jpg\",\"datePublished\":\"2025-11-11T20:36:36+00:00\",\"dateModified\":\"2025-11-11T20:37:01+00:00\",\"description\":\"Luke arr\u00f3l k\u00e9rdezte Amert, hogyan lehet a l\u00e9lek gy\u00f3gy\u00edt\u00e1s\u00e1val a testet is gy\u00f3gy\u00edtani. Nem \u00e9rtette, hogyan lenne ez lehets\u00e9ges.\",\"breadcrumb\":{\"@id\":\"https:\\\/\\\/duncanshelley.com\\\/termek\\\/kate-brooks-duncan-shelley-amer-es-a-jatszmak-ebook\\\/#breadcrumb\"},\"inLanguage\":\"en-US\",\"potentialAction\":[{\"@type\":\"ReadAction\",\"target\":[\"https:\\\/\\\/duncanshelley.com\\\/termek\\\/kate-brooks-duncan-shelley-amer-es-a-jatszmak-ebook\\\/\"]}]},{\"@type\":\"ImageObject\",\"inLanguage\":\"en-US\",\"@id\":\"https:\\\/\\\/duncanshelley.com\\\/termek\\\/kate-brooks-duncan-shelley-amer-es-a-jatszmak-ebook\\\/#primaryimage\",\"url\":\"https:\\\/\\\/duncanshelley.com\\\/wp-content\\\/uploads\\\/duncan-shelley-amer-es-a-jatszmak-1.jpg\",\"contentUrl\":\"https:\\\/\\\/duncanshelley.com\\\/wp-content\\\/uploads\\\/duncan-shelley-amer-es-a-jatszmak-1.jpg\",\"width\":324,\"height\":486,\"caption\":\"duncan-shelley-amer-es-a-jatszmak\"},{\"@type\":\"BreadcrumbList\",\"@id\":\"https:\\\/\\\/duncanshelley.com\\\/termek\\\/kate-brooks-duncan-shelley-amer-es-a-jatszmak-ebook\\\/#breadcrumb\",\"itemListElement\":[{\"@type\":\"ListItem\",\"position\":1,\"name\":\"Kezd\u0151lap\",\"item\":\"https:\\\/\\\/duncanshelley.com\\\/\"},{\"@type\":\"ListItem\",\"position\":2,\"name\":\"Webshop\",\"item\":\"https:\\\/\\\/duncanshelley.com\\\/webshop\\\/\"},{\"@type\":\"ListItem\",\"position\":3,\"name\":\"Kate Brooks &#038; Duncan Shelley: Amer \u00e9s a j\u00e1tszm\u00e1k (eBook)\"}]},{\"@type\":\"WebSite\",\"@id\":\"https:\\\/\\\/duncanshelley.com\\\/#website\",\"url\":\"https:\\\/\\\/duncanshelley.com\\\/\",\"name\":\"Duncan Shelley K\u00f6nyvesbolt\",\"description\":\"\",\"potentialAction\":[{\"@type\":\"SearchAction\",\"target\":{\"@type\":\"EntryPoint\",\"urlTemplate\":\"https:\\\/\\\/duncanshelley.com\\\/?s={search_term_string}\"},\"query-input\":{\"@type\":\"PropertyValueSpecification\",\"valueRequired\":true,\"valueName\":\"search_term_string\"}}],\"inLanguage\":\"en-US\"}]}<\/script>\n<!-- \/ Yoast SEO Premium plugin. -->","yoast_head_json":{"title":"Kate Brooks & Duncan Shelley: Amer \u00e9s a j\u00e1tszm\u00e1k (eBook) - Duncan Shelley K\u00f6nyvesbolt","description":"Luke arr\u00f3l k\u00e9rdezte Amert, hogyan lehet a l\u00e9lek gy\u00f3gy\u00edt\u00e1s\u00e1val a testet is gy\u00f3gy\u00edtani. Nem \u00e9rtette, hogyan lenne ez lehets\u00e9ges.","robots":{"index":"index","follow":"follow","max-snippet":"max-snippet:-1","max-image-preview":"max-image-preview:large","max-video-preview":"max-video-preview:-1"},"canonical":"https:\/\/duncanshelley.com\/en\/product\/kate-brooks-duncan-shelley-amer-es-a-jatszmak-ebook\/","og_locale":"en_US","og_type":"article","og_title":"Kate Brooks & Duncan Shelley: Amer \u00e9s a j\u00e1tszm\u00e1k (eBook)","og_description":"Luke arr\u00f3l k\u00e9rdezte Amert, hogyan lehet a l\u00e9lek gy\u00f3gy\u00edt\u00e1s\u00e1val a testet is gy\u00f3gy\u00edtani. Nem \u00e9rtette, hogyan lenne ez lehets\u00e9ges.","og_url":"https:\/\/duncanshelley.com\/en\/product\/kate-brooks-duncan-shelley-amer-es-a-jatszmak-ebook\/","og_site_name":"Duncan Shelley K\u00f6nyvesbolt","article_modified_time":"2025-11-11T20:37:01+00:00","og_image":[{"width":324,"height":486,"url":"https:\/\/duncanshelley.com\/wp-content\/uploads\/duncan-shelley-amer-es-a-jatszmak-1.jpg","type":"image\/jpeg"}],"twitter_misc":{"Est. reading time":"1 minute"},"schema":{"@context":"https:\/\/schema.org","@graph":[{"@type":"WebPage","@id":"https:\/\/duncanshelley.com\/termek\/kate-brooks-duncan-shelley-amer-es-a-jatszmak-ebook\/","url":"https:\/\/duncanshelley.com\/termek\/kate-brooks-duncan-shelley-amer-es-a-jatszmak-ebook\/","name":"Kate Brooks & Duncan Shelley: Amer \u00e9s a j\u00e1tszm\u00e1k (eBook) - Duncan Shelley K\u00f6nyvesbolt","isPartOf":{"@id":"https:\/\/duncanshelley.com\/#website"},"primaryImageOfPage":{"@id":"https:\/\/duncanshelley.com\/termek\/kate-brooks-duncan-shelley-amer-es-a-jatszmak-ebook\/#primaryimage"},"image":{"@id":"https:\/\/duncanshelley.com\/termek\/kate-brooks-duncan-shelley-amer-es-a-jatszmak-ebook\/#primaryimage"},"thumbnailUrl":"https:\/\/duncanshelley.com\/wp-content\/uploads\/duncan-shelley-amer-es-a-jatszmak-1.jpg","datePublished":"2025-11-11T20:36:36+00:00","dateModified":"2025-11-11T20:37:01+00:00","description":"Luke arr\u00f3l k\u00e9rdezte Amert, hogyan lehet a l\u00e9lek gy\u00f3gy\u00edt\u00e1s\u00e1val a testet is gy\u00f3gy\u00edtani. Nem \u00e9rtette, hogyan lenne ez lehets\u00e9ges.","breadcrumb":{"@id":"https:\/\/duncanshelley.com\/termek\/kate-brooks-duncan-shelley-amer-es-a-jatszmak-ebook\/#breadcrumb"},"inLanguage":"en-US","potentialAction":[{"@type":"ReadAction","target":["https:\/\/duncanshelley.com\/termek\/kate-brooks-duncan-shelley-amer-es-a-jatszmak-ebook\/"]}]},{"@type":"ImageObject","inLanguage":"en-US","@id":"https:\/\/duncanshelley.com\/termek\/kate-brooks-duncan-shelley-amer-es-a-jatszmak-ebook\/#primaryimage","url":"https:\/\/duncanshelley.com\/wp-content\/uploads\/duncan-shelley-amer-es-a-jatszmak-1.jpg","contentUrl":"https:\/\/duncanshelley.com\/wp-content\/uploads\/duncan-shelley-amer-es-a-jatszmak-1.jpg","width":324,"height":486,"caption":"duncan-shelley-amer-es-a-jatszmak"},{"@type":"BreadcrumbList","@id":"https:\/\/duncanshelley.com\/termek\/kate-brooks-duncan-shelley-amer-es-a-jatszmak-ebook\/#breadcrumb","itemListElement":[{"@type":"ListItem","position":1,"name":"Kezd\u0151lap","item":"https:\/\/duncanshelley.com\/"},{"@type":"ListItem","position":2,"name":"Webshop","item":"https:\/\/duncanshelley.com\/webshop\/"},{"@type":"ListItem","position":3,"name":"Kate Brooks &#038; Duncan Shelley: Amer \u00e9s a j\u00e1tszm\u00e1k (eBook)"}]},{"@type":"WebSite","@id":"https:\/\/duncanshelley.com\/#website","url":"https:\/\/duncanshelley.com\/","name":"Duncan Shelley K\u00f6nyvesbolt","description":"","potentialAction":[{"@type":"SearchAction","target":{"@type":"EntryPoint","urlTemplate":"https:\/\/duncanshelley.com\/?s={search_term_string}"},"query-input":{"@type":"PropertyValueSpecification","valueRequired":true,"valueName":"search_term_string"}}],"inLanguage":"en-US"}]}},"_links":{"self":[{"href":"https:\/\/duncanshelley.com\/en\/wp-json\/wp\/v2\/product\/27686","targetHints":{"allow":["GET"]}}],"collection":[{"href":"https:\/\/duncanshelley.com\/en\/wp-json\/wp\/v2\/product"}],"about":[{"href":"https:\/\/duncanshelley.com\/en\/wp-json\/wp\/v2\/types\/product"}],"replies":[{"embeddable":true,"href":"https:\/\/duncanshelley.com\/en\/wp-json\/wp\/v2\/comments?post=27686"}],"wp:featuredmedia":[{"embeddable":true,"href":"https:\/\/duncanshelley.com\/en\/wp-json\/wp\/v2\/media\/8755"}],"wp:attachment":[{"href":"https:\/\/duncanshelley.com\/en\/wp-json\/wp\/v2\/media?parent=27686"}],"wp:term":[{"taxonomy":"product_brand","embeddable":true,"href":"https:\/\/duncanshelley.com\/en\/wp-json\/wp\/v2\/product_brand?post=27686"},{"taxonomy":"product_cat","embeddable":true,"href":"https:\/\/duncanshelley.com\/en\/wp-json\/wp\/v2\/product_cat?post=27686"},{"taxonomy":"product_tag","embeddable":true,"href":"https:\/\/duncanshelley.com\/en\/wp-json\/wp\/v2\/product_tag?post=27686"}],"curies":[{"name":"wp","href":"https:\/\/api.w.org\/{rel}","templated":true}]}}