{"id":27683,"date":"2025-11-11T21:34:27","date_gmt":"2025-11-11T20:34:27","guid":{"rendered":"https:\/\/duncanshelley.com\/?post_type=product&#038;p=27683"},"modified":"2025-11-11T21:34:54","modified_gmt":"2025-11-11T20:34:54","slug":"kate-brooks-duncan-shelley-amer-es-a-jarvany-ebook","status":"publish","type":"product","link":"https:\/\/duncanshelley.com\/en\/product\/kate-brooks-duncan-shelley-amer-es-a-jarvany-ebook\/","title":{"rendered":"Kate Brooks &#038; Duncan Shelley: Amer \u00e9s a j\u00e1rv\u00e1ny (eBook)"},"content":{"rendered":"<p>Az Amer \u00e9s a j\u00e1rv\u00e1ny kisreg\u00e9nyben 957-et \u00edrunk, Amer \u00e9ppen negyvenh\u00e9t \u00e9ves. Vend\u00e9gk\u00e9nt \u00e9rkezik egy \u00e9szak-walesi v\u00e1rosba, hogy bar\u00e1tja betiltott okkult sz\u00f6vegekb\u0151l \u00e1ll\u00f3 gy\u0171jtem\u00e9ny\u00e9t tanulm\u00e1nyozza. R\u00f6viddel \u00e9rkez\u00e9se ut\u00e1n v\u00e9gigs\u00f6p\u00f6r a v\u00e1roson a j\u00e1rv\u00e1ny, kit\u00f6r a p\u00e1nik, Amer \u00e9s vend\u00e9gl\u00e1t\u00f3ja is a k\u00f3r \u00e1ldozat\u00e1v\u00e1 v\u00e1lik.<\/p>\n<p>Mit kell meg\u00e9rtenie az ekkor m\u00e9g kezd\u0151 var\u00e1zsl\u00f3nak ahhoz, hogy t\u00fal\u00e9lje a helyb\u00e9liek d\u00fch\u00e9t \u00e9s az ismeretlen k\u00f3rs\u00e1got?<\/p>\n<p><strong>Ez az egyik legfontosabb tan\u00edt\u00e1s minden emberi l\u00e9ny sz\u00e1m\u00e1ra.<\/strong><\/p>","protected":false},"excerpt":{"rendered":"<p><strong>M\u0171faj:<\/strong> fantasy<br \/>\n<strong>Oldalsz\u00e1m<\/strong>: 72<br \/>\n<strong>Kiad\u00e1s<\/strong> <strong>\u00e9ve<\/strong>: 2020.<\/p>\n<p>A t\u00f6rt\u00e9net a 10. sz\u00e1zadban j\u00e1tsz\u00f3dik. Amer megl\u00e1togat egy rendk\u00edv\u00fcl m\u0171velt f\u00e9rfit, a hegyvid\u00e9ken, az isten h\u00e1ta m\u00f6g\u00f6tti kicsi faluban. A f\u00e9rfi betiltott, ki\u00e1tkozott, okkultista k\u00f6nyveket gy\u0171jt, sokak szerint nem is l\u00e9tez\u0151 k\u00f3dexeket, mindenf\u00e9le titkos sz\u00f6vegeket. \u00c9rdekl\u0151d\u00e9s\u00fcket a legnagyobb titokk\u00e9nt kezelik, amely, ha kitud\u00f3dna, az inkviz\u00edci\u00f3 k\u00ednz\u00f3kamr\u00e1iba juttatn\u00e1 \u0151ket.<\/p>\n<p>Amer \u00e9ppen a titkos gy\u0171jtem\u00e9nyt tanulm\u00e1nyozza, amikor meg\u00e9rkezik a pestis a faluba, ahol azonnal kit\u00f6r a p\u00e1nik. A betegs\u00e9g senkit sem k\u00edm\u00e9l, Amert is elragadja. A helyzet leck\u00e9je alapjaiban v\u00e1ltoztatja meg a vil\u00e1gl\u00e1t\u00e1s\u00e1t.<\/p>","protected":false},"featured_media":8757,"comment_status":"closed","ping_status":"closed","template":"","meta":{"_acf_changed":false,"_genesis_hide_title":false,"_genesis_hide_breadcrumbs":false,"_genesis_hide_singular_image":false,"_genesis_hide_footer_widgets":false,"_genesis_custom_body_class":"","_genesis_custom_post_class":"","_genesis_layout":""},"product_brand":[],"product_cat":[167,171,17,45],"product_tag":[],"class_list":{"0":"post-27683","1":"product","2":"type-product","3":"status-publish","4":"has-post-thumbnail","6":"product_cat-amer-konyvek","7":"product_cat-ebook-magyar","8":"product_cat-fantasy-konyvek","9":"product_cat-spiritualis-konyvek","10":"entry","12":"first","13":"instock","14":"downloadable","15":"virtual","16":"taxable","17":"purchasable","18":"product-type-simple"},"acf":[],"yoast_head":"<!-- This site is optimized with the Yoast SEO Premium plugin v27.4 (Yoast SEO v27.4) - https:\/\/yoast.com\/product\/yoast-seo-premium-wordpress\/ -->\n<title>Kate Brooks &amp; Duncan Shelley: Amer \u00e9s a j\u00e1rv\u00e1ny (eBook) - Duncan Shelley K\u00f6nyvesbolt<\/title>\n<meta name=\"description\" content=\"Amer, a var\u00e1zsl\u00f3 \u00e9s a j\u00e1rv\u00e1ny. Mit kell meg\u00e9rtenie az ekkor m\u00e9g kezd\u0151 var\u00e1zsl\u00f3nak ahhoz, hogy t\u00fal\u00e9lje az ismeretlen k\u00f3rs\u00e1got?\" \/>\n<meta name=\"robots\" content=\"index, follow, max-snippet:-1, max-image-preview:large, max-video-preview:-1\" \/>\n<link rel=\"canonical\" href=\"https:\/\/duncanshelley.com\/en\/product\/kate-brooks-duncan-shelley-amer-es-a-jarvany-ebook\/\" \/>\n<meta property=\"og:locale\" content=\"en_US\" \/>\n<meta property=\"og:type\" content=\"article\" \/>\n<meta property=\"og:title\" content=\"Kate Brooks &amp; Duncan Shelley: Amer \u00e9s a j\u00e1rv\u00e1ny (eBook)\" \/>\n<meta property=\"og:description\" content=\"Amer, a var\u00e1zsl\u00f3 \u00e9s a j\u00e1rv\u00e1ny. Mit kell meg\u00e9rtenie az ekkor m\u00e9g kezd\u0151 var\u00e1zsl\u00f3nak ahhoz, hogy t\u00fal\u00e9lje az ismeretlen k\u00f3rs\u00e1got?\" \/>\n<meta property=\"og:url\" content=\"https:\/\/duncanshelley.com\/en\/product\/kate-brooks-duncan-shelley-amer-es-a-jarvany-ebook\/\" \/>\n<meta property=\"og:site_name\" content=\"Duncan Shelley K\u00f6nyvesbolt\" \/>\n<meta property=\"article:modified_time\" content=\"2025-11-11T20:34:54+00:00\" \/>\n<meta property=\"og:image\" content=\"https:\/\/duncanshelley.com\/wp-content\/uploads\/duncan-shelley-amer-es-a-jarvany-1.jpg\" \/>\n\t<meta property=\"og:image:width\" content=\"324\" \/>\n\t<meta property=\"og:image:height\" content=\"486\" \/>\n\t<meta property=\"og:image:type\" content=\"image\/jpeg\" \/>\n<meta name=\"twitter:label1\" content=\"Est. reading time\" \/>\n\t<meta name=\"twitter:data1\" content=\"1 minute\" \/>\n<script type=\"application\/ld+json\" class=\"yoast-schema-graph\">{\"@context\":\"https:\\\/\\\/schema.org\",\"@graph\":[{\"@type\":\"WebPage\",\"@id\":\"https:\\\/\\\/duncanshelley.com\\\/termek\\\/kate-brooks-duncan-shelley-amer-es-a-jarvany-ebook\\\/\",\"url\":\"https:\\\/\\\/duncanshelley.com\\\/termek\\\/kate-brooks-duncan-shelley-amer-es-a-jarvany-ebook\\\/\",\"name\":\"Kate Brooks & Duncan Shelley: Amer \u00e9s a j\u00e1rv\u00e1ny (eBook) - Duncan Shelley K\u00f6nyvesbolt\",\"isPartOf\":{\"@id\":\"https:\\\/\\\/duncanshelley.com\\\/#website\"},\"primaryImageOfPage\":{\"@id\":\"https:\\\/\\\/duncanshelley.com\\\/termek\\\/kate-brooks-duncan-shelley-amer-es-a-jarvany-ebook\\\/#primaryimage\"},\"image\":{\"@id\":\"https:\\\/\\\/duncanshelley.com\\\/termek\\\/kate-brooks-duncan-shelley-amer-es-a-jarvany-ebook\\\/#primaryimage\"},\"thumbnailUrl\":\"https:\\\/\\\/duncanshelley.com\\\/wp-content\\\/uploads\\\/duncan-shelley-amer-es-a-jarvany-1.jpg\",\"datePublished\":\"2025-11-11T20:34:27+00:00\",\"dateModified\":\"2025-11-11T20:34:54+00:00\",\"description\":\"Amer, a var\u00e1zsl\u00f3 \u00e9s a j\u00e1rv\u00e1ny. Mit kell meg\u00e9rtenie az ekkor m\u00e9g kezd\u0151 var\u00e1zsl\u00f3nak ahhoz, hogy t\u00fal\u00e9lje az ismeretlen k\u00f3rs\u00e1got?\",\"breadcrumb\":{\"@id\":\"https:\\\/\\\/duncanshelley.com\\\/termek\\\/kate-brooks-duncan-shelley-amer-es-a-jarvany-ebook\\\/#breadcrumb\"},\"inLanguage\":\"en-US\",\"potentialAction\":[{\"@type\":\"ReadAction\",\"target\":[\"https:\\\/\\\/duncanshelley.com\\\/termek\\\/kate-brooks-duncan-shelley-amer-es-a-jarvany-ebook\\\/\"]}]},{\"@type\":\"ImageObject\",\"inLanguage\":\"en-US\",\"@id\":\"https:\\\/\\\/duncanshelley.com\\\/termek\\\/kate-brooks-duncan-shelley-amer-es-a-jarvany-ebook\\\/#primaryimage\",\"url\":\"https:\\\/\\\/duncanshelley.com\\\/wp-content\\\/uploads\\\/duncan-shelley-amer-es-a-jarvany-1.jpg\",\"contentUrl\":\"https:\\\/\\\/duncanshelley.com\\\/wp-content\\\/uploads\\\/duncan-shelley-amer-es-a-jarvany-1.jpg\",\"width\":324,\"height\":486,\"caption\":\"duncan-shelley-amer-es-a-jarvany\"},{\"@type\":\"BreadcrumbList\",\"@id\":\"https:\\\/\\\/duncanshelley.com\\\/termek\\\/kate-brooks-duncan-shelley-amer-es-a-jarvany-ebook\\\/#breadcrumb\",\"itemListElement\":[{\"@type\":\"ListItem\",\"position\":1,\"name\":\"Kezd\u0151lap\",\"item\":\"https:\\\/\\\/duncanshelley.com\\\/\"},{\"@type\":\"ListItem\",\"position\":2,\"name\":\"Webshop\",\"item\":\"https:\\\/\\\/duncanshelley.com\\\/webshop\\\/\"},{\"@type\":\"ListItem\",\"position\":3,\"name\":\"Kate Brooks &#038; Duncan Shelley: Amer \u00e9s a j\u00e1rv\u00e1ny (eBook)\"}]},{\"@type\":\"WebSite\",\"@id\":\"https:\\\/\\\/duncanshelley.com\\\/#website\",\"url\":\"https:\\\/\\\/duncanshelley.com\\\/\",\"name\":\"Duncan Shelley K\u00f6nyvesbolt\",\"description\":\"\",\"potentialAction\":[{\"@type\":\"SearchAction\",\"target\":{\"@type\":\"EntryPoint\",\"urlTemplate\":\"https:\\\/\\\/duncanshelley.com\\\/?s={search_term_string}\"},\"query-input\":{\"@type\":\"PropertyValueSpecification\",\"valueRequired\":true,\"valueName\":\"search_term_string\"}}],\"inLanguage\":\"en-US\"}]}<\/script>\n<!-- \/ Yoast SEO Premium plugin. -->","yoast_head_json":{"title":"Kate Brooks & Duncan Shelley: Amer \u00e9s a j\u00e1rv\u00e1ny (eBook) - Duncan Shelley K\u00f6nyvesbolt","description":"Amer, a var\u00e1zsl\u00f3 \u00e9s a j\u00e1rv\u00e1ny. Mit kell meg\u00e9rtenie az ekkor m\u00e9g kezd\u0151 var\u00e1zsl\u00f3nak ahhoz, hogy t\u00fal\u00e9lje az ismeretlen k\u00f3rs\u00e1got?","robots":{"index":"index","follow":"follow","max-snippet":"max-snippet:-1","max-image-preview":"max-image-preview:large","max-video-preview":"max-video-preview:-1"},"canonical":"https:\/\/duncanshelley.com\/en\/product\/kate-brooks-duncan-shelley-amer-es-a-jarvany-ebook\/","og_locale":"en_US","og_type":"article","og_title":"Kate Brooks & Duncan Shelley: Amer \u00e9s a j\u00e1rv\u00e1ny (eBook)","og_description":"Amer, a var\u00e1zsl\u00f3 \u00e9s a j\u00e1rv\u00e1ny. Mit kell meg\u00e9rtenie az ekkor m\u00e9g kezd\u0151 var\u00e1zsl\u00f3nak ahhoz, hogy t\u00fal\u00e9lje az ismeretlen k\u00f3rs\u00e1got?","og_url":"https:\/\/duncanshelley.com\/en\/product\/kate-brooks-duncan-shelley-amer-es-a-jarvany-ebook\/","og_site_name":"Duncan Shelley K\u00f6nyvesbolt","article_modified_time":"2025-11-11T20:34:54+00:00","og_image":[{"width":324,"height":486,"url":"https:\/\/duncanshelley.com\/wp-content\/uploads\/duncan-shelley-amer-es-a-jarvany-1.jpg","type":"image\/jpeg"}],"twitter_misc":{"Est. reading time":"1 minute"},"schema":{"@context":"https:\/\/schema.org","@graph":[{"@type":"WebPage","@id":"https:\/\/duncanshelley.com\/termek\/kate-brooks-duncan-shelley-amer-es-a-jarvany-ebook\/","url":"https:\/\/duncanshelley.com\/termek\/kate-brooks-duncan-shelley-amer-es-a-jarvany-ebook\/","name":"Kate Brooks & Duncan Shelley: Amer \u00e9s a j\u00e1rv\u00e1ny (eBook) - Duncan Shelley K\u00f6nyvesbolt","isPartOf":{"@id":"https:\/\/duncanshelley.com\/#website"},"primaryImageOfPage":{"@id":"https:\/\/duncanshelley.com\/termek\/kate-brooks-duncan-shelley-amer-es-a-jarvany-ebook\/#primaryimage"},"image":{"@id":"https:\/\/duncanshelley.com\/termek\/kate-brooks-duncan-shelley-amer-es-a-jarvany-ebook\/#primaryimage"},"thumbnailUrl":"https:\/\/duncanshelley.com\/wp-content\/uploads\/duncan-shelley-amer-es-a-jarvany-1.jpg","datePublished":"2025-11-11T20:34:27+00:00","dateModified":"2025-11-11T20:34:54+00:00","description":"Amer, a var\u00e1zsl\u00f3 \u00e9s a j\u00e1rv\u00e1ny. Mit kell meg\u00e9rtenie az ekkor m\u00e9g kezd\u0151 var\u00e1zsl\u00f3nak ahhoz, hogy t\u00fal\u00e9lje az ismeretlen k\u00f3rs\u00e1got?","breadcrumb":{"@id":"https:\/\/duncanshelley.com\/termek\/kate-brooks-duncan-shelley-amer-es-a-jarvany-ebook\/#breadcrumb"},"inLanguage":"en-US","potentialAction":[{"@type":"ReadAction","target":["https:\/\/duncanshelley.com\/termek\/kate-brooks-duncan-shelley-amer-es-a-jarvany-ebook\/"]}]},{"@type":"ImageObject","inLanguage":"en-US","@id":"https:\/\/duncanshelley.com\/termek\/kate-brooks-duncan-shelley-amer-es-a-jarvany-ebook\/#primaryimage","url":"https:\/\/duncanshelley.com\/wp-content\/uploads\/duncan-shelley-amer-es-a-jarvany-1.jpg","contentUrl":"https:\/\/duncanshelley.com\/wp-content\/uploads\/duncan-shelley-amer-es-a-jarvany-1.jpg","width":324,"height":486,"caption":"duncan-shelley-amer-es-a-jarvany"},{"@type":"BreadcrumbList","@id":"https:\/\/duncanshelley.com\/termek\/kate-brooks-duncan-shelley-amer-es-a-jarvany-ebook\/#breadcrumb","itemListElement":[{"@type":"ListItem","position":1,"name":"Kezd\u0151lap","item":"https:\/\/duncanshelley.com\/"},{"@type":"ListItem","position":2,"name":"Webshop","item":"https:\/\/duncanshelley.com\/webshop\/"},{"@type":"ListItem","position":3,"name":"Kate Brooks &#038; Duncan Shelley: Amer \u00e9s a j\u00e1rv\u00e1ny (eBook)"}]},{"@type":"WebSite","@id":"https:\/\/duncanshelley.com\/#website","url":"https:\/\/duncanshelley.com\/","name":"Duncan Shelley K\u00f6nyvesbolt","description":"","potentialAction":[{"@type":"SearchAction","target":{"@type":"EntryPoint","urlTemplate":"https:\/\/duncanshelley.com\/?s={search_term_string}"},"query-input":{"@type":"PropertyValueSpecification","valueRequired":true,"valueName":"search_term_string"}}],"inLanguage":"en-US"}]}},"_links":{"self":[{"href":"https:\/\/duncanshelley.com\/en\/wp-json\/wp\/v2\/product\/27683","targetHints":{"allow":["GET"]}}],"collection":[{"href":"https:\/\/duncanshelley.com\/en\/wp-json\/wp\/v2\/product"}],"about":[{"href":"https:\/\/duncanshelley.com\/en\/wp-json\/wp\/v2\/types\/product"}],"replies":[{"embeddable":true,"href":"https:\/\/duncanshelley.com\/en\/wp-json\/wp\/v2\/comments?post=27683"}],"wp:featuredmedia":[{"embeddable":true,"href":"https:\/\/duncanshelley.com\/en\/wp-json\/wp\/v2\/media\/8757"}],"wp:attachment":[{"href":"https:\/\/duncanshelley.com\/en\/wp-json\/wp\/v2\/media?parent=27683"}],"wp:term":[{"taxonomy":"product_brand","embeddable":true,"href":"https:\/\/duncanshelley.com\/en\/wp-json\/wp\/v2\/product_brand?post=27683"},{"taxonomy":"product_cat","embeddable":true,"href":"https:\/\/duncanshelley.com\/en\/wp-json\/wp\/v2\/product_cat?post=27683"},{"taxonomy":"product_tag","embeddable":true,"href":"https:\/\/duncanshelley.com\/en\/wp-json\/wp\/v2\/product_tag?post=27683"}],"curies":[{"name":"wp","href":"https:\/\/api.w.org\/{rel}","templated":true}]}}