{"id":27679,"date":"2025-11-11T21:33:23","date_gmt":"2025-11-11T20:33:23","guid":{"rendered":"https:\/\/duncanshelley.com\/?post_type=product&#038;p=27679"},"modified":"2025-11-11T21:33:50","modified_gmt":"2025-11-11T20:33:50","slug":"kate-brooks-duncan-shelley-amer-es-a-hatalom-ebook","status":"publish","type":"product","link":"https:\/\/duncanshelley.com\/en\/product\/kate-brooks-duncan-shelley-amer-es-a-hatalom-ebook\/","title":{"rendered":"Kate Brooks &#038; Duncan Shelley: Amer \u00e9s a hatalom (eBook)"},"content":{"rendered":"<blockquote><p>Politikus az, aki az er\u00e9nyei jog\u00e1n hivat\u00e1sszer\u0171en r\u00e9szt vesz a k\u00f6z\u00fcgyekben, annak \u00e9rdek\u00e9ben, hogy b\u00f6lcsess\u00e9g\u00e9vel \u00e9s \u00e1llhatatoss\u00e1g\u00e1val hozz\u00e1j\u00e1ruljon a k\u00f6z\u00f6ss\u00e9g valamennyi tagj\u00e1nak boldogul\u00e1s\u00e1hoz.<br \/>\n(i.e. 700 k\u00f6r\u00fcl)<\/p><\/blockquote>\n<p>&nbsp;<\/p>","protected":false},"excerpt":{"rendered":"<p><strong>M\u0171faj<\/strong>: fantasy<br \/>\n<strong>Oldalsz\u00e1m<\/strong>: 72<br \/>\n<strong>Kiad\u00e1s \u00e9ve<\/strong>: 2017.<\/p>\n<p>A t\u00f6rt\u00e9net a jelenben j\u00e1tsz\u00f3dik. Egy elsz\u00e1nt f\u00e9rfi jobb\u00e1, szebb\u00e9, tiszt\u00e1bb\u00e1 akarja tenni a vil\u00e1got, ez\u00e9rt elhat\u00e1rozza: haz\u00e1ja korm\u00e1nyf\u0151je lesz. C\u00e9lja siker\u00fcl, feljut p\u00e1ly\u00e1ja cs\u00facs\u00e1ra, elfoglalja a b\u00e1rsonysz\u00e9ket, \u00e9s hozz\u00e1l\u00e1t tervei megval\u00f3s\u00edt\u00e1s\u00e1hoz. Csakhogy azok a nagyhatalm\u00fa emberek, akik t\u00e1mogatt\u00e1k t\u00f6rekv\u00e9seit, beny\u00fajtj\u00e1k a sz\u00e1ml\u00e1t, megfenyegetik, megzsarolj\u00e1k.<\/p>\n<p>A hajdani idealizmus elp\u00e1rolog, a tervek elvesznek, a c\u00e9l \u00e9rtelmetlenn\u00e9 v\u00e1lik. \u00c9pp ekkor bukkan fel kedvenc fest\u0151je, Norman Trickey, akit megh\u00edv egy besz\u00e9lget\u00e9sre. Amer tan\u00edt, \u00e9s ami addig lehetetlennek l\u00e1tszott, lehets\u00e9gess\u00e9 v\u00e1lik.<\/p>","protected":false},"featured_media":8754,"comment_status":"closed","ping_status":"closed","template":"","meta":{"_acf_changed":false,"_genesis_hide_title":false,"_genesis_hide_breadcrumbs":false,"_genesis_hide_singular_image":false,"_genesis_hide_footer_widgets":false,"_genesis_custom_body_class":"","_genesis_custom_post_class":"","_genesis_layout":""},"product_brand":[],"product_cat":[167,171,17,26,45],"product_tag":[],"class_list":{"0":"post-27679","1":"product","2":"type-product","3":"status-publish","4":"has-post-thumbnail","6":"product_cat-amer-konyvek","7":"product_cat-ebook-magyar","8":"product_cat-fantasy-konyvek","9":"product_cat-politikai-konyvek","10":"product_cat-spiritualis-konyvek","11":"entry","13":"first","14":"instock","15":"downloadable","16":"virtual","17":"taxable","18":"purchasable","19":"product-type-simple"},"acf":[],"yoast_head":"<!-- This site is optimized with the Yoast SEO Premium plugin v27.5 (Yoast SEO v27.5) - https:\/\/yoast.com\/product\/yoast-seo-premium-wordpress\/ -->\n<title>Kate Brooks &amp; Duncan Shelley: Amer \u00e9s a hatalom (eBook) - Duncan Shelley K\u00f6nyvesbolt<\/title>\n<meta name=\"description\" content=\"Az Amer \u00e9s a hatalom kisreg\u00e9nyben egy j\u00f3lelk\u0171 f\u00e9rfi a politikai p\u00e1ly\u00e1j\u00e1n dolgozik, de idealizmusa, f\u00e9nyes tervei semmiv\u00e9 foszlanak.\" \/>\n<meta name=\"robots\" content=\"index, follow, max-snippet:-1, max-image-preview:large, max-video-preview:-1\" \/>\n<link rel=\"canonical\" href=\"https:\/\/duncanshelley.com\/en\/product\/kate-brooks-duncan-shelley-amer-es-a-hatalom-ebook\/\" \/>\n<meta property=\"og:locale\" content=\"en_US\" \/>\n<meta property=\"og:type\" content=\"article\" \/>\n<meta property=\"og:title\" content=\"Kate Brooks &amp; Duncan Shelley: Amer \u00e9s a hatalom (eBook)\" \/>\n<meta property=\"og:description\" content=\"Az Amer \u00e9s a hatalom kisreg\u00e9nyben egy j\u00f3lelk\u0171 f\u00e9rfi a politikai p\u00e1ly\u00e1j\u00e1n dolgozik, de idealizmusa, f\u00e9nyes tervei semmiv\u00e9 foszlanak.\" \/>\n<meta property=\"og:url\" content=\"https:\/\/duncanshelley.com\/en\/product\/kate-brooks-duncan-shelley-amer-es-a-hatalom-ebook\/\" \/>\n<meta property=\"og:site_name\" content=\"Duncan Shelley K\u00f6nyvesbolt\" \/>\n<meta property=\"article:modified_time\" content=\"2025-11-11T20:33:50+00:00\" \/>\n<meta property=\"og:image\" content=\"https:\/\/duncanshelley.com\/wp-content\/uploads\/duncan-shelley-amer-es-a-hatalom-1.jpg\" \/>\n\t<meta property=\"og:image:width\" content=\"324\" \/>\n\t<meta property=\"og:image:height\" content=\"486\" \/>\n\t<meta property=\"og:image:type\" content=\"image\/jpeg\" \/>\n<meta name=\"twitter:label1\" content=\"Est. reading time\" \/>\n\t<meta name=\"twitter:data1\" content=\"1 minute\" \/>\n<script type=\"application\/ld+json\" class=\"yoast-schema-graph\">{\"@context\":\"https:\\\/\\\/schema.org\",\"@graph\":[{\"@type\":\"WebPage\",\"@id\":\"https:\\\/\\\/duncanshelley.com\\\/termek\\\/kate-brooks-duncan-shelley-amer-es-a-hatalom-ebook\\\/\",\"url\":\"https:\\\/\\\/duncanshelley.com\\\/termek\\\/kate-brooks-duncan-shelley-amer-es-a-hatalom-ebook\\\/\",\"name\":\"Kate Brooks & Duncan Shelley: Amer \u00e9s a hatalom (eBook) - Duncan Shelley K\u00f6nyvesbolt\",\"isPartOf\":{\"@id\":\"https:\\\/\\\/duncanshelley.com\\\/#website\"},\"primaryImageOfPage\":{\"@id\":\"https:\\\/\\\/duncanshelley.com\\\/termek\\\/kate-brooks-duncan-shelley-amer-es-a-hatalom-ebook\\\/#primaryimage\"},\"image\":{\"@id\":\"https:\\\/\\\/duncanshelley.com\\\/termek\\\/kate-brooks-duncan-shelley-amer-es-a-hatalom-ebook\\\/#primaryimage\"},\"thumbnailUrl\":\"https:\\\/\\\/duncanshelley.com\\\/wp-content\\\/uploads\\\/duncan-shelley-amer-es-a-hatalom-1.jpg\",\"datePublished\":\"2025-11-11T20:33:23+00:00\",\"dateModified\":\"2025-11-11T20:33:50+00:00\",\"description\":\"Az Amer \u00e9s a hatalom kisreg\u00e9nyben egy j\u00f3lelk\u0171 f\u00e9rfi a politikai p\u00e1ly\u00e1j\u00e1n dolgozik, de idealizmusa, f\u00e9nyes tervei semmiv\u00e9 foszlanak.\",\"breadcrumb\":{\"@id\":\"https:\\\/\\\/duncanshelley.com\\\/termek\\\/kate-brooks-duncan-shelley-amer-es-a-hatalom-ebook\\\/#breadcrumb\"},\"inLanguage\":\"en-US\",\"potentialAction\":[{\"@type\":\"ReadAction\",\"target\":[\"https:\\\/\\\/duncanshelley.com\\\/termek\\\/kate-brooks-duncan-shelley-amer-es-a-hatalom-ebook\\\/\"]}]},{\"@type\":\"ImageObject\",\"inLanguage\":\"en-US\",\"@id\":\"https:\\\/\\\/duncanshelley.com\\\/termek\\\/kate-brooks-duncan-shelley-amer-es-a-hatalom-ebook\\\/#primaryimage\",\"url\":\"https:\\\/\\\/duncanshelley.com\\\/wp-content\\\/uploads\\\/duncan-shelley-amer-es-a-hatalom-1.jpg\",\"contentUrl\":\"https:\\\/\\\/duncanshelley.com\\\/wp-content\\\/uploads\\\/duncan-shelley-amer-es-a-hatalom-1.jpg\",\"width\":324,\"height\":486,\"caption\":\"duncan-shelley-amer-es-a-hatalom\"},{\"@type\":\"BreadcrumbList\",\"@id\":\"https:\\\/\\\/duncanshelley.com\\\/termek\\\/kate-brooks-duncan-shelley-amer-es-a-hatalom-ebook\\\/#breadcrumb\",\"itemListElement\":[{\"@type\":\"ListItem\",\"position\":1,\"name\":\"Kezd\u0151lap\",\"item\":\"https:\\\/\\\/duncanshelley.com\\\/\"},{\"@type\":\"ListItem\",\"position\":2,\"name\":\"Webshop\",\"item\":\"https:\\\/\\\/duncanshelley.com\\\/webshop\\\/\"},{\"@type\":\"ListItem\",\"position\":3,\"name\":\"Kate Brooks &#038; Duncan Shelley: Amer \u00e9s a hatalom (eBook)\"}]},{\"@type\":\"WebSite\",\"@id\":\"https:\\\/\\\/duncanshelley.com\\\/#website\",\"url\":\"https:\\\/\\\/duncanshelley.com\\\/\",\"name\":\"Duncan Shelley K\u00f6nyvesbolt\",\"description\":\"\",\"potentialAction\":[{\"@type\":\"SearchAction\",\"target\":{\"@type\":\"EntryPoint\",\"urlTemplate\":\"https:\\\/\\\/duncanshelley.com\\\/?s={search_term_string}\"},\"query-input\":{\"@type\":\"PropertyValueSpecification\",\"valueRequired\":true,\"valueName\":\"search_term_string\"}}],\"inLanguage\":\"en-US\"}]}<\/script>\n<!-- \/ Yoast SEO Premium plugin. -->","yoast_head_json":{"title":"Kate Brooks & Duncan Shelley: Amer \u00e9s a hatalom (eBook) - Duncan Shelley K\u00f6nyvesbolt","description":"Az Amer \u00e9s a hatalom kisreg\u00e9nyben egy j\u00f3lelk\u0171 f\u00e9rfi a politikai p\u00e1ly\u00e1j\u00e1n dolgozik, de idealizmusa, f\u00e9nyes tervei semmiv\u00e9 foszlanak.","robots":{"index":"index","follow":"follow","max-snippet":"max-snippet:-1","max-image-preview":"max-image-preview:large","max-video-preview":"max-video-preview:-1"},"canonical":"https:\/\/duncanshelley.com\/en\/product\/kate-brooks-duncan-shelley-amer-es-a-hatalom-ebook\/","og_locale":"en_US","og_type":"article","og_title":"Kate Brooks & Duncan Shelley: Amer \u00e9s a hatalom (eBook)","og_description":"Az Amer \u00e9s a hatalom kisreg\u00e9nyben egy j\u00f3lelk\u0171 f\u00e9rfi a politikai p\u00e1ly\u00e1j\u00e1n dolgozik, de idealizmusa, f\u00e9nyes tervei semmiv\u00e9 foszlanak.","og_url":"https:\/\/duncanshelley.com\/en\/product\/kate-brooks-duncan-shelley-amer-es-a-hatalom-ebook\/","og_site_name":"Duncan Shelley K\u00f6nyvesbolt","article_modified_time":"2025-11-11T20:33:50+00:00","og_image":[{"width":324,"height":486,"url":"https:\/\/duncanshelley.com\/wp-content\/uploads\/duncan-shelley-amer-es-a-hatalom-1.jpg","type":"image\/jpeg"}],"twitter_misc":{"Est. reading time":"1 minute"},"schema":{"@context":"https:\/\/schema.org","@graph":[{"@type":"WebPage","@id":"https:\/\/duncanshelley.com\/termek\/kate-brooks-duncan-shelley-amer-es-a-hatalom-ebook\/","url":"https:\/\/duncanshelley.com\/termek\/kate-brooks-duncan-shelley-amer-es-a-hatalom-ebook\/","name":"Kate Brooks & Duncan Shelley: Amer \u00e9s a hatalom (eBook) - Duncan Shelley K\u00f6nyvesbolt","isPartOf":{"@id":"https:\/\/duncanshelley.com\/#website"},"primaryImageOfPage":{"@id":"https:\/\/duncanshelley.com\/termek\/kate-brooks-duncan-shelley-amer-es-a-hatalom-ebook\/#primaryimage"},"image":{"@id":"https:\/\/duncanshelley.com\/termek\/kate-brooks-duncan-shelley-amer-es-a-hatalom-ebook\/#primaryimage"},"thumbnailUrl":"https:\/\/duncanshelley.com\/wp-content\/uploads\/duncan-shelley-amer-es-a-hatalom-1.jpg","datePublished":"2025-11-11T20:33:23+00:00","dateModified":"2025-11-11T20:33:50+00:00","description":"Az Amer \u00e9s a hatalom kisreg\u00e9nyben egy j\u00f3lelk\u0171 f\u00e9rfi a politikai p\u00e1ly\u00e1j\u00e1n dolgozik, de idealizmusa, f\u00e9nyes tervei semmiv\u00e9 foszlanak.","breadcrumb":{"@id":"https:\/\/duncanshelley.com\/termek\/kate-brooks-duncan-shelley-amer-es-a-hatalom-ebook\/#breadcrumb"},"inLanguage":"en-US","potentialAction":[{"@type":"ReadAction","target":["https:\/\/duncanshelley.com\/termek\/kate-brooks-duncan-shelley-amer-es-a-hatalom-ebook\/"]}]},{"@type":"ImageObject","inLanguage":"en-US","@id":"https:\/\/duncanshelley.com\/termek\/kate-brooks-duncan-shelley-amer-es-a-hatalom-ebook\/#primaryimage","url":"https:\/\/duncanshelley.com\/wp-content\/uploads\/duncan-shelley-amer-es-a-hatalom-1.jpg","contentUrl":"https:\/\/duncanshelley.com\/wp-content\/uploads\/duncan-shelley-amer-es-a-hatalom-1.jpg","width":324,"height":486,"caption":"duncan-shelley-amer-es-a-hatalom"},{"@type":"BreadcrumbList","@id":"https:\/\/duncanshelley.com\/termek\/kate-brooks-duncan-shelley-amer-es-a-hatalom-ebook\/#breadcrumb","itemListElement":[{"@type":"ListItem","position":1,"name":"Kezd\u0151lap","item":"https:\/\/duncanshelley.com\/"},{"@type":"ListItem","position":2,"name":"Webshop","item":"https:\/\/duncanshelley.com\/webshop\/"},{"@type":"ListItem","position":3,"name":"Kate Brooks &#038; Duncan Shelley: Amer \u00e9s a hatalom (eBook)"}]},{"@type":"WebSite","@id":"https:\/\/duncanshelley.com\/#website","url":"https:\/\/duncanshelley.com\/","name":"Duncan Shelley K\u00f6nyvesbolt","description":"","potentialAction":[{"@type":"SearchAction","target":{"@type":"EntryPoint","urlTemplate":"https:\/\/duncanshelley.com\/?s={search_term_string}"},"query-input":{"@type":"PropertyValueSpecification","valueRequired":true,"valueName":"search_term_string"}}],"inLanguage":"en-US"}]}},"_links":{"self":[{"href":"https:\/\/duncanshelley.com\/en\/wp-json\/wp\/v2\/product\/27679","targetHints":{"allow":["GET"]}}],"collection":[{"href":"https:\/\/duncanshelley.com\/en\/wp-json\/wp\/v2\/product"}],"about":[{"href":"https:\/\/duncanshelley.com\/en\/wp-json\/wp\/v2\/types\/product"}],"replies":[{"embeddable":true,"href":"https:\/\/duncanshelley.com\/en\/wp-json\/wp\/v2\/comments?post=27679"}],"wp:featuredmedia":[{"embeddable":true,"href":"https:\/\/duncanshelley.com\/en\/wp-json\/wp\/v2\/media\/8754"}],"wp:attachment":[{"href":"https:\/\/duncanshelley.com\/en\/wp-json\/wp\/v2\/media?parent=27679"}],"wp:term":[{"taxonomy":"product_brand","embeddable":true,"href":"https:\/\/duncanshelley.com\/en\/wp-json\/wp\/v2\/product_brand?post=27679"},{"taxonomy":"product_cat","embeddable":true,"href":"https:\/\/duncanshelley.com\/en\/wp-json\/wp\/v2\/product_cat?post=27679"},{"taxonomy":"product_tag","embeddable":true,"href":"https:\/\/duncanshelley.com\/en\/wp-json\/wp\/v2\/product_tag?post=27679"}],"curies":[{"name":"wp","href":"https:\/\/api.w.org\/{rel}","templated":true}]}}