{"id":27676,"date":"2025-11-11T21:31:59","date_gmt":"2025-11-11T20:31:59","guid":{"rendered":"https:\/\/duncanshelley.com\/?post_type=product&#038;p=27676"},"modified":"2025-11-11T21:32:34","modified_gmt":"2025-11-11T20:32:34","slug":"kate-brooks-duncan-shelley-amer-es-a-feltekenyseg-ebook","status":"publish","type":"product","link":"https:\/\/duncanshelley.com\/en\/product\/kate-brooks-duncan-shelley-amer-es-a-feltekenyseg-ebook\/","title":{"rendered":"Kate Brooks &#038; Duncan Shelley: Amer \u00e9s a f\u00e9lt\u00e9kenys\u00e9g (eBook)"},"content":{"rendered":"<p>Amer \u00e9s a f\u00e9lt\u00e9kenys\u00e9g (id\u00e9zet):<\/p>\n<blockquote><p>&#8222;Ha tapasztaljuk, vagy sejtj\u00fck, hogy a szeretetb\u0151l, amit kaptunk, m\u00e1s is r\u00e9szes\u00fcl, megjelenik a z\u00f6ld szerm\u0171 sz\u00f6rnyeteg. A f\u00e9lt\u00e9kenys\u00e9g olyan \u0151r\u00fcletbe torkolhat, amely t\u00f6nkreteheti azt, aki \u00e9rzi, \u00e9s azokat, akiket felel\u0151snek tart a szeretet cs\u00f6kken\u00e9s\u00e9ben. A sz\u00f6rny hozhat mag\u00e1nyt, t\u00e1rsadalmi kirekesztetts\u00e9get, elmebajt \u00e9s b\u0171n\u00f6ket.<\/p>\n<p>A tizenegyedik Amer t\u00f6rt\u00e9net bemutatja a f\u00e9lt\u00e9kenys\u00e9g n\u0151i \u00e9s f\u00e9rfi oldal\u00e1t, a csapd\u00e1kat, a lefel\u00e9 h\u00faz\u00f3 spir\u00e1lt, \u00e9s a kiutat.&#8221;<\/p><\/blockquote>","protected":false},"excerpt":{"rendered":"<p><strong>M\u0171faj<\/strong>: fantasy<br \/>\n<strong>Oldalsz\u00e1m<\/strong>: 72<br \/>\n<strong>Kiad\u00e1s<\/strong> <strong>\u00e9ve<\/strong>: 2018.<\/p>\n<p>A t\u00f6rt\u00e9net a jelenben j\u00e1tsz\u00f3dik. Amer felfigyel egy veszeked\u00e9sre, \u00e9s \u00fagy d\u00f6nt, beavatkozik. Ez\u00fattal egyszerre k\u00e9t testet haszn\u00e1l, rend\u0151rj\u00e1r\u0151rnek adva ki mag\u00e1t behatol a lak\u00e1sba, ahol \u00e1ll a b\u00e1l. Egy kapcsolat teljesen t\u00f6nkrement a f\u00e9lt\u00e9kenys\u00e9g miatt, az egyik f\u00e9l ki akar sz\u00e1llni bel\u0151le, amibe a m\u00e1sik k\u00e9ptelen belenyugodni.<\/p>\n<p>A var\u00e1zsl\u00f3 egy rend\u0151rt \u00e9s egy rend\u0151rn\u0151t alak\u00edt, egyszerre k\u00e9t helyen van jelen, k\u00e9t emberrel besz\u00e9lget, \u00e9s e besz\u00e9lget\u00e9sek sor\u00e1n vezeti el \u0151ket olyan felismer\u00e9sekhez, melyek seg\u00edtenek meg\u00e9rteni a helyzet\u00fcket.<\/p>","protected":false},"featured_media":8756,"comment_status":"closed","ping_status":"closed","template":"","meta":{"_acf_changed":false,"_genesis_hide_title":false,"_genesis_hide_breadcrumbs":false,"_genesis_hide_singular_image":false,"_genesis_hide_footer_widgets":false,"_genesis_custom_body_class":"","_genesis_custom_post_class":"","_genesis_layout":""},"product_brand":[],"product_cat":[167,171,17,45],"product_tag":[],"class_list":{"0":"post-27676","1":"product","2":"type-product","3":"status-publish","4":"has-post-thumbnail","6":"product_cat-amer-konyvek","7":"product_cat-ebook-magyar","8":"product_cat-fantasy-konyvek","9":"product_cat-spiritualis-konyvek","10":"entry","12":"first","13":"instock","14":"downloadable","15":"virtual","16":"taxable","17":"purchasable","18":"product-type-simple"},"acf":[],"yoast_head":"<!-- This site is optimized with the Yoast SEO Premium plugin v27.3 (Yoast SEO v27.3) - https:\/\/yoast.com\/product\/yoast-seo-premium-wordpress\/ -->\n<title>Kate Brooks &amp; Duncan Shelley: Amer \u00e9s a f\u00e9lt\u00e9kenys\u00e9g (eBook) - Duncan Shelley K\u00f6nyvesbolt<\/title>\n<meta name=\"description\" content=\"Az Amer \u00e9s a f\u00e9lt\u00e9kenys\u00e9g kisreg\u00e9ny a jelenben j\u00e1tsz\u00f3dik. Amer felfigyel egy veszeked\u00e9sre, \u00e9s \u00fagy d\u00f6nt, beavatkozik hogy seg\u00edtsen.\" \/>\n<meta name=\"robots\" content=\"index, follow, max-snippet:-1, max-image-preview:large, max-video-preview:-1\" \/>\n<link rel=\"canonical\" href=\"https:\/\/duncanshelley.com\/en\/product\/kate-brooks-duncan-shelley-amer-es-a-feltekenyseg-ebook\/\" \/>\n<meta property=\"og:locale\" content=\"en_US\" \/>\n<meta property=\"og:type\" content=\"article\" \/>\n<meta property=\"og:title\" content=\"Kate Brooks &amp; Duncan Shelley: Amer \u00e9s a f\u00e9lt\u00e9kenys\u00e9g (eBook)\" \/>\n<meta property=\"og:description\" content=\"Az Amer \u00e9s a f\u00e9lt\u00e9kenys\u00e9g kisreg\u00e9ny a jelenben j\u00e1tsz\u00f3dik. Amer felfigyel egy veszeked\u00e9sre, \u00e9s \u00fagy d\u00f6nt, beavatkozik hogy seg\u00edtsen.\" \/>\n<meta property=\"og:url\" content=\"https:\/\/duncanshelley.com\/en\/product\/kate-brooks-duncan-shelley-amer-es-a-feltekenyseg-ebook\/\" \/>\n<meta property=\"og:site_name\" content=\"Duncan Shelley K\u00f6nyvesbolt\" \/>\n<meta property=\"article:modified_time\" content=\"2025-11-11T20:32:34+00:00\" \/>\n<meta property=\"og:image\" content=\"https:\/\/duncanshelley.com\/wp-content\/uploads\/duncan-shelley-amer-es-a-feltekenyseg-1.jpg\" \/>\n\t<meta property=\"og:image:width\" content=\"324\" \/>\n\t<meta property=\"og:image:height\" content=\"486\" \/>\n\t<meta property=\"og:image:type\" content=\"image\/jpeg\" \/>\n<meta name=\"twitter:label1\" content=\"Est. reading time\" \/>\n\t<meta name=\"twitter:data1\" content=\"1 minute\" \/>\n<script type=\"application\/ld+json\" class=\"yoast-schema-graph\">{\"@context\":\"https:\\\/\\\/schema.org\",\"@graph\":[{\"@type\":\"WebPage\",\"@id\":\"https:\\\/\\\/duncanshelley.com\\\/termek\\\/kate-brooks-duncan-shelley-amer-es-a-feltekenyseg-ebook\\\/\",\"url\":\"https:\\\/\\\/duncanshelley.com\\\/termek\\\/kate-brooks-duncan-shelley-amer-es-a-feltekenyseg-ebook\\\/\",\"name\":\"Kate Brooks & Duncan Shelley: Amer \u00e9s a f\u00e9lt\u00e9kenys\u00e9g (eBook) - Duncan Shelley K\u00f6nyvesbolt\",\"isPartOf\":{\"@id\":\"https:\\\/\\\/duncanshelley.com\\\/#website\"},\"primaryImageOfPage\":{\"@id\":\"https:\\\/\\\/duncanshelley.com\\\/termek\\\/kate-brooks-duncan-shelley-amer-es-a-feltekenyseg-ebook\\\/#primaryimage\"},\"image\":{\"@id\":\"https:\\\/\\\/duncanshelley.com\\\/termek\\\/kate-brooks-duncan-shelley-amer-es-a-feltekenyseg-ebook\\\/#primaryimage\"},\"thumbnailUrl\":\"https:\\\/\\\/duncanshelley.com\\\/wp-content\\\/uploads\\\/duncan-shelley-amer-es-a-feltekenyseg-1.jpg\",\"datePublished\":\"2025-11-11T20:31:59+00:00\",\"dateModified\":\"2025-11-11T20:32:34+00:00\",\"description\":\"Az Amer \u00e9s a f\u00e9lt\u00e9kenys\u00e9g kisreg\u00e9ny a jelenben j\u00e1tsz\u00f3dik. Amer felfigyel egy veszeked\u00e9sre, \u00e9s \u00fagy d\u00f6nt, beavatkozik hogy seg\u00edtsen.\",\"breadcrumb\":{\"@id\":\"https:\\\/\\\/duncanshelley.com\\\/termek\\\/kate-brooks-duncan-shelley-amer-es-a-feltekenyseg-ebook\\\/#breadcrumb\"},\"inLanguage\":\"en-US\",\"potentialAction\":[{\"@type\":\"ReadAction\",\"target\":[\"https:\\\/\\\/duncanshelley.com\\\/termek\\\/kate-brooks-duncan-shelley-amer-es-a-feltekenyseg-ebook\\\/\"]}]},{\"@type\":\"ImageObject\",\"inLanguage\":\"en-US\",\"@id\":\"https:\\\/\\\/duncanshelley.com\\\/termek\\\/kate-brooks-duncan-shelley-amer-es-a-feltekenyseg-ebook\\\/#primaryimage\",\"url\":\"https:\\\/\\\/duncanshelley.com\\\/wp-content\\\/uploads\\\/duncan-shelley-amer-es-a-feltekenyseg-1.jpg\",\"contentUrl\":\"https:\\\/\\\/duncanshelley.com\\\/wp-content\\\/uploads\\\/duncan-shelley-amer-es-a-feltekenyseg-1.jpg\",\"width\":324,\"height\":486,\"caption\":\"duncan-shelley-amer-es-a-feltekenyseg\"},{\"@type\":\"BreadcrumbList\",\"@id\":\"https:\\\/\\\/duncanshelley.com\\\/termek\\\/kate-brooks-duncan-shelley-amer-es-a-feltekenyseg-ebook\\\/#breadcrumb\",\"itemListElement\":[{\"@type\":\"ListItem\",\"position\":1,\"name\":\"Kezd\u0151lap\",\"item\":\"https:\\\/\\\/duncanshelley.com\\\/\"},{\"@type\":\"ListItem\",\"position\":2,\"name\":\"Webshop\",\"item\":\"https:\\\/\\\/duncanshelley.com\\\/webshop\\\/\"},{\"@type\":\"ListItem\",\"position\":3,\"name\":\"Kate Brooks &#038; Duncan Shelley: Amer \u00e9s a f\u00e9lt\u00e9kenys\u00e9g (eBook)\"}]},{\"@type\":\"WebSite\",\"@id\":\"https:\\\/\\\/duncanshelley.com\\\/#website\",\"url\":\"https:\\\/\\\/duncanshelley.com\\\/\",\"name\":\"Duncan Shelley K\u00f6nyvesbolt\",\"description\":\"\",\"potentialAction\":[{\"@type\":\"SearchAction\",\"target\":{\"@type\":\"EntryPoint\",\"urlTemplate\":\"https:\\\/\\\/duncanshelley.com\\\/?s={search_term_string}\"},\"query-input\":{\"@type\":\"PropertyValueSpecification\",\"valueRequired\":true,\"valueName\":\"search_term_string\"}}],\"inLanguage\":\"en-US\"}]}<\/script>\n<!-- \/ Yoast SEO Premium plugin. -->","yoast_head_json":{"title":"Kate Brooks & Duncan Shelley: Amer \u00e9s a f\u00e9lt\u00e9kenys\u00e9g (eBook) - Duncan Shelley K\u00f6nyvesbolt","description":"Az Amer \u00e9s a f\u00e9lt\u00e9kenys\u00e9g kisreg\u00e9ny a jelenben j\u00e1tsz\u00f3dik. Amer felfigyel egy veszeked\u00e9sre, \u00e9s \u00fagy d\u00f6nt, beavatkozik hogy seg\u00edtsen.","robots":{"index":"index","follow":"follow","max-snippet":"max-snippet:-1","max-image-preview":"max-image-preview:large","max-video-preview":"max-video-preview:-1"},"canonical":"https:\/\/duncanshelley.com\/en\/product\/kate-brooks-duncan-shelley-amer-es-a-feltekenyseg-ebook\/","og_locale":"en_US","og_type":"article","og_title":"Kate Brooks & Duncan Shelley: Amer \u00e9s a f\u00e9lt\u00e9kenys\u00e9g (eBook)","og_description":"Az Amer \u00e9s a f\u00e9lt\u00e9kenys\u00e9g kisreg\u00e9ny a jelenben j\u00e1tsz\u00f3dik. Amer felfigyel egy veszeked\u00e9sre, \u00e9s \u00fagy d\u00f6nt, beavatkozik hogy seg\u00edtsen.","og_url":"https:\/\/duncanshelley.com\/en\/product\/kate-brooks-duncan-shelley-amer-es-a-feltekenyseg-ebook\/","og_site_name":"Duncan Shelley K\u00f6nyvesbolt","article_modified_time":"2025-11-11T20:32:34+00:00","og_image":[{"width":324,"height":486,"url":"https:\/\/duncanshelley.com\/wp-content\/uploads\/duncan-shelley-amer-es-a-feltekenyseg-1.jpg","type":"image\/jpeg"}],"twitter_misc":{"Est. reading time":"1 minute"},"schema":{"@context":"https:\/\/schema.org","@graph":[{"@type":"WebPage","@id":"https:\/\/duncanshelley.com\/termek\/kate-brooks-duncan-shelley-amer-es-a-feltekenyseg-ebook\/","url":"https:\/\/duncanshelley.com\/termek\/kate-brooks-duncan-shelley-amer-es-a-feltekenyseg-ebook\/","name":"Kate Brooks & Duncan Shelley: Amer \u00e9s a f\u00e9lt\u00e9kenys\u00e9g (eBook) - Duncan Shelley K\u00f6nyvesbolt","isPartOf":{"@id":"https:\/\/duncanshelley.com\/#website"},"primaryImageOfPage":{"@id":"https:\/\/duncanshelley.com\/termek\/kate-brooks-duncan-shelley-amer-es-a-feltekenyseg-ebook\/#primaryimage"},"image":{"@id":"https:\/\/duncanshelley.com\/termek\/kate-brooks-duncan-shelley-amer-es-a-feltekenyseg-ebook\/#primaryimage"},"thumbnailUrl":"https:\/\/duncanshelley.com\/wp-content\/uploads\/duncan-shelley-amer-es-a-feltekenyseg-1.jpg","datePublished":"2025-11-11T20:31:59+00:00","dateModified":"2025-11-11T20:32:34+00:00","description":"Az Amer \u00e9s a f\u00e9lt\u00e9kenys\u00e9g kisreg\u00e9ny a jelenben j\u00e1tsz\u00f3dik. Amer felfigyel egy veszeked\u00e9sre, \u00e9s \u00fagy d\u00f6nt, beavatkozik hogy seg\u00edtsen.","breadcrumb":{"@id":"https:\/\/duncanshelley.com\/termek\/kate-brooks-duncan-shelley-amer-es-a-feltekenyseg-ebook\/#breadcrumb"},"inLanguage":"en-US","potentialAction":[{"@type":"ReadAction","target":["https:\/\/duncanshelley.com\/termek\/kate-brooks-duncan-shelley-amer-es-a-feltekenyseg-ebook\/"]}]},{"@type":"ImageObject","inLanguage":"en-US","@id":"https:\/\/duncanshelley.com\/termek\/kate-brooks-duncan-shelley-amer-es-a-feltekenyseg-ebook\/#primaryimage","url":"https:\/\/duncanshelley.com\/wp-content\/uploads\/duncan-shelley-amer-es-a-feltekenyseg-1.jpg","contentUrl":"https:\/\/duncanshelley.com\/wp-content\/uploads\/duncan-shelley-amer-es-a-feltekenyseg-1.jpg","width":324,"height":486,"caption":"duncan-shelley-amer-es-a-feltekenyseg"},{"@type":"BreadcrumbList","@id":"https:\/\/duncanshelley.com\/termek\/kate-brooks-duncan-shelley-amer-es-a-feltekenyseg-ebook\/#breadcrumb","itemListElement":[{"@type":"ListItem","position":1,"name":"Kezd\u0151lap","item":"https:\/\/duncanshelley.com\/"},{"@type":"ListItem","position":2,"name":"Webshop","item":"https:\/\/duncanshelley.com\/webshop\/"},{"@type":"ListItem","position":3,"name":"Kate Brooks &#038; Duncan Shelley: Amer \u00e9s a f\u00e9lt\u00e9kenys\u00e9g (eBook)"}]},{"@type":"WebSite","@id":"https:\/\/duncanshelley.com\/#website","url":"https:\/\/duncanshelley.com\/","name":"Duncan Shelley K\u00f6nyvesbolt","description":"","potentialAction":[{"@type":"SearchAction","target":{"@type":"EntryPoint","urlTemplate":"https:\/\/duncanshelley.com\/?s={search_term_string}"},"query-input":{"@type":"PropertyValueSpecification","valueRequired":true,"valueName":"search_term_string"}}],"inLanguage":"en-US"}]}},"_links":{"self":[{"href":"https:\/\/duncanshelley.com\/en\/wp-json\/wp\/v2\/product\/27676","targetHints":{"allow":["GET"]}}],"collection":[{"href":"https:\/\/duncanshelley.com\/en\/wp-json\/wp\/v2\/product"}],"about":[{"href":"https:\/\/duncanshelley.com\/en\/wp-json\/wp\/v2\/types\/product"}],"replies":[{"embeddable":true,"href":"https:\/\/duncanshelley.com\/en\/wp-json\/wp\/v2\/comments?post=27676"}],"wp:featuredmedia":[{"embeddable":true,"href":"https:\/\/duncanshelley.com\/en\/wp-json\/wp\/v2\/media\/8756"}],"wp:attachment":[{"href":"https:\/\/duncanshelley.com\/en\/wp-json\/wp\/v2\/media?parent=27676"}],"wp:term":[{"taxonomy":"product_brand","embeddable":true,"href":"https:\/\/duncanshelley.com\/en\/wp-json\/wp\/v2\/product_brand?post=27676"},{"taxonomy":"product_cat","embeddable":true,"href":"https:\/\/duncanshelley.com\/en\/wp-json\/wp\/v2\/product_cat?post=27676"},{"taxonomy":"product_tag","embeddable":true,"href":"https:\/\/duncanshelley.com\/en\/wp-json\/wp\/v2\/product_tag?post=27676"}],"curies":[{"name":"wp","href":"https:\/\/api.w.org\/{rel}","templated":true}]}}