{"id":27670,"date":"2025-11-11T21:28:48","date_gmt":"2025-11-11T20:28:48","guid":{"rendered":"https:\/\/duncanshelley.com\/?post_type=product&#038;p=27670"},"modified":"2025-11-11T21:29:56","modified_gmt":"2025-11-11T20:29:56","slug":"kate-brooks-duncan-shelley-amer-verben-azva-ebook","status":"publish","type":"product","link":"https:\/\/duncanshelley.com\/en\/product\/kate-brooks-duncan-shelley-amer-verben-azva-ebook\/","title":{"rendered":"Kate Brooks &#038; Duncan Shelley: Amer v\u00e9rben \u00e1zva (eBook)"},"content":{"rendered":"<p>Amer v\u00e9rben \u00e1zva id\u00e9zet:<\/p>\n<blockquote><p>A verseny kezdet\u00e9n csak egy dolog biztos:<\/p>\n<p>a gy\u0151ztes ott \u00e1ll a rajtvonaln\u00e1l.<\/p><\/blockquote>","protected":false},"excerpt":{"rendered":"<p><strong>M\u0171faj<\/strong>: fantasy, horror<br \/>\n<strong>Oldalsz\u00e1m<\/strong>: 62<br \/>\n<strong>Kiad\u00e1s \u00e9ve<\/strong>: 2014.<\/p>\n<p>A t\u00f6rt\u00e9net a 11. sz\u00e1zadban j\u00e1tsz\u00f3dik. Amer meg\u00f6regedett, hetvenes \u00e9veit tapossa, k\u00e9t \u00e9vtizede nem l\u00e1tta mester\u00e9t, hi\u00e1ba h\u00edvja, hi\u00e1ba k\u00e9rdez. A vil\u00e1got j\u00e1rja, h\u00e1tha meg\u00e9rti, mi\u00e9rt hagyt\u00e1k el. Folyton r\u00e1g\u00f3dik, tal\u00e1n rossz tan\u00edtv\u00e1ny volt, tal\u00e1n nem viselkedett j\u00f3l.<\/p>\n<p>A h\u00f3vid\u00e9kre t\u00e9ved, ahol romos kasz\u00e1rny\u00e1t tal\u00e1l, benne n\u00e9h\u00e1ny elcsig\u00e1zott katon\u00e1t, akik valamif\u00e9le sz\u00f6rnyetegek t\u00e1mad\u00e1s\u00e1t\u00f3l tartanak. Amert befogadj\u00e1k, \u00edrnok lesz bel\u0151le. Az id\u0151 lassan v\u00e1nszorog, \u00e9s v\u00e9g\u00fcl meg\u00e9rkezik az ellens\u00e9g, melyet nem lehet legy\u0151zni.<\/p>\n<p>Amernek a hal\u00e1l mezsgy\u00e9j\u00e9n kell megtanulnia \u00e9lete legnagyobb leck\u00e9j\u00e9t.<\/p>","protected":false},"featured_media":8753,"comment_status":"closed","ping_status":"closed","template":"","meta":{"_acf_changed":false,"_genesis_hide_title":false,"_genesis_hide_breadcrumbs":false,"_genesis_hide_singular_image":false,"_genesis_hide_footer_widgets":false,"_genesis_custom_body_class":"","_genesis_custom_post_class":"","_genesis_layout":""},"product_brand":[],"product_cat":[167,171,17,45],"product_tag":[],"class_list":{"0":"post-27670","1":"product","2":"type-product","3":"status-publish","4":"has-post-thumbnail","6":"product_cat-amer-konyvek","7":"product_cat-ebook-magyar","8":"product_cat-fantasy-konyvek","9":"product_cat-spiritualis-konyvek","10":"entry","12":"first","13":"instock","14":"downloadable","15":"virtual","16":"taxable","17":"purchasable","18":"product-type-simple"},"acf":[],"yoast_head":"<!-- This site is optimized with the Yoast SEO Premium plugin v27.4 (Yoast SEO v27.4) - https:\/\/yoast.com\/product\/yoast-seo-premium-wordpress\/ -->\n<title>Kate Brooks &amp; Duncan Shelley: Amer v\u00e9rben \u00e1zva (eBook) - Duncan Shelley K\u00f6nyvesbolt<\/title>\n<meta name=\"description\" content=\"Az Amer v\u00e9rben \u00e1zva c\u00edm\u0171 kisreg\u00e9nyben Amernek a hal\u00e1l mezsgy\u00e9j\u00e9n kell megtanulnia \u00e9lete legnagyobb leck\u00e9j\u00e9t.\" \/>\n<meta name=\"robots\" content=\"index, follow, max-snippet:-1, max-image-preview:large, max-video-preview:-1\" \/>\n<link rel=\"canonical\" href=\"https:\/\/duncanshelley.com\/en\/product\/kate-brooks-duncan-shelley-amer-verben-azva-ebook\/\" \/>\n<meta property=\"og:locale\" content=\"en_US\" \/>\n<meta property=\"og:type\" content=\"article\" \/>\n<meta property=\"og:title\" content=\"Kate Brooks &amp; Duncan Shelley: Amer v\u00e9rben \u00e1zva (eBook)\" \/>\n<meta property=\"og:description\" content=\"Az Amer v\u00e9rben \u00e1zva c\u00edm\u0171 kisreg\u00e9nyben Amernek a hal\u00e1l mezsgy\u00e9j\u00e9n kell megtanulnia \u00e9lete legnagyobb leck\u00e9j\u00e9t.\" \/>\n<meta property=\"og:url\" content=\"https:\/\/duncanshelley.com\/en\/product\/kate-brooks-duncan-shelley-amer-verben-azva-ebook\/\" \/>\n<meta property=\"og:site_name\" content=\"Duncan Shelley K\u00f6nyvesbolt\" \/>\n<meta property=\"article:modified_time\" content=\"2025-11-11T20:29:56+00:00\" \/>\n<meta property=\"og:image\" content=\"https:\/\/duncanshelley.com\/wp-content\/uploads\/duncan-shelley-amer-verben-azva-1.jpg\" \/>\n\t<meta property=\"og:image:width\" content=\"324\" \/>\n\t<meta property=\"og:image:height\" content=\"486\" \/>\n\t<meta property=\"og:image:type\" content=\"image\/jpeg\" \/>\n<meta name=\"twitter:label1\" content=\"Est. reading time\" \/>\n\t<meta name=\"twitter:data1\" content=\"1 minute\" \/>\n<script type=\"application\/ld+json\" class=\"yoast-schema-graph\">{\"@context\":\"https:\\\/\\\/schema.org\",\"@graph\":[{\"@type\":\"WebPage\",\"@id\":\"https:\\\/\\\/duncanshelley.com\\\/termek\\\/kate-brooks-duncan-shelley-amer-verben-azva-ebook\\\/\",\"url\":\"https:\\\/\\\/duncanshelley.com\\\/termek\\\/kate-brooks-duncan-shelley-amer-verben-azva-ebook\\\/\",\"name\":\"Kate Brooks & Duncan Shelley: Amer v\u00e9rben \u00e1zva (eBook) - Duncan Shelley K\u00f6nyvesbolt\",\"isPartOf\":{\"@id\":\"https:\\\/\\\/duncanshelley.com\\\/#website\"},\"primaryImageOfPage\":{\"@id\":\"https:\\\/\\\/duncanshelley.com\\\/termek\\\/kate-brooks-duncan-shelley-amer-verben-azva-ebook\\\/#primaryimage\"},\"image\":{\"@id\":\"https:\\\/\\\/duncanshelley.com\\\/termek\\\/kate-brooks-duncan-shelley-amer-verben-azva-ebook\\\/#primaryimage\"},\"thumbnailUrl\":\"https:\\\/\\\/duncanshelley.com\\\/wp-content\\\/uploads\\\/duncan-shelley-amer-verben-azva-1.jpg\",\"datePublished\":\"2025-11-11T20:28:48+00:00\",\"dateModified\":\"2025-11-11T20:29:56+00:00\",\"description\":\"Az Amer v\u00e9rben \u00e1zva c\u00edm\u0171 kisreg\u00e9nyben Amernek a hal\u00e1l mezsgy\u00e9j\u00e9n kell megtanulnia \u00e9lete legnagyobb leck\u00e9j\u00e9t.\",\"breadcrumb\":{\"@id\":\"https:\\\/\\\/duncanshelley.com\\\/termek\\\/kate-brooks-duncan-shelley-amer-verben-azva-ebook\\\/#breadcrumb\"},\"inLanguage\":\"en-US\",\"potentialAction\":[{\"@type\":\"ReadAction\",\"target\":[\"https:\\\/\\\/duncanshelley.com\\\/termek\\\/kate-brooks-duncan-shelley-amer-verben-azva-ebook\\\/\"]}]},{\"@type\":\"ImageObject\",\"inLanguage\":\"en-US\",\"@id\":\"https:\\\/\\\/duncanshelley.com\\\/termek\\\/kate-brooks-duncan-shelley-amer-verben-azva-ebook\\\/#primaryimage\",\"url\":\"https:\\\/\\\/duncanshelley.com\\\/wp-content\\\/uploads\\\/duncan-shelley-amer-verben-azva-1.jpg\",\"contentUrl\":\"https:\\\/\\\/duncanshelley.com\\\/wp-content\\\/uploads\\\/duncan-shelley-amer-verben-azva-1.jpg\",\"width\":324,\"height\":486,\"caption\":\"duncan-shelley-amer-verben-azva\"},{\"@type\":\"BreadcrumbList\",\"@id\":\"https:\\\/\\\/duncanshelley.com\\\/termek\\\/kate-brooks-duncan-shelley-amer-verben-azva-ebook\\\/#breadcrumb\",\"itemListElement\":[{\"@type\":\"ListItem\",\"position\":1,\"name\":\"Kezd\u0151lap\",\"item\":\"https:\\\/\\\/duncanshelley.com\\\/\"},{\"@type\":\"ListItem\",\"position\":2,\"name\":\"Webshop\",\"item\":\"https:\\\/\\\/duncanshelley.com\\\/webshop\\\/\"},{\"@type\":\"ListItem\",\"position\":3,\"name\":\"Kate Brooks &#038; Duncan Shelley: Amer v\u00e9rben \u00e1zva (eBook)\"}]},{\"@type\":\"WebSite\",\"@id\":\"https:\\\/\\\/duncanshelley.com\\\/#website\",\"url\":\"https:\\\/\\\/duncanshelley.com\\\/\",\"name\":\"Duncan Shelley K\u00f6nyvesbolt\",\"description\":\"\",\"potentialAction\":[{\"@type\":\"SearchAction\",\"target\":{\"@type\":\"EntryPoint\",\"urlTemplate\":\"https:\\\/\\\/duncanshelley.com\\\/?s={search_term_string}\"},\"query-input\":{\"@type\":\"PropertyValueSpecification\",\"valueRequired\":true,\"valueName\":\"search_term_string\"}}],\"inLanguage\":\"en-US\"}]}<\/script>\n<!-- \/ Yoast SEO Premium plugin. -->","yoast_head_json":{"title":"Kate Brooks & Duncan Shelley: Amer v\u00e9rben \u00e1zva (eBook) - Duncan Shelley K\u00f6nyvesbolt","description":"Az Amer v\u00e9rben \u00e1zva c\u00edm\u0171 kisreg\u00e9nyben Amernek a hal\u00e1l mezsgy\u00e9j\u00e9n kell megtanulnia \u00e9lete legnagyobb leck\u00e9j\u00e9t.","robots":{"index":"index","follow":"follow","max-snippet":"max-snippet:-1","max-image-preview":"max-image-preview:large","max-video-preview":"max-video-preview:-1"},"canonical":"https:\/\/duncanshelley.com\/en\/product\/kate-brooks-duncan-shelley-amer-verben-azva-ebook\/","og_locale":"en_US","og_type":"article","og_title":"Kate Brooks & Duncan Shelley: Amer v\u00e9rben \u00e1zva (eBook)","og_description":"Az Amer v\u00e9rben \u00e1zva c\u00edm\u0171 kisreg\u00e9nyben Amernek a hal\u00e1l mezsgy\u00e9j\u00e9n kell megtanulnia \u00e9lete legnagyobb leck\u00e9j\u00e9t.","og_url":"https:\/\/duncanshelley.com\/en\/product\/kate-brooks-duncan-shelley-amer-verben-azva-ebook\/","og_site_name":"Duncan Shelley K\u00f6nyvesbolt","article_modified_time":"2025-11-11T20:29:56+00:00","og_image":[{"width":324,"height":486,"url":"https:\/\/duncanshelley.com\/wp-content\/uploads\/duncan-shelley-amer-verben-azva-1.jpg","type":"image\/jpeg"}],"twitter_misc":{"Est. reading time":"1 minute"},"schema":{"@context":"https:\/\/schema.org","@graph":[{"@type":"WebPage","@id":"https:\/\/duncanshelley.com\/termek\/kate-brooks-duncan-shelley-amer-verben-azva-ebook\/","url":"https:\/\/duncanshelley.com\/termek\/kate-brooks-duncan-shelley-amer-verben-azva-ebook\/","name":"Kate Brooks & Duncan Shelley: Amer v\u00e9rben \u00e1zva (eBook) - Duncan Shelley K\u00f6nyvesbolt","isPartOf":{"@id":"https:\/\/duncanshelley.com\/#website"},"primaryImageOfPage":{"@id":"https:\/\/duncanshelley.com\/termek\/kate-brooks-duncan-shelley-amer-verben-azva-ebook\/#primaryimage"},"image":{"@id":"https:\/\/duncanshelley.com\/termek\/kate-brooks-duncan-shelley-amer-verben-azva-ebook\/#primaryimage"},"thumbnailUrl":"https:\/\/duncanshelley.com\/wp-content\/uploads\/duncan-shelley-amer-verben-azva-1.jpg","datePublished":"2025-11-11T20:28:48+00:00","dateModified":"2025-11-11T20:29:56+00:00","description":"Az Amer v\u00e9rben \u00e1zva c\u00edm\u0171 kisreg\u00e9nyben Amernek a hal\u00e1l mezsgy\u00e9j\u00e9n kell megtanulnia \u00e9lete legnagyobb leck\u00e9j\u00e9t.","breadcrumb":{"@id":"https:\/\/duncanshelley.com\/termek\/kate-brooks-duncan-shelley-amer-verben-azva-ebook\/#breadcrumb"},"inLanguage":"en-US","potentialAction":[{"@type":"ReadAction","target":["https:\/\/duncanshelley.com\/termek\/kate-brooks-duncan-shelley-amer-verben-azva-ebook\/"]}]},{"@type":"ImageObject","inLanguage":"en-US","@id":"https:\/\/duncanshelley.com\/termek\/kate-brooks-duncan-shelley-amer-verben-azva-ebook\/#primaryimage","url":"https:\/\/duncanshelley.com\/wp-content\/uploads\/duncan-shelley-amer-verben-azva-1.jpg","contentUrl":"https:\/\/duncanshelley.com\/wp-content\/uploads\/duncan-shelley-amer-verben-azva-1.jpg","width":324,"height":486,"caption":"duncan-shelley-amer-verben-azva"},{"@type":"BreadcrumbList","@id":"https:\/\/duncanshelley.com\/termek\/kate-brooks-duncan-shelley-amer-verben-azva-ebook\/#breadcrumb","itemListElement":[{"@type":"ListItem","position":1,"name":"Kezd\u0151lap","item":"https:\/\/duncanshelley.com\/"},{"@type":"ListItem","position":2,"name":"Webshop","item":"https:\/\/duncanshelley.com\/webshop\/"},{"@type":"ListItem","position":3,"name":"Kate Brooks &#038; Duncan Shelley: Amer v\u00e9rben \u00e1zva (eBook)"}]},{"@type":"WebSite","@id":"https:\/\/duncanshelley.com\/#website","url":"https:\/\/duncanshelley.com\/","name":"Duncan Shelley K\u00f6nyvesbolt","description":"","potentialAction":[{"@type":"SearchAction","target":{"@type":"EntryPoint","urlTemplate":"https:\/\/duncanshelley.com\/?s={search_term_string}"},"query-input":{"@type":"PropertyValueSpecification","valueRequired":true,"valueName":"search_term_string"}}],"inLanguage":"en-US"}]}},"_links":{"self":[{"href":"https:\/\/duncanshelley.com\/en\/wp-json\/wp\/v2\/product\/27670","targetHints":{"allow":["GET"]}}],"collection":[{"href":"https:\/\/duncanshelley.com\/en\/wp-json\/wp\/v2\/product"}],"about":[{"href":"https:\/\/duncanshelley.com\/en\/wp-json\/wp\/v2\/types\/product"}],"replies":[{"embeddable":true,"href":"https:\/\/duncanshelley.com\/en\/wp-json\/wp\/v2\/comments?post=27670"}],"wp:featuredmedia":[{"embeddable":true,"href":"https:\/\/duncanshelley.com\/en\/wp-json\/wp\/v2\/media\/8753"}],"wp:attachment":[{"href":"https:\/\/duncanshelley.com\/en\/wp-json\/wp\/v2\/media?parent=27670"}],"wp:term":[{"taxonomy":"product_brand","embeddable":true,"href":"https:\/\/duncanshelley.com\/en\/wp-json\/wp\/v2\/product_brand?post=27670"},{"taxonomy":"product_cat","embeddable":true,"href":"https:\/\/duncanshelley.com\/en\/wp-json\/wp\/v2\/product_cat?post=27670"},{"taxonomy":"product_tag","embeddable":true,"href":"https:\/\/duncanshelley.com\/en\/wp-json\/wp\/v2\/product_tag?post=27670"}],"curies":[{"name":"wp","href":"https:\/\/api.w.org\/{rel}","templated":true}]}}