{"id":27517,"date":"2025-10-12T16:28:37","date_gmt":"2025-10-12T14:28:37","guid":{"rendered":"https:\/\/duncanshelley.com\/?post_type=product&#038;p=27517"},"modified":"2025-10-12T16:29:32","modified_gmt":"2025-10-12T14:29:32","slug":"kate-brooks-duncan-shelley-amer-es-a-lathatatlan-bilincs-ebook","status":"publish","type":"product","link":"https:\/\/duncanshelley.com\/en\/product\/kate-brooks-duncan-shelley-amer-es-a-lathatatlan-bilincs-ebook\/","title":{"rendered":"Kate Brooks &#038; Duncan Shelley: Amer \u00e9s a l\u00e1thatatlan bilincs (eBook)"},"content":{"rendered":"<blockquote><p>&#8211; H\u00e9tsz\u00e1z \u00e9vvel ezel\u0151tt? Maga viccel? Ki maga, \u00e9s mi\u00e9rt j\u00f6tt?<\/p>\n<p>&#8211; 1322 tavasz\u00e1n tal\u00e1lkoztunk, Londonban, \u00e9s \u00f6sszebar\u00e1tkoztunk.<\/p>\n<p>T\u00e9ged akkoriban Eelke van Wierennek h\u00edvtak, Hollandi\u00e1ban sz\u00fclett\u00e9l.<\/p>\n<p>Az \u00e9n nevem, Norman Trickey. \u00c9s hogy mi\u00e9rt vagyok itt? Nos, ez egy becs\u00fcletbeli \u00fcgy!<\/p><\/blockquote>","protected":false},"excerpt":{"rendered":"<p><strong>M\u0171faj<\/strong>: fantasy<br \/>\n<strong>Oldalsz\u00e1m<\/strong>: 68<br \/>\n<strong>Kiad\u00e1s<\/strong> <strong>\u00e9ve<\/strong>: 2014.<\/p>\n<p>A t\u00f6rt\u00e9net a jelenben j\u00e1tsz\u00f3dik. Amer megl\u00e1togatja egy kedves bar\u00e1tj\u00e1t, aki m\u00e1r nem eml\u00e9kszik r\u00e1, mert utols\u00f3 tal\u00e1lkoz\u00e1suk \u00f3ta egy tucatnyiszor sz\u00fcletett \u00fajj\u00e1, \u00e1m a var\u00e1zsl\u00f3 az\u00f3ta is \u00e9letben van \u00e9s eml\u00e9kei cseppet sem halv\u00e1nyultak. A bar\u00e1t beleragadt egy elviselhetetlen, b\u00e1ntalmaz\u00f3 kapcsolatba, aminek nem l\u00e1tja a megold\u00e1s\u00e1t.<\/p>\n<p>Amer seg\u00edt a bar\u00e1tnak, nem m\u00e1gi\u00e1val, hanem b\u00f6lcsess\u00e9ggel. Tan\u00edt\u00e1sa \u00faj n\u00e9z\u0151pontokat ad, \u00e9s a helyzet megoldhat\u00f3v\u00e1 v\u00e1lik.<\/p>","protected":false},"featured_media":8751,"comment_status":"closed","ping_status":"closed","template":"","meta":{"_acf_changed":false,"_genesis_hide_title":false,"_genesis_hide_breadcrumbs":false,"_genesis_hide_singular_image":false,"_genesis_hide_footer_widgets":false,"_genesis_custom_body_class":"","_genesis_custom_post_class":"","_genesis_layout":""},"product_brand":[],"product_cat":[167,171,17,45],"product_tag":[],"class_list":{"0":"post-27517","1":"product","2":"type-product","3":"status-publish","4":"has-post-thumbnail","6":"product_cat-amer-konyvek","7":"product_cat-ebook-magyar","8":"product_cat-fantasy-konyvek","9":"product_cat-spiritualis-konyvek","10":"entry","12":"first","13":"instock","14":"downloadable","15":"virtual","16":"taxable","17":"purchasable","18":"product-type-simple"},"acf":[],"yoast_head":"<!-- This site is optimized with the Yoast SEO Premium plugin v27.5 (Yoast SEO v27.5) - https:\/\/yoast.com\/product\/yoast-seo-premium-wordpress\/ -->\n<title>Kate Brooks &amp; Duncan Shelley: Amer \u00e9s a l\u00e1thatatlan bilincs (eBook)<\/title>\n<meta name=\"description\" content=\"Az Amer \u00e9s a l\u00e1thatatlan bilincs kisreg\u00e9nyben Amer seg\u00edt egy kedves bar\u00e1tnak abban, hogy kij\u00f6jj\u00f6n egy se veled, se n\u00e9lk\u00fcled kapcsolatb\u00f3l.\" \/>\n<meta name=\"robots\" content=\"index, follow, max-snippet:-1, max-image-preview:large, max-video-preview:-1\" \/>\n<link rel=\"canonical\" href=\"https:\/\/duncanshelley.com\/en\/product\/kate-brooks-duncan-shelley-amer-es-a-lathatatlan-bilincs-ebook\/\" \/>\n<meta property=\"og:locale\" content=\"en_US\" \/>\n<meta property=\"og:type\" content=\"article\" \/>\n<meta property=\"og:title\" content=\"Kate Brooks &amp; Duncan Shelley: Amer \u00e9s a l\u00e1thatatlan bilincs (eBook)\" \/>\n<meta property=\"og:description\" content=\"Az Amer \u00e9s a l\u00e1thatatlan bilincs kisreg\u00e9nyben Amer seg\u00edt egy kedves bar\u00e1tnak abban, hogy kij\u00f6jj\u00f6n egy se veled, se n\u00e9lk\u00fcled kapcsolatb\u00f3l.\" \/>\n<meta property=\"og:url\" content=\"https:\/\/duncanshelley.com\/en\/product\/kate-brooks-duncan-shelley-amer-es-a-lathatatlan-bilincs-ebook\/\" \/>\n<meta property=\"og:site_name\" content=\"Duncan Shelley K\u00f6nyvesbolt\" \/>\n<meta property=\"article:modified_time\" content=\"2025-10-12T14:29:32+00:00\" \/>\n<meta property=\"og:image\" content=\"https:\/\/duncanshelley.com\/wp-content\/uploads\/duncan-shelley-amer-es-a-lathatatlan-bilincs-1.jpg\" \/>\n\t<meta property=\"og:image:width\" content=\"324\" \/>\n\t<meta property=\"og:image:height\" content=\"486\" \/>\n\t<meta property=\"og:image:type\" content=\"image\/jpeg\" \/>\n<meta name=\"twitter:label1\" content=\"Est. reading time\" \/>\n\t<meta name=\"twitter:data1\" content=\"1 minute\" \/>\n<script type=\"application\/ld+json\" class=\"yoast-schema-graph\">{\"@context\":\"https:\\\/\\\/schema.org\",\"@graph\":[{\"@type\":\"WebPage\",\"@id\":\"https:\\\/\\\/duncanshelley.com\\\/termek\\\/kate-brooks-duncan-shelley-amer-es-a-lathatatlan-bilincs-ebook\\\/\",\"url\":\"https:\\\/\\\/duncanshelley.com\\\/termek\\\/kate-brooks-duncan-shelley-amer-es-a-lathatatlan-bilincs-ebook\\\/\",\"name\":\"Kate Brooks & Duncan Shelley: Amer \u00e9s a l\u00e1thatatlan bilincs (eBook)\",\"isPartOf\":{\"@id\":\"https:\\\/\\\/duncanshelley.com\\\/#website\"},\"primaryImageOfPage\":{\"@id\":\"https:\\\/\\\/duncanshelley.com\\\/termek\\\/kate-brooks-duncan-shelley-amer-es-a-lathatatlan-bilincs-ebook\\\/#primaryimage\"},\"image\":{\"@id\":\"https:\\\/\\\/duncanshelley.com\\\/termek\\\/kate-brooks-duncan-shelley-amer-es-a-lathatatlan-bilincs-ebook\\\/#primaryimage\"},\"thumbnailUrl\":\"https:\\\/\\\/duncanshelley.com\\\/wp-content\\\/uploads\\\/duncan-shelley-amer-es-a-lathatatlan-bilincs-1.jpg\",\"datePublished\":\"2025-10-12T14:28:37+00:00\",\"dateModified\":\"2025-10-12T14:29:32+00:00\",\"description\":\"Az Amer \u00e9s a l\u00e1thatatlan bilincs kisreg\u00e9nyben Amer seg\u00edt egy kedves bar\u00e1tnak abban, hogy kij\u00f6jj\u00f6n egy se veled, se n\u00e9lk\u00fcled kapcsolatb\u00f3l.\",\"breadcrumb\":{\"@id\":\"https:\\\/\\\/duncanshelley.com\\\/termek\\\/kate-brooks-duncan-shelley-amer-es-a-lathatatlan-bilincs-ebook\\\/#breadcrumb\"},\"inLanguage\":\"en-US\",\"potentialAction\":[{\"@type\":\"ReadAction\",\"target\":[\"https:\\\/\\\/duncanshelley.com\\\/termek\\\/kate-brooks-duncan-shelley-amer-es-a-lathatatlan-bilincs-ebook\\\/\"]}]},{\"@type\":\"ImageObject\",\"inLanguage\":\"en-US\",\"@id\":\"https:\\\/\\\/duncanshelley.com\\\/termek\\\/kate-brooks-duncan-shelley-amer-es-a-lathatatlan-bilincs-ebook\\\/#primaryimage\",\"url\":\"https:\\\/\\\/duncanshelley.com\\\/wp-content\\\/uploads\\\/duncan-shelley-amer-es-a-lathatatlan-bilincs-1.jpg\",\"contentUrl\":\"https:\\\/\\\/duncanshelley.com\\\/wp-content\\\/uploads\\\/duncan-shelley-amer-es-a-lathatatlan-bilincs-1.jpg\",\"width\":324,\"height\":486,\"caption\":\"duncan-shelley-amer-es-a-lathatatlan-bilincs\"},{\"@type\":\"BreadcrumbList\",\"@id\":\"https:\\\/\\\/duncanshelley.com\\\/termek\\\/kate-brooks-duncan-shelley-amer-es-a-lathatatlan-bilincs-ebook\\\/#breadcrumb\",\"itemListElement\":[{\"@type\":\"ListItem\",\"position\":1,\"name\":\"Kezd\u0151lap\",\"item\":\"https:\\\/\\\/duncanshelley.com\\\/\"},{\"@type\":\"ListItem\",\"position\":2,\"name\":\"Webshop\",\"item\":\"https:\\\/\\\/duncanshelley.com\\\/webshop\\\/\"},{\"@type\":\"ListItem\",\"position\":3,\"name\":\"Kate Brooks &#038; Duncan Shelley: Amer \u00e9s a l\u00e1thatatlan bilincs (eBook)\"}]},{\"@type\":\"WebSite\",\"@id\":\"https:\\\/\\\/duncanshelley.com\\\/#website\",\"url\":\"https:\\\/\\\/duncanshelley.com\\\/\",\"name\":\"Duncan Shelley K\u00f6nyvesbolt\",\"description\":\"\",\"potentialAction\":[{\"@type\":\"SearchAction\",\"target\":{\"@type\":\"EntryPoint\",\"urlTemplate\":\"https:\\\/\\\/duncanshelley.com\\\/?s={search_term_string}\"},\"query-input\":{\"@type\":\"PropertyValueSpecification\",\"valueRequired\":true,\"valueName\":\"search_term_string\"}}],\"inLanguage\":\"en-US\"}]}<\/script>\n<!-- \/ Yoast SEO Premium plugin. -->","yoast_head_json":{"title":"Kate Brooks & Duncan Shelley: Amer \u00e9s a l\u00e1thatatlan bilincs (eBook)","description":"Az Amer \u00e9s a l\u00e1thatatlan bilincs kisreg\u00e9nyben Amer seg\u00edt egy kedves bar\u00e1tnak abban, hogy kij\u00f6jj\u00f6n egy se veled, se n\u00e9lk\u00fcled kapcsolatb\u00f3l.","robots":{"index":"index","follow":"follow","max-snippet":"max-snippet:-1","max-image-preview":"max-image-preview:large","max-video-preview":"max-video-preview:-1"},"canonical":"https:\/\/duncanshelley.com\/en\/product\/kate-brooks-duncan-shelley-amer-es-a-lathatatlan-bilincs-ebook\/","og_locale":"en_US","og_type":"article","og_title":"Kate Brooks & Duncan Shelley: Amer \u00e9s a l\u00e1thatatlan bilincs (eBook)","og_description":"Az Amer \u00e9s a l\u00e1thatatlan bilincs kisreg\u00e9nyben Amer seg\u00edt egy kedves bar\u00e1tnak abban, hogy kij\u00f6jj\u00f6n egy se veled, se n\u00e9lk\u00fcled kapcsolatb\u00f3l.","og_url":"https:\/\/duncanshelley.com\/en\/product\/kate-brooks-duncan-shelley-amer-es-a-lathatatlan-bilincs-ebook\/","og_site_name":"Duncan Shelley K\u00f6nyvesbolt","article_modified_time":"2025-10-12T14:29:32+00:00","og_image":[{"width":324,"height":486,"url":"https:\/\/duncanshelley.com\/wp-content\/uploads\/duncan-shelley-amer-es-a-lathatatlan-bilincs-1.jpg","type":"image\/jpeg"}],"twitter_misc":{"Est. reading time":"1 minute"},"schema":{"@context":"https:\/\/schema.org","@graph":[{"@type":"WebPage","@id":"https:\/\/duncanshelley.com\/termek\/kate-brooks-duncan-shelley-amer-es-a-lathatatlan-bilincs-ebook\/","url":"https:\/\/duncanshelley.com\/termek\/kate-brooks-duncan-shelley-amer-es-a-lathatatlan-bilincs-ebook\/","name":"Kate Brooks & Duncan Shelley: Amer \u00e9s a l\u00e1thatatlan bilincs (eBook)","isPartOf":{"@id":"https:\/\/duncanshelley.com\/#website"},"primaryImageOfPage":{"@id":"https:\/\/duncanshelley.com\/termek\/kate-brooks-duncan-shelley-amer-es-a-lathatatlan-bilincs-ebook\/#primaryimage"},"image":{"@id":"https:\/\/duncanshelley.com\/termek\/kate-brooks-duncan-shelley-amer-es-a-lathatatlan-bilincs-ebook\/#primaryimage"},"thumbnailUrl":"https:\/\/duncanshelley.com\/wp-content\/uploads\/duncan-shelley-amer-es-a-lathatatlan-bilincs-1.jpg","datePublished":"2025-10-12T14:28:37+00:00","dateModified":"2025-10-12T14:29:32+00:00","description":"Az Amer \u00e9s a l\u00e1thatatlan bilincs kisreg\u00e9nyben Amer seg\u00edt egy kedves bar\u00e1tnak abban, hogy kij\u00f6jj\u00f6n egy se veled, se n\u00e9lk\u00fcled kapcsolatb\u00f3l.","breadcrumb":{"@id":"https:\/\/duncanshelley.com\/termek\/kate-brooks-duncan-shelley-amer-es-a-lathatatlan-bilincs-ebook\/#breadcrumb"},"inLanguage":"en-US","potentialAction":[{"@type":"ReadAction","target":["https:\/\/duncanshelley.com\/termek\/kate-brooks-duncan-shelley-amer-es-a-lathatatlan-bilincs-ebook\/"]}]},{"@type":"ImageObject","inLanguage":"en-US","@id":"https:\/\/duncanshelley.com\/termek\/kate-brooks-duncan-shelley-amer-es-a-lathatatlan-bilincs-ebook\/#primaryimage","url":"https:\/\/duncanshelley.com\/wp-content\/uploads\/duncan-shelley-amer-es-a-lathatatlan-bilincs-1.jpg","contentUrl":"https:\/\/duncanshelley.com\/wp-content\/uploads\/duncan-shelley-amer-es-a-lathatatlan-bilincs-1.jpg","width":324,"height":486,"caption":"duncan-shelley-amer-es-a-lathatatlan-bilincs"},{"@type":"BreadcrumbList","@id":"https:\/\/duncanshelley.com\/termek\/kate-brooks-duncan-shelley-amer-es-a-lathatatlan-bilincs-ebook\/#breadcrumb","itemListElement":[{"@type":"ListItem","position":1,"name":"Kezd\u0151lap","item":"https:\/\/duncanshelley.com\/"},{"@type":"ListItem","position":2,"name":"Webshop","item":"https:\/\/duncanshelley.com\/webshop\/"},{"@type":"ListItem","position":3,"name":"Kate Brooks &#038; Duncan Shelley: Amer \u00e9s a l\u00e1thatatlan bilincs (eBook)"}]},{"@type":"WebSite","@id":"https:\/\/duncanshelley.com\/#website","url":"https:\/\/duncanshelley.com\/","name":"Duncan Shelley K\u00f6nyvesbolt","description":"","potentialAction":[{"@type":"SearchAction","target":{"@type":"EntryPoint","urlTemplate":"https:\/\/duncanshelley.com\/?s={search_term_string}"},"query-input":{"@type":"PropertyValueSpecification","valueRequired":true,"valueName":"search_term_string"}}],"inLanguage":"en-US"}]}},"_links":{"self":[{"href":"https:\/\/duncanshelley.com\/en\/wp-json\/wp\/v2\/product\/27517","targetHints":{"allow":["GET"]}}],"collection":[{"href":"https:\/\/duncanshelley.com\/en\/wp-json\/wp\/v2\/product"}],"about":[{"href":"https:\/\/duncanshelley.com\/en\/wp-json\/wp\/v2\/types\/product"}],"replies":[{"embeddable":true,"href":"https:\/\/duncanshelley.com\/en\/wp-json\/wp\/v2\/comments?post=27517"}],"wp:featuredmedia":[{"embeddable":true,"href":"https:\/\/duncanshelley.com\/en\/wp-json\/wp\/v2\/media\/8751"}],"wp:attachment":[{"href":"https:\/\/duncanshelley.com\/en\/wp-json\/wp\/v2\/media?parent=27517"}],"wp:term":[{"taxonomy":"product_brand","embeddable":true,"href":"https:\/\/duncanshelley.com\/en\/wp-json\/wp\/v2\/product_brand?post=27517"},{"taxonomy":"product_cat","embeddable":true,"href":"https:\/\/duncanshelley.com\/en\/wp-json\/wp\/v2\/product_cat?post=27517"},{"taxonomy":"product_tag","embeddable":true,"href":"https:\/\/duncanshelley.com\/en\/wp-json\/wp\/v2\/product_tag?post=27517"}],"curies":[{"name":"wp","href":"https:\/\/api.w.org\/{rel}","templated":true}]}}