{"id":27323,"date":"2025-09-16T19:25:39","date_gmt":"2025-09-16T17:25:39","guid":{"rendered":"https:\/\/duncanshelley.com\/?post_type=product&#038;p=27323"},"modified":"2025-09-16T19:26:16","modified_gmt":"2025-09-16T17:26:16","slug":"duncan-shelley-amer-elso-halala-ebook","status":"publish","type":"product","link":"https:\/\/duncanshelley.com\/en\/product\/duncan-shelley-amer-elso-halala-ebook\/","title":{"rendered":"Duncan Shelley: Amer els\u0151 hal\u00e1la (eBook)"},"content":{"rendered":"<blockquote><p><em>M\u00e9g mindig a vil\u00e1g<br \/>\npillanatnyi \u00e1ll\u00e1s\u00e1t figyeled,<br \/>\nhogy kihaszn\u00e1ld,<br \/>\nha kedvez\u0151 neked,<br \/>\n\u00e9s elfuss, ha nem.<\/em><\/p>\n<p><em>\u00c9n nem figyelem a vil\u00e1got,<br \/>\nhanem a vil\u00e1g figyel engem.<br \/>\n\u00c9n d\u00f6nt\u00f6k, \u00e9s v\u00e1llalok mindent,<br \/>\nami ezzel j\u00e1r.<\/em><\/p><\/blockquote>","protected":false},"excerpt":{"rendered":"<p>M\u0171faj: fantasy<br \/>\nOldalsz\u00e1m: 95<br \/>\nKiad\u00e1s \u00e9ve: 2010.<\/p>\n<p>Az Amer els\u0151 hal\u00e1la t\u00f6rt\u00e9nete a 10. sz\u00e1zadban j\u00e1tsz\u00f3dik. Amer halad a filoz\u00f3fuss\u00e1 v\u00e1l\u00e1s r\u00f6g\u00f6s \u00fatj\u00e1n, tekintete a v\u00e9gtelent f\u00fcrk\u00e9szi. Mindemellett teljesen gyakorlatiatlan, csetlik-botlik az \u00e9let s\u0171r\u0171j\u00e9ben, szinte olyan, mint egy gyerek. Szerelmes lesz, f\u00f6ld\u00f6nt\u00fali boldogs\u00e1got \u00e9l \u00e1t. B\u00e1r \u0151 \u00e9s kedvese lelki t\u00e1rsak, gyakorlatiatlans\u00e1ga v\u00e9g\u00fcl ahhoz vezet, hogy a n\u0151 elhagyja, \u00e9s hozz\u00e1megy egyik k\u00e9r\u0151j\u00e9hez.<\/p>\n<p>A f\u00e1jdalom az \u0151r\u00fcletbe kergeti Amert, egyre borzalmasabb gondolatai t\u00e1madnak. A bajban mestere, Aeshma-Daeva l\u00e1togatja meg, \u00e9s a megold\u00e1s ism\u00e9t a tanul\u00e1s lesz. Amer \u00fajra fel\u00e9p\u00edti mag\u00e1t, jobb\u00e1 \u00e9s er\u0151sebb\u00e9, mint valaha volt.<\/p>","protected":false},"featured_media":8746,"comment_status":"closed","ping_status":"closed","template":"","meta":{"_acf_changed":false,"_genesis_hide_title":false,"_genesis_hide_breadcrumbs":false,"_genesis_hide_singular_image":false,"_genesis_hide_footer_widgets":false,"_genesis_custom_body_class":"","_genesis_custom_post_class":"","_genesis_layout":""},"product_brand":[],"product_cat":[167,171,17,45],"product_tag":[],"class_list":{"0":"post-27323","1":"product","2":"type-product","3":"status-publish","4":"has-post-thumbnail","6":"product_cat-amer-konyvek","7":"product_cat-ebook-magyar","8":"product_cat-fantasy-konyvek","9":"product_cat-spiritualis-konyvek","10":"entry","12":"first","13":"instock","14":"downloadable","15":"virtual","16":"taxable","17":"purchasable","18":"product-type-simple"},"acf":[],"yoast_head":"<!-- This site is optimized with the Yoast SEO Premium plugin v27.4 (Yoast SEO v27.4) - https:\/\/yoast.com\/product\/yoast-seo-premium-wordpress\/ -->\n<title>Duncan Shelley: Amer els\u0151 hal\u00e1la (eBook) - Duncan Shelley K\u00f6nyvesbolt<\/title>\n<meta name=\"description\" content=\"Az Amer els\u0151 hal\u00e1la kisreg\u00e9ny a 10. sz\u00e1zadban j\u00e1tsz\u00f3dik. Amer halad a filoz\u00f3fuss\u00e1 v\u00e1l\u00e1s r\u00f6g\u00f6s \u00fatj\u00e1n, amivel er\u0151sebb lesz, mint valaha.\" \/>\n<meta name=\"robots\" content=\"index, follow, max-snippet:-1, max-image-preview:large, max-video-preview:-1\" \/>\n<link rel=\"canonical\" href=\"https:\/\/duncanshelley.com\/en\/product\/duncan-shelley-amer-elso-halala-ebook\/\" \/>\n<meta property=\"og:locale\" content=\"en_US\" \/>\n<meta property=\"og:type\" content=\"article\" \/>\n<meta property=\"og:title\" content=\"Duncan Shelley: Amer els\u0151 hal\u00e1la (eBook)\" \/>\n<meta property=\"og:description\" content=\"Az Amer els\u0151 hal\u00e1la kisreg\u00e9ny a 10. sz\u00e1zadban j\u00e1tsz\u00f3dik. Amer halad a filoz\u00f3fuss\u00e1 v\u00e1l\u00e1s r\u00f6g\u00f6s \u00fatj\u00e1n, amivel er\u0151sebb lesz, mint valaha.\" \/>\n<meta property=\"og:url\" content=\"https:\/\/duncanshelley.com\/en\/product\/duncan-shelley-amer-elso-halala-ebook\/\" \/>\n<meta property=\"og:site_name\" content=\"Duncan Shelley K\u00f6nyvesbolt\" \/>\n<meta property=\"article:modified_time\" content=\"2025-09-16T17:26:16+00:00\" \/>\n<meta property=\"og:image\" content=\"https:\/\/duncanshelley.com\/wp-content\/uploads\/duncan-shelley-amer-elso-halala-1.jpg\" \/>\n\t<meta property=\"og:image:width\" content=\"324\" \/>\n\t<meta property=\"og:image:height\" content=\"486\" \/>\n\t<meta property=\"og:image:type\" content=\"image\/jpeg\" \/>\n<meta name=\"twitter:label1\" content=\"Est. reading time\" \/>\n\t<meta name=\"twitter:data1\" content=\"1 minute\" \/>\n<script type=\"application\/ld+json\" class=\"yoast-schema-graph\">{\"@context\":\"https:\\\/\\\/schema.org\",\"@graph\":[{\"@type\":\"WebPage\",\"@id\":\"https:\\\/\\\/duncanshelley.com\\\/termek\\\/duncan-shelley-amer-elso-halala-ebook\\\/\",\"url\":\"https:\\\/\\\/duncanshelley.com\\\/termek\\\/duncan-shelley-amer-elso-halala-ebook\\\/\",\"name\":\"Duncan Shelley: Amer els\u0151 hal\u00e1la (eBook) - Duncan Shelley K\u00f6nyvesbolt\",\"isPartOf\":{\"@id\":\"https:\\\/\\\/duncanshelley.com\\\/#website\"},\"primaryImageOfPage\":{\"@id\":\"https:\\\/\\\/duncanshelley.com\\\/termek\\\/duncan-shelley-amer-elso-halala-ebook\\\/#primaryimage\"},\"image\":{\"@id\":\"https:\\\/\\\/duncanshelley.com\\\/termek\\\/duncan-shelley-amer-elso-halala-ebook\\\/#primaryimage\"},\"thumbnailUrl\":\"https:\\\/\\\/duncanshelley.com\\\/wp-content\\\/uploads\\\/duncan-shelley-amer-elso-halala-1.jpg\",\"datePublished\":\"2025-09-16T17:25:39+00:00\",\"dateModified\":\"2025-09-16T17:26:16+00:00\",\"description\":\"Az Amer els\u0151 hal\u00e1la kisreg\u00e9ny a 10. sz\u00e1zadban j\u00e1tsz\u00f3dik. Amer halad a filoz\u00f3fuss\u00e1 v\u00e1l\u00e1s r\u00f6g\u00f6s \u00fatj\u00e1n, amivel er\u0151sebb lesz, mint valaha.\",\"breadcrumb\":{\"@id\":\"https:\\\/\\\/duncanshelley.com\\\/termek\\\/duncan-shelley-amer-elso-halala-ebook\\\/#breadcrumb\"},\"inLanguage\":\"en-US\",\"potentialAction\":[{\"@type\":\"ReadAction\",\"target\":[\"https:\\\/\\\/duncanshelley.com\\\/termek\\\/duncan-shelley-amer-elso-halala-ebook\\\/\"]}]},{\"@type\":\"ImageObject\",\"inLanguage\":\"en-US\",\"@id\":\"https:\\\/\\\/duncanshelley.com\\\/termek\\\/duncan-shelley-amer-elso-halala-ebook\\\/#primaryimage\",\"url\":\"https:\\\/\\\/duncanshelley.com\\\/wp-content\\\/uploads\\\/duncan-shelley-amer-elso-halala-1.jpg\",\"contentUrl\":\"https:\\\/\\\/duncanshelley.com\\\/wp-content\\\/uploads\\\/duncan-shelley-amer-elso-halala-1.jpg\",\"width\":324,\"height\":486,\"caption\":\"Amer els\u0151 hal\u00e1la\"},{\"@type\":\"BreadcrumbList\",\"@id\":\"https:\\\/\\\/duncanshelley.com\\\/termek\\\/duncan-shelley-amer-elso-halala-ebook\\\/#breadcrumb\",\"itemListElement\":[{\"@type\":\"ListItem\",\"position\":1,\"name\":\"Kezd\u0151lap\",\"item\":\"https:\\\/\\\/duncanshelley.com\\\/\"},{\"@type\":\"ListItem\",\"position\":2,\"name\":\"Webshop\",\"item\":\"https:\\\/\\\/duncanshelley.com\\\/webshop\\\/\"},{\"@type\":\"ListItem\",\"position\":3,\"name\":\"Duncan Shelley: Amer els\u0151 hal\u00e1la (eBook)\"}]},{\"@type\":\"WebSite\",\"@id\":\"https:\\\/\\\/duncanshelley.com\\\/#website\",\"url\":\"https:\\\/\\\/duncanshelley.com\\\/\",\"name\":\"Duncan Shelley K\u00f6nyvesbolt\",\"description\":\"\",\"potentialAction\":[{\"@type\":\"SearchAction\",\"target\":{\"@type\":\"EntryPoint\",\"urlTemplate\":\"https:\\\/\\\/duncanshelley.com\\\/?s={search_term_string}\"},\"query-input\":{\"@type\":\"PropertyValueSpecification\",\"valueRequired\":true,\"valueName\":\"search_term_string\"}}],\"inLanguage\":\"en-US\"}]}<\/script>\n<!-- \/ Yoast SEO Premium plugin. -->","yoast_head_json":{"title":"Duncan Shelley: Amer els\u0151 hal\u00e1la (eBook) - Duncan Shelley K\u00f6nyvesbolt","description":"Az Amer els\u0151 hal\u00e1la kisreg\u00e9ny a 10. sz\u00e1zadban j\u00e1tsz\u00f3dik. Amer halad a filoz\u00f3fuss\u00e1 v\u00e1l\u00e1s r\u00f6g\u00f6s \u00fatj\u00e1n, amivel er\u0151sebb lesz, mint valaha.","robots":{"index":"index","follow":"follow","max-snippet":"max-snippet:-1","max-image-preview":"max-image-preview:large","max-video-preview":"max-video-preview:-1"},"canonical":"https:\/\/duncanshelley.com\/en\/product\/duncan-shelley-amer-elso-halala-ebook\/","og_locale":"en_US","og_type":"article","og_title":"Duncan Shelley: Amer els\u0151 hal\u00e1la (eBook)","og_description":"Az Amer els\u0151 hal\u00e1la kisreg\u00e9ny a 10. sz\u00e1zadban j\u00e1tsz\u00f3dik. Amer halad a filoz\u00f3fuss\u00e1 v\u00e1l\u00e1s r\u00f6g\u00f6s \u00fatj\u00e1n, amivel er\u0151sebb lesz, mint valaha.","og_url":"https:\/\/duncanshelley.com\/en\/product\/duncan-shelley-amer-elso-halala-ebook\/","og_site_name":"Duncan Shelley K\u00f6nyvesbolt","article_modified_time":"2025-09-16T17:26:16+00:00","og_image":[{"width":324,"height":486,"url":"https:\/\/duncanshelley.com\/wp-content\/uploads\/duncan-shelley-amer-elso-halala-1.jpg","type":"image\/jpeg"}],"twitter_misc":{"Est. reading time":"1 minute"},"schema":{"@context":"https:\/\/schema.org","@graph":[{"@type":"WebPage","@id":"https:\/\/duncanshelley.com\/termek\/duncan-shelley-amer-elso-halala-ebook\/","url":"https:\/\/duncanshelley.com\/termek\/duncan-shelley-amer-elso-halala-ebook\/","name":"Duncan Shelley: Amer els\u0151 hal\u00e1la (eBook) - Duncan Shelley K\u00f6nyvesbolt","isPartOf":{"@id":"https:\/\/duncanshelley.com\/#website"},"primaryImageOfPage":{"@id":"https:\/\/duncanshelley.com\/termek\/duncan-shelley-amer-elso-halala-ebook\/#primaryimage"},"image":{"@id":"https:\/\/duncanshelley.com\/termek\/duncan-shelley-amer-elso-halala-ebook\/#primaryimage"},"thumbnailUrl":"https:\/\/duncanshelley.com\/wp-content\/uploads\/duncan-shelley-amer-elso-halala-1.jpg","datePublished":"2025-09-16T17:25:39+00:00","dateModified":"2025-09-16T17:26:16+00:00","description":"Az Amer els\u0151 hal\u00e1la kisreg\u00e9ny a 10. sz\u00e1zadban j\u00e1tsz\u00f3dik. Amer halad a filoz\u00f3fuss\u00e1 v\u00e1l\u00e1s r\u00f6g\u00f6s \u00fatj\u00e1n, amivel er\u0151sebb lesz, mint valaha.","breadcrumb":{"@id":"https:\/\/duncanshelley.com\/termek\/duncan-shelley-amer-elso-halala-ebook\/#breadcrumb"},"inLanguage":"en-US","potentialAction":[{"@type":"ReadAction","target":["https:\/\/duncanshelley.com\/termek\/duncan-shelley-amer-elso-halala-ebook\/"]}]},{"@type":"ImageObject","inLanguage":"en-US","@id":"https:\/\/duncanshelley.com\/termek\/duncan-shelley-amer-elso-halala-ebook\/#primaryimage","url":"https:\/\/duncanshelley.com\/wp-content\/uploads\/duncan-shelley-amer-elso-halala-1.jpg","contentUrl":"https:\/\/duncanshelley.com\/wp-content\/uploads\/duncan-shelley-amer-elso-halala-1.jpg","width":324,"height":486,"caption":"Amer els\u0151 hal\u00e1la"},{"@type":"BreadcrumbList","@id":"https:\/\/duncanshelley.com\/termek\/duncan-shelley-amer-elso-halala-ebook\/#breadcrumb","itemListElement":[{"@type":"ListItem","position":1,"name":"Kezd\u0151lap","item":"https:\/\/duncanshelley.com\/"},{"@type":"ListItem","position":2,"name":"Webshop","item":"https:\/\/duncanshelley.com\/webshop\/"},{"@type":"ListItem","position":3,"name":"Duncan Shelley: Amer els\u0151 hal\u00e1la (eBook)"}]},{"@type":"WebSite","@id":"https:\/\/duncanshelley.com\/#website","url":"https:\/\/duncanshelley.com\/","name":"Duncan Shelley K\u00f6nyvesbolt","description":"","potentialAction":[{"@type":"SearchAction","target":{"@type":"EntryPoint","urlTemplate":"https:\/\/duncanshelley.com\/?s={search_term_string}"},"query-input":{"@type":"PropertyValueSpecification","valueRequired":true,"valueName":"search_term_string"}}],"inLanguage":"en-US"}]}},"_links":{"self":[{"href":"https:\/\/duncanshelley.com\/en\/wp-json\/wp\/v2\/product\/27323","targetHints":{"allow":["GET"]}}],"collection":[{"href":"https:\/\/duncanshelley.com\/en\/wp-json\/wp\/v2\/product"}],"about":[{"href":"https:\/\/duncanshelley.com\/en\/wp-json\/wp\/v2\/types\/product"}],"replies":[{"embeddable":true,"href":"https:\/\/duncanshelley.com\/en\/wp-json\/wp\/v2\/comments?post=27323"}],"wp:featuredmedia":[{"embeddable":true,"href":"https:\/\/duncanshelley.com\/en\/wp-json\/wp\/v2\/media\/8746"}],"wp:attachment":[{"href":"https:\/\/duncanshelley.com\/en\/wp-json\/wp\/v2\/media?parent=27323"}],"wp:term":[{"taxonomy":"product_brand","embeddable":true,"href":"https:\/\/duncanshelley.com\/en\/wp-json\/wp\/v2\/product_brand?post=27323"},{"taxonomy":"product_cat","embeddable":true,"href":"https:\/\/duncanshelley.com\/en\/wp-json\/wp\/v2\/product_cat?post=27323"},{"taxonomy":"product_tag","embeddable":true,"href":"https:\/\/duncanshelley.com\/en\/wp-json\/wp\/v2\/product_tag?post=27323"}],"curies":[{"name":"wp","href":"https:\/\/api.w.org\/{rel}","templated":true}]}}