{"id":27199,"date":"2025-08-30T19:08:21","date_gmt":"2025-08-30T17:08:21","guid":{"rendered":"https:\/\/duncanshelley.com\/?post_type=product&#038;p=27199"},"modified":"2025-08-30T19:08:23","modified_gmt":"2025-08-30T17:08:23","slug":"duncan-shelley-egy-konspirator-feljegyzesei-ebook","status":"publish","type":"product","link":"https:\/\/duncanshelley.com\/en\/product\/duncan-shelley-egy-konspirator-feljegyzesei-ebook\/","title":{"rendered":"Duncan Shelley &#8211; Egy konspira\u0301tor feljegyze\u0301sei (eBook)"},"content":{"rendered":"","protected":false},"excerpt":{"rendered":"<p>Az Egy konspir\u00e1tor feljegyz\u00e9sei olyan cikkek gy\u0171jtem\u00e9nye, melyek 2010 el\u0151tt voltak el\u00e9rhet\u0151ek. A szerz\u0151 t\u00f6r\u00f6lt \u0151s-blogj\u00e1n megjelent \u00edr\u00e1sok els\u0151sorban az Elme gyilkosai tril\u00f3gi\u00e1hoz, \u00e9s az akkori esem\u00e9nyekhez kapcsol\u00f3dnak, mint amilyen p\u00e9ld\u00e1ul a 2008-as gazdas\u00e1gi v\u00e1ls\u00e1g. A k\u00f6tetben szerepl\u0151 v\u00e1logatott \u00edr\u00e1sok m\u00e1shol nem \u00e9rhet\u0151k el, m\u00e1shol nem is l\u00e9teznek m\u00e1r.<\/p>","protected":false},"featured_media":27201,"comment_status":"closed","ping_status":"closed","template":"","meta":{"_acf_changed":false,"_genesis_hide_title":false,"_genesis_hide_breadcrumbs":false,"_genesis_hide_singular_image":false,"_genesis_hide_footer_widgets":false,"_genesis_custom_body_class":"","_genesis_custom_post_class":"","_genesis_layout":""},"product_brand":[],"product_cat":[171,27],"product_tag":[],"class_list":{"0":"post-27199","1":"product","2":"type-product","3":"status-publish","4":"has-post-thumbnail","6":"product_cat-ebook-magyar","7":"product_cat-konteo-konyvek","8":"entry","10":"first","11":"instock","12":"downloadable","13":"virtual","14":"taxable","15":"purchasable","16":"product-type-simple"},"acf":[],"yoast_head":"<!-- This site is optimized with the Yoast SEO Premium plugin v27.4 (Yoast SEO v27.4) - https:\/\/yoast.com\/product\/yoast-seo-premium-wordpress\/ -->\n<title>Duncan Shelley - Egy konspira\u0301tor feljegyze\u0301sei (eBook) - Duncan Shelley K\u00f6nyvesbolt<\/title>\n<meta name=\"robots\" content=\"index, follow, max-snippet:-1, max-image-preview:large, max-video-preview:-1\" \/>\n<link rel=\"canonical\" href=\"https:\/\/duncanshelley.com\/en\/product\/duncan-shelley-egy-konspirator-feljegyzesei-ebook\/\" \/>\n<meta property=\"og:locale\" content=\"en_US\" \/>\n<meta property=\"og:type\" content=\"article\" \/>\n<meta property=\"og:title\" content=\"Duncan Shelley - Egy konspira\u0301tor feljegyze\u0301sei (eBook)\" \/>\n<meta property=\"og:description\" content=\"Az Egy konspir\u00e1tor feljegyz\u00e9sei olyan cikkek gy\u0171jtem\u00e9nye, melyek 2010 el\u0151tt voltak el\u00e9rhet\u0151ek. A szerz\u0151 t\u00f6r\u00f6lt \u0151s-blogj\u00e1n megjelent \u00edr\u00e1sok els\u0151sorban az Elme gyilkosai tril\u00f3gi\u00e1hoz, \u00e9s az akkori esem\u00e9nyekhez kapcsol\u00f3dnak, mint amilyen p\u00e9ld\u00e1ul a 2008-as gazdas\u00e1gi v\u00e1ls\u00e1g. A k\u00f6tetben szerepl\u0151 v\u00e1logatott \u00edr\u00e1sok m\u00e1shol nem \u00e9rhet\u0151k el, m\u00e1shol nem is l\u00e9teznek m\u00e1r.\" \/>\n<meta property=\"og:url\" content=\"https:\/\/duncanshelley.com\/en\/product\/duncan-shelley-egy-konspirator-feljegyzesei-ebook\/\" \/>\n<meta property=\"og:site_name\" content=\"Duncan Shelley K\u00f6nyvesbolt\" \/>\n<meta property=\"article:modified_time\" content=\"2025-08-30T17:08:23+00:00\" \/>\n<meta property=\"og:image\" content=\"https:\/\/duncanshelley.com\/wp-content\/uploads\/Duncan-Shelley-Egy-konspirator-feljegyzesei.jpg\" \/>\n\t<meta property=\"og:image:width\" content=\"600\" \/>\n\t<meta property=\"og:image:height\" content=\"950\" \/>\n\t<meta property=\"og:image:type\" content=\"image\/jpeg\" \/>\n<script type=\"application\/ld+json\" class=\"yoast-schema-graph\">{\"@context\":\"https:\\\/\\\/schema.org\",\"@graph\":[{\"@type\":\"WebPage\",\"@id\":\"https:\\\/\\\/duncanshelley.com\\\/termek\\\/duncan-shelley-egy-konspirator-feljegyzesei-ebook\\\/\",\"url\":\"https:\\\/\\\/duncanshelley.com\\\/termek\\\/duncan-shelley-egy-konspirator-feljegyzesei-ebook\\\/\",\"name\":\"Duncan Shelley - Egy konspira\u0301tor feljegyze\u0301sei (eBook) - Duncan Shelley K\u00f6nyvesbolt\",\"isPartOf\":{\"@id\":\"https:\\\/\\\/duncanshelley.com\\\/#website\"},\"primaryImageOfPage\":{\"@id\":\"https:\\\/\\\/duncanshelley.com\\\/termek\\\/duncan-shelley-egy-konspirator-feljegyzesei-ebook\\\/#primaryimage\"},\"image\":{\"@id\":\"https:\\\/\\\/duncanshelley.com\\\/termek\\\/duncan-shelley-egy-konspirator-feljegyzesei-ebook\\\/#primaryimage\"},\"thumbnailUrl\":\"https:\\\/\\\/duncanshelley.com\\\/wp-content\\\/uploads\\\/Duncan-Shelley-Egy-konspirator-feljegyzesei.jpg\",\"datePublished\":\"2025-08-30T17:08:21+00:00\",\"dateModified\":\"2025-08-30T17:08:23+00:00\",\"breadcrumb\":{\"@id\":\"https:\\\/\\\/duncanshelley.com\\\/termek\\\/duncan-shelley-egy-konspirator-feljegyzesei-ebook\\\/#breadcrumb\"},\"inLanguage\":\"en-US\",\"potentialAction\":[{\"@type\":\"ReadAction\",\"target\":[\"https:\\\/\\\/duncanshelley.com\\\/termek\\\/duncan-shelley-egy-konspirator-feljegyzesei-ebook\\\/\"]}]},{\"@type\":\"ImageObject\",\"inLanguage\":\"en-US\",\"@id\":\"https:\\\/\\\/duncanshelley.com\\\/termek\\\/duncan-shelley-egy-konspirator-feljegyzesei-ebook\\\/#primaryimage\",\"url\":\"https:\\\/\\\/duncanshelley.com\\\/wp-content\\\/uploads\\\/Duncan-Shelley-Egy-konspirator-feljegyzesei.jpg\",\"contentUrl\":\"https:\\\/\\\/duncanshelley.com\\\/wp-content\\\/uploads\\\/Duncan-Shelley-Egy-konspirator-feljegyzesei.jpg\",\"width\":600,\"height\":950,\"caption\":\"Duncan Shelley Egy Konspira\u0301tor Feljegyze\u0301sei\"},{\"@type\":\"BreadcrumbList\",\"@id\":\"https:\\\/\\\/duncanshelley.com\\\/termek\\\/duncan-shelley-egy-konspirator-feljegyzesei-ebook\\\/#breadcrumb\",\"itemListElement\":[{\"@type\":\"ListItem\",\"position\":1,\"name\":\"Kezd\u0151lap\",\"item\":\"https:\\\/\\\/duncanshelley.com\\\/\"},{\"@type\":\"ListItem\",\"position\":2,\"name\":\"Webshop\",\"item\":\"https:\\\/\\\/duncanshelley.com\\\/webshop\\\/\"},{\"@type\":\"ListItem\",\"position\":3,\"name\":\"Duncan Shelley &#8211; Egy konspira\u0301tor feljegyze\u0301sei (eBook)\"}]},{\"@type\":\"WebSite\",\"@id\":\"https:\\\/\\\/duncanshelley.com\\\/#website\",\"url\":\"https:\\\/\\\/duncanshelley.com\\\/\",\"name\":\"Duncan Shelley K\u00f6nyvesbolt\",\"description\":\"\",\"potentialAction\":[{\"@type\":\"SearchAction\",\"target\":{\"@type\":\"EntryPoint\",\"urlTemplate\":\"https:\\\/\\\/duncanshelley.com\\\/?s={search_term_string}\"},\"query-input\":{\"@type\":\"PropertyValueSpecification\",\"valueRequired\":true,\"valueName\":\"search_term_string\"}}],\"inLanguage\":\"en-US\"}]}<\/script>\n<!-- \/ Yoast SEO Premium plugin. -->","yoast_head_json":{"title":"Duncan Shelley - Egy konspira\u0301tor feljegyze\u0301sei (eBook) - Duncan Shelley K\u00f6nyvesbolt","robots":{"index":"index","follow":"follow","max-snippet":"max-snippet:-1","max-image-preview":"max-image-preview:large","max-video-preview":"max-video-preview:-1"},"canonical":"https:\/\/duncanshelley.com\/en\/product\/duncan-shelley-egy-konspirator-feljegyzesei-ebook\/","og_locale":"en_US","og_type":"article","og_title":"Duncan Shelley - Egy konspira\u0301tor feljegyze\u0301sei (eBook)","og_description":"Az Egy konspir\u00e1tor feljegyz\u00e9sei olyan cikkek gy\u0171jtem\u00e9nye, melyek 2010 el\u0151tt voltak el\u00e9rhet\u0151ek. A szerz\u0151 t\u00f6r\u00f6lt \u0151s-blogj\u00e1n megjelent \u00edr\u00e1sok els\u0151sorban az Elme gyilkosai tril\u00f3gi\u00e1hoz, \u00e9s az akkori esem\u00e9nyekhez kapcsol\u00f3dnak, mint amilyen p\u00e9ld\u00e1ul a 2008-as gazdas\u00e1gi v\u00e1ls\u00e1g. A k\u00f6tetben szerepl\u0151 v\u00e1logatott \u00edr\u00e1sok m\u00e1shol nem \u00e9rhet\u0151k el, m\u00e1shol nem is l\u00e9teznek m\u00e1r.","og_url":"https:\/\/duncanshelley.com\/en\/product\/duncan-shelley-egy-konspirator-feljegyzesei-ebook\/","og_site_name":"Duncan Shelley K\u00f6nyvesbolt","article_modified_time":"2025-08-30T17:08:23+00:00","og_image":[{"width":600,"height":950,"url":"https:\/\/duncanshelley.com\/wp-content\/uploads\/Duncan-Shelley-Egy-konspirator-feljegyzesei.jpg","type":"image\/jpeg"}],"schema":{"@context":"https:\/\/schema.org","@graph":[{"@type":"WebPage","@id":"https:\/\/duncanshelley.com\/termek\/duncan-shelley-egy-konspirator-feljegyzesei-ebook\/","url":"https:\/\/duncanshelley.com\/termek\/duncan-shelley-egy-konspirator-feljegyzesei-ebook\/","name":"Duncan Shelley - Egy konspira\u0301tor feljegyze\u0301sei (eBook) - Duncan Shelley K\u00f6nyvesbolt","isPartOf":{"@id":"https:\/\/duncanshelley.com\/#website"},"primaryImageOfPage":{"@id":"https:\/\/duncanshelley.com\/termek\/duncan-shelley-egy-konspirator-feljegyzesei-ebook\/#primaryimage"},"image":{"@id":"https:\/\/duncanshelley.com\/termek\/duncan-shelley-egy-konspirator-feljegyzesei-ebook\/#primaryimage"},"thumbnailUrl":"https:\/\/duncanshelley.com\/wp-content\/uploads\/Duncan-Shelley-Egy-konspirator-feljegyzesei.jpg","datePublished":"2025-08-30T17:08:21+00:00","dateModified":"2025-08-30T17:08:23+00:00","breadcrumb":{"@id":"https:\/\/duncanshelley.com\/termek\/duncan-shelley-egy-konspirator-feljegyzesei-ebook\/#breadcrumb"},"inLanguage":"en-US","potentialAction":[{"@type":"ReadAction","target":["https:\/\/duncanshelley.com\/termek\/duncan-shelley-egy-konspirator-feljegyzesei-ebook\/"]}]},{"@type":"ImageObject","inLanguage":"en-US","@id":"https:\/\/duncanshelley.com\/termek\/duncan-shelley-egy-konspirator-feljegyzesei-ebook\/#primaryimage","url":"https:\/\/duncanshelley.com\/wp-content\/uploads\/Duncan-Shelley-Egy-konspirator-feljegyzesei.jpg","contentUrl":"https:\/\/duncanshelley.com\/wp-content\/uploads\/Duncan-Shelley-Egy-konspirator-feljegyzesei.jpg","width":600,"height":950,"caption":"Duncan Shelley Egy Konspira\u0301tor Feljegyze\u0301sei"},{"@type":"BreadcrumbList","@id":"https:\/\/duncanshelley.com\/termek\/duncan-shelley-egy-konspirator-feljegyzesei-ebook\/#breadcrumb","itemListElement":[{"@type":"ListItem","position":1,"name":"Kezd\u0151lap","item":"https:\/\/duncanshelley.com\/"},{"@type":"ListItem","position":2,"name":"Webshop","item":"https:\/\/duncanshelley.com\/webshop\/"},{"@type":"ListItem","position":3,"name":"Duncan Shelley &#8211; Egy konspira\u0301tor feljegyze\u0301sei (eBook)"}]},{"@type":"WebSite","@id":"https:\/\/duncanshelley.com\/#website","url":"https:\/\/duncanshelley.com\/","name":"Duncan Shelley K\u00f6nyvesbolt","description":"","potentialAction":[{"@type":"SearchAction","target":{"@type":"EntryPoint","urlTemplate":"https:\/\/duncanshelley.com\/?s={search_term_string}"},"query-input":{"@type":"PropertyValueSpecification","valueRequired":true,"valueName":"search_term_string"}}],"inLanguage":"en-US"}]}},"_links":{"self":[{"href":"https:\/\/duncanshelley.com\/en\/wp-json\/wp\/v2\/product\/27199","targetHints":{"allow":["GET"]}}],"collection":[{"href":"https:\/\/duncanshelley.com\/en\/wp-json\/wp\/v2\/product"}],"about":[{"href":"https:\/\/duncanshelley.com\/en\/wp-json\/wp\/v2\/types\/product"}],"replies":[{"embeddable":true,"href":"https:\/\/duncanshelley.com\/en\/wp-json\/wp\/v2\/comments?post=27199"}],"wp:featuredmedia":[{"embeddable":true,"href":"https:\/\/duncanshelley.com\/en\/wp-json\/wp\/v2\/media\/27201"}],"wp:attachment":[{"href":"https:\/\/duncanshelley.com\/en\/wp-json\/wp\/v2\/media?parent=27199"}],"wp:term":[{"taxonomy":"product_brand","embeddable":true,"href":"https:\/\/duncanshelley.com\/en\/wp-json\/wp\/v2\/product_brand?post=27199"},{"taxonomy":"product_cat","embeddable":true,"href":"https:\/\/duncanshelley.com\/en\/wp-json\/wp\/v2\/product_cat?post=27199"},{"taxonomy":"product_tag","embeddable":true,"href":"https:\/\/duncanshelley.com\/en\/wp-json\/wp\/v2\/product_tag?post=27199"}],"curies":[{"name":"wp","href":"https:\/\/api.w.org\/{rel}","templated":true}]}}