{"id":26757,"date":"2025-07-07T20:20:16","date_gmt":"2025-07-07T18:20:16","guid":{"rendered":"https:\/\/duncanshelley.com\/?post_type=product&#038;p=26757"},"modified":"2025-07-07T20:21:04","modified_gmt":"2025-07-07T18:21:04","slug":"duncan-shelley-az-ellenallas-paktum-iii-e-book","status":"publish","type":"product","link":"https:\/\/duncanshelley.com\/en\/product\/duncan-shelley-az-ellenallas-paktum-iii-e-book\/","title":{"rendered":"Duncan Shelley: Az ellen\u00e1ll\u00e1s &#8211; Paktum III. (e-book)"},"content":{"rendered":"<p>Az Ellen\u00e1ll\u00e1s a <a href=\"https:\/\/duncanshelley.com\/en\/product\/paktum-csomag\/\" target=\"_blank\" rel=\"noopener\"><strong>Paktum tril\u00f3gia<\/strong><\/a> harmadik k\u00f6tete.<\/p>\n<h2>Kisfilm:<\/h2>\n<p><iframe loading=\"lazy\" title=\"DUNCAN SHELLEY: THE PACT TRILOGY - trailer\" width=\"500\" height=\"281\" src=\"https:\/\/www.youtube.com\/embed\/I8tncekOIRc?feature=oembed&#038;enablejsapi=1&#038;origin=https:\/\/duncanshelley.com\" frameborder=\"0\" allow=\"accelerometer; autoplay; clipboard-write; encrypted-media; gyroscope; picture-in-picture; web-share\" referrerpolicy=\"strict-origin-when-cross-origin\" allowfullscreen><\/iframe><\/p>","protected":false},"excerpt":{"rendered":"<p><strong>Az ellen\u00e1ll\u00e1s<br \/>\n<\/strong>A tril\u00f3gia harmadik k\u00f6tete<br \/>\n<strong>M\u0171faj<\/strong>: sci-fi<br \/>\n<strong>Oldalsz\u00e1m<\/strong>: 402<br \/>\n<strong>Kiad\u00e1s<\/strong> <strong>\u00e9ve<\/strong>: 2014<\/p>\n<p>Nina, Dave, Harkov, Jazz \u00e9s Shub-Niggurath tapasztalataikra alapozva lefektetik az ellen\u00e1ll\u00e1s alapjait, a rejt\u0151zk\u00f6d\u00e9st, az \u00e1ldozatt\u00e1 v\u00e1l\u00e1s elker\u00fcl\u00e9s\u00e9t, a konfront\u00e1ci\u00f3k el\u0151li kit\u00e9r\u00e9st, \u00e9s v\u00e9gs\u0151 esetben a harc szab\u00e1lyait egy r\u00e9szletes tananyagban, melyet minden vonalon terjesztelen az eg\u00e9sz vil\u00e1gon. A tananyag nyom\u00e1n elsz\u00f3rtan ellen\u00e1ll\u00e1si g\u00f3cok \u00e9s rejt\u0151zk\u00f6d\u0151 k\u00f6z\u00f6ss\u00e9gek j\u00f6nnek l\u00e9tre t\u00f6bb tucat orsz\u00e1gban.<\/p>\n<p>Titkos katonai fejleszt\u00e9seket tesztelnek a l\u00e1thatatlan idegenekkel szemben, melyek k\u00f6z\u00fcl n\u00e9h\u00e1ny m\u0171k\u00f6dik.<\/p>\n<p>\u00daj filoz\u00f3fia h\u00f3d\u00edt, amely kezdi ellehetetlen\u00edteni a v\u00e1g\u00e1st.<\/p>\n<p>Az idegen keresked\u0151k v\u00e9g\u00fcl k\u00e9nytelenek t\u00e1rgyal\u00f3asztalhoz \u00fclni, hogy meg\u00e1llapodjanak, hogyan folytathatj\u00e1k a v\u00e1g\u00e1st az id\u0151k v\u00e9gezet\u00e9ig.<\/p>","protected":false},"featured_media":8824,"comment_status":"closed","ping_status":"closed","template":"","meta":{"_acf_changed":false,"_genesis_hide_title":false,"_genesis_hide_breadcrumbs":false,"_genesis_hide_singular_image":false,"_genesis_hide_footer_widgets":false,"_genesis_custom_body_class":"","_genesis_custom_post_class":"","_genesis_layout":""},"product_brand":[],"product_cat":[171,18],"product_tag":[],"class_list":{"0":"post-26757","1":"product","2":"type-product","3":"status-publish","4":"has-post-thumbnail","6":"product_cat-ebook-magyar","7":"product_cat-sci-fi-konyvek","8":"entry","10":"first","11":"instock","12":"downloadable","13":"virtual","14":"taxable","15":"purchasable","16":"product-type-simple"},"acf":[],"yoast_head":"<!-- This site is optimized with the Yoast SEO Premium plugin v27.4 (Yoast SEO v27.4) - https:\/\/yoast.com\/product\/yoast-seo-premium-wordpress\/ -->\n<title>Duncan Shelley: Az ellen\u00e1ll\u00e1s - Paktum III. (e-book) - Duncan Shelley K\u00f6nyvesbolt<\/title>\n<meta name=\"description\" content=\"A Paktum tril\u00f3gia 3. k\u00f6tete. L\u00e9trehoztuk az ellen\u00e1ll\u00e1st. Ez az ellen\u00e1ll\u00e1s nem harc, hanem egy \u00faj \u00e9letforma. Egy m\u00e1sfajta t\u00e1rsadalmi modell.\" \/>\n<meta name=\"robots\" content=\"index, follow, max-snippet:-1, max-image-preview:large, max-video-preview:-1\" \/>\n<link rel=\"canonical\" href=\"https:\/\/duncanshelley.com\/en\/product\/duncan-shelley-az-ellenallas-paktum-iii-e-book\/\" \/>\n<meta property=\"og:locale\" content=\"en_US\" \/>\n<meta property=\"og:type\" content=\"article\" \/>\n<meta property=\"og:title\" content=\"Duncan Shelley: Az ellen\u00e1ll\u00e1s - Paktum III. (e-book)\" \/>\n<meta property=\"og:description\" content=\"A Paktum tril\u00f3gia 3. k\u00f6tete. L\u00e9trehoztuk az ellen\u00e1ll\u00e1st. Ez az ellen\u00e1ll\u00e1s nem harc, hanem egy \u00faj \u00e9letforma. Egy m\u00e1sfajta t\u00e1rsadalmi modell.\" \/>\n<meta property=\"og:url\" content=\"https:\/\/duncanshelley.com\/en\/product\/duncan-shelley-az-ellenallas-paktum-iii-e-book\/\" \/>\n<meta property=\"og:site_name\" content=\"Duncan Shelley K\u00f6nyvesbolt\" \/>\n<meta property=\"article:modified_time\" content=\"2025-07-07T18:21:04+00:00\" \/>\n<meta property=\"og:image\" content=\"https:\/\/duncanshelley.com\/wp-content\/uploads\/paktum-3-ellenallas.jpg\" \/>\n\t<meta property=\"og:image:width\" content=\"300\" \/>\n\t<meta property=\"og:image:height\" content=\"475\" \/>\n\t<meta property=\"og:image:type\" content=\"image\/jpeg\" \/>\n<meta name=\"twitter:label1\" content=\"Est. reading time\" \/>\n\t<meta name=\"twitter:data1\" content=\"1 minute\" \/>\n<script type=\"application\/ld+json\" class=\"yoast-schema-graph\">{\"@context\":\"https:\\\/\\\/schema.org\",\"@graph\":[{\"@type\":\"WebPage\",\"@id\":\"https:\\\/\\\/duncanshelley.com\\\/termek\\\/duncan-shelley-az-ellenallas-paktum-iii-e-book\\\/\",\"url\":\"https:\\\/\\\/duncanshelley.com\\\/termek\\\/duncan-shelley-az-ellenallas-paktum-iii-e-book\\\/\",\"name\":\"Duncan Shelley: Az ellen\u00e1ll\u00e1s - Paktum III. (e-book) - Duncan Shelley K\u00f6nyvesbolt\",\"isPartOf\":{\"@id\":\"https:\\\/\\\/duncanshelley.com\\\/#website\"},\"primaryImageOfPage\":{\"@id\":\"https:\\\/\\\/duncanshelley.com\\\/termek\\\/duncan-shelley-az-ellenallas-paktum-iii-e-book\\\/#primaryimage\"},\"image\":{\"@id\":\"https:\\\/\\\/duncanshelley.com\\\/termek\\\/duncan-shelley-az-ellenallas-paktum-iii-e-book\\\/#primaryimage\"},\"thumbnailUrl\":\"https:\\\/\\\/duncanshelley.com\\\/wp-content\\\/uploads\\\/paktum-3-ellenallas.jpg\",\"datePublished\":\"2025-07-07T18:20:16+00:00\",\"dateModified\":\"2025-07-07T18:21:04+00:00\",\"description\":\"A Paktum tril\u00f3gia 3. k\u00f6tete. L\u00e9trehoztuk az ellen\u00e1ll\u00e1st. Ez az ellen\u00e1ll\u00e1s nem harc, hanem egy \u00faj \u00e9letforma. Egy m\u00e1sfajta t\u00e1rsadalmi modell.\",\"breadcrumb\":{\"@id\":\"https:\\\/\\\/duncanshelley.com\\\/termek\\\/duncan-shelley-az-ellenallas-paktum-iii-e-book\\\/#breadcrumb\"},\"inLanguage\":\"en-US\",\"potentialAction\":[{\"@type\":\"ReadAction\",\"target\":[\"https:\\\/\\\/duncanshelley.com\\\/termek\\\/duncan-shelley-az-ellenallas-paktum-iii-e-book\\\/\"]}]},{\"@type\":\"ImageObject\",\"inLanguage\":\"en-US\",\"@id\":\"https:\\\/\\\/duncanshelley.com\\\/termek\\\/duncan-shelley-az-ellenallas-paktum-iii-e-book\\\/#primaryimage\",\"url\":\"https:\\\/\\\/duncanshelley.com\\\/wp-content\\\/uploads\\\/paktum-3-ellenallas.jpg\",\"contentUrl\":\"https:\\\/\\\/duncanshelley.com\\\/wp-content\\\/uploads\\\/paktum-3-ellenallas.jpg\",\"width\":300,\"height\":475,\"caption\":\"Duncan Shelley Az ellen\u00e1ll\u00e1s\"},{\"@type\":\"BreadcrumbList\",\"@id\":\"https:\\\/\\\/duncanshelley.com\\\/termek\\\/duncan-shelley-az-ellenallas-paktum-iii-e-book\\\/#breadcrumb\",\"itemListElement\":[{\"@type\":\"ListItem\",\"position\":1,\"name\":\"Kezd\u0151lap\",\"item\":\"https:\\\/\\\/duncanshelley.com\\\/\"},{\"@type\":\"ListItem\",\"position\":2,\"name\":\"Webshop\",\"item\":\"https:\\\/\\\/duncanshelley.com\\\/webshop\\\/\"},{\"@type\":\"ListItem\",\"position\":3,\"name\":\"Duncan Shelley: Az ellen\u00e1ll\u00e1s &#8211; Paktum III. (e-book)\"}]},{\"@type\":\"WebSite\",\"@id\":\"https:\\\/\\\/duncanshelley.com\\\/#website\",\"url\":\"https:\\\/\\\/duncanshelley.com\\\/\",\"name\":\"Duncan Shelley K\u00f6nyvesbolt\",\"description\":\"\",\"potentialAction\":[{\"@type\":\"SearchAction\",\"target\":{\"@type\":\"EntryPoint\",\"urlTemplate\":\"https:\\\/\\\/duncanshelley.com\\\/?s={search_term_string}\"},\"query-input\":{\"@type\":\"PropertyValueSpecification\",\"valueRequired\":true,\"valueName\":\"search_term_string\"}}],\"inLanguage\":\"en-US\"}]}<\/script>\n<!-- \/ Yoast SEO Premium plugin. -->","yoast_head_json":{"title":"Duncan Shelley: Az ellen\u00e1ll\u00e1s - Paktum III. (e-book) - Duncan Shelley K\u00f6nyvesbolt","description":"A Paktum tril\u00f3gia 3. k\u00f6tete. L\u00e9trehoztuk az ellen\u00e1ll\u00e1st. Ez az ellen\u00e1ll\u00e1s nem harc, hanem egy \u00faj \u00e9letforma. Egy m\u00e1sfajta t\u00e1rsadalmi modell.","robots":{"index":"index","follow":"follow","max-snippet":"max-snippet:-1","max-image-preview":"max-image-preview:large","max-video-preview":"max-video-preview:-1"},"canonical":"https:\/\/duncanshelley.com\/en\/product\/duncan-shelley-az-ellenallas-paktum-iii-e-book\/","og_locale":"en_US","og_type":"article","og_title":"Duncan Shelley: Az ellen\u00e1ll\u00e1s - Paktum III. (e-book)","og_description":"A Paktum tril\u00f3gia 3. k\u00f6tete. L\u00e9trehoztuk az ellen\u00e1ll\u00e1st. Ez az ellen\u00e1ll\u00e1s nem harc, hanem egy \u00faj \u00e9letforma. Egy m\u00e1sfajta t\u00e1rsadalmi modell.","og_url":"https:\/\/duncanshelley.com\/en\/product\/duncan-shelley-az-ellenallas-paktum-iii-e-book\/","og_site_name":"Duncan Shelley K\u00f6nyvesbolt","article_modified_time":"2025-07-07T18:21:04+00:00","og_image":[{"width":300,"height":475,"url":"https:\/\/duncanshelley.com\/wp-content\/uploads\/paktum-3-ellenallas.jpg","type":"image\/jpeg"}],"twitter_misc":{"Est. reading time":"1 minute"},"schema":{"@context":"https:\/\/schema.org","@graph":[{"@type":"WebPage","@id":"https:\/\/duncanshelley.com\/termek\/duncan-shelley-az-ellenallas-paktum-iii-e-book\/","url":"https:\/\/duncanshelley.com\/termek\/duncan-shelley-az-ellenallas-paktum-iii-e-book\/","name":"Duncan Shelley: Az ellen\u00e1ll\u00e1s - Paktum III. (e-book) - Duncan Shelley K\u00f6nyvesbolt","isPartOf":{"@id":"https:\/\/duncanshelley.com\/#website"},"primaryImageOfPage":{"@id":"https:\/\/duncanshelley.com\/termek\/duncan-shelley-az-ellenallas-paktum-iii-e-book\/#primaryimage"},"image":{"@id":"https:\/\/duncanshelley.com\/termek\/duncan-shelley-az-ellenallas-paktum-iii-e-book\/#primaryimage"},"thumbnailUrl":"https:\/\/duncanshelley.com\/wp-content\/uploads\/paktum-3-ellenallas.jpg","datePublished":"2025-07-07T18:20:16+00:00","dateModified":"2025-07-07T18:21:04+00:00","description":"A Paktum tril\u00f3gia 3. k\u00f6tete. L\u00e9trehoztuk az ellen\u00e1ll\u00e1st. Ez az ellen\u00e1ll\u00e1s nem harc, hanem egy \u00faj \u00e9letforma. Egy m\u00e1sfajta t\u00e1rsadalmi modell.","breadcrumb":{"@id":"https:\/\/duncanshelley.com\/termek\/duncan-shelley-az-ellenallas-paktum-iii-e-book\/#breadcrumb"},"inLanguage":"en-US","potentialAction":[{"@type":"ReadAction","target":["https:\/\/duncanshelley.com\/termek\/duncan-shelley-az-ellenallas-paktum-iii-e-book\/"]}]},{"@type":"ImageObject","inLanguage":"en-US","@id":"https:\/\/duncanshelley.com\/termek\/duncan-shelley-az-ellenallas-paktum-iii-e-book\/#primaryimage","url":"https:\/\/duncanshelley.com\/wp-content\/uploads\/paktum-3-ellenallas.jpg","contentUrl":"https:\/\/duncanshelley.com\/wp-content\/uploads\/paktum-3-ellenallas.jpg","width":300,"height":475,"caption":"Duncan Shelley Az ellen\u00e1ll\u00e1s"},{"@type":"BreadcrumbList","@id":"https:\/\/duncanshelley.com\/termek\/duncan-shelley-az-ellenallas-paktum-iii-e-book\/#breadcrumb","itemListElement":[{"@type":"ListItem","position":1,"name":"Kezd\u0151lap","item":"https:\/\/duncanshelley.com\/"},{"@type":"ListItem","position":2,"name":"Webshop","item":"https:\/\/duncanshelley.com\/webshop\/"},{"@type":"ListItem","position":3,"name":"Duncan Shelley: Az ellen\u00e1ll\u00e1s &#8211; Paktum III. (e-book)"}]},{"@type":"WebSite","@id":"https:\/\/duncanshelley.com\/#website","url":"https:\/\/duncanshelley.com\/","name":"Duncan Shelley K\u00f6nyvesbolt","description":"","potentialAction":[{"@type":"SearchAction","target":{"@type":"EntryPoint","urlTemplate":"https:\/\/duncanshelley.com\/?s={search_term_string}"},"query-input":{"@type":"PropertyValueSpecification","valueRequired":true,"valueName":"search_term_string"}}],"inLanguage":"en-US"}]}},"_links":{"self":[{"href":"https:\/\/duncanshelley.com\/en\/wp-json\/wp\/v2\/product\/26757","targetHints":{"allow":["GET"]}}],"collection":[{"href":"https:\/\/duncanshelley.com\/en\/wp-json\/wp\/v2\/product"}],"about":[{"href":"https:\/\/duncanshelley.com\/en\/wp-json\/wp\/v2\/types\/product"}],"replies":[{"embeddable":true,"href":"https:\/\/duncanshelley.com\/en\/wp-json\/wp\/v2\/comments?post=26757"}],"wp:featuredmedia":[{"embeddable":true,"href":"https:\/\/duncanshelley.com\/en\/wp-json\/wp\/v2\/media\/8824"}],"wp:attachment":[{"href":"https:\/\/duncanshelley.com\/en\/wp-json\/wp\/v2\/media?parent=26757"}],"wp:term":[{"taxonomy":"product_brand","embeddable":true,"href":"https:\/\/duncanshelley.com\/en\/wp-json\/wp\/v2\/product_brand?post=26757"},{"taxonomy":"product_cat","embeddable":true,"href":"https:\/\/duncanshelley.com\/en\/wp-json\/wp\/v2\/product_cat?post=26757"},{"taxonomy":"product_tag","embeddable":true,"href":"https:\/\/duncanshelley.com\/en\/wp-json\/wp\/v2\/product_tag?post=26757"}],"curies":[{"name":"wp","href":"https:\/\/api.w.org\/{rel}","templated":true}]}}