{"id":26754,"date":"2025-07-07T20:19:00","date_gmt":"2025-07-07T18:19:00","guid":{"rendered":"https:\/\/duncanshelley.com\/?post_type=product&#038;p=26754"},"modified":"2025-07-07T20:19:46","modified_gmt":"2025-07-07T18:19:46","slug":"duncan-shelley-vadaszideny-paktum-ii-e-book","status":"publish","type":"product","link":"https:\/\/duncanshelley.com\/en\/product\/duncan-shelley-vadaszideny-paktum-ii-e-book\/","title":{"rendered":"Duncan Shelley: Vad\u00e1szid\u00e9ny &#8211; Paktum II. (e-book)"},"content":{"rendered":"<p>A Vad\u00e1szid\u00e9ny a <a href=\"https:\/\/duncanshelley.com\/en\/product\/paktum-csomag\/\" target=\"_blank\" rel=\"noopener\"><span style=\"text-decoration: underline;\"><strong>Paktum tril\u00f3gia<\/strong><\/span><\/a> m\u00e1sodik k\u00f6tete.<\/p>\n<h2>Kisfilm:<\/h2>\n<p><iframe loading=\"lazy\" title=\"DUNCAN SHELLEY: THE PACT TRILOGY - trailer\" width=\"500\" height=\"281\" src=\"https:\/\/www.youtube.com\/embed\/I8tncekOIRc?feature=oembed&#038;enablejsapi=1&#038;origin=https:\/\/duncanshelley.com\" frameborder=\"0\" allow=\"accelerometer; autoplay; clipboard-write; encrypted-media; gyroscope; picture-in-picture; web-share\" referrerpolicy=\"strict-origin-when-cross-origin\" allowfullscreen><\/iframe><\/p>","protected":false},"excerpt":{"rendered":"<p>Texasban \u00e9s Massachusettsben mintegy harmincezer ember t\u0171nt el az elm\u00falt hetekben. Nyomok nincsenek, hivatalos \u00e1ll\u00e1spont nincs. A Miss Nina Kay mesterdetekt\u00edv \u00e1ltal a telev\u00edzi\u00f3ban elmondottakat nem er\u0151s\u00edtett\u00e9k meg \u00e9s nem is c\u00e1folt\u00e1k hivatalos oldalr\u00f3l.<\/p>\n<p>A bemutatott felv\u00e9teleket sem a korm\u00e1ny, sem az FBI nem komment\u00e1lta. A Dallasban meg\u00f6lt nyolc idegen l\u00e9ny holttest\u00e9t ismeretlen helyre sz\u00e1ll\u00edtott\u00e1k, holl\u00e9t\u00fckr\u0151l senki nem adott ki t\u00e1j\u00e9koztat\u00e1st.<\/p>\n<p>Egyesek inv\u00e1zi\u00f3r\u00f3l besz\u00e9lnek. A hat\u00f3s\u00e1gok att\u00f3l tartanak, hogy a p\u00e1nik k\u00f6vetkezt\u00e9ben \u00f6sszeroppan a politikai hierarchia.<\/p>\n<p>Miss Nina Kay m\u00e9g soha nem t\u00e9vedett. Ha most sem t\u00e9ved, azzal a sz\u00f6rny\u0171 igazs\u00e1ggal kell szembes\u00fcln\u00fcnk, hogy egy idegen, f\u00f6ld\u00f6nk\u00edv\u00fcli faj \u00e9lelmiszerk\u00e9nt tekint r\u00e1nk, emberekre.<\/p>","protected":false},"featured_media":8823,"comment_status":"closed","ping_status":"closed","template":"","meta":{"_acf_changed":false,"_genesis_hide_title":false,"_genesis_hide_breadcrumbs":false,"_genesis_hide_singular_image":false,"_genesis_hide_footer_widgets":false,"_genesis_custom_body_class":"","_genesis_custom_post_class":"","_genesis_layout":""},"product_brand":[],"product_cat":[171,18],"product_tag":[],"class_list":{"0":"post-26754","1":"product","2":"type-product","3":"status-publish","4":"has-post-thumbnail","6":"product_cat-ebook-magyar","7":"product_cat-sci-fi-konyvek","8":"entry","10":"first","11":"instock","12":"downloadable","13":"virtual","14":"taxable","15":"purchasable","16":"product-type-simple"},"acf":[],"yoast_head":"<!-- This site is optimized with the Yoast SEO Premium plugin v27.5 (Yoast SEO v27.5) - https:\/\/yoast.com\/product\/yoast-seo-premium-wordpress\/ -->\n<title>Duncan Shelley: Vad\u00e1szid\u00e9ny - Paktum II. (e-book) (Paktum tril\u00f3gia) - Duncan Shelley K\u00f6nyvesbolt<\/title>\n<meta name=\"description\" content=\"A Vad\u00e1szid\u00e9ny a Paktum tril\u00f3gia m\u00e1sodik k\u00f6tete. Elt\u0171nik k\u00e9t \u00e1ruh\u00e1znyi ember. Az FBI tehetetlen, a korm\u00e1ny nem komment\u00e1lja a t\u00f6rt\u00e9nteket.\" \/>\n<meta name=\"robots\" content=\"index, follow, max-snippet:-1, max-image-preview:large, max-video-preview:-1\" \/>\n<link rel=\"canonical\" href=\"https:\/\/duncanshelley.com\/en\/product\/duncan-shelley-vadaszideny-paktum-ii-e-book\/\" \/>\n<meta property=\"og:locale\" content=\"en_US\" \/>\n<meta property=\"og:type\" content=\"article\" \/>\n<meta property=\"og:title\" content=\"Duncan Shelley: Vad\u00e1szid\u00e9ny - Paktum II. (e-book)\" \/>\n<meta property=\"og:description\" content=\"A Vad\u00e1szid\u00e9ny a Paktum tril\u00f3gia m\u00e1sodik k\u00f6tete. Elt\u0171nik k\u00e9t \u00e1ruh\u00e1znyi ember. Az FBI tehetetlen, a korm\u00e1ny nem komment\u00e1lja a t\u00f6rt\u00e9nteket.\" \/>\n<meta property=\"og:url\" content=\"https:\/\/duncanshelley.com\/en\/product\/duncan-shelley-vadaszideny-paktum-ii-e-book\/\" \/>\n<meta property=\"og:site_name\" content=\"Duncan Shelley K\u00f6nyvesbolt\" \/>\n<meta property=\"article:modified_time\" content=\"2025-07-07T18:19:46+00:00\" \/>\n<meta property=\"og:image\" content=\"https:\/\/duncanshelley.com\/wp-content\/uploads\/paktum-2-vadaszideny-1.jpg\" \/>\n\t<meta property=\"og:image:width\" content=\"300\" \/>\n\t<meta property=\"og:image:height\" content=\"475\" \/>\n\t<meta property=\"og:image:type\" content=\"image\/jpeg\" \/>\n<meta name=\"twitter:label1\" content=\"Est. reading time\" \/>\n\t<meta name=\"twitter:data1\" content=\"1 minute\" \/>\n<script type=\"application\/ld+json\" class=\"yoast-schema-graph\">{\"@context\":\"https:\\\/\\\/schema.org\",\"@graph\":[{\"@type\":\"WebPage\",\"@id\":\"https:\\\/\\\/duncanshelley.com\\\/termek\\\/duncan-shelley-vadaszideny-paktum-ii-e-book\\\/\",\"url\":\"https:\\\/\\\/duncanshelley.com\\\/termek\\\/duncan-shelley-vadaszideny-paktum-ii-e-book\\\/\",\"name\":\"Duncan Shelley: Vad\u00e1szid\u00e9ny - Paktum II. (e-book) (Paktum tril\u00f3gia) - Duncan Shelley K\u00f6nyvesbolt\",\"isPartOf\":{\"@id\":\"https:\\\/\\\/duncanshelley.com\\\/#website\"},\"primaryImageOfPage\":{\"@id\":\"https:\\\/\\\/duncanshelley.com\\\/termek\\\/duncan-shelley-vadaszideny-paktum-ii-e-book\\\/#primaryimage\"},\"image\":{\"@id\":\"https:\\\/\\\/duncanshelley.com\\\/termek\\\/duncan-shelley-vadaszideny-paktum-ii-e-book\\\/#primaryimage\"},\"thumbnailUrl\":\"https:\\\/\\\/duncanshelley.com\\\/wp-content\\\/uploads\\\/paktum-2-vadaszideny-1.jpg\",\"datePublished\":\"2025-07-07T18:19:00+00:00\",\"dateModified\":\"2025-07-07T18:19:46+00:00\",\"description\":\"A Vad\u00e1szid\u00e9ny a Paktum tril\u00f3gia m\u00e1sodik k\u00f6tete. Elt\u0171nik k\u00e9t \u00e1ruh\u00e1znyi ember. Az FBI tehetetlen, a korm\u00e1ny nem komment\u00e1lja a t\u00f6rt\u00e9nteket.\",\"breadcrumb\":{\"@id\":\"https:\\\/\\\/duncanshelley.com\\\/termek\\\/duncan-shelley-vadaszideny-paktum-ii-e-book\\\/#breadcrumb\"},\"inLanguage\":\"en-US\",\"potentialAction\":[{\"@type\":\"ReadAction\",\"target\":[\"https:\\\/\\\/duncanshelley.com\\\/termek\\\/duncan-shelley-vadaszideny-paktum-ii-e-book\\\/\"]}]},{\"@type\":\"ImageObject\",\"inLanguage\":\"en-US\",\"@id\":\"https:\\\/\\\/duncanshelley.com\\\/termek\\\/duncan-shelley-vadaszideny-paktum-ii-e-book\\\/#primaryimage\",\"url\":\"https:\\\/\\\/duncanshelley.com\\\/wp-content\\\/uploads\\\/paktum-2-vadaszideny-1.jpg\",\"contentUrl\":\"https:\\\/\\\/duncanshelley.com\\\/wp-content\\\/uploads\\\/paktum-2-vadaszideny-1.jpg\",\"width\":300,\"height\":475,\"caption\":\"paktum-2-vadaszideny\"},{\"@type\":\"BreadcrumbList\",\"@id\":\"https:\\\/\\\/duncanshelley.com\\\/termek\\\/duncan-shelley-vadaszideny-paktum-ii-e-book\\\/#breadcrumb\",\"itemListElement\":[{\"@type\":\"ListItem\",\"position\":1,\"name\":\"Kezd\u0151lap\",\"item\":\"https:\\\/\\\/duncanshelley.com\\\/\"},{\"@type\":\"ListItem\",\"position\":2,\"name\":\"Webshop\",\"item\":\"https:\\\/\\\/duncanshelley.com\\\/webshop\\\/\"},{\"@type\":\"ListItem\",\"position\":3,\"name\":\"Duncan Shelley: Vad\u00e1szid\u00e9ny &#8211; Paktum II. (e-book)\"}]},{\"@type\":\"WebSite\",\"@id\":\"https:\\\/\\\/duncanshelley.com\\\/#website\",\"url\":\"https:\\\/\\\/duncanshelley.com\\\/\",\"name\":\"Duncan Shelley K\u00f6nyvesbolt\",\"description\":\"\",\"potentialAction\":[{\"@type\":\"SearchAction\",\"target\":{\"@type\":\"EntryPoint\",\"urlTemplate\":\"https:\\\/\\\/duncanshelley.com\\\/?s={search_term_string}\"},\"query-input\":{\"@type\":\"PropertyValueSpecification\",\"valueRequired\":true,\"valueName\":\"search_term_string\"}}],\"inLanguage\":\"en-US\"}]}<\/script>\n<!-- \/ Yoast SEO Premium plugin. -->","yoast_head_json":{"title":"Duncan Shelley: Vad\u00e1szid\u00e9ny - Paktum II. (e-book) (Paktum tril\u00f3gia) - Duncan Shelley K\u00f6nyvesbolt","description":"A Vad\u00e1szid\u00e9ny a Paktum tril\u00f3gia m\u00e1sodik k\u00f6tete. Elt\u0171nik k\u00e9t \u00e1ruh\u00e1znyi ember. Az FBI tehetetlen, a korm\u00e1ny nem komment\u00e1lja a t\u00f6rt\u00e9nteket.","robots":{"index":"index","follow":"follow","max-snippet":"max-snippet:-1","max-image-preview":"max-image-preview:large","max-video-preview":"max-video-preview:-1"},"canonical":"https:\/\/duncanshelley.com\/en\/product\/duncan-shelley-vadaszideny-paktum-ii-e-book\/","og_locale":"en_US","og_type":"article","og_title":"Duncan Shelley: Vad\u00e1szid\u00e9ny - Paktum II. (e-book)","og_description":"A Vad\u00e1szid\u00e9ny a Paktum tril\u00f3gia m\u00e1sodik k\u00f6tete. Elt\u0171nik k\u00e9t \u00e1ruh\u00e1znyi ember. Az FBI tehetetlen, a korm\u00e1ny nem komment\u00e1lja a t\u00f6rt\u00e9nteket.","og_url":"https:\/\/duncanshelley.com\/en\/product\/duncan-shelley-vadaszideny-paktum-ii-e-book\/","og_site_name":"Duncan Shelley K\u00f6nyvesbolt","article_modified_time":"2025-07-07T18:19:46+00:00","og_image":[{"width":300,"height":475,"url":"https:\/\/duncanshelley.com\/wp-content\/uploads\/paktum-2-vadaszideny-1.jpg","type":"image\/jpeg"}],"twitter_misc":{"Est. reading time":"1 minute"},"schema":{"@context":"https:\/\/schema.org","@graph":[{"@type":"WebPage","@id":"https:\/\/duncanshelley.com\/termek\/duncan-shelley-vadaszideny-paktum-ii-e-book\/","url":"https:\/\/duncanshelley.com\/termek\/duncan-shelley-vadaszideny-paktum-ii-e-book\/","name":"Duncan Shelley: Vad\u00e1szid\u00e9ny - Paktum II. (e-book) (Paktum tril\u00f3gia) - Duncan Shelley K\u00f6nyvesbolt","isPartOf":{"@id":"https:\/\/duncanshelley.com\/#website"},"primaryImageOfPage":{"@id":"https:\/\/duncanshelley.com\/termek\/duncan-shelley-vadaszideny-paktum-ii-e-book\/#primaryimage"},"image":{"@id":"https:\/\/duncanshelley.com\/termek\/duncan-shelley-vadaszideny-paktum-ii-e-book\/#primaryimage"},"thumbnailUrl":"https:\/\/duncanshelley.com\/wp-content\/uploads\/paktum-2-vadaszideny-1.jpg","datePublished":"2025-07-07T18:19:00+00:00","dateModified":"2025-07-07T18:19:46+00:00","description":"A Vad\u00e1szid\u00e9ny a Paktum tril\u00f3gia m\u00e1sodik k\u00f6tete. Elt\u0171nik k\u00e9t \u00e1ruh\u00e1znyi ember. Az FBI tehetetlen, a korm\u00e1ny nem komment\u00e1lja a t\u00f6rt\u00e9nteket.","breadcrumb":{"@id":"https:\/\/duncanshelley.com\/termek\/duncan-shelley-vadaszideny-paktum-ii-e-book\/#breadcrumb"},"inLanguage":"en-US","potentialAction":[{"@type":"ReadAction","target":["https:\/\/duncanshelley.com\/termek\/duncan-shelley-vadaszideny-paktum-ii-e-book\/"]}]},{"@type":"ImageObject","inLanguage":"en-US","@id":"https:\/\/duncanshelley.com\/termek\/duncan-shelley-vadaszideny-paktum-ii-e-book\/#primaryimage","url":"https:\/\/duncanshelley.com\/wp-content\/uploads\/paktum-2-vadaszideny-1.jpg","contentUrl":"https:\/\/duncanshelley.com\/wp-content\/uploads\/paktum-2-vadaszideny-1.jpg","width":300,"height":475,"caption":"paktum-2-vadaszideny"},{"@type":"BreadcrumbList","@id":"https:\/\/duncanshelley.com\/termek\/duncan-shelley-vadaszideny-paktum-ii-e-book\/#breadcrumb","itemListElement":[{"@type":"ListItem","position":1,"name":"Kezd\u0151lap","item":"https:\/\/duncanshelley.com\/"},{"@type":"ListItem","position":2,"name":"Webshop","item":"https:\/\/duncanshelley.com\/webshop\/"},{"@type":"ListItem","position":3,"name":"Duncan Shelley: Vad\u00e1szid\u00e9ny &#8211; Paktum II. (e-book)"}]},{"@type":"WebSite","@id":"https:\/\/duncanshelley.com\/#website","url":"https:\/\/duncanshelley.com\/","name":"Duncan Shelley K\u00f6nyvesbolt","description":"","potentialAction":[{"@type":"SearchAction","target":{"@type":"EntryPoint","urlTemplate":"https:\/\/duncanshelley.com\/?s={search_term_string}"},"query-input":{"@type":"PropertyValueSpecification","valueRequired":true,"valueName":"search_term_string"}}],"inLanguage":"en-US"}]}},"_links":{"self":[{"href":"https:\/\/duncanshelley.com\/en\/wp-json\/wp\/v2\/product\/26754","targetHints":{"allow":["GET"]}}],"collection":[{"href":"https:\/\/duncanshelley.com\/en\/wp-json\/wp\/v2\/product"}],"about":[{"href":"https:\/\/duncanshelley.com\/en\/wp-json\/wp\/v2\/types\/product"}],"replies":[{"embeddable":true,"href":"https:\/\/duncanshelley.com\/en\/wp-json\/wp\/v2\/comments?post=26754"}],"wp:featuredmedia":[{"embeddable":true,"href":"https:\/\/duncanshelley.com\/en\/wp-json\/wp\/v2\/media\/8823"}],"wp:attachment":[{"href":"https:\/\/duncanshelley.com\/en\/wp-json\/wp\/v2\/media?parent=26754"}],"wp:term":[{"taxonomy":"product_brand","embeddable":true,"href":"https:\/\/duncanshelley.com\/en\/wp-json\/wp\/v2\/product_brand?post=26754"},{"taxonomy":"product_cat","embeddable":true,"href":"https:\/\/duncanshelley.com\/en\/wp-json\/wp\/v2\/product_cat?post=26754"},{"taxonomy":"product_tag","embeddable":true,"href":"https:\/\/duncanshelley.com\/en\/wp-json\/wp\/v2\/product_tag?post=26754"}],"curies":[{"name":"wp","href":"https:\/\/api.w.org\/{rel}","templated":true}]}}