{"id":26751,"date":"2025-07-07T20:07:07","date_gmt":"2025-07-07T18:07:07","guid":{"rendered":"https:\/\/duncanshelley.com\/?post_type=product&#038;p=26751"},"modified":"2025-07-07T20:13:55","modified_gmt":"2025-07-07T18:13:55","slug":"duncan-shelley-a-felelem-ize-paktum-i-e-book","status":"publish","type":"product","link":"https:\/\/duncanshelley.com\/en\/product\/duncan-shelley-a-felelem-ize-paktum-i-e-book\/","title":{"rendered":"Duncan Shelley: A f\u00e9lelem \u00edze &#8211; Paktum I. (e-book)"},"content":{"rendered":"<p>\u2013 Teh\u00e1t h\u00fast akarnak v\u00e1s\u00e1rolni t\u0151l\u00fcnk. Milyen mennyis\u00e9gben?<\/p>\n<p>\u2013 Huszonh\u00e9tmilli\u00f3 kilogrammot, minden \u00e9vben \u2013 \u00e9rkezett a v\u00e1lasz.<\/p>\n<p>\u2013 Brutt\u00f3 huszonh\u00e9tezer tonna, vagy sz\u00ednh\u00fas huszonh\u00e9tezer tonna?<\/p>\n<p>\u2013 Sz\u00ednh\u00fas.<br \/>\nHuszonh\u00e9tezer tonna, ism\u00e9telte mag\u00e1ban von Zeissman. Gyors fejsz\u00e1mol\u00e1st v\u00e9gzett: ha igaz\u00e1n j\u00f3 min\u0151s\u00e9g\u0171 pecsenyemalacot akarnak, akkor az k\u00f6r\u00fclbel\u00fcl tizenk\u00e9tmilli\u00f3 malac minden \u00e9vben, ami rettenetesen sok; ha sonkasert\u00e9sre v\u00e1gynak, akkor\u2026<\/p>\n<p>\u2013 Milyen h\u00fasra gondol? \u2013 k\u00e9rdezte Volkov. \u2013 Sert\u00e9s, baromfi, birka, hal, esetleg vadh\u00fas?<\/p>\n<p>A szemk\u00f6zt \u00fcl\u0151 alak ism\u00e9t azt a furcsa, gurgul\u00e1z\u00f3, morg\u00f3 hangot adta ki, miel\u0151tt megsz\u00f3lalt. Mintha s\u00falyos beteg lenne, vagy valamilyen okb\u00f3l nehez\u00e9re esne a besz\u00e9d.<\/p>\n<p>\u2013 Emberh\u00fas. Huszonh\u00e9tmilli\u00f3 kilogramm, \u00e9vente. Erre k\u00e9r\u00fcnk aj\u00e1nlatot \u00f6n\u00f6kt\u0151l.<\/p>\n<h2><strong>A f\u00e9lelem \u00edze kisfilm:<\/strong><\/h2>\n<p style=\"text-align: center;\"><iframe loading=\"lazy\" src=\"https:\/\/www.youtube.com\/embed\/I8tncekOIRc\" width=\"560\" height=\"315\" frameborder=\"0\" allowfullscreen=\"allowfullscreen\"><\/iframe><\/p>\n<h4><\/h4>","protected":false},"excerpt":{"rendered":"<p>A fesz\u00fclt, fordulatos reg\u00e9ny a mi l\u00e9tez\u0151 vil\u00e1gunkat mutatja meg, melyben a hatalmass\u00e1gok \u00e1rucikk\u00e9nt kezelnek minket, fej\u00fcnk felett hozva olyan d\u00f6nt\u00e9seket, melyek rajtuk k\u00edv\u00fcl senkinek nem j\u00f3k.<\/p>\n<p>Egy g\u00e1tl\u00e1stalan, f\u00f6ld\u00f6nk\u00edv\u00fcli v\u00e1llalkoz\u00f3 k\u00fcl\u00f6n\u00f6s aj\u00e1nlattal keres fel n\u00e9h\u00e1ny nagyhatalm\u00fa embert, akik a cs\u00e1b\u00edt\u00f3 aj\u00e1nlatnak nem tudnak ellen\u00e1llni. A Paktumot megk\u00f6tik, \u00e9s a t\u00f6rt\u00e9nelem \u00f6r\u00f6kre megv\u00e1ltozik. Ez csak \u00fczlet, nem szem\u00e9lyes. A f\u00e9lelem \u00edze olyan, mint a drog.<\/p>\n<p>Az emberis\u00e9g saj\u00e1t r\u00e9mk\u00e9peivel szembes\u00fclve v\u00e1lasz\u00fat el\u00e9 ker\u00fcl: vagy kipusztul, vagy megszabadul f\u00e9lelmeit\u0151l, bels\u0151 d\u00e9monjait\u00f3l, \u00e9s evol\u00faci\u00f3s l\u00e9p\u00e9st tesz felfel\u00e9.<\/p>\n<p>K\u00fcl\u00f6nleges k\u00f6nyvet tart kez\u00e9ben az olvas\u00f3. Sodr\u00f3 lend\u00fclet\u0171 reg\u00e9ny, mely ter\u00e1pia is egyben. A f\u00e9lelem saj\u00e1t magunk \u00e1rny\u00e9k\u00e1v\u00e1 tesz minket, ideje kil\u00e9pni a f\u00e9nybe.<\/p>","protected":false},"featured_media":8822,"comment_status":"closed","ping_status":"closed","template":"","meta":{"_acf_changed":false,"_genesis_hide_title":false,"_genesis_hide_breadcrumbs":false,"_genesis_hide_singular_image":false,"_genesis_hide_footer_widgets":false,"_genesis_custom_body_class":"","_genesis_custom_post_class":"","_genesis_layout":""},"product_brand":[],"product_cat":[171,18],"product_tag":[],"class_list":{"0":"post-26751","1":"product","2":"type-product","3":"status-publish","4":"has-post-thumbnail","6":"product_cat-ebook-magyar","7":"product_cat-sci-fi-konyvek","8":"entry","10":"first","11":"instock","12":"downloadable","13":"virtual","14":"taxable","15":"purchasable","16":"product-type-simple"},"acf":[],"yoast_head":"<!-- This site is optimized with the Yoast SEO Premium plugin v27.4 (Yoast SEO v27.4) - https:\/\/yoast.com\/product\/yoast-seo-premium-wordpress\/ -->\n<title>Duncan Shelley: A f\u00e9lelem \u00edze - Paktum I. (e-book) (Paktum tril\u00f3gia) - Duncan Shelley K\u00f6nyvesbolt<\/title>\n<meta name=\"description\" content=\"A f\u00e9lelem \u00edze k\u00f6tetben egy g\u00e1tl\u00e1stalan, f\u00f6ld\u00f6nk\u00edv\u00fcli v\u00e1llalkoz\u00f3 k\u00fcl\u00f6n\u00f6s aj\u00e1nlattal keres fel n\u00e9h\u00e1ny nagyhatalm\u00fa embert, amire igent mondanak.\" \/>\n<meta name=\"robots\" content=\"index, follow, max-snippet:-1, max-image-preview:large, max-video-preview:-1\" \/>\n<link rel=\"canonical\" href=\"https:\/\/duncanshelley.com\/en\/product\/duncan-shelley-a-felelem-ize-paktum-i-e-book\/\" \/>\n<meta property=\"og:locale\" content=\"en_US\" \/>\n<meta property=\"og:type\" content=\"article\" \/>\n<meta property=\"og:title\" content=\"Duncan Shelley: A f\u00e9lelem \u00edze - Paktum I. (e-book)\" \/>\n<meta property=\"og:description\" content=\"A f\u00e9lelem \u00edze k\u00f6tetben egy g\u00e1tl\u00e1stalan, f\u00f6ld\u00f6nk\u00edv\u00fcli v\u00e1llalkoz\u00f3 k\u00fcl\u00f6n\u00f6s aj\u00e1nlattal keres fel n\u00e9h\u00e1ny nagyhatalm\u00fa embert, amire igent mondanak.\" \/>\n<meta property=\"og:url\" content=\"https:\/\/duncanshelley.com\/en\/product\/duncan-shelley-a-felelem-ize-paktum-i-e-book\/\" \/>\n<meta property=\"og:site_name\" content=\"Duncan Shelley K\u00f6nyvesbolt\" \/>\n<meta property=\"article:modified_time\" content=\"2025-07-07T18:13:55+00:00\" \/>\n<meta property=\"og:image\" content=\"https:\/\/duncanshelley.com\/wp-content\/uploads\/paktum-1-a-felelem-ize.jpg\" \/>\n\t<meta property=\"og:image:width\" content=\"300\" \/>\n\t<meta property=\"og:image:height\" content=\"475\" \/>\n\t<meta property=\"og:image:type\" content=\"image\/jpeg\" \/>\n<meta name=\"twitter:label1\" content=\"Est. reading time\" \/>\n\t<meta name=\"twitter:data1\" content=\"1 minute\" \/>\n<script type=\"application\/ld+json\" class=\"yoast-schema-graph\">{\"@context\":\"https:\\\/\\\/schema.org\",\"@graph\":[{\"@type\":\"WebPage\",\"@id\":\"https:\\\/\\\/duncanshelley.com\\\/termek\\\/duncan-shelley-a-felelem-ize-paktum-i-e-book\\\/\",\"url\":\"https:\\\/\\\/duncanshelley.com\\\/termek\\\/duncan-shelley-a-felelem-ize-paktum-i-e-book\\\/\",\"name\":\"Duncan Shelley: A f\u00e9lelem \u00edze - Paktum I. (e-book) (Paktum tril\u00f3gia) - Duncan Shelley K\u00f6nyvesbolt\",\"isPartOf\":{\"@id\":\"https:\\\/\\\/duncanshelley.com\\\/#website\"},\"primaryImageOfPage\":{\"@id\":\"https:\\\/\\\/duncanshelley.com\\\/termek\\\/duncan-shelley-a-felelem-ize-paktum-i-e-book\\\/#primaryimage\"},\"image\":{\"@id\":\"https:\\\/\\\/duncanshelley.com\\\/termek\\\/duncan-shelley-a-felelem-ize-paktum-i-e-book\\\/#primaryimage\"},\"thumbnailUrl\":\"https:\\\/\\\/duncanshelley.com\\\/wp-content\\\/uploads\\\/paktum-1-a-felelem-ize.jpg\",\"datePublished\":\"2025-07-07T18:07:07+00:00\",\"dateModified\":\"2025-07-07T18:13:55+00:00\",\"description\":\"A f\u00e9lelem \u00edze k\u00f6tetben egy g\u00e1tl\u00e1stalan, f\u00f6ld\u00f6nk\u00edv\u00fcli v\u00e1llalkoz\u00f3 k\u00fcl\u00f6n\u00f6s aj\u00e1nlattal keres fel n\u00e9h\u00e1ny nagyhatalm\u00fa embert, amire igent mondanak.\",\"breadcrumb\":{\"@id\":\"https:\\\/\\\/duncanshelley.com\\\/termek\\\/duncan-shelley-a-felelem-ize-paktum-i-e-book\\\/#breadcrumb\"},\"inLanguage\":\"en-US\",\"potentialAction\":[{\"@type\":\"ReadAction\",\"target\":[\"https:\\\/\\\/duncanshelley.com\\\/termek\\\/duncan-shelley-a-felelem-ize-paktum-i-e-book\\\/\"]}]},{\"@type\":\"ImageObject\",\"inLanguage\":\"en-US\",\"@id\":\"https:\\\/\\\/duncanshelley.com\\\/termek\\\/duncan-shelley-a-felelem-ize-paktum-i-e-book\\\/#primaryimage\",\"url\":\"https:\\\/\\\/duncanshelley.com\\\/wp-content\\\/uploads\\\/paktum-1-a-felelem-ize.jpg\",\"contentUrl\":\"https:\\\/\\\/duncanshelley.com\\\/wp-content\\\/uploads\\\/paktum-1-a-felelem-ize.jpg\",\"width\":300,\"height\":475,\"caption\":\"paktum-1-a-felelem-ize\"},{\"@type\":\"BreadcrumbList\",\"@id\":\"https:\\\/\\\/duncanshelley.com\\\/termek\\\/duncan-shelley-a-felelem-ize-paktum-i-e-book\\\/#breadcrumb\",\"itemListElement\":[{\"@type\":\"ListItem\",\"position\":1,\"name\":\"Kezd\u0151lap\",\"item\":\"https:\\\/\\\/duncanshelley.com\\\/\"},{\"@type\":\"ListItem\",\"position\":2,\"name\":\"Webshop\",\"item\":\"https:\\\/\\\/duncanshelley.com\\\/webshop\\\/\"},{\"@type\":\"ListItem\",\"position\":3,\"name\":\"Duncan Shelley: A f\u00e9lelem \u00edze &#8211; Paktum I. (e-book)\"}]},{\"@type\":\"WebSite\",\"@id\":\"https:\\\/\\\/duncanshelley.com\\\/#website\",\"url\":\"https:\\\/\\\/duncanshelley.com\\\/\",\"name\":\"Duncan Shelley K\u00f6nyvesbolt\",\"description\":\"\",\"potentialAction\":[{\"@type\":\"SearchAction\",\"target\":{\"@type\":\"EntryPoint\",\"urlTemplate\":\"https:\\\/\\\/duncanshelley.com\\\/?s={search_term_string}\"},\"query-input\":{\"@type\":\"PropertyValueSpecification\",\"valueRequired\":true,\"valueName\":\"search_term_string\"}}],\"inLanguage\":\"en-US\"}]}<\/script>\n<!-- \/ Yoast SEO Premium plugin. -->","yoast_head_json":{"title":"Duncan Shelley: A f\u00e9lelem \u00edze - Paktum I. (e-book) (Paktum tril\u00f3gia) - Duncan Shelley K\u00f6nyvesbolt","description":"A f\u00e9lelem \u00edze k\u00f6tetben egy g\u00e1tl\u00e1stalan, f\u00f6ld\u00f6nk\u00edv\u00fcli v\u00e1llalkoz\u00f3 k\u00fcl\u00f6n\u00f6s aj\u00e1nlattal keres fel n\u00e9h\u00e1ny nagyhatalm\u00fa embert, amire igent mondanak.","robots":{"index":"index","follow":"follow","max-snippet":"max-snippet:-1","max-image-preview":"max-image-preview:large","max-video-preview":"max-video-preview:-1"},"canonical":"https:\/\/duncanshelley.com\/en\/product\/duncan-shelley-a-felelem-ize-paktum-i-e-book\/","og_locale":"en_US","og_type":"article","og_title":"Duncan Shelley: A f\u00e9lelem \u00edze - Paktum I. (e-book)","og_description":"A f\u00e9lelem \u00edze k\u00f6tetben egy g\u00e1tl\u00e1stalan, f\u00f6ld\u00f6nk\u00edv\u00fcli v\u00e1llalkoz\u00f3 k\u00fcl\u00f6n\u00f6s aj\u00e1nlattal keres fel n\u00e9h\u00e1ny nagyhatalm\u00fa embert, amire igent mondanak.","og_url":"https:\/\/duncanshelley.com\/en\/product\/duncan-shelley-a-felelem-ize-paktum-i-e-book\/","og_site_name":"Duncan Shelley K\u00f6nyvesbolt","article_modified_time":"2025-07-07T18:13:55+00:00","og_image":[{"width":300,"height":475,"url":"https:\/\/duncanshelley.com\/wp-content\/uploads\/paktum-1-a-felelem-ize.jpg","type":"image\/jpeg"}],"twitter_misc":{"Est. reading time":"1 minute"},"schema":{"@context":"https:\/\/schema.org","@graph":[{"@type":"WebPage","@id":"https:\/\/duncanshelley.com\/termek\/duncan-shelley-a-felelem-ize-paktum-i-e-book\/","url":"https:\/\/duncanshelley.com\/termek\/duncan-shelley-a-felelem-ize-paktum-i-e-book\/","name":"Duncan Shelley: A f\u00e9lelem \u00edze - Paktum I. (e-book) (Paktum tril\u00f3gia) - Duncan Shelley K\u00f6nyvesbolt","isPartOf":{"@id":"https:\/\/duncanshelley.com\/#website"},"primaryImageOfPage":{"@id":"https:\/\/duncanshelley.com\/termek\/duncan-shelley-a-felelem-ize-paktum-i-e-book\/#primaryimage"},"image":{"@id":"https:\/\/duncanshelley.com\/termek\/duncan-shelley-a-felelem-ize-paktum-i-e-book\/#primaryimage"},"thumbnailUrl":"https:\/\/duncanshelley.com\/wp-content\/uploads\/paktum-1-a-felelem-ize.jpg","datePublished":"2025-07-07T18:07:07+00:00","dateModified":"2025-07-07T18:13:55+00:00","description":"A f\u00e9lelem \u00edze k\u00f6tetben egy g\u00e1tl\u00e1stalan, f\u00f6ld\u00f6nk\u00edv\u00fcli v\u00e1llalkoz\u00f3 k\u00fcl\u00f6n\u00f6s aj\u00e1nlattal keres fel n\u00e9h\u00e1ny nagyhatalm\u00fa embert, amire igent mondanak.","breadcrumb":{"@id":"https:\/\/duncanshelley.com\/termek\/duncan-shelley-a-felelem-ize-paktum-i-e-book\/#breadcrumb"},"inLanguage":"en-US","potentialAction":[{"@type":"ReadAction","target":["https:\/\/duncanshelley.com\/termek\/duncan-shelley-a-felelem-ize-paktum-i-e-book\/"]}]},{"@type":"ImageObject","inLanguage":"en-US","@id":"https:\/\/duncanshelley.com\/termek\/duncan-shelley-a-felelem-ize-paktum-i-e-book\/#primaryimage","url":"https:\/\/duncanshelley.com\/wp-content\/uploads\/paktum-1-a-felelem-ize.jpg","contentUrl":"https:\/\/duncanshelley.com\/wp-content\/uploads\/paktum-1-a-felelem-ize.jpg","width":300,"height":475,"caption":"paktum-1-a-felelem-ize"},{"@type":"BreadcrumbList","@id":"https:\/\/duncanshelley.com\/termek\/duncan-shelley-a-felelem-ize-paktum-i-e-book\/#breadcrumb","itemListElement":[{"@type":"ListItem","position":1,"name":"Kezd\u0151lap","item":"https:\/\/duncanshelley.com\/"},{"@type":"ListItem","position":2,"name":"Webshop","item":"https:\/\/duncanshelley.com\/webshop\/"},{"@type":"ListItem","position":3,"name":"Duncan Shelley: A f\u00e9lelem \u00edze &#8211; Paktum I. (e-book)"}]},{"@type":"WebSite","@id":"https:\/\/duncanshelley.com\/#website","url":"https:\/\/duncanshelley.com\/","name":"Duncan Shelley K\u00f6nyvesbolt","description":"","potentialAction":[{"@type":"SearchAction","target":{"@type":"EntryPoint","urlTemplate":"https:\/\/duncanshelley.com\/?s={search_term_string}"},"query-input":{"@type":"PropertyValueSpecification","valueRequired":true,"valueName":"search_term_string"}}],"inLanguage":"en-US"}]}},"_links":{"self":[{"href":"https:\/\/duncanshelley.com\/en\/wp-json\/wp\/v2\/product\/26751","targetHints":{"allow":["GET"]}}],"collection":[{"href":"https:\/\/duncanshelley.com\/en\/wp-json\/wp\/v2\/product"}],"about":[{"href":"https:\/\/duncanshelley.com\/en\/wp-json\/wp\/v2\/types\/product"}],"replies":[{"embeddable":true,"href":"https:\/\/duncanshelley.com\/en\/wp-json\/wp\/v2\/comments?post=26751"}],"wp:featuredmedia":[{"embeddable":true,"href":"https:\/\/duncanshelley.com\/en\/wp-json\/wp\/v2\/media\/8822"}],"wp:attachment":[{"href":"https:\/\/duncanshelley.com\/en\/wp-json\/wp\/v2\/media?parent=26751"}],"wp:term":[{"taxonomy":"product_brand","embeddable":true,"href":"https:\/\/duncanshelley.com\/en\/wp-json\/wp\/v2\/product_brand?post=26751"},{"taxonomy":"product_cat","embeddable":true,"href":"https:\/\/duncanshelley.com\/en\/wp-json\/wp\/v2\/product_cat?post=26751"},{"taxonomy":"product_tag","embeddable":true,"href":"https:\/\/duncanshelley.com\/en\/wp-json\/wp\/v2\/product_tag?post=26751"}],"curies":[{"name":"wp","href":"https:\/\/api.w.org\/{rel}","templated":true}]}}