{"id":26503,"date":"2025-06-06T11:41:50","date_gmt":"2025-06-06T09:41:50","guid":{"rendered":"https:\/\/duncanshelley.com\/?post_type=product&#038;p=26503"},"modified":"2025-07-13T18:49:45","modified_gmt":"2025-07-13T16:49:45","slug":"duncan-shelley-az-elme-gyilkosai-iii-a-vegso-haboru-ebook","status":"publish","type":"product","link":"https:\/\/duncanshelley.com\/en\/product\/duncan-shelley-az-elme-gyilkosai-iii-a-vegso-haboru-ebook\/","title":{"rendered":"Duncan Shelley: Az Elme gyilkosai III. A v\u00e9gs\u0151 h\u00e1bor\u00fa (eBook)"},"content":{"rendered":"<p>Duncan Shelley <a href=\"https:\/\/duncanshelley.com\/en\/product\/elme-gyilkosai-trilogia-csomag\/\" target=\"_blank\" rel=\"noopener\">Az Elme gyilkosai<\/a> tril\u00f3gi\u00e1nak harmadik, vagyis befejez\u0151 r\u00e9sze. Ebben a k\u00f6tetben lez\u00e1rul a Legfels\u0151bb Kaszt \u00e1rul\u00f3v\u00e1 lett k\u00f6vet\u00e9nek, Julius Andan-nak az \u00fcld\u00f6ztet\u00e9se.<\/p>\n<p>Az els\u0151 vil\u00e1gh\u00e1bor\u00fa nem az els\u0151 vil\u00e1gh\u00e1bor\u00fa volt. A m\u00e1sodik vil\u00e1gh\u00e1bor\u00fa nem a m\u00e1sodik vil\u00e1gh\u00e1bor\u00fa volt. Az igazi els\u0151 vil\u00e1gh\u00e1bor\u00fa m\u00e9g mindig zajlik, \u00e9s m\u00e1r \u00e9vezredek \u00f3ta tart. Ebben a h\u00e1bor\u00faban a hidrog\u00e9nbomb\u00e1n\u00e1l milli\u00f3szor puszt\u00edt\u00f3bb hat\u00e1s\u00fa fegyvert vetnek be az emberek ellen.<\/p>\n<p>Ezt a t\u00f6megpuszt\u00edt\u00f3 fegyvert, amely emberek milli\u00e1rdjainak j\u00f6v\u0151j\u00e9t semmis\u00edti meg, \u00e9s amelynek hat\u00e1sa tov\u00e1bb tart, mint amennyi a plut\u00f3nium felez\u00e9si ideje, \u00edgy nevezik: HAZUGS\u00c1G.<\/p>","protected":false},"excerpt":{"rendered":"<div class=\"woocommerce-product-details__short-description\">\n<p>A tril\u00f3gia harnadik k\u00f6tete<br \/>\n<strong>M\u0171faj<\/strong>: politikai thriller<br \/>\n<strong>Oldalsz\u00e1m<\/strong>: 442<br \/>\n<strong>Kiad\u00e1s<\/strong> <strong>\u00e9ve<\/strong>: 2000, 2007, 2012, 2014.<\/p>\n<p><strong>A v\u00e9gs\u0151 h\u00e1bor\u00fa<\/strong><\/p>\n<p>A t\u00f6k\u00e9letesen titkos Legfels\u0151bb Kaszt, amelyet Julius Andan a tril\u00f3gia els\u0151 r\u00e9sz\u00e9ben h\u00e1ta m\u00f6g\u00f6tt hagy, kontoll alatt tartja az emberis\u00e9get, \u00e9s rengeteg tud\u00e1st, felfedez\u00e9st takar el az \u00e1tlagemberek szeme (s\u0151t, m\u00e9g a gondolatai) el\u0151l is.<\/p>\n<p>A\u00a0 z\u00e1r\u00f3r\u00e9szben Andan komoly vesz\u00e9lybe ker\u00fcl, s\u0151t, maga a civiliz\u00e1ci\u00f3 is, hiszen \u00fagy n\u00e9z ki, az emberek m\u00e1r kezdenek kin\u00e9zni a hom\u00e1lyb\u00f3l \u00e9s a Kaszt rengeteg hazugs\u00e1ga m\u00e1r nem annyira van r\u00e1juk hat\u00e1ssal. \u00c9s ez az, amelyet a Legfels\u0151bb Kaszt nem engedhet meg mag\u00e1nak. Andan befejezi \u00e9s megjelenteti k\u00f6nyv\u00e9t, a Rendszer Hiteles Kr\u00f3nik\u00e1j\u00e1t, amely j\u00f3kora port kavar.<\/p>\n<p>A Legfels\u0151bb Kaszt pedig k\u00e9sz\u00fcl bevetni az utols\u00f3 \u00e9s egyben legkem\u00e9nyebb fegyver\u00e9t Andan ellen, amellyel szemben m\u00e1r \u0151 sem tudna mit kezdeni\u2026<\/p>\n<p>Meglep\u0151 fordulatokkal tal\u00e1lkozunk ebben a k\u00f6tetben, de v\u00e9g\u00fcl lez\u00e1rul a hajsza, amelyb\u0151l csak az egyik f\u00e9l szabadulhat ki gy\u0151ztesen.<\/p>\n<\/div>","protected":false},"featured_media":8598,"comment_status":"closed","ping_status":"closed","template":"","meta":{"_acf_changed":false,"_genesis_hide_title":false,"_genesis_hide_breadcrumbs":false,"_genesis_hide_singular_image":false,"_genesis_hide_footer_widgets":false,"_genesis_custom_body_class":"","_genesis_custom_post_class":"","_genesis_layout":""},"product_brand":[],"product_cat":[171],"product_tag":[],"class_list":{"0":"post-26503","1":"product","2":"type-product","3":"status-publish","4":"has-post-thumbnail","6":"product_cat-ebook-magyar","7":"entry","9":"first","10":"instock","11":"downloadable","12":"virtual","13":"taxable","14":"purchasable","15":"product-type-simple"},"acf":[],"yoast_head":"<!-- This site is optimized with the Yoast SEO Premium plugin v27.4 (Yoast SEO v27.4) - https:\/\/yoast.com\/product\/yoast-seo-premium-wordpress\/ -->\n<title>Duncan Shelley: Az Elme gyilkosai III. A v\u00e9gs\u0151 h\u00e1bor\u00fa (eBook) - Duncan Shelley K\u00f6nyvesbolt<\/title>\n<meta name=\"description\" content=\"Az Elme gyilkosai reg\u00e9nytril\u00f3gi\u00e1ban \u00f6sszemos\u00f3dik a val\u00f3s\u00e1g \u00e9s a fant\u00e1zia. A k\u00f6nyv v\u00e9g\u00e9re garant\u00e1ltan m\u00e1shogy l\u00e1tod majd a vil\u00e1got.\" \/>\n<meta name=\"robots\" content=\"index, follow, max-snippet:-1, max-image-preview:large, max-video-preview:-1\" \/>\n<link rel=\"canonical\" href=\"https:\/\/duncanshelley.com\/en\/product\/duncan-shelley-az-elme-gyilkosai-iii-a-vegso-haboru-ebook\/\" \/>\n<meta property=\"og:locale\" content=\"en_US\" \/>\n<meta property=\"og:type\" content=\"article\" \/>\n<meta property=\"og:title\" content=\"Duncan Shelley: Az Elme gyilkosai III. A v\u00e9gs\u0151 h\u00e1bor\u00fa (eBook)\" \/>\n<meta property=\"og:description\" content=\"Az Elme gyilkosai reg\u00e9nytril\u00f3gi\u00e1ban \u00f6sszemos\u00f3dik a val\u00f3s\u00e1g \u00e9s a fant\u00e1zia. A k\u00f6nyv v\u00e9g\u00e9re garant\u00e1ltan m\u00e1shogy l\u00e1tod majd a vil\u00e1got.\" \/>\n<meta property=\"og:url\" content=\"https:\/\/duncanshelley.com\/en\/product\/duncan-shelley-az-elme-gyilkosai-iii-a-vegso-haboru-ebook\/\" \/>\n<meta property=\"og:site_name\" content=\"Duncan Shelley K\u00f6nyvesbolt\" \/>\n<meta property=\"article:modified_time\" content=\"2025-07-13T16:49:45+00:00\" \/>\n<meta property=\"og:image\" content=\"https:\/\/duncanshelley.com\/wp-content\/uploads\/elme-gyilkosai-3.jpg\" \/>\n\t<meta property=\"og:image:width\" content=\"300\" \/>\n\t<meta property=\"og:image:height\" content=\"475\" \/>\n\t<meta property=\"og:image:type\" content=\"image\/jpeg\" \/>\n<meta name=\"twitter:label1\" content=\"Est. reading time\" \/>\n\t<meta name=\"twitter:data1\" content=\"1 minute\" \/>\n<script type=\"application\/ld+json\" class=\"yoast-schema-graph\">{\"@context\":\"https:\\\/\\\/schema.org\",\"@graph\":[{\"@type\":\"WebPage\",\"@id\":\"https:\\\/\\\/duncanshelley.com\\\/termek\\\/duncan-shelley-az-elme-gyilkosai-iii-a-vegso-haboru-ebook\\\/\",\"url\":\"https:\\\/\\\/duncanshelley.com\\\/termek\\\/duncan-shelley-az-elme-gyilkosai-iii-a-vegso-haboru-ebook\\\/\",\"name\":\"Duncan Shelley: Az Elme gyilkosai III. A v\u00e9gs\u0151 h\u00e1bor\u00fa (eBook) - Duncan Shelley K\u00f6nyvesbolt\",\"isPartOf\":{\"@id\":\"https:\\\/\\\/duncanshelley.com\\\/#website\"},\"primaryImageOfPage\":{\"@id\":\"https:\\\/\\\/duncanshelley.com\\\/termek\\\/duncan-shelley-az-elme-gyilkosai-iii-a-vegso-haboru-ebook\\\/#primaryimage\"},\"image\":{\"@id\":\"https:\\\/\\\/duncanshelley.com\\\/termek\\\/duncan-shelley-az-elme-gyilkosai-iii-a-vegso-haboru-ebook\\\/#primaryimage\"},\"thumbnailUrl\":\"https:\\\/\\\/duncanshelley.com\\\/wp-content\\\/uploads\\\/elme-gyilkosai-3.jpg\",\"datePublished\":\"2025-06-06T09:41:50+00:00\",\"dateModified\":\"2025-07-13T16:49:45+00:00\",\"description\":\"Az Elme gyilkosai reg\u00e9nytril\u00f3gi\u00e1ban \u00f6sszemos\u00f3dik a val\u00f3s\u00e1g \u00e9s a fant\u00e1zia. A k\u00f6nyv v\u00e9g\u00e9re garant\u00e1ltan m\u00e1shogy l\u00e1tod majd a vil\u00e1got.\",\"breadcrumb\":{\"@id\":\"https:\\\/\\\/duncanshelley.com\\\/termek\\\/duncan-shelley-az-elme-gyilkosai-iii-a-vegso-haboru-ebook\\\/#breadcrumb\"},\"inLanguage\":\"en-US\",\"potentialAction\":[{\"@type\":\"ReadAction\",\"target\":[\"https:\\\/\\\/duncanshelley.com\\\/termek\\\/duncan-shelley-az-elme-gyilkosai-iii-a-vegso-haboru-ebook\\\/\"]}]},{\"@type\":\"ImageObject\",\"inLanguage\":\"en-US\",\"@id\":\"https:\\\/\\\/duncanshelley.com\\\/termek\\\/duncan-shelley-az-elme-gyilkosai-iii-a-vegso-haboru-ebook\\\/#primaryimage\",\"url\":\"https:\\\/\\\/duncanshelley.com\\\/wp-content\\\/uploads\\\/elme-gyilkosai-3.jpg\",\"contentUrl\":\"https:\\\/\\\/duncanshelley.com\\\/wp-content\\\/uploads\\\/elme-gyilkosai-3.jpg\",\"width\":300,\"height\":475,\"caption\":\"v\u00e9gs\u0151 h\u00e1bor\u00fa\"},{\"@type\":\"BreadcrumbList\",\"@id\":\"https:\\\/\\\/duncanshelley.com\\\/termek\\\/duncan-shelley-az-elme-gyilkosai-iii-a-vegso-haboru-ebook\\\/#breadcrumb\",\"itemListElement\":[{\"@type\":\"ListItem\",\"position\":1,\"name\":\"Kezd\u0151lap\",\"item\":\"https:\\\/\\\/duncanshelley.com\\\/\"},{\"@type\":\"ListItem\",\"position\":2,\"name\":\"Webshop\",\"item\":\"https:\\\/\\\/duncanshelley.com\\\/webshop\\\/\"},{\"@type\":\"ListItem\",\"position\":3,\"name\":\"Duncan Shelley: Az Elme gyilkosai III. A v\u00e9gs\u0151 h\u00e1bor\u00fa (eBook)\"}]},{\"@type\":\"WebSite\",\"@id\":\"https:\\\/\\\/duncanshelley.com\\\/#website\",\"url\":\"https:\\\/\\\/duncanshelley.com\\\/\",\"name\":\"Duncan Shelley K\u00f6nyvesbolt\",\"description\":\"\",\"potentialAction\":[{\"@type\":\"SearchAction\",\"target\":{\"@type\":\"EntryPoint\",\"urlTemplate\":\"https:\\\/\\\/duncanshelley.com\\\/?s={search_term_string}\"},\"query-input\":{\"@type\":\"PropertyValueSpecification\",\"valueRequired\":true,\"valueName\":\"search_term_string\"}}],\"inLanguage\":\"en-US\"}]}<\/script>\n<!-- \/ Yoast SEO Premium plugin. -->","yoast_head_json":{"title":"Duncan Shelley: Az Elme gyilkosai III. A v\u00e9gs\u0151 h\u00e1bor\u00fa (eBook) - Duncan Shelley K\u00f6nyvesbolt","description":"Az Elme gyilkosai reg\u00e9nytril\u00f3gi\u00e1ban \u00f6sszemos\u00f3dik a val\u00f3s\u00e1g \u00e9s a fant\u00e1zia. A k\u00f6nyv v\u00e9g\u00e9re garant\u00e1ltan m\u00e1shogy l\u00e1tod majd a vil\u00e1got.","robots":{"index":"index","follow":"follow","max-snippet":"max-snippet:-1","max-image-preview":"max-image-preview:large","max-video-preview":"max-video-preview:-1"},"canonical":"https:\/\/duncanshelley.com\/en\/product\/duncan-shelley-az-elme-gyilkosai-iii-a-vegso-haboru-ebook\/","og_locale":"en_US","og_type":"article","og_title":"Duncan Shelley: Az Elme gyilkosai III. A v\u00e9gs\u0151 h\u00e1bor\u00fa (eBook)","og_description":"Az Elme gyilkosai reg\u00e9nytril\u00f3gi\u00e1ban \u00f6sszemos\u00f3dik a val\u00f3s\u00e1g \u00e9s a fant\u00e1zia. A k\u00f6nyv v\u00e9g\u00e9re garant\u00e1ltan m\u00e1shogy l\u00e1tod majd a vil\u00e1got.","og_url":"https:\/\/duncanshelley.com\/en\/product\/duncan-shelley-az-elme-gyilkosai-iii-a-vegso-haboru-ebook\/","og_site_name":"Duncan Shelley K\u00f6nyvesbolt","article_modified_time":"2025-07-13T16:49:45+00:00","og_image":[{"width":300,"height":475,"url":"https:\/\/duncanshelley.com\/wp-content\/uploads\/elme-gyilkosai-3.jpg","type":"image\/jpeg"}],"twitter_misc":{"Est. reading time":"1 minute"},"schema":{"@context":"https:\/\/schema.org","@graph":[{"@type":"WebPage","@id":"https:\/\/duncanshelley.com\/termek\/duncan-shelley-az-elme-gyilkosai-iii-a-vegso-haboru-ebook\/","url":"https:\/\/duncanshelley.com\/termek\/duncan-shelley-az-elme-gyilkosai-iii-a-vegso-haboru-ebook\/","name":"Duncan Shelley: Az Elme gyilkosai III. A v\u00e9gs\u0151 h\u00e1bor\u00fa (eBook) - Duncan Shelley K\u00f6nyvesbolt","isPartOf":{"@id":"https:\/\/duncanshelley.com\/#website"},"primaryImageOfPage":{"@id":"https:\/\/duncanshelley.com\/termek\/duncan-shelley-az-elme-gyilkosai-iii-a-vegso-haboru-ebook\/#primaryimage"},"image":{"@id":"https:\/\/duncanshelley.com\/termek\/duncan-shelley-az-elme-gyilkosai-iii-a-vegso-haboru-ebook\/#primaryimage"},"thumbnailUrl":"https:\/\/duncanshelley.com\/wp-content\/uploads\/elme-gyilkosai-3.jpg","datePublished":"2025-06-06T09:41:50+00:00","dateModified":"2025-07-13T16:49:45+00:00","description":"Az Elme gyilkosai reg\u00e9nytril\u00f3gi\u00e1ban \u00f6sszemos\u00f3dik a val\u00f3s\u00e1g \u00e9s a fant\u00e1zia. A k\u00f6nyv v\u00e9g\u00e9re garant\u00e1ltan m\u00e1shogy l\u00e1tod majd a vil\u00e1got.","breadcrumb":{"@id":"https:\/\/duncanshelley.com\/termek\/duncan-shelley-az-elme-gyilkosai-iii-a-vegso-haboru-ebook\/#breadcrumb"},"inLanguage":"en-US","potentialAction":[{"@type":"ReadAction","target":["https:\/\/duncanshelley.com\/termek\/duncan-shelley-az-elme-gyilkosai-iii-a-vegso-haboru-ebook\/"]}]},{"@type":"ImageObject","inLanguage":"en-US","@id":"https:\/\/duncanshelley.com\/termek\/duncan-shelley-az-elme-gyilkosai-iii-a-vegso-haboru-ebook\/#primaryimage","url":"https:\/\/duncanshelley.com\/wp-content\/uploads\/elme-gyilkosai-3.jpg","contentUrl":"https:\/\/duncanshelley.com\/wp-content\/uploads\/elme-gyilkosai-3.jpg","width":300,"height":475,"caption":"v\u00e9gs\u0151 h\u00e1bor\u00fa"},{"@type":"BreadcrumbList","@id":"https:\/\/duncanshelley.com\/termek\/duncan-shelley-az-elme-gyilkosai-iii-a-vegso-haboru-ebook\/#breadcrumb","itemListElement":[{"@type":"ListItem","position":1,"name":"Kezd\u0151lap","item":"https:\/\/duncanshelley.com\/"},{"@type":"ListItem","position":2,"name":"Webshop","item":"https:\/\/duncanshelley.com\/webshop\/"},{"@type":"ListItem","position":3,"name":"Duncan Shelley: Az Elme gyilkosai III. A v\u00e9gs\u0151 h\u00e1bor\u00fa (eBook)"}]},{"@type":"WebSite","@id":"https:\/\/duncanshelley.com\/#website","url":"https:\/\/duncanshelley.com\/","name":"Duncan Shelley K\u00f6nyvesbolt","description":"","potentialAction":[{"@type":"SearchAction","target":{"@type":"EntryPoint","urlTemplate":"https:\/\/duncanshelley.com\/?s={search_term_string}"},"query-input":{"@type":"PropertyValueSpecification","valueRequired":true,"valueName":"search_term_string"}}],"inLanguage":"en-US"}]}},"_links":{"self":[{"href":"https:\/\/duncanshelley.com\/en\/wp-json\/wp\/v2\/product\/26503","targetHints":{"allow":["GET"]}}],"collection":[{"href":"https:\/\/duncanshelley.com\/en\/wp-json\/wp\/v2\/product"}],"about":[{"href":"https:\/\/duncanshelley.com\/en\/wp-json\/wp\/v2\/types\/product"}],"replies":[{"embeddable":true,"href":"https:\/\/duncanshelley.com\/en\/wp-json\/wp\/v2\/comments?post=26503"}],"wp:featuredmedia":[{"embeddable":true,"href":"https:\/\/duncanshelley.com\/en\/wp-json\/wp\/v2\/media\/8598"}],"wp:attachment":[{"href":"https:\/\/duncanshelley.com\/en\/wp-json\/wp\/v2\/media?parent=26503"}],"wp:term":[{"taxonomy":"product_brand","embeddable":true,"href":"https:\/\/duncanshelley.com\/en\/wp-json\/wp\/v2\/product_brand?post=26503"},{"taxonomy":"product_cat","embeddable":true,"href":"https:\/\/duncanshelley.com\/en\/wp-json\/wp\/v2\/product_cat?post=26503"},{"taxonomy":"product_tag","embeddable":true,"href":"https:\/\/duncanshelley.com\/en\/wp-json\/wp\/v2\/product_tag?post=26503"}],"curies":[{"name":"wp","href":"https:\/\/api.w.org\/{rel}","templated":true}]}}