{"id":2632,"date":"2022-02-22T18:09:22","date_gmt":"2022-02-22T17:09:22","guid":{"rendered":"https:\/\/brookskiado.hu\/?post_type=product&#038;p=2632"},"modified":"2026-01-02T10:04:29","modified_gmt":"2026-01-02T09:04:29","slug":"duncan-shelley-arnyekszingularitas","status":"publish","type":"product","link":"https:\/\/duncanshelley.com\/en\/product\/duncan-shelley-arnyekszingularitas\/","title":{"rendered":"Duncan Shelley: \u00c1rny\u00e9kszingularit\u00e1s (Dom\u00ednium I.)"},"content":{"rendered":"<p style=\"font-weight: 400;\">Az \u00c1rny\u00e9kszingularit\u00e1sban a legmagasabb szintek alatt minden d\u00f6nt\u00e9sben r\u00e9szt vesz a mesters\u00e9ges intelligencia. Megjelenik a transzhumanizmus. K\u00f6zeledik a technol\u00f3giai szingularit\u00e1s. A term\u00e9szet hal\u00e1l\u00e1n van, \u00e9s mint egy haldokl\u00f3 utols\u00f3 vad er\u0151fesz\u00edt\u00e9se, el\u0151t\u00f6r a m\u00e9lyb\u0151l az \u0151si m\u00e1gia, hogy v\u00e9dje az \u00e9letet a g\u00e9p terjeszked\u00e9s\u00e9vel szemben.<\/p>\n<p style=\"font-weight: 400;\">Az \u0151si magyar t\u00f6rzsek m\u00e9g mindig l\u00e9teznek, csup\u00e1n visszah\u00faz\u00f3dtak, v\u00e9dt\u00e9k titkaikat. Most azonban az \u00f6sszeoml\u00e1s hat\u00e1r\u00e1n, a t\u00f6rt\u00e9nelem hom\u00e1ly\u00e1ba veszett k\u00e9pess\u00e9gek, a var\u00e1zsl\u00e1s, a harcmodor, mely egykor retteg\u00e9st \u00fcltetett a sz\u00edvekbe, visszat\u00e9r.<\/p>\n<p style=\"font-weight: 400;\">Ez az \u00c1rny\u00e9kszingularit\u00e1s.<\/p>\n<p style=\"font-weight: 400;\">Isten hozott az \u00faj reg\u00e9nyben!<\/p>\n<p>A k\u00f6nyv el\u0151zm\u00e9nyk\u00f6tete m\u00e1r el\u00e9rhet\u0151 <a href=\"https:\/\/duncanshelley.com\/en\/product\/duncan-shelley-a-kereskedo\/\" target=\"_blank\" rel=\"noopener\"><span style=\"text-decoration: underline;\"><strong>A keresked\u0151<\/strong><\/span><\/a> c\u00edmmel.<\/p>\n<p>Fent vagy a Facebookon? Szeretettel l\u00e1tunk a <a href=\"https:\/\/www.facebook.com\/dominiumuniverzum\" target=\"_blank\" rel=\"noopener\"><span style=\"text-decoration: underline;\"><strong>Dom\u00ednium univerzum<\/strong><\/span><\/a> k\u00f6nyvek Facebook oldal\u00e1n.<\/p>","protected":false},"excerpt":{"rendered":"<p><strong>\u00c1rny\u00e9kszingularit\u00e1s<\/strong><br \/>\n<strong>Oldalsz\u00e1m<\/strong>: 412<br \/>\n<strong>M\u0171faj<\/strong>: sci-fi \/ cyberpunk<\/p>\n<p>Az \u00c1rny\u00e9kszingularit\u00e1s a <strong>Dom\u00ednium<\/strong> <strong>Univerzum<\/strong> <strong>nyit\u00f3<\/strong> <strong>reg\u00e9nye<\/strong>, melyet tov\u00e1bbi t\u00f6rt\u00e9netek k\u00f6vetnek majd.<\/p>\n<p>Az id\u0151pont 2050, a helysz\u00edn Magyarorsz\u00e1g. A politika a sz\u00f3rakoztat\u00f3ipar r\u00e9sze, a huszon\u00f6tmilli\u00f3s orsz\u00e1g gyarmatt\u00e1 v\u00e1lt, a val\u00f3di hatalom nem l\u00e1that\u00f3. A b\u0151rsz\u00edn, a sz\u00e1rmaz\u00e1s \u00e9s a nemi identit\u00e1s m\u00e1r nem sz\u00e1m\u00edt, a lakoss\u00e1g\u00a0<em>kiterjesztettek<\/em>re \u00e9s\u00a0<em>elmaradottak<\/em>ra hasadt. A felsz\u00ednen minden megv\u00e1ltozott. A m\u00e9lyben semmi.<\/p>\n<p>Az orsz\u00e1gok csup\u00e1n nevek a t\u00e9rk\u00e9pen. A korm\u00e1nyokban sz\u00edn\u00e9szek \u00fclnek, akik szerepeket j\u00e1tszanak a szappanoper\u00e1ban. A F\u00f6ldet 23 dom\u00ednium uralja, a neves\u00edtett 201 \u00e1llam mindegyike valamelyik birodalom fennhat\u00f3s\u00e1ga al\u00e1 tartozik.<\/p>\n<p>Magyarorsz\u00e1g, Ausztria, Szlov\u00e1kia eg\u00e9sze, Csehorsz\u00e1g, Rom\u00e1nia, Szerbia, Horv\u00e1torsz\u00e1g \u00e9s Ukrajna egy r\u00e9sze a NanoDog Dom\u00edniumban tal\u00e1lhat\u00f3.<\/p>","protected":false},"featured_media":8595,"comment_status":"closed","ping_status":"closed","template":"","meta":{"_acf_changed":false,"_genesis_hide_title":false,"_genesis_hide_breadcrumbs":false,"_genesis_hide_singular_image":false,"_genesis_hide_footer_widgets":false,"_genesis_custom_body_class":"","_genesis_custom_post_class":"","_genesis_layout":""},"product_brand":[],"product_cat":[48,18,16],"product_tag":[],"class_list":{"0":"post-2632","1":"product","2":"type-product","3":"status-publish","4":"has-post-thumbnail","6":"product_cat-akcio-konyvek","7":"product_cat-sci-fi-konyvek","8":"product_cat-thriller-konyvek","9":"entry","11":"first","12":"instock","13":"taxable","14":"shipping-taxable","15":"purchasable","16":"product-type-simple"},"acf":[],"yoast_head":"<!-- This site is optimized with the Yoast SEO Premium plugin v27.5 (Yoast SEO v27.5) - https:\/\/yoast.com\/product\/yoast-seo-premium-wordpress\/ -->\n<title>Duncan Shelley: \u00c1rny\u00e9kszingularit\u00e1s (Dom\u00ednium I.) - Duncan Shelley K\u00f6nyvesbolt<\/title>\n<meta name=\"description\" content=\"Magyarorsz\u00e1g, 2050. A politika a sz\u00f3rakoztat\u00f3ipar r\u00e9sze, a 25 milli\u00f3s orsz\u00e1g gyarmatt\u00e1 v\u00e1lt. \u00c9s itt a technol\u00f3giai szingularit\u00e1s.\" \/>\n<meta name=\"robots\" content=\"index, follow, max-snippet:-1, max-image-preview:large, max-video-preview:-1\" \/>\n<link rel=\"canonical\" href=\"https:\/\/duncanshelley.com\/en\/product\/duncan-shelley-arnyekszingularitas\/\" \/>\n<meta property=\"og:locale\" content=\"en_US\" \/>\n<meta property=\"og:type\" content=\"article\" \/>\n<meta property=\"og:title\" content=\"Duncan Shelley: \u00c1rny\u00e9kszingularit\u00e1s (Dom\u00ednium I.)\" \/>\n<meta property=\"og:description\" content=\"Magyarorsz\u00e1g, 2050. A politika a sz\u00f3rakoztat\u00f3ipar r\u00e9sze, a 25 milli\u00f3s orsz\u00e1g gyarmatt\u00e1 v\u00e1lt. \u00c9s itt a technol\u00f3giai szingularit\u00e1s.\" \/>\n<meta property=\"og:url\" content=\"https:\/\/duncanshelley.com\/en\/product\/duncan-shelley-arnyekszingularitas\/\" \/>\n<meta property=\"og:site_name\" content=\"Duncan Shelley K\u00f6nyvesbolt\" \/>\n<meta property=\"article:modified_time\" content=\"2026-01-02T09:04:29+00:00\" \/>\n<meta property=\"og:image\" content=\"https:\/\/duncanshelley.com\/wp-content\/uploads\/dominium-arnyekszingularitas.jpg\" \/>\n\t<meta property=\"og:image:width\" content=\"300\" \/>\n\t<meta property=\"og:image:height\" content=\"475\" \/>\n\t<meta property=\"og:image:type\" content=\"image\/jpeg\" \/>\n<meta name=\"twitter:label1\" content=\"Est. reading time\" \/>\n\t<meta name=\"twitter:data1\" content=\"1 minute\" \/>\n<script type=\"application\/ld+json\" class=\"yoast-schema-graph\">{\"@context\":\"https:\\\/\\\/schema.org\",\"@graph\":[{\"@type\":\"WebPage\",\"@id\":\"https:\\\/\\\/duncanshelley.com\\\/termek\\\/duncan-shelley-arnyekszingularitas\\\/\",\"url\":\"https:\\\/\\\/duncanshelley.com\\\/termek\\\/duncan-shelley-arnyekszingularitas\\\/\",\"name\":\"Duncan Shelley: \u00c1rny\u00e9kszingularit\u00e1s (Dom\u00ednium I.) - Duncan Shelley K\u00f6nyvesbolt\",\"isPartOf\":{\"@id\":\"https:\\\/\\\/duncanshelley.com\\\/#website\"},\"primaryImageOfPage\":{\"@id\":\"https:\\\/\\\/duncanshelley.com\\\/termek\\\/duncan-shelley-arnyekszingularitas\\\/#primaryimage\"},\"image\":{\"@id\":\"https:\\\/\\\/duncanshelley.com\\\/termek\\\/duncan-shelley-arnyekszingularitas\\\/#primaryimage\"},\"thumbnailUrl\":\"https:\\\/\\\/duncanshelley.com\\\/wp-content\\\/uploads\\\/dominium-arnyekszingularitas.jpg\",\"datePublished\":\"2022-02-22T17:09:22+00:00\",\"dateModified\":\"2026-01-02T09:04:29+00:00\",\"description\":\"Magyarorsz\u00e1g, 2050. A politika a sz\u00f3rakoztat\u00f3ipar r\u00e9sze, a 25 milli\u00f3s orsz\u00e1g gyarmatt\u00e1 v\u00e1lt. \u00c9s itt a technol\u00f3giai szingularit\u00e1s.\",\"breadcrumb\":{\"@id\":\"https:\\\/\\\/duncanshelley.com\\\/termek\\\/duncan-shelley-arnyekszingularitas\\\/#breadcrumb\"},\"inLanguage\":\"en-US\",\"potentialAction\":[{\"@type\":\"ReadAction\",\"target\":[\"https:\\\/\\\/duncanshelley.com\\\/termek\\\/duncan-shelley-arnyekszingularitas\\\/\"]}]},{\"@type\":\"ImageObject\",\"inLanguage\":\"en-US\",\"@id\":\"https:\\\/\\\/duncanshelley.com\\\/termek\\\/duncan-shelley-arnyekszingularitas\\\/#primaryimage\",\"url\":\"https:\\\/\\\/duncanshelley.com\\\/wp-content\\\/uploads\\\/dominium-arnyekszingularitas.jpg\",\"contentUrl\":\"https:\\\/\\\/duncanshelley.com\\\/wp-content\\\/uploads\\\/dominium-arnyekszingularitas.jpg\",\"width\":300,\"height\":475,\"caption\":\"dominium-arnyekszingularitas\"},{\"@type\":\"BreadcrumbList\",\"@id\":\"https:\\\/\\\/duncanshelley.com\\\/termek\\\/duncan-shelley-arnyekszingularitas\\\/#breadcrumb\",\"itemListElement\":[{\"@type\":\"ListItem\",\"position\":1,\"name\":\"Kezd\u0151lap\",\"item\":\"https:\\\/\\\/duncanshelley.com\\\/\"},{\"@type\":\"ListItem\",\"position\":2,\"name\":\"Webshop\",\"item\":\"https:\\\/\\\/duncanshelley.com\\\/webshop\\\/\"},{\"@type\":\"ListItem\",\"position\":3,\"name\":\"Duncan Shelley: \u00c1rny\u00e9kszingularit\u00e1s (Dom\u00ednium I.)\"}]},{\"@type\":\"WebSite\",\"@id\":\"https:\\\/\\\/duncanshelley.com\\\/#website\",\"url\":\"https:\\\/\\\/duncanshelley.com\\\/\",\"name\":\"Duncan Shelley K\u00f6nyvesbolt\",\"description\":\"\",\"potentialAction\":[{\"@type\":\"SearchAction\",\"target\":{\"@type\":\"EntryPoint\",\"urlTemplate\":\"https:\\\/\\\/duncanshelley.com\\\/?s={search_term_string}\"},\"query-input\":{\"@type\":\"PropertyValueSpecification\",\"valueRequired\":true,\"valueName\":\"search_term_string\"}}],\"inLanguage\":\"en-US\"}]}<\/script>\n<!-- \/ Yoast SEO Premium plugin. -->","yoast_head_json":{"title":"Duncan Shelley: \u00c1rny\u00e9kszingularit\u00e1s (Dom\u00ednium I.) - Duncan Shelley K\u00f6nyvesbolt","description":"Magyarorsz\u00e1g, 2050. A politika a sz\u00f3rakoztat\u00f3ipar r\u00e9sze, a 25 milli\u00f3s orsz\u00e1g gyarmatt\u00e1 v\u00e1lt. \u00c9s itt a technol\u00f3giai szingularit\u00e1s.","robots":{"index":"index","follow":"follow","max-snippet":"max-snippet:-1","max-image-preview":"max-image-preview:large","max-video-preview":"max-video-preview:-1"},"canonical":"https:\/\/duncanshelley.com\/en\/product\/duncan-shelley-arnyekszingularitas\/","og_locale":"en_US","og_type":"article","og_title":"Duncan Shelley: \u00c1rny\u00e9kszingularit\u00e1s (Dom\u00ednium I.)","og_description":"Magyarorsz\u00e1g, 2050. A politika a sz\u00f3rakoztat\u00f3ipar r\u00e9sze, a 25 milli\u00f3s orsz\u00e1g gyarmatt\u00e1 v\u00e1lt. \u00c9s itt a technol\u00f3giai szingularit\u00e1s.","og_url":"https:\/\/duncanshelley.com\/en\/product\/duncan-shelley-arnyekszingularitas\/","og_site_name":"Duncan Shelley K\u00f6nyvesbolt","article_modified_time":"2026-01-02T09:04:29+00:00","og_image":[{"width":300,"height":475,"url":"https:\/\/duncanshelley.com\/wp-content\/uploads\/dominium-arnyekszingularitas.jpg","type":"image\/jpeg"}],"twitter_misc":{"Est. reading time":"1 minute"},"schema":{"@context":"https:\/\/schema.org","@graph":[{"@type":"WebPage","@id":"https:\/\/duncanshelley.com\/termek\/duncan-shelley-arnyekszingularitas\/","url":"https:\/\/duncanshelley.com\/termek\/duncan-shelley-arnyekszingularitas\/","name":"Duncan Shelley: \u00c1rny\u00e9kszingularit\u00e1s (Dom\u00ednium I.) - Duncan Shelley K\u00f6nyvesbolt","isPartOf":{"@id":"https:\/\/duncanshelley.com\/#website"},"primaryImageOfPage":{"@id":"https:\/\/duncanshelley.com\/termek\/duncan-shelley-arnyekszingularitas\/#primaryimage"},"image":{"@id":"https:\/\/duncanshelley.com\/termek\/duncan-shelley-arnyekszingularitas\/#primaryimage"},"thumbnailUrl":"https:\/\/duncanshelley.com\/wp-content\/uploads\/dominium-arnyekszingularitas.jpg","datePublished":"2022-02-22T17:09:22+00:00","dateModified":"2026-01-02T09:04:29+00:00","description":"Magyarorsz\u00e1g, 2050. A politika a sz\u00f3rakoztat\u00f3ipar r\u00e9sze, a 25 milli\u00f3s orsz\u00e1g gyarmatt\u00e1 v\u00e1lt. \u00c9s itt a technol\u00f3giai szingularit\u00e1s.","breadcrumb":{"@id":"https:\/\/duncanshelley.com\/termek\/duncan-shelley-arnyekszingularitas\/#breadcrumb"},"inLanguage":"en-US","potentialAction":[{"@type":"ReadAction","target":["https:\/\/duncanshelley.com\/termek\/duncan-shelley-arnyekszingularitas\/"]}]},{"@type":"ImageObject","inLanguage":"en-US","@id":"https:\/\/duncanshelley.com\/termek\/duncan-shelley-arnyekszingularitas\/#primaryimage","url":"https:\/\/duncanshelley.com\/wp-content\/uploads\/dominium-arnyekszingularitas.jpg","contentUrl":"https:\/\/duncanshelley.com\/wp-content\/uploads\/dominium-arnyekszingularitas.jpg","width":300,"height":475,"caption":"dominium-arnyekszingularitas"},{"@type":"BreadcrumbList","@id":"https:\/\/duncanshelley.com\/termek\/duncan-shelley-arnyekszingularitas\/#breadcrumb","itemListElement":[{"@type":"ListItem","position":1,"name":"Kezd\u0151lap","item":"https:\/\/duncanshelley.com\/"},{"@type":"ListItem","position":2,"name":"Webshop","item":"https:\/\/duncanshelley.com\/webshop\/"},{"@type":"ListItem","position":3,"name":"Duncan Shelley: \u00c1rny\u00e9kszingularit\u00e1s (Dom\u00ednium I.)"}]},{"@type":"WebSite","@id":"https:\/\/duncanshelley.com\/#website","url":"https:\/\/duncanshelley.com\/","name":"Duncan Shelley K\u00f6nyvesbolt","description":"","potentialAction":[{"@type":"SearchAction","target":{"@type":"EntryPoint","urlTemplate":"https:\/\/duncanshelley.com\/?s={search_term_string}"},"query-input":{"@type":"PropertyValueSpecification","valueRequired":true,"valueName":"search_term_string"}}],"inLanguage":"en-US"}]}},"_links":{"self":[{"href":"https:\/\/duncanshelley.com\/en\/wp-json\/wp\/v2\/product\/2632","targetHints":{"allow":["GET"]}}],"collection":[{"href":"https:\/\/duncanshelley.com\/en\/wp-json\/wp\/v2\/product"}],"about":[{"href":"https:\/\/duncanshelley.com\/en\/wp-json\/wp\/v2\/types\/product"}],"replies":[{"embeddable":true,"href":"https:\/\/duncanshelley.com\/en\/wp-json\/wp\/v2\/comments?post=2632"}],"wp:featuredmedia":[{"embeddable":true,"href":"https:\/\/duncanshelley.com\/en\/wp-json\/wp\/v2\/media\/8595"}],"wp:attachment":[{"href":"https:\/\/duncanshelley.com\/en\/wp-json\/wp\/v2\/media?parent=2632"}],"wp:term":[{"taxonomy":"product_brand","embeddable":true,"href":"https:\/\/duncanshelley.com\/en\/wp-json\/wp\/v2\/product_brand?post=2632"},{"taxonomy":"product_cat","embeddable":true,"href":"https:\/\/duncanshelley.com\/en\/wp-json\/wp\/v2\/product_cat?post=2632"},{"taxonomy":"product_tag","embeddable":true,"href":"https:\/\/duncanshelley.com\/en\/wp-json\/wp\/v2\/product_tag?post=2632"}],"curies":[{"name":"wp","href":"https:\/\/api.w.org\/{rel}","templated":true}]}}