{"id":26167,"date":"2025-04-17T21:23:33","date_gmt":"2025-04-17T19:23:33","guid":{"rendered":"https:\/\/duncanshelley.com\/?post_type=product&#038;p=26167"},"modified":"2025-07-13T18:48:19","modified_gmt":"2025-07-13T16:48:19","slug":"duncan-shelley-az-elme-gyilkosai-i-az-arulo-ebook","status":"publish","type":"product","link":"https:\/\/duncanshelley.com\/en\/product\/duncan-shelley-az-elme-gyilkosai-i-az-arulo-ebook\/","title":{"rendered":"Duncan Shelley: Az Elme gyilkosai I. Az \u00e1rul\u00f3 (eBook)"},"content":{"rendered":"<p>Kezdetben csup\u00e1n Washington DC rend\u0151rs\u00e9ge keresi az elt\u0171nt f\u00e9rfit, majd bekapcsol\u00f3dik az FBI, a CIA, gyakorlatilag a teljes h\u00edrszerz\u0151 vil\u00e1g. Egyetlen nyomot sem tal\u00e1lnak, mintha elnyelte volna a F\u00f6ld. N\u00e9h\u00e1ny nap ut\u00e1n a kutat\u00e1sb\u00f3l embervad\u00e1szat lesz: a maffiaszervezetek v\u00e9rd\u00edjat t\u0171znek Andan fej\u00e9re, az FBI k\u00f6r\u00f6z\u00e9si list\u00e1j\u00e1nak els\u0151 hely\u00e9re ugrik, a politika megvet\u0151en nyilatkozik r\u00f3la, el\u00edt\u00e9lik az egyh\u00e1zak, a m\u00e9dia \u00e9jjel-nappal sosem l\u00e9tezett b\u0171neit szajk\u00f3zza. A vil\u00e1g valamennyi orsz\u00e1g\u00e1ban els\u0151 sz\u00e1m\u00fa k\u00f6zellens\u00e9gk\u00e9nt kezelik.<\/p>\n<p>Andan mindek\u00f6zben a Kunoichi Kl\u00e1n v\u00e9delm\u00e9ben a k\u00f6nyv\u00e9n dolgozik. Arr\u00f3l \u00edr, hogyan uralkodik a vil\u00e1g felett n\u00e9h\u00e1ny ember, akiket negyed \u00e9vsz\u00e1zadon \u00e1t h\u0171en szolg\u00e1lt. Felv\u00e1zolja a Rendszert, a m\u00f3dszereket, a hierarchi\u00e1t, a legnagyobb titkokat, \u00e9s megnevezi a felel\u0151s\u00f6ket.<\/p>\n<p>Egyetlen \u00e9rdekcsoport hogyan uralkodhatna a vil\u00e1g felett? A v\u00e1lasz: nem kell mindent kontroll alatt tartani, csup\u00e1n egy-k\u00e9t apr\u00f3, \u00e1m kulcsfontoss\u00e1g\u00fa ter\u00fcletet.<\/p>\n<p>Az Elme gyilkosai tril\u00f3gi\u00e1ban \u00f6sszemos\u00f3dik a val\u00f3s\u00e1g \u00e9s a fant\u00e1zia.<\/p>\n<p>A tril\u00f3gia r\u00e9szei:<\/p>\n<ul>\n<li>Az \u00e1rul\u00f3 (1. r\u00e9sz)<\/li>\n<li><span style=\"text-decoration: underline;\"><a href=\"https:\/\/duncanshelley.com\/en\/product\/duncan-shelley-az-elme-gyilkosai-ii-a-teboly-katonai\/\" target=\"_blank\" rel=\"noopener\">A t\u00e9boly katon\u00e1i<\/a><\/span> (2. r\u00e9sz)<\/li>\n<li><a href=\"https:\/\/duncanshelley.com\/en\/product\/duncan-shelley-az-elme-gyilkosai-iii-a-vegso-haboru\/\" target=\"_blank\" rel=\"noopener\"><span style=\"text-decoration: underline;\">A v\u00e9gs\u0151 h\u00e1bor\u00fa<\/span><\/a> (3. r\u00e9sz)<\/li>\n<\/ul>\n<p>Fent vagy a Facebook-on? Csatlakozz az <a href=\"https:\/\/www.facebook.com\/azelmegyilkosai\" target=\"_blank\" rel=\"noopener\"><strong>Facebook<\/strong> <strong>oldalunkhoz<\/strong><\/a>!<\/p>","protected":false},"excerpt":{"rendered":"<p>A tril\u00f3gia els\u0151 k\u00f6tete<br \/>\n<strong>M\u0171faj<\/strong>: politikai thriller<br \/>\n<strong>Oldalsz\u00e1m<\/strong>: 379<br \/>\n<strong>Kiad\u00e1s<\/strong> <strong>\u00e9ve<\/strong>: 2000, 2007, 2012, 2014, 2020, 2022.<\/p>\n<p><strong>Az \u00e1rul\u00f3<\/strong><\/p>\n<p>Dr. Julius Andan, az Amerikai Pszichi\u00e1triai T\u00e1rsas\u00e1g eln\u00f6ke n\u00e9h\u00e1ny ritka m\u0171kincs\u00e9rt cser\u00e9be v\u00e9delmet k\u00e9r Joshi Masad\u00e1t\u00f3l, a jap\u00e1n nagyt\u0151k\u00e9st\u0151l: f\u00e9l \u00e9vre szeretne elt\u0171nni a vil\u00e1g el\u0151l, am\u00edg felk\u00e9sz\u00fcl egy \u00f6sszeesk\u00fcv\u00e9s leleplez\u00e9s\u00e9re, melyben huszon\u00f6t \u00e9ve vesz r\u00e9szt. Masada elitegys\u00e9ge, a Kunoichi Kl\u00e1n elrejti Andant. Mindek\u00f6zben a Kunoichi Kl\u00e1n v\u00e9delm\u00e9ben a k\u00f6nyv\u00e9n dolgozik. Arr\u00f3l \u00edr, hogyan uralkodik a vil\u00e1g felett n\u00e9h\u00e1ny ember, akiket negyed \u00e9vsz\u00e1zadon \u00e1t h\u0171en szolg\u00e1lt.<\/p>","protected":false},"featured_media":8596,"comment_status":"closed","ping_status":"closed","template":"","meta":{"_acf_changed":false,"_genesis_hide_title":false,"_genesis_hide_breadcrumbs":false,"_genesis_hide_singular_image":false,"_genesis_hide_footer_widgets":false,"_genesis_custom_body_class":"","_genesis_custom_post_class":"","_genesis_layout":""},"product_brand":[],"product_cat":[171],"product_tag":[],"class_list":{"0":"post-26167","1":"product","2":"type-product","3":"status-publish","4":"has-post-thumbnail","6":"product_cat-ebook-magyar","7":"entry","9":"first","10":"instock","11":"downloadable","12":"virtual","13":"taxable","14":"purchasable","15":"product-type-simple"},"acf":[],"yoast_head":"<!-- This site is optimized with the Yoast SEO Premium plugin v27.4 (Yoast SEO v27.4) - https:\/\/yoast.com\/product\/yoast-seo-premium-wordpress\/ -->\n<title>Duncan Shelley: Az Elme gyilkosai I. Az \u00e1rul\u00f3 (eBook) - Duncan Shelley K\u00f6nyvesbolt<\/title>\n<meta name=\"description\" content=\"Az Elme gyilkosai reg\u00e9nytril\u00f3gi\u00e1ban \u00f6sszemos\u00f3dik a val\u00f3s\u00e1g \u00e9s a fant\u00e1zia. A k\u00f6nyv v\u00e9g\u00e9re garant\u00e1ltan m\u00e1shogy l\u00e1tod majd a vil\u00e1got.\" \/>\n<meta name=\"robots\" content=\"index, follow, max-snippet:-1, max-image-preview:large, max-video-preview:-1\" \/>\n<link rel=\"canonical\" href=\"https:\/\/duncanshelley.com\/en\/product\/duncan-shelley-az-elme-gyilkosai-i-az-arulo-ebook\/\" \/>\n<meta property=\"og:locale\" content=\"en_US\" \/>\n<meta property=\"og:type\" content=\"article\" \/>\n<meta property=\"og:title\" content=\"Duncan Shelley: Az Elme gyilkosai I. Az \u00e1rul\u00f3 (eBook)\" \/>\n<meta property=\"og:description\" content=\"Az Elme gyilkosai reg\u00e9nytril\u00f3gi\u00e1ban \u00f6sszemos\u00f3dik a val\u00f3s\u00e1g \u00e9s a fant\u00e1zia. A k\u00f6nyv v\u00e9g\u00e9re garant\u00e1ltan m\u00e1shogy l\u00e1tod majd a vil\u00e1got.\" \/>\n<meta property=\"og:url\" content=\"https:\/\/duncanshelley.com\/en\/product\/duncan-shelley-az-elme-gyilkosai-i-az-arulo-ebook\/\" \/>\n<meta property=\"og:site_name\" content=\"Duncan Shelley K\u00f6nyvesbolt\" \/>\n<meta property=\"article:modified_time\" content=\"2025-07-13T16:48:19+00:00\" \/>\n<meta property=\"og:image\" content=\"https:\/\/duncanshelley.com\/wp-content\/uploads\/elme-gyilkosai-1.jpg\" \/>\n\t<meta property=\"og:image:width\" content=\"300\" \/>\n\t<meta property=\"og:image:height\" content=\"475\" \/>\n\t<meta property=\"og:image:type\" content=\"image\/jpeg\" \/>\n<meta name=\"twitter:label1\" content=\"Est. reading time\" \/>\n\t<meta name=\"twitter:data1\" content=\"2 minutes\" \/>\n<script type=\"application\/ld+json\" class=\"yoast-schema-graph\">{\"@context\":\"https:\\\/\\\/schema.org\",\"@graph\":[{\"@type\":\"WebPage\",\"@id\":\"https:\\\/\\\/duncanshelley.com\\\/termek\\\/duncan-shelley-az-elme-gyilkosai-i-az-arulo-ebook\\\/\",\"url\":\"https:\\\/\\\/duncanshelley.com\\\/termek\\\/duncan-shelley-az-elme-gyilkosai-i-az-arulo-ebook\\\/\",\"name\":\"Duncan Shelley: Az Elme gyilkosai I. Az \u00e1rul\u00f3 (eBook) - Duncan Shelley K\u00f6nyvesbolt\",\"isPartOf\":{\"@id\":\"https:\\\/\\\/duncanshelley.com\\\/#website\"},\"primaryImageOfPage\":{\"@id\":\"https:\\\/\\\/duncanshelley.com\\\/termek\\\/duncan-shelley-az-elme-gyilkosai-i-az-arulo-ebook\\\/#primaryimage\"},\"image\":{\"@id\":\"https:\\\/\\\/duncanshelley.com\\\/termek\\\/duncan-shelley-az-elme-gyilkosai-i-az-arulo-ebook\\\/#primaryimage\"},\"thumbnailUrl\":\"https:\\\/\\\/duncanshelley.com\\\/wp-content\\\/uploads\\\/elme-gyilkosai-1.jpg\",\"datePublished\":\"2025-04-17T19:23:33+00:00\",\"dateModified\":\"2025-07-13T16:48:19+00:00\",\"description\":\"Az Elme gyilkosai reg\u00e9nytril\u00f3gi\u00e1ban \u00f6sszemos\u00f3dik a val\u00f3s\u00e1g \u00e9s a fant\u00e1zia. A k\u00f6nyv v\u00e9g\u00e9re garant\u00e1ltan m\u00e1shogy l\u00e1tod majd a vil\u00e1got.\",\"breadcrumb\":{\"@id\":\"https:\\\/\\\/duncanshelley.com\\\/termek\\\/duncan-shelley-az-elme-gyilkosai-i-az-arulo-ebook\\\/#breadcrumb\"},\"inLanguage\":\"en-US\",\"potentialAction\":[{\"@type\":\"ReadAction\",\"target\":[\"https:\\\/\\\/duncanshelley.com\\\/termek\\\/duncan-shelley-az-elme-gyilkosai-i-az-arulo-ebook\\\/\"]}]},{\"@type\":\"ImageObject\",\"inLanguage\":\"en-US\",\"@id\":\"https:\\\/\\\/duncanshelley.com\\\/termek\\\/duncan-shelley-az-elme-gyilkosai-i-az-arulo-ebook\\\/#primaryimage\",\"url\":\"https:\\\/\\\/duncanshelley.com\\\/wp-content\\\/uploads\\\/elme-gyilkosai-1.jpg\",\"contentUrl\":\"https:\\\/\\\/duncanshelley.com\\\/wp-content\\\/uploads\\\/elme-gyilkosai-1.jpg\",\"width\":300,\"height\":475,\"caption\":\"elme-gyilkosai-1\"},{\"@type\":\"BreadcrumbList\",\"@id\":\"https:\\\/\\\/duncanshelley.com\\\/termek\\\/duncan-shelley-az-elme-gyilkosai-i-az-arulo-ebook\\\/#breadcrumb\",\"itemListElement\":[{\"@type\":\"ListItem\",\"position\":1,\"name\":\"Kezd\u0151lap\",\"item\":\"https:\\\/\\\/duncanshelley.com\\\/\"},{\"@type\":\"ListItem\",\"position\":2,\"name\":\"Webshop\",\"item\":\"https:\\\/\\\/duncanshelley.com\\\/webshop\\\/\"},{\"@type\":\"ListItem\",\"position\":3,\"name\":\"Duncan Shelley: Az Elme gyilkosai I. Az \u00e1rul\u00f3 (eBook)\"}]},{\"@type\":\"WebSite\",\"@id\":\"https:\\\/\\\/duncanshelley.com\\\/#website\",\"url\":\"https:\\\/\\\/duncanshelley.com\\\/\",\"name\":\"Duncan Shelley K\u00f6nyvesbolt\",\"description\":\"\",\"potentialAction\":[{\"@type\":\"SearchAction\",\"target\":{\"@type\":\"EntryPoint\",\"urlTemplate\":\"https:\\\/\\\/duncanshelley.com\\\/?s={search_term_string}\"},\"query-input\":{\"@type\":\"PropertyValueSpecification\",\"valueRequired\":true,\"valueName\":\"search_term_string\"}}],\"inLanguage\":\"en-US\"}]}<\/script>\n<!-- \/ Yoast SEO Premium plugin. -->","yoast_head_json":{"title":"Duncan Shelley: Az Elme gyilkosai I. Az \u00e1rul\u00f3 (eBook) - Duncan Shelley K\u00f6nyvesbolt","description":"Az Elme gyilkosai reg\u00e9nytril\u00f3gi\u00e1ban \u00f6sszemos\u00f3dik a val\u00f3s\u00e1g \u00e9s a fant\u00e1zia. A k\u00f6nyv v\u00e9g\u00e9re garant\u00e1ltan m\u00e1shogy l\u00e1tod majd a vil\u00e1got.","robots":{"index":"index","follow":"follow","max-snippet":"max-snippet:-1","max-image-preview":"max-image-preview:large","max-video-preview":"max-video-preview:-1"},"canonical":"https:\/\/duncanshelley.com\/en\/product\/duncan-shelley-az-elme-gyilkosai-i-az-arulo-ebook\/","og_locale":"en_US","og_type":"article","og_title":"Duncan Shelley: Az Elme gyilkosai I. Az \u00e1rul\u00f3 (eBook)","og_description":"Az Elme gyilkosai reg\u00e9nytril\u00f3gi\u00e1ban \u00f6sszemos\u00f3dik a val\u00f3s\u00e1g \u00e9s a fant\u00e1zia. A k\u00f6nyv v\u00e9g\u00e9re garant\u00e1ltan m\u00e1shogy l\u00e1tod majd a vil\u00e1got.","og_url":"https:\/\/duncanshelley.com\/en\/product\/duncan-shelley-az-elme-gyilkosai-i-az-arulo-ebook\/","og_site_name":"Duncan Shelley K\u00f6nyvesbolt","article_modified_time":"2025-07-13T16:48:19+00:00","og_image":[{"width":300,"height":475,"url":"https:\/\/duncanshelley.com\/wp-content\/uploads\/elme-gyilkosai-1.jpg","type":"image\/jpeg"}],"twitter_misc":{"Est. reading time":"2 minutes"},"schema":{"@context":"https:\/\/schema.org","@graph":[{"@type":"WebPage","@id":"https:\/\/duncanshelley.com\/termek\/duncan-shelley-az-elme-gyilkosai-i-az-arulo-ebook\/","url":"https:\/\/duncanshelley.com\/termek\/duncan-shelley-az-elme-gyilkosai-i-az-arulo-ebook\/","name":"Duncan Shelley: Az Elme gyilkosai I. Az \u00e1rul\u00f3 (eBook) - Duncan Shelley K\u00f6nyvesbolt","isPartOf":{"@id":"https:\/\/duncanshelley.com\/#website"},"primaryImageOfPage":{"@id":"https:\/\/duncanshelley.com\/termek\/duncan-shelley-az-elme-gyilkosai-i-az-arulo-ebook\/#primaryimage"},"image":{"@id":"https:\/\/duncanshelley.com\/termek\/duncan-shelley-az-elme-gyilkosai-i-az-arulo-ebook\/#primaryimage"},"thumbnailUrl":"https:\/\/duncanshelley.com\/wp-content\/uploads\/elme-gyilkosai-1.jpg","datePublished":"2025-04-17T19:23:33+00:00","dateModified":"2025-07-13T16:48:19+00:00","description":"Az Elme gyilkosai reg\u00e9nytril\u00f3gi\u00e1ban \u00f6sszemos\u00f3dik a val\u00f3s\u00e1g \u00e9s a fant\u00e1zia. A k\u00f6nyv v\u00e9g\u00e9re garant\u00e1ltan m\u00e1shogy l\u00e1tod majd a vil\u00e1got.","breadcrumb":{"@id":"https:\/\/duncanshelley.com\/termek\/duncan-shelley-az-elme-gyilkosai-i-az-arulo-ebook\/#breadcrumb"},"inLanguage":"en-US","potentialAction":[{"@type":"ReadAction","target":["https:\/\/duncanshelley.com\/termek\/duncan-shelley-az-elme-gyilkosai-i-az-arulo-ebook\/"]}]},{"@type":"ImageObject","inLanguage":"en-US","@id":"https:\/\/duncanshelley.com\/termek\/duncan-shelley-az-elme-gyilkosai-i-az-arulo-ebook\/#primaryimage","url":"https:\/\/duncanshelley.com\/wp-content\/uploads\/elme-gyilkosai-1.jpg","contentUrl":"https:\/\/duncanshelley.com\/wp-content\/uploads\/elme-gyilkosai-1.jpg","width":300,"height":475,"caption":"elme-gyilkosai-1"},{"@type":"BreadcrumbList","@id":"https:\/\/duncanshelley.com\/termek\/duncan-shelley-az-elme-gyilkosai-i-az-arulo-ebook\/#breadcrumb","itemListElement":[{"@type":"ListItem","position":1,"name":"Kezd\u0151lap","item":"https:\/\/duncanshelley.com\/"},{"@type":"ListItem","position":2,"name":"Webshop","item":"https:\/\/duncanshelley.com\/webshop\/"},{"@type":"ListItem","position":3,"name":"Duncan Shelley: Az Elme gyilkosai I. Az \u00e1rul\u00f3 (eBook)"}]},{"@type":"WebSite","@id":"https:\/\/duncanshelley.com\/#website","url":"https:\/\/duncanshelley.com\/","name":"Duncan Shelley K\u00f6nyvesbolt","description":"","potentialAction":[{"@type":"SearchAction","target":{"@type":"EntryPoint","urlTemplate":"https:\/\/duncanshelley.com\/?s={search_term_string}"},"query-input":{"@type":"PropertyValueSpecification","valueRequired":true,"valueName":"search_term_string"}}],"inLanguage":"en-US"}]}},"_links":{"self":[{"href":"https:\/\/duncanshelley.com\/en\/wp-json\/wp\/v2\/product\/26167","targetHints":{"allow":["GET"]}}],"collection":[{"href":"https:\/\/duncanshelley.com\/en\/wp-json\/wp\/v2\/product"}],"about":[{"href":"https:\/\/duncanshelley.com\/en\/wp-json\/wp\/v2\/types\/product"}],"replies":[{"embeddable":true,"href":"https:\/\/duncanshelley.com\/en\/wp-json\/wp\/v2\/comments?post=26167"}],"wp:featuredmedia":[{"embeddable":true,"href":"https:\/\/duncanshelley.com\/en\/wp-json\/wp\/v2\/media\/8596"}],"wp:attachment":[{"href":"https:\/\/duncanshelley.com\/en\/wp-json\/wp\/v2\/media?parent=26167"}],"wp:term":[{"taxonomy":"product_brand","embeddable":true,"href":"https:\/\/duncanshelley.com\/en\/wp-json\/wp\/v2\/product_brand?post=26167"},{"taxonomy":"product_cat","embeddable":true,"href":"https:\/\/duncanshelley.com\/en\/wp-json\/wp\/v2\/product_cat?post=26167"},{"taxonomy":"product_tag","embeddable":true,"href":"https:\/\/duncanshelley.com\/en\/wp-json\/wp\/v2\/product_tag?post=26167"}],"curies":[{"name":"wp","href":"https:\/\/api.w.org\/{rel}","templated":true}]}}