{"id":26021,"date":"2025-04-08T16:47:13","date_gmt":"2025-04-08T14:47:13","guid":{"rendered":"https:\/\/duncanshelley.com\/?post_type=product&#038;p=26021"},"modified":"2026-01-02T10:07:02","modified_gmt":"2026-01-02T09:07:02","slug":"duncan-shelley-kiserletsziget","status":"publish","type":"product","link":"https:\/\/duncanshelley.com\/en\/product\/duncan-shelley-kiserletsziget\/","title":{"rendered":"Duncan Shelley &#8211; K\u00eds\u00e9rletsziget"},"content":{"rendered":"","protected":false},"excerpt":{"rendered":"<p>A dom\u00ednium-univerzum harmadik k\u00f6tete<\/p>\n<p>Divatk\u00e9nt terjed a vil\u00e1gban a kopony\u00e1ba \u00fcltetett agyi interf\u00e9sz. Egy rejt\u00e9lyes v\u00e1llalat kital\u00e1lja, hogy l\u00e9trehozza az \u00f6t\u00f6dik m\u00e9diaplatformot, amely az \u00fajs\u00e1g, a r\u00e1di\u00f3, a t\u00e9v\u00e9 \u00e9s az internet ut\u00e1n k\u00f6zvetlen\u00fcl maga az agy lesz. Egy isten h\u00e1ta m\u00f6g\u00f6tti szigeten elkezd\u0151dnek a k\u00eds\u00e9rletek, melyek val\u00f3di c\u00e9lj\u00e1t csak n\u00e9h\u00e1nyan ismerik. Egy telepata sorozatgyilkos munk\u00e1t v\u00e1llal a k\u00eds\u00e9rleti telepen, \u00e9s m\u00e9g az \u0151 romlott lelke is elborzad att\u00f3l, amit a beavatottak elm\u00e9j\u00e9ben l\u00e1t. Az \u00e1rnyak k\u00f6z\u00f6tt a leggroteszkebb h\u00e1bor\u00fa bontakozik ki, melyben egy g\u00e1tl\u00e1stalan gonosz \u00e9rt\u00fcnk v\u00edvja a csat\u00e1it.<\/p>\n<p>&nbsp;<\/p>","protected":false},"featured_media":26022,"comment_status":"closed","ping_status":"closed","template":"","meta":{"_acf_changed":false,"_genesis_hide_title":false,"_genesis_hide_breadcrumbs":false,"_genesis_hide_singular_image":false,"_genesis_hide_footer_widgets":false,"_genesis_custom_body_class":"","_genesis_custom_post_class":"","_genesis_layout":""},"product_brand":[],"product_cat":[18],"product_tag":[],"class_list":{"0":"post-26021","1":"product","2":"type-product","3":"status-publish","4":"has-post-thumbnail","6":"product_cat-sci-fi-konyvek","7":"entry","9":"first","10":"instock","11":"taxable","12":"shipping-taxable","13":"purchasable","14":"product-type-simple"},"acf":[],"yoast_head":"<!-- This site is optimized with the Yoast SEO Premium plugin v27.6 (Yoast SEO v27.6) - https:\/\/yoast.com\/product\/yoast-seo-premium-wordpress\/ -->\n<title>Duncan Shelley - K\u00eds\u00e9rletsziget - Duncan Shelley K\u00f6nyvesbolt<\/title>\n<meta name=\"robots\" content=\"index, follow, max-snippet:-1, max-image-preview:large, max-video-preview:-1\" \/>\n<link rel=\"canonical\" href=\"https:\/\/duncanshelley.com\/en\/product\/duncan-shelley-kiserletsziget\/\" \/>\n<meta property=\"og:locale\" content=\"en_US\" \/>\n<meta property=\"og:type\" content=\"article\" \/>\n<meta property=\"og:title\" content=\"Duncan Shelley - K\u00eds\u00e9rletsziget\" \/>\n<meta property=\"og:description\" content=\"A dom\u00ednium-univerzum harmadik k\u00f6tete  Divatk\u00e9nt terjed a vil\u00e1gban a kopony\u00e1ba \u00fcltetett agyi interf\u00e9sz. Egy rejt\u00e9lyes v\u00e1llalat kital\u00e1lja, hogy l\u00e9trehozza az \u00f6t\u00f6dik m\u00e9diaplatformot, amely az \u00fajs\u00e1g, a r\u00e1di\u00f3, a t\u00e9v\u00e9 \u00e9s az internet ut\u00e1n k\u00f6zvetlen\u00fcl maga az agy lesz. Egy isten h\u00e1ta m\u00f6g\u00f6tti szigeten elkezd\u0151dnek a k\u00eds\u00e9rletek, melyek val\u00f3di c\u00e9lj\u00e1t csak n\u00e9h\u00e1nyan ismerik. Egy telepata sorozatgyilkos munk\u00e1t v\u00e1llal a k\u00eds\u00e9rleti telepen, \u00e9s m\u00e9g az \u0151 romlott lelke is elborzad att\u00f3l, amit a beavatottak elm\u00e9j\u00e9ben l\u00e1t. Az \u00e1rnyak k\u00f6z\u00f6tt a leggroteszkebb h\u00e1bor\u00fa bontakozik ki, melyben egy g\u00e1tl\u00e1stalan gonosz \u00e9rt\u00fcnk v\u00edvja a csat\u00e1it.  &nbsp;\" \/>\n<meta property=\"og:url\" content=\"https:\/\/duncanshelley.com\/en\/product\/duncan-shelley-kiserletsziget\/\" \/>\n<meta property=\"og:site_name\" content=\"Duncan Shelley K\u00f6nyvesbolt\" \/>\n<meta property=\"article:modified_time\" content=\"2026-01-02T09:07:02+00:00\" \/>\n<meta property=\"og:image\" content=\"https:\/\/duncanshelley.com\/wp-content\/uploads\/dominium-3.jpg\" \/>\n\t<meta property=\"og:image:width\" content=\"600\" \/>\n\t<meta property=\"og:image:height\" content=\"950\" \/>\n\t<meta property=\"og:image:type\" content=\"image\/jpeg\" \/>\n<meta name=\"twitter:label1\" content=\"Est. reading time\" \/>\n\t<meta name=\"twitter:data1\" content=\"1 minute\" \/>\n<script type=\"application\/ld+json\" class=\"yoast-schema-graph\">{\"@context\":\"https:\\\/\\\/schema.org\",\"@graph\":[{\"@type\":\"WebPage\",\"@id\":\"https:\\\/\\\/duncanshelley.com\\\/termek\\\/duncan-shelley-kiserletsziget\\\/\",\"url\":\"https:\\\/\\\/duncanshelley.com\\\/termek\\\/duncan-shelley-kiserletsziget\\\/\",\"name\":\"Duncan Shelley - K\u00eds\u00e9rletsziget - Duncan Shelley K\u00f6nyvesbolt\",\"isPartOf\":{\"@id\":\"https:\\\/\\\/duncanshelley.com\\\/#website\"},\"primaryImageOfPage\":{\"@id\":\"https:\\\/\\\/duncanshelley.com\\\/termek\\\/duncan-shelley-kiserletsziget\\\/#primaryimage\"},\"image\":{\"@id\":\"https:\\\/\\\/duncanshelley.com\\\/termek\\\/duncan-shelley-kiserletsziget\\\/#primaryimage\"},\"thumbnailUrl\":\"https:\\\/\\\/duncanshelley.com\\\/wp-content\\\/uploads\\\/dominium-3.jpg\",\"datePublished\":\"2025-04-08T14:47:13+00:00\",\"dateModified\":\"2026-01-02T09:07:02+00:00\",\"breadcrumb\":{\"@id\":\"https:\\\/\\\/duncanshelley.com\\\/termek\\\/duncan-shelley-kiserletsziget\\\/#breadcrumb\"},\"inLanguage\":\"en-US\",\"potentialAction\":[{\"@type\":\"ReadAction\",\"target\":[\"https:\\\/\\\/duncanshelley.com\\\/termek\\\/duncan-shelley-kiserletsziget\\\/\"]}]},{\"@type\":\"ImageObject\",\"inLanguage\":\"en-US\",\"@id\":\"https:\\\/\\\/duncanshelley.com\\\/termek\\\/duncan-shelley-kiserletsziget\\\/#primaryimage\",\"url\":\"https:\\\/\\\/duncanshelley.com\\\/wp-content\\\/uploads\\\/dominium-3.jpg\",\"contentUrl\":\"https:\\\/\\\/duncanshelley.com\\\/wp-content\\\/uploads\\\/dominium-3.jpg\",\"width\":600,\"height\":950,\"caption\":\"Dominium 3\"},{\"@type\":\"BreadcrumbList\",\"@id\":\"https:\\\/\\\/duncanshelley.com\\\/termek\\\/duncan-shelley-kiserletsziget\\\/#breadcrumb\",\"itemListElement\":[{\"@type\":\"ListItem\",\"position\":1,\"name\":\"Kezd\u0151lap\",\"item\":\"https:\\\/\\\/duncanshelley.com\\\/\"},{\"@type\":\"ListItem\",\"position\":2,\"name\":\"Webshop\",\"item\":\"https:\\\/\\\/duncanshelley.com\\\/webshop\\\/\"},{\"@type\":\"ListItem\",\"position\":3,\"name\":\"Duncan Shelley &#8211; K\u00eds\u00e9rletsziget\"}]},{\"@type\":\"WebSite\",\"@id\":\"https:\\\/\\\/duncanshelley.com\\\/#website\",\"url\":\"https:\\\/\\\/duncanshelley.com\\\/\",\"name\":\"Duncan Shelley K\u00f6nyvesbolt\",\"description\":\"\",\"potentialAction\":[{\"@type\":\"SearchAction\",\"target\":{\"@type\":\"EntryPoint\",\"urlTemplate\":\"https:\\\/\\\/duncanshelley.com\\\/?s={search_term_string}\"},\"query-input\":{\"@type\":\"PropertyValueSpecification\",\"valueRequired\":true,\"valueName\":\"search_term_string\"}}],\"inLanguage\":\"en-US\"}]}<\/script>\n<!-- \/ Yoast SEO Premium plugin. -->","yoast_head_json":{"title":"Duncan Shelley - K\u00eds\u00e9rletsziget - Duncan Shelley K\u00f6nyvesbolt","robots":{"index":"index","follow":"follow","max-snippet":"max-snippet:-1","max-image-preview":"max-image-preview:large","max-video-preview":"max-video-preview:-1"},"canonical":"https:\/\/duncanshelley.com\/en\/product\/duncan-shelley-kiserletsziget\/","og_locale":"en_US","og_type":"article","og_title":"Duncan Shelley - K\u00eds\u00e9rletsziget","og_description":"A dom\u00ednium-univerzum harmadik k\u00f6tete  Divatk\u00e9nt terjed a vil\u00e1gban a kopony\u00e1ba \u00fcltetett agyi interf\u00e9sz. Egy rejt\u00e9lyes v\u00e1llalat kital\u00e1lja, hogy l\u00e9trehozza az \u00f6t\u00f6dik m\u00e9diaplatformot, amely az \u00fajs\u00e1g, a r\u00e1di\u00f3, a t\u00e9v\u00e9 \u00e9s az internet ut\u00e1n k\u00f6zvetlen\u00fcl maga az agy lesz. Egy isten h\u00e1ta m\u00f6g\u00f6tti szigeten elkezd\u0151dnek a k\u00eds\u00e9rletek, melyek val\u00f3di c\u00e9lj\u00e1t csak n\u00e9h\u00e1nyan ismerik. Egy telepata sorozatgyilkos munk\u00e1t v\u00e1llal a k\u00eds\u00e9rleti telepen, \u00e9s m\u00e9g az \u0151 romlott lelke is elborzad att\u00f3l, amit a beavatottak elm\u00e9j\u00e9ben l\u00e1t. Az \u00e1rnyak k\u00f6z\u00f6tt a leggroteszkebb h\u00e1bor\u00fa bontakozik ki, melyben egy g\u00e1tl\u00e1stalan gonosz \u00e9rt\u00fcnk v\u00edvja a csat\u00e1it.  &nbsp;","og_url":"https:\/\/duncanshelley.com\/en\/product\/duncan-shelley-kiserletsziget\/","og_site_name":"Duncan Shelley K\u00f6nyvesbolt","article_modified_time":"2026-01-02T09:07:02+00:00","og_image":[{"width":600,"height":950,"url":"https:\/\/duncanshelley.com\/wp-content\/uploads\/dominium-3.jpg","type":"image\/jpeg"}],"twitter_misc":{"Est. reading time":"1 minute"},"schema":{"@context":"https:\/\/schema.org","@graph":[{"@type":"WebPage","@id":"https:\/\/duncanshelley.com\/termek\/duncan-shelley-kiserletsziget\/","url":"https:\/\/duncanshelley.com\/termek\/duncan-shelley-kiserletsziget\/","name":"Duncan Shelley - K\u00eds\u00e9rletsziget - Duncan Shelley K\u00f6nyvesbolt","isPartOf":{"@id":"https:\/\/duncanshelley.com\/#website"},"primaryImageOfPage":{"@id":"https:\/\/duncanshelley.com\/termek\/duncan-shelley-kiserletsziget\/#primaryimage"},"image":{"@id":"https:\/\/duncanshelley.com\/termek\/duncan-shelley-kiserletsziget\/#primaryimage"},"thumbnailUrl":"https:\/\/duncanshelley.com\/wp-content\/uploads\/dominium-3.jpg","datePublished":"2025-04-08T14:47:13+00:00","dateModified":"2026-01-02T09:07:02+00:00","breadcrumb":{"@id":"https:\/\/duncanshelley.com\/termek\/duncan-shelley-kiserletsziget\/#breadcrumb"},"inLanguage":"en-US","potentialAction":[{"@type":"ReadAction","target":["https:\/\/duncanshelley.com\/termek\/duncan-shelley-kiserletsziget\/"]}]},{"@type":"ImageObject","inLanguage":"en-US","@id":"https:\/\/duncanshelley.com\/termek\/duncan-shelley-kiserletsziget\/#primaryimage","url":"https:\/\/duncanshelley.com\/wp-content\/uploads\/dominium-3.jpg","contentUrl":"https:\/\/duncanshelley.com\/wp-content\/uploads\/dominium-3.jpg","width":600,"height":950,"caption":"Dominium 3"},{"@type":"BreadcrumbList","@id":"https:\/\/duncanshelley.com\/termek\/duncan-shelley-kiserletsziget\/#breadcrumb","itemListElement":[{"@type":"ListItem","position":1,"name":"Kezd\u0151lap","item":"https:\/\/duncanshelley.com\/"},{"@type":"ListItem","position":2,"name":"Webshop","item":"https:\/\/duncanshelley.com\/webshop\/"},{"@type":"ListItem","position":3,"name":"Duncan Shelley &#8211; K\u00eds\u00e9rletsziget"}]},{"@type":"WebSite","@id":"https:\/\/duncanshelley.com\/#website","url":"https:\/\/duncanshelley.com\/","name":"Duncan Shelley K\u00f6nyvesbolt","description":"","potentialAction":[{"@type":"SearchAction","target":{"@type":"EntryPoint","urlTemplate":"https:\/\/duncanshelley.com\/?s={search_term_string}"},"query-input":{"@type":"PropertyValueSpecification","valueRequired":true,"valueName":"search_term_string"}}],"inLanguage":"en-US"}]}},"_links":{"self":[{"href":"https:\/\/duncanshelley.com\/en\/wp-json\/wp\/v2\/product\/26021","targetHints":{"allow":["GET"]}}],"collection":[{"href":"https:\/\/duncanshelley.com\/en\/wp-json\/wp\/v2\/product"}],"about":[{"href":"https:\/\/duncanshelley.com\/en\/wp-json\/wp\/v2\/types\/product"}],"replies":[{"embeddable":true,"href":"https:\/\/duncanshelley.com\/en\/wp-json\/wp\/v2\/comments?post=26021"}],"wp:featuredmedia":[{"embeddable":true,"href":"https:\/\/duncanshelley.com\/en\/wp-json\/wp\/v2\/media\/26022"}],"wp:attachment":[{"href":"https:\/\/duncanshelley.com\/en\/wp-json\/wp\/v2\/media?parent=26021"}],"wp:term":[{"taxonomy":"product_brand","embeddable":true,"href":"https:\/\/duncanshelley.com\/en\/wp-json\/wp\/v2\/product_brand?post=26021"},{"taxonomy":"product_cat","embeddable":true,"href":"https:\/\/duncanshelley.com\/en\/wp-json\/wp\/v2\/product_cat?post=26021"},{"taxonomy":"product_tag","embeddable":true,"href":"https:\/\/duncanshelley.com\/en\/wp-json\/wp\/v2\/product_tag?post=26021"}],"curies":[{"name":"wp","href":"https:\/\/api.w.org\/{rel}","templated":true}]}}