{"id":25767,"date":"2025-03-11T18:38:24","date_gmt":"2025-03-11T17:38:24","guid":{"rendered":"https:\/\/duncanshelley.com\/?post_type=product&#038;p=25767"},"modified":"2025-03-29T21:22:10","modified_gmt":"2025-03-29T20:22:10","slug":"duncan-shelley-fagypont-amnezia-ii-ebook","status":"publish","type":"product","link":"https:\/\/duncanshelley.com\/en\/product\/duncan-shelley-fagypont-amnezia-ii-ebook\/","title":{"rendered":"Duncan Shelley: Fagypont (Amn\u00e9zia II.) (eBook)"},"content":{"rendered":"<p>A Fagypont c\u00edm\u0171 r\u00e9szben az emberis\u00e9g elvesztette az eml\u00e9keit, nyolcnaponta be\u00e1ll az amn\u00e9zia, \u00e9s minden t\u00f6rl\u0151dik. A ciklusok egyre r\u00f6vid\u00fclnek, egyszer megsz\u0171nik az eml\u00e9kezet.<\/p>\n<p>Egy amn\u00e9zi\u00e1s vil\u00e1gban valaki, aki nem felejt, majdnem maga az Isten&#8230;<\/p>\n<p>A k\u00f6tet az <a href=\"https:\/\/duncanshelley.com\/en\/product\/amnezia-trilogia-csomag\/\" target=\"_blank\" rel=\"noopener\"><span style=\"text-decoration: underline;\"><strong>Amn\u00e9zia tril\u00f3gia<\/strong><\/span><\/a> m\u00e1sodik r\u00e9sze.<\/p>","protected":false},"excerpt":{"rendered":"<p><strong>Fagypont<br \/>\n<\/strong>A tril\u00f3gia m\u00e1sodik k\u00f6tete<br \/>\n<strong>M\u0171faj<\/strong>: sci-fi<br \/>\n<strong>Oldalsz\u00e1m<\/strong>: 300<br \/>\n<strong>Kiad\u00e1s<\/strong> <strong>\u00e9ve<\/strong>: 2015<\/p>\n<p>K\u00fcl\u00f6n\u00f6s h\u00edr jut el az emberi kol\u00f3ni\u00e1ra: \u00e1ll\u00edt\u00f3lag van valaki, valahol, aki nem felejt. A csapat Garrett vezet\u00e9s\u00e9vel \u00fatra kell, hogy felkutass\u00e1k a zsenit, aki tal\u00e1n t\u00e9nyleg r\u00e1j\u00f6tt valamire.<\/p>\n<p>Az \u00fat neh\u00e9z, rengeteg a vesz\u00e9ly, \u00e9s nyolcnaponta elvesznek az addig \u00f6sszegy\u0171jt\u00f6tt eml\u00e9kek, melyeket jegyzetek alapj\u00e1n pr\u00f3b\u00e1lnak rekonstru\u00e1lni. A nyomoz\u00e1s ilyen k\u00f6r\u00fclm\u00e9nyek k\u00f6z\u00f6tt nehezebb, mint b\u00e1rki gondolta volna, ezek ellen\u00e9re a csapat tal\u00e1n egyre k\u00f6zeledik az eml\u00e9kez\u0151h\u00f6z.<\/p>\n<p>\u00c9s v\u00e9g\u00fcl megtal\u00e1lj\u00e1k, odakinn a j\u00e9gmez\u0151n, a fagyhal\u00e1l sz\u00e9l\u00e9n egyens\u00falyozva, \u00edgy tartva fenn a folyamatos eml\u00e9kezetet felejt\u00e9s n\u00e9lk\u00fcl.<\/p>\n<p>Ha igaz. \u00c9s nem egy \u00fajabb csal\u00f3.<\/p>","protected":false},"featured_media":8604,"comment_status":"closed","ping_status":"closed","template":"","meta":{"_acf_changed":false,"_genesis_hide_title":false,"_genesis_hide_breadcrumbs":false,"_genesis_hide_singular_image":false,"_genesis_hide_footer_widgets":false,"_genesis_custom_body_class":"","_genesis_custom_post_class":"","_genesis_layout":""},"product_brand":[],"product_cat":[171],"product_tag":[],"class_list":{"0":"post-25767","1":"product","2":"type-product","3":"status-publish","4":"has-post-thumbnail","6":"product_cat-ebook-magyar","7":"entry","9":"first","10":"instock","11":"downloadable","12":"virtual","13":"taxable","14":"purchasable","15":"product-type-simple"},"acf":[],"yoast_head":"<!-- This site is optimized with the Yoast SEO Premium plugin v27.4 (Yoast SEO v27.4) - https:\/\/yoast.com\/product\/yoast-seo-premium-wordpress\/ -->\n<title>Duncan Shelley: Fagypont (Amn\u00e9zia II.) (eBook) - Duncan Shelley K\u00f6nyvesbolt<\/title>\n<meta name=\"description\" content=\"A Fagypont c\u00edm\u0171 r\u00e9szben az emberis\u00e9g elvesztette az eml\u00e9keit, nyolcnaponta be\u00e1ll az amn\u00e9zia, \u00e9s minden t\u00f6rl\u0151dik.\" \/>\n<meta name=\"robots\" content=\"index, follow, max-snippet:-1, max-image-preview:large, max-video-preview:-1\" \/>\n<link rel=\"canonical\" href=\"https:\/\/duncanshelley.com\/en\/product\/duncan-shelley-fagypont-amnezia-ii-ebook\/\" \/>\n<meta property=\"og:locale\" content=\"en_US\" \/>\n<meta property=\"og:type\" content=\"article\" \/>\n<meta property=\"og:title\" content=\"Duncan Shelley: Fagypont (Amn\u00e9zia II.) (eBook)\" \/>\n<meta property=\"og:description\" content=\"A Fagypont c\u00edm\u0171 r\u00e9szben az emberis\u00e9g elvesztette az eml\u00e9keit, nyolcnaponta be\u00e1ll az amn\u00e9zia, \u00e9s minden t\u00f6rl\u0151dik.\" \/>\n<meta property=\"og:url\" content=\"https:\/\/duncanshelley.com\/en\/product\/duncan-shelley-fagypont-amnezia-ii-ebook\/\" \/>\n<meta property=\"og:site_name\" content=\"Duncan Shelley K\u00f6nyvesbolt\" \/>\n<meta property=\"article:modified_time\" content=\"2025-03-29T20:22:10+00:00\" \/>\n<meta property=\"og:image\" content=\"https:\/\/duncanshelley.com\/wp-content\/uploads\/amnezia-2.jpg\" \/>\n\t<meta property=\"og:image:width\" content=\"300\" \/>\n\t<meta property=\"og:image:height\" content=\"475\" \/>\n\t<meta property=\"og:image:type\" content=\"image\/jpeg\" \/>\n<meta name=\"twitter:label1\" content=\"Est. reading time\" \/>\n\t<meta name=\"twitter:data1\" content=\"1 minute\" \/>\n<script type=\"application\/ld+json\" class=\"yoast-schema-graph\">{\"@context\":\"https:\\\/\\\/schema.org\",\"@graph\":[{\"@type\":\"WebPage\",\"@id\":\"https:\\\/\\\/duncanshelley.com\\\/termek\\\/duncan-shelley-fagypont-amnezia-ii-ebook\\\/\",\"url\":\"https:\\\/\\\/duncanshelley.com\\\/termek\\\/duncan-shelley-fagypont-amnezia-ii-ebook\\\/\",\"name\":\"Duncan Shelley: Fagypont (Amn\u00e9zia II.) (eBook) - Duncan Shelley K\u00f6nyvesbolt\",\"isPartOf\":{\"@id\":\"https:\\\/\\\/duncanshelley.com\\\/#website\"},\"primaryImageOfPage\":{\"@id\":\"https:\\\/\\\/duncanshelley.com\\\/termek\\\/duncan-shelley-fagypont-amnezia-ii-ebook\\\/#primaryimage\"},\"image\":{\"@id\":\"https:\\\/\\\/duncanshelley.com\\\/termek\\\/duncan-shelley-fagypont-amnezia-ii-ebook\\\/#primaryimage\"},\"thumbnailUrl\":\"https:\\\/\\\/duncanshelley.com\\\/wp-content\\\/uploads\\\/amnezia-2.jpg\",\"datePublished\":\"2025-03-11T17:38:24+00:00\",\"dateModified\":\"2025-03-29T20:22:10+00:00\",\"description\":\"A Fagypont c\u00edm\u0171 r\u00e9szben az emberis\u00e9g elvesztette az eml\u00e9keit, nyolcnaponta be\u00e1ll az amn\u00e9zia, \u00e9s minden t\u00f6rl\u0151dik.\",\"breadcrumb\":{\"@id\":\"https:\\\/\\\/duncanshelley.com\\\/termek\\\/duncan-shelley-fagypont-amnezia-ii-ebook\\\/#breadcrumb\"},\"inLanguage\":\"en-US\",\"potentialAction\":[{\"@type\":\"ReadAction\",\"target\":[\"https:\\\/\\\/duncanshelley.com\\\/termek\\\/duncan-shelley-fagypont-amnezia-ii-ebook\\\/\"]}]},{\"@type\":\"ImageObject\",\"inLanguage\":\"en-US\",\"@id\":\"https:\\\/\\\/duncanshelley.com\\\/termek\\\/duncan-shelley-fagypont-amnezia-ii-ebook\\\/#primaryimage\",\"url\":\"https:\\\/\\\/duncanshelley.com\\\/wp-content\\\/uploads\\\/amnezia-2.jpg\",\"contentUrl\":\"https:\\\/\\\/duncanshelley.com\\\/wp-content\\\/uploads\\\/amnezia-2.jpg\",\"width\":300,\"height\":475,\"caption\":\"fagypont\"},{\"@type\":\"BreadcrumbList\",\"@id\":\"https:\\\/\\\/duncanshelley.com\\\/termek\\\/duncan-shelley-fagypont-amnezia-ii-ebook\\\/#breadcrumb\",\"itemListElement\":[{\"@type\":\"ListItem\",\"position\":1,\"name\":\"Kezd\u0151lap\",\"item\":\"https:\\\/\\\/duncanshelley.com\\\/\"},{\"@type\":\"ListItem\",\"position\":2,\"name\":\"Webshop\",\"item\":\"https:\\\/\\\/duncanshelley.com\\\/webshop\\\/\"},{\"@type\":\"ListItem\",\"position\":3,\"name\":\"Duncan Shelley: Fagypont (Amn\u00e9zia II.) (eBook)\"}]},{\"@type\":\"WebSite\",\"@id\":\"https:\\\/\\\/duncanshelley.com\\\/#website\",\"url\":\"https:\\\/\\\/duncanshelley.com\\\/\",\"name\":\"Duncan Shelley K\u00f6nyvesbolt\",\"description\":\"\",\"potentialAction\":[{\"@type\":\"SearchAction\",\"target\":{\"@type\":\"EntryPoint\",\"urlTemplate\":\"https:\\\/\\\/duncanshelley.com\\\/?s={search_term_string}\"},\"query-input\":{\"@type\":\"PropertyValueSpecification\",\"valueRequired\":true,\"valueName\":\"search_term_string\"}}],\"inLanguage\":\"en-US\"}]}<\/script>\n<!-- \/ Yoast SEO Premium plugin. -->","yoast_head_json":{"title":"Duncan Shelley: Fagypont (Amn\u00e9zia II.) (eBook) - Duncan Shelley K\u00f6nyvesbolt","description":"A Fagypont c\u00edm\u0171 r\u00e9szben az emberis\u00e9g elvesztette az eml\u00e9keit, nyolcnaponta be\u00e1ll az amn\u00e9zia, \u00e9s minden t\u00f6rl\u0151dik.","robots":{"index":"index","follow":"follow","max-snippet":"max-snippet:-1","max-image-preview":"max-image-preview:large","max-video-preview":"max-video-preview:-1"},"canonical":"https:\/\/duncanshelley.com\/en\/product\/duncan-shelley-fagypont-amnezia-ii-ebook\/","og_locale":"en_US","og_type":"article","og_title":"Duncan Shelley: Fagypont (Amn\u00e9zia II.) (eBook)","og_description":"A Fagypont c\u00edm\u0171 r\u00e9szben az emberis\u00e9g elvesztette az eml\u00e9keit, nyolcnaponta be\u00e1ll az amn\u00e9zia, \u00e9s minden t\u00f6rl\u0151dik.","og_url":"https:\/\/duncanshelley.com\/en\/product\/duncan-shelley-fagypont-amnezia-ii-ebook\/","og_site_name":"Duncan Shelley K\u00f6nyvesbolt","article_modified_time":"2025-03-29T20:22:10+00:00","og_image":[{"width":300,"height":475,"url":"https:\/\/duncanshelley.com\/wp-content\/uploads\/amnezia-2.jpg","type":"image\/jpeg"}],"twitter_misc":{"Est. reading time":"1 minute"},"schema":{"@context":"https:\/\/schema.org","@graph":[{"@type":"WebPage","@id":"https:\/\/duncanshelley.com\/termek\/duncan-shelley-fagypont-amnezia-ii-ebook\/","url":"https:\/\/duncanshelley.com\/termek\/duncan-shelley-fagypont-amnezia-ii-ebook\/","name":"Duncan Shelley: Fagypont (Amn\u00e9zia II.) (eBook) - Duncan Shelley K\u00f6nyvesbolt","isPartOf":{"@id":"https:\/\/duncanshelley.com\/#website"},"primaryImageOfPage":{"@id":"https:\/\/duncanshelley.com\/termek\/duncan-shelley-fagypont-amnezia-ii-ebook\/#primaryimage"},"image":{"@id":"https:\/\/duncanshelley.com\/termek\/duncan-shelley-fagypont-amnezia-ii-ebook\/#primaryimage"},"thumbnailUrl":"https:\/\/duncanshelley.com\/wp-content\/uploads\/amnezia-2.jpg","datePublished":"2025-03-11T17:38:24+00:00","dateModified":"2025-03-29T20:22:10+00:00","description":"A Fagypont c\u00edm\u0171 r\u00e9szben az emberis\u00e9g elvesztette az eml\u00e9keit, nyolcnaponta be\u00e1ll az amn\u00e9zia, \u00e9s minden t\u00f6rl\u0151dik.","breadcrumb":{"@id":"https:\/\/duncanshelley.com\/termek\/duncan-shelley-fagypont-amnezia-ii-ebook\/#breadcrumb"},"inLanguage":"en-US","potentialAction":[{"@type":"ReadAction","target":["https:\/\/duncanshelley.com\/termek\/duncan-shelley-fagypont-amnezia-ii-ebook\/"]}]},{"@type":"ImageObject","inLanguage":"en-US","@id":"https:\/\/duncanshelley.com\/termek\/duncan-shelley-fagypont-amnezia-ii-ebook\/#primaryimage","url":"https:\/\/duncanshelley.com\/wp-content\/uploads\/amnezia-2.jpg","contentUrl":"https:\/\/duncanshelley.com\/wp-content\/uploads\/amnezia-2.jpg","width":300,"height":475,"caption":"fagypont"},{"@type":"BreadcrumbList","@id":"https:\/\/duncanshelley.com\/termek\/duncan-shelley-fagypont-amnezia-ii-ebook\/#breadcrumb","itemListElement":[{"@type":"ListItem","position":1,"name":"Kezd\u0151lap","item":"https:\/\/duncanshelley.com\/"},{"@type":"ListItem","position":2,"name":"Webshop","item":"https:\/\/duncanshelley.com\/webshop\/"},{"@type":"ListItem","position":3,"name":"Duncan Shelley: Fagypont (Amn\u00e9zia II.) (eBook)"}]},{"@type":"WebSite","@id":"https:\/\/duncanshelley.com\/#website","url":"https:\/\/duncanshelley.com\/","name":"Duncan Shelley K\u00f6nyvesbolt","description":"","potentialAction":[{"@type":"SearchAction","target":{"@type":"EntryPoint","urlTemplate":"https:\/\/duncanshelley.com\/?s={search_term_string}"},"query-input":{"@type":"PropertyValueSpecification","valueRequired":true,"valueName":"search_term_string"}}],"inLanguage":"en-US"}]}},"_links":{"self":[{"href":"https:\/\/duncanshelley.com\/en\/wp-json\/wp\/v2\/product\/25767","targetHints":{"allow":["GET"]}}],"collection":[{"href":"https:\/\/duncanshelley.com\/en\/wp-json\/wp\/v2\/product"}],"about":[{"href":"https:\/\/duncanshelley.com\/en\/wp-json\/wp\/v2\/types\/product"}],"replies":[{"embeddable":true,"href":"https:\/\/duncanshelley.com\/en\/wp-json\/wp\/v2\/comments?post=25767"}],"wp:featuredmedia":[{"embeddable":true,"href":"https:\/\/duncanshelley.com\/en\/wp-json\/wp\/v2\/media\/8604"}],"wp:attachment":[{"href":"https:\/\/duncanshelley.com\/en\/wp-json\/wp\/v2\/media?parent=25767"}],"wp:term":[{"taxonomy":"product_brand","embeddable":true,"href":"https:\/\/duncanshelley.com\/en\/wp-json\/wp\/v2\/product_brand?post=25767"},{"taxonomy":"product_cat","embeddable":true,"href":"https:\/\/duncanshelley.com\/en\/wp-json\/wp\/v2\/product_cat?post=25767"},{"taxonomy":"product_tag","embeddable":true,"href":"https:\/\/duncanshelley.com\/en\/wp-json\/wp\/v2\/product_tag?post=25767"}],"curies":[{"name":"wp","href":"https:\/\/api.w.org\/{rel}","templated":true}]}}