{"id":25764,"date":"2025-03-11T18:36:26","date_gmt":"2025-03-11T17:36:26","guid":{"rendered":"https:\/\/duncanshelley.com\/?post_type=product&#038;p=25764"},"modified":"2025-03-29T21:21:23","modified_gmt":"2025-03-29T20:21:23","slug":"duncan-shelley-elveszett-mult-amnezia-i-ebook","status":"publish","type":"product","link":"https:\/\/duncanshelley.com\/en\/product\/duncan-shelley-elveszett-mult-amnezia-i-ebook\/","title":{"rendered":"Duncan Shelley: Elveszett m\u00falt (Amn\u00e9zia I.) (eBook)"},"content":{"rendered":"","protected":false},"excerpt":{"rendered":"<p><strong>Egy \u00faj k\u00f6nyv \u2013 egy \u00faj vil\u00e1g<\/strong><\/p>\n<p>K\u00e9t n\u0151 \u00e9s h\u00e1rom f\u00e9rfi fel\u00e9bred egy b\u00f6rt\u00f6ncell\u00e1ban.<br \/>\nNem eml\u00e9keznek a helyre, egym\u00e1sra, \u00f6nmagukra.<\/p>\n<p>A m\u00falt elveszett \u2013 a j\u00f6v\u0151 nem l\u00e1that\u00f3.<\/p>\n<p>A reg\u00e9ny m\u0171faja: thriller.<\/p>","protected":false},"featured_media":8603,"comment_status":"closed","ping_status":"closed","template":"","meta":{"_acf_changed":false,"_genesis_hide_title":false,"_genesis_hide_breadcrumbs":false,"_genesis_hide_singular_image":false,"_genesis_hide_footer_widgets":false,"_genesis_custom_body_class":"","_genesis_custom_post_class":"","_genesis_layout":""},"product_brand":[],"product_cat":[171],"product_tag":[],"class_list":{"0":"post-25764","1":"product","2":"type-product","3":"status-publish","4":"has-post-thumbnail","6":"product_cat-ebook-magyar","7":"entry","9":"first","10":"instock","11":"downloadable","12":"virtual","13":"taxable","14":"purchasable","15":"product-type-simple"},"acf":[],"yoast_head":"<!-- This site is optimized with the Yoast SEO Premium plugin v27.4 (Yoast SEO v27.4) - https:\/\/yoast.com\/product\/yoast-seo-premium-wordpress\/ -->\n<title>Duncan Shelley: Elveszett m\u00falt (Amn\u00e9zia I.) (eBook) - Duncan Shelley K\u00f6nyvesbolt<\/title>\n<meta name=\"description\" content=\"Az Amn\u00e9zia sorozat els\u0151 r\u00e9sz\u00e9ben \u00f6t ember fel\u00e9bred egy b\u00f6rt\u00f6ncell\u00e1ban. Nem eml\u00e9keznek saj\u00e1t magukra, egym\u00e1sra \u00e9s arra, hogy ker\u00fcltek oda.\" \/>\n<meta name=\"robots\" content=\"index, follow, max-snippet:-1, max-image-preview:large, max-video-preview:-1\" \/>\n<link rel=\"canonical\" href=\"https:\/\/duncanshelley.com\/en\/product\/duncan-shelley-elveszett-mult-amnezia-i-ebook\/\" \/>\n<meta property=\"og:locale\" content=\"en_US\" \/>\n<meta property=\"og:type\" content=\"article\" \/>\n<meta property=\"og:title\" content=\"Duncan Shelley: Elveszett m\u00falt (Amn\u00e9zia I.) (eBook)\" \/>\n<meta property=\"og:description\" content=\"Az Amn\u00e9zia sorozat els\u0151 r\u00e9sz\u00e9ben \u00f6t ember fel\u00e9bred egy b\u00f6rt\u00f6ncell\u00e1ban. Nem eml\u00e9keznek saj\u00e1t magukra, egym\u00e1sra \u00e9s arra, hogy ker\u00fcltek oda.\" \/>\n<meta property=\"og:url\" content=\"https:\/\/duncanshelley.com\/en\/product\/duncan-shelley-elveszett-mult-amnezia-i-ebook\/\" \/>\n<meta property=\"og:site_name\" content=\"Duncan Shelley K\u00f6nyvesbolt\" \/>\n<meta property=\"article:modified_time\" content=\"2025-03-29T20:21:23+00:00\" \/>\n<meta property=\"og:image\" content=\"https:\/\/duncanshelley.com\/wp-content\/uploads\/amnezia-1.jpg\" \/>\n\t<meta property=\"og:image:width\" content=\"300\" \/>\n\t<meta property=\"og:image:height\" content=\"475\" \/>\n\t<meta property=\"og:image:type\" content=\"image\/jpeg\" \/>\n<meta name=\"twitter:label1\" content=\"Est. reading time\" \/>\n\t<meta name=\"twitter:data1\" content=\"1 minute\" \/>\n<script type=\"application\/ld+json\" class=\"yoast-schema-graph\">{\"@context\":\"https:\\\/\\\/schema.org\",\"@graph\":[{\"@type\":\"WebPage\",\"@id\":\"https:\\\/\\\/duncanshelley.com\\\/termek\\\/duncan-shelley-elveszett-mult-amnezia-i-ebook\\\/\",\"url\":\"https:\\\/\\\/duncanshelley.com\\\/termek\\\/duncan-shelley-elveszett-mult-amnezia-i-ebook\\\/\",\"name\":\"Duncan Shelley: Elveszett m\u00falt (Amn\u00e9zia I.) (eBook) - Duncan Shelley K\u00f6nyvesbolt\",\"isPartOf\":{\"@id\":\"https:\\\/\\\/duncanshelley.com\\\/#website\"},\"primaryImageOfPage\":{\"@id\":\"https:\\\/\\\/duncanshelley.com\\\/termek\\\/duncan-shelley-elveszett-mult-amnezia-i-ebook\\\/#primaryimage\"},\"image\":{\"@id\":\"https:\\\/\\\/duncanshelley.com\\\/termek\\\/duncan-shelley-elveszett-mult-amnezia-i-ebook\\\/#primaryimage\"},\"thumbnailUrl\":\"https:\\\/\\\/duncanshelley.com\\\/wp-content\\\/uploads\\\/amnezia-1.jpg\",\"datePublished\":\"2025-03-11T17:36:26+00:00\",\"dateModified\":\"2025-03-29T20:21:23+00:00\",\"description\":\"Az Amn\u00e9zia sorozat els\u0151 r\u00e9sz\u00e9ben \u00f6t ember fel\u00e9bred egy b\u00f6rt\u00f6ncell\u00e1ban. Nem eml\u00e9keznek saj\u00e1t magukra, egym\u00e1sra \u00e9s arra, hogy ker\u00fcltek oda.\",\"breadcrumb\":{\"@id\":\"https:\\\/\\\/duncanshelley.com\\\/termek\\\/duncan-shelley-elveszett-mult-amnezia-i-ebook\\\/#breadcrumb\"},\"inLanguage\":\"en-US\",\"potentialAction\":[{\"@type\":\"ReadAction\",\"target\":[\"https:\\\/\\\/duncanshelley.com\\\/termek\\\/duncan-shelley-elveszett-mult-amnezia-i-ebook\\\/\"]}]},{\"@type\":\"ImageObject\",\"inLanguage\":\"en-US\",\"@id\":\"https:\\\/\\\/duncanshelley.com\\\/termek\\\/duncan-shelley-elveszett-mult-amnezia-i-ebook\\\/#primaryimage\",\"url\":\"https:\\\/\\\/duncanshelley.com\\\/wp-content\\\/uploads\\\/amnezia-1.jpg\",\"contentUrl\":\"https:\\\/\\\/duncanshelley.com\\\/wp-content\\\/uploads\\\/amnezia-1.jpg\",\"width\":300,\"height\":475,\"caption\":\"amnezia-1\"},{\"@type\":\"BreadcrumbList\",\"@id\":\"https:\\\/\\\/duncanshelley.com\\\/termek\\\/duncan-shelley-elveszett-mult-amnezia-i-ebook\\\/#breadcrumb\",\"itemListElement\":[{\"@type\":\"ListItem\",\"position\":1,\"name\":\"Kezd\u0151lap\",\"item\":\"https:\\\/\\\/duncanshelley.com\\\/\"},{\"@type\":\"ListItem\",\"position\":2,\"name\":\"Webshop\",\"item\":\"https:\\\/\\\/duncanshelley.com\\\/webshop\\\/\"},{\"@type\":\"ListItem\",\"position\":3,\"name\":\"Duncan Shelley: Elveszett m\u00falt (Amn\u00e9zia I.) (eBook)\"}]},{\"@type\":\"WebSite\",\"@id\":\"https:\\\/\\\/duncanshelley.com\\\/#website\",\"url\":\"https:\\\/\\\/duncanshelley.com\\\/\",\"name\":\"Duncan Shelley K\u00f6nyvesbolt\",\"description\":\"\",\"potentialAction\":[{\"@type\":\"SearchAction\",\"target\":{\"@type\":\"EntryPoint\",\"urlTemplate\":\"https:\\\/\\\/duncanshelley.com\\\/?s={search_term_string}\"},\"query-input\":{\"@type\":\"PropertyValueSpecification\",\"valueRequired\":true,\"valueName\":\"search_term_string\"}}],\"inLanguage\":\"en-US\"}]}<\/script>\n<!-- \/ Yoast SEO Premium plugin. -->","yoast_head_json":{"title":"Duncan Shelley: Elveszett m\u00falt (Amn\u00e9zia I.) (eBook) - Duncan Shelley K\u00f6nyvesbolt","description":"Az Amn\u00e9zia sorozat els\u0151 r\u00e9sz\u00e9ben \u00f6t ember fel\u00e9bred egy b\u00f6rt\u00f6ncell\u00e1ban. Nem eml\u00e9keznek saj\u00e1t magukra, egym\u00e1sra \u00e9s arra, hogy ker\u00fcltek oda.","robots":{"index":"index","follow":"follow","max-snippet":"max-snippet:-1","max-image-preview":"max-image-preview:large","max-video-preview":"max-video-preview:-1"},"canonical":"https:\/\/duncanshelley.com\/en\/product\/duncan-shelley-elveszett-mult-amnezia-i-ebook\/","og_locale":"en_US","og_type":"article","og_title":"Duncan Shelley: Elveszett m\u00falt (Amn\u00e9zia I.) (eBook)","og_description":"Az Amn\u00e9zia sorozat els\u0151 r\u00e9sz\u00e9ben \u00f6t ember fel\u00e9bred egy b\u00f6rt\u00f6ncell\u00e1ban. Nem eml\u00e9keznek saj\u00e1t magukra, egym\u00e1sra \u00e9s arra, hogy ker\u00fcltek oda.","og_url":"https:\/\/duncanshelley.com\/en\/product\/duncan-shelley-elveszett-mult-amnezia-i-ebook\/","og_site_name":"Duncan Shelley K\u00f6nyvesbolt","article_modified_time":"2025-03-29T20:21:23+00:00","og_image":[{"width":300,"height":475,"url":"https:\/\/duncanshelley.com\/wp-content\/uploads\/amnezia-1.jpg","type":"image\/jpeg"}],"twitter_misc":{"Est. reading time":"1 minute"},"schema":{"@context":"https:\/\/schema.org","@graph":[{"@type":"WebPage","@id":"https:\/\/duncanshelley.com\/termek\/duncan-shelley-elveszett-mult-amnezia-i-ebook\/","url":"https:\/\/duncanshelley.com\/termek\/duncan-shelley-elveszett-mult-amnezia-i-ebook\/","name":"Duncan Shelley: Elveszett m\u00falt (Amn\u00e9zia I.) (eBook) - Duncan Shelley K\u00f6nyvesbolt","isPartOf":{"@id":"https:\/\/duncanshelley.com\/#website"},"primaryImageOfPage":{"@id":"https:\/\/duncanshelley.com\/termek\/duncan-shelley-elveszett-mult-amnezia-i-ebook\/#primaryimage"},"image":{"@id":"https:\/\/duncanshelley.com\/termek\/duncan-shelley-elveszett-mult-amnezia-i-ebook\/#primaryimage"},"thumbnailUrl":"https:\/\/duncanshelley.com\/wp-content\/uploads\/amnezia-1.jpg","datePublished":"2025-03-11T17:36:26+00:00","dateModified":"2025-03-29T20:21:23+00:00","description":"Az Amn\u00e9zia sorozat els\u0151 r\u00e9sz\u00e9ben \u00f6t ember fel\u00e9bred egy b\u00f6rt\u00f6ncell\u00e1ban. Nem eml\u00e9keznek saj\u00e1t magukra, egym\u00e1sra \u00e9s arra, hogy ker\u00fcltek oda.","breadcrumb":{"@id":"https:\/\/duncanshelley.com\/termek\/duncan-shelley-elveszett-mult-amnezia-i-ebook\/#breadcrumb"},"inLanguage":"en-US","potentialAction":[{"@type":"ReadAction","target":["https:\/\/duncanshelley.com\/termek\/duncan-shelley-elveszett-mult-amnezia-i-ebook\/"]}]},{"@type":"ImageObject","inLanguage":"en-US","@id":"https:\/\/duncanshelley.com\/termek\/duncan-shelley-elveszett-mult-amnezia-i-ebook\/#primaryimage","url":"https:\/\/duncanshelley.com\/wp-content\/uploads\/amnezia-1.jpg","contentUrl":"https:\/\/duncanshelley.com\/wp-content\/uploads\/amnezia-1.jpg","width":300,"height":475,"caption":"amnezia-1"},{"@type":"BreadcrumbList","@id":"https:\/\/duncanshelley.com\/termek\/duncan-shelley-elveszett-mult-amnezia-i-ebook\/#breadcrumb","itemListElement":[{"@type":"ListItem","position":1,"name":"Kezd\u0151lap","item":"https:\/\/duncanshelley.com\/"},{"@type":"ListItem","position":2,"name":"Webshop","item":"https:\/\/duncanshelley.com\/webshop\/"},{"@type":"ListItem","position":3,"name":"Duncan Shelley: Elveszett m\u00falt (Amn\u00e9zia I.) (eBook)"}]},{"@type":"WebSite","@id":"https:\/\/duncanshelley.com\/#website","url":"https:\/\/duncanshelley.com\/","name":"Duncan Shelley K\u00f6nyvesbolt","description":"","potentialAction":[{"@type":"SearchAction","target":{"@type":"EntryPoint","urlTemplate":"https:\/\/duncanshelley.com\/?s={search_term_string}"},"query-input":{"@type":"PropertyValueSpecification","valueRequired":true,"valueName":"search_term_string"}}],"inLanguage":"en-US"}]}},"_links":{"self":[{"href":"https:\/\/duncanshelley.com\/en\/wp-json\/wp\/v2\/product\/25764","targetHints":{"allow":["GET"]}}],"collection":[{"href":"https:\/\/duncanshelley.com\/en\/wp-json\/wp\/v2\/product"}],"about":[{"href":"https:\/\/duncanshelley.com\/en\/wp-json\/wp\/v2\/types\/product"}],"replies":[{"embeddable":true,"href":"https:\/\/duncanshelley.com\/en\/wp-json\/wp\/v2\/comments?post=25764"}],"wp:featuredmedia":[{"embeddable":true,"href":"https:\/\/duncanshelley.com\/en\/wp-json\/wp\/v2\/media\/8603"}],"wp:attachment":[{"href":"https:\/\/duncanshelley.com\/en\/wp-json\/wp\/v2\/media?parent=25764"}],"wp:term":[{"taxonomy":"product_brand","embeddable":true,"href":"https:\/\/duncanshelley.com\/en\/wp-json\/wp\/v2\/product_brand?post=25764"},{"taxonomy":"product_cat","embeddable":true,"href":"https:\/\/duncanshelley.com\/en\/wp-json\/wp\/v2\/product_cat?post=25764"},{"taxonomy":"product_tag","embeddable":true,"href":"https:\/\/duncanshelley.com\/en\/wp-json\/wp\/v2\/product_tag?post=25764"}],"curies":[{"name":"wp","href":"https:\/\/api.w.org\/{rel}","templated":true}]}}