{"id":24866,"date":"2024-12-04T09:53:09","date_gmt":"2024-12-04T08:53:09","guid":{"rendered":"https:\/\/duncanshelley.com\/?post_type=product&#038;p=24866"},"modified":"2025-05-14T21:26:06","modified_gmt":"2025-05-14T19:26:06","slug":"julius-andan-elet-a-rendszerben-ebook","status":"publish","type":"product","link":"https:\/\/duncanshelley.com\/en\/product\/julius-andan-elet-a-rendszerben-ebook\/","title":{"rendered":"Julius Andan: E\u0301let a rendszerben (eBook)"},"content":{"rendered":"","protected":false},"excerpt":{"rendered":"<div class=\"woocommerce-product-details__short-description\">\n<p>Mi a l\u00e1tszat \u00e9s mi a val\u00f3s\u00e1g?<\/p>\n<p>A l\u00e1tszat nem r\u00e9sze egy jelens\u00e9gnek, az csup\u00e1n a megfigyel\u0151 f\u00e9lre\u00e9rt\u00e9s\u00e9nek k\u00f6vetkezm\u00e9nye. Ez a rossz h\u00edr &#8211; \u00e9s ez a j\u00f3 h\u00edr. A j\u00f3 az benne, hogy mivel a l\u00e1tszat nem a vil\u00e1gban, hanem az elm\u00e9nkben van, a n\u00e9z\u0151pontjaink megv\u00e1ltoztat\u00e1s\u00e1val elkezdhet\u00fcnk tiszt\u00e1bban, majd tiszt\u00e1n l\u00e1tni.<\/p>\n<p>Mi emberek, a zsigeri v\u00e1gyainkkal \u00e9s f\u00e9lelmeinkkel, igen egyszer\u0171ek vagyunk. \u00c9s b\u00e1r a civiliz\u00e1ci\u00f3nk v\u00e9gtelen\u00fcl bonyolultnak t\u0171nik, val\u00f3j\u00e1ban borzaszt\u00f3 egyszer\u0171.<\/p>\n<p>Az \u00e1lland\u00f3 zaj \u00e9s felhajt\u00e1s miatt nem l\u00e1tjuk olyannak, amilyen.<\/p>\n<p>E k\u00f6nyv abban szeretne a seg\u00edts\u00e9gedre lenni, hogy \u00e9szrevedd a politika, a gazdas\u00e1g, a m\u00e9dia \u00e9s a kult\u00fara zsigeri igazs\u00e1gait.<\/p>\n<p>Figyelem: a k\u00f6nyv mentes az ideol\u00f3giai elfogults\u00e1gt\u00f3l, nem c\u00e9lja semmilyen politikai narrat\u00edva er\u0151s\u00edt\u00e9se.<\/p>\n<p>(Julius Andan)<\/p><\/blockquote>\n<\/div>","protected":false},"featured_media":20626,"comment_status":"closed","ping_status":"closed","template":"","meta":{"_acf_changed":false,"_genesis_hide_title":false,"_genesis_hide_breadcrumbs":false,"_genesis_hide_singular_image":false,"_genesis_hide_footer_widgets":false,"_genesis_custom_body_class":"","_genesis_custom_post_class":"","_genesis_layout":""},"product_brand":[],"product_cat":[170,171,27,26],"product_tag":[],"class_list":{"0":"post-24866","1":"product","2":"type-product","3":"status-publish","4":"has-post-thumbnail","6":"product_cat-ebook","7":"product_cat-ebook-magyar","8":"product_cat-konteo-konyvek","9":"product_cat-politikai-konyvek","10":"entry","12":"first","13":"instock","14":"downloadable","15":"virtual","16":"taxable","17":"purchasable","18":"product-type-simple"},"acf":[],"yoast_head":"<!-- This site is optimized with the Yoast SEO Premium plugin v27.5 (Yoast SEO v27.5) - https:\/\/yoast.com\/product\/yoast-seo-premium-wordpress\/ -->\n<title>Julius Andan: E\u0301let a rendszerben (eBook) - Duncan Shelley K\u00f6nyvesbolt<\/title>\n<meta name=\"robots\" content=\"index, follow, max-snippet:-1, max-image-preview:large, max-video-preview:-1\" \/>\n<link rel=\"canonical\" href=\"https:\/\/duncanshelley.com\/en\/product\/julius-andan-elet-a-rendszerben-ebook\/\" \/>\n<meta property=\"og:locale\" content=\"en_US\" \/>\n<meta property=\"og:type\" content=\"article\" \/>\n<meta property=\"og:title\" content=\"Julius Andan: E\u0301let a rendszerben (eBook)\" \/>\n<meta property=\"og:description\" content=\"Mi a l\u00e1tszat \u00e9s mi a val\u00f3s\u00e1g?  A l\u00e1tszat nem r\u00e9sze egy jelens\u00e9gnek, az csup\u00e1n a megfigyel\u0151 f\u00e9lre\u00e9rt\u00e9s\u00e9nek k\u00f6vetkezm\u00e9nye. Ez a rossz h\u00edr - \u00e9s ez a j\u00f3 h\u00edr. A j\u00f3 az benne, hogy mivel a l\u00e1tszat nem a vil\u00e1gban, hanem az elm\u00e9nkben van, a n\u00e9z\u0151pontjaink megv\u00e1ltoztat\u00e1s\u00e1val elkezdhet\u00fcnk tiszt\u00e1bban, majd tiszt\u00e1n l\u00e1tni.  Mi emberek, a zsigeri v\u00e1gyainkkal \u00e9s f\u00e9lelmeinkkel, igen egyszer\u0171ek vagyunk. \u00c9s b\u00e1r a civiliz\u00e1ci\u00f3nk v\u00e9gtelen\u00fcl bonyolultnak t\u0171nik, val\u00f3j\u00e1ban borzaszt\u00f3 egyszer\u0171.  Az \u00e1lland\u00f3 zaj \u00e9s felhajt\u00e1s miatt nem l\u00e1tjuk olyannak, amilyen.  E k\u00f6nyv abban szeretne a seg\u00edts\u00e9gedre lenni, hogy \u00e9szrevedd a politika, a gazdas\u00e1g, a m\u00e9dia \u00e9s a kult\u00fara zsigeri igazs\u00e1gait.  Figyelem: a k\u00f6nyv mentes az ideol\u00f3giai elfogults\u00e1gt\u00f3l, nem c\u00e9lja semmilyen politikai narrat\u00edva er\u0151s\u00edt\u00e9se.  (Julius Andan)\" \/>\n<meta property=\"og:url\" content=\"https:\/\/duncanshelley.com\/en\/product\/julius-andan-elet-a-rendszerben-ebook\/\" \/>\n<meta property=\"og:site_name\" content=\"Duncan Shelley K\u00f6nyvesbolt\" \/>\n<meta property=\"article:modified_time\" content=\"2025-05-14T19:26:06+00:00\" \/>\n<meta property=\"og:image\" content=\"https:\/\/duncanshelley.com\/wp-content\/uploads\/Julius-Andan-Elet-a-rendszerben-2.jpg\" \/>\n\t<meta property=\"og:image:width\" content=\"600\" \/>\n\t<meta property=\"og:image:height\" content=\"950\" \/>\n\t<meta property=\"og:image:type\" content=\"image\/jpeg\" \/>\n<meta name=\"twitter:label1\" content=\"Est. reading time\" \/>\n\t<meta name=\"twitter:data1\" content=\"1 minute\" \/>\n<script type=\"application\/ld+json\" class=\"yoast-schema-graph\">{\"@context\":\"https:\\\/\\\/schema.org\",\"@graph\":[{\"@type\":\"WebPage\",\"@id\":\"https:\\\/\\\/duncanshelley.com\\\/termek\\\/julius-andan-elet-a-rendszerben-ebook\\\/\",\"url\":\"https:\\\/\\\/duncanshelley.com\\\/termek\\\/julius-andan-elet-a-rendszerben-ebook\\\/\",\"name\":\"Julius Andan: E\u0301let a rendszerben (eBook) - Duncan Shelley K\u00f6nyvesbolt\",\"isPartOf\":{\"@id\":\"https:\\\/\\\/duncanshelley.com\\\/#website\"},\"primaryImageOfPage\":{\"@id\":\"https:\\\/\\\/duncanshelley.com\\\/termek\\\/julius-andan-elet-a-rendszerben-ebook\\\/#primaryimage\"},\"image\":{\"@id\":\"https:\\\/\\\/duncanshelley.com\\\/termek\\\/julius-andan-elet-a-rendszerben-ebook\\\/#primaryimage\"},\"thumbnailUrl\":\"https:\\\/\\\/duncanshelley.com\\\/wp-content\\\/uploads\\\/Julius-Andan-Elet-a-rendszerben-2.jpg\",\"datePublished\":\"2024-12-04T08:53:09+00:00\",\"dateModified\":\"2025-05-14T19:26:06+00:00\",\"breadcrumb\":{\"@id\":\"https:\\\/\\\/duncanshelley.com\\\/termek\\\/julius-andan-elet-a-rendszerben-ebook\\\/#breadcrumb\"},\"inLanguage\":\"en-US\",\"potentialAction\":[{\"@type\":\"ReadAction\",\"target\":[\"https:\\\/\\\/duncanshelley.com\\\/termek\\\/julius-andan-elet-a-rendszerben-ebook\\\/\"]}]},{\"@type\":\"ImageObject\",\"inLanguage\":\"en-US\",\"@id\":\"https:\\\/\\\/duncanshelley.com\\\/termek\\\/julius-andan-elet-a-rendszerben-ebook\\\/#primaryimage\",\"url\":\"https:\\\/\\\/duncanshelley.com\\\/wp-content\\\/uploads\\\/Julius-Andan-Elet-a-rendszerben-2.jpg\",\"contentUrl\":\"https:\\\/\\\/duncanshelley.com\\\/wp-content\\\/uploads\\\/Julius-Andan-Elet-a-rendszerben-2.jpg\",\"width\":600,\"height\":950,\"caption\":\"Julius Andan E\u0301let A Rendszerben\"},{\"@type\":\"BreadcrumbList\",\"@id\":\"https:\\\/\\\/duncanshelley.com\\\/termek\\\/julius-andan-elet-a-rendszerben-ebook\\\/#breadcrumb\",\"itemListElement\":[{\"@type\":\"ListItem\",\"position\":1,\"name\":\"Kezd\u0151lap\",\"item\":\"https:\\\/\\\/duncanshelley.com\\\/\"},{\"@type\":\"ListItem\",\"position\":2,\"name\":\"Webshop\",\"item\":\"https:\\\/\\\/duncanshelley.com\\\/webshop\\\/\"},{\"@type\":\"ListItem\",\"position\":3,\"name\":\"Julius Andan: E\u0301let a rendszerben (eBook)\"}]},{\"@type\":\"WebSite\",\"@id\":\"https:\\\/\\\/duncanshelley.com\\\/#website\",\"url\":\"https:\\\/\\\/duncanshelley.com\\\/\",\"name\":\"Duncan Shelley K\u00f6nyvesbolt\",\"description\":\"\",\"potentialAction\":[{\"@type\":\"SearchAction\",\"target\":{\"@type\":\"EntryPoint\",\"urlTemplate\":\"https:\\\/\\\/duncanshelley.com\\\/?s={search_term_string}\"},\"query-input\":{\"@type\":\"PropertyValueSpecification\",\"valueRequired\":true,\"valueName\":\"search_term_string\"}}],\"inLanguage\":\"en-US\"}]}<\/script>\n<!-- \/ Yoast SEO Premium plugin. -->","yoast_head_json":{"title":"Julius Andan: E\u0301let a rendszerben (eBook) - Duncan Shelley K\u00f6nyvesbolt","robots":{"index":"index","follow":"follow","max-snippet":"max-snippet:-1","max-image-preview":"max-image-preview:large","max-video-preview":"max-video-preview:-1"},"canonical":"https:\/\/duncanshelley.com\/en\/product\/julius-andan-elet-a-rendszerben-ebook\/","og_locale":"en_US","og_type":"article","og_title":"Julius Andan: E\u0301let a rendszerben (eBook)","og_description":"Mi a l\u00e1tszat \u00e9s mi a val\u00f3s\u00e1g?  A l\u00e1tszat nem r\u00e9sze egy jelens\u00e9gnek, az csup\u00e1n a megfigyel\u0151 f\u00e9lre\u00e9rt\u00e9s\u00e9nek k\u00f6vetkezm\u00e9nye. Ez a rossz h\u00edr - \u00e9s ez a j\u00f3 h\u00edr. A j\u00f3 az benne, hogy mivel a l\u00e1tszat nem a vil\u00e1gban, hanem az elm\u00e9nkben van, a n\u00e9z\u0151pontjaink megv\u00e1ltoztat\u00e1s\u00e1val elkezdhet\u00fcnk tiszt\u00e1bban, majd tiszt\u00e1n l\u00e1tni.  Mi emberek, a zsigeri v\u00e1gyainkkal \u00e9s f\u00e9lelmeinkkel, igen egyszer\u0171ek vagyunk. \u00c9s b\u00e1r a civiliz\u00e1ci\u00f3nk v\u00e9gtelen\u00fcl bonyolultnak t\u0171nik, val\u00f3j\u00e1ban borzaszt\u00f3 egyszer\u0171.  Az \u00e1lland\u00f3 zaj \u00e9s felhajt\u00e1s miatt nem l\u00e1tjuk olyannak, amilyen.  E k\u00f6nyv abban szeretne a seg\u00edts\u00e9gedre lenni, hogy \u00e9szrevedd a politika, a gazdas\u00e1g, a m\u00e9dia \u00e9s a kult\u00fara zsigeri igazs\u00e1gait.  Figyelem: a k\u00f6nyv mentes az ideol\u00f3giai elfogults\u00e1gt\u00f3l, nem c\u00e9lja semmilyen politikai narrat\u00edva er\u0151s\u00edt\u00e9se.  (Julius Andan)","og_url":"https:\/\/duncanshelley.com\/en\/product\/julius-andan-elet-a-rendszerben-ebook\/","og_site_name":"Duncan Shelley K\u00f6nyvesbolt","article_modified_time":"2025-05-14T19:26:06+00:00","og_image":[{"width":600,"height":950,"url":"https:\/\/duncanshelley.com\/wp-content\/uploads\/Julius-Andan-Elet-a-rendszerben-2.jpg","type":"image\/jpeg"}],"twitter_misc":{"Est. reading time":"1 minute"},"schema":{"@context":"https:\/\/schema.org","@graph":[{"@type":"WebPage","@id":"https:\/\/duncanshelley.com\/termek\/julius-andan-elet-a-rendszerben-ebook\/","url":"https:\/\/duncanshelley.com\/termek\/julius-andan-elet-a-rendszerben-ebook\/","name":"Julius Andan: E\u0301let a rendszerben (eBook) - Duncan Shelley K\u00f6nyvesbolt","isPartOf":{"@id":"https:\/\/duncanshelley.com\/#website"},"primaryImageOfPage":{"@id":"https:\/\/duncanshelley.com\/termek\/julius-andan-elet-a-rendszerben-ebook\/#primaryimage"},"image":{"@id":"https:\/\/duncanshelley.com\/termek\/julius-andan-elet-a-rendszerben-ebook\/#primaryimage"},"thumbnailUrl":"https:\/\/duncanshelley.com\/wp-content\/uploads\/Julius-Andan-Elet-a-rendszerben-2.jpg","datePublished":"2024-12-04T08:53:09+00:00","dateModified":"2025-05-14T19:26:06+00:00","breadcrumb":{"@id":"https:\/\/duncanshelley.com\/termek\/julius-andan-elet-a-rendszerben-ebook\/#breadcrumb"},"inLanguage":"en-US","potentialAction":[{"@type":"ReadAction","target":["https:\/\/duncanshelley.com\/termek\/julius-andan-elet-a-rendszerben-ebook\/"]}]},{"@type":"ImageObject","inLanguage":"en-US","@id":"https:\/\/duncanshelley.com\/termek\/julius-andan-elet-a-rendszerben-ebook\/#primaryimage","url":"https:\/\/duncanshelley.com\/wp-content\/uploads\/Julius-Andan-Elet-a-rendszerben-2.jpg","contentUrl":"https:\/\/duncanshelley.com\/wp-content\/uploads\/Julius-Andan-Elet-a-rendszerben-2.jpg","width":600,"height":950,"caption":"Julius Andan E\u0301let A Rendszerben"},{"@type":"BreadcrumbList","@id":"https:\/\/duncanshelley.com\/termek\/julius-andan-elet-a-rendszerben-ebook\/#breadcrumb","itemListElement":[{"@type":"ListItem","position":1,"name":"Kezd\u0151lap","item":"https:\/\/duncanshelley.com\/"},{"@type":"ListItem","position":2,"name":"Webshop","item":"https:\/\/duncanshelley.com\/webshop\/"},{"@type":"ListItem","position":3,"name":"Julius Andan: E\u0301let a rendszerben (eBook)"}]},{"@type":"WebSite","@id":"https:\/\/duncanshelley.com\/#website","url":"https:\/\/duncanshelley.com\/","name":"Duncan Shelley K\u00f6nyvesbolt","description":"","potentialAction":[{"@type":"SearchAction","target":{"@type":"EntryPoint","urlTemplate":"https:\/\/duncanshelley.com\/?s={search_term_string}"},"query-input":{"@type":"PropertyValueSpecification","valueRequired":true,"valueName":"search_term_string"}}],"inLanguage":"en-US"}]}},"_links":{"self":[{"href":"https:\/\/duncanshelley.com\/en\/wp-json\/wp\/v2\/product\/24866","targetHints":{"allow":["GET"]}}],"collection":[{"href":"https:\/\/duncanshelley.com\/en\/wp-json\/wp\/v2\/product"}],"about":[{"href":"https:\/\/duncanshelley.com\/en\/wp-json\/wp\/v2\/types\/product"}],"replies":[{"embeddable":true,"href":"https:\/\/duncanshelley.com\/en\/wp-json\/wp\/v2\/comments?post=24866"}],"wp:featuredmedia":[{"embeddable":true,"href":"https:\/\/duncanshelley.com\/en\/wp-json\/wp\/v2\/media\/20626"}],"wp:attachment":[{"href":"https:\/\/duncanshelley.com\/en\/wp-json\/wp\/v2\/media?parent=24866"}],"wp:term":[{"taxonomy":"product_brand","embeddable":true,"href":"https:\/\/duncanshelley.com\/en\/wp-json\/wp\/v2\/product_brand?post=24866"},{"taxonomy":"product_cat","embeddable":true,"href":"https:\/\/duncanshelley.com\/en\/wp-json\/wp\/v2\/product_cat?post=24866"},{"taxonomy":"product_tag","embeddable":true,"href":"https:\/\/duncanshelley.com\/en\/wp-json\/wp\/v2\/product_tag?post=24866"}],"curies":[{"name":"wp","href":"https:\/\/api.w.org\/{rel}","templated":true}]}}