{"id":24862,"date":"2024-12-04T09:50:32","date_gmt":"2024-12-04T08:50:32","guid":{"rendered":"https:\/\/duncanshelley.com\/?post_type=product&#038;p=24862"},"modified":"2025-03-29T21:17:20","modified_gmt":"2025-03-29T20:17:20","slug":"duncan-shelley-globalis-hatalomatvetel-ebook","status":"publish","type":"product","link":"https:\/\/duncanshelley.com\/en\/product\/duncan-shelley-globalis-hatalomatvetel-ebook\/","title":{"rendered":"Duncan Shelley: Glob\u00e1lis hatalom\u00e1tv\u00e9tel (eBook)"},"content":{"rendered":"","protected":false},"excerpt":{"rendered":"<div class=\"woocommerce-product-details__short-description\">\n<p>2030. okt\u00f3ber. A j\u00e1rv\u00e1nyok, v\u00e1ls\u00e1gok \u00e9s h\u00e1bor\u00fak \u00e1ltal megt\u00e9p\u00e1zott civiliz\u00e1ci\u00f3 \u00f6sszeomlott. A parancsnoki l\u00e1ncok sz\u00e9tszakadtak. Az emberis\u00e9g fell\u00e1zadt. Nincs t\u00f6rv\u00e9ny, nincs rend\u0151rs\u00e9g. Nincs internet, nincs \u00e1ram, nincs m\u00e9dia.<\/p>\n<p>A szak\u00e9rt\u0151k d\u00f6bbenten \u00e1llnak a glob\u00e1lis esem\u00e9nyek el\u0151tt. N\u00e9h\u00e1ny nap alatt valamennyi orsz\u00e1g t\u00e9rdre rogyott. \u00dajabb j\u00e1rv\u00e1nyr\u00f3l besz\u00e9lnek, ami engedetlenn\u00e9 teszi a polg\u00e1rokat.<\/p>\n<p>A CIA egy menesztett elemz\u0151je 16 \u00e9vvel kor\u00e1bban megj\u00f3solta, mi fog t\u00f6rt\u00e9nni. A val\u00f3s\u00e1g legapr\u00f3bb r\u00e9szleteiben k\u00f6vette progn\u00f3zis\u00e1t. Hogyan j\u00f6tt r\u00e1, hogy mi fel\u00e9 tart a vil\u00e1g? Ki a felel\u0151s? Ki tette \u00e9s hogyan? Hogyan lehet vissza\u00e9p\u00edteni a vil\u00e1got?<\/p>\n<p>A t\u00f6rt\u00e9netet fikt\u00edv titkosszolg\u00e1lati jelent\u00e9sek mes\u00e9lik el.<\/p>\n<\/div>","protected":false},"featured_media":24864,"comment_status":"closed","ping_status":"closed","template":"","meta":{"_acf_changed":false,"_genesis_hide_title":false,"_genesis_hide_breadcrumbs":false,"_genesis_hide_singular_image":false,"_genesis_hide_footer_widgets":false,"_genesis_custom_body_class":"","_genesis_custom_post_class":"","_genesis_layout":""},"product_brand":[],"product_cat":[170,171,27,26],"product_tag":[],"class_list":{"0":"post-24862","1":"product","2":"type-product","3":"status-publish","4":"has-post-thumbnail","6":"product_cat-ebook","7":"product_cat-ebook-magyar","8":"product_cat-konteo-konyvek","9":"product_cat-politikai-konyvek","10":"entry","12":"first","13":"instock","14":"downloadable","15":"virtual","16":"taxable","17":"purchasable","18":"product-type-simple"},"acf":[],"yoast_head":"<!-- This site is optimized with the Yoast SEO Premium plugin v27.4 (Yoast SEO v27.4) - https:\/\/yoast.com\/product\/yoast-seo-premium-wordpress\/ -->\n<title>Duncan Shelley: Glob\u00e1lis hatalom\u00e1tv\u00e9tel (eBook) - Duncan Shelley K\u00f6nyvesbolt<\/title>\n<meta name=\"robots\" content=\"index, follow, max-snippet:-1, max-image-preview:large, max-video-preview:-1\" \/>\n<link rel=\"canonical\" href=\"https:\/\/duncanshelley.com\/en\/product\/duncan-shelley-globalis-hatalomatvetel-ebook\/\" \/>\n<meta property=\"og:locale\" content=\"en_US\" \/>\n<meta property=\"og:type\" content=\"article\" \/>\n<meta property=\"og:title\" content=\"Duncan Shelley: Glob\u00e1lis hatalom\u00e1tv\u00e9tel (eBook)\" \/>\n<meta property=\"og:description\" content=\"2030. okt\u00f3ber. A j\u00e1rv\u00e1nyok, v\u00e1ls\u00e1gok \u00e9s h\u00e1bor\u00fak \u00e1ltal megt\u00e9p\u00e1zott civiliz\u00e1ci\u00f3 \u00f6sszeomlott. A parancsnoki l\u00e1ncok sz\u00e9tszakadtak. Az emberis\u00e9g fell\u00e1zadt. Nincs t\u00f6rv\u00e9ny, nincs rend\u0151rs\u00e9g. Nincs internet, nincs \u00e1ram, nincs m\u00e9dia.  A szak\u00e9rt\u0151k d\u00f6bbenten \u00e1llnak a glob\u00e1lis esem\u00e9nyek el\u0151tt. N\u00e9h\u00e1ny nap alatt valamennyi orsz\u00e1g t\u00e9rdre rogyott. \u00dajabb j\u00e1rv\u00e1nyr\u00f3l besz\u00e9lnek, ami engedetlenn\u00e9 teszi a polg\u00e1rokat.  A CIA egy menesztett elemz\u0151je 16 \u00e9vvel kor\u00e1bban megj\u00f3solta, mi fog t\u00f6rt\u00e9nni. A val\u00f3s\u00e1g legapr\u00f3bb r\u00e9szleteiben k\u00f6vette progn\u00f3zis\u00e1t. Hogyan j\u00f6tt r\u00e1, hogy mi fel\u00e9 tart a vil\u00e1g? Ki a felel\u0151s? Ki tette \u00e9s hogyan? Hogyan lehet vissza\u00e9p\u00edteni a vil\u00e1got?  A t\u00f6rt\u00e9netet fikt\u00edv titkosszolg\u00e1lati jelent\u00e9sek mes\u00e9lik el.\" \/>\n<meta property=\"og:url\" content=\"https:\/\/duncanshelley.com\/en\/product\/duncan-shelley-globalis-hatalomatvetel-ebook\/\" \/>\n<meta property=\"og:site_name\" content=\"Duncan Shelley K\u00f6nyvesbolt\" \/>\n<meta property=\"article:modified_time\" content=\"2025-03-29T20:17:20+00:00\" \/>\n<meta property=\"og:image\" content=\"https:\/\/duncanshelley.com\/wp-content\/uploads\/Duncan-Shelley-Globalis-hatalomatvetel.jpg\" \/>\n\t<meta property=\"og:image:width\" content=\"500\" \/>\n\t<meta property=\"og:image:height\" content=\"792\" \/>\n\t<meta property=\"og:image:type\" content=\"image\/jpeg\" \/>\n<meta name=\"twitter:label1\" content=\"Est. reading time\" \/>\n\t<meta name=\"twitter:data1\" content=\"1 minute\" \/>\n<script type=\"application\/ld+json\" class=\"yoast-schema-graph\">{\"@context\":\"https:\\\/\\\/schema.org\",\"@graph\":[{\"@type\":\"WebPage\",\"@id\":\"https:\\\/\\\/duncanshelley.com\\\/termek\\\/duncan-shelley-globalis-hatalomatvetel-ebook\\\/\",\"url\":\"https:\\\/\\\/duncanshelley.com\\\/termek\\\/duncan-shelley-globalis-hatalomatvetel-ebook\\\/\",\"name\":\"Duncan Shelley: Glob\u00e1lis hatalom\u00e1tv\u00e9tel (eBook) - Duncan Shelley K\u00f6nyvesbolt\",\"isPartOf\":{\"@id\":\"https:\\\/\\\/duncanshelley.com\\\/#website\"},\"primaryImageOfPage\":{\"@id\":\"https:\\\/\\\/duncanshelley.com\\\/termek\\\/duncan-shelley-globalis-hatalomatvetel-ebook\\\/#primaryimage\"},\"image\":{\"@id\":\"https:\\\/\\\/duncanshelley.com\\\/termek\\\/duncan-shelley-globalis-hatalomatvetel-ebook\\\/#primaryimage\"},\"thumbnailUrl\":\"https:\\\/\\\/duncanshelley.com\\\/wp-content\\\/uploads\\\/Duncan-Shelley-Globalis-hatalomatvetel.jpg\",\"datePublished\":\"2024-12-04T08:50:32+00:00\",\"dateModified\":\"2025-03-29T20:17:20+00:00\",\"breadcrumb\":{\"@id\":\"https:\\\/\\\/duncanshelley.com\\\/termek\\\/duncan-shelley-globalis-hatalomatvetel-ebook\\\/#breadcrumb\"},\"inLanguage\":\"en-US\",\"potentialAction\":[{\"@type\":\"ReadAction\",\"target\":[\"https:\\\/\\\/duncanshelley.com\\\/termek\\\/duncan-shelley-globalis-hatalomatvetel-ebook\\\/\"]}]},{\"@type\":\"ImageObject\",\"inLanguage\":\"en-US\",\"@id\":\"https:\\\/\\\/duncanshelley.com\\\/termek\\\/duncan-shelley-globalis-hatalomatvetel-ebook\\\/#primaryimage\",\"url\":\"https:\\\/\\\/duncanshelley.com\\\/wp-content\\\/uploads\\\/Duncan-Shelley-Globalis-hatalomatvetel.jpg\",\"contentUrl\":\"https:\\\/\\\/duncanshelley.com\\\/wp-content\\\/uploads\\\/Duncan-Shelley-Globalis-hatalomatvetel.jpg\",\"width\":500,\"height\":792,\"caption\":\"Duncan Shelley Globa\u0301lis Hataloma\u0301tve\u0301tel\"},{\"@type\":\"BreadcrumbList\",\"@id\":\"https:\\\/\\\/duncanshelley.com\\\/termek\\\/duncan-shelley-globalis-hatalomatvetel-ebook\\\/#breadcrumb\",\"itemListElement\":[{\"@type\":\"ListItem\",\"position\":1,\"name\":\"Kezd\u0151lap\",\"item\":\"https:\\\/\\\/duncanshelley.com\\\/\"},{\"@type\":\"ListItem\",\"position\":2,\"name\":\"Webshop\",\"item\":\"https:\\\/\\\/duncanshelley.com\\\/webshop\\\/\"},{\"@type\":\"ListItem\",\"position\":3,\"name\":\"Duncan Shelley: Glob\u00e1lis hatalom\u00e1tv\u00e9tel (eBook)\"}]},{\"@type\":\"WebSite\",\"@id\":\"https:\\\/\\\/duncanshelley.com\\\/#website\",\"url\":\"https:\\\/\\\/duncanshelley.com\\\/\",\"name\":\"Duncan Shelley K\u00f6nyvesbolt\",\"description\":\"\",\"potentialAction\":[{\"@type\":\"SearchAction\",\"target\":{\"@type\":\"EntryPoint\",\"urlTemplate\":\"https:\\\/\\\/duncanshelley.com\\\/?s={search_term_string}\"},\"query-input\":{\"@type\":\"PropertyValueSpecification\",\"valueRequired\":true,\"valueName\":\"search_term_string\"}}],\"inLanguage\":\"en-US\"}]}<\/script>\n<!-- \/ Yoast SEO Premium plugin. -->","yoast_head_json":{"title":"Duncan Shelley: Glob\u00e1lis hatalom\u00e1tv\u00e9tel (eBook) - Duncan Shelley K\u00f6nyvesbolt","robots":{"index":"index","follow":"follow","max-snippet":"max-snippet:-1","max-image-preview":"max-image-preview:large","max-video-preview":"max-video-preview:-1"},"canonical":"https:\/\/duncanshelley.com\/en\/product\/duncan-shelley-globalis-hatalomatvetel-ebook\/","og_locale":"en_US","og_type":"article","og_title":"Duncan Shelley: Glob\u00e1lis hatalom\u00e1tv\u00e9tel (eBook)","og_description":"2030. okt\u00f3ber. A j\u00e1rv\u00e1nyok, v\u00e1ls\u00e1gok \u00e9s h\u00e1bor\u00fak \u00e1ltal megt\u00e9p\u00e1zott civiliz\u00e1ci\u00f3 \u00f6sszeomlott. A parancsnoki l\u00e1ncok sz\u00e9tszakadtak. Az emberis\u00e9g fell\u00e1zadt. Nincs t\u00f6rv\u00e9ny, nincs rend\u0151rs\u00e9g. Nincs internet, nincs \u00e1ram, nincs m\u00e9dia.  A szak\u00e9rt\u0151k d\u00f6bbenten \u00e1llnak a glob\u00e1lis esem\u00e9nyek el\u0151tt. N\u00e9h\u00e1ny nap alatt valamennyi orsz\u00e1g t\u00e9rdre rogyott. \u00dajabb j\u00e1rv\u00e1nyr\u00f3l besz\u00e9lnek, ami engedetlenn\u00e9 teszi a polg\u00e1rokat.  A CIA egy menesztett elemz\u0151je 16 \u00e9vvel kor\u00e1bban megj\u00f3solta, mi fog t\u00f6rt\u00e9nni. A val\u00f3s\u00e1g legapr\u00f3bb r\u00e9szleteiben k\u00f6vette progn\u00f3zis\u00e1t. Hogyan j\u00f6tt r\u00e1, hogy mi fel\u00e9 tart a vil\u00e1g? Ki a felel\u0151s? Ki tette \u00e9s hogyan? Hogyan lehet vissza\u00e9p\u00edteni a vil\u00e1got?  A t\u00f6rt\u00e9netet fikt\u00edv titkosszolg\u00e1lati jelent\u00e9sek mes\u00e9lik el.","og_url":"https:\/\/duncanshelley.com\/en\/product\/duncan-shelley-globalis-hatalomatvetel-ebook\/","og_site_name":"Duncan Shelley K\u00f6nyvesbolt","article_modified_time":"2025-03-29T20:17:20+00:00","og_image":[{"width":500,"height":792,"url":"https:\/\/duncanshelley.com\/wp-content\/uploads\/Duncan-Shelley-Globalis-hatalomatvetel.jpg","type":"image\/jpeg"}],"twitter_misc":{"Est. reading time":"1 minute"},"schema":{"@context":"https:\/\/schema.org","@graph":[{"@type":"WebPage","@id":"https:\/\/duncanshelley.com\/termek\/duncan-shelley-globalis-hatalomatvetel-ebook\/","url":"https:\/\/duncanshelley.com\/termek\/duncan-shelley-globalis-hatalomatvetel-ebook\/","name":"Duncan Shelley: Glob\u00e1lis hatalom\u00e1tv\u00e9tel (eBook) - Duncan Shelley K\u00f6nyvesbolt","isPartOf":{"@id":"https:\/\/duncanshelley.com\/#website"},"primaryImageOfPage":{"@id":"https:\/\/duncanshelley.com\/termek\/duncan-shelley-globalis-hatalomatvetel-ebook\/#primaryimage"},"image":{"@id":"https:\/\/duncanshelley.com\/termek\/duncan-shelley-globalis-hatalomatvetel-ebook\/#primaryimage"},"thumbnailUrl":"https:\/\/duncanshelley.com\/wp-content\/uploads\/Duncan-Shelley-Globalis-hatalomatvetel.jpg","datePublished":"2024-12-04T08:50:32+00:00","dateModified":"2025-03-29T20:17:20+00:00","breadcrumb":{"@id":"https:\/\/duncanshelley.com\/termek\/duncan-shelley-globalis-hatalomatvetel-ebook\/#breadcrumb"},"inLanguage":"en-US","potentialAction":[{"@type":"ReadAction","target":["https:\/\/duncanshelley.com\/termek\/duncan-shelley-globalis-hatalomatvetel-ebook\/"]}]},{"@type":"ImageObject","inLanguage":"en-US","@id":"https:\/\/duncanshelley.com\/termek\/duncan-shelley-globalis-hatalomatvetel-ebook\/#primaryimage","url":"https:\/\/duncanshelley.com\/wp-content\/uploads\/Duncan-Shelley-Globalis-hatalomatvetel.jpg","contentUrl":"https:\/\/duncanshelley.com\/wp-content\/uploads\/Duncan-Shelley-Globalis-hatalomatvetel.jpg","width":500,"height":792,"caption":"Duncan Shelley Globa\u0301lis Hataloma\u0301tve\u0301tel"},{"@type":"BreadcrumbList","@id":"https:\/\/duncanshelley.com\/termek\/duncan-shelley-globalis-hatalomatvetel-ebook\/#breadcrumb","itemListElement":[{"@type":"ListItem","position":1,"name":"Kezd\u0151lap","item":"https:\/\/duncanshelley.com\/"},{"@type":"ListItem","position":2,"name":"Webshop","item":"https:\/\/duncanshelley.com\/webshop\/"},{"@type":"ListItem","position":3,"name":"Duncan Shelley: Glob\u00e1lis hatalom\u00e1tv\u00e9tel (eBook)"}]},{"@type":"WebSite","@id":"https:\/\/duncanshelley.com\/#website","url":"https:\/\/duncanshelley.com\/","name":"Duncan Shelley K\u00f6nyvesbolt","description":"","potentialAction":[{"@type":"SearchAction","target":{"@type":"EntryPoint","urlTemplate":"https:\/\/duncanshelley.com\/?s={search_term_string}"},"query-input":{"@type":"PropertyValueSpecification","valueRequired":true,"valueName":"search_term_string"}}],"inLanguage":"en-US"}]}},"_links":{"self":[{"href":"https:\/\/duncanshelley.com\/en\/wp-json\/wp\/v2\/product\/24862","targetHints":{"allow":["GET"]}}],"collection":[{"href":"https:\/\/duncanshelley.com\/en\/wp-json\/wp\/v2\/product"}],"about":[{"href":"https:\/\/duncanshelley.com\/en\/wp-json\/wp\/v2\/types\/product"}],"replies":[{"embeddable":true,"href":"https:\/\/duncanshelley.com\/en\/wp-json\/wp\/v2\/comments?post=24862"}],"wp:featuredmedia":[{"embeddable":true,"href":"https:\/\/duncanshelley.com\/en\/wp-json\/wp\/v2\/media\/24864"}],"wp:attachment":[{"href":"https:\/\/duncanshelley.com\/en\/wp-json\/wp\/v2\/media?parent=24862"}],"wp:term":[{"taxonomy":"product_brand","embeddable":true,"href":"https:\/\/duncanshelley.com\/en\/wp-json\/wp\/v2\/product_brand?post=24862"},{"taxonomy":"product_cat","embeddable":true,"href":"https:\/\/duncanshelley.com\/en\/wp-json\/wp\/v2\/product_cat?post=24862"},{"taxonomy":"product_tag","embeddable":true,"href":"https:\/\/duncanshelley.com\/en\/wp-json\/wp\/v2\/product_tag?post=24862"}],"curies":[{"name":"wp","href":"https:\/\/api.w.org\/{rel}","templated":true}]}}