{"id":24518,"date":"2024-10-31T09:15:26","date_gmt":"2024-10-31T08:15:26","guid":{"rendered":"https:\/\/duncanshelley.com\/?post_type=product&#038;p=24518"},"modified":"2026-02-01T17:46:18","modified_gmt":"2026-02-01T16:46:18","slug":"duncan-shelley-es-kate-brooks-amer-es-a-felelem","status":"publish","type":"product","link":"https:\/\/duncanshelley.com\/en\/product\/duncan-shelley-es-kate-brooks-amer-es-a-felelem\/","title":{"rendered":"Duncan Shelley &#038; Kate Brooks &#8211; Amer \u00e9s a f\u00e9lelem"},"content":{"rendered":"","protected":false},"excerpt":{"rendered":"<p><strong>M\u0171faj<\/strong>: fantasy<br \/>\n<strong>Oldalsz\u00e1m<\/strong>: 62<br \/>\n<strong>Kiad\u00e1s \u00e9ve<\/strong>: 2024.<\/p>\n<p>2024. \u00e1prilis 14-\u00e9n t\u00f6rt\u00e9nt valami: egy hal\u00e1losnak tetsz\u0151 eg\u00e9szs\u00e9g\u00fcgyi probl\u00e9ma jelent meg, minek k\u00f6vetkezt\u00e9ben \u00fagy t\u0171nt, v\u00e9get \u00e9r egy \u00e9let, m\u00e9g miel\u0151tt elkezd\u0151d\u00f6tt volna. A k\u00f3rh\u00e1zban fek\u00fcdve \u00e9s a hal\u00e1lt v\u00e1rva sorban megk\u00e9rd\u0151jelez\u0151dnek a nagy igazs\u00e1goknak tartott elk\u00e9pzel\u00e9sek. Azut\u00e1n elkezd\u0151dik a munka, minden szinten: test, l\u00e9lek, szellem; gyors fel\u00e9p\u00fcl\u00e9s, akt\u00edv sport, \u00e1talakul\u00e1s. A kaland v\u00e9g\u00e9re egyetlen k\u00ednz\u00f3 k\u00e9rd\u00e9s marad: val\u00f3j\u00e1ban semmi sem t\u00f6rt\u00e9nt, csak vakl\u00e1rma volt, csup\u00e1n a f\u00e9lelem j\u00e1t\u00e9ka, vagy t\u00e9nyleg nagy volt a baj, amit a test-l\u00e9lek-szellem szinten v\u00e9gzett szakadatlan munka teljesen visszaford\u00edtott?<\/p>\n<p>Amer az ezer \u00e9ves var\u00e1zsl\u00f3 saj\u00e1t szem\u00e9lyes probl\u00e9m\u00e1inak mindegyik\u00e9t megoldotta m\u00e1r v\u00e9glegesen. Bajban l\u00e9v\u0151 embereknek seg\u00edt, egy \u0151si b\u00f6lcsess\u00e9get k\u00f6vetve, amely \u00edgy sz\u00f3l: aki felk\u00e9sz\u00fclt a tan\u00edt\u00e1s befogad\u00e1s\u00e1ra, annak \u00e9let\u00e9be bel\u00e9p a mester. Amer ez\u00fattal egy elveszett l\u00e9lek seg\u00edts\u00e9g\u00e9re siet, akit a testi t\u00fcnetekt\u0151l val\u00f3 f\u00e9lelem leh\u00fazott a m\u00e9lybe.<\/p>\n<p>Igaz t\u00f6rt\u00e9net alapj\u00e1n.<\/p>","protected":false},"featured_media":24526,"comment_status":"closed","ping_status":"closed","template":"","meta":{"_acf_changed":false,"_genesis_hide_title":false,"_genesis_hide_breadcrumbs":false,"_genesis_hide_singular_image":false,"_genesis_hide_footer_widgets":false,"_genesis_custom_body_class":"","_genesis_custom_post_class":"","_genesis_layout":""},"product_brand":[],"product_cat":[167],"product_tag":[],"class_list":{"0":"post-24518","1":"product","2":"type-product","3":"status-publish","4":"has-post-thumbnail","6":"product_cat-amer-konyvek","7":"entry","9":"first","10":"instock","11":"taxable","12":"shipping-taxable","13":"purchasable","14":"product-type-simple"},"acf":[],"yoast_head":"<!-- This site is optimized with the Yoast SEO Premium plugin v27.4 (Yoast SEO v27.4) - https:\/\/yoast.com\/product\/yoast-seo-premium-wordpress\/ -->\n<title>Duncan Shelley &amp; Kate Brooks - Amer \u00e9s a f\u00e9lelem - Duncan Shelley K\u00f6nyvesbolt<\/title>\n<meta name=\"robots\" content=\"index, follow, max-snippet:-1, max-image-preview:large, max-video-preview:-1\" \/>\n<link rel=\"canonical\" href=\"https:\/\/duncanshelley.com\/en\/product\/duncan-shelley-es-kate-brooks-amer-es-a-felelem\/\" \/>\n<meta property=\"og:locale\" content=\"en_US\" \/>\n<meta property=\"og:type\" content=\"article\" \/>\n<meta property=\"og:title\" content=\"Duncan Shelley &amp; Kate Brooks - Amer \u00e9s a f\u00e9lelem\" \/>\n<meta property=\"og:description\" content=\"M\u0171faj: fantasy Oldalsz\u00e1m: 62 Kiad\u00e1s \u00e9ve: 2024.  2024. \u00e1prilis 14-\u00e9n t\u00f6rt\u00e9nt valami: egy hal\u00e1losnak tetsz\u0151 eg\u00e9szs\u00e9g\u00fcgyi probl\u00e9ma jelent meg, minek k\u00f6vetkezt\u00e9ben \u00fagy t\u0171nt, v\u00e9get \u00e9r egy \u00e9let, m\u00e9g miel\u0151tt elkezd\u0151d\u00f6tt volna. A k\u00f3rh\u00e1zban fek\u00fcdve \u00e9s a hal\u00e1lt v\u00e1rva sorban megk\u00e9rd\u0151jelez\u0151dnek a nagy igazs\u00e1goknak tartott elk\u00e9pzel\u00e9sek. Azut\u00e1n elkezd\u0151dik a munka, minden szinten: test, l\u00e9lek, szellem; gyors fel\u00e9p\u00fcl\u00e9s, akt\u00edv sport, \u00e1talakul\u00e1s. A kaland v\u00e9g\u00e9re egyetlen k\u00ednz\u00f3 k\u00e9rd\u00e9s marad: val\u00f3j\u00e1ban semmi sem t\u00f6rt\u00e9nt, csak vakl\u00e1rma volt, csup\u00e1n a f\u00e9lelem j\u00e1t\u00e9ka, vagy t\u00e9nyleg nagy volt a baj, amit a test-l\u00e9lek-szellem szinten v\u00e9gzett szakadatlan munka teljesen visszaford\u00edtott?  Amer az ezer \u00e9ves var\u00e1zsl\u00f3 saj\u00e1t szem\u00e9lyes probl\u00e9m\u00e1inak mindegyik\u00e9t megoldotta m\u00e1r v\u00e9glegesen. Bajban l\u00e9v\u0151 embereknek seg\u00edt, egy \u0151si b\u00f6lcsess\u00e9get k\u00f6vetve, amely \u00edgy sz\u00f3l: aki felk\u00e9sz\u00fclt a tan\u00edt\u00e1s befogad\u00e1s\u00e1ra, annak \u00e9let\u00e9be bel\u00e9p a mester. Amer ez\u00fattal egy elveszett l\u00e9lek seg\u00edts\u00e9g\u00e9re siet, akit a testi t\u00fcnetekt\u0151l val\u00f3 f\u00e9lelem leh\u00fazott a m\u00e9lybe.  Igaz t\u00f6rt\u00e9net alapj\u00e1n.\" \/>\n<meta property=\"og:url\" content=\"https:\/\/duncanshelley.com\/en\/product\/duncan-shelley-es-kate-brooks-amer-es-a-felelem\/\" \/>\n<meta property=\"og:site_name\" content=\"Duncan Shelley K\u00f6nyvesbolt\" \/>\n<meta property=\"article:modified_time\" content=\"2026-02-01T16:46:18+00:00\" \/>\n<meta property=\"og:image\" content=\"https:\/\/duncanshelley.com\/wp-content\/uploads\/Amer-felelem-scaled-e1730368889241.jpg\" \/>\n\t<meta property=\"og:image:width\" content=\"294\" \/>\n\t<meta property=\"og:image:height\" content=\"450\" \/>\n\t<meta property=\"og:image:type\" content=\"image\/jpeg\" \/>\n<meta name=\"twitter:label1\" content=\"Est. reading time\" \/>\n\t<meta name=\"twitter:data1\" content=\"1 minute\" \/>\n<script type=\"application\/ld+json\" class=\"yoast-schema-graph\">{\"@context\":\"https:\\\/\\\/schema.org\",\"@graph\":[{\"@type\":\"WebPage\",\"@id\":\"https:\\\/\\\/duncanshelley.com\\\/termek\\\/duncan-shelley-es-kate-brooks-amer-es-a-felelem\\\/\",\"url\":\"https:\\\/\\\/duncanshelley.com\\\/termek\\\/duncan-shelley-es-kate-brooks-amer-es-a-felelem\\\/\",\"name\":\"Duncan Shelley & Kate Brooks - Amer \u00e9s a f\u00e9lelem - Duncan Shelley K\u00f6nyvesbolt\",\"isPartOf\":{\"@id\":\"https:\\\/\\\/duncanshelley.com\\\/#website\"},\"primaryImageOfPage\":{\"@id\":\"https:\\\/\\\/duncanshelley.com\\\/termek\\\/duncan-shelley-es-kate-brooks-amer-es-a-felelem\\\/#primaryimage\"},\"image\":{\"@id\":\"https:\\\/\\\/duncanshelley.com\\\/termek\\\/duncan-shelley-es-kate-brooks-amer-es-a-felelem\\\/#primaryimage\"},\"thumbnailUrl\":\"https:\\\/\\\/duncanshelley.com\\\/wp-content\\\/uploads\\\/Amer-felelem-scaled-e1730368889241.jpg\",\"datePublished\":\"2024-10-31T08:15:26+00:00\",\"dateModified\":\"2026-02-01T16:46:18+00:00\",\"breadcrumb\":{\"@id\":\"https:\\\/\\\/duncanshelley.com\\\/termek\\\/duncan-shelley-es-kate-brooks-amer-es-a-felelem\\\/#breadcrumb\"},\"inLanguage\":\"en-US\",\"potentialAction\":[{\"@type\":\"ReadAction\",\"target\":[\"https:\\\/\\\/duncanshelley.com\\\/termek\\\/duncan-shelley-es-kate-brooks-amer-es-a-felelem\\\/\"]}]},{\"@type\":\"ImageObject\",\"inLanguage\":\"en-US\",\"@id\":\"https:\\\/\\\/duncanshelley.com\\\/termek\\\/duncan-shelley-es-kate-brooks-amer-es-a-felelem\\\/#primaryimage\",\"url\":\"https:\\\/\\\/duncanshelley.com\\\/wp-content\\\/uploads\\\/Amer-felelem-scaled-e1730368889241.jpg\",\"contentUrl\":\"https:\\\/\\\/duncanshelley.com\\\/wp-content\\\/uploads\\\/Amer-felelem-scaled-e1730368889241.jpg\",\"width\":294,\"height\":450,\"caption\":\"Screenshot\"},{\"@type\":\"BreadcrumbList\",\"@id\":\"https:\\\/\\\/duncanshelley.com\\\/termek\\\/duncan-shelley-es-kate-brooks-amer-es-a-felelem\\\/#breadcrumb\",\"itemListElement\":[{\"@type\":\"ListItem\",\"position\":1,\"name\":\"Kezd\u0151lap\",\"item\":\"https:\\\/\\\/duncanshelley.com\\\/\"},{\"@type\":\"ListItem\",\"position\":2,\"name\":\"Webshop\",\"item\":\"https:\\\/\\\/duncanshelley.com\\\/webshop\\\/\"},{\"@type\":\"ListItem\",\"position\":3,\"name\":\"Duncan Shelley &#038; Kate Brooks &#8211; Amer \u00e9s a f\u00e9lelem\"}]},{\"@type\":\"WebSite\",\"@id\":\"https:\\\/\\\/duncanshelley.com\\\/#website\",\"url\":\"https:\\\/\\\/duncanshelley.com\\\/\",\"name\":\"Duncan Shelley K\u00f6nyvesbolt\",\"description\":\"\",\"potentialAction\":[{\"@type\":\"SearchAction\",\"target\":{\"@type\":\"EntryPoint\",\"urlTemplate\":\"https:\\\/\\\/duncanshelley.com\\\/?s={search_term_string}\"},\"query-input\":{\"@type\":\"PropertyValueSpecification\",\"valueRequired\":true,\"valueName\":\"search_term_string\"}}],\"inLanguage\":\"en-US\"}]}<\/script>\n<!-- \/ Yoast SEO Premium plugin. -->","yoast_head_json":{"title":"Duncan Shelley & Kate Brooks - Amer \u00e9s a f\u00e9lelem - Duncan Shelley K\u00f6nyvesbolt","robots":{"index":"index","follow":"follow","max-snippet":"max-snippet:-1","max-image-preview":"max-image-preview:large","max-video-preview":"max-video-preview:-1"},"canonical":"https:\/\/duncanshelley.com\/en\/product\/duncan-shelley-es-kate-brooks-amer-es-a-felelem\/","og_locale":"en_US","og_type":"article","og_title":"Duncan Shelley & Kate Brooks - Amer \u00e9s a f\u00e9lelem","og_description":"M\u0171faj: fantasy Oldalsz\u00e1m: 62 Kiad\u00e1s \u00e9ve: 2024.  2024. \u00e1prilis 14-\u00e9n t\u00f6rt\u00e9nt valami: egy hal\u00e1losnak tetsz\u0151 eg\u00e9szs\u00e9g\u00fcgyi probl\u00e9ma jelent meg, minek k\u00f6vetkezt\u00e9ben \u00fagy t\u0171nt, v\u00e9get \u00e9r egy \u00e9let, m\u00e9g miel\u0151tt elkezd\u0151d\u00f6tt volna. A k\u00f3rh\u00e1zban fek\u00fcdve \u00e9s a hal\u00e1lt v\u00e1rva sorban megk\u00e9rd\u0151jelez\u0151dnek a nagy igazs\u00e1goknak tartott elk\u00e9pzel\u00e9sek. Azut\u00e1n elkezd\u0151dik a munka, minden szinten: test, l\u00e9lek, szellem; gyors fel\u00e9p\u00fcl\u00e9s, akt\u00edv sport, \u00e1talakul\u00e1s. A kaland v\u00e9g\u00e9re egyetlen k\u00ednz\u00f3 k\u00e9rd\u00e9s marad: val\u00f3j\u00e1ban semmi sem t\u00f6rt\u00e9nt, csak vakl\u00e1rma volt, csup\u00e1n a f\u00e9lelem j\u00e1t\u00e9ka, vagy t\u00e9nyleg nagy volt a baj, amit a test-l\u00e9lek-szellem szinten v\u00e9gzett szakadatlan munka teljesen visszaford\u00edtott?  Amer az ezer \u00e9ves var\u00e1zsl\u00f3 saj\u00e1t szem\u00e9lyes probl\u00e9m\u00e1inak mindegyik\u00e9t megoldotta m\u00e1r v\u00e9glegesen. Bajban l\u00e9v\u0151 embereknek seg\u00edt, egy \u0151si b\u00f6lcsess\u00e9get k\u00f6vetve, amely \u00edgy sz\u00f3l: aki felk\u00e9sz\u00fclt a tan\u00edt\u00e1s befogad\u00e1s\u00e1ra, annak \u00e9let\u00e9be bel\u00e9p a mester. Amer ez\u00fattal egy elveszett l\u00e9lek seg\u00edts\u00e9g\u00e9re siet, akit a testi t\u00fcnetekt\u0151l val\u00f3 f\u00e9lelem leh\u00fazott a m\u00e9lybe.  Igaz t\u00f6rt\u00e9net alapj\u00e1n.","og_url":"https:\/\/duncanshelley.com\/en\/product\/duncan-shelley-es-kate-brooks-amer-es-a-felelem\/","og_site_name":"Duncan Shelley K\u00f6nyvesbolt","article_modified_time":"2026-02-01T16:46:18+00:00","og_image":[{"width":294,"height":450,"url":"https:\/\/duncanshelley.com\/wp-content\/uploads\/Amer-felelem-scaled-e1730368889241.jpg","type":"image\/jpeg"}],"twitter_misc":{"Est. reading time":"1 minute"},"schema":{"@context":"https:\/\/schema.org","@graph":[{"@type":"WebPage","@id":"https:\/\/duncanshelley.com\/termek\/duncan-shelley-es-kate-brooks-amer-es-a-felelem\/","url":"https:\/\/duncanshelley.com\/termek\/duncan-shelley-es-kate-brooks-amer-es-a-felelem\/","name":"Duncan Shelley & Kate Brooks - Amer \u00e9s a f\u00e9lelem - Duncan Shelley K\u00f6nyvesbolt","isPartOf":{"@id":"https:\/\/duncanshelley.com\/#website"},"primaryImageOfPage":{"@id":"https:\/\/duncanshelley.com\/termek\/duncan-shelley-es-kate-brooks-amer-es-a-felelem\/#primaryimage"},"image":{"@id":"https:\/\/duncanshelley.com\/termek\/duncan-shelley-es-kate-brooks-amer-es-a-felelem\/#primaryimage"},"thumbnailUrl":"https:\/\/duncanshelley.com\/wp-content\/uploads\/Amer-felelem-scaled-e1730368889241.jpg","datePublished":"2024-10-31T08:15:26+00:00","dateModified":"2026-02-01T16:46:18+00:00","breadcrumb":{"@id":"https:\/\/duncanshelley.com\/termek\/duncan-shelley-es-kate-brooks-amer-es-a-felelem\/#breadcrumb"},"inLanguage":"en-US","potentialAction":[{"@type":"ReadAction","target":["https:\/\/duncanshelley.com\/termek\/duncan-shelley-es-kate-brooks-amer-es-a-felelem\/"]}]},{"@type":"ImageObject","inLanguage":"en-US","@id":"https:\/\/duncanshelley.com\/termek\/duncan-shelley-es-kate-brooks-amer-es-a-felelem\/#primaryimage","url":"https:\/\/duncanshelley.com\/wp-content\/uploads\/Amer-felelem-scaled-e1730368889241.jpg","contentUrl":"https:\/\/duncanshelley.com\/wp-content\/uploads\/Amer-felelem-scaled-e1730368889241.jpg","width":294,"height":450,"caption":"Screenshot"},{"@type":"BreadcrumbList","@id":"https:\/\/duncanshelley.com\/termek\/duncan-shelley-es-kate-brooks-amer-es-a-felelem\/#breadcrumb","itemListElement":[{"@type":"ListItem","position":1,"name":"Kezd\u0151lap","item":"https:\/\/duncanshelley.com\/"},{"@type":"ListItem","position":2,"name":"Webshop","item":"https:\/\/duncanshelley.com\/webshop\/"},{"@type":"ListItem","position":3,"name":"Duncan Shelley &#038; Kate Brooks &#8211; Amer \u00e9s a f\u00e9lelem"}]},{"@type":"WebSite","@id":"https:\/\/duncanshelley.com\/#website","url":"https:\/\/duncanshelley.com\/","name":"Duncan Shelley K\u00f6nyvesbolt","description":"","potentialAction":[{"@type":"SearchAction","target":{"@type":"EntryPoint","urlTemplate":"https:\/\/duncanshelley.com\/?s={search_term_string}"},"query-input":{"@type":"PropertyValueSpecification","valueRequired":true,"valueName":"search_term_string"}}],"inLanguage":"en-US"}]}},"_links":{"self":[{"href":"https:\/\/duncanshelley.com\/en\/wp-json\/wp\/v2\/product\/24518","targetHints":{"allow":["GET"]}}],"collection":[{"href":"https:\/\/duncanshelley.com\/en\/wp-json\/wp\/v2\/product"}],"about":[{"href":"https:\/\/duncanshelley.com\/en\/wp-json\/wp\/v2\/types\/product"}],"replies":[{"embeddable":true,"href":"https:\/\/duncanshelley.com\/en\/wp-json\/wp\/v2\/comments?post=24518"}],"wp:featuredmedia":[{"embeddable":true,"href":"https:\/\/duncanshelley.com\/en\/wp-json\/wp\/v2\/media\/24526"}],"wp:attachment":[{"href":"https:\/\/duncanshelley.com\/en\/wp-json\/wp\/v2\/media?parent=24518"}],"wp:term":[{"taxonomy":"product_brand","embeddable":true,"href":"https:\/\/duncanshelley.com\/en\/wp-json\/wp\/v2\/product_brand?post=24518"},{"taxonomy":"product_cat","embeddable":true,"href":"https:\/\/duncanshelley.com\/en\/wp-json\/wp\/v2\/product_cat?post=24518"},{"taxonomy":"product_tag","embeddable":true,"href":"https:\/\/duncanshelley.com\/en\/wp-json\/wp\/v2\/product_tag?post=24518"}],"curies":[{"name":"wp","href":"https:\/\/api.w.org\/{rel}","templated":true}]}}