{"id":24430,"date":"2024-10-19T18:34:40","date_gmt":"2024-10-19T16:34:40","guid":{"rendered":"https:\/\/duncanshelley.com\/?post_type=product&#038;p=24430"},"modified":"2025-03-29T21:17:58","modified_gmt":"2025-03-29T20:17:58","slug":"duncan-shelley-elzart-szovegek-ebook","status":"publish","type":"product","link":"https:\/\/duncanshelley.com\/en\/product\/duncan-shelley-elzart-szovegek-ebook\/","title":{"rendered":"Duncan Shelley &#8211; Elza\u0301rt szo\u0308vegek (eBook)"},"content":{"rendered":"","protected":false},"excerpt":{"rendered":"<div class=\"woocommerce-product-details__short-description\">\n<p>Olyan 10 \u00e9ves koromban t\u00e1madt el\u0151sz\u00f6r az a gondolatom, hogy az \u00e9let nem lehet mind\u00f6ssze annyi, hogy iskola, munka, csal\u00e1d, \u00f6regs\u00e9g, betegs\u00e9g, hal\u00e1l. Ha ez minden, akkor semminek nincs \u00e9rtelme. Ha ez minden, akkor nem baj, ha egy \u00fcst\u00f6k\u00f6s belecsap\u00f3dik a F\u00f6ldbe, nem baj, ha a vil\u00e1g kifordul a sark\u00e1b\u00f3l.<\/p>\n<p>Ha az \u00e9let mind\u00f6sszesen annyi, hogy feln\u0151, majd meg\u00f6regszik, majd meghal a test, akkor az \u00e9letnek nincs \u00e9rtelme, \u00e9s teljesen \u00e9rt\u00e9ktelen.<\/p>\n<p>Abban az id\u0151ben k\u00f6r\u00fcl\u00f6ttem minden a materializmusr\u00f3l sz\u00f3lt, a vall\u00e1s templomokat jelentett, \u00e9s furcsa ruh\u00e1j\u00fa embereket. A tombol\u00f3 VHS-korszak hozta el az inform\u00e1ci\u00f3t arr\u00f3l, hogy m\u00e1s is van, illeg\u00e1lisan \u00e1rus\u00edtott, hangal\u00e1mond\u00e1sos, rossz min\u0151s\u00e9g\u0171 filmek form\u00e1j\u00e1ban. Fantasy \u00e9s horrorfilmek alak\u00edtott\u00e1k a vil\u00e1gk\u00e9pemet, \u00e9s tereltek valami m\u00e1s fel\u00e9. Valami olyan fel\u00e9, amit a szem nem k\u00e9pes megl\u00e1tni.<\/p>\n<p>A szolgafaj. 80 \u00e9v haldokl\u00e1s. L\u00e9lekj\u00e1tszm\u00e1k. Mindezid\u00e1ig egy weboldal m\u00e9ly\u00e9re, jelszavak m\u00f6g\u00e9 z\u00e1rt \u00edr\u00e1sok, melyek mintegy 2.000 oldalnyi vit\u00e1t gener\u00e1ltak a beavatottak k\u00f6r\u00e9ben.<\/p>\n<\/div>","protected":false},"featured_media":20623,"comment_status":"closed","ping_status":"closed","template":"","meta":{"_acf_changed":false,"_genesis_hide_title":false,"_genesis_hide_breadcrumbs":false,"_genesis_hide_singular_image":false,"_genesis_hide_footer_widgets":false,"_genesis_custom_body_class":"","_genesis_custom_post_class":"","_genesis_layout":""},"product_brand":[],"product_cat":[170,171],"product_tag":[],"class_list":{"0":"post-24430","1":"product","2":"type-product","3":"status-publish","4":"has-post-thumbnail","6":"product_cat-ebook","7":"product_cat-ebook-magyar","8":"entry","10":"first","11":"instock","12":"downloadable","13":"virtual","14":"taxable","15":"purchasable","16":"product-type-simple"},"acf":[],"yoast_head":"<!-- This site is optimized with the Yoast SEO Premium plugin v27.4 (Yoast SEO v27.4) - https:\/\/yoast.com\/product\/yoast-seo-premium-wordpress\/ -->\n<title>Duncan Shelley - Elza\u0301rt szo\u0308vegek (eBook) - Duncan Shelley K\u00f6nyvesbolt<\/title>\n<meta name=\"robots\" content=\"index, follow, max-snippet:-1, max-image-preview:large, max-video-preview:-1\" \/>\n<link rel=\"canonical\" href=\"https:\/\/duncanshelley.com\/en\/product\/duncan-shelley-elzart-szovegek-ebook\/\" \/>\n<meta property=\"og:locale\" content=\"en_US\" \/>\n<meta property=\"og:type\" content=\"article\" \/>\n<meta property=\"og:title\" content=\"Duncan Shelley - Elza\u0301rt szo\u0308vegek (eBook)\" \/>\n<meta property=\"og:description\" content=\"Olyan 10 \u00e9ves koromban t\u00e1madt el\u0151sz\u00f6r az a gondolatom, hogy az \u00e9let nem lehet mind\u00f6ssze annyi, hogy iskola, munka, csal\u00e1d, \u00f6regs\u00e9g, betegs\u00e9g, hal\u00e1l. Ha ez minden, akkor semminek nincs \u00e9rtelme. Ha ez minden, akkor nem baj, ha egy \u00fcst\u00f6k\u00f6s belecsap\u00f3dik a F\u00f6ldbe, nem baj, ha a vil\u00e1g kifordul a sark\u00e1b\u00f3l.  Ha az \u00e9let mind\u00f6sszesen annyi, hogy feln\u0151, majd meg\u00f6regszik, majd meghal a test, akkor az \u00e9letnek nincs \u00e9rtelme, \u00e9s teljesen \u00e9rt\u00e9ktelen.  Abban az id\u0151ben k\u00f6r\u00fcl\u00f6ttem minden a materializmusr\u00f3l sz\u00f3lt, a vall\u00e1s templomokat jelentett, \u00e9s furcsa ruh\u00e1j\u00fa embereket. A tombol\u00f3 VHS-korszak hozta el az inform\u00e1ci\u00f3t arr\u00f3l, hogy m\u00e1s is van, illeg\u00e1lisan \u00e1rus\u00edtott, hangal\u00e1mond\u00e1sos, rossz min\u0151s\u00e9g\u0171 filmek form\u00e1j\u00e1ban. Fantasy \u00e9s horrorfilmek alak\u00edtott\u00e1k a vil\u00e1gk\u00e9pemet, \u00e9s tereltek valami m\u00e1s fel\u00e9. Valami olyan fel\u00e9, amit a szem nem k\u00e9pes megl\u00e1tni.  A szolgafaj. 80 \u00e9v haldokl\u00e1s. L\u00e9lekj\u00e1tszm\u00e1k. Mindezid\u00e1ig egy weboldal m\u00e9ly\u00e9re, jelszavak m\u00f6g\u00e9 z\u00e1rt \u00edr\u00e1sok, melyek mintegy 2.000 oldalnyi vit\u00e1t gener\u00e1ltak a beavatottak k\u00f6r\u00e9ben.\" \/>\n<meta property=\"og:url\" content=\"https:\/\/duncanshelley.com\/en\/product\/duncan-shelley-elzart-szovegek-ebook\/\" \/>\n<meta property=\"og:site_name\" content=\"Duncan Shelley K\u00f6nyvesbolt\" \/>\n<meta property=\"article:modified_time\" content=\"2025-03-29T20:17:58+00:00\" \/>\n<meta property=\"og:image\" content=\"https:\/\/duncanshelley.com\/wp-content\/uploads\/elzart-szovegek.jpg\" \/>\n\t<meta property=\"og:image:width\" content=\"300\" \/>\n\t<meta property=\"og:image:height\" content=\"475\" \/>\n\t<meta property=\"og:image:type\" content=\"image\/jpeg\" \/>\n<meta name=\"twitter:label1\" content=\"Est. reading time\" \/>\n\t<meta name=\"twitter:data1\" content=\"1 minute\" \/>\n<script type=\"application\/ld+json\" class=\"yoast-schema-graph\">{\"@context\":\"https:\\\/\\\/schema.org\",\"@graph\":[{\"@type\":\"WebPage\",\"@id\":\"https:\\\/\\\/duncanshelley.com\\\/termek\\\/duncan-shelley-elzart-szovegek-ebook\\\/\",\"url\":\"https:\\\/\\\/duncanshelley.com\\\/termek\\\/duncan-shelley-elzart-szovegek-ebook\\\/\",\"name\":\"Duncan Shelley - Elza\u0301rt szo\u0308vegek (eBook) - Duncan Shelley K\u00f6nyvesbolt\",\"isPartOf\":{\"@id\":\"https:\\\/\\\/duncanshelley.com\\\/#website\"},\"primaryImageOfPage\":{\"@id\":\"https:\\\/\\\/duncanshelley.com\\\/termek\\\/duncan-shelley-elzart-szovegek-ebook\\\/#primaryimage\"},\"image\":{\"@id\":\"https:\\\/\\\/duncanshelley.com\\\/termek\\\/duncan-shelley-elzart-szovegek-ebook\\\/#primaryimage\"},\"thumbnailUrl\":\"https:\\\/\\\/duncanshelley.com\\\/wp-content\\\/uploads\\\/elzart-szovegek.jpg\",\"datePublished\":\"2024-10-19T16:34:40+00:00\",\"dateModified\":\"2025-03-29T20:17:58+00:00\",\"breadcrumb\":{\"@id\":\"https:\\\/\\\/duncanshelley.com\\\/termek\\\/duncan-shelley-elzart-szovegek-ebook\\\/#breadcrumb\"},\"inLanguage\":\"en-US\",\"potentialAction\":[{\"@type\":\"ReadAction\",\"target\":[\"https:\\\/\\\/duncanshelley.com\\\/termek\\\/duncan-shelley-elzart-szovegek-ebook\\\/\"]}]},{\"@type\":\"ImageObject\",\"inLanguage\":\"en-US\",\"@id\":\"https:\\\/\\\/duncanshelley.com\\\/termek\\\/duncan-shelley-elzart-szovegek-ebook\\\/#primaryimage\",\"url\":\"https:\\\/\\\/duncanshelley.com\\\/wp-content\\\/uploads\\\/elzart-szovegek.jpg\",\"contentUrl\":\"https:\\\/\\\/duncanshelley.com\\\/wp-content\\\/uploads\\\/elzart-szovegek.jpg\",\"width\":300,\"height\":475,\"caption\":\"Elzart Szovegek\"},{\"@type\":\"BreadcrumbList\",\"@id\":\"https:\\\/\\\/duncanshelley.com\\\/termek\\\/duncan-shelley-elzart-szovegek-ebook\\\/#breadcrumb\",\"itemListElement\":[{\"@type\":\"ListItem\",\"position\":1,\"name\":\"Kezd\u0151lap\",\"item\":\"https:\\\/\\\/duncanshelley.com\\\/\"},{\"@type\":\"ListItem\",\"position\":2,\"name\":\"Webshop\",\"item\":\"https:\\\/\\\/duncanshelley.com\\\/webshop\\\/\"},{\"@type\":\"ListItem\",\"position\":3,\"name\":\"Duncan Shelley &#8211; Elza\u0301rt szo\u0308vegek (eBook)\"}]},{\"@type\":\"WebSite\",\"@id\":\"https:\\\/\\\/duncanshelley.com\\\/#website\",\"url\":\"https:\\\/\\\/duncanshelley.com\\\/\",\"name\":\"Duncan Shelley K\u00f6nyvesbolt\",\"description\":\"\",\"potentialAction\":[{\"@type\":\"SearchAction\",\"target\":{\"@type\":\"EntryPoint\",\"urlTemplate\":\"https:\\\/\\\/duncanshelley.com\\\/?s={search_term_string}\"},\"query-input\":{\"@type\":\"PropertyValueSpecification\",\"valueRequired\":true,\"valueName\":\"search_term_string\"}}],\"inLanguage\":\"en-US\"}]}<\/script>\n<!-- \/ Yoast SEO Premium plugin. -->","yoast_head_json":{"title":"Duncan Shelley - Elza\u0301rt szo\u0308vegek (eBook) - Duncan Shelley K\u00f6nyvesbolt","robots":{"index":"index","follow":"follow","max-snippet":"max-snippet:-1","max-image-preview":"max-image-preview:large","max-video-preview":"max-video-preview:-1"},"canonical":"https:\/\/duncanshelley.com\/en\/product\/duncan-shelley-elzart-szovegek-ebook\/","og_locale":"en_US","og_type":"article","og_title":"Duncan Shelley - Elza\u0301rt szo\u0308vegek (eBook)","og_description":"Olyan 10 \u00e9ves koromban t\u00e1madt el\u0151sz\u00f6r az a gondolatom, hogy az \u00e9let nem lehet mind\u00f6ssze annyi, hogy iskola, munka, csal\u00e1d, \u00f6regs\u00e9g, betegs\u00e9g, hal\u00e1l. Ha ez minden, akkor semminek nincs \u00e9rtelme. Ha ez minden, akkor nem baj, ha egy \u00fcst\u00f6k\u00f6s belecsap\u00f3dik a F\u00f6ldbe, nem baj, ha a vil\u00e1g kifordul a sark\u00e1b\u00f3l.  Ha az \u00e9let mind\u00f6sszesen annyi, hogy feln\u0151, majd meg\u00f6regszik, majd meghal a test, akkor az \u00e9letnek nincs \u00e9rtelme, \u00e9s teljesen \u00e9rt\u00e9ktelen.  Abban az id\u0151ben k\u00f6r\u00fcl\u00f6ttem minden a materializmusr\u00f3l sz\u00f3lt, a vall\u00e1s templomokat jelentett, \u00e9s furcsa ruh\u00e1j\u00fa embereket. A tombol\u00f3 VHS-korszak hozta el az inform\u00e1ci\u00f3t arr\u00f3l, hogy m\u00e1s is van, illeg\u00e1lisan \u00e1rus\u00edtott, hangal\u00e1mond\u00e1sos, rossz min\u0151s\u00e9g\u0171 filmek form\u00e1j\u00e1ban. Fantasy \u00e9s horrorfilmek alak\u00edtott\u00e1k a vil\u00e1gk\u00e9pemet, \u00e9s tereltek valami m\u00e1s fel\u00e9. Valami olyan fel\u00e9, amit a szem nem k\u00e9pes megl\u00e1tni.  A szolgafaj. 80 \u00e9v haldokl\u00e1s. L\u00e9lekj\u00e1tszm\u00e1k. Mindezid\u00e1ig egy weboldal m\u00e9ly\u00e9re, jelszavak m\u00f6g\u00e9 z\u00e1rt \u00edr\u00e1sok, melyek mintegy 2.000 oldalnyi vit\u00e1t gener\u00e1ltak a beavatottak k\u00f6r\u00e9ben.","og_url":"https:\/\/duncanshelley.com\/en\/product\/duncan-shelley-elzart-szovegek-ebook\/","og_site_name":"Duncan Shelley K\u00f6nyvesbolt","article_modified_time":"2025-03-29T20:17:58+00:00","og_image":[{"width":300,"height":475,"url":"https:\/\/duncanshelley.com\/wp-content\/uploads\/elzart-szovegek.jpg","type":"image\/jpeg"}],"twitter_misc":{"Est. reading time":"1 minute"},"schema":{"@context":"https:\/\/schema.org","@graph":[{"@type":"WebPage","@id":"https:\/\/duncanshelley.com\/termek\/duncan-shelley-elzart-szovegek-ebook\/","url":"https:\/\/duncanshelley.com\/termek\/duncan-shelley-elzart-szovegek-ebook\/","name":"Duncan Shelley - Elza\u0301rt szo\u0308vegek (eBook) - Duncan Shelley K\u00f6nyvesbolt","isPartOf":{"@id":"https:\/\/duncanshelley.com\/#website"},"primaryImageOfPage":{"@id":"https:\/\/duncanshelley.com\/termek\/duncan-shelley-elzart-szovegek-ebook\/#primaryimage"},"image":{"@id":"https:\/\/duncanshelley.com\/termek\/duncan-shelley-elzart-szovegek-ebook\/#primaryimage"},"thumbnailUrl":"https:\/\/duncanshelley.com\/wp-content\/uploads\/elzart-szovegek.jpg","datePublished":"2024-10-19T16:34:40+00:00","dateModified":"2025-03-29T20:17:58+00:00","breadcrumb":{"@id":"https:\/\/duncanshelley.com\/termek\/duncan-shelley-elzart-szovegek-ebook\/#breadcrumb"},"inLanguage":"en-US","potentialAction":[{"@type":"ReadAction","target":["https:\/\/duncanshelley.com\/termek\/duncan-shelley-elzart-szovegek-ebook\/"]}]},{"@type":"ImageObject","inLanguage":"en-US","@id":"https:\/\/duncanshelley.com\/termek\/duncan-shelley-elzart-szovegek-ebook\/#primaryimage","url":"https:\/\/duncanshelley.com\/wp-content\/uploads\/elzart-szovegek.jpg","contentUrl":"https:\/\/duncanshelley.com\/wp-content\/uploads\/elzart-szovegek.jpg","width":300,"height":475,"caption":"Elzart Szovegek"},{"@type":"BreadcrumbList","@id":"https:\/\/duncanshelley.com\/termek\/duncan-shelley-elzart-szovegek-ebook\/#breadcrumb","itemListElement":[{"@type":"ListItem","position":1,"name":"Kezd\u0151lap","item":"https:\/\/duncanshelley.com\/"},{"@type":"ListItem","position":2,"name":"Webshop","item":"https:\/\/duncanshelley.com\/webshop\/"},{"@type":"ListItem","position":3,"name":"Duncan Shelley &#8211; Elza\u0301rt szo\u0308vegek (eBook)"}]},{"@type":"WebSite","@id":"https:\/\/duncanshelley.com\/#website","url":"https:\/\/duncanshelley.com\/","name":"Duncan Shelley K\u00f6nyvesbolt","description":"","potentialAction":[{"@type":"SearchAction","target":{"@type":"EntryPoint","urlTemplate":"https:\/\/duncanshelley.com\/?s={search_term_string}"},"query-input":{"@type":"PropertyValueSpecification","valueRequired":true,"valueName":"search_term_string"}}],"inLanguage":"en-US"}]}},"_links":{"self":[{"href":"https:\/\/duncanshelley.com\/en\/wp-json\/wp\/v2\/product\/24430","targetHints":{"allow":["GET"]}}],"collection":[{"href":"https:\/\/duncanshelley.com\/en\/wp-json\/wp\/v2\/product"}],"about":[{"href":"https:\/\/duncanshelley.com\/en\/wp-json\/wp\/v2\/types\/product"}],"replies":[{"embeddable":true,"href":"https:\/\/duncanshelley.com\/en\/wp-json\/wp\/v2\/comments?post=24430"}],"wp:featuredmedia":[{"embeddable":true,"href":"https:\/\/duncanshelley.com\/en\/wp-json\/wp\/v2\/media\/20623"}],"wp:attachment":[{"href":"https:\/\/duncanshelley.com\/en\/wp-json\/wp\/v2\/media?parent=24430"}],"wp:term":[{"taxonomy":"product_brand","embeddable":true,"href":"https:\/\/duncanshelley.com\/en\/wp-json\/wp\/v2\/product_brand?post=24430"},{"taxonomy":"product_cat","embeddable":true,"href":"https:\/\/duncanshelley.com\/en\/wp-json\/wp\/v2\/product_cat?post=24430"},{"taxonomy":"product_tag","embeddable":true,"href":"https:\/\/duncanshelley.com\/en\/wp-json\/wp\/v2\/product_tag?post=24430"}],"curies":[{"name":"wp","href":"https:\/\/api.w.org\/{rel}","templated":true}]}}