{"id":23294,"date":"2024-05-07T19:32:25","date_gmt":"2024-05-07T17:32:25","guid":{"rendered":"https:\/\/duncanshelley.com\/?post_type=product&#038;p=23294"},"modified":"2025-09-10T21:55:15","modified_gmt":"2025-09-10T19:55:15","slug":"julius-andan-a-regi-vilag-elveszett","status":"publish","type":"product","link":"https:\/\/duncanshelley.com\/en\/product\/julius-andan-a-regi-vilag-elveszett\/","title":{"rendered":"Julius Andan &#8211; A r\u00e9gi vil\u00e1g elveszett"},"content":{"rendered":"","protected":false},"excerpt":{"rendered":"<p>A fejl\u0151d\u00e9s, a divat \u00e9s a marketing olyan vil\u00e1got eredm\u00e9nyezett, amelyben folyamatosan minden felett elj\u00e1r az id\u0151. Tagadhatatlan, hogy az elavul\u00e1s egy r\u00e9sze csup\u00e1n ill\u00fazi\u00f3, egy m\u00e1sik r\u00e9sz\u00e9ben azonban val\u00f3s. Az ember egyik legf\u0151bb konfliktusa abban \u00e1ll, hogy k\u00e9ptelen lek\u00f6vetni az elavul\u00e1st, hogy nem veszi \u00e9szre, hogy a saj\u00e1t vil\u00e1gl\u00e1t\u00e1sa, \u00e9letstrat\u00e9gi\u00e1ja, hozz\u00e1\u00e1ll\u00e1sa \u00e9s reakci\u00f3i felett is elj\u00e1rt az id\u0151. Ennek pedig az a k\u00f6vetkezm\u00e9nye, hogy a t\u00f6bbs\u00e9g egyre nagyobb h\u00e1tr\u00e1nyba ker\u00fcl azzal a kisebbs\u00e9ggel szemben, amely k\u00e9pes \u00e9s hajland\u00f3 folyamatosan fel\u00fclvizsg\u00e1lni \u00f6nmaga gondolati konstrukci\u00f3it, \u00e9s korrig\u00e1lni azokat, ha a k\u00f6rnyezet ezt sz\u00fcks\u00e9gess\u00e9 teszi.<\/p>","protected":false},"featured_media":23295,"comment_status":"closed","ping_status":"closed","template":"","meta":{"_acf_changed":false,"_genesis_hide_title":false,"_genesis_hide_breadcrumbs":false,"_genesis_hide_singular_image":false,"_genesis_hide_footer_widgets":false,"_genesis_custom_body_class":"","_genesis_custom_post_class":"","_genesis_layout":""},"product_brand":[],"product_cat":[168],"product_tag":[],"class_list":{"0":"post-23294","1":"product","2":"type-product","3":"status-publish","4":"has-post-thumbnail","6":"product_cat-andan-konyvek","7":"entry","9":"first","10":"instock","11":"taxable","12":"shipping-taxable","13":"purchasable","14":"product-type-simple"},"acf":[],"yoast_head":"<!-- This site is optimized with the Yoast SEO Premium plugin v27.5 (Yoast SEO v27.5) - https:\/\/yoast.com\/product\/yoast-seo-premium-wordpress\/ -->\n<title>Julius Andan - A r\u00e9gi vil\u00e1g elveszett - Duncan Shelley K\u00f6nyvesbolt<\/title>\n<meta name=\"robots\" content=\"index, follow, max-snippet:-1, max-image-preview:large, max-video-preview:-1\" \/>\n<link rel=\"canonical\" href=\"https:\/\/duncanshelley.com\/en\/product\/julius-andan-a-regi-vilag-elveszett\/\" \/>\n<meta property=\"og:locale\" content=\"en_US\" \/>\n<meta property=\"og:type\" content=\"article\" \/>\n<meta property=\"og:title\" content=\"Julius Andan - A r\u00e9gi vil\u00e1g elveszett\" \/>\n<meta property=\"og:description\" content=\"A fejl\u0151d\u00e9s, a divat \u00e9s a marketing olyan vil\u00e1got eredm\u00e9nyezett, amelyben folyamatosan minden felett elj\u00e1r az id\u0151. Tagadhatatlan, hogy az elavul\u00e1s egy r\u00e9sze csup\u00e1n ill\u00fazi\u00f3, egy m\u00e1sik r\u00e9sz\u00e9ben azonban val\u00f3s. Az ember egyik legf\u0151bb konfliktusa abban \u00e1ll, hogy k\u00e9ptelen lek\u00f6vetni az elavul\u00e1st, hogy nem veszi \u00e9szre, hogy a saj\u00e1t vil\u00e1gl\u00e1t\u00e1sa, \u00e9letstrat\u00e9gi\u00e1ja, hozz\u00e1\u00e1ll\u00e1sa \u00e9s reakci\u00f3i felett is elj\u00e1rt az id\u0151. Ennek pedig az a k\u00f6vetkezm\u00e9nye, hogy a t\u00f6bbs\u00e9g egyre nagyobb h\u00e1tr\u00e1nyba ker\u00fcl azzal a kisebbs\u00e9ggel szemben, amely k\u00e9pes \u00e9s hajland\u00f3 folyamatosan fel\u00fclvizsg\u00e1lni \u00f6nmaga gondolati konstrukci\u00f3it, \u00e9s korrig\u00e1lni azokat, ha a k\u00f6rnyezet ezt sz\u00fcks\u00e9gess\u00e9 teszi.\" \/>\n<meta property=\"og:url\" content=\"https:\/\/duncanshelley.com\/en\/product\/julius-andan-a-regi-vilag-elveszett\/\" \/>\n<meta property=\"og:site_name\" content=\"Duncan Shelley K\u00f6nyvesbolt\" \/>\n<meta property=\"article:modified_time\" content=\"2025-09-10T19:55:15+00:00\" \/>\n<meta property=\"og:image\" content=\"https:\/\/duncanshelley.com\/wp-content\/uploads\/Julius-Andan-A-regi-vilag-elveszett.jpg\" \/>\n\t<meta property=\"og:image:width\" content=\"600\" \/>\n\t<meta property=\"og:image:height\" content=\"950\" \/>\n\t<meta property=\"og:image:type\" content=\"image\/jpeg\" \/>\n<meta name=\"twitter:label1\" content=\"Est. reading time\" \/>\n\t<meta name=\"twitter:data1\" content=\"1 minute\" \/>\n<script type=\"application\/ld+json\" class=\"yoast-schema-graph\">{\"@context\":\"https:\\\/\\\/schema.org\",\"@graph\":[{\"@type\":\"WebPage\",\"@id\":\"https:\\\/\\\/duncanshelley.com\\\/termek\\\/julius-andan-a-regi-vilag-elveszett\\\/\",\"url\":\"https:\\\/\\\/duncanshelley.com\\\/termek\\\/julius-andan-a-regi-vilag-elveszett\\\/\",\"name\":\"Julius Andan - A r\u00e9gi vil\u00e1g elveszett - Duncan Shelley K\u00f6nyvesbolt\",\"isPartOf\":{\"@id\":\"https:\\\/\\\/duncanshelley.com\\\/#website\"},\"primaryImageOfPage\":{\"@id\":\"https:\\\/\\\/duncanshelley.com\\\/termek\\\/julius-andan-a-regi-vilag-elveszett\\\/#primaryimage\"},\"image\":{\"@id\":\"https:\\\/\\\/duncanshelley.com\\\/termek\\\/julius-andan-a-regi-vilag-elveszett\\\/#primaryimage\"},\"thumbnailUrl\":\"https:\\\/\\\/duncanshelley.com\\\/wp-content\\\/uploads\\\/Julius-Andan-A-regi-vilag-elveszett.jpg\",\"datePublished\":\"2024-05-07T17:32:25+00:00\",\"dateModified\":\"2025-09-10T19:55:15+00:00\",\"breadcrumb\":{\"@id\":\"https:\\\/\\\/duncanshelley.com\\\/termek\\\/julius-andan-a-regi-vilag-elveszett\\\/#breadcrumb\"},\"inLanguage\":\"en-US\",\"potentialAction\":[{\"@type\":\"ReadAction\",\"target\":[\"https:\\\/\\\/duncanshelley.com\\\/termek\\\/julius-andan-a-regi-vilag-elveszett\\\/\"]}]},{\"@type\":\"ImageObject\",\"inLanguage\":\"en-US\",\"@id\":\"https:\\\/\\\/duncanshelley.com\\\/termek\\\/julius-andan-a-regi-vilag-elveszett\\\/#primaryimage\",\"url\":\"https:\\\/\\\/duncanshelley.com\\\/wp-content\\\/uploads\\\/Julius-Andan-A-regi-vilag-elveszett.jpg\",\"contentUrl\":\"https:\\\/\\\/duncanshelley.com\\\/wp-content\\\/uploads\\\/Julius-Andan-A-regi-vilag-elveszett.jpg\",\"width\":600,\"height\":950,\"caption\":\"Julius Andan A Re\u0301gi Vila\u0301g Elveszett\"},{\"@type\":\"BreadcrumbList\",\"@id\":\"https:\\\/\\\/duncanshelley.com\\\/termek\\\/julius-andan-a-regi-vilag-elveszett\\\/#breadcrumb\",\"itemListElement\":[{\"@type\":\"ListItem\",\"position\":1,\"name\":\"Kezd\u0151lap\",\"item\":\"https:\\\/\\\/duncanshelley.com\\\/\"},{\"@type\":\"ListItem\",\"position\":2,\"name\":\"Webshop\",\"item\":\"https:\\\/\\\/duncanshelley.com\\\/webshop\\\/\"},{\"@type\":\"ListItem\",\"position\":3,\"name\":\"Julius Andan &#8211; A r\u00e9gi vil\u00e1g elveszett\"}]},{\"@type\":\"WebSite\",\"@id\":\"https:\\\/\\\/duncanshelley.com\\\/#website\",\"url\":\"https:\\\/\\\/duncanshelley.com\\\/\",\"name\":\"Duncan Shelley K\u00f6nyvesbolt\",\"description\":\"\",\"potentialAction\":[{\"@type\":\"SearchAction\",\"target\":{\"@type\":\"EntryPoint\",\"urlTemplate\":\"https:\\\/\\\/duncanshelley.com\\\/?s={search_term_string}\"},\"query-input\":{\"@type\":\"PropertyValueSpecification\",\"valueRequired\":true,\"valueName\":\"search_term_string\"}}],\"inLanguage\":\"en-US\"}]}<\/script>\n<!-- \/ Yoast SEO Premium plugin. -->","yoast_head_json":{"title":"Julius Andan - A r\u00e9gi vil\u00e1g elveszett - Duncan Shelley K\u00f6nyvesbolt","robots":{"index":"index","follow":"follow","max-snippet":"max-snippet:-1","max-image-preview":"max-image-preview:large","max-video-preview":"max-video-preview:-1"},"canonical":"https:\/\/duncanshelley.com\/en\/product\/julius-andan-a-regi-vilag-elveszett\/","og_locale":"en_US","og_type":"article","og_title":"Julius Andan - A r\u00e9gi vil\u00e1g elveszett","og_description":"A fejl\u0151d\u00e9s, a divat \u00e9s a marketing olyan vil\u00e1got eredm\u00e9nyezett, amelyben folyamatosan minden felett elj\u00e1r az id\u0151. Tagadhatatlan, hogy az elavul\u00e1s egy r\u00e9sze csup\u00e1n ill\u00fazi\u00f3, egy m\u00e1sik r\u00e9sz\u00e9ben azonban val\u00f3s. Az ember egyik legf\u0151bb konfliktusa abban \u00e1ll, hogy k\u00e9ptelen lek\u00f6vetni az elavul\u00e1st, hogy nem veszi \u00e9szre, hogy a saj\u00e1t vil\u00e1gl\u00e1t\u00e1sa, \u00e9letstrat\u00e9gi\u00e1ja, hozz\u00e1\u00e1ll\u00e1sa \u00e9s reakci\u00f3i felett is elj\u00e1rt az id\u0151. Ennek pedig az a k\u00f6vetkezm\u00e9nye, hogy a t\u00f6bbs\u00e9g egyre nagyobb h\u00e1tr\u00e1nyba ker\u00fcl azzal a kisebbs\u00e9ggel szemben, amely k\u00e9pes \u00e9s hajland\u00f3 folyamatosan fel\u00fclvizsg\u00e1lni \u00f6nmaga gondolati konstrukci\u00f3it, \u00e9s korrig\u00e1lni azokat, ha a k\u00f6rnyezet ezt sz\u00fcks\u00e9gess\u00e9 teszi.","og_url":"https:\/\/duncanshelley.com\/en\/product\/julius-andan-a-regi-vilag-elveszett\/","og_site_name":"Duncan Shelley K\u00f6nyvesbolt","article_modified_time":"2025-09-10T19:55:15+00:00","og_image":[{"width":600,"height":950,"url":"https:\/\/duncanshelley.com\/wp-content\/uploads\/Julius-Andan-A-regi-vilag-elveszett.jpg","type":"image\/jpeg"}],"twitter_misc":{"Est. reading time":"1 minute"},"schema":{"@context":"https:\/\/schema.org","@graph":[{"@type":"WebPage","@id":"https:\/\/duncanshelley.com\/termek\/julius-andan-a-regi-vilag-elveszett\/","url":"https:\/\/duncanshelley.com\/termek\/julius-andan-a-regi-vilag-elveszett\/","name":"Julius Andan - A r\u00e9gi vil\u00e1g elveszett - Duncan Shelley K\u00f6nyvesbolt","isPartOf":{"@id":"https:\/\/duncanshelley.com\/#website"},"primaryImageOfPage":{"@id":"https:\/\/duncanshelley.com\/termek\/julius-andan-a-regi-vilag-elveszett\/#primaryimage"},"image":{"@id":"https:\/\/duncanshelley.com\/termek\/julius-andan-a-regi-vilag-elveszett\/#primaryimage"},"thumbnailUrl":"https:\/\/duncanshelley.com\/wp-content\/uploads\/Julius-Andan-A-regi-vilag-elveszett.jpg","datePublished":"2024-05-07T17:32:25+00:00","dateModified":"2025-09-10T19:55:15+00:00","breadcrumb":{"@id":"https:\/\/duncanshelley.com\/termek\/julius-andan-a-regi-vilag-elveszett\/#breadcrumb"},"inLanguage":"en-US","potentialAction":[{"@type":"ReadAction","target":["https:\/\/duncanshelley.com\/termek\/julius-andan-a-regi-vilag-elveszett\/"]}]},{"@type":"ImageObject","inLanguage":"en-US","@id":"https:\/\/duncanshelley.com\/termek\/julius-andan-a-regi-vilag-elveszett\/#primaryimage","url":"https:\/\/duncanshelley.com\/wp-content\/uploads\/Julius-Andan-A-regi-vilag-elveszett.jpg","contentUrl":"https:\/\/duncanshelley.com\/wp-content\/uploads\/Julius-Andan-A-regi-vilag-elveszett.jpg","width":600,"height":950,"caption":"Julius Andan A Re\u0301gi Vila\u0301g Elveszett"},{"@type":"BreadcrumbList","@id":"https:\/\/duncanshelley.com\/termek\/julius-andan-a-regi-vilag-elveszett\/#breadcrumb","itemListElement":[{"@type":"ListItem","position":1,"name":"Kezd\u0151lap","item":"https:\/\/duncanshelley.com\/"},{"@type":"ListItem","position":2,"name":"Webshop","item":"https:\/\/duncanshelley.com\/webshop\/"},{"@type":"ListItem","position":3,"name":"Julius Andan &#8211; A r\u00e9gi vil\u00e1g elveszett"}]},{"@type":"WebSite","@id":"https:\/\/duncanshelley.com\/#website","url":"https:\/\/duncanshelley.com\/","name":"Duncan Shelley K\u00f6nyvesbolt","description":"","potentialAction":[{"@type":"SearchAction","target":{"@type":"EntryPoint","urlTemplate":"https:\/\/duncanshelley.com\/?s={search_term_string}"},"query-input":{"@type":"PropertyValueSpecification","valueRequired":true,"valueName":"search_term_string"}}],"inLanguage":"en-US"}]}},"_links":{"self":[{"href":"https:\/\/duncanshelley.com\/en\/wp-json\/wp\/v2\/product\/23294","targetHints":{"allow":["GET"]}}],"collection":[{"href":"https:\/\/duncanshelley.com\/en\/wp-json\/wp\/v2\/product"}],"about":[{"href":"https:\/\/duncanshelley.com\/en\/wp-json\/wp\/v2\/types\/product"}],"replies":[{"embeddable":true,"href":"https:\/\/duncanshelley.com\/en\/wp-json\/wp\/v2\/comments?post=23294"}],"wp:featuredmedia":[{"embeddable":true,"href":"https:\/\/duncanshelley.com\/en\/wp-json\/wp\/v2\/media\/23295"}],"wp:attachment":[{"href":"https:\/\/duncanshelley.com\/en\/wp-json\/wp\/v2\/media?parent=23294"}],"wp:term":[{"taxonomy":"product_brand","embeddable":true,"href":"https:\/\/duncanshelley.com\/en\/wp-json\/wp\/v2\/product_brand?post=23294"},{"taxonomy":"product_cat","embeddable":true,"href":"https:\/\/duncanshelley.com\/en\/wp-json\/wp\/v2\/product_cat?post=23294"},{"taxonomy":"product_tag","embeddable":true,"href":"https:\/\/duncanshelley.com\/en\/wp-json\/wp\/v2\/product_tag?post=23294"}],"curies":[{"name":"wp","href":"https:\/\/api.w.org\/{rel}","templated":true}]}}