{"id":2044,"date":"2022-02-26T14:02:21","date_gmt":"2022-02-26T13:02:21","guid":{"rendered":"https:\/\/brookskiado.hu\/?post_type=product&#038;p=2044"},"modified":"2026-02-15T12:48:37","modified_gmt":"2026-02-15T11:48:37","slug":"julius-andan-csomag","status":"publish","type":"product","link":"https:\/\/duncanshelley.com\/en\/product\/julius-andan-csomag\/","title":{"rendered":"Julius Andan csomag"},"content":{"rendered":"<p>Fent vagy a Facebookon? V\u00e1runk tov\u00e1bbi \u00e9rt\u00e9kes tartalmak\u00e9rt <strong><a href=\"https:\/\/www.facebook.com\/realandan\/\" target=\"_blank\" rel=\"noopener\">Julius Andan oldal\u00e1n<\/a><\/strong>.<\/p>\n<p>Ne felejts el feliratkozni a <a href=\"https:\/\/duncanshelley.com\/en\/titkos-tarsasag-regisztracio\/\" target=\"_blank\" rel=\"noopener\"><strong>Titkos T\u00e1rsas\u00e1gba<\/strong><\/a>, ahol heti egyszer tov\u00e1bbi hasznos inform\u00e1ci\u00f3kat, n\u00e9z\u0151pontokat \u00e9s aktualit\u00e1sokat olvashatsz.<\/p>","protected":false},"excerpt":{"rendered":"<p>Julius Andan az <a href=\"https:\/\/duncanshelley.com\/en\/product\/elme-gyilkosai-trilogia-csomag\/\" target=\"_blank\" rel=\"noopener\"><strong>Elme gyilkosai tril\u00f3gia<\/strong><\/a> egyik legfontosabb szerepl\u0151je, aki 25 \u00e9ven \u00e1t a vil\u00e1g legprofibb hivat\u00e1sos hazudoz\u00f3ja volt. Mesterien kidolgozott, a c\u00e9lcsoportra finomhangolt hazugs\u00e1gaival ipar\u00e1gakat rogyasztottak meg, k\u00e1ros term\u00e9keket \u00e9s ideol\u00f3gi\u00e1kat adtak el, tudom\u00e1nyos projekteket sorvasztottak el vagy futtattak fel, a megrendel\u0151 k\u00edv\u00e1ns\u00e1ga szerint.<\/p>\n<p>Aki nem teljesen menthetetlen, ann\u00e1l elj\u00f6n az a pont, ahol meghasonlik \u00f6nmag\u00e1val, \u00e9s v\u00e1lasz\u00fat el\u00e9 ker\u00fcl: folytassa-e tov\u00e1bb, vagy \u00faj utat keressen.<\/p>\n<p>A sz\u00e1mtalan b\u0171nnel roppant neh\u00e9z szemben\u00e9zni, Andan is s\u00f6t\u00e9t elm\u00e9lked\u00e9sre k\u00e9nyszer\u00edtette mag\u00e1t hal\u00e1nt\u00e9k\u00e1hoz szor\u00edtott revolverrel. V\u00e9g\u00fcl \u00fagy d\u00f6nt\u00f6tt, menti, ami m\u00e9g menthet\u0151, \u00e9s leleplezte azt a szervezetet, aminek negyed \u00e9vsz\u00e1zadon \u00e1t h\u0171 szolg\u00e1l\u00f3ja volt.<\/p>\n<p>Julius Andan a mi vil\u00e1gunkban, melyben nem kital\u00e1lt szem\u00e9ly, adatb\u00e1ny\u00e1sz-adatelemz\u0151, aki a politik\u00e1t\u00f3l a gazdas\u00e1gon \u00e1t a tudom\u00e1nyig \u00e9s az el\u0151tt\u00fcnk \u00e1ll\u00f3 lehets\u00e9ges j\u00f6v\u0151kig alkotja meg egyedi koncepci\u00f3it, melyeket k\u00f6nyvei \u00e9s cikkei tartalmaznak. Jelszava, hogy mindenr\u0151l maga alkot v\u00e9lem\u00e9nyt \u00e9s nem fogad el el\u0151re gy\u00e1rtott v\u00e1laszokat.<\/p>\n<p><strong>A csomag k\u00f6tetei<\/strong><\/p>\n<p>&#8211; <a href=\"https:\/\/duncanshelley.com\/en\/product\/julius-andan-a-regi-vilag-elveszett\/\">Julius Andan &#8211; A r\u00e9gi vil\u00e1g elveszett<\/a><\/p>\n<p>&#8211; <a href=\"https:\/\/duncanshelley.com\/en\/product\/julius-andan-a-vilag-a-szinfalak-mogott\/\" target=\"_blank\" rel=\"noopener\"><span style=\"text-decoration: underline;\">Julius Andan: A vil\u00e1g a sz\u00ednfalak m\u00f6g\u00f6tt<\/span><\/a><\/p>\n<p>&#8211; <a href=\"https:\/\/duncanshelley.com\/en\/product\/julius-andan-elet-rendszerben\/\" target=\"_blank\" rel=\"noopener\"><span style=\"text-decoration: underline;\">Julius Andan: \u00c9let a rendszerben<\/span><\/a><\/p>\n<p>&#8211; <a href=\"https:\/\/duncanshelley.com\/en\/product\/julius-andan-uj-elet-uj-vilag\/\" target=\"_blank\" rel=\"noopener\"><span style=\"text-decoration: underline;\">Julius Andan: \u00daj \u00e9let \u2013 \u00daj vil\u00e1g<\/span><\/a><\/p>","protected":false},"featured_media":23298,"comment_status":"closed","ping_status":"closed","template":"","meta":{"_acf_changed":false,"_genesis_hide_title":false,"_genesis_hide_breadcrumbs":false,"_genesis_hide_singular_image":false,"_genesis_hide_footer_widgets":false,"_genesis_custom_body_class":"","_genesis_custom_post_class":"","_genesis_layout":""},"product_brand":[],"product_cat":[168,27],"product_tag":[],"class_list":{"0":"post-2044","1":"product","2":"type-product","3":"status-publish","4":"has-post-thumbnail","6":"product_cat-andan-konyvek","7":"product_cat-konteo-konyvek","8":"entry","10":"first","11":"instock","12":"sale","13":"taxable","14":"shipping-taxable","15":"purchasable","16":"product-type-simple"},"acf":[],"yoast_head":"<!-- This site is optimized with the Yoast SEO Premium plugin v27.5 (Yoast SEO v27.5) - https:\/\/yoast.com\/product\/yoast-seo-premium-wordpress\/ -->\n<title>Julius Andan csomag - Duncan Shelley K\u00f6nyvesbolt<\/title>\n<meta name=\"description\" content=\"A Julius Andan k\u00f6nyvek le\u00edrj\u00e1k a minket k\u00f6r\u00fclvev\u0151 rendszer m\u0171k\u00f6d\u00e9s\u00e9nek alapelveit, valamint megold\u00e1st \u00e9s \u00fatir\u00e1nyt k\u00edn\u00e1lnak.\" \/>\n<meta name=\"robots\" content=\"index, follow, max-snippet:-1, max-image-preview:large, max-video-preview:-1\" \/>\n<link rel=\"canonical\" href=\"https:\/\/duncanshelley.com\/en\/product\/julius-andan-csomag\/\" \/>\n<meta property=\"og:locale\" content=\"en_US\" \/>\n<meta property=\"og:type\" content=\"article\" \/>\n<meta property=\"og:title\" content=\"Julius Andan csomag\" \/>\n<meta property=\"og:description\" content=\"A Julius Andan k\u00f6nyvek le\u00edrj\u00e1k a minket k\u00f6r\u00fclvev\u0151 rendszer m\u0171k\u00f6d\u00e9s\u00e9nek alapelveit, valamint megold\u00e1st \u00e9s \u00fatir\u00e1nyt k\u00edn\u00e1lnak.\" \/>\n<meta property=\"og:url\" content=\"https:\/\/duncanshelley.com\/en\/product\/julius-andan-csomag\/\" \/>\n<meta property=\"og:site_name\" content=\"Duncan Shelley K\u00f6nyvesbolt\" \/>\n<meta property=\"article:modified_time\" content=\"2026-02-15T11:48:37+00:00\" \/>\n<meta property=\"og:image\" content=\"https:\/\/duncanshelley.com\/wp-content\/uploads\/andan-csomag-3.jpg\" \/>\n\t<meta property=\"og:image:width\" content=\"600\" \/>\n\t<meta property=\"og:image:height\" content=\"950\" \/>\n\t<meta property=\"og:image:type\" content=\"image\/jpeg\" \/>\n<meta name=\"twitter:label1\" content=\"Est. reading time\" \/>\n\t<meta name=\"twitter:data1\" content=\"1 minute\" \/>\n<script type=\"application\/ld+json\" class=\"yoast-schema-graph\">{\"@context\":\"https:\\\/\\\/schema.org\",\"@graph\":[{\"@type\":\"WebPage\",\"@id\":\"https:\\\/\\\/duncanshelley.com\\\/termek\\\/julius-andan-csomag\\\/\",\"url\":\"https:\\\/\\\/duncanshelley.com\\\/termek\\\/julius-andan-csomag\\\/\",\"name\":\"Julius Andan csomag - Duncan Shelley K\u00f6nyvesbolt\",\"isPartOf\":{\"@id\":\"https:\\\/\\\/duncanshelley.com\\\/#website\"},\"primaryImageOfPage\":{\"@id\":\"https:\\\/\\\/duncanshelley.com\\\/termek\\\/julius-andan-csomag\\\/#primaryimage\"},\"image\":{\"@id\":\"https:\\\/\\\/duncanshelley.com\\\/termek\\\/julius-andan-csomag\\\/#primaryimage\"},\"thumbnailUrl\":\"https:\\\/\\\/duncanshelley.com\\\/wp-content\\\/uploads\\\/andan-csomag-3.jpg\",\"datePublished\":\"2022-02-26T13:02:21+00:00\",\"dateModified\":\"2026-02-15T11:48:37+00:00\",\"description\":\"A Julius Andan k\u00f6nyvek le\u00edrj\u00e1k a minket k\u00f6r\u00fclvev\u0151 rendszer m\u0171k\u00f6d\u00e9s\u00e9nek alapelveit, valamint megold\u00e1st \u00e9s \u00fatir\u00e1nyt k\u00edn\u00e1lnak.\",\"breadcrumb\":{\"@id\":\"https:\\\/\\\/duncanshelley.com\\\/termek\\\/julius-andan-csomag\\\/#breadcrumb\"},\"inLanguage\":\"en-US\",\"potentialAction\":[{\"@type\":\"ReadAction\",\"target\":[\"https:\\\/\\\/duncanshelley.com\\\/termek\\\/julius-andan-csomag\\\/\"]}]},{\"@type\":\"ImageObject\",\"inLanguage\":\"en-US\",\"@id\":\"https:\\\/\\\/duncanshelley.com\\\/termek\\\/julius-andan-csomag\\\/#primaryimage\",\"url\":\"https:\\\/\\\/duncanshelley.com\\\/wp-content\\\/uploads\\\/andan-csomag-3.jpg\",\"contentUrl\":\"https:\\\/\\\/duncanshelley.com\\\/wp-content\\\/uploads\\\/andan-csomag-3.jpg\",\"width\":600,\"height\":950,\"caption\":\"Andan Csomag\"},{\"@type\":\"BreadcrumbList\",\"@id\":\"https:\\\/\\\/duncanshelley.com\\\/termek\\\/julius-andan-csomag\\\/#breadcrumb\",\"itemListElement\":[{\"@type\":\"ListItem\",\"position\":1,\"name\":\"Kezd\u0151lap\",\"item\":\"https:\\\/\\\/duncanshelley.com\\\/\"},{\"@type\":\"ListItem\",\"position\":2,\"name\":\"Webshop\",\"item\":\"https:\\\/\\\/duncanshelley.com\\\/webshop\\\/\"},{\"@type\":\"ListItem\",\"position\":3,\"name\":\"Julius Andan csomag\"}]},{\"@type\":\"WebSite\",\"@id\":\"https:\\\/\\\/duncanshelley.com\\\/#website\",\"url\":\"https:\\\/\\\/duncanshelley.com\\\/\",\"name\":\"Duncan Shelley K\u00f6nyvesbolt\",\"description\":\"\",\"potentialAction\":[{\"@type\":\"SearchAction\",\"target\":{\"@type\":\"EntryPoint\",\"urlTemplate\":\"https:\\\/\\\/duncanshelley.com\\\/?s={search_term_string}\"},\"query-input\":{\"@type\":\"PropertyValueSpecification\",\"valueRequired\":true,\"valueName\":\"search_term_string\"}}],\"inLanguage\":\"en-US\"}]}<\/script>\n<!-- \/ Yoast SEO Premium plugin. -->","yoast_head_json":{"title":"Julius Andan csomag - Duncan Shelley K\u00f6nyvesbolt","description":"A Julius Andan k\u00f6nyvek le\u00edrj\u00e1k a minket k\u00f6r\u00fclvev\u0151 rendszer m\u0171k\u00f6d\u00e9s\u00e9nek alapelveit, valamint megold\u00e1st \u00e9s \u00fatir\u00e1nyt k\u00edn\u00e1lnak.","robots":{"index":"index","follow":"follow","max-snippet":"max-snippet:-1","max-image-preview":"max-image-preview:large","max-video-preview":"max-video-preview:-1"},"canonical":"https:\/\/duncanshelley.com\/en\/product\/julius-andan-csomag\/","og_locale":"en_US","og_type":"article","og_title":"Julius Andan csomag","og_description":"A Julius Andan k\u00f6nyvek le\u00edrj\u00e1k a minket k\u00f6r\u00fclvev\u0151 rendszer m\u0171k\u00f6d\u00e9s\u00e9nek alapelveit, valamint megold\u00e1st \u00e9s \u00fatir\u00e1nyt k\u00edn\u00e1lnak.","og_url":"https:\/\/duncanshelley.com\/en\/product\/julius-andan-csomag\/","og_site_name":"Duncan Shelley K\u00f6nyvesbolt","article_modified_time":"2026-02-15T11:48:37+00:00","og_image":[{"width":600,"height":950,"url":"https:\/\/duncanshelley.com\/wp-content\/uploads\/andan-csomag-3.jpg","type":"image\/jpeg"}],"twitter_misc":{"Est. reading time":"1 minute"},"schema":{"@context":"https:\/\/schema.org","@graph":[{"@type":"WebPage","@id":"https:\/\/duncanshelley.com\/termek\/julius-andan-csomag\/","url":"https:\/\/duncanshelley.com\/termek\/julius-andan-csomag\/","name":"Julius Andan csomag - Duncan Shelley K\u00f6nyvesbolt","isPartOf":{"@id":"https:\/\/duncanshelley.com\/#website"},"primaryImageOfPage":{"@id":"https:\/\/duncanshelley.com\/termek\/julius-andan-csomag\/#primaryimage"},"image":{"@id":"https:\/\/duncanshelley.com\/termek\/julius-andan-csomag\/#primaryimage"},"thumbnailUrl":"https:\/\/duncanshelley.com\/wp-content\/uploads\/andan-csomag-3.jpg","datePublished":"2022-02-26T13:02:21+00:00","dateModified":"2026-02-15T11:48:37+00:00","description":"A Julius Andan k\u00f6nyvek le\u00edrj\u00e1k a minket k\u00f6r\u00fclvev\u0151 rendszer m\u0171k\u00f6d\u00e9s\u00e9nek alapelveit, valamint megold\u00e1st \u00e9s \u00fatir\u00e1nyt k\u00edn\u00e1lnak.","breadcrumb":{"@id":"https:\/\/duncanshelley.com\/termek\/julius-andan-csomag\/#breadcrumb"},"inLanguage":"en-US","potentialAction":[{"@type":"ReadAction","target":["https:\/\/duncanshelley.com\/termek\/julius-andan-csomag\/"]}]},{"@type":"ImageObject","inLanguage":"en-US","@id":"https:\/\/duncanshelley.com\/termek\/julius-andan-csomag\/#primaryimage","url":"https:\/\/duncanshelley.com\/wp-content\/uploads\/andan-csomag-3.jpg","contentUrl":"https:\/\/duncanshelley.com\/wp-content\/uploads\/andan-csomag-3.jpg","width":600,"height":950,"caption":"Andan Csomag"},{"@type":"BreadcrumbList","@id":"https:\/\/duncanshelley.com\/termek\/julius-andan-csomag\/#breadcrumb","itemListElement":[{"@type":"ListItem","position":1,"name":"Kezd\u0151lap","item":"https:\/\/duncanshelley.com\/"},{"@type":"ListItem","position":2,"name":"Webshop","item":"https:\/\/duncanshelley.com\/webshop\/"},{"@type":"ListItem","position":3,"name":"Julius Andan csomag"}]},{"@type":"WebSite","@id":"https:\/\/duncanshelley.com\/#website","url":"https:\/\/duncanshelley.com\/","name":"Duncan Shelley K\u00f6nyvesbolt","description":"","potentialAction":[{"@type":"SearchAction","target":{"@type":"EntryPoint","urlTemplate":"https:\/\/duncanshelley.com\/?s={search_term_string}"},"query-input":{"@type":"PropertyValueSpecification","valueRequired":true,"valueName":"search_term_string"}}],"inLanguage":"en-US"}]}},"_links":{"self":[{"href":"https:\/\/duncanshelley.com\/en\/wp-json\/wp\/v2\/product\/2044","targetHints":{"allow":["GET"]}}],"collection":[{"href":"https:\/\/duncanshelley.com\/en\/wp-json\/wp\/v2\/product"}],"about":[{"href":"https:\/\/duncanshelley.com\/en\/wp-json\/wp\/v2\/types\/product"}],"replies":[{"embeddable":true,"href":"https:\/\/duncanshelley.com\/en\/wp-json\/wp\/v2\/comments?post=2044"}],"wp:featuredmedia":[{"embeddable":true,"href":"https:\/\/duncanshelley.com\/en\/wp-json\/wp\/v2\/media\/23298"}],"wp:attachment":[{"href":"https:\/\/duncanshelley.com\/en\/wp-json\/wp\/v2\/media?parent=2044"}],"wp:term":[{"taxonomy":"product_brand","embeddable":true,"href":"https:\/\/duncanshelley.com\/en\/wp-json\/wp\/v2\/product_brand?post=2044"},{"taxonomy":"product_cat","embeddable":true,"href":"https:\/\/duncanshelley.com\/en\/wp-json\/wp\/v2\/product_cat?post=2044"},{"taxonomy":"product_tag","embeddable":true,"href":"https:\/\/duncanshelley.com\/en\/wp-json\/wp\/v2\/product_tag?post=2044"}],"curies":[{"name":"wp","href":"https:\/\/api.w.org\/{rel}","templated":true}]}}