{"id":19653,"date":"2023-03-16T17:38:47","date_gmt":"2023-03-16T16:38:47","guid":{"rendered":"https:\/\/duncanshelley.com\/?post_type=product&#038;p=19653"},"modified":"2025-09-10T21:41:35","modified_gmt":"2025-09-10T19:41:35","slug":"titkos-irasok-csomag","status":"publish","type":"product","link":"https:\/\/duncanshelley.com\/en\/product\/titkos-irasok-csomag\/","title":{"rendered":"Titkos \u00edr\u00e1sok csomag"},"content":{"rendered":"<p><strong>Elz\u00e1rt sz\u00f6vegek:<br \/>\n<\/strong>Besz\u00e9lget\u00e9sek k\u00e9nyes t\u00e9m\u00e1kr\u00f3l: A szolgafaj, 80 \u00e9v haldokl\u00e1s, L\u00e9lekj\u00e1tszm\u00e1k<\/p>\n<p>&#8222;Olyan 10 \u00e9ves koromban t\u00e1madt el\u0151sz\u00f6r az a gondolatom, hogy az \u00e9let nem lehet mind\u00f6ssze annyi, hogy iskola, munka, csal\u00e1d, \u00f6regs\u00e9g, betegs\u00e9g, hal\u00e1l. Ha ez minden, akkor semminek nincs \u00e9rtelme. Ha ez minden, akkor nem baj, ha egy \u00fcst\u00f6k\u00f6s belecsap\u00f3dik a F\u00f6ldbe, nem baj, ha a vil\u00e1g kifordul a sark\u00e1b\u00f3l.<\/p>\n<p>Ha az \u00e9let mind\u00f6sszesen annyi, hogy feln\u0151, majd meg\u00f6regszik, majd meghal a test, akkor az \u00e9letnek nincs \u00e9rtelme, \u00e9s teljesen \u00e9rt\u00e9ktelen.<\/p>\n<p>Abban az id\u0151ben k\u00f6r\u00fcl\u00f6ttem minden a materializmusr\u00f3l sz\u00f3lt, a vall\u00e1s templomokat jelentett, \u00e9s furcsa ruh\u00e1j\u00fa embereket. A tombol\u00f3 VHS-korszak hozta el az inform\u00e1ci\u00f3t arr\u00f3l, hogy m\u00e1s is van, illeg\u00e1lisan \u00e1rus\u00edtott, hangal\u00e1mond\u00e1sos, rossz min\u0151s\u00e9g\u0171 filmek form\u00e1j\u00e1ban. Fantasy \u00e9s horrorfilmek alak\u00edtott\u00e1k a vil\u00e1gk\u00e9pemet, \u00e9s tereltek valami m\u00e1s fel\u00e9. Valami olyan fel\u00e9, amit a szem nem k\u00e9pes megl\u00e1tni.<\/p>\n<p>A szolgafaj. 80 \u00e9v haldokl\u00e1s. L\u00e9lekj\u00e1tszm\u00e1k. Mindezid\u00e1ig egy weboldal m\u00e9ly\u00e9re, jelszavak m\u00f6g\u00e9 z\u00e1rt \u00edr\u00e1sok, melyek mintegy 2.000 oldalnyi vit\u00e1t gener\u00e1ltak a beavatottak k\u00f6r\u00e9ben.&#8221;<\/p>\n<p><strong>Glob\u00e1lis hatalom\u00e1tv\u00e9tel:<br \/>\n<\/strong>2030. okt\u00f3ber. A j\u00e1rv\u00e1nyok, v\u00e1ls\u00e1gok \u00e9s h\u00e1bor\u00fak \u00e1ltal megt\u00e9p\u00e1zott civiliz\u00e1ci\u00f3 \u00f6sszeomlott. A parancsnoki l\u00e1ncok sz\u00e9tszakadtak. Az emberis\u00e9g fell\u00e1zadt. Nincs t\u00f6rv\u00e9ny, nincs rend\u0151rs\u00e9g. Nincs internet, nincs \u00e1ram, nincs m\u00e9dia.<\/p>\n<div class=\"woocommerce-product-details__short-description\">\n<p>A szak\u00e9rt\u0151k d\u00f6bbenten \u00e1llnak a glob\u00e1lis esem\u00e9nyek el\u0151tt. N\u00e9h\u00e1ny nap alatt valamennyi orsz\u00e1g t\u00e9rdre rogyott. \u00dajabb j\u00e1rv\u00e1nyr\u00f3l besz\u00e9lnek, ami engedetlenn\u00e9 teszi a polg\u00e1rokat.<\/p>\n<p>A CIA egy menesztett elemz\u0151je 16 \u00e9vvel kor\u00e1bban megj\u00f3solta, mi fog t\u00f6rt\u00e9nni. A val\u00f3s\u00e1g legapr\u00f3bb r\u00e9szleteiben k\u00f6vette progn\u00f3zis\u00e1t. Hogyan j\u00f6tt r\u00e1, hogy mi fel\u00e9 tart a vil\u00e1g? Ki a felel\u0151s? Ki tette \u00e9s hogyan? Hogyan lehet vissza\u00e9p\u00edteni a vil\u00e1got?<\/p>\n<p>A t\u00f6rt\u00e9netet fikt\u00edv titkosszolg\u00e1lati jelent\u00e9sek mes\u00e9lik el.<\/p>\n<\/div>","protected":false},"excerpt":{"rendered":"<p>Napjaink aktu\u00e1lis, mindny\u00e1junkat \u00e9rint\u0151 t\u00e9m\u00e1it tartalmazza a k\u00e9t k\u00f6nyv. K\u00f6z\u00f6s mindkett\u0151ben, hogy m\u00e9lyen a felsz\u00edn alatti \u00f6sszef\u00fcgg\u00e9sek ker\u00fclnek felt\u00e1r\u00e1sra, ami \u00faj n\u00e9z\u0151pontot \u00e9s meg\u00e9rt\u00e9st ad a benn\u00fcnk \u00e9s k\u00f6r\u00fcl\u00f6tt\u00fcnk zajl\u00f3 jelens\u00e9gekre.<\/p>\n<p>A k\u00f6nyvcsomag a k\u00f6vetkez\u0151 k\u00e9t k\u00f6tetet tartalmazza:<\/p>\n<ul>\n<li><a href=\"https:\/\/duncanshelley.com\/en\/product\/duncan-shelley-elzart-szovegek\/\" target=\"_blank\" rel=\"noopener\">Duncan Shelley: Elz\u00e1rt sz\u00f6vegek<\/a> (V\u00e1rhat\u00f3 megjelen\u00e9s: 2023. \u00e1prilis 5.)<\/li>\n<li><a href=\"https:\/\/duncanshelley.com\/en\/product\/duncan-shelley-globalis-hatalomatvetel\/\" target=\"_blank\" rel=\"noopener\">Duncan Shelley: Glob\u00e1lis hatalom\u00e1tv\u00e9tel<\/a><\/li>\n<\/ul>","protected":false},"featured_media":19838,"comment_status":"closed","ping_status":"closed","template":"","meta":{"_acf_changed":false,"_genesis_hide_title":false,"_genesis_hide_breadcrumbs":false,"_genesis_hide_singular_image":false,"_genesis_hide_footer_widgets":false,"_genesis_custom_body_class":"","_genesis_custom_post_class":"","_genesis_layout":""},"product_brand":[],"product_cat":[27],"product_tag":[],"class_list":{"0":"post-19653","1":"product","2":"type-product","3":"status-publish","4":"has-post-thumbnail","6":"product_cat-konteo-konyvek","7":"entry","9":"first","10":"instock","11":"taxable","12":"shipping-taxable","13":"purchasable","14":"product-type-simple"},"acf":[],"yoast_head":"<!-- This site is optimized with the Yoast SEO Premium plugin v27.6 (Yoast SEO v27.6) - https:\/\/yoast.com\/product\/yoast-seo-premium-wordpress\/ -->\n<title>Titkos \u00edr\u00e1sok csomag - Duncan Shelley K\u00f6nyvesbolt<\/title>\n<meta name=\"description\" content=\"Duncan Shelley Titkos \u00edr\u00e1sok c\u00edm\u0171 k\u00f6nyvcsomagja tartalmazza az Elz\u00e1rt sz\u00f6vegek \u00e9s a Glob\u00e1lis hatalom\u00e1tv\u00e9tel c\u00edm\u0171 k\u00f6teteket.\" \/>\n<meta name=\"robots\" content=\"index, follow, max-snippet:-1, max-image-preview:large, max-video-preview:-1\" \/>\n<link rel=\"canonical\" href=\"https:\/\/duncanshelley.com\/en\/product\/titkos-irasok-csomag\/\" \/>\n<meta property=\"og:locale\" content=\"en_US\" \/>\n<meta property=\"og:type\" content=\"article\" \/>\n<meta property=\"og:title\" content=\"Titkos \u00edr\u00e1sok csomag\" \/>\n<meta property=\"og:description\" content=\"Duncan Shelley Titkos \u00edr\u00e1sok c\u00edm\u0171 k\u00f6nyvcsomagja tartalmazza az Elz\u00e1rt sz\u00f6vegek \u00e9s a Glob\u00e1lis hatalom\u00e1tv\u00e9tel c\u00edm\u0171 k\u00f6teteket.\" \/>\n<meta property=\"og:url\" content=\"https:\/\/duncanshelley.com\/en\/product\/titkos-irasok-csomag\/\" \/>\n<meta property=\"og:site_name\" content=\"Duncan Shelley K\u00f6nyvesbolt\" \/>\n<meta property=\"article:modified_time\" content=\"2025-09-10T19:41:35+00:00\" \/>\n<meta property=\"og:image\" content=\"https:\/\/duncanshelley.com\/wp-content\/uploads\/Titkos-irasok-csomag.jpg\" \/>\n\t<meta property=\"og:image:width\" content=\"349\" \/>\n\t<meta property=\"og:image:height\" content=\"549\" \/>\n\t<meta property=\"og:image:type\" content=\"image\/jpeg\" \/>\n<meta name=\"twitter:label1\" content=\"Est. reading time\" \/>\n\t<meta name=\"twitter:data1\" content=\"2 minutes\" \/>\n<script type=\"application\/ld+json\" class=\"yoast-schema-graph\">{\"@context\":\"https:\\\/\\\/schema.org\",\"@graph\":[{\"@type\":\"WebPage\",\"@id\":\"https:\\\/\\\/duncanshelley.com\\\/termek\\\/titkos-irasok-csomag\\\/\",\"url\":\"https:\\\/\\\/duncanshelley.com\\\/termek\\\/titkos-irasok-csomag\\\/\",\"name\":\"Titkos \u00edr\u00e1sok csomag - Duncan Shelley K\u00f6nyvesbolt\",\"isPartOf\":{\"@id\":\"https:\\\/\\\/duncanshelley.com\\\/#website\"},\"primaryImageOfPage\":{\"@id\":\"https:\\\/\\\/duncanshelley.com\\\/termek\\\/titkos-irasok-csomag\\\/#primaryimage\"},\"image\":{\"@id\":\"https:\\\/\\\/duncanshelley.com\\\/termek\\\/titkos-irasok-csomag\\\/#primaryimage\"},\"thumbnailUrl\":\"https:\\\/\\\/duncanshelley.com\\\/wp-content\\\/uploads\\\/Titkos-irasok-csomag.jpg\",\"datePublished\":\"2023-03-16T16:38:47+00:00\",\"dateModified\":\"2025-09-10T19:41:35+00:00\",\"description\":\"Duncan Shelley Titkos \u00edr\u00e1sok c\u00edm\u0171 k\u00f6nyvcsomagja tartalmazza az Elz\u00e1rt sz\u00f6vegek \u00e9s a Glob\u00e1lis hatalom\u00e1tv\u00e9tel c\u00edm\u0171 k\u00f6teteket.\",\"breadcrumb\":{\"@id\":\"https:\\\/\\\/duncanshelley.com\\\/termek\\\/titkos-irasok-csomag\\\/#breadcrumb\"},\"inLanguage\":\"en-US\",\"potentialAction\":[{\"@type\":\"ReadAction\",\"target\":[\"https:\\\/\\\/duncanshelley.com\\\/termek\\\/titkos-irasok-csomag\\\/\"]}]},{\"@type\":\"ImageObject\",\"inLanguage\":\"en-US\",\"@id\":\"https:\\\/\\\/duncanshelley.com\\\/termek\\\/titkos-irasok-csomag\\\/#primaryimage\",\"url\":\"https:\\\/\\\/duncanshelley.com\\\/wp-content\\\/uploads\\\/Titkos-irasok-csomag.jpg\",\"contentUrl\":\"https:\\\/\\\/duncanshelley.com\\\/wp-content\\\/uploads\\\/Titkos-irasok-csomag.jpg\",\"width\":349,\"height\":549,\"caption\":\"Titkos \u00edr\u00e1sok csomag\"},{\"@type\":\"BreadcrumbList\",\"@id\":\"https:\\\/\\\/duncanshelley.com\\\/termek\\\/titkos-irasok-csomag\\\/#breadcrumb\",\"itemListElement\":[{\"@type\":\"ListItem\",\"position\":1,\"name\":\"Kezd\u0151lap\",\"item\":\"https:\\\/\\\/duncanshelley.com\\\/\"},{\"@type\":\"ListItem\",\"position\":2,\"name\":\"Webshop\",\"item\":\"https:\\\/\\\/duncanshelley.com\\\/webshop\\\/\"},{\"@type\":\"ListItem\",\"position\":3,\"name\":\"Titkos \u00edr\u00e1sok csomag\"}]},{\"@type\":\"WebSite\",\"@id\":\"https:\\\/\\\/duncanshelley.com\\\/#website\",\"url\":\"https:\\\/\\\/duncanshelley.com\\\/\",\"name\":\"Duncan Shelley K\u00f6nyvesbolt\",\"description\":\"\",\"potentialAction\":[{\"@type\":\"SearchAction\",\"target\":{\"@type\":\"EntryPoint\",\"urlTemplate\":\"https:\\\/\\\/duncanshelley.com\\\/?s={search_term_string}\"},\"query-input\":{\"@type\":\"PropertyValueSpecification\",\"valueRequired\":true,\"valueName\":\"search_term_string\"}}],\"inLanguage\":\"en-US\"}]}<\/script>\n<!-- \/ Yoast SEO Premium plugin. -->","yoast_head_json":{"title":"Titkos \u00edr\u00e1sok csomag - Duncan Shelley K\u00f6nyvesbolt","description":"Duncan Shelley Titkos \u00edr\u00e1sok c\u00edm\u0171 k\u00f6nyvcsomagja tartalmazza az Elz\u00e1rt sz\u00f6vegek \u00e9s a Glob\u00e1lis hatalom\u00e1tv\u00e9tel c\u00edm\u0171 k\u00f6teteket.","robots":{"index":"index","follow":"follow","max-snippet":"max-snippet:-1","max-image-preview":"max-image-preview:large","max-video-preview":"max-video-preview:-1"},"canonical":"https:\/\/duncanshelley.com\/en\/product\/titkos-irasok-csomag\/","og_locale":"en_US","og_type":"article","og_title":"Titkos \u00edr\u00e1sok csomag","og_description":"Duncan Shelley Titkos \u00edr\u00e1sok c\u00edm\u0171 k\u00f6nyvcsomagja tartalmazza az Elz\u00e1rt sz\u00f6vegek \u00e9s a Glob\u00e1lis hatalom\u00e1tv\u00e9tel c\u00edm\u0171 k\u00f6teteket.","og_url":"https:\/\/duncanshelley.com\/en\/product\/titkos-irasok-csomag\/","og_site_name":"Duncan Shelley K\u00f6nyvesbolt","article_modified_time":"2025-09-10T19:41:35+00:00","og_image":[{"width":349,"height":549,"url":"https:\/\/duncanshelley.com\/wp-content\/uploads\/Titkos-irasok-csomag.jpg","type":"image\/jpeg"}],"twitter_misc":{"Est. reading time":"2 minutes"},"schema":{"@context":"https:\/\/schema.org","@graph":[{"@type":"WebPage","@id":"https:\/\/duncanshelley.com\/termek\/titkos-irasok-csomag\/","url":"https:\/\/duncanshelley.com\/termek\/titkos-irasok-csomag\/","name":"Titkos \u00edr\u00e1sok csomag - Duncan Shelley K\u00f6nyvesbolt","isPartOf":{"@id":"https:\/\/duncanshelley.com\/#website"},"primaryImageOfPage":{"@id":"https:\/\/duncanshelley.com\/termek\/titkos-irasok-csomag\/#primaryimage"},"image":{"@id":"https:\/\/duncanshelley.com\/termek\/titkos-irasok-csomag\/#primaryimage"},"thumbnailUrl":"https:\/\/duncanshelley.com\/wp-content\/uploads\/Titkos-irasok-csomag.jpg","datePublished":"2023-03-16T16:38:47+00:00","dateModified":"2025-09-10T19:41:35+00:00","description":"Duncan Shelley Titkos \u00edr\u00e1sok c\u00edm\u0171 k\u00f6nyvcsomagja tartalmazza az Elz\u00e1rt sz\u00f6vegek \u00e9s a Glob\u00e1lis hatalom\u00e1tv\u00e9tel c\u00edm\u0171 k\u00f6teteket.","breadcrumb":{"@id":"https:\/\/duncanshelley.com\/termek\/titkos-irasok-csomag\/#breadcrumb"},"inLanguage":"en-US","potentialAction":[{"@type":"ReadAction","target":["https:\/\/duncanshelley.com\/termek\/titkos-irasok-csomag\/"]}]},{"@type":"ImageObject","inLanguage":"en-US","@id":"https:\/\/duncanshelley.com\/termek\/titkos-irasok-csomag\/#primaryimage","url":"https:\/\/duncanshelley.com\/wp-content\/uploads\/Titkos-irasok-csomag.jpg","contentUrl":"https:\/\/duncanshelley.com\/wp-content\/uploads\/Titkos-irasok-csomag.jpg","width":349,"height":549,"caption":"Titkos \u00edr\u00e1sok csomag"},{"@type":"BreadcrumbList","@id":"https:\/\/duncanshelley.com\/termek\/titkos-irasok-csomag\/#breadcrumb","itemListElement":[{"@type":"ListItem","position":1,"name":"Kezd\u0151lap","item":"https:\/\/duncanshelley.com\/"},{"@type":"ListItem","position":2,"name":"Webshop","item":"https:\/\/duncanshelley.com\/webshop\/"},{"@type":"ListItem","position":3,"name":"Titkos \u00edr\u00e1sok csomag"}]},{"@type":"WebSite","@id":"https:\/\/duncanshelley.com\/#website","url":"https:\/\/duncanshelley.com\/","name":"Duncan Shelley K\u00f6nyvesbolt","description":"","potentialAction":[{"@type":"SearchAction","target":{"@type":"EntryPoint","urlTemplate":"https:\/\/duncanshelley.com\/?s={search_term_string}"},"query-input":{"@type":"PropertyValueSpecification","valueRequired":true,"valueName":"search_term_string"}}],"inLanguage":"en-US"}]}},"_links":{"self":[{"href":"https:\/\/duncanshelley.com\/en\/wp-json\/wp\/v2\/product\/19653","targetHints":{"allow":["GET"]}}],"collection":[{"href":"https:\/\/duncanshelley.com\/en\/wp-json\/wp\/v2\/product"}],"about":[{"href":"https:\/\/duncanshelley.com\/en\/wp-json\/wp\/v2\/types\/product"}],"replies":[{"embeddable":true,"href":"https:\/\/duncanshelley.com\/en\/wp-json\/wp\/v2\/comments?post=19653"}],"wp:featuredmedia":[{"embeddable":true,"href":"https:\/\/duncanshelley.com\/en\/wp-json\/wp\/v2\/media\/19838"}],"wp:attachment":[{"href":"https:\/\/duncanshelley.com\/en\/wp-json\/wp\/v2\/media?parent=19653"}],"wp:term":[{"taxonomy":"product_brand","embeddable":true,"href":"https:\/\/duncanshelley.com\/en\/wp-json\/wp\/v2\/product_brand?post=19653"},{"taxonomy":"product_cat","embeddable":true,"href":"https:\/\/duncanshelley.com\/en\/wp-json\/wp\/v2\/product_cat?post=19653"},{"taxonomy":"product_tag","embeddable":true,"href":"https:\/\/duncanshelley.com\/en\/wp-json\/wp\/v2\/product_tag?post=19653"}],"curies":[{"name":"wp","href":"https:\/\/api.w.org\/{rel}","templated":true}]}}