{"id":17824,"date":"2022-11-11T09:24:44","date_gmt":"2022-11-11T08:24:44","guid":{"rendered":"https:\/\/duncanshelley.com\/?post_type=product&#038;p=17824"},"modified":"2025-09-10T21:53:57","modified_gmt":"2025-09-10T19:53:57","slug":"julius-andan-uj-elet-uj-vilag","status":"publish","type":"product","link":"https:\/\/duncanshelley.com\/en\/product\/julius-andan-uj-elet-uj-vilag\/","title":{"rendered":"Julius Andan: \u00daj \u00e9let &#8211; \u00daj vil\u00e1g"},"content":{"rendered":"","protected":false},"excerpt":{"rendered":"<p>A modern, magasan szervezett t\u00e1rsadalom az ell\u00e1t\u00f3rendszereivel kiszolg\u00e1l minket, mi pedig nemcsak megszoktuk ezt a k\u00e9nyelmet, de gyakorlatilag ezek tartanak benn\u00fcnket \u00e9letben.<\/p>\n<p>Az \u00faj vil\u00e1gnak szerves r\u00e9sz\u00e9t k\u00e9pezik a h\u00e1bor\u00fak, a gazdas\u00e1gi v\u00e1ls\u00e1gok, az energiav\u00e1ls\u00e1gok, a j\u00e1rv\u00e1nyok \u00e9s a lez\u00e1r\u00e1sok, melyek mindegyike az ell\u00e1t\u00f3rendszereket fenyegeti. Amikor ezek a rendszerek s\u00e9r\u00fclnek, vagy le\u00e1llnak, azonnal nyilv\u00e1nval\u00f3v\u00e1 v\u00e1lik, milyen sz\u00e9ls\u0151s\u00e9gesen f\u00fcgg\u00fcnk t\u0151l\u00fck.<\/p>\n<p>A megold\u00e1s nem a kivonul\u00e1s a vil\u00e1gb\u00f3l, nem a vissza a term\u00e9szetbe. Ezzel csak egyik f\u00fcgg\u0151s\u00e9gb\u0151l \u00e1tl\u00e9pn\u00e9nk egy m\u00e1sikba. A c\u00e9l a legteljesebb t\u00e1rsadalmi integr\u00e1ci\u00f3 a legmagasabb fok\u00fa szem\u00e9lyes f\u00fcggetlens\u00e9g mellett, ami l\u00e9nyeg\u00e9ben azt jelenti, hogy a saj\u00e1t k\u00f6z\u00f6ss\u00e9geinkben lek\u00e9pezz\u00fck a t\u00e1rsadalmat kisebb l\u00e9pt\u00e9kben.<\/p>\n<p>E k\u00f6nyv azt mutatja meg, mit tehet\u00fcnk mag\u00e1nemberk\u00e9nt \u00e9s kisebb k\u00f6z\u00f6ss\u00e9gek tagjak\u00e9nt annak \u00e9rdek\u00e9ben, hogy az ell\u00e1t\u00f3h\u00e1l\u00f3zatok s\u00e9r\u00fcl\u00e9se vagy le\u00e1ll\u00e1sa ne okozzon trag\u00e9di\u00e1t az \u00e9let\u00fcnkben.<\/p>","protected":false},"featured_media":17825,"comment_status":"closed","ping_status":"closed","template":"","meta":{"_acf_changed":false,"_genesis_hide_title":false,"_genesis_hide_breadcrumbs":false,"_genesis_hide_singular_image":false,"_genesis_hide_footer_widgets":false,"_genesis_custom_body_class":"","_genesis_custom_post_class":"","_genesis_layout":""},"product_brand":[],"product_cat":[168,27],"product_tag":[],"class_list":{"0":"post-17824","1":"product","2":"type-product","3":"status-publish","4":"has-post-thumbnail","6":"product_cat-andan-konyvek","7":"product_cat-konteo-konyvek","8":"entry","10":"first","11":"instock","12":"taxable","13":"shipping-taxable","14":"purchasable","15":"product-type-simple"},"acf":[],"yoast_head":"<!-- This site is optimized with the Yoast SEO Premium plugin v27.6 (Yoast SEO v27.6) - https:\/\/yoast.com\/product\/yoast-seo-premium-wordpress\/ -->\n<title>Julius Andan: \u00daj \u00e9let - \u00daj vil\u00e1g - Duncan Shelley K\u00f6nyvesbolt<\/title>\n<meta name=\"description\" content=\"Julius Andan: \u00daj \u00e9let - \u00daj vil\u00e1g k\u00f6nyve \u00fatmutat\u00f3k\u00e9nt szolg\u00e1l arra, hogyan \u00e9lj\u00fcnk t\u00fal az ell\u00e1t\u00f3h\u00e1l\u00f3zatok s\u00e9r\u00fcl\u00e9se vagy le\u00e1ll\u00e1sa mellett.\" \/>\n<meta name=\"robots\" content=\"index, follow, max-snippet:-1, max-image-preview:large, max-video-preview:-1\" \/>\n<link rel=\"canonical\" href=\"https:\/\/duncanshelley.com\/en\/product\/julius-andan-uj-elet-uj-vilag\/\" \/>\n<meta property=\"og:locale\" content=\"en_US\" \/>\n<meta property=\"og:type\" content=\"article\" \/>\n<meta property=\"og:title\" content=\"Julius Andan: \u00daj \u00e9let - \u00daj vil\u00e1g\" \/>\n<meta property=\"og:description\" content=\"Julius Andan: \u00daj \u00e9let - \u00daj vil\u00e1g k\u00f6nyve \u00fatmutat\u00f3k\u00e9nt szolg\u00e1l arra, hogyan \u00e9lj\u00fcnk t\u00fal az ell\u00e1t\u00f3h\u00e1l\u00f3zatok s\u00e9r\u00fcl\u00e9se vagy le\u00e1ll\u00e1sa mellett.\" \/>\n<meta property=\"og:url\" content=\"https:\/\/duncanshelley.com\/en\/product\/julius-andan-uj-elet-uj-vilag\/\" \/>\n<meta property=\"og:site_name\" content=\"Duncan Shelley K\u00f6nyvesbolt\" \/>\n<meta property=\"article:modified_time\" content=\"2025-09-10T19:53:57+00:00\" \/>\n<meta property=\"og:image\" content=\"https:\/\/duncanshelley.com\/wp-content\/uploads\/Julius-Andan-Uj-elet-Uj-vilag.jpg\" \/>\n\t<meta property=\"og:image:width\" content=\"600\" \/>\n\t<meta property=\"og:image:height\" content=\"950\" \/>\n\t<meta property=\"og:image:type\" content=\"image\/jpeg\" \/>\n<meta name=\"twitter:label1\" content=\"Est. reading time\" \/>\n\t<meta name=\"twitter:data1\" content=\"1 minute\" \/>\n<script type=\"application\/ld+json\" class=\"yoast-schema-graph\">{\"@context\":\"https:\\\/\\\/schema.org\",\"@graph\":[{\"@type\":\"WebPage\",\"@id\":\"https:\\\/\\\/duncanshelley.com\\\/termek\\\/julius-andan-uj-elet-uj-vilag\\\/\",\"url\":\"https:\\\/\\\/duncanshelley.com\\\/termek\\\/julius-andan-uj-elet-uj-vilag\\\/\",\"name\":\"Julius Andan: \u00daj \u00e9let - \u00daj vil\u00e1g - Duncan Shelley K\u00f6nyvesbolt\",\"isPartOf\":{\"@id\":\"https:\\\/\\\/duncanshelley.com\\\/#website\"},\"primaryImageOfPage\":{\"@id\":\"https:\\\/\\\/duncanshelley.com\\\/termek\\\/julius-andan-uj-elet-uj-vilag\\\/#primaryimage\"},\"image\":{\"@id\":\"https:\\\/\\\/duncanshelley.com\\\/termek\\\/julius-andan-uj-elet-uj-vilag\\\/#primaryimage\"},\"thumbnailUrl\":\"https:\\\/\\\/duncanshelley.com\\\/wp-content\\\/uploads\\\/Julius-Andan-Uj-elet-Uj-vilag.jpg\",\"datePublished\":\"2022-11-11T08:24:44+00:00\",\"dateModified\":\"2025-09-10T19:53:57+00:00\",\"description\":\"Julius Andan: \u00daj \u00e9let - \u00daj vil\u00e1g k\u00f6nyve \u00fatmutat\u00f3k\u00e9nt szolg\u00e1l arra, hogyan \u00e9lj\u00fcnk t\u00fal az ell\u00e1t\u00f3h\u00e1l\u00f3zatok s\u00e9r\u00fcl\u00e9se vagy le\u00e1ll\u00e1sa mellett.\",\"breadcrumb\":{\"@id\":\"https:\\\/\\\/duncanshelley.com\\\/termek\\\/julius-andan-uj-elet-uj-vilag\\\/#breadcrumb\"},\"inLanguage\":\"en-US\",\"potentialAction\":[{\"@type\":\"ReadAction\",\"target\":[\"https:\\\/\\\/duncanshelley.com\\\/termek\\\/julius-andan-uj-elet-uj-vilag\\\/\"]}]},{\"@type\":\"ImageObject\",\"inLanguage\":\"en-US\",\"@id\":\"https:\\\/\\\/duncanshelley.com\\\/termek\\\/julius-andan-uj-elet-uj-vilag\\\/#primaryimage\",\"url\":\"https:\\\/\\\/duncanshelley.com\\\/wp-content\\\/uploads\\\/Julius-Andan-Uj-elet-Uj-vilag.jpg\",\"contentUrl\":\"https:\\\/\\\/duncanshelley.com\\\/wp-content\\\/uploads\\\/Julius-Andan-Uj-elet-Uj-vilag.jpg\",\"width\":600,\"height\":950,\"caption\":\"Julius Andan U\u0301j E\u0301let U\u0301j Vila\u0301g\"},{\"@type\":\"BreadcrumbList\",\"@id\":\"https:\\\/\\\/duncanshelley.com\\\/termek\\\/julius-andan-uj-elet-uj-vilag\\\/#breadcrumb\",\"itemListElement\":[{\"@type\":\"ListItem\",\"position\":1,\"name\":\"Kezd\u0151lap\",\"item\":\"https:\\\/\\\/duncanshelley.com\\\/\"},{\"@type\":\"ListItem\",\"position\":2,\"name\":\"Webshop\",\"item\":\"https:\\\/\\\/duncanshelley.com\\\/webshop\\\/\"},{\"@type\":\"ListItem\",\"position\":3,\"name\":\"Julius Andan: \u00daj \u00e9let &#8211; \u00daj vil\u00e1g\"}]},{\"@type\":\"WebSite\",\"@id\":\"https:\\\/\\\/duncanshelley.com\\\/#website\",\"url\":\"https:\\\/\\\/duncanshelley.com\\\/\",\"name\":\"Duncan Shelley K\u00f6nyvesbolt\",\"description\":\"\",\"potentialAction\":[{\"@type\":\"SearchAction\",\"target\":{\"@type\":\"EntryPoint\",\"urlTemplate\":\"https:\\\/\\\/duncanshelley.com\\\/?s={search_term_string}\"},\"query-input\":{\"@type\":\"PropertyValueSpecification\",\"valueRequired\":true,\"valueName\":\"search_term_string\"}}],\"inLanguage\":\"en-US\"}]}<\/script>\n<!-- \/ Yoast SEO Premium plugin. -->","yoast_head_json":{"title":"Julius Andan: \u00daj \u00e9let - \u00daj vil\u00e1g - Duncan Shelley K\u00f6nyvesbolt","description":"Julius Andan: \u00daj \u00e9let - \u00daj vil\u00e1g k\u00f6nyve \u00fatmutat\u00f3k\u00e9nt szolg\u00e1l arra, hogyan \u00e9lj\u00fcnk t\u00fal az ell\u00e1t\u00f3h\u00e1l\u00f3zatok s\u00e9r\u00fcl\u00e9se vagy le\u00e1ll\u00e1sa mellett.","robots":{"index":"index","follow":"follow","max-snippet":"max-snippet:-1","max-image-preview":"max-image-preview:large","max-video-preview":"max-video-preview:-1"},"canonical":"https:\/\/duncanshelley.com\/en\/product\/julius-andan-uj-elet-uj-vilag\/","og_locale":"en_US","og_type":"article","og_title":"Julius Andan: \u00daj \u00e9let - \u00daj vil\u00e1g","og_description":"Julius Andan: \u00daj \u00e9let - \u00daj vil\u00e1g k\u00f6nyve \u00fatmutat\u00f3k\u00e9nt szolg\u00e1l arra, hogyan \u00e9lj\u00fcnk t\u00fal az ell\u00e1t\u00f3h\u00e1l\u00f3zatok s\u00e9r\u00fcl\u00e9se vagy le\u00e1ll\u00e1sa mellett.","og_url":"https:\/\/duncanshelley.com\/en\/product\/julius-andan-uj-elet-uj-vilag\/","og_site_name":"Duncan Shelley K\u00f6nyvesbolt","article_modified_time":"2025-09-10T19:53:57+00:00","og_image":[{"width":600,"height":950,"url":"https:\/\/duncanshelley.com\/wp-content\/uploads\/Julius-Andan-Uj-elet-Uj-vilag.jpg","type":"image\/jpeg"}],"twitter_misc":{"Est. reading time":"1 minute"},"schema":{"@context":"https:\/\/schema.org","@graph":[{"@type":"WebPage","@id":"https:\/\/duncanshelley.com\/termek\/julius-andan-uj-elet-uj-vilag\/","url":"https:\/\/duncanshelley.com\/termek\/julius-andan-uj-elet-uj-vilag\/","name":"Julius Andan: \u00daj \u00e9let - \u00daj vil\u00e1g - Duncan Shelley K\u00f6nyvesbolt","isPartOf":{"@id":"https:\/\/duncanshelley.com\/#website"},"primaryImageOfPage":{"@id":"https:\/\/duncanshelley.com\/termek\/julius-andan-uj-elet-uj-vilag\/#primaryimage"},"image":{"@id":"https:\/\/duncanshelley.com\/termek\/julius-andan-uj-elet-uj-vilag\/#primaryimage"},"thumbnailUrl":"https:\/\/duncanshelley.com\/wp-content\/uploads\/Julius-Andan-Uj-elet-Uj-vilag.jpg","datePublished":"2022-11-11T08:24:44+00:00","dateModified":"2025-09-10T19:53:57+00:00","description":"Julius Andan: \u00daj \u00e9let - \u00daj vil\u00e1g k\u00f6nyve \u00fatmutat\u00f3k\u00e9nt szolg\u00e1l arra, hogyan \u00e9lj\u00fcnk t\u00fal az ell\u00e1t\u00f3h\u00e1l\u00f3zatok s\u00e9r\u00fcl\u00e9se vagy le\u00e1ll\u00e1sa mellett.","breadcrumb":{"@id":"https:\/\/duncanshelley.com\/termek\/julius-andan-uj-elet-uj-vilag\/#breadcrumb"},"inLanguage":"en-US","potentialAction":[{"@type":"ReadAction","target":["https:\/\/duncanshelley.com\/termek\/julius-andan-uj-elet-uj-vilag\/"]}]},{"@type":"ImageObject","inLanguage":"en-US","@id":"https:\/\/duncanshelley.com\/termek\/julius-andan-uj-elet-uj-vilag\/#primaryimage","url":"https:\/\/duncanshelley.com\/wp-content\/uploads\/Julius-Andan-Uj-elet-Uj-vilag.jpg","contentUrl":"https:\/\/duncanshelley.com\/wp-content\/uploads\/Julius-Andan-Uj-elet-Uj-vilag.jpg","width":600,"height":950,"caption":"Julius Andan U\u0301j E\u0301let U\u0301j Vila\u0301g"},{"@type":"BreadcrumbList","@id":"https:\/\/duncanshelley.com\/termek\/julius-andan-uj-elet-uj-vilag\/#breadcrumb","itemListElement":[{"@type":"ListItem","position":1,"name":"Kezd\u0151lap","item":"https:\/\/duncanshelley.com\/"},{"@type":"ListItem","position":2,"name":"Webshop","item":"https:\/\/duncanshelley.com\/webshop\/"},{"@type":"ListItem","position":3,"name":"Julius Andan: \u00daj \u00e9let &#8211; \u00daj vil\u00e1g"}]},{"@type":"WebSite","@id":"https:\/\/duncanshelley.com\/#website","url":"https:\/\/duncanshelley.com\/","name":"Duncan Shelley K\u00f6nyvesbolt","description":"","potentialAction":[{"@type":"SearchAction","target":{"@type":"EntryPoint","urlTemplate":"https:\/\/duncanshelley.com\/?s={search_term_string}"},"query-input":{"@type":"PropertyValueSpecification","valueRequired":true,"valueName":"search_term_string"}}],"inLanguage":"en-US"}]}},"_links":{"self":[{"href":"https:\/\/duncanshelley.com\/en\/wp-json\/wp\/v2\/product\/17824","targetHints":{"allow":["GET"]}}],"collection":[{"href":"https:\/\/duncanshelley.com\/en\/wp-json\/wp\/v2\/product"}],"about":[{"href":"https:\/\/duncanshelley.com\/en\/wp-json\/wp\/v2\/types\/product"}],"replies":[{"embeddable":true,"href":"https:\/\/duncanshelley.com\/en\/wp-json\/wp\/v2\/comments?post=17824"}],"wp:featuredmedia":[{"embeddable":true,"href":"https:\/\/duncanshelley.com\/en\/wp-json\/wp\/v2\/media\/17825"}],"wp:attachment":[{"href":"https:\/\/duncanshelley.com\/en\/wp-json\/wp\/v2\/media?parent=17824"}],"wp:term":[{"taxonomy":"product_brand","embeddable":true,"href":"https:\/\/duncanshelley.com\/en\/wp-json\/wp\/v2\/product_brand?post=17824"},{"taxonomy":"product_cat","embeddable":true,"href":"https:\/\/duncanshelley.com\/en\/wp-json\/wp\/v2\/product_cat?post=17824"},{"taxonomy":"product_tag","embeddable":true,"href":"https:\/\/duncanshelley.com\/en\/wp-json\/wp\/v2\/product_tag?post=17824"}],"curies":[{"name":"wp","href":"https:\/\/api.w.org\/{rel}","templated":true}]}}