{"id":16975,"date":"2022-08-18T12:37:38","date_gmt":"2022-08-18T10:37:38","guid":{"rendered":"https:\/\/duncanshelley.com\/?post_type=product&#038;p=16975"},"modified":"2025-09-10T21:39:33","modified_gmt":"2025-09-10T19:39:33","slug":"onpusztitok","status":"publish","type":"product","link":"https:\/\/duncanshelley.com\/en\/product\/onpusztitok\/","title":{"rendered":"Duncan Shelley: \u00d6npuszt\u00edt\u00f3k"},"content":{"rendered":"","protected":false},"excerpt":{"rendered":"<div class=\"woocommerce-product-details__short-description\">\n<p><strong><span style=\"color: #ff0000;\">\u00daj bor\u00edt\u00f3, r\u00e9gi beltartalom!<\/span><\/strong><\/p>\n<p class=\"m_5875172545692216706m_-2211831683212605264gmail-MsoNormal\">A term\u00e9szetben az egyetlen \u00f6npuszt\u00edt\u00f3 faj az ember. Honnan ered az ember \u0151r\u00fclete? Ez az \u00e9rtelem \u00e1ra? Vagy valami m\u00e1s h\u00faz\u00f3dik meg a h\u00e1tt\u00e9rben?<\/p>\n<p class=\"m_5875172545692216706m_-2211831683212605264gmail-MsoNormal\">Archibald Leroy professzor harminc \u00e9ven \u00e1t kutatta a t\u00e9m\u00e1t, \u00e9s \u00fagy v\u00e9li, megtal\u00e1lta a v\u00e1laszt. Bejelent\u00e9s\u00e9t azonban nem elismer\u00e9s, hanem megvet\u00e9s k\u00f6veti, elvesz\u00edti az \u00e1ll\u00e1s\u00e1t, szavahihet\u0151s\u00e9g\u00e9t, bar\u00e1tait, t\u00e1rsadalmi rangj\u00e1t, egyetemi fokozat\u00e1t.<\/p>\n<p class=\"m_5875172545692216706m_-2211831683212605264gmail-MsoNormal\">Felkeresi egy rejt\u00e9lyes milli\u00e1rdos, aki felaj\u00e1nlja, \u00edrjanak egy\u00fctt t\u00f6rt\u00e9nelmet, ments\u00e9k meg az emberis\u00e9get saj\u00e1t s\u00f6t\u00e9t hajlamait\u00f3l.<\/p>\n<p>Ebben a felkavar\u00f3 thrillerben mindenkit a sokf\u00e9lek\u00e9ppen \u00e1lc\u00e1zott, t\u00e1rsadalmilag elfogadott \u00f6npuszt\u00edt\u00e1s hajt. V\u00e9g\u00fcl mindenb\u0151l fegyver lesz, minden a hatalom eszk\u00f6zek\u00e9nt v\u00e9gzi? H\u00e1nyszor szalasztottuk m\u00e1r el az es\u00e9lyt a gy\u00f3gyul\u00e1sra, csak az\u00e9rt, mert valakinek az \u00e9rdekei azt k\u00edv\u00e1nt\u00e1k, hogy minden maradjon a r\u00e9giben?<\/p>\n<\/div>","protected":false},"featured_media":20624,"comment_status":"closed","ping_status":"closed","template":"","meta":{"_acf_changed":false,"_genesis_hide_title":false,"_genesis_hide_breadcrumbs":false,"_genesis_hide_singular_image":false,"_genesis_hide_footer_widgets":false,"_genesis_custom_body_class":"","_genesis_custom_post_class":"","_genesis_layout":""},"product_brand":[],"product_cat":[16],"product_tag":[],"class_list":{"0":"post-16975","1":"product","2":"type-product","3":"status-publish","4":"has-post-thumbnail","6":"product_cat-thriller-konyvek","7":"entry","9":"first","10":"instock","11":"taxable","12":"shipping-taxable","13":"purchasable","14":"product-type-simple"},"acf":[],"yoast_head":"<!-- This site is optimized with the Yoast SEO Premium plugin v27.5 (Yoast SEO v27.5) - https:\/\/yoast.com\/product\/yoast-seo-premium-wordpress\/ -->\n<title>Duncan Shelley: \u00d6npuszt\u00edt\u00f3k - Duncan Shelley K\u00f6nyvesbolt<\/title>\n<meta name=\"description\" content=\"Mi\u00e9rt vagyunk \u00f6npuszt\u00edt\u00f3k? Honnan ered az ember ezen \u0151r\u00fclete, amely semmilyen m\u00e1s fajra nem jellemz\u0151? Err\u0151l sz\u00f3l ez az izgalmas thriller.\" \/>\n<meta name=\"robots\" content=\"index, follow, max-snippet:-1, max-image-preview:large, max-video-preview:-1\" \/>\n<link rel=\"canonical\" href=\"https:\/\/duncanshelley.com\/en\/product\/onpusztitok\/\" \/>\n<meta property=\"og:locale\" content=\"en_US\" \/>\n<meta property=\"og:type\" content=\"article\" \/>\n<meta property=\"og:title\" content=\"Duncan Shelley: \u00d6npuszt\u00edt\u00f3k\" \/>\n<meta property=\"og:description\" content=\"Mi\u00e9rt vagyunk \u00f6npuszt\u00edt\u00f3k? Honnan ered az ember ezen \u0151r\u00fclete, amely semmilyen m\u00e1s fajra nem jellemz\u0151? Err\u0151l sz\u00f3l ez az izgalmas thriller.\" \/>\n<meta property=\"og:url\" content=\"https:\/\/duncanshelley.com\/en\/product\/onpusztitok\/\" \/>\n<meta property=\"og:site_name\" content=\"Duncan Shelley K\u00f6nyvesbolt\" \/>\n<meta property=\"article:modified_time\" content=\"2025-09-10T19:39:33+00:00\" \/>\n<meta property=\"og:image\" content=\"https:\/\/duncanshelley.com\/wp-content\/uploads\/onpusztitok-1.jpg\" \/>\n\t<meta property=\"og:image:width\" content=\"600\" \/>\n\t<meta property=\"og:image:height\" content=\"950\" \/>\n\t<meta property=\"og:image:type\" content=\"image\/jpeg\" \/>\n<meta name=\"twitter:label1\" content=\"Est. reading time\" \/>\n\t<meta name=\"twitter:data1\" content=\"1 minute\" \/>\n<script type=\"application\/ld+json\" class=\"yoast-schema-graph\">{\"@context\":\"https:\\\/\\\/schema.org\",\"@graph\":[{\"@type\":\"WebPage\",\"@id\":\"https:\\\/\\\/duncanshelley.com\\\/termek\\\/onpusztitok\\\/\",\"url\":\"https:\\\/\\\/duncanshelley.com\\\/termek\\\/onpusztitok\\\/\",\"name\":\"Duncan Shelley: \u00d6npuszt\u00edt\u00f3k - Duncan Shelley K\u00f6nyvesbolt\",\"isPartOf\":{\"@id\":\"https:\\\/\\\/duncanshelley.com\\\/#website\"},\"primaryImageOfPage\":{\"@id\":\"https:\\\/\\\/duncanshelley.com\\\/termek\\\/onpusztitok\\\/#primaryimage\"},\"image\":{\"@id\":\"https:\\\/\\\/duncanshelley.com\\\/termek\\\/onpusztitok\\\/#primaryimage\"},\"thumbnailUrl\":\"https:\\\/\\\/duncanshelley.com\\\/wp-content\\\/uploads\\\/onpusztitok-1.jpg\",\"datePublished\":\"2022-08-18T10:37:38+00:00\",\"dateModified\":\"2025-09-10T19:39:33+00:00\",\"description\":\"Mi\u00e9rt vagyunk \u00f6npuszt\u00edt\u00f3k? Honnan ered az ember ezen \u0151r\u00fclete, amely semmilyen m\u00e1s fajra nem jellemz\u0151? Err\u0151l sz\u00f3l ez az izgalmas thriller.\",\"breadcrumb\":{\"@id\":\"https:\\\/\\\/duncanshelley.com\\\/termek\\\/onpusztitok\\\/#breadcrumb\"},\"inLanguage\":\"en-US\",\"potentialAction\":[{\"@type\":\"ReadAction\",\"target\":[\"https:\\\/\\\/duncanshelley.com\\\/termek\\\/onpusztitok\\\/\"]}]},{\"@type\":\"ImageObject\",\"inLanguage\":\"en-US\",\"@id\":\"https:\\\/\\\/duncanshelley.com\\\/termek\\\/onpusztitok\\\/#primaryimage\",\"url\":\"https:\\\/\\\/duncanshelley.com\\\/wp-content\\\/uploads\\\/onpusztitok-1.jpg\",\"contentUrl\":\"https:\\\/\\\/duncanshelley.com\\\/wp-content\\\/uploads\\\/onpusztitok-1.jpg\",\"width\":600,\"height\":950,\"caption\":\"Onpusztitok 1\"},{\"@type\":\"BreadcrumbList\",\"@id\":\"https:\\\/\\\/duncanshelley.com\\\/termek\\\/onpusztitok\\\/#breadcrumb\",\"itemListElement\":[{\"@type\":\"ListItem\",\"position\":1,\"name\":\"Kezd\u0151lap\",\"item\":\"https:\\\/\\\/duncanshelley.com\\\/\"},{\"@type\":\"ListItem\",\"position\":2,\"name\":\"Webshop\",\"item\":\"https:\\\/\\\/duncanshelley.com\\\/webshop\\\/\"},{\"@type\":\"ListItem\",\"position\":3,\"name\":\"Duncan Shelley: \u00d6npuszt\u00edt\u00f3k\"}]},{\"@type\":\"WebSite\",\"@id\":\"https:\\\/\\\/duncanshelley.com\\\/#website\",\"url\":\"https:\\\/\\\/duncanshelley.com\\\/\",\"name\":\"Duncan Shelley K\u00f6nyvesbolt\",\"description\":\"\",\"potentialAction\":[{\"@type\":\"SearchAction\",\"target\":{\"@type\":\"EntryPoint\",\"urlTemplate\":\"https:\\\/\\\/duncanshelley.com\\\/?s={search_term_string}\"},\"query-input\":{\"@type\":\"PropertyValueSpecification\",\"valueRequired\":true,\"valueName\":\"search_term_string\"}}],\"inLanguage\":\"en-US\"}]}<\/script>\n<!-- \/ Yoast SEO Premium plugin. -->","yoast_head_json":{"title":"Duncan Shelley: \u00d6npuszt\u00edt\u00f3k - Duncan Shelley K\u00f6nyvesbolt","description":"Mi\u00e9rt vagyunk \u00f6npuszt\u00edt\u00f3k? Honnan ered az ember ezen \u0151r\u00fclete, amely semmilyen m\u00e1s fajra nem jellemz\u0151? Err\u0151l sz\u00f3l ez az izgalmas thriller.","robots":{"index":"index","follow":"follow","max-snippet":"max-snippet:-1","max-image-preview":"max-image-preview:large","max-video-preview":"max-video-preview:-1"},"canonical":"https:\/\/duncanshelley.com\/en\/product\/onpusztitok\/","og_locale":"en_US","og_type":"article","og_title":"Duncan Shelley: \u00d6npuszt\u00edt\u00f3k","og_description":"Mi\u00e9rt vagyunk \u00f6npuszt\u00edt\u00f3k? Honnan ered az ember ezen \u0151r\u00fclete, amely semmilyen m\u00e1s fajra nem jellemz\u0151? Err\u0151l sz\u00f3l ez az izgalmas thriller.","og_url":"https:\/\/duncanshelley.com\/en\/product\/onpusztitok\/","og_site_name":"Duncan Shelley K\u00f6nyvesbolt","article_modified_time":"2025-09-10T19:39:33+00:00","og_image":[{"width":600,"height":950,"url":"https:\/\/duncanshelley.com\/wp-content\/uploads\/onpusztitok-1.jpg","type":"image\/jpeg"}],"twitter_misc":{"Est. reading time":"1 minute"},"schema":{"@context":"https:\/\/schema.org","@graph":[{"@type":"WebPage","@id":"https:\/\/duncanshelley.com\/termek\/onpusztitok\/","url":"https:\/\/duncanshelley.com\/termek\/onpusztitok\/","name":"Duncan Shelley: \u00d6npuszt\u00edt\u00f3k - Duncan Shelley K\u00f6nyvesbolt","isPartOf":{"@id":"https:\/\/duncanshelley.com\/#website"},"primaryImageOfPage":{"@id":"https:\/\/duncanshelley.com\/termek\/onpusztitok\/#primaryimage"},"image":{"@id":"https:\/\/duncanshelley.com\/termek\/onpusztitok\/#primaryimage"},"thumbnailUrl":"https:\/\/duncanshelley.com\/wp-content\/uploads\/onpusztitok-1.jpg","datePublished":"2022-08-18T10:37:38+00:00","dateModified":"2025-09-10T19:39:33+00:00","description":"Mi\u00e9rt vagyunk \u00f6npuszt\u00edt\u00f3k? Honnan ered az ember ezen \u0151r\u00fclete, amely semmilyen m\u00e1s fajra nem jellemz\u0151? Err\u0151l sz\u00f3l ez az izgalmas thriller.","breadcrumb":{"@id":"https:\/\/duncanshelley.com\/termek\/onpusztitok\/#breadcrumb"},"inLanguage":"en-US","potentialAction":[{"@type":"ReadAction","target":["https:\/\/duncanshelley.com\/termek\/onpusztitok\/"]}]},{"@type":"ImageObject","inLanguage":"en-US","@id":"https:\/\/duncanshelley.com\/termek\/onpusztitok\/#primaryimage","url":"https:\/\/duncanshelley.com\/wp-content\/uploads\/onpusztitok-1.jpg","contentUrl":"https:\/\/duncanshelley.com\/wp-content\/uploads\/onpusztitok-1.jpg","width":600,"height":950,"caption":"Onpusztitok 1"},{"@type":"BreadcrumbList","@id":"https:\/\/duncanshelley.com\/termek\/onpusztitok\/#breadcrumb","itemListElement":[{"@type":"ListItem","position":1,"name":"Kezd\u0151lap","item":"https:\/\/duncanshelley.com\/"},{"@type":"ListItem","position":2,"name":"Webshop","item":"https:\/\/duncanshelley.com\/webshop\/"},{"@type":"ListItem","position":3,"name":"Duncan Shelley: \u00d6npuszt\u00edt\u00f3k"}]},{"@type":"WebSite","@id":"https:\/\/duncanshelley.com\/#website","url":"https:\/\/duncanshelley.com\/","name":"Duncan Shelley K\u00f6nyvesbolt","description":"","potentialAction":[{"@type":"SearchAction","target":{"@type":"EntryPoint","urlTemplate":"https:\/\/duncanshelley.com\/?s={search_term_string}"},"query-input":{"@type":"PropertyValueSpecification","valueRequired":true,"valueName":"search_term_string"}}],"inLanguage":"en-US"}]}},"_links":{"self":[{"href":"https:\/\/duncanshelley.com\/en\/wp-json\/wp\/v2\/product\/16975","targetHints":{"allow":["GET"]}}],"collection":[{"href":"https:\/\/duncanshelley.com\/en\/wp-json\/wp\/v2\/product"}],"about":[{"href":"https:\/\/duncanshelley.com\/en\/wp-json\/wp\/v2\/types\/product"}],"replies":[{"embeddable":true,"href":"https:\/\/duncanshelley.com\/en\/wp-json\/wp\/v2\/comments?post=16975"}],"wp:featuredmedia":[{"embeddable":true,"href":"https:\/\/duncanshelley.com\/en\/wp-json\/wp\/v2\/media\/20624"}],"wp:attachment":[{"href":"https:\/\/duncanshelley.com\/en\/wp-json\/wp\/v2\/media?parent=16975"}],"wp:term":[{"taxonomy":"product_brand","embeddable":true,"href":"https:\/\/duncanshelley.com\/en\/wp-json\/wp\/v2\/product_brand?post=16975"},{"taxonomy":"product_cat","embeddable":true,"href":"https:\/\/duncanshelley.com\/en\/wp-json\/wp\/v2\/product_cat?post=16975"},{"taxonomy":"product_tag","embeddable":true,"href":"https:\/\/duncanshelley.com\/en\/wp-json\/wp\/v2\/product_tag?post=16975"}],"curies":[{"name":"wp","href":"https:\/\/api.w.org\/{rel}","templated":true}]}}