{"id":154,"date":"2019-09-14T14:49:44","date_gmt":"2019-09-14T12:49:44","guid":{"rendered":"https:\/\/brookskiado.hu\/?post_type=product&#038;p=154"},"modified":"2026-02-01T17:15:04","modified_gmt":"2026-02-01T16:15:04","slug":"kate-brooks-duncan-shelley-amer-es-a-titanok","status":"publish","type":"product","link":"https:\/\/duncanshelley.com\/en\/product\/kate-brooks-duncan-shelley-amer-es-a-titanok\/","title":{"rendered":"Kate Brooks &#038; Duncan Shelley: Amer \u00e9s a tit\u00e1nok"},"content":{"rendered":"<blockquote><p><em>Az \u00fat mindig ott kezd\u0151dik, ahol <\/em><em>\u00e9<\/em><em>ppen vagy!<\/em><\/p><\/blockquote>\n<p>Aeshma-Daeva az \u00f3ce\u00e1n t\u00falpartj\u00e1ra viszi tan\u00edtv\u00e1ny\u00e1t, a maj\u00e1k vil\u00e1g\u00e1ba, hogy tal\u00e1lkozzon Zafrin\u00e1val. Zafrina: istenn\u0151, b\u00f6lcs, filoz\u00f3fus, kurtiz\u00e1n, kert\u00e9sz, t\u00e1rsalkod\u00f3n\u0151, emberev\u0151 sz\u00f6rnyeteg\u2026 minden pillanatban v\u00e1ltozik, mindenki m\u00e1smilyennek l\u00e1tja, \u00e9s k\u00e9tszer nem \u00f6lti mag\u00e1ra a l\u00e9tez\u00e9snek ugyanazt a szerep\u00e9t.<\/p>\n<p>Ezrek \u00e9s ezrek tolonganak csod\u00e1latos piramisa k\u00f6r\u00fcl, v\u00e1rva, rem\u00e9lve a bebocs\u00e1t\u00e1st: egyszer\u0171 k\u00f6zemberek, papok, kir\u00e1lyok, tud\u00f3sok, harcosok, bandit\u00e1k. Mind az\u00e9rt a n\u00e9h\u00e1ny r\u00f6pke perc\u00e9rt t\u00f6lti \u00e9let\u00e9t a palota k\u00f6zel\u00e9ben, melyben tal\u00e1lkozhat a nagy istenn\u0151vel. A legenda szerint, akit Zafrina fogad, annak ad egy tan\u00edt\u00e1st. Egy tan\u00edt\u00e1st, melyre \u00e9ppen abban a pillanatban a legnagyobb sz\u00fcks\u00e9ge van, \u00e9s amely \u00f6r\u00f6kre megv\u00e1ltoztatja az \u00e9let\u00e9t.<\/p>\n<p>Duncan ez\u00fattal m\u00fazs\u00e1j\u00e1val, Kate Brooks \u00edr\u00f3n\u0151vel k\u00f6z\u00f6sen alkotott.<\/p>\n<p>A kisreg\u00e9ny p\u00e1rja az <a href=\"https:\/\/duncanshelley.com\/en\/product\/duncan-shelley-amer-es-az-amazonok\/\" target=\"_blank\" rel=\"noopener\"><span style=\"text-decoration: underline;\"><strong>Amer \u00e9s az Amazonok<\/strong><\/span><\/a>.<\/p>","protected":false},"excerpt":{"rendered":"<p><strong>M\u0171faj<\/strong>: fantasy<br \/>\n<strong>Oldalsz\u00e1m<\/strong>: 76<br \/>\n<strong>Kiad\u00e1s<\/strong> <strong>\u00e9ve<\/strong>: 2012.<\/p>\n<p>A t\u00f6rt\u00e9net a 11. sz\u00e1zadban j\u00e1tsz\u00f3dik. Amer a mester\u00e9vel k\u00fcl\u00f6n\u00f6s ritust l\u00e1togat meg. Zafrina, a sz\u00f6rnyistenn\u0151 f\u00e9rfiakat fogad f\u00e9lelmetes lakhely\u00e9n, ahol egym\u00e1sba folyik a k\u00e9pzelet \u00e9s az anyagi vil\u00e1g. A f\u00e9rfiak tan\u00edt\u00e1st kapnak az istenn\u0151t\u0151l, k\u00e9pess\u00e9geik \u00e9s \u00e9rdemeik szerint, melynek hat\u00e1s\u00e1ra \u00e9let\u00fcl sokkal jobb vagy sokkal rosszabb lesz.<\/p>\n<p>Term\u00e9szetesen Amer leck\u00e9je a legnehezebb, az \u0151 pr\u00f3bat\u00e9tele, hogy a legr\u00f6videbb id\u0151 alatt a legnagyobb v\u00e1ltoz\u00e1son essen \u00e1t, hogy \u00e9lve jusson ki a f\u00e9nyre.<\/p>","protected":false},"featured_media":8749,"comment_status":"closed","ping_status":"closed","template":"","meta":{"_acf_changed":false,"_genesis_hide_title":false,"_genesis_hide_breadcrumbs":false,"_genesis_hide_singular_image":false,"_genesis_hide_footer_widgets":false,"_genesis_custom_body_class":"","_genesis_custom_post_class":"","_genesis_layout":""},"product_brand":[],"product_cat":[167,17,45],"product_tag":[],"class_list":{"0":"post-154","1":"product","2":"type-product","3":"status-publish","4":"has-post-thumbnail","6":"product_cat-amer-konyvek","7":"product_cat-fantasy-konyvek","8":"product_cat-spiritualis-konyvek","9":"entry","11":"first","12":"instock","13":"taxable","14":"shipping-taxable","15":"purchasable","16":"product-type-simple"},"acf":[],"yoast_head":"<!-- This site is optimized with the Yoast SEO Premium plugin v27.5 (Yoast SEO v27.5) - https:\/\/yoast.com\/product\/yoast-seo-premium-wordpress\/ -->\n<title>Kate Brooks &amp; Duncan Shelley: Amer \u00e9s a tit\u00e1nok - Duncan Shelley K\u00f6nyvesbolt<\/title>\n<meta name=\"description\" content=\"Az Amer \u00e9s a Tit\u00e1nok kisreg\u00e9ny \u00f6t f\u00e9rfir\u00f3l sz\u00f3l, akik v\u00e1rj\u00e1k a bebocs\u00e1t\u00e1st a csod\u00e1latos Zafrina istenn\u0151 palot\u00e1j\u00e1ba, ahol tan\u00edt\u00e1st kapnak.\" \/>\n<meta name=\"robots\" content=\"index, follow, max-snippet:-1, max-image-preview:large, max-video-preview:-1\" \/>\n<link rel=\"canonical\" href=\"https:\/\/duncanshelley.com\/en\/product\/kate-brooks-duncan-shelley-amer-es-a-titanok\/\" \/>\n<meta property=\"og:locale\" content=\"en_US\" \/>\n<meta property=\"og:type\" content=\"article\" \/>\n<meta property=\"og:title\" content=\"Kate Brooks &amp; Duncan Shelley: Amer \u00e9s a tit\u00e1nok\" \/>\n<meta property=\"og:description\" content=\"Az Amer \u00e9s a Tit\u00e1nok kisreg\u00e9ny \u00f6t f\u00e9rfir\u00f3l sz\u00f3l, akik v\u00e1rj\u00e1k a bebocs\u00e1t\u00e1st a csod\u00e1latos Zafrina istenn\u0151 palot\u00e1j\u00e1ba, ahol tan\u00edt\u00e1st kapnak.\" \/>\n<meta property=\"og:url\" content=\"https:\/\/duncanshelley.com\/en\/product\/kate-brooks-duncan-shelley-amer-es-a-titanok\/\" \/>\n<meta property=\"og:site_name\" content=\"Duncan Shelley K\u00f6nyvesbolt\" \/>\n<meta property=\"article:modified_time\" content=\"2026-02-01T16:15:04+00:00\" \/>\n<meta property=\"og:image\" content=\"https:\/\/duncanshelley.com\/wp-content\/uploads\/duncan-shelley-kate-brooks-amer-es-a-titanok-1.jpg\" \/>\n\t<meta property=\"og:image:width\" content=\"324\" \/>\n\t<meta property=\"og:image:height\" content=\"486\" \/>\n\t<meta property=\"og:image:type\" content=\"image\/jpeg\" \/>\n<meta name=\"twitter:label1\" content=\"Est. reading time\" \/>\n\t<meta name=\"twitter:data1\" content=\"1 minute\" \/>\n<script type=\"application\/ld+json\" class=\"yoast-schema-graph\">{\"@context\":\"https:\\\/\\\/schema.org\",\"@graph\":[{\"@type\":\"WebPage\",\"@id\":\"https:\\\/\\\/duncanshelley.com\\\/termek\\\/kate-brooks-duncan-shelley-amer-es-a-titanok\\\/\",\"url\":\"https:\\\/\\\/duncanshelley.com\\\/termek\\\/kate-brooks-duncan-shelley-amer-es-a-titanok\\\/\",\"name\":\"Kate Brooks & Duncan Shelley: Amer \u00e9s a tit\u00e1nok - Duncan Shelley K\u00f6nyvesbolt\",\"isPartOf\":{\"@id\":\"https:\\\/\\\/duncanshelley.com\\\/#website\"},\"primaryImageOfPage\":{\"@id\":\"https:\\\/\\\/duncanshelley.com\\\/termek\\\/kate-brooks-duncan-shelley-amer-es-a-titanok\\\/#primaryimage\"},\"image\":{\"@id\":\"https:\\\/\\\/duncanshelley.com\\\/termek\\\/kate-brooks-duncan-shelley-amer-es-a-titanok\\\/#primaryimage\"},\"thumbnailUrl\":\"https:\\\/\\\/duncanshelley.com\\\/wp-content\\\/uploads\\\/duncan-shelley-kate-brooks-amer-es-a-titanok-1.jpg\",\"datePublished\":\"2019-09-14T12:49:44+00:00\",\"dateModified\":\"2026-02-01T16:15:04+00:00\",\"description\":\"Az Amer \u00e9s a Tit\u00e1nok kisreg\u00e9ny \u00f6t f\u00e9rfir\u00f3l sz\u00f3l, akik v\u00e1rj\u00e1k a bebocs\u00e1t\u00e1st a csod\u00e1latos Zafrina istenn\u0151 palot\u00e1j\u00e1ba, ahol tan\u00edt\u00e1st kapnak.\",\"breadcrumb\":{\"@id\":\"https:\\\/\\\/duncanshelley.com\\\/termek\\\/kate-brooks-duncan-shelley-amer-es-a-titanok\\\/#breadcrumb\"},\"inLanguage\":\"en-US\",\"potentialAction\":[{\"@type\":\"ReadAction\",\"target\":[\"https:\\\/\\\/duncanshelley.com\\\/termek\\\/kate-brooks-duncan-shelley-amer-es-a-titanok\\\/\"]}]},{\"@type\":\"ImageObject\",\"inLanguage\":\"en-US\",\"@id\":\"https:\\\/\\\/duncanshelley.com\\\/termek\\\/kate-brooks-duncan-shelley-amer-es-a-titanok\\\/#primaryimage\",\"url\":\"https:\\\/\\\/duncanshelley.com\\\/wp-content\\\/uploads\\\/duncan-shelley-kate-brooks-amer-es-a-titanok-1.jpg\",\"contentUrl\":\"https:\\\/\\\/duncanshelley.com\\\/wp-content\\\/uploads\\\/duncan-shelley-kate-brooks-amer-es-a-titanok-1.jpg\",\"width\":324,\"height\":486,\"caption\":\"duncan-shelley-kate-brooks-amer-es-a-titanok\"},{\"@type\":\"BreadcrumbList\",\"@id\":\"https:\\\/\\\/duncanshelley.com\\\/termek\\\/kate-brooks-duncan-shelley-amer-es-a-titanok\\\/#breadcrumb\",\"itemListElement\":[{\"@type\":\"ListItem\",\"position\":1,\"name\":\"Kezd\u0151lap\",\"item\":\"https:\\\/\\\/duncanshelley.com\\\/\"},{\"@type\":\"ListItem\",\"position\":2,\"name\":\"Webshop\",\"item\":\"https:\\\/\\\/duncanshelley.com\\\/webshop\\\/\"},{\"@type\":\"ListItem\",\"position\":3,\"name\":\"Kate Brooks &#038; Duncan Shelley: Amer \u00e9s a tit\u00e1nok\"}]},{\"@type\":\"WebSite\",\"@id\":\"https:\\\/\\\/duncanshelley.com\\\/#website\",\"url\":\"https:\\\/\\\/duncanshelley.com\\\/\",\"name\":\"Duncan Shelley K\u00f6nyvesbolt\",\"description\":\"\",\"potentialAction\":[{\"@type\":\"SearchAction\",\"target\":{\"@type\":\"EntryPoint\",\"urlTemplate\":\"https:\\\/\\\/duncanshelley.com\\\/?s={search_term_string}\"},\"query-input\":{\"@type\":\"PropertyValueSpecification\",\"valueRequired\":true,\"valueName\":\"search_term_string\"}}],\"inLanguage\":\"en-US\"}]}<\/script>\n<!-- \/ Yoast SEO Premium plugin. -->","yoast_head_json":{"title":"Kate Brooks & Duncan Shelley: Amer \u00e9s a tit\u00e1nok - Duncan Shelley K\u00f6nyvesbolt","description":"Az Amer \u00e9s a Tit\u00e1nok kisreg\u00e9ny \u00f6t f\u00e9rfir\u00f3l sz\u00f3l, akik v\u00e1rj\u00e1k a bebocs\u00e1t\u00e1st a csod\u00e1latos Zafrina istenn\u0151 palot\u00e1j\u00e1ba, ahol tan\u00edt\u00e1st kapnak.","robots":{"index":"index","follow":"follow","max-snippet":"max-snippet:-1","max-image-preview":"max-image-preview:large","max-video-preview":"max-video-preview:-1"},"canonical":"https:\/\/duncanshelley.com\/en\/product\/kate-brooks-duncan-shelley-amer-es-a-titanok\/","og_locale":"en_US","og_type":"article","og_title":"Kate Brooks & Duncan Shelley: Amer \u00e9s a tit\u00e1nok","og_description":"Az Amer \u00e9s a Tit\u00e1nok kisreg\u00e9ny \u00f6t f\u00e9rfir\u00f3l sz\u00f3l, akik v\u00e1rj\u00e1k a bebocs\u00e1t\u00e1st a csod\u00e1latos Zafrina istenn\u0151 palot\u00e1j\u00e1ba, ahol tan\u00edt\u00e1st kapnak.","og_url":"https:\/\/duncanshelley.com\/en\/product\/kate-brooks-duncan-shelley-amer-es-a-titanok\/","og_site_name":"Duncan Shelley K\u00f6nyvesbolt","article_modified_time":"2026-02-01T16:15:04+00:00","og_image":[{"width":324,"height":486,"url":"https:\/\/duncanshelley.com\/wp-content\/uploads\/duncan-shelley-kate-brooks-amer-es-a-titanok-1.jpg","type":"image\/jpeg"}],"twitter_misc":{"Est. reading time":"1 minute"},"schema":{"@context":"https:\/\/schema.org","@graph":[{"@type":"WebPage","@id":"https:\/\/duncanshelley.com\/termek\/kate-brooks-duncan-shelley-amer-es-a-titanok\/","url":"https:\/\/duncanshelley.com\/termek\/kate-brooks-duncan-shelley-amer-es-a-titanok\/","name":"Kate Brooks & Duncan Shelley: Amer \u00e9s a tit\u00e1nok - Duncan Shelley K\u00f6nyvesbolt","isPartOf":{"@id":"https:\/\/duncanshelley.com\/#website"},"primaryImageOfPage":{"@id":"https:\/\/duncanshelley.com\/termek\/kate-brooks-duncan-shelley-amer-es-a-titanok\/#primaryimage"},"image":{"@id":"https:\/\/duncanshelley.com\/termek\/kate-brooks-duncan-shelley-amer-es-a-titanok\/#primaryimage"},"thumbnailUrl":"https:\/\/duncanshelley.com\/wp-content\/uploads\/duncan-shelley-kate-brooks-amer-es-a-titanok-1.jpg","datePublished":"2019-09-14T12:49:44+00:00","dateModified":"2026-02-01T16:15:04+00:00","description":"Az Amer \u00e9s a Tit\u00e1nok kisreg\u00e9ny \u00f6t f\u00e9rfir\u00f3l sz\u00f3l, akik v\u00e1rj\u00e1k a bebocs\u00e1t\u00e1st a csod\u00e1latos Zafrina istenn\u0151 palot\u00e1j\u00e1ba, ahol tan\u00edt\u00e1st kapnak.","breadcrumb":{"@id":"https:\/\/duncanshelley.com\/termek\/kate-brooks-duncan-shelley-amer-es-a-titanok\/#breadcrumb"},"inLanguage":"en-US","potentialAction":[{"@type":"ReadAction","target":["https:\/\/duncanshelley.com\/termek\/kate-brooks-duncan-shelley-amer-es-a-titanok\/"]}]},{"@type":"ImageObject","inLanguage":"en-US","@id":"https:\/\/duncanshelley.com\/termek\/kate-brooks-duncan-shelley-amer-es-a-titanok\/#primaryimage","url":"https:\/\/duncanshelley.com\/wp-content\/uploads\/duncan-shelley-kate-brooks-amer-es-a-titanok-1.jpg","contentUrl":"https:\/\/duncanshelley.com\/wp-content\/uploads\/duncan-shelley-kate-brooks-amer-es-a-titanok-1.jpg","width":324,"height":486,"caption":"duncan-shelley-kate-brooks-amer-es-a-titanok"},{"@type":"BreadcrumbList","@id":"https:\/\/duncanshelley.com\/termek\/kate-brooks-duncan-shelley-amer-es-a-titanok\/#breadcrumb","itemListElement":[{"@type":"ListItem","position":1,"name":"Kezd\u0151lap","item":"https:\/\/duncanshelley.com\/"},{"@type":"ListItem","position":2,"name":"Webshop","item":"https:\/\/duncanshelley.com\/webshop\/"},{"@type":"ListItem","position":3,"name":"Kate Brooks &#038; Duncan Shelley: Amer \u00e9s a tit\u00e1nok"}]},{"@type":"WebSite","@id":"https:\/\/duncanshelley.com\/#website","url":"https:\/\/duncanshelley.com\/","name":"Duncan Shelley K\u00f6nyvesbolt","description":"","potentialAction":[{"@type":"SearchAction","target":{"@type":"EntryPoint","urlTemplate":"https:\/\/duncanshelley.com\/?s={search_term_string}"},"query-input":{"@type":"PropertyValueSpecification","valueRequired":true,"valueName":"search_term_string"}}],"inLanguage":"en-US"}]}},"_links":{"self":[{"href":"https:\/\/duncanshelley.com\/en\/wp-json\/wp\/v2\/product\/154","targetHints":{"allow":["GET"]}}],"collection":[{"href":"https:\/\/duncanshelley.com\/en\/wp-json\/wp\/v2\/product"}],"about":[{"href":"https:\/\/duncanshelley.com\/en\/wp-json\/wp\/v2\/types\/product"}],"replies":[{"embeddable":true,"href":"https:\/\/duncanshelley.com\/en\/wp-json\/wp\/v2\/comments?post=154"}],"wp:featuredmedia":[{"embeddable":true,"href":"https:\/\/duncanshelley.com\/en\/wp-json\/wp\/v2\/media\/8749"}],"wp:attachment":[{"href":"https:\/\/duncanshelley.com\/en\/wp-json\/wp\/v2\/media?parent=154"}],"wp:term":[{"taxonomy":"product_brand","embeddable":true,"href":"https:\/\/duncanshelley.com\/en\/wp-json\/wp\/v2\/product_brand?post=154"},{"taxonomy":"product_cat","embeddable":true,"href":"https:\/\/duncanshelley.com\/en\/wp-json\/wp\/v2\/product_cat?post=154"},{"taxonomy":"product_tag","embeddable":true,"href":"https:\/\/duncanshelley.com\/en\/wp-json\/wp\/v2\/product_tag?post=154"}],"curies":[{"name":"wp","href":"https:\/\/api.w.org\/{rel}","templated":true}]}}