{"id":12247,"date":"2022-02-24T07:54:37","date_gmt":"2022-02-24T06:54:37","guid":{"rendered":"https:\/\/brookskiado.hu\/?post_type=product&#038;p=12247"},"modified":"2025-09-10T21:40:19","modified_gmt":"2025-09-10T19:40:19","slug":"duncan-shelley-globalis-hatalomatvetel","status":"publish","type":"product","link":"https:\/\/duncanshelley.com\/en\/product\/duncan-shelley-globalis-hatalomatvetel\/","title":{"rendered":"Duncan Shelley &#8211; Glob\u00e1lis hatalom\u00e1tv\u00e9tel"},"content":{"rendered":"","protected":false},"excerpt":{"rendered":"<p>2030. okt\u00f3ber. A j\u00e1rv\u00e1nyok, v\u00e1ls\u00e1gok \u00e9s h\u00e1bor\u00fak \u00e1ltal megt\u00e9p\u00e1zott civiliz\u00e1ci\u00f3 \u00f6sszeomlott. A parancsnoki l\u00e1ncok sz\u00e9tszakadtak. Az emberis\u00e9g fell\u00e1zadt. Nincs t\u00f6rv\u00e9ny, nincs rend\u0151rs\u00e9g. Nincs internet, nincs \u00e1ram, nincs m\u00e9dia.<\/p>\n<p>A szak\u00e9rt\u0151k d\u00f6bbenten \u00e1llnak a glob\u00e1lis esem\u00e9nyek el\u0151tt. N\u00e9h\u00e1ny nap alatt valamennyi orsz\u00e1g t\u00e9rdre rogyott. \u00dajabb j\u00e1rv\u00e1nyr\u00f3l besz\u00e9lnek, ami engedetlenn\u00e9 teszi a polg\u00e1rokat.<\/p>\n<p>A CIA egy menesztett elemz\u0151je 16 \u00e9vvel kor\u00e1bban megj\u00f3solta, mi fog t\u00f6rt\u00e9nni. A val\u00f3s\u00e1g legapr\u00f3bb r\u00e9szleteiben k\u00f6vette progn\u00f3zis\u00e1t. Hogyan j\u00f6tt r\u00e1, hogy mi fel\u00e9 tart a vil\u00e1g? Ki a felel\u0151s? Ki tette \u00e9s hogyan? Hogyan lehet vissza\u00e9p\u00edteni a vil\u00e1got?<\/p>\n<p>A t\u00f6rt\u00e9netet fikt\u00edv titkosszolg\u00e1lati jelent\u00e9sek mes\u00e9lik el.<\/p>","protected":false},"featured_media":12250,"comment_status":"closed","ping_status":"closed","template":"","meta":{"_acf_changed":false,"_genesis_hide_title":false,"_genesis_hide_breadcrumbs":false,"_genesis_hide_singular_image":false,"_genesis_hide_footer_widgets":false,"_genesis_custom_body_class":"","_genesis_custom_post_class":"","_genesis_layout":""},"product_brand":[],"product_cat":[27,26],"product_tag":[],"class_list":{"0":"post-12247","1":"product","2":"type-product","3":"status-publish","4":"has-post-thumbnail","6":"product_cat-konteo-konyvek","7":"product_cat-politikai-konyvek","8":"entry","10":"first","11":"instock","12":"taxable","13":"shipping-taxable","14":"purchasable","15":"product-type-simple"},"acf":[],"yoast_head":"<!-- This site is optimized with the Yoast SEO Premium plugin v27.5 (Yoast SEO v27.5) - https:\/\/yoast.com\/product\/yoast-seo-premium-wordpress\/ -->\n<title>Duncan Shelley - Glob\u00e1lis hatalom\u00e1tv\u00e9tel - Duncan Shelley K\u00f6nyvesbolt<\/title>\n<meta name=\"description\" content=\"A Glob\u00e1lis hatalom\u00e1tv\u00e9tel c\u00edm\u0171 k\u00f6nyvben fikt\u00edv titkosszolg\u00e1lati jelent\u00e9sek mes\u00e9lnek el egy vil\u00e1gj\u00e1rv\u00e1nyt \u00e9s a m\u00f6g\u00f6ttes t\u00f6rt\u00e9n\u00e9seket.\" \/>\n<meta name=\"robots\" content=\"index, follow, max-snippet:-1, max-image-preview:large, max-video-preview:-1\" \/>\n<link rel=\"canonical\" href=\"https:\/\/duncanshelley.com\/en\/product\/duncan-shelley-globalis-hatalomatvetel\/\" \/>\n<meta property=\"og:locale\" content=\"en_US\" \/>\n<meta property=\"og:type\" content=\"article\" \/>\n<meta property=\"og:title\" content=\"Duncan Shelley - Glob\u00e1lis hatalom\u00e1tv\u00e9tel\" \/>\n<meta property=\"og:description\" content=\"A Glob\u00e1lis hatalom\u00e1tv\u00e9tel c\u00edm\u0171 k\u00f6nyvben fikt\u00edv titkosszolg\u00e1lati jelent\u00e9sek mes\u00e9lnek el egy vil\u00e1gj\u00e1rv\u00e1nyt \u00e9s a m\u00f6g\u00f6ttes t\u00f6rt\u00e9n\u00e9seket.\" \/>\n<meta property=\"og:url\" content=\"https:\/\/duncanshelley.com\/en\/product\/duncan-shelley-globalis-hatalomatvetel\/\" \/>\n<meta property=\"og:site_name\" content=\"Duncan Shelley K\u00f6nyvesbolt\" \/>\n<meta property=\"article:modified_time\" content=\"2025-09-10T19:40:19+00:00\" \/>\n<meta property=\"og:image\" content=\"https:\/\/duncanshelley.com\/wp-content\/uploads\/gh-front.jpg\" \/>\n\t<meta property=\"og:image:width\" content=\"300\" \/>\n\t<meta property=\"og:image:height\" content=\"475\" \/>\n\t<meta property=\"og:image:type\" content=\"image\/jpeg\" \/>\n<meta name=\"twitter:label1\" content=\"Est. reading time\" \/>\n\t<meta name=\"twitter:data1\" content=\"1 minute\" \/>\n<script type=\"application\/ld+json\" class=\"yoast-schema-graph\">{\"@context\":\"https:\\\/\\\/schema.org\",\"@graph\":[{\"@type\":\"WebPage\",\"@id\":\"https:\\\/\\\/duncanshelley.com\\\/termek\\\/duncan-shelley-globalis-hatalomatvetel\\\/\",\"url\":\"https:\\\/\\\/duncanshelley.com\\\/termek\\\/duncan-shelley-globalis-hatalomatvetel\\\/\",\"name\":\"Duncan Shelley - Glob\u00e1lis hatalom\u00e1tv\u00e9tel - Duncan Shelley K\u00f6nyvesbolt\",\"isPartOf\":{\"@id\":\"https:\\\/\\\/duncanshelley.com\\\/#website\"},\"primaryImageOfPage\":{\"@id\":\"https:\\\/\\\/duncanshelley.com\\\/termek\\\/duncan-shelley-globalis-hatalomatvetel\\\/#primaryimage\"},\"image\":{\"@id\":\"https:\\\/\\\/duncanshelley.com\\\/termek\\\/duncan-shelley-globalis-hatalomatvetel\\\/#primaryimage\"},\"thumbnailUrl\":\"https:\\\/\\\/duncanshelley.com\\\/wp-content\\\/uploads\\\/gh-front.jpg\",\"datePublished\":\"2022-02-24T06:54:37+00:00\",\"dateModified\":\"2025-09-10T19:40:19+00:00\",\"description\":\"A Glob\u00e1lis hatalom\u00e1tv\u00e9tel c\u00edm\u0171 k\u00f6nyvben fikt\u00edv titkosszolg\u00e1lati jelent\u00e9sek mes\u00e9lnek el egy vil\u00e1gj\u00e1rv\u00e1nyt \u00e9s a m\u00f6g\u00f6ttes t\u00f6rt\u00e9n\u00e9seket.\",\"breadcrumb\":{\"@id\":\"https:\\\/\\\/duncanshelley.com\\\/termek\\\/duncan-shelley-globalis-hatalomatvetel\\\/#breadcrumb\"},\"inLanguage\":\"en-US\",\"potentialAction\":[{\"@type\":\"ReadAction\",\"target\":[\"https:\\\/\\\/duncanshelley.com\\\/termek\\\/duncan-shelley-globalis-hatalomatvetel\\\/\"]}]},{\"@type\":\"ImageObject\",\"inLanguage\":\"en-US\",\"@id\":\"https:\\\/\\\/duncanshelley.com\\\/termek\\\/duncan-shelley-globalis-hatalomatvetel\\\/#primaryimage\",\"url\":\"https:\\\/\\\/duncanshelley.com\\\/wp-content\\\/uploads\\\/gh-front.jpg\",\"contentUrl\":\"https:\\\/\\\/duncanshelley.com\\\/wp-content\\\/uploads\\\/gh-front.jpg\",\"width\":300,\"height\":475,\"caption\":\"Duncan Shelley \u2013 Glob\u00e1lis hatalom\u00e1tv\u00e9tel\"},{\"@type\":\"BreadcrumbList\",\"@id\":\"https:\\\/\\\/duncanshelley.com\\\/termek\\\/duncan-shelley-globalis-hatalomatvetel\\\/#breadcrumb\",\"itemListElement\":[{\"@type\":\"ListItem\",\"position\":1,\"name\":\"Kezd\u0151lap\",\"item\":\"https:\\\/\\\/duncanshelley.com\\\/\"},{\"@type\":\"ListItem\",\"position\":2,\"name\":\"Webshop\",\"item\":\"https:\\\/\\\/duncanshelley.com\\\/webshop\\\/\"},{\"@type\":\"ListItem\",\"position\":3,\"name\":\"Duncan Shelley &#8211; Glob\u00e1lis hatalom\u00e1tv\u00e9tel\"}]},{\"@type\":\"WebSite\",\"@id\":\"https:\\\/\\\/duncanshelley.com\\\/#website\",\"url\":\"https:\\\/\\\/duncanshelley.com\\\/\",\"name\":\"Duncan Shelley K\u00f6nyvesbolt\",\"description\":\"\",\"potentialAction\":[{\"@type\":\"SearchAction\",\"target\":{\"@type\":\"EntryPoint\",\"urlTemplate\":\"https:\\\/\\\/duncanshelley.com\\\/?s={search_term_string}\"},\"query-input\":{\"@type\":\"PropertyValueSpecification\",\"valueRequired\":true,\"valueName\":\"search_term_string\"}}],\"inLanguage\":\"en-US\"}]}<\/script>\n<!-- \/ Yoast SEO Premium plugin. -->","yoast_head_json":{"title":"Duncan Shelley - Glob\u00e1lis hatalom\u00e1tv\u00e9tel - Duncan Shelley K\u00f6nyvesbolt","description":"A Glob\u00e1lis hatalom\u00e1tv\u00e9tel c\u00edm\u0171 k\u00f6nyvben fikt\u00edv titkosszolg\u00e1lati jelent\u00e9sek mes\u00e9lnek el egy vil\u00e1gj\u00e1rv\u00e1nyt \u00e9s a m\u00f6g\u00f6ttes t\u00f6rt\u00e9n\u00e9seket.","robots":{"index":"index","follow":"follow","max-snippet":"max-snippet:-1","max-image-preview":"max-image-preview:large","max-video-preview":"max-video-preview:-1"},"canonical":"https:\/\/duncanshelley.com\/en\/product\/duncan-shelley-globalis-hatalomatvetel\/","og_locale":"en_US","og_type":"article","og_title":"Duncan Shelley - Glob\u00e1lis hatalom\u00e1tv\u00e9tel","og_description":"A Glob\u00e1lis hatalom\u00e1tv\u00e9tel c\u00edm\u0171 k\u00f6nyvben fikt\u00edv titkosszolg\u00e1lati jelent\u00e9sek mes\u00e9lnek el egy vil\u00e1gj\u00e1rv\u00e1nyt \u00e9s a m\u00f6g\u00f6ttes t\u00f6rt\u00e9n\u00e9seket.","og_url":"https:\/\/duncanshelley.com\/en\/product\/duncan-shelley-globalis-hatalomatvetel\/","og_site_name":"Duncan Shelley K\u00f6nyvesbolt","article_modified_time":"2025-09-10T19:40:19+00:00","og_image":[{"width":300,"height":475,"url":"https:\/\/duncanshelley.com\/wp-content\/uploads\/gh-front.jpg","type":"image\/jpeg"}],"twitter_misc":{"Est. reading time":"1 minute"},"schema":{"@context":"https:\/\/schema.org","@graph":[{"@type":"WebPage","@id":"https:\/\/duncanshelley.com\/termek\/duncan-shelley-globalis-hatalomatvetel\/","url":"https:\/\/duncanshelley.com\/termek\/duncan-shelley-globalis-hatalomatvetel\/","name":"Duncan Shelley - Glob\u00e1lis hatalom\u00e1tv\u00e9tel - Duncan Shelley K\u00f6nyvesbolt","isPartOf":{"@id":"https:\/\/duncanshelley.com\/#website"},"primaryImageOfPage":{"@id":"https:\/\/duncanshelley.com\/termek\/duncan-shelley-globalis-hatalomatvetel\/#primaryimage"},"image":{"@id":"https:\/\/duncanshelley.com\/termek\/duncan-shelley-globalis-hatalomatvetel\/#primaryimage"},"thumbnailUrl":"https:\/\/duncanshelley.com\/wp-content\/uploads\/gh-front.jpg","datePublished":"2022-02-24T06:54:37+00:00","dateModified":"2025-09-10T19:40:19+00:00","description":"A Glob\u00e1lis hatalom\u00e1tv\u00e9tel c\u00edm\u0171 k\u00f6nyvben fikt\u00edv titkosszolg\u00e1lati jelent\u00e9sek mes\u00e9lnek el egy vil\u00e1gj\u00e1rv\u00e1nyt \u00e9s a m\u00f6g\u00f6ttes t\u00f6rt\u00e9n\u00e9seket.","breadcrumb":{"@id":"https:\/\/duncanshelley.com\/termek\/duncan-shelley-globalis-hatalomatvetel\/#breadcrumb"},"inLanguage":"en-US","potentialAction":[{"@type":"ReadAction","target":["https:\/\/duncanshelley.com\/termek\/duncan-shelley-globalis-hatalomatvetel\/"]}]},{"@type":"ImageObject","inLanguage":"en-US","@id":"https:\/\/duncanshelley.com\/termek\/duncan-shelley-globalis-hatalomatvetel\/#primaryimage","url":"https:\/\/duncanshelley.com\/wp-content\/uploads\/gh-front.jpg","contentUrl":"https:\/\/duncanshelley.com\/wp-content\/uploads\/gh-front.jpg","width":300,"height":475,"caption":"Duncan Shelley \u2013 Glob\u00e1lis hatalom\u00e1tv\u00e9tel"},{"@type":"BreadcrumbList","@id":"https:\/\/duncanshelley.com\/termek\/duncan-shelley-globalis-hatalomatvetel\/#breadcrumb","itemListElement":[{"@type":"ListItem","position":1,"name":"Kezd\u0151lap","item":"https:\/\/duncanshelley.com\/"},{"@type":"ListItem","position":2,"name":"Webshop","item":"https:\/\/duncanshelley.com\/webshop\/"},{"@type":"ListItem","position":3,"name":"Duncan Shelley &#8211; Glob\u00e1lis hatalom\u00e1tv\u00e9tel"}]},{"@type":"WebSite","@id":"https:\/\/duncanshelley.com\/#website","url":"https:\/\/duncanshelley.com\/","name":"Duncan Shelley K\u00f6nyvesbolt","description":"","potentialAction":[{"@type":"SearchAction","target":{"@type":"EntryPoint","urlTemplate":"https:\/\/duncanshelley.com\/?s={search_term_string}"},"query-input":{"@type":"PropertyValueSpecification","valueRequired":true,"valueName":"search_term_string"}}],"inLanguage":"en-US"}]}},"_links":{"self":[{"href":"https:\/\/duncanshelley.com\/en\/wp-json\/wp\/v2\/product\/12247","targetHints":{"allow":["GET"]}}],"collection":[{"href":"https:\/\/duncanshelley.com\/en\/wp-json\/wp\/v2\/product"}],"about":[{"href":"https:\/\/duncanshelley.com\/en\/wp-json\/wp\/v2\/types\/product"}],"replies":[{"embeddable":true,"href":"https:\/\/duncanshelley.com\/en\/wp-json\/wp\/v2\/comments?post=12247"}],"wp:featuredmedia":[{"embeddable":true,"href":"https:\/\/duncanshelley.com\/en\/wp-json\/wp\/v2\/media\/12250"}],"wp:attachment":[{"href":"https:\/\/duncanshelley.com\/en\/wp-json\/wp\/v2\/media?parent=12247"}],"wp:term":[{"taxonomy":"product_brand","embeddable":true,"href":"https:\/\/duncanshelley.com\/en\/wp-json\/wp\/v2\/product_brand?post=12247"},{"taxonomy":"product_cat","embeddable":true,"href":"https:\/\/duncanshelley.com\/en\/wp-json\/wp\/v2\/product_cat?post=12247"},{"taxonomy":"product_tag","embeddable":true,"href":"https:\/\/duncanshelley.com\/en\/wp-json\/wp\/v2\/product_tag?post=12247"}],"curies":[{"name":"wp","href":"https:\/\/api.w.org\/{rel}","templated":true}]}}