{"id":100,"date":"2019-09-07T13:37:34","date_gmt":"2019-09-07T11:37:34","guid":{"rendered":"https:\/\/brookskiado.hu\/?post_type=product&#038;p=100"},"modified":"2026-04-01T19:12:30","modified_gmt":"2026-04-01T17:12:30","slug":"duncan-shelley-a-varazslo-utja-konyvcsomag","status":"publish","type":"product","link":"https:\/\/duncanshelley.com\/en\/product\/duncan-shelley-a-varazslo-utja-konyvcsomag\/","title":{"rendered":"Duncan Shelley: A Var\u00e1zsl\u00f3 \u00datja k\u00f6nyvcsomag"},"content":{"rendered":"<p data-start=\"424\" data-end=\"501\"><strong data-start=\"424\" data-end=\"501\">Mi t\u00f6rt\u00e9nik, ha r\u00e1j\u00f6ssz, hogy az \u00e9leted nem v\u00e9letlen \u2014 hanem egy j\u00e1tszma?<\/strong><\/p>\n<p data-start=\"503\" data-end=\"625\">Amer egykor egy szerencs\u00e9tlen bolond volt.<br data-start=\"545\" data-end=\"548\" \/>Ma m\u00e1r egy olyan var\u00e1zsl\u00f3, aki nem sodr\u00f3dik az \u00e9lettel \u2014 hanem ir\u00e1ny\u00edtja azt.<\/p>\n<h3 data-section-id=\"1mrcup0\" data-start=\"632\" data-end=\"663\">\ud83e\udde0 Mit ad ez a k\u00f6nyvcsomag?<\/h3>\n<ul>\n<li data-start=\"665\" data-end=\"773\">\u00faj n\u00e9z\u0151pontot ad az \u00e9letedre<\/li>\n<li data-start=\"665\" data-end=\"773\">seg\u00edt meg\u00e9rteni a j\u00e1tszm\u00e1kat<\/li>\n<li data-start=\"665\" data-end=\"773\">\u00a0megmutatja, hogyan l\u00e9pj ki a mint\u00e1kb\u00f3l<\/li>\n<\/ul>\n<h3 data-section-id=\"1n0uttp\" data-start=\"780\" data-end=\"797\">\ud83d\udcda Mit kapsz?<\/h3>\n<ul>\n<li data-start=\"799\" data-end=\"873\">16 k\u00fcl\u00f6n\u00e1ll\u00f3 kisreg\u00e9ny<\/li>\n<li data-start=\"799\" data-end=\"873\">r\u00f6vid, er\u0151s t\u00f6rt\u00e9netek<\/li>\n<li data-start=\"799\" data-end=\"873\">\u00a0b\u00e1rhol olvashat\u00f3<\/li>\n<\/ul>\n<h3 data-section-id=\"zpz4za\" data-start=\"880\" data-end=\"894\">\u00a0Aj\u00e1nlat<\/h3>\n<p data-start=\"896\" data-end=\"946\"><strong data-start=\"896\" data-end=\"921\">Eredeti \u00e1r: 28.800 Ft<\/strong><br data-start=\"921\" data-end=\"924\" \/>\ud83d\udc49 <strong data-start=\"927\" data-end=\"946\">Most: 23.000 Ft<\/strong><\/p>\n<h3 data-section-id=\"18z4gni\" data-start=\"953\" data-end=\"983\">Tedd meg az els\u0151 l\u00e9p\u00e9st<\/h3>\n<p data-start=\"985\" data-end=\"1032\">\ud83d\udc49 Tedd kos\u00e1rba most, \u00e9s fedezd fel Amer \u00fatj\u00e1t.<\/p>\n<p><strong>A Var\u00e1zsl\u00f3 \u00datja k\u00f6nyvcsomag 16 k\u00f6nyvet tartalmaz:<\/strong><\/p>\n<p>1. Amer t\u00e1nca<\/p>\n<p>2. Amer els\u0151 hal\u00e1la<\/p>\n<p>3. Amer \u00e9s az Amazonok<\/p>\n<p>4. Amer \u00e9s a Tit\u00e1nok<\/p>\n<p>5. Amer hite<\/p>\n<p>6. Amer \u00e9s a l\u00e1thatatlan bilincs<\/p>\n<p>7. Amer a gy\u00f3gy\u00edt\u00f3\u200b<\/p>\n<p>8. Amer v\u00e9rben \u00e1zva<\/p>\n<p>9. Amer \u00e9s a hatalom<\/p>\n<p>10. Amer \u00e9s a j\u00e1tszm\u00e1k<\/p>\n<p>11. Amer \u00e9s a f\u00e9lt\u00e9kenys\u00e9g<\/p>\n<p>12. Amer \u00e9s a j\u00e1rv\u00e1ny<\/p>\n<p>13. Amer a tan\u00edt\u00f3<\/p>\n<p>14. Amer \u00e9s az \u00e1ldozat<\/p>\n<p>15. Amer \u00e9s a f\u00e9lelem<\/p>\n<p>16. Amer \u00e9s az AI<\/p>","protected":false},"excerpt":{"rendered":"<p><strong>Amer \u2013<\/strong><br \/>\negykor szerencs\u00e9tlen bolond volt csup\u00e1n,<br \/>\nma hatalmas var\u00e1zsl\u00f3, aki felette \u00e1ll a k\u00f6r\u00fclm\u00e9nyeknek.<\/p>\n<p>Mit kellett megtanulnia \u00f6nmag\u00e1r\u00f3l \u00e9s az \u00e9letr\u0151l?<\/p>\n<p>A v\u00e1laszok \u00e9letb\u00f6lcsess\u00e9gek, melyeket mi magunk is felhaszn\u00e1lhatunk.<\/p>","protected":false},"featured_media":28599,"comment_status":"closed","ping_status":"closed","template":"","meta":{"_acf_changed":false,"_genesis_hide_title":false,"_genesis_hide_breadcrumbs":false,"_genesis_hide_singular_image":false,"_genesis_hide_footer_widgets":false,"_genesis_custom_body_class":"","_genesis_custom_post_class":"","_genesis_layout":""},"product_brand":[],"product_cat":[167,17,45],"product_tag":[],"class_list":{"0":"post-100","1":"product","2":"type-product","3":"status-publish","4":"has-post-thumbnail","6":"product_cat-amer-konyvek","7":"product_cat-fantasy-konyvek","8":"product_cat-spiritualis-konyvek","9":"entry","11":"first","12":"instock","13":"sale","14":"taxable","15":"shipping-taxable","16":"purchasable","17":"product-type-simple"},"acf":[],"yoast_head":"<!-- This site is optimized with the Yoast SEO Premium plugin v27.3 (Yoast SEO v27.3) - https:\/\/yoast.com\/product\/yoast-seo-premium-wordpress\/ -->\n<title>Duncan Shelley: A Var\u00e1zsl\u00f3 \u00datja k\u00f6nyvcsomag - Duncan Shelley K\u00f6nyvesbolt<\/title>\n<meta name=\"description\" content=\"A Var\u00e1zsl\u00f3 \u00datja sorozat k\u00f6zponti szerepl\u0151je Amer, a var\u00e1zsl\u00f3. A kisreg\u00e9nyek \u00e9letb\u00f6lcsess\u00e9gek, melyeket mi magunk is felhaszn\u00e1lhatunk.\" \/>\n<meta name=\"robots\" content=\"index, follow, max-snippet:-1, max-image-preview:large, max-video-preview:-1\" \/>\n<link rel=\"canonical\" href=\"https:\/\/duncanshelley.com\/en\/product\/duncan-shelley-a-varazslo-utja-konyvcsomag\/\" \/>\n<meta property=\"og:locale\" content=\"en_US\" \/>\n<meta property=\"og:type\" content=\"article\" \/>\n<meta property=\"og:title\" content=\"Duncan Shelley: A Var\u00e1zsl\u00f3 \u00datja k\u00f6nyvcsomag\" \/>\n<meta property=\"og:description\" content=\"A Var\u00e1zsl\u00f3 \u00datja sorozat k\u00f6zponti szerepl\u0151je Amer, a var\u00e1zsl\u00f3. A kisreg\u00e9nyek \u00e9letb\u00f6lcsess\u00e9gek, melyeket mi magunk is felhaszn\u00e1lhatunk.\" \/>\n<meta property=\"og:url\" content=\"https:\/\/duncanshelley.com\/en\/product\/duncan-shelley-a-varazslo-utja-konyvcsomag\/\" \/>\n<meta property=\"og:site_name\" content=\"Duncan Shelley K\u00f6nyvesbolt\" \/>\n<meta property=\"article:modified_time\" content=\"2026-04-01T17:12:30+00:00\" \/>\n<meta property=\"og:image\" content=\"https:\/\/duncanshelley.com\/wp-content\/uploads\/1.jpg\" \/>\n\t<meta property=\"og:image:width\" content=\"600\" \/>\n\t<meta property=\"og:image:height\" content=\"960\" \/>\n\t<meta property=\"og:image:type\" content=\"image\/jpeg\" \/>\n<meta name=\"twitter:label1\" content=\"Est. reading time\" \/>\n\t<meta name=\"twitter:data1\" content=\"2 minutes\" \/>\n<script type=\"application\/ld+json\" class=\"yoast-schema-graph\">{\"@context\":\"https:\\\/\\\/schema.org\",\"@graph\":[{\"@type\":\"WebPage\",\"@id\":\"https:\\\/\\\/duncanshelley.com\\\/termek\\\/duncan-shelley-a-varazslo-utja-konyvcsomag\\\/\",\"url\":\"https:\\\/\\\/duncanshelley.com\\\/termek\\\/duncan-shelley-a-varazslo-utja-konyvcsomag\\\/\",\"name\":\"Duncan Shelley: A Var\u00e1zsl\u00f3 \u00datja k\u00f6nyvcsomag - Duncan Shelley K\u00f6nyvesbolt\",\"isPartOf\":{\"@id\":\"https:\\\/\\\/duncanshelley.com\\\/#website\"},\"primaryImageOfPage\":{\"@id\":\"https:\\\/\\\/duncanshelley.com\\\/termek\\\/duncan-shelley-a-varazslo-utja-konyvcsomag\\\/#primaryimage\"},\"image\":{\"@id\":\"https:\\\/\\\/duncanshelley.com\\\/termek\\\/duncan-shelley-a-varazslo-utja-konyvcsomag\\\/#primaryimage\"},\"thumbnailUrl\":\"https:\\\/\\\/duncanshelley.com\\\/wp-content\\\/uploads\\\/1.jpg\",\"datePublished\":\"2019-09-07T11:37:34+00:00\",\"dateModified\":\"2026-04-01T17:12:30+00:00\",\"description\":\"A Var\u00e1zsl\u00f3 \u00datja sorozat k\u00f6zponti szerepl\u0151je Amer, a var\u00e1zsl\u00f3. A kisreg\u00e9nyek \u00e9letb\u00f6lcsess\u00e9gek, melyeket mi magunk is felhaszn\u00e1lhatunk.\",\"breadcrumb\":{\"@id\":\"https:\\\/\\\/duncanshelley.com\\\/termek\\\/duncan-shelley-a-varazslo-utja-konyvcsomag\\\/#breadcrumb\"},\"inLanguage\":\"en-US\",\"potentialAction\":[{\"@type\":\"ReadAction\",\"target\":[\"https:\\\/\\\/duncanshelley.com\\\/termek\\\/duncan-shelley-a-varazslo-utja-konyvcsomag\\\/\"]}]},{\"@type\":\"ImageObject\",\"inLanguage\":\"en-US\",\"@id\":\"https:\\\/\\\/duncanshelley.com\\\/termek\\\/duncan-shelley-a-varazslo-utja-konyvcsomag\\\/#primaryimage\",\"url\":\"https:\\\/\\\/duncanshelley.com\\\/wp-content\\\/uploads\\\/1.jpg\",\"contentUrl\":\"https:\\\/\\\/duncanshelley.com\\\/wp-content\\\/uploads\\\/1.jpg\",\"width\":600,\"height\":960,\"caption\":\"1\"},{\"@type\":\"BreadcrumbList\",\"@id\":\"https:\\\/\\\/duncanshelley.com\\\/termek\\\/duncan-shelley-a-varazslo-utja-konyvcsomag\\\/#breadcrumb\",\"itemListElement\":[{\"@type\":\"ListItem\",\"position\":1,\"name\":\"Kezd\u0151lap\",\"item\":\"https:\\\/\\\/duncanshelley.com\\\/\"},{\"@type\":\"ListItem\",\"position\":2,\"name\":\"Webshop\",\"item\":\"https:\\\/\\\/duncanshelley.com\\\/webshop\\\/\"},{\"@type\":\"ListItem\",\"position\":3,\"name\":\"Duncan Shelley: A Var\u00e1zsl\u00f3 \u00datja k\u00f6nyvcsomag\"}]},{\"@type\":\"WebSite\",\"@id\":\"https:\\\/\\\/duncanshelley.com\\\/#website\",\"url\":\"https:\\\/\\\/duncanshelley.com\\\/\",\"name\":\"Duncan Shelley K\u00f6nyvesbolt\",\"description\":\"\",\"potentialAction\":[{\"@type\":\"SearchAction\",\"target\":{\"@type\":\"EntryPoint\",\"urlTemplate\":\"https:\\\/\\\/duncanshelley.com\\\/?s={search_term_string}\"},\"query-input\":{\"@type\":\"PropertyValueSpecification\",\"valueRequired\":true,\"valueName\":\"search_term_string\"}}],\"inLanguage\":\"en-US\"}]}<\/script>\n<!-- \/ Yoast SEO Premium plugin. -->","yoast_head_json":{"title":"Duncan Shelley: A Var\u00e1zsl\u00f3 \u00datja k\u00f6nyvcsomag - Duncan Shelley K\u00f6nyvesbolt","description":"A Var\u00e1zsl\u00f3 \u00datja sorozat k\u00f6zponti szerepl\u0151je Amer, a var\u00e1zsl\u00f3. A kisreg\u00e9nyek \u00e9letb\u00f6lcsess\u00e9gek, melyeket mi magunk is felhaszn\u00e1lhatunk.","robots":{"index":"index","follow":"follow","max-snippet":"max-snippet:-1","max-image-preview":"max-image-preview:large","max-video-preview":"max-video-preview:-1"},"canonical":"https:\/\/duncanshelley.com\/en\/product\/duncan-shelley-a-varazslo-utja-konyvcsomag\/","og_locale":"en_US","og_type":"article","og_title":"Duncan Shelley: A Var\u00e1zsl\u00f3 \u00datja k\u00f6nyvcsomag","og_description":"A Var\u00e1zsl\u00f3 \u00datja sorozat k\u00f6zponti szerepl\u0151je Amer, a var\u00e1zsl\u00f3. A kisreg\u00e9nyek \u00e9letb\u00f6lcsess\u00e9gek, melyeket mi magunk is felhaszn\u00e1lhatunk.","og_url":"https:\/\/duncanshelley.com\/en\/product\/duncan-shelley-a-varazslo-utja-konyvcsomag\/","og_site_name":"Duncan Shelley K\u00f6nyvesbolt","article_modified_time":"2026-04-01T17:12:30+00:00","og_image":[{"width":600,"height":960,"url":"https:\/\/duncanshelley.com\/wp-content\/uploads\/1.jpg","type":"image\/jpeg"}],"twitter_misc":{"Est. reading time":"2 minutes"},"schema":{"@context":"https:\/\/schema.org","@graph":[{"@type":"WebPage","@id":"https:\/\/duncanshelley.com\/termek\/duncan-shelley-a-varazslo-utja-konyvcsomag\/","url":"https:\/\/duncanshelley.com\/termek\/duncan-shelley-a-varazslo-utja-konyvcsomag\/","name":"Duncan Shelley: A Var\u00e1zsl\u00f3 \u00datja k\u00f6nyvcsomag - Duncan Shelley K\u00f6nyvesbolt","isPartOf":{"@id":"https:\/\/duncanshelley.com\/#website"},"primaryImageOfPage":{"@id":"https:\/\/duncanshelley.com\/termek\/duncan-shelley-a-varazslo-utja-konyvcsomag\/#primaryimage"},"image":{"@id":"https:\/\/duncanshelley.com\/termek\/duncan-shelley-a-varazslo-utja-konyvcsomag\/#primaryimage"},"thumbnailUrl":"https:\/\/duncanshelley.com\/wp-content\/uploads\/1.jpg","datePublished":"2019-09-07T11:37:34+00:00","dateModified":"2026-04-01T17:12:30+00:00","description":"A Var\u00e1zsl\u00f3 \u00datja sorozat k\u00f6zponti szerepl\u0151je Amer, a var\u00e1zsl\u00f3. A kisreg\u00e9nyek \u00e9letb\u00f6lcsess\u00e9gek, melyeket mi magunk is felhaszn\u00e1lhatunk.","breadcrumb":{"@id":"https:\/\/duncanshelley.com\/termek\/duncan-shelley-a-varazslo-utja-konyvcsomag\/#breadcrumb"},"inLanguage":"en-US","potentialAction":[{"@type":"ReadAction","target":["https:\/\/duncanshelley.com\/termek\/duncan-shelley-a-varazslo-utja-konyvcsomag\/"]}]},{"@type":"ImageObject","inLanguage":"en-US","@id":"https:\/\/duncanshelley.com\/termek\/duncan-shelley-a-varazslo-utja-konyvcsomag\/#primaryimage","url":"https:\/\/duncanshelley.com\/wp-content\/uploads\/1.jpg","contentUrl":"https:\/\/duncanshelley.com\/wp-content\/uploads\/1.jpg","width":600,"height":960,"caption":"1"},{"@type":"BreadcrumbList","@id":"https:\/\/duncanshelley.com\/termek\/duncan-shelley-a-varazslo-utja-konyvcsomag\/#breadcrumb","itemListElement":[{"@type":"ListItem","position":1,"name":"Kezd\u0151lap","item":"https:\/\/duncanshelley.com\/"},{"@type":"ListItem","position":2,"name":"Webshop","item":"https:\/\/duncanshelley.com\/webshop\/"},{"@type":"ListItem","position":3,"name":"Duncan Shelley: A Var\u00e1zsl\u00f3 \u00datja k\u00f6nyvcsomag"}]},{"@type":"WebSite","@id":"https:\/\/duncanshelley.com\/#website","url":"https:\/\/duncanshelley.com\/","name":"Duncan Shelley K\u00f6nyvesbolt","description":"","potentialAction":[{"@type":"SearchAction","target":{"@type":"EntryPoint","urlTemplate":"https:\/\/duncanshelley.com\/?s={search_term_string}"},"query-input":{"@type":"PropertyValueSpecification","valueRequired":true,"valueName":"search_term_string"}}],"inLanguage":"en-US"}]}},"_links":{"self":[{"href":"https:\/\/duncanshelley.com\/en\/wp-json\/wp\/v2\/product\/100","targetHints":{"allow":["GET"]}}],"collection":[{"href":"https:\/\/duncanshelley.com\/en\/wp-json\/wp\/v2\/product"}],"about":[{"href":"https:\/\/duncanshelley.com\/en\/wp-json\/wp\/v2\/types\/product"}],"replies":[{"embeddable":true,"href":"https:\/\/duncanshelley.com\/en\/wp-json\/wp\/v2\/comments?post=100"}],"wp:featuredmedia":[{"embeddable":true,"href":"https:\/\/duncanshelley.com\/en\/wp-json\/wp\/v2\/media\/28599"}],"wp:attachment":[{"href":"https:\/\/duncanshelley.com\/en\/wp-json\/wp\/v2\/media?parent=100"}],"wp:term":[{"taxonomy":"product_brand","embeddable":true,"href":"https:\/\/duncanshelley.com\/en\/wp-json\/wp\/v2\/product_brand?post=100"},{"taxonomy":"product_cat","embeddable":true,"href":"https:\/\/duncanshelley.com\/en\/wp-json\/wp\/v2\/product_cat?post=100"},{"taxonomy":"product_tag","embeddable":true,"href":"https:\/\/duncanshelley.com\/en\/wp-json\/wp\/v2\/product_tag?post=100"}],"curies":[{"name":"wp","href":"https:\/\/api.w.org\/{rel}","templated":true}]}}