{"id":8575,"date":"2021-03-16T17:31:33","date_gmt":"2021-03-16T16:31:33","guid":{"rendered":"https:\/\/brookskiado.hu\/?page_id=8575"},"modified":"2021-03-17T09:11:52","modified_gmt":"2021-03-17T08:11:52","slug":"duncan-shelley-2","status":"publish","type":"page","link":"https:\/\/duncanshelley.com\/en\/duncan-shelley-2\/","title":{"rendered":"Duncan Shelley"},"content":{"rendered":"<h4 class=\"wp-block-heading\">\u00cdr\u00f3, forgat\u00f3k\u00f6nyv\u00edr\u00f3, blogger, adatb\u00e1ny\u00e1sz \u00e9s adatelemz\u0151.<\/h4>\n\n\n\n<p>Csup\u00e1n egy gondolkod\u00f3 ember szeretn\u00e9k lenni. Ez \u00f3hatatlanul azzal j\u00e1r, hogy nem tartozom sehov\u00e1, nem csatlakozom semmilyen ir\u00e1nyzathoz, vil\u00e1gl\u00e1t\u00e1shoz vagy tan\u00edt\u00e1shoz. A csatlakoz\u00e1s \u00e1ra a gondolkod\u00e1s felf\u00fcggeszt\u00e9se, a kritikai megk\u00f6zel\u00edt\u00e9s elhagy\u00e1sa, az eg\u00e9szs\u00e9ges k\u00e9tely elfojt\u00e1sa, a fejl\u0151d\u00e9sr\u0151l val\u00f3 lemond\u00e1s lenne, ami t\u00fals\u00e1gosan nagy \u00e1r a k\u00f6z\u00f6s programok\u00e9rt cser\u00e9be.<\/p>\n\n\n\n<p>Fel\u00fclvizsg\u00e1lom a saj\u00e1t \u00e1ll\u00e1spontjaimat, ha sz\u00fcks\u00e9ges, m\u00f3dos\u00edtom azokat, vagy elvetem, ak\u00e1r m\u00e9g szembe is megyek vel\u00fck. Nem szeretn\u00e9k a saj\u00e1t t\u00e9vedhetetlens\u00e9gem ill\u00fazi\u00f3j\u00e1nak fogja lenni. Ragaszkodom a fejl\u0151d\u00e9shez. Aki 10 \u00e9vvel k\u00e9s\u0151bb m\u00e9g mindig ugyanaz az ember, az valamit nagyon rosszul csin\u00e1l.<br><br>Aki nem v\u00e1ltozik, az vajon \u00e9l-e?<\/p>\n\n\n\n<p>Duncan<\/p>","protected":false},"excerpt":{"rendered":"<p>\u00cdr\u00f3, forgat\u00f3k\u00f6nyv\u00edr\u00f3, blogger, adatb\u00e1ny\u00e1sz \u00e9s adatelemz\u0151. Csup\u00e1n egy gondolkod\u00f3 ember szeretn\u00e9k lenni. Ez \u00f3hatatlanul azzal j\u00e1r, hogy nem tartozom sehov\u00e1, <a class=\"read-more\" href=\"https:\/\/duncanshelley.com\/en\/duncan-shelley-2\/\">Tov\u00e1bb &raquo;<\/a><\/p>","protected":false},"author":4135,"featured_media":0,"parent":0,"menu_order":0,"comment_status":"closed","ping_status":"closed","template":"","meta":{"_acf_changed":false,"_genesis_hide_title":false,"_genesis_hide_breadcrumbs":false,"_genesis_hide_singular_image":false,"_genesis_hide_footer_widgets":false,"_genesis_custom_body_class":"","_genesis_custom_post_class":"","_genesis_layout":"content-sidebar","footnotes":""},"class_list":{"0":"post-8575","1":"page","2":"type-page","3":"status-publish","5":"entry"},"acf":[],"yoast_head":"<!-- This site is optimized with the Yoast SEO Premium plugin v27.5 (Yoast SEO v27.5) - https:\/\/yoast.com\/product\/yoast-seo-premium-wordpress\/ -->\n<title>Duncan Shelley - Duncan Shelley K\u00f6nyvesbolt<\/title>\n<meta name=\"robots\" content=\"index, follow, max-snippet:-1, max-image-preview:large, max-video-preview:-1\" \/>\n<link rel=\"canonical\" href=\"https:\/\/duncanshelley.com\/en\/duncan-shelley-2\/\" \/>\n<meta property=\"og:locale\" content=\"en_US\" \/>\n<meta property=\"og:type\" content=\"article\" \/>\n<meta property=\"og:title\" content=\"Duncan Shelley\" \/>\n<meta property=\"og:description\" content=\"\u00cdr\u00f3, forgat\u00f3k\u00f6nyv\u00edr\u00f3, blogger, adatb\u00e1ny\u00e1sz \u00e9s adatelemz\u0151. Csup\u00e1n egy gondolkod\u00f3 ember szeretn\u00e9k lenni. Ez \u00f3hatatlanul azzal j\u00e1r, hogy nem tartozom sehov\u00e1, Tov\u00e1bb &raquo;\" \/>\n<meta property=\"og:url\" content=\"https:\/\/duncanshelley.com\/en\/duncan-shelley-2\/\" \/>\n<meta property=\"og:site_name\" content=\"Duncan Shelley K\u00f6nyvesbolt\" \/>\n<meta property=\"article:modified_time\" content=\"2021-03-17T08:11:52+00:00\" \/>\n<meta name=\"twitter:label1\" content=\"Est. reading time\" \/>\n\t<meta name=\"twitter:data1\" content=\"1 minute\" \/>\n<script type=\"application\/ld+json\" class=\"yoast-schema-graph\">{\"@context\":\"https:\\\/\\\/schema.org\",\"@graph\":[{\"@type\":\"WebPage\",\"@id\":\"https:\\\/\\\/duncanshelley.com\\\/duncan-shelley-2\\\/\",\"url\":\"https:\\\/\\\/duncanshelley.com\\\/duncan-shelley-2\\\/\",\"name\":\"Duncan Shelley - Duncan Shelley K\u00f6nyvesbolt\",\"isPartOf\":{\"@id\":\"https:\\\/\\\/duncanshelley.com\\\/#website\"},\"datePublished\":\"2021-03-16T16:31:33+00:00\",\"dateModified\":\"2021-03-17T08:11:52+00:00\",\"breadcrumb\":{\"@id\":\"https:\\\/\\\/duncanshelley.com\\\/duncan-shelley-2\\\/#breadcrumb\"},\"inLanguage\":\"en-US\",\"potentialAction\":[{\"@type\":\"ReadAction\",\"target\":[\"https:\\\/\\\/duncanshelley.com\\\/duncan-shelley-2\\\/\"]}]},{\"@type\":\"BreadcrumbList\",\"@id\":\"https:\\\/\\\/duncanshelley.com\\\/duncan-shelley-2\\\/#breadcrumb\",\"itemListElement\":[{\"@type\":\"ListItem\",\"position\":1,\"name\":\"Kezd\u0151lap\",\"item\":\"https:\\\/\\\/duncanshelley.com\\\/\"},{\"@type\":\"ListItem\",\"position\":2,\"name\":\"Duncan Shelley\"}]},{\"@type\":\"WebSite\",\"@id\":\"https:\\\/\\\/duncanshelley.com\\\/#website\",\"url\":\"https:\\\/\\\/duncanshelley.com\\\/\",\"name\":\"Duncan Shelley K\u00f6nyvesbolt\",\"description\":\"\",\"potentialAction\":[{\"@type\":\"SearchAction\",\"target\":{\"@type\":\"EntryPoint\",\"urlTemplate\":\"https:\\\/\\\/duncanshelley.com\\\/?s={search_term_string}\"},\"query-input\":{\"@type\":\"PropertyValueSpecification\",\"valueRequired\":true,\"valueName\":\"search_term_string\"}}],\"inLanguage\":\"en-US\"}]}<\/script>\n<!-- \/ Yoast SEO Premium plugin. -->","yoast_head_json":{"title":"Duncan Shelley - Duncan Shelley K\u00f6nyvesbolt","robots":{"index":"index","follow":"follow","max-snippet":"max-snippet:-1","max-image-preview":"max-image-preview:large","max-video-preview":"max-video-preview:-1"},"canonical":"https:\/\/duncanshelley.com\/en\/duncan-shelley-2\/","og_locale":"en_US","og_type":"article","og_title":"Duncan Shelley","og_description":"\u00cdr\u00f3, forgat\u00f3k\u00f6nyv\u00edr\u00f3, blogger, adatb\u00e1ny\u00e1sz \u00e9s adatelemz\u0151. Csup\u00e1n egy gondolkod\u00f3 ember szeretn\u00e9k lenni. Ez \u00f3hatatlanul azzal j\u00e1r, hogy nem tartozom sehov\u00e1, Tov\u00e1bb &raquo;","og_url":"https:\/\/duncanshelley.com\/en\/duncan-shelley-2\/","og_site_name":"Duncan Shelley K\u00f6nyvesbolt","article_modified_time":"2021-03-17T08:11:52+00:00","twitter_misc":{"Est. reading time":"1 minute"},"schema":{"@context":"https:\/\/schema.org","@graph":[{"@type":"WebPage","@id":"https:\/\/duncanshelley.com\/duncan-shelley-2\/","url":"https:\/\/duncanshelley.com\/duncan-shelley-2\/","name":"Duncan Shelley - Duncan Shelley K\u00f6nyvesbolt","isPartOf":{"@id":"https:\/\/duncanshelley.com\/#website"},"datePublished":"2021-03-16T16:31:33+00:00","dateModified":"2021-03-17T08:11:52+00:00","breadcrumb":{"@id":"https:\/\/duncanshelley.com\/duncan-shelley-2\/#breadcrumb"},"inLanguage":"en-US","potentialAction":[{"@type":"ReadAction","target":["https:\/\/duncanshelley.com\/duncan-shelley-2\/"]}]},{"@type":"BreadcrumbList","@id":"https:\/\/duncanshelley.com\/duncan-shelley-2\/#breadcrumb","itemListElement":[{"@type":"ListItem","position":1,"name":"Kezd\u0151lap","item":"https:\/\/duncanshelley.com\/"},{"@type":"ListItem","position":2,"name":"Duncan Shelley"}]},{"@type":"WebSite","@id":"https:\/\/duncanshelley.com\/#website","url":"https:\/\/duncanshelley.com\/","name":"Duncan Shelley K\u00f6nyvesbolt","description":"","potentialAction":[{"@type":"SearchAction","target":{"@type":"EntryPoint","urlTemplate":"https:\/\/duncanshelley.com\/?s={search_term_string}"},"query-input":{"@type":"PropertyValueSpecification","valueRequired":true,"valueName":"search_term_string"}}],"inLanguage":"en-US"}]}},"featured_image_src":null,"featured_image_src_square":null,"_links":{"self":[{"href":"https:\/\/duncanshelley.com\/en\/wp-json\/wp\/v2\/pages\/8575","targetHints":{"allow":["GET"]}}],"collection":[{"href":"https:\/\/duncanshelley.com\/en\/wp-json\/wp\/v2\/pages"}],"about":[{"href":"https:\/\/duncanshelley.com\/en\/wp-json\/wp\/v2\/types\/page"}],"author":[{"embeddable":true,"href":"https:\/\/duncanshelley.com\/en\/wp-json\/wp\/v2\/users\/4135"}],"replies":[{"embeddable":true,"href":"https:\/\/duncanshelley.com\/en\/wp-json\/wp\/v2\/comments?post=8575"}],"version-history":[{"count":1,"href":"https:\/\/duncanshelley.com\/en\/wp-json\/wp\/v2\/pages\/8575\/revisions"}],"predecessor-version":[{"id":8576,"href":"https:\/\/duncanshelley.com\/en\/wp-json\/wp\/v2\/pages\/8575\/revisions\/8576"}],"wp:attachment":[{"href":"https:\/\/duncanshelley.com\/en\/wp-json\/wp\/v2\/media?parent=8575"}],"curies":[{"name":"wp","href":"https:\/\/api.w.org\/{rel}","templated":true}]}}